{"id":72314,"date":"2024-01-31T15:46:56","date_gmt":"2024-01-31T15:46:56","guid":{"rendered":"https:\/\/stopcarcinogensatwork.eu\/laer-om-de-grundlaeggende-forebyggelsesstrategier\/"},"modified":"2024-01-31T15:46:56","modified_gmt":"2024-01-31T15:46:56","slug":"laer-om-de-grundlaeggende-forebyggelsesstrategier","status":"publish","type":"page","link":"https:\/\/stopcarcinogensatwork.eu\/da\/laer-om-de-grundlaeggende-forebyggelsesstrategier\/","title":{"rendered":"L\u00e6r om de grundl\u00e6ggende forebyggelsesstrategier"},"content":{"rendered":"<blockquote><p>N\u00e5r der er kr\u00e6ftfremkaldende stoffer p\u00e5 arbejdspladsen, skal arbejdsgiverne g\u00f8re alt, hvad der st\u00e5r i deres magt for at forhindre, at medarbejderne kommer i kontakt med dem. Fremme en sundheds- og sikkerhedskultur p\u00e5 din arbejdsplads! <\/p><\/blockquote>\n<h1>Generel tilgang til risikostyring af kr\u00e6ftfremkaldende stoffer<\/h1>\n<p class=\"p2\"><i>I overensstemmelse med definitionen af &#8220;kr\u00e6ftfremkaldende stof&#8221; i artikel 2 a) i CMR-direktivet.  <\/i><\/p>\n<p>De f\u00f8rste skridt i kampen mod eksponering for kr\u00e6ftfremkaldende stoffer p\u00e5 arbejdspladsen b\u00f8r altid omfatte:<\/p>\n<ul>\n<li>Husk, at der altid skal v\u00e6re minimumsstandarder for arbejdstilrettel\u00e6ggelse og sikkerhedskrav. Det er dog ikke sikkert, at disse er tilstr\u00e6kkelige, og det kan v\u00e6re n\u00f8dvendigt med yderligere foranstaltninger. <\/li>\n<li>Angiv alle anvendte kr\u00e6ftfremkaldende stoffer og deres m\u00e6ngder<\/li>\n<li>Saml deres sikkerhedsdatablade<\/li>\n<li>Beskriv de opgaver, hvor de bruges, og s\u00f8rg for at overveje alle potentielle procesgenererede kr\u00e6ftfremkaldende stoffer.<\/li>\n<li>Identificer arbejdere, der potentielt er udsat for eksponering, og hvor l\u00e6nge.<\/li>\n<li>Overvej alt det ovenst\u00e5ende, n\u00e5r du udarbejder din risikovurdering af arbejdspladsen<\/li>\n<\/ul>\n<p>N\u00e5r du giver instruktioner til dine medarbejdere, s\u00e5 husk det:<\/p>\n<ul>\n<li>Brug altid et enkelt og klart sprog, korte s\u00e6tninger, der g\u00e5r lige til sagen.<\/li>\n<li>Tilstr\u00e6b et rent design i skriftlige instruktioner<\/li>\n<li>Inkluder illustrationer\/skemaer, n\u00e5r det er muligt<\/li>\n<\/ul>\n<h2><strong>S.T.O.P-princippet: Hvad du skal overveje<\/strong><\/h2>\n<p>STOP-princippet beskriver prioritetsr\u00e6kkef\u00f8lgen for beskyttelsesforanstaltninger. Arbejdsgiveren skal overholde denne prioriteringsr\u00e6kkef\u00f8lge, n\u00e5r han fastl\u00e6gger og anvender beskyttelsesforanstaltninger. De enkelte bogstaver S-T-O-P st\u00e5r for forskellige typer beskyttelsesforanstaltninger:  <\/p>\n<p><strong>S &#8230; Substitution<\/strong> &#8211; erstat farlige stoffer med mindre farlige stoffer eller processer. Substitution er altid den f\u00f8rste foranstaltning, man b\u00f8r overveje. <\/p>\n<p><a href=\"https:\/\/stopcarcinogensatwork.eu\/da\/laer-om-de-grundlaeggende-forebyggelsesstrategier\/s-udskiftning\/\">L\u00e6r mere om <strong>substitution<\/strong><\/a><\/p>\n<p><strong>T &#8230; Tekniske foranstaltninger<\/strong> &#8211; fra lukkede systemer til effektivt luftsug &#8211; mange teknikker hj\u00e6lper med at reducere eksponeringen for kr\u00e6ftfremkaldende stoffer dramatisk.<\/p>\n<p><a href=\"https:\/\/stopcarcinogensatwork.eu\/da\/laer-om-de-grundlaeggende-forebyggelsesstrategier\/t-tekniske-foranstaltninger\/\">F\u00e5 mere at vide om <strong>tekniske foranstaltninger<\/strong><\/a><\/p>\n<p><strong>O &#8230; Organisatoriske foranstaltninger<\/strong> &#8211; kan best\u00e5 af interne politikker og\/eller organisatoriske metoder. Disse foranstaltninger b\u00f8r kun bruges til at give ekstra beskyttelse. De b\u00f8r ogs\u00e5 overvejes i n\u00f8dsituationer og for medarbejdere, der udf\u00f8rer regelm\u00e6ssigt reng\u00f8rings- og vedligeholdelsesarbejde.  <\/p>\n<p><a href=\"https:\/\/stopcarcinogensatwork.eu\/da\/laer-om-de-grundlaeggende-forebyggelsesstrategier\/o-organisatoriske-foranstaltninger\/\">L\u00e6r mere om <strong>organisatoriske tiltag<\/strong><\/a><\/p>\n<p><strong>P &#8230; Personlig beskyttelse<\/strong> &#8211; nogle gange er substitution ikke mulig, og tekniske og organisatoriske foranstaltninger er ikke nok. S\u00e5 er du n\u00f8dt til at bruge personlig beskyttelse. <\/p>\n<p><a href=\"https:\/\/stopcarcinogensatwork.eu\/da\/laer-om-de-grundlaeggende-forebyggelsesstrategier\/p-personlig-beskyttelse\/\">F\u00e5 mere at vide om <strong>personlig beskyttelse<\/strong><\/a><\/p>\n","protected":false},"excerpt":{"rendered":"<p>N\u00e5r der er kr\u00e6ftfremkaldende stoffer p\u00e5 arbejdspladsen, skal arbejdsgiverne g\u00f8re alt, hvad der st\u00e5r i deres magt for at forhindre, at medarbejderne kommer i kontakt med dem. Fremme en sundheds- og sikkerhedskultur p\u00e5 din arbejdsplads! Generel tilgang til risikostyring af kr\u00e6ftfremkaldende stoffer I overensstemmelse med definitionen af &#8220;kr\u00e6ftfremkaldende stof&#8221; i artikel 2 a) i CMR-direktivet. [&hellip;]<\/p>\n","protected":false},"author":1,"featured_media":72315,"parent":0,"menu_order":0,"comment_status":"closed","ping_status":"closed","template":"","meta":{"inline_featured_image":false,"footnotes":""},"class_list":["post-72314","page","type-page","status-publish","hentry"],"yoast_head":"<!-- This site is optimized with the Yoast SEO Premium plugin v27.0 (Yoast SEO v27.4) - https:\/\/yoast.com\/product\/yoast-seo-premium-wordpress\/ -->\n<title>Stop kr\u00e6ftfremkaldende stoffer p\u00e5 arbejdspladsen: Essential Steps for Workplace Safety - STOP carcinogens at work<\/title>\n<meta name=\"description\" content=\"STOP-princippet beskriver prioritetsr\u00e6kkef\u00f8lgen for beskyttelsesforanstaltninger, n\u00e5r man fastl\u00e6gger og anvender beskyttelsesforanstaltninger.\" \/>\n<meta name=\"robots\" content=\"index, follow, max-snippet:-1, max-image-preview:large, max-video-preview:-1\" \/>\n<link rel=\"canonical\" href=\"https:\/\/stopcarcinogensatwork.eu\/da\/laer-om-de-grundlaeggende-forebyggelsesstrategier\/\" \/>\n<meta property=\"og:locale\" content=\"da_DK\" \/>\n<meta property=\"og:type\" content=\"article\" \/>\n<meta property=\"og:title\" content=\"L\u00e6r om de grundl\u00e6ggende forebyggelsesstrategier\" \/>\n<meta property=\"og:description\" content=\"STOP-princippet beskriver prioritetsr\u00e6kkef\u00f8lgen for beskyttelsesforanstaltninger, n\u00e5r man fastl\u00e6gger og anvender beskyttelsesforanstaltninger.\" \/>\n<meta property=\"og:url\" content=\"https:\/\/stopcarcinogensatwork.eu\/da\/laer-om-de-grundlaeggende-forebyggelsesstrategier\/\" \/>\n<meta property=\"og:site_name\" content=\"STOP carcinogens at work\" \/>\n<meta property=\"og:image\" content=\"https:\/\/stopcarcinogensatwork.eu\/wp-content\/uploads\/2024\/08\/Stop-Carcinogens-at-Work-icon-1-scaled.png\" \/>\n\t<meta property=\"og:image:width\" content=\"2560\" \/>\n\t<meta property=\"og:image:height\" content=\"2141\" \/>\n\t<meta property=\"og:image:type\" content=\"image\/png\" \/>\n<meta name=\"twitter:card\" content=\"summary_large_image\" \/>\n<meta name=\"twitter:label1\" content=\"Estimeret l\u00e6setid\" \/>\n\t<meta name=\"twitter:data1\" content=\"2 minutter\" \/>\n<script type=\"application\/ld+json\" class=\"yoast-schema-graph\">{\"@context\":\"https:\\\/\\\/schema.org\",\"@graph\":[{\"@type\":\"WebPage\",\"@id\":\"https:\\\/\\\/stopcarcinogensatwork.eu\\\/da\\\/laer-om-de-grundlaeggende-forebyggelsesstrategier\\\/\",\"url\":\"https:\\\/\\\/stopcarcinogensatwork.eu\\\/da\\\/laer-om-de-grundlaeggende-forebyggelsesstrategier\\\/\",\"name\":\"Stop kr\u00e6ftfremkaldende stoffer p\u00e5 arbejdspladsen: Essential Steps for Workplace Safety - STOP carcinogens at work\",\"isPartOf\":{\"@id\":\"https:\\\/\\\/stopcarcinogensatwork.eu\\\/da\\\/#website\"},\"primaryImageOfPage\":{\"@id\":\"https:\\\/\\\/stopcarcinogensatwork.eu\\\/da\\\/laer-om-de-grundlaeggende-forebyggelsesstrategier\\\/#primaryimage\"},\"image\":{\"@id\":\"https:\\\/\\\/stopcarcinogensatwork.eu\\\/da\\\/laer-om-de-grundlaeggende-forebyggelsesstrategier\\\/#primaryimage\"},\"thumbnailUrl\":\"https:\\\/\\\/stopcarcinogensatwork.eu\\\/wp-content\\\/uploads\\\/2024\\\/08\\\/Stop-Carcinogens-at-Work-icon-1-scaled.png\",\"datePublished\":\"2024-01-31T15:46:56+00:00\",\"description\":\"STOP-princippet beskriver prioritetsr\u00e6kkef\u00f8lgen for beskyttelsesforanstaltninger, n\u00e5r man fastl\u00e6gger og anvender beskyttelsesforanstaltninger.\",\"breadcrumb\":{\"@id\":\"https:\\\/\\\/stopcarcinogensatwork.eu\\\/da\\\/laer-om-de-grundlaeggende-forebyggelsesstrategier\\\/#breadcrumb\"},\"inLanguage\":\"da-DK\",\"potentialAction\":[{\"@type\":\"ReadAction\",\"target\":[\"https:\\\/\\\/stopcarcinogensatwork.eu\\\/da\\\/laer-om-de-grundlaeggende-forebyggelsesstrategier\\\/\"]}]},{\"@type\":\"ImageObject\",\"inLanguage\":\"da-DK\",\"@id\":\"https:\\\/\\\/stopcarcinogensatwork.eu\\\/da\\\/laer-om-de-grundlaeggende-forebyggelsesstrategier\\\/#primaryimage\",\"url\":\"https:\\\/\\\/stopcarcinogensatwork.eu\\\/wp-content\\\/uploads\\\/2024\\\/08\\\/Stop-Carcinogens-at-Work-icon-1-scaled.png\",\"contentUrl\":\"https:\\\/\\\/stopcarcinogensatwork.eu\\\/wp-content\\\/uploads\\\/2024\\\/08\\\/Stop-Carcinogens-at-Work-icon-1-scaled.png\",\"width\":2560,\"height\":2141},{\"@type\":\"BreadcrumbList\",\"@id\":\"https:\\\/\\\/stopcarcinogensatwork.eu\\\/da\\\/laer-om-de-grundlaeggende-forebyggelsesstrategier\\\/#breadcrumb\",\"itemListElement\":[{\"@type\":\"ListItem\",\"position\":1,\"name\":\"Home\",\"item\":\"https:\\\/\\\/stopcarcinogensatwork.eu\\\/da\\\/stop-kraeftfremkaldende-stoffer-paa-arbejdet\\\/\"},{\"@type\":\"ListItem\",\"position\":2,\"name\":\"L\u00e6r om de grundl\u00e6ggende forebyggelsesstrategier\"}]},{\"@type\":\"WebSite\",\"@id\":\"https:\\\/\\\/stopcarcinogensatwork.eu\\\/da\\\/#website\",\"url\":\"https:\\\/\\\/stopcarcinogensatwork.eu\\\/da\\\/\",\"name\":\"STOP Carcinogens at work\",\"description\":\"Every year, about 100.000 people die from cancer that was caused by exposure to carcinogens at work in Europe.\",\"publisher\":{\"@id\":\"https:\\\/\\\/stopcarcinogensatwork.eu\\\/da\\\/#organization\"},\"alternateName\":\"Roadmap on Carcinogens\",\"potentialAction\":[{\"@type\":\"SearchAction\",\"target\":{\"@type\":\"EntryPoint\",\"urlTemplate\":\"https:\\\/\\\/stopcarcinogensatwork.eu\\\/da\\\/?s={search_term_string}\"},\"query-input\":{\"@type\":\"PropertyValueSpecification\",\"valueRequired\":true,\"valueName\":\"search_term_string\"}}],\"inLanguage\":\"da-DK\"},{\"@type\":\"Organization\",\"@id\":\"https:\\\/\\\/stopcarcinogensatwork.eu\\\/da\\\/#organization\",\"name\":\"TNO\",\"alternateName\":\"This is a European wide voluntary action scheme\",\"url\":\"https:\\\/\\\/stopcarcinogensatwork.eu\\\/da\\\/\",\"logo\":{\"@type\":\"ImageObject\",\"inLanguage\":\"da-DK\",\"@id\":\"https:\\\/\\\/stopcarcinogensatwork.eu\\\/da\\\/#\\\/schema\\\/logo\\\/image\\\/\",\"url\":\"https:\\\/\\\/stopcarcinogensatwork.eu\\\/wp-content\\\/uploads\\\/2024\\\/08\\\/cropped-FavLarge-1.png\",\"contentUrl\":\"https:\\\/\\\/stopcarcinogensatwork.eu\\\/wp-content\\\/uploads\\\/2024\\\/08\\\/cropped-FavLarge-1.png\",\"width\":512,\"height\":512,\"caption\":\"TNO\"},\"image\":{\"@id\":\"https:\\\/\\\/stopcarcinogensatwork.eu\\\/da\\\/#\\\/schema\\\/logo\\\/image\\\/\"},\"publishingPrinciples\":\"https:\\\/\\\/stopcarcinogensatwork.eu\\\/homepage\\\/legal\\\/\",\"ownershipFundingInfo\":\"https:\\\/\\\/stopcarcinogensatwork.eu\\\/general\\\/about-us\\\/\"}]}<\/script>\n<!-- \/ Yoast SEO Premium plugin. -->","yoast_head_json":{"title":"Stop kr\u00e6ftfremkaldende stoffer p\u00e5 arbejdspladsen: Essential Steps for Workplace Safety - STOP carcinogens at work","description":"STOP-princippet beskriver prioritetsr\u00e6kkef\u00f8lgen for beskyttelsesforanstaltninger, n\u00e5r man fastl\u00e6gger og anvender beskyttelsesforanstaltninger.","robots":{"index":"index","follow":"follow","max-snippet":"max-snippet:-1","max-image-preview":"max-image-preview:large","max-video-preview":"max-video-preview:-1"},"canonical":"https:\/\/stopcarcinogensatwork.eu\/da\/laer-om-de-grundlaeggende-forebyggelsesstrategier\/","og_locale":"da_DK","og_type":"article","og_title":"L\u00e6r om de grundl\u00e6ggende forebyggelsesstrategier","og_description":"STOP-princippet beskriver prioritetsr\u00e6kkef\u00f8lgen for beskyttelsesforanstaltninger, n\u00e5r man fastl\u00e6gger og anvender beskyttelsesforanstaltninger.","og_url":"https:\/\/stopcarcinogensatwork.eu\/da\/laer-om-de-grundlaeggende-forebyggelsesstrategier\/","og_site_name":"STOP carcinogens at work","og_image":[{"width":2560,"height":2141,"url":"https:\/\/stopcarcinogensatwork.eu\/wp-content\/uploads\/2024\/08\/Stop-Carcinogens-at-Work-icon-1-scaled.png","type":"image\/png"}],"twitter_card":"summary_large_image","twitter_misc":{"Estimeret l\u00e6setid":"2 minutter"},"schema":{"@context":"https:\/\/schema.org","@graph":[{"@type":"WebPage","@id":"https:\/\/stopcarcinogensatwork.eu\/da\/laer-om-de-grundlaeggende-forebyggelsesstrategier\/","url":"https:\/\/stopcarcinogensatwork.eu\/da\/laer-om-de-grundlaeggende-forebyggelsesstrategier\/","name":"Stop kr\u00e6ftfremkaldende stoffer p\u00e5 arbejdspladsen: Essential Steps for Workplace Safety - STOP carcinogens at work","isPartOf":{"@id":"https:\/\/stopcarcinogensatwork.eu\/da\/#website"},"primaryImageOfPage":{"@id":"https:\/\/stopcarcinogensatwork.eu\/da\/laer-om-de-grundlaeggende-forebyggelsesstrategier\/#primaryimage"},"image":{"@id":"https:\/\/stopcarcinogensatwork.eu\/da\/laer-om-de-grundlaeggende-forebyggelsesstrategier\/#primaryimage"},"thumbnailUrl":"https:\/\/stopcarcinogensatwork.eu\/wp-content\/uploads\/2024\/08\/Stop-Carcinogens-at-Work-icon-1-scaled.png","datePublished":"2024-01-31T15:46:56+00:00","description":"STOP-princippet beskriver prioritetsr\u00e6kkef\u00f8lgen for beskyttelsesforanstaltninger, n\u00e5r man fastl\u00e6gger og anvender beskyttelsesforanstaltninger.","breadcrumb":{"@id":"https:\/\/stopcarcinogensatwork.eu\/da\/laer-om-de-grundlaeggende-forebyggelsesstrategier\/#breadcrumb"},"inLanguage":"da-DK","potentialAction":[{"@type":"ReadAction","target":["https:\/\/stopcarcinogensatwork.eu\/da\/laer-om-de-grundlaeggende-forebyggelsesstrategier\/"]}]},{"@type":"ImageObject","inLanguage":"da-DK","@id":"https:\/\/stopcarcinogensatwork.eu\/da\/laer-om-de-grundlaeggende-forebyggelsesstrategier\/#primaryimage","url":"https:\/\/stopcarcinogensatwork.eu\/wp-content\/uploads\/2024\/08\/Stop-Carcinogens-at-Work-icon-1-scaled.png","contentUrl":"https:\/\/stopcarcinogensatwork.eu\/wp-content\/uploads\/2024\/08\/Stop-Carcinogens-at-Work-icon-1-scaled.png","width":2560,"height":2141},{"@type":"BreadcrumbList","@id":"https:\/\/stopcarcinogensatwork.eu\/da\/laer-om-de-grundlaeggende-forebyggelsesstrategier\/#breadcrumb","itemListElement":[{"@type":"ListItem","position":1,"name":"Home","item":"https:\/\/stopcarcinogensatwork.eu\/da\/stop-kraeftfremkaldende-stoffer-paa-arbejdet\/"},{"@type":"ListItem","position":2,"name":"L\u00e6r om de grundl\u00e6ggende forebyggelsesstrategier"}]},{"@type":"WebSite","@id":"https:\/\/stopcarcinogensatwork.eu\/da\/#website","url":"https:\/\/stopcarcinogensatwork.eu\/da\/","name":"STOP Carcinogens at work","description":"Every year, about 100.000 people die from cancer that was caused by exposure to carcinogens at work in Europe.","publisher":{"@id":"https:\/\/stopcarcinogensatwork.eu\/da\/#organization"},"alternateName":"Roadmap on Carcinogens","potentialAction":[{"@type":"SearchAction","target":{"@type":"EntryPoint","urlTemplate":"https:\/\/stopcarcinogensatwork.eu\/da\/?s={search_term_string}"},"query-input":{"@type":"PropertyValueSpecification","valueRequired":true,"valueName":"search_term_string"}}],"inLanguage":"da-DK"},{"@type":"Organization","@id":"https:\/\/stopcarcinogensatwork.eu\/da\/#organization","name":"TNO","alternateName":"This is a European wide voluntary action scheme","url":"https:\/\/stopcarcinogensatwork.eu\/da\/","logo":{"@type":"ImageObject","inLanguage":"da-DK","@id":"https:\/\/stopcarcinogensatwork.eu\/da\/#\/schema\/logo\/image\/","url":"https:\/\/stopcarcinogensatwork.eu\/wp-content\/uploads\/2024\/08\/cropped-FavLarge-1.png","contentUrl":"https:\/\/stopcarcinogensatwork.eu\/wp-content\/uploads\/2024\/08\/cropped-FavLarge-1.png","width":512,"height":512,"caption":"TNO"},"image":{"@id":"https:\/\/stopcarcinogensatwork.eu\/da\/#\/schema\/logo\/image\/"},"publishingPrinciples":"https:\/\/stopcarcinogensatwork.eu\/homepage\/legal\/","ownershipFundingInfo":"https:\/\/stopcarcinogensatwork.eu\/general\/about-us\/"}]}},"_links":{"self":[{"href":"https:\/\/stopcarcinogensatwork.eu\/da\/wp-json\/wp\/v2\/pages\/72314","targetHints":{"allow":["GET"]}}],"collection":[{"href":"https:\/\/stopcarcinogensatwork.eu\/da\/wp-json\/wp\/v2\/pages"}],"about":[{"href":"https:\/\/stopcarcinogensatwork.eu\/da\/wp-json\/wp\/v2\/types\/page"}],"author":[{"embeddable":true,"href":"https:\/\/stopcarcinogensatwork.eu\/da\/wp-json\/wp\/v2\/users\/1"}],"replies":[{"embeddable":true,"href":"https:\/\/stopcarcinogensatwork.eu\/da\/wp-json\/wp\/v2\/comments?post=72314"}],"version-history":[{"count":0,"href":"https:\/\/stopcarcinogensatwork.eu\/da\/wp-json\/wp\/v2\/pages\/72314\/revisions"}],"wp:featuredmedia":[{"embeddable":true,"href":"https:\/\/stopcarcinogensatwork.eu\/da\/wp-json\/wp\/v2\/media\/72315"}],"wp:attachment":[{"href":"https:\/\/stopcarcinogensatwork.eu\/da\/wp-json\/wp\/v2\/media?parent=72314"}],"curies":[{"name":"wp","href":"https:\/\/api.w.org\/{rel}","templated":true}]}}