{"id":72316,"date":"2024-02-17T16:45:26","date_gmt":"2024-02-17T16:45:26","guid":{"rendered":"https:\/\/stopcarcinogensatwork.eu\/laer-om-de-grundlaeggende-forebyggelsesstrategier\/t-tekniske-foranstaltninger\/"},"modified":"2024-02-17T16:45:26","modified_gmt":"2024-02-17T16:45:26","slug":"t-tekniske-foranstaltninger","status":"publish","type":"page","link":"https:\/\/stopcarcinogensatwork.eu\/da\/laer-om-de-grundlaeggende-forebyggelsesstrategier\/t-tekniske-foranstaltninger\/","title":{"rendered":"T &#8211; Tekniske foranstaltninger"},"content":{"rendered":"<blockquote><p>STOP f\u00f8lger et kontrolhierarki. For kr\u00e6ftfremkaldende stoffer er et trin ned i hierarkiet kun tilladt, n\u00e5r tekniske begr\u00e6nsninger forhindrer dig i at eliminere eksponeringen helt. Her vil vi fokusere p\u00e5 det andet niveau, T for tekniske foranstaltninger. Overvej S f\u00f8r T. Bem\u00e6rk ogs\u00e5, at der kan anvendes en kombination af foranstaltninger.   <\/p><\/blockquote>\n<p>Tekniske foranstaltninger omfatter mekanisk udstyr eller processer, der eliminerer eller minimerer eksponeringen for kr\u00e6ftfremkaldende stoffer. Disse tekniske foranstaltninger kan omfatte indkapsling, brug af ventilation og\/eller automatisering af processer. <\/p>\n<p>Hvad skal man overveje, n\u00e5r man vurderer, hvilke(n) foranstaltning(er) der skal gennemf\u00f8res:<\/p>\n<ul>\n<li>Identificer alle tekniske l\u00f8sninger (f.eks. indkapsling eller ventilation), der allerede er p\u00e5 plads, og vurder deres effektivitet (inkl. vedligeholdelsesplaner).<\/li>\n<li>Overvej om n\u00f8dvendigt andre tilg\u00e6ngelige tekniske l\u00f8sninger, der kan forbedre kontrollen: F\u00e5 en beskrivelse af l\u00f8sningen, dens egnethed og effektivitet.<\/li>\n<li>Overvej den mulige kombinerede effekt af de tekniske l\u00f8sninger<\/li>\n<li>S\u00f8rg for at bede udstyrsleverand\u00f8ren om brugervejledningen<\/li>\n<li>S\u00f8rg for, at dine medarbejdere (herunder reng\u00f8rings- og vedligeholdelsesarbejdere) f\u00e5r tilstr\u00e6kkelig uddannelse i de tekniske foranstaltninger, der er p\u00e5 plads.<\/li>\n<li>Giv klare instruktioner til arbejderne om, hvordan de skal bruge de tekniske foranstaltninger korrekt: med illustrationer, hvis det er muligt.<\/li>\n<\/ul>\n<h2>Nogle tekniske foranstaltninger at overveje<\/h2>\n<p>N\u00e5r man fastl\u00e6gger og anvender de bedste tekniske foranstaltninger, skal man altid huske at tage hensyn til arbejdspladsens s\u00e6rlige forhold (f.eks. lokaler med permanent ventilationsudstyr, udend\u00f8rs installationer).<\/p>\n<p>Der findes en r\u00e6kke forskellige tekniske foranstaltninger, som kan anvendes afh\u00e6ngigt af forholdene p\u00e5 arbejdspladsen. Denne folder giver en bred vifte af eksempler, idet vi holder os for \u00f8je, at der kan v\u00e6re andre mulige l\u00f8sninger. <\/p>\n<h3>Lukkede systemer<\/h3>\n<p>Lukkede systemer er en meget effektiv teknisk beskyttelsesforanstaltning. Lukkede systemer kan omfatte indkapsling, integrerede udsugningssystemer som en integreret teknisk del af arbejdsudstyret eller meget effektive udsugningssystemer. <\/p>\n<h3>Indeslutning<\/h3>\n<p>Delvist lukkede systemer giver adgang til processen, men forhindrer samtidig frigivelse af et kr\u00e6ftfremkaldende stof eller minimerer eksponeringen. Disse systemer kombineres normalt med udsugningssystemer eller luftstr\u00f8mssystemer, f.eks. ventilerede arbejdsborde, stinkskabe. <\/p>\n<h3>Ventilation<\/h3>\n<p>Vurder effektiviteten af det ventilationssystem, du m\u00e5ske allerede har, og om arbejdspladsens struktur g\u00f8r det muligt at implementere et nyt ventilationssystem.<\/p>\n<p>For at finde effektiv ventilation kan nedenst\u00e5ende muligheder bruges enten hver for sig eller i kombination:<\/p>\n<ol>\n<li>Naturlig fortyndingsventilation<\/li>\n<li>Mekanisk fortyndingsventilation<\/li>\n<li>Mekanisk udst\u00f8dningsventilation<\/li>\n<\/ol>\n<p>Kontakt leverand\u00f8rer for at f\u00e5 tekniske specifikationer for forskellige ventilationssystemer.<\/p>\n<h3>Brug af forskellige arbejdsmetoder<\/h3>\n<p>\u00c6ndring af arbejdsmetoder kan ogs\u00e5 v\u00e6re en mulighed for at reducere arbejdseksponering gennem v\u00e6skespr\u00f8jt eller st\u00f8vdannelse. Man kan overveje en r\u00e6kke alternative metoder, f.eks. at pumpe i stedet for at h\u00e6lde, st\u00f8vsuge eller anvende befugtningssystemer i stedet for at feje. <\/p>\n<h3>Brug af det kr\u00e6ftfremkaldende stof i en anden form<\/h3>\n<p>Den fysiske form af det kr\u00e6ftfremkaldende stof kan ogs\u00e5 tages i betragtning, n\u00e5r man beslutter, hvilke tekniske foranstaltninger der skal gennemf\u00f8res. Pulver er mere tilb\u00f8jelige til h\u00f8jere eksponeringsniveauer, s\u00e5 en komprimeret form (som en pille eller en tablet) eller en gel kan s\u00e6nke arbejdstagerens eksponering. Vurder muligheden for at bruge det kr\u00e6ftfremkaldende stof i en form, der kan f\u00f8re til mindre eksponering.  <\/p>\n<p>Den m\u00e5de, det kr\u00e6ftfremkaldende stof er pakket p\u00e5, kan have indflydelse p\u00e5 eksponeringsniveauet. Hvis man f.eks. bruger opl\u00f8selig emballage eller reducerer dens st\u00f8rrelse, kan det reducere eksponeringen. <\/p>\n","protected":false},"excerpt":{"rendered":"<p>STOP f\u00f8lger et kontrolhierarki. For kr\u00e6ftfremkaldende stoffer er et trin ned i hierarkiet kun tilladt, n\u00e5r tekniske begr\u00e6nsninger forhindrer dig i at eliminere eksponeringen helt. Her vil vi fokusere p\u00e5 det andet niveau, T for tekniske foranstaltninger. Overvej S f\u00f8r T. Bem\u00e6rk ogs\u00e5, at der kan anvendes en kombination af foranstaltninger. Tekniske foranstaltninger omfatter mekanisk [&hellip;]<\/p>\n","protected":false},"author":1,"featured_media":0,"parent":72314,"menu_order":0,"comment_status":"closed","ping_status":"closed","template":"","meta":{"inline_featured_image":false,"footnotes":""},"class_list":["post-72316","page","type-page","status-publish","hentry"],"yoast_head":"<!-- This site is optimized with the Yoast SEO Premium plugin v27.0 (Yoast SEO v27.4) - https:\/\/yoast.com\/product\/yoast-seo-premium-wordpress\/ -->\n<title>T - Tekniske foranstaltninger - STOP carcinogens at work<\/title>\n<meta name=\"description\" content=\"Every year, more than 100.000 people die in the EU from cancer caused by carcinogens at work. This must STOP!\" \/>\n<meta name=\"robots\" content=\"index, follow, max-snippet:-1, max-image-preview:large, max-video-preview:-1\" \/>\n<link rel=\"canonical\" href=\"https:\/\/stopcarcinogensatwork.eu\/da\/laer-om-de-grundlaeggende-forebyggelsesstrategier\/t-tekniske-foranstaltninger\/\" \/>\n<meta property=\"og:locale\" content=\"da_DK\" \/>\n<meta property=\"og:type\" content=\"article\" \/>\n<meta property=\"og:title\" content=\"T - Tekniske foranstaltninger\" \/>\n<meta property=\"og:description\" content=\"Every year, more than 100.000 people die in the EU from cancer caused by carcinogens at work. This must STOP!\" \/>\n<meta property=\"og:url\" content=\"https:\/\/stopcarcinogensatwork.eu\/da\/laer-om-de-grundlaeggende-forebyggelsesstrategier\/t-tekniske-foranstaltninger\/\" \/>\n<meta property=\"og:site_name\" content=\"STOP carcinogens at work\" \/>\n<meta name=\"twitter:card\" content=\"summary_large_image\" \/>\n<meta name=\"twitter:label1\" content=\"Estimeret l\u00e6setid\" \/>\n\t<meta name=\"twitter:data1\" content=\"3 minutter\" \/>\n<script type=\"application\/ld+json\" class=\"yoast-schema-graph\">{\"@context\":\"https:\\\/\\\/schema.org\",\"@graph\":[{\"@type\":\"WebPage\",\"@id\":\"https:\\\/\\\/stopcarcinogensatwork.eu\\\/da\\\/laer-om-de-grundlaeggende-forebyggelsesstrategier\\\/t-tekniske-foranstaltninger\\\/\",\"url\":\"https:\\\/\\\/stopcarcinogensatwork.eu\\\/da\\\/laer-om-de-grundlaeggende-forebyggelsesstrategier\\\/t-tekniske-foranstaltninger\\\/\",\"name\":\"T - Tekniske foranstaltninger - STOP carcinogens at work\",\"isPartOf\":{\"@id\":\"https:\\\/\\\/stopcarcinogensatwork.eu\\\/da\\\/#website\"},\"datePublished\":\"2024-02-17T16:45:26+00:00\",\"description\":\"Every year, more than 100.000 people die in the EU from cancer caused by carcinogens at work. This must STOP!\",\"breadcrumb\":{\"@id\":\"https:\\\/\\\/stopcarcinogensatwork.eu\\\/da\\\/laer-om-de-grundlaeggende-forebyggelsesstrategier\\\/t-tekniske-foranstaltninger\\\/#breadcrumb\"},\"inLanguage\":\"da-DK\",\"potentialAction\":[{\"@type\":\"ReadAction\",\"target\":[\"https:\\\/\\\/stopcarcinogensatwork.eu\\\/da\\\/laer-om-de-grundlaeggende-forebyggelsesstrategier\\\/t-tekniske-foranstaltninger\\\/\"]}]},{\"@type\":\"BreadcrumbList\",\"@id\":\"https:\\\/\\\/stopcarcinogensatwork.eu\\\/da\\\/laer-om-de-grundlaeggende-forebyggelsesstrategier\\\/t-tekniske-foranstaltninger\\\/#breadcrumb\",\"itemListElement\":[{\"@type\":\"ListItem\",\"position\":1,\"name\":\"Home\",\"item\":\"https:\\\/\\\/stopcarcinogensatwork.eu\\\/da\\\/stop-kraeftfremkaldende-stoffer-paa-arbejdet\\\/\"},{\"@type\":\"ListItem\",\"position\":2,\"name\":\"L\u00e6r om de grundl\u00e6ggende forebyggelsesstrategier\",\"item\":\"https:\\\/\\\/stopcarcinogensatwork.eu\\\/da\\\/laer-om-de-grundlaeggende-forebyggelsesstrategier\\\/\"},{\"@type\":\"ListItem\",\"position\":3,\"name\":\"T &#8211; Tekniske foranstaltninger\"}]},{\"@type\":\"WebSite\",\"@id\":\"https:\\\/\\\/stopcarcinogensatwork.eu\\\/da\\\/#website\",\"url\":\"https:\\\/\\\/stopcarcinogensatwork.eu\\\/da\\\/\",\"name\":\"STOP Carcinogens at work\",\"description\":\"Every year, about 100.000 people die from cancer that was caused by exposure to carcinogens at work in Europe.\",\"publisher\":{\"@id\":\"https:\\\/\\\/stopcarcinogensatwork.eu\\\/da\\\/#organization\"},\"alternateName\":\"Roadmap on Carcinogens\",\"potentialAction\":[{\"@type\":\"SearchAction\",\"target\":{\"@type\":\"EntryPoint\",\"urlTemplate\":\"https:\\\/\\\/stopcarcinogensatwork.eu\\\/da\\\/?s={search_term_string}\"},\"query-input\":{\"@type\":\"PropertyValueSpecification\",\"valueRequired\":true,\"valueName\":\"search_term_string\"}}],\"inLanguage\":\"da-DK\"},{\"@type\":\"Organization\",\"@id\":\"https:\\\/\\\/stopcarcinogensatwork.eu\\\/da\\\/#organization\",\"name\":\"TNO\",\"alternateName\":\"This is a European wide voluntary action scheme\",\"url\":\"https:\\\/\\\/stopcarcinogensatwork.eu\\\/da\\\/\",\"logo\":{\"@type\":\"ImageObject\",\"inLanguage\":\"da-DK\",\"@id\":\"https:\\\/\\\/stopcarcinogensatwork.eu\\\/da\\\/#\\\/schema\\\/logo\\\/image\\\/\",\"url\":\"https:\\\/\\\/stopcarcinogensatwork.eu\\\/wp-content\\\/uploads\\\/2024\\\/08\\\/cropped-FavLarge-1.png\",\"contentUrl\":\"https:\\\/\\\/stopcarcinogensatwork.eu\\\/wp-content\\\/uploads\\\/2024\\\/08\\\/cropped-FavLarge-1.png\",\"width\":512,\"height\":512,\"caption\":\"TNO\"},\"image\":{\"@id\":\"https:\\\/\\\/stopcarcinogensatwork.eu\\\/da\\\/#\\\/schema\\\/logo\\\/image\\\/\"},\"publishingPrinciples\":\"https:\\\/\\\/stopcarcinogensatwork.eu\\\/homepage\\\/legal\\\/\",\"ownershipFundingInfo\":\"https:\\\/\\\/stopcarcinogensatwork.eu\\\/general\\\/about-us\\\/\"}]}<\/script>\n<!-- \/ Yoast SEO Premium plugin. -->","yoast_head_json":{"title":"T - Tekniske foranstaltninger - STOP carcinogens at work","description":"Every year, more than 100.000 people die in the EU from cancer caused by carcinogens at work. This must STOP!","robots":{"index":"index","follow":"follow","max-snippet":"max-snippet:-1","max-image-preview":"max-image-preview:large","max-video-preview":"max-video-preview:-1"},"canonical":"https:\/\/stopcarcinogensatwork.eu\/da\/laer-om-de-grundlaeggende-forebyggelsesstrategier\/t-tekniske-foranstaltninger\/","og_locale":"da_DK","og_type":"article","og_title":"T - Tekniske foranstaltninger","og_description":"Every year, more than 100.000 people die in the EU from cancer caused by carcinogens at work. This must STOP!","og_url":"https:\/\/stopcarcinogensatwork.eu\/da\/laer-om-de-grundlaeggende-forebyggelsesstrategier\/t-tekniske-foranstaltninger\/","og_site_name":"STOP carcinogens at work","twitter_card":"summary_large_image","twitter_misc":{"Estimeret l\u00e6setid":"3 minutter"},"schema":{"@context":"https:\/\/schema.org","@graph":[{"@type":"WebPage","@id":"https:\/\/stopcarcinogensatwork.eu\/da\/laer-om-de-grundlaeggende-forebyggelsesstrategier\/t-tekniske-foranstaltninger\/","url":"https:\/\/stopcarcinogensatwork.eu\/da\/laer-om-de-grundlaeggende-forebyggelsesstrategier\/t-tekniske-foranstaltninger\/","name":"T - Tekniske foranstaltninger - STOP carcinogens at work","isPartOf":{"@id":"https:\/\/stopcarcinogensatwork.eu\/da\/#website"},"datePublished":"2024-02-17T16:45:26+00:00","description":"Every year, more than 100.000 people die in the EU from cancer caused by carcinogens at work. This must STOP!","breadcrumb":{"@id":"https:\/\/stopcarcinogensatwork.eu\/da\/laer-om-de-grundlaeggende-forebyggelsesstrategier\/t-tekniske-foranstaltninger\/#breadcrumb"},"inLanguage":"da-DK","potentialAction":[{"@type":"ReadAction","target":["https:\/\/stopcarcinogensatwork.eu\/da\/laer-om-de-grundlaeggende-forebyggelsesstrategier\/t-tekniske-foranstaltninger\/"]}]},{"@type":"BreadcrumbList","@id":"https:\/\/stopcarcinogensatwork.eu\/da\/laer-om-de-grundlaeggende-forebyggelsesstrategier\/t-tekniske-foranstaltninger\/#breadcrumb","itemListElement":[{"@type":"ListItem","position":1,"name":"Home","item":"https:\/\/stopcarcinogensatwork.eu\/da\/stop-kraeftfremkaldende-stoffer-paa-arbejdet\/"},{"@type":"ListItem","position":2,"name":"L\u00e6r om de grundl\u00e6ggende forebyggelsesstrategier","item":"https:\/\/stopcarcinogensatwork.eu\/da\/laer-om-de-grundlaeggende-forebyggelsesstrategier\/"},{"@type":"ListItem","position":3,"name":"T &#8211; Tekniske foranstaltninger"}]},{"@type":"WebSite","@id":"https:\/\/stopcarcinogensatwork.eu\/da\/#website","url":"https:\/\/stopcarcinogensatwork.eu\/da\/","name":"STOP Carcinogens at work","description":"Every year, about 100.000 people die from cancer that was caused by exposure to carcinogens at work in Europe.","publisher":{"@id":"https:\/\/stopcarcinogensatwork.eu\/da\/#organization"},"alternateName":"Roadmap on Carcinogens","potentialAction":[{"@type":"SearchAction","target":{"@type":"EntryPoint","urlTemplate":"https:\/\/stopcarcinogensatwork.eu\/da\/?s={search_term_string}"},"query-input":{"@type":"PropertyValueSpecification","valueRequired":true,"valueName":"search_term_string"}}],"inLanguage":"da-DK"},{"@type":"Organization","@id":"https:\/\/stopcarcinogensatwork.eu\/da\/#organization","name":"TNO","alternateName":"This is a European wide voluntary action scheme","url":"https:\/\/stopcarcinogensatwork.eu\/da\/","logo":{"@type":"ImageObject","inLanguage":"da-DK","@id":"https:\/\/stopcarcinogensatwork.eu\/da\/#\/schema\/logo\/image\/","url":"https:\/\/stopcarcinogensatwork.eu\/wp-content\/uploads\/2024\/08\/cropped-FavLarge-1.png","contentUrl":"https:\/\/stopcarcinogensatwork.eu\/wp-content\/uploads\/2024\/08\/cropped-FavLarge-1.png","width":512,"height":512,"caption":"TNO"},"image":{"@id":"https:\/\/stopcarcinogensatwork.eu\/da\/#\/schema\/logo\/image\/"},"publishingPrinciples":"https:\/\/stopcarcinogensatwork.eu\/homepage\/legal\/","ownershipFundingInfo":"https:\/\/stopcarcinogensatwork.eu\/general\/about-us\/"}]}},"_links":{"self":[{"href":"https:\/\/stopcarcinogensatwork.eu\/da\/wp-json\/wp\/v2\/pages\/72316","targetHints":{"allow":["GET"]}}],"collection":[{"href":"https:\/\/stopcarcinogensatwork.eu\/da\/wp-json\/wp\/v2\/pages"}],"about":[{"href":"https:\/\/stopcarcinogensatwork.eu\/da\/wp-json\/wp\/v2\/types\/page"}],"author":[{"embeddable":true,"href":"https:\/\/stopcarcinogensatwork.eu\/da\/wp-json\/wp\/v2\/users\/1"}],"replies":[{"embeddable":true,"href":"https:\/\/stopcarcinogensatwork.eu\/da\/wp-json\/wp\/v2\/comments?post=72316"}],"version-history":[{"count":0,"href":"https:\/\/stopcarcinogensatwork.eu\/da\/wp-json\/wp\/v2\/pages\/72316\/revisions"}],"up":[{"embeddable":true,"href":"https:\/\/stopcarcinogensatwork.eu\/da\/wp-json\/wp\/v2\/pages\/72314"}],"wp:attachment":[{"href":"https:\/\/stopcarcinogensatwork.eu\/da\/wp-json\/wp\/v2\/media?parent=72316"}],"curies":[{"name":"wp","href":"https:\/\/api.w.org\/{rel}","templated":true}]}}