{"id":72317,"date":"2024-03-06T10:59:51","date_gmt":"2024-03-06T10:59:51","guid":{"rendered":"https:\/\/stopcarcinogensatwork.eu\/laer-om-de-grundlaeggende-forebyggelsesstrategier\/p-personlig-beskyttelse\/"},"modified":"2025-09-04T10:10:08","modified_gmt":"2025-09-04T10:10:08","slug":"p-personlig-beskyttelse","status":"publish","type":"page","link":"https:\/\/stopcarcinogensatwork.eu\/da\/laer-om-de-grundlaeggende-forebyggelsesstrategier\/p-personlig-beskyttelse\/","title":{"rendered":"P &#8211; Personlig beskyttelse"},"content":{"rendered":"<blockquote><p>STOP f\u00f8lger et kontrolhierarki. For carcinogener er et trin ned i hierarkiet kun tilladt, n\u00e5r tekniske begr\u00e6nsninger forhindrer dig i at eliminere eksponeringen helt. Her vil vi fokusere p\u00e5 P for personlig beskyttelse. Overvej S, T og O f\u00f8r P. Bem\u00e6rk ogs\u00e5, at der kan anvendes en kombination af foranstaltninger.   <\/p><\/blockquote>\n<p>Nogle gange er substitution ikke mulig, og tekniske og organisatoriske foranstaltninger er ikke tilstr\u00e6kkelige til at reducere eksponeringsniveauet. S\u00e5 er du n\u00f8dt til at bruge personlig beskyttelse. Personlig beskyttelse (PPE) hj\u00e6lper med at holde carcinogener v\u00e6k fra lunger, hud og \u00f8jne. Personlige v\u00e6rnemidler kan kun bruges som supplement til foranstaltninger h\u00f8jere oppe i hierarkiet og betragtes som en sidste udvej.   <\/p>\n<p>PPE er alt udstyr, der er designet og fremstillet til at blive b\u00e5ret eller holdt af en person for at beskytte mod en eller flere risici for denne persons sundhed eller sikkerhed.<\/p>\n<p>Hvad man b\u00f8r overveje, n\u00e5r man v\u00e6lger personlige v\u00e6rnemidler:<\/p>\n<ul>\n<li>De farlige egenskaber ved de kr\u00e6ftfremkaldende stoffer, der findes p\u00e5 arbejdspladsen<\/li>\n<li>Oplysningerne om personlige v\u00e6rnemidler p\u00e5 sikkerhedsdatablade<\/li>\n<li>Resultaterne af arbejdspladsens Risikovurdering<\/li>\n<li>Medarbejderens individuelle tr\u00e6k, f.eks. kropsh\u00f8jde, skost\u00f8rrelse<\/li>\n<\/ul>\n<p>Det er vigtigt at bruge de rette personlige v\u00e6rnemidler til de kr\u00e6ftfremkaldende stoffer, der findes p\u00e5 arbejdspladsen. Husk, at der ofte er behov for mere end \u00e9t personligt v\u00e6rnemiddel. <\/p>\n<h2>Valg af passende personlige v\u00e6rnemidler<\/h2>\n<h3>Grundl\u00e6ggende retningslinjer<\/h3>\n<p>Arbejdsgivere skal garantere, at personlige v\u00e6rnemidler er egnede til at reducere de involverede erhvervsrisici i betragtning af eksponeringens art, hyppighed og varighed. I den forbindelse skal de overveje den tilstr\u00e6kkelige beskyttelsesfaktor og den potentielle stigning i andre erhvervsm\u00e6ssige risici. <\/p>\n<p>Personlige v\u00e6rnemidler skal passe ordentligt til den tilt\u00e6nkte bruger for at v\u00e6re effektive (v\u00e6r opm\u00e6rksom p\u00e5, at ansigtsbeh\u00e5ring kan kompromittere en korrekt pasform og funktion). Ergonomi og arbejdstagerens allergier (f.eks. latex) b\u00f8r ogs\u00e5 tages i betragtning. Desuden skal du overveje, under hvilke forhold de skal bruges, s\u00e5 du beslutter dig i overensstemmelse hermed.  <\/p>\n<p>S\u00f8rg for at inddrage dine medarbejdere, n\u00e5r du skal v\u00e6lge de bedst egnede personlige v\u00e6rnemidler. Behagelige og veltilpassede personlige v\u00e6rnemidler vil g\u00f8re det lettere for medarbejderne at bruge dem. <\/p>\n<p>Personlige v\u00e6rnemidler skal v\u00e6re CE-m\u00e6rkede for at vise, at de er i overensstemmelse med EU-lovgivningen.<\/p>\n<p>Arbejdsgiverne skal s\u00f8rge for, at arbejderne bliver gjort opm\u00e6rksomme p\u00e5, hvilken personlig beskyttelse de skal bruge til hver af deres opgaver, og hvordan de skal bruge dem korrekt.<\/p>\n<h3>Reng\u00f8ring, opbevaring og vedligeholdelse<\/h3>\n<p>I arbejdsomr\u00e5der, hvor brug af personlige v\u00e6rnemidler er p\u00e5kr\u00e6vet, skal du sikre dig, at:<\/p>\n<ul>\n<li>Der er separate opbevaringssteder til arbejds- eller beskyttelsest\u00f8j og til almindeligt t\u00f8j<\/li>\n<li>Beskyttelsesudstyr skal kontrolleres og reng\u00f8res efter hver brug og opbevares korrekt p\u00e5 et veldefineret sted.<\/li>\n<li>Defekt udstyr repareres eller udskiftes f\u00f8r videre brug<\/li>\n<li>Hvis personlige v\u00e6rnemidler skal genbruges, skal de v\u00e6re lette at reng\u00f8re og\/eller desinficere.<\/li>\n<\/ul>\n<p>Interne politikker b\u00f8r fastl\u00e6gge de procedurer, som medarbejderne skal overholde i forbindelse med de v\u00e6rnemidler, de har brug for, nemlig hvordan de skal bruges, reng\u00f8res, vedligeholdes og opbevares korrekt.<\/p>\n<h3>Angiv personlige v\u00e6rnemidler<\/h3>\n<p>Resultaterne af arbejdspladsens risikovurdering og arbejdernes instruktioner skal tydeligt angive, hvilke personlige v\u00e6rnemidler arbejderne skal bruge til hver opgave, hvilket betyder, at beskyttelsesniveauet for hvert enkelt personligt v\u00e6rnemiddel og deres tekniske specifikationer skal angives tydeligt. Det er ikke nok vagt at n\u00e6vne, at der f.eks. skal bruges handsker til en given opgave, det skal n\u00e6vnes, hvilken type handsker der skal bruges. <\/p>\n<h3>  Praktiske r\u00e5d<\/h3>\n<ul>\n<li>S\u00f8rg for, at PPE til engangsbrug ikke genbruges<\/li>\n<li>Hold de forskellige typer af personlige v\u00e6rnemidler (handsker, masker osv.) p\u00e5 et minimum for at \u00f8ge overholdelsen &#8211; et farvekodet system kan bruges.<\/li>\n<li>S\u00f8rg for, at personlige v\u00e6rnemidler passer til hver enkelt medarbejders st\u00f8rrelse &#8211; l\u00f8se personlige v\u00e6rnemidler kan \u00f8ge risikoen for eksponering og ulykker, f.eks. hvis der er roterende dele i maskineriet.<\/li>\n<li>At arbejde med personlige v\u00e6rnemidler (f.eks. \u00e5ndedr\u00e6tsv\u00e6rn) kan v\u00e6re kr\u00e6vende og stressende for medarbejderne &#8211; overvej forskellige l\u00f8sninger, n\u00e5r du v\u00e6lger passende personlige v\u00e6rnemidler (f.eks. brug af elektrisk luftrensende \u00e5ndedr\u00e6tsv\u00e6rn i stedet for filtermaske).<\/li>\n<li>Materialesammens\u00e6tningen og v\u00e6gten af personlige v\u00e6rnemidler b\u00f8r ogs\u00e5 tages i betragtning under udv\u00e6lgelsesprocessen (f.eks. b\u00f8r man foretr\u00e6kke naturfibre og undg\u00e5 tunge arbejdsst\u00f8vler).<\/li>\n<li>N\u00e5r du tager v\u00e6rnemidlerne af, skal du f\u00f8lge de korrekte procedurer for at forhindre kontaminering &#8211; dvs. hvordan du tager dem af korrekt, i hvilken r\u00e6kkef\u00f8lge og hvordan du opbevarer dem (f.eks. tag beskyttelsest\u00f8jet af, f\u00f8r du tager \u00e5ndedr\u00e6tsv\u00e6rnet af, opbevar \u00e5ndedr\u00e6tsv\u00e6rnet over t\u00f8jet og med \u00e5bningen vendt nedad).<\/li>\n<li>Generelt b\u00f8r PPE ikke tages med hjem &#8211; v\u00e6r opm\u00e6rksom p\u00e5, at forurenede PPE (f.eks. t\u00f8j, st\u00f8vler) potentielt kan skade dine familiemedlemmer.<\/li>\n<li>De endelige omkostninger til personlige v\u00e6rnemidler omfatter ikke kun k\u00f8bsprisen, men ogs\u00e5 det antal gange, de skal udskiftes.<\/li>\n<li>Overvej om n\u00f8dvendigt at b\u00e6re bomuldshandsker under beskyttelseshandskerne for at reducere transpirationen.<\/li>\n<li>Og husk, at en st\u00f8rrelse ikke passer til alle arbejdere!<\/li>\n<\/ul>\n","protected":false},"excerpt":{"rendered":"<p>STOP f\u00f8lger et kontrolhierarki. For carcinogener er et trin ned i hierarkiet kun tilladt, n\u00e5r tekniske begr\u00e6nsninger forhindrer dig i at eliminere eksponeringen helt. Her vil vi fokusere p\u00e5 P for personlig beskyttelse. Overvej S, T og O f\u00f8r P. Bem\u00e6rk ogs\u00e5, at der kan anvendes en kombination af foranstaltninger. Nogle gange er substitution ikke [&hellip;]<\/p>\n","protected":false},"author":1,"featured_media":0,"parent":72314,"menu_order":0,"comment_status":"closed","ping_status":"closed","template":"","meta":{"inline_featured_image":false,"footnotes":""},"class_list":["post-72317","page","type-page","status-publish","hentry"],"yoast_head":"<!-- This site is optimized with the Yoast SEO Premium plugin v27.0 (Yoast SEO v27.4) - https:\/\/yoast.com\/product\/yoast-seo-premium-wordpress\/ -->\n<title>P - Personlig beskyttelse - STOP carcinogens at work<\/title>\n<meta name=\"description\" content=\"Every year, more than 100.000 people die in the EU from cancer caused by carcinogens at work. This must STOP!\" \/>\n<meta name=\"robots\" content=\"index, follow, max-snippet:-1, max-image-preview:large, max-video-preview:-1\" \/>\n<link rel=\"canonical\" href=\"https:\/\/stopcarcinogensatwork.eu\/da\/laer-om-de-grundlaeggende-forebyggelsesstrategier\/p-personlig-beskyttelse\/\" \/>\n<meta property=\"og:locale\" content=\"da_DK\" \/>\n<meta property=\"og:type\" content=\"article\" \/>\n<meta property=\"og:title\" content=\"P - Personlig beskyttelse\" \/>\n<meta property=\"og:description\" content=\"Every year, more than 100.000 people die in the EU from cancer caused by carcinogens at work. This must STOP!\" \/>\n<meta property=\"og:url\" content=\"https:\/\/stopcarcinogensatwork.eu\/da\/laer-om-de-grundlaeggende-forebyggelsesstrategier\/p-personlig-beskyttelse\/\" \/>\n<meta property=\"og:site_name\" content=\"STOP carcinogens at work\" \/>\n<meta property=\"article:modified_time\" content=\"2025-09-04T10:10:08+00:00\" \/>\n<meta name=\"twitter:card\" content=\"summary_large_image\" \/>\n<meta name=\"twitter:label1\" content=\"Estimeret l\u00e6setid\" \/>\n\t<meta name=\"twitter:data1\" content=\"4 minutter\" \/>\n<script type=\"application\/ld+json\" class=\"yoast-schema-graph\">{\"@context\":\"https:\\\/\\\/schema.org\",\"@graph\":[{\"@type\":\"WebPage\",\"@id\":\"https:\\\/\\\/stopcarcinogensatwork.eu\\\/da\\\/laer-om-de-grundlaeggende-forebyggelsesstrategier\\\/p-personlig-beskyttelse\\\/\",\"url\":\"https:\\\/\\\/stopcarcinogensatwork.eu\\\/da\\\/laer-om-de-grundlaeggende-forebyggelsesstrategier\\\/p-personlig-beskyttelse\\\/\",\"name\":\"P - Personlig beskyttelse - STOP carcinogens at work\",\"isPartOf\":{\"@id\":\"https:\\\/\\\/stopcarcinogensatwork.eu\\\/da\\\/#website\"},\"datePublished\":\"2024-03-06T10:59:51+00:00\",\"dateModified\":\"2025-09-04T10:10:08+00:00\",\"description\":\"Every year, more than 100.000 people die in the EU from cancer caused by carcinogens at work. This must STOP!\",\"breadcrumb\":{\"@id\":\"https:\\\/\\\/stopcarcinogensatwork.eu\\\/da\\\/laer-om-de-grundlaeggende-forebyggelsesstrategier\\\/p-personlig-beskyttelse\\\/#breadcrumb\"},\"inLanguage\":\"da-DK\",\"potentialAction\":[{\"@type\":\"ReadAction\",\"target\":[\"https:\\\/\\\/stopcarcinogensatwork.eu\\\/da\\\/laer-om-de-grundlaeggende-forebyggelsesstrategier\\\/p-personlig-beskyttelse\\\/\"]}]},{\"@type\":\"BreadcrumbList\",\"@id\":\"https:\\\/\\\/stopcarcinogensatwork.eu\\\/da\\\/laer-om-de-grundlaeggende-forebyggelsesstrategier\\\/p-personlig-beskyttelse\\\/#breadcrumb\",\"itemListElement\":[{\"@type\":\"ListItem\",\"position\":1,\"name\":\"Home\",\"item\":\"https:\\\/\\\/stopcarcinogensatwork.eu\\\/da\\\/stop-kraeftfremkaldende-stoffer-paa-arbejdet\\\/\"},{\"@type\":\"ListItem\",\"position\":2,\"name\":\"L\u00e6r om de grundl\u00e6ggende forebyggelsesstrategier\",\"item\":\"https:\\\/\\\/stopcarcinogensatwork.eu\\\/da\\\/laer-om-de-grundlaeggende-forebyggelsesstrategier\\\/\"},{\"@type\":\"ListItem\",\"position\":3,\"name\":\"P \u2013 Personlig beskyttelse\"}]},{\"@type\":\"WebSite\",\"@id\":\"https:\\\/\\\/stopcarcinogensatwork.eu\\\/da\\\/#website\",\"url\":\"https:\\\/\\\/stopcarcinogensatwork.eu\\\/da\\\/\",\"name\":\"STOP Carcinogens at work\",\"description\":\"Every year, about 100.000 people die from cancer that was caused by exposure to carcinogens at work in Europe.\",\"publisher\":{\"@id\":\"https:\\\/\\\/stopcarcinogensatwork.eu\\\/da\\\/#organization\"},\"alternateName\":\"Roadmap on Carcinogens\",\"potentialAction\":[{\"@type\":\"SearchAction\",\"target\":{\"@type\":\"EntryPoint\",\"urlTemplate\":\"https:\\\/\\\/stopcarcinogensatwork.eu\\\/da\\\/?s={search_term_string}\"},\"query-input\":{\"@type\":\"PropertyValueSpecification\",\"valueRequired\":true,\"valueName\":\"search_term_string\"}}],\"inLanguage\":\"da-DK\"},{\"@type\":\"Organization\",\"@id\":\"https:\\\/\\\/stopcarcinogensatwork.eu\\\/da\\\/#organization\",\"name\":\"TNO\",\"alternateName\":\"This is a European wide voluntary action scheme\",\"url\":\"https:\\\/\\\/stopcarcinogensatwork.eu\\\/da\\\/\",\"logo\":{\"@type\":\"ImageObject\",\"inLanguage\":\"da-DK\",\"@id\":\"https:\\\/\\\/stopcarcinogensatwork.eu\\\/da\\\/#\\\/schema\\\/logo\\\/image\\\/\",\"url\":\"https:\\\/\\\/stopcarcinogensatwork.eu\\\/wp-content\\\/uploads\\\/2024\\\/08\\\/cropped-FavLarge-1.png\",\"contentUrl\":\"https:\\\/\\\/stopcarcinogensatwork.eu\\\/wp-content\\\/uploads\\\/2024\\\/08\\\/cropped-FavLarge-1.png\",\"width\":512,\"height\":512,\"caption\":\"TNO\"},\"image\":{\"@id\":\"https:\\\/\\\/stopcarcinogensatwork.eu\\\/da\\\/#\\\/schema\\\/logo\\\/image\\\/\"},\"publishingPrinciples\":\"https:\\\/\\\/stopcarcinogensatwork.eu\\\/homepage\\\/legal\\\/\",\"ownershipFundingInfo\":\"https:\\\/\\\/stopcarcinogensatwork.eu\\\/general\\\/about-us\\\/\"}]}<\/script>\n<!-- \/ Yoast SEO Premium plugin. -->","yoast_head_json":{"title":"P - Personlig beskyttelse - STOP carcinogens at work","description":"Every year, more than 100.000 people die in the EU from cancer caused by carcinogens at work. This must STOP!","robots":{"index":"index","follow":"follow","max-snippet":"max-snippet:-1","max-image-preview":"max-image-preview:large","max-video-preview":"max-video-preview:-1"},"canonical":"https:\/\/stopcarcinogensatwork.eu\/da\/laer-om-de-grundlaeggende-forebyggelsesstrategier\/p-personlig-beskyttelse\/","og_locale":"da_DK","og_type":"article","og_title":"P - Personlig beskyttelse","og_description":"Every year, more than 100.000 people die in the EU from cancer caused by carcinogens at work. This must STOP!","og_url":"https:\/\/stopcarcinogensatwork.eu\/da\/laer-om-de-grundlaeggende-forebyggelsesstrategier\/p-personlig-beskyttelse\/","og_site_name":"STOP carcinogens at work","article_modified_time":"2025-09-04T10:10:08+00:00","twitter_card":"summary_large_image","twitter_misc":{"Estimeret l\u00e6setid":"4 minutter"},"schema":{"@context":"https:\/\/schema.org","@graph":[{"@type":"WebPage","@id":"https:\/\/stopcarcinogensatwork.eu\/da\/laer-om-de-grundlaeggende-forebyggelsesstrategier\/p-personlig-beskyttelse\/","url":"https:\/\/stopcarcinogensatwork.eu\/da\/laer-om-de-grundlaeggende-forebyggelsesstrategier\/p-personlig-beskyttelse\/","name":"P - Personlig beskyttelse - STOP carcinogens at work","isPartOf":{"@id":"https:\/\/stopcarcinogensatwork.eu\/da\/#website"},"datePublished":"2024-03-06T10:59:51+00:00","dateModified":"2025-09-04T10:10:08+00:00","description":"Every year, more than 100.000 people die in the EU from cancer caused by carcinogens at work. This must STOP!","breadcrumb":{"@id":"https:\/\/stopcarcinogensatwork.eu\/da\/laer-om-de-grundlaeggende-forebyggelsesstrategier\/p-personlig-beskyttelse\/#breadcrumb"},"inLanguage":"da-DK","potentialAction":[{"@type":"ReadAction","target":["https:\/\/stopcarcinogensatwork.eu\/da\/laer-om-de-grundlaeggende-forebyggelsesstrategier\/p-personlig-beskyttelse\/"]}]},{"@type":"BreadcrumbList","@id":"https:\/\/stopcarcinogensatwork.eu\/da\/laer-om-de-grundlaeggende-forebyggelsesstrategier\/p-personlig-beskyttelse\/#breadcrumb","itemListElement":[{"@type":"ListItem","position":1,"name":"Home","item":"https:\/\/stopcarcinogensatwork.eu\/da\/stop-kraeftfremkaldende-stoffer-paa-arbejdet\/"},{"@type":"ListItem","position":2,"name":"L\u00e6r om de grundl\u00e6ggende forebyggelsesstrategier","item":"https:\/\/stopcarcinogensatwork.eu\/da\/laer-om-de-grundlaeggende-forebyggelsesstrategier\/"},{"@type":"ListItem","position":3,"name":"P \u2013 Personlig beskyttelse"}]},{"@type":"WebSite","@id":"https:\/\/stopcarcinogensatwork.eu\/da\/#website","url":"https:\/\/stopcarcinogensatwork.eu\/da\/","name":"STOP Carcinogens at work","description":"Every year, about 100.000 people die from cancer that was caused by exposure to carcinogens at work in Europe.","publisher":{"@id":"https:\/\/stopcarcinogensatwork.eu\/da\/#organization"},"alternateName":"Roadmap on Carcinogens","potentialAction":[{"@type":"SearchAction","target":{"@type":"EntryPoint","urlTemplate":"https:\/\/stopcarcinogensatwork.eu\/da\/?s={search_term_string}"},"query-input":{"@type":"PropertyValueSpecification","valueRequired":true,"valueName":"search_term_string"}}],"inLanguage":"da-DK"},{"@type":"Organization","@id":"https:\/\/stopcarcinogensatwork.eu\/da\/#organization","name":"TNO","alternateName":"This is a European wide voluntary action scheme","url":"https:\/\/stopcarcinogensatwork.eu\/da\/","logo":{"@type":"ImageObject","inLanguage":"da-DK","@id":"https:\/\/stopcarcinogensatwork.eu\/da\/#\/schema\/logo\/image\/","url":"https:\/\/stopcarcinogensatwork.eu\/wp-content\/uploads\/2024\/08\/cropped-FavLarge-1.png","contentUrl":"https:\/\/stopcarcinogensatwork.eu\/wp-content\/uploads\/2024\/08\/cropped-FavLarge-1.png","width":512,"height":512,"caption":"TNO"},"image":{"@id":"https:\/\/stopcarcinogensatwork.eu\/da\/#\/schema\/logo\/image\/"},"publishingPrinciples":"https:\/\/stopcarcinogensatwork.eu\/homepage\/legal\/","ownershipFundingInfo":"https:\/\/stopcarcinogensatwork.eu\/general\/about-us\/"}]}},"_links":{"self":[{"href":"https:\/\/stopcarcinogensatwork.eu\/da\/wp-json\/wp\/v2\/pages\/72317","targetHints":{"allow":["GET"]}}],"collection":[{"href":"https:\/\/stopcarcinogensatwork.eu\/da\/wp-json\/wp\/v2\/pages"}],"about":[{"href":"https:\/\/stopcarcinogensatwork.eu\/da\/wp-json\/wp\/v2\/types\/page"}],"author":[{"embeddable":true,"href":"https:\/\/stopcarcinogensatwork.eu\/da\/wp-json\/wp\/v2\/users\/1"}],"replies":[{"embeddable":true,"href":"https:\/\/stopcarcinogensatwork.eu\/da\/wp-json\/wp\/v2\/comments?post=72317"}],"version-history":[{"count":0,"href":"https:\/\/stopcarcinogensatwork.eu\/da\/wp-json\/wp\/v2\/pages\/72317\/revisions"}],"up":[{"embeddable":true,"href":"https:\/\/stopcarcinogensatwork.eu\/da\/wp-json\/wp\/v2\/pages\/72314"}],"wp:attachment":[{"href":"https:\/\/stopcarcinogensatwork.eu\/da\/wp-json\/wp\/v2\/media?parent=72317"}],"curies":[{"name":"wp","href":"https:\/\/api.w.org\/{rel}","templated":true}]}}