{"id":72318,"date":"2024-03-06T11:27:48","date_gmt":"2024-03-06T11:27:48","guid":{"rendered":"https:\/\/stopcarcinogensatwork.eu\/laer-om-de-grundlaeggende-forebyggelsesstrategier\/o-organisatoriske-foranstaltninger\/"},"modified":"2025-09-04T10:10:09","modified_gmt":"2025-09-04T10:10:09","slug":"o-organisatoriske-foranstaltninger","status":"publish","type":"page","link":"https:\/\/stopcarcinogensatwork.eu\/da\/laer-om-de-grundlaeggende-forebyggelsesstrategier\/o-organisatoriske-foranstaltninger\/","title":{"rendered":"O &#8211; Organisatoriske foranstaltninger"},"content":{"rendered":"<blockquote><p>STOP f\u00f8lger et kontrolhierarki. For kr\u00e6ftfremkaldende stoffer er det kun tilladt at g\u00e5 et trin ned i hierarkiet, n\u00e5r tekniske begr\u00e6nsninger forhindrer dig i at eliminere eksponeringen helt. Her vil vi fokusere p\u00e5 det tredje niveau, O for organisatoriske foranstaltninger. Overvej S og T f\u00f8r O. Bem\u00e6rk ogs\u00e5, at der kan anvendes en kombination af foranstaltninger.   <\/p><\/blockquote>\n<p>Organisatoriske foranstaltninger best\u00e5r af organisatoriske metoder og procedurer, interne politikker og regelm\u00e6ssige kontroller, der er indf\u00f8rt for at verificere deres gennemf\u00f8relse, herunder vedligeholdelsesplaner. De organisatoriske foranstaltninger, der skal implementeres, skal bl.a. tage h\u00f8jde for arbejdspladsens s\u00e6rlige forhold, medarbejdernes knowhow, udstyret, opgaverne og omgivelserne. <\/p>\n<p>Hvad skal man overveje, n\u00e5r man vurderer, hvilke(n) foranstaltning(er) der skal gennemf\u00f8res:<\/p>\n<ul>\n<li>Identificer alle arbejds- og sociale omr\u00e5der<\/li>\n<li>Overvej typen og niveauet af eksponering for hvert af arbejdsomr\u00e5derne<\/li>\n<li>Identificer de medarbejdere, der skal have adgang til hvert arbejdsomr\u00e5de<\/li>\n<li>Overvej den gennemsnitlige tid, som den enkelte arbejder skal bruge p\u00e5 hvert arbejdsomr\u00e5de<\/li>\n<li>F\u00e5 en beskrivelse af hver foranstaltning, dens egnethed, virkning og effektivitet, og overvej den mulige kombinerede effekt af forskellige foranstaltninger for at forbedre risikokontrollen.<\/li>\n<li>Krav til vedligeholdelse<\/li>\n<\/ul>\n<h2>Nogle organisatoriske tiltag at overveje<\/h2>\n<h3>Begr\u00e6nsning af adgangen til risikoomr\u00e5der<\/h3>\n<p>Under hensyntagen til resultaterne af Risikovurderingen skal arbejdsgiverne begr\u00e6nse adgangen til visse arbejdsomr\u00e5der og strengt begr\u00e6nse denne adgang til kun at omfatte de arbejdere, der er forpligtet til at v\u00e6re der. Der kan s\u00e6ttes fysiske barrierer op for at begr\u00e6nse arbejdernes adgang, f.eks. d\u00f8re, der kr\u00e6ver en autorisation. Skilte kan bruges til at identificere s\u00e5danne omr\u00e5der.  <\/p>\n<p>Et andet vigtigt aspekt er at begr\u00e6nse den tid, arbejderne tilbringer i det p\u00e5g\u00e6ldende arbejdsomr\u00e5de. Det kan g\u00f8res ved at rotere de opgaver, som arbejderen skal udf\u00f8re, eller ved at begr\u00e6nse m\u00e6ngden af tid pr. skift. <\/p>\n<p>N\u00e5r du designer layoutet, skal du s\u00f8rge for at tage h\u00f8jde for alle omr\u00e5der, f.eks. placeringen af f\u00e6llesomr\u00e5der (s\u00e5som kantine, garderober eller hvileomr\u00e5der) i forhold til arbejdsomr\u00e5der. Arbejdsomr\u00e5der b\u00f8r ikke v\u00e6re direkte forbundet med sociale omr\u00e5der. <\/p>\n<h3>Hygiejne og individuel beskyttelse<\/h3>\n<p>I arbejdsomr\u00e5der, hvor der er risiko for forurening, skal du gennemf\u00f8re foranstaltninger for at sikre, at:<\/p>\n<ul>\n<li>Alle kemikalier p\u00e5 arbejdspladsen er korrekt m\u00e6rket, og der er tilstr\u00e6kkelige advarsels- og sikkerhedsskilte og signaler.<\/li>\n<li>Arbejdspladsen holdes ren og organiseret<\/li>\n<li>Medarbejderne m\u00e5 ikke spise, drikke eller ryge<\/li>\n<li>Arbejderne er udstyret med passende beskyttelsest\u00f8j eller anden passende specialbekl\u00e6dning<\/li>\n<li>Der er separate opbevaringssteder til arbejds- eller beskyttelsest\u00f8j og til almindeligt t\u00f8j<\/li>\n<li>Arbejderne har adgang til passende og tilstr\u00e6kkelige vaske- og toiletfaciliteter<\/li>\n<li>Beskyttelsesudstyr opbevares korrekt p\u00e5 et veldefineret sted<\/li>\n<li>Sundhedsoverv\u00e5gning organiseres, og der tages hensyn til resultaterne.<\/li>\n<\/ul>\n<p>Interne politikker kan definere de steder, hvor medarbejderne m\u00e5 spise, drikke og ryge. Desuden kan disse politikker fastl\u00e6gge de procedurer, som medarbejderne skal overholde med hensyn til de v\u00e6rnemidler, de har brug for, nemlig hvordan de skal bruges, reng\u00f8res, vedligeholdes og opbevares korrekt. <\/p>\n<p>Simple hygiejneforanstaltninger kan inkluderes for at minde medarbejderne om deres betydning. De skal f.eks. vaske h\u00e6nder, f\u00f8r de spiser, reng\u00f8re deres f\u00f8dder, n\u00e5r de g\u00e5r ind og ud af faciliteterne, og definere de ruter, som medarbejderne skal tage for at f\u00e5 adgang til visse kontaminerede arbejdsomr\u00e5der. <\/p>\n<h3>Information og tr\u00e6ning for arbejdere<\/h3>\n<p>Arbejdsgiverne skal s\u00f8rge for, at arbejderne bliver gjort opm\u00e6rksomme p\u00e5 resultaterne af Risikovurderingen, herunder p\u00e5 de anvendte kemikalier, deres farlige egenskaber og hvordan man bruger sikkerhedsdatablade, nemlig om f\u00f8rstehj\u00e6lpsforanstaltninger eller eksponeringskontrol\/personlig beskyttelse.<\/p>\n<p>Desuden skal arbejderne have klare instruktioner om de g\u00e6ldende foranstaltninger, f.eks. tekniske foranstaltninger, interne politikker eller sikkerhedsarbejdsprocedurer, om muligt med illustrationer, skemaer eller videoer.<\/p>\n<ul>\n<li>Der skal tages hensyn til medarbejdernes opgaver og vidensniveau, og sproget og indholdet af den information og uddannelse, der gives, skal tilpasses i overensstemmelse hermed.<\/li>\n<li>Information og uddannelse af medarbejdere skal ske regelm\u00e6ssigt og skal opdateres, n\u00e5r forholdene \u00e6ndrer sig.<\/li>\n<li>Afh\u00e6ngigt af hvilken type information\/uddannelse, der er behov for, kan du levere den internt og\/eller finde ekstern ekspertise.<\/li>\n<\/ul>\n","protected":false},"excerpt":{"rendered":"<p>STOP f\u00f8lger et kontrolhierarki. For kr\u00e6ftfremkaldende stoffer er det kun tilladt at g\u00e5 et trin ned i hierarkiet, n\u00e5r tekniske begr\u00e6nsninger forhindrer dig i at eliminere eksponeringen helt. Her vil vi fokusere p\u00e5 det tredje niveau, O for organisatoriske foranstaltninger. Overvej S og T f\u00f8r O. Bem\u00e6rk ogs\u00e5, at der kan anvendes en kombination af [&hellip;]<\/p>\n","protected":false},"author":1,"featured_media":0,"parent":72314,"menu_order":0,"comment_status":"closed","ping_status":"closed","template":"","meta":{"inline_featured_image":false,"footnotes":""},"class_list":["post-72318","page","type-page","status-publish","hentry"],"yoast_head":"<!-- This site is optimized with the Yoast SEO Premium plugin v27.0 (Yoast SEO v27.4) - https:\/\/yoast.com\/product\/yoast-seo-premium-wordpress\/ -->\n<title>O - Organisatoriske foranstaltninger - STOP carcinogens at work<\/title>\n<meta name=\"description\" content=\"Every year, more than 100.000 people die in the EU from cancer caused by carcinogens at work. This must STOP!\" \/>\n<meta name=\"robots\" content=\"index, follow, max-snippet:-1, max-image-preview:large, max-video-preview:-1\" \/>\n<link rel=\"canonical\" href=\"https:\/\/stopcarcinogensatwork.eu\/da\/laer-om-de-grundlaeggende-forebyggelsesstrategier\/o-organisatoriske-foranstaltninger\/\" \/>\n<meta property=\"og:locale\" content=\"da_DK\" \/>\n<meta property=\"og:type\" content=\"article\" \/>\n<meta property=\"og:title\" content=\"O - Organisatoriske foranstaltninger\" \/>\n<meta property=\"og:description\" content=\"Every year, more than 100.000 people die in the EU from cancer caused by carcinogens at work. This must STOP!\" \/>\n<meta property=\"og:url\" content=\"https:\/\/stopcarcinogensatwork.eu\/da\/laer-om-de-grundlaeggende-forebyggelsesstrategier\/o-organisatoriske-foranstaltninger\/\" \/>\n<meta property=\"og:site_name\" content=\"STOP carcinogens at work\" \/>\n<meta property=\"article:modified_time\" content=\"2025-09-04T10:10:09+00:00\" \/>\n<meta name=\"twitter:card\" content=\"summary_large_image\" \/>\n<meta name=\"twitter:label1\" content=\"Estimeret l\u00e6setid\" \/>\n\t<meta name=\"twitter:data1\" content=\"3 minutter\" \/>\n<script type=\"application\/ld+json\" class=\"yoast-schema-graph\">{\"@context\":\"https:\\\/\\\/schema.org\",\"@graph\":[{\"@type\":\"WebPage\",\"@id\":\"https:\\\/\\\/stopcarcinogensatwork.eu\\\/da\\\/laer-om-de-grundlaeggende-forebyggelsesstrategier\\\/o-organisatoriske-foranstaltninger\\\/\",\"url\":\"https:\\\/\\\/stopcarcinogensatwork.eu\\\/da\\\/laer-om-de-grundlaeggende-forebyggelsesstrategier\\\/o-organisatoriske-foranstaltninger\\\/\",\"name\":\"O - Organisatoriske foranstaltninger - STOP carcinogens at work\",\"isPartOf\":{\"@id\":\"https:\\\/\\\/stopcarcinogensatwork.eu\\\/da\\\/#website\"},\"datePublished\":\"2024-03-06T11:27:48+00:00\",\"dateModified\":\"2025-09-04T10:10:09+00:00\",\"description\":\"Every year, more than 100.000 people die in the EU from cancer caused by carcinogens at work. This must STOP!\",\"breadcrumb\":{\"@id\":\"https:\\\/\\\/stopcarcinogensatwork.eu\\\/da\\\/laer-om-de-grundlaeggende-forebyggelsesstrategier\\\/o-organisatoriske-foranstaltninger\\\/#breadcrumb\"},\"inLanguage\":\"da-DK\",\"potentialAction\":[{\"@type\":\"ReadAction\",\"target\":[\"https:\\\/\\\/stopcarcinogensatwork.eu\\\/da\\\/laer-om-de-grundlaeggende-forebyggelsesstrategier\\\/o-organisatoriske-foranstaltninger\\\/\"]}]},{\"@type\":\"BreadcrumbList\",\"@id\":\"https:\\\/\\\/stopcarcinogensatwork.eu\\\/da\\\/laer-om-de-grundlaeggende-forebyggelsesstrategier\\\/o-organisatoriske-foranstaltninger\\\/#breadcrumb\",\"itemListElement\":[{\"@type\":\"ListItem\",\"position\":1,\"name\":\"Home\",\"item\":\"https:\\\/\\\/stopcarcinogensatwork.eu\\\/da\\\/stop-kraeftfremkaldende-stoffer-paa-arbejdet\\\/\"},{\"@type\":\"ListItem\",\"position\":2,\"name\":\"L\u00e6r om de grundl\u00e6ggende forebyggelsesstrategier\",\"item\":\"https:\\\/\\\/stopcarcinogensatwork.eu\\\/da\\\/laer-om-de-grundlaeggende-forebyggelsesstrategier\\\/\"},{\"@type\":\"ListItem\",\"position\":3,\"name\":\"O \u2013 Organisatoriske foranstaltninger\"}]},{\"@type\":\"WebSite\",\"@id\":\"https:\\\/\\\/stopcarcinogensatwork.eu\\\/da\\\/#website\",\"url\":\"https:\\\/\\\/stopcarcinogensatwork.eu\\\/da\\\/\",\"name\":\"STOP Carcinogens at work\",\"description\":\"Every year, about 100.000 people die from cancer that was caused by exposure to carcinogens at work in Europe.\",\"publisher\":{\"@id\":\"https:\\\/\\\/stopcarcinogensatwork.eu\\\/da\\\/#organization\"},\"alternateName\":\"Roadmap on Carcinogens\",\"potentialAction\":[{\"@type\":\"SearchAction\",\"target\":{\"@type\":\"EntryPoint\",\"urlTemplate\":\"https:\\\/\\\/stopcarcinogensatwork.eu\\\/da\\\/?s={search_term_string}\"},\"query-input\":{\"@type\":\"PropertyValueSpecification\",\"valueRequired\":true,\"valueName\":\"search_term_string\"}}],\"inLanguage\":\"da-DK\"},{\"@type\":\"Organization\",\"@id\":\"https:\\\/\\\/stopcarcinogensatwork.eu\\\/da\\\/#organization\",\"name\":\"TNO\",\"alternateName\":\"This is a European wide voluntary action scheme\",\"url\":\"https:\\\/\\\/stopcarcinogensatwork.eu\\\/da\\\/\",\"logo\":{\"@type\":\"ImageObject\",\"inLanguage\":\"da-DK\",\"@id\":\"https:\\\/\\\/stopcarcinogensatwork.eu\\\/da\\\/#\\\/schema\\\/logo\\\/image\\\/\",\"url\":\"https:\\\/\\\/stopcarcinogensatwork.eu\\\/wp-content\\\/uploads\\\/2024\\\/08\\\/cropped-FavLarge-1.png\",\"contentUrl\":\"https:\\\/\\\/stopcarcinogensatwork.eu\\\/wp-content\\\/uploads\\\/2024\\\/08\\\/cropped-FavLarge-1.png\",\"width\":512,\"height\":512,\"caption\":\"TNO\"},\"image\":{\"@id\":\"https:\\\/\\\/stopcarcinogensatwork.eu\\\/da\\\/#\\\/schema\\\/logo\\\/image\\\/\"},\"publishingPrinciples\":\"https:\\\/\\\/stopcarcinogensatwork.eu\\\/homepage\\\/legal\\\/\",\"ownershipFundingInfo\":\"https:\\\/\\\/stopcarcinogensatwork.eu\\\/general\\\/about-us\\\/\"}]}<\/script>\n<!-- \/ Yoast SEO Premium plugin. -->","yoast_head_json":{"title":"O - Organisatoriske foranstaltninger - STOP carcinogens at work","description":"Every year, more than 100.000 people die in the EU from cancer caused by carcinogens at work. This must STOP!","robots":{"index":"index","follow":"follow","max-snippet":"max-snippet:-1","max-image-preview":"max-image-preview:large","max-video-preview":"max-video-preview:-1"},"canonical":"https:\/\/stopcarcinogensatwork.eu\/da\/laer-om-de-grundlaeggende-forebyggelsesstrategier\/o-organisatoriske-foranstaltninger\/","og_locale":"da_DK","og_type":"article","og_title":"O - Organisatoriske foranstaltninger","og_description":"Every year, more than 100.000 people die in the EU from cancer caused by carcinogens at work. This must STOP!","og_url":"https:\/\/stopcarcinogensatwork.eu\/da\/laer-om-de-grundlaeggende-forebyggelsesstrategier\/o-organisatoriske-foranstaltninger\/","og_site_name":"STOP carcinogens at work","article_modified_time":"2025-09-04T10:10:09+00:00","twitter_card":"summary_large_image","twitter_misc":{"Estimeret l\u00e6setid":"3 minutter"},"schema":{"@context":"https:\/\/schema.org","@graph":[{"@type":"WebPage","@id":"https:\/\/stopcarcinogensatwork.eu\/da\/laer-om-de-grundlaeggende-forebyggelsesstrategier\/o-organisatoriske-foranstaltninger\/","url":"https:\/\/stopcarcinogensatwork.eu\/da\/laer-om-de-grundlaeggende-forebyggelsesstrategier\/o-organisatoriske-foranstaltninger\/","name":"O - Organisatoriske foranstaltninger - STOP carcinogens at work","isPartOf":{"@id":"https:\/\/stopcarcinogensatwork.eu\/da\/#website"},"datePublished":"2024-03-06T11:27:48+00:00","dateModified":"2025-09-04T10:10:09+00:00","description":"Every year, more than 100.000 people die in the EU from cancer caused by carcinogens at work. This must STOP!","breadcrumb":{"@id":"https:\/\/stopcarcinogensatwork.eu\/da\/laer-om-de-grundlaeggende-forebyggelsesstrategier\/o-organisatoriske-foranstaltninger\/#breadcrumb"},"inLanguage":"da-DK","potentialAction":[{"@type":"ReadAction","target":["https:\/\/stopcarcinogensatwork.eu\/da\/laer-om-de-grundlaeggende-forebyggelsesstrategier\/o-organisatoriske-foranstaltninger\/"]}]},{"@type":"BreadcrumbList","@id":"https:\/\/stopcarcinogensatwork.eu\/da\/laer-om-de-grundlaeggende-forebyggelsesstrategier\/o-organisatoriske-foranstaltninger\/#breadcrumb","itemListElement":[{"@type":"ListItem","position":1,"name":"Home","item":"https:\/\/stopcarcinogensatwork.eu\/da\/stop-kraeftfremkaldende-stoffer-paa-arbejdet\/"},{"@type":"ListItem","position":2,"name":"L\u00e6r om de grundl\u00e6ggende forebyggelsesstrategier","item":"https:\/\/stopcarcinogensatwork.eu\/da\/laer-om-de-grundlaeggende-forebyggelsesstrategier\/"},{"@type":"ListItem","position":3,"name":"O \u2013 Organisatoriske foranstaltninger"}]},{"@type":"WebSite","@id":"https:\/\/stopcarcinogensatwork.eu\/da\/#website","url":"https:\/\/stopcarcinogensatwork.eu\/da\/","name":"STOP Carcinogens at work","description":"Every year, about 100.000 people die from cancer that was caused by exposure to carcinogens at work in Europe.","publisher":{"@id":"https:\/\/stopcarcinogensatwork.eu\/da\/#organization"},"alternateName":"Roadmap on Carcinogens","potentialAction":[{"@type":"SearchAction","target":{"@type":"EntryPoint","urlTemplate":"https:\/\/stopcarcinogensatwork.eu\/da\/?s={search_term_string}"},"query-input":{"@type":"PropertyValueSpecification","valueRequired":true,"valueName":"search_term_string"}}],"inLanguage":"da-DK"},{"@type":"Organization","@id":"https:\/\/stopcarcinogensatwork.eu\/da\/#organization","name":"TNO","alternateName":"This is a European wide voluntary action scheme","url":"https:\/\/stopcarcinogensatwork.eu\/da\/","logo":{"@type":"ImageObject","inLanguage":"da-DK","@id":"https:\/\/stopcarcinogensatwork.eu\/da\/#\/schema\/logo\/image\/","url":"https:\/\/stopcarcinogensatwork.eu\/wp-content\/uploads\/2024\/08\/cropped-FavLarge-1.png","contentUrl":"https:\/\/stopcarcinogensatwork.eu\/wp-content\/uploads\/2024\/08\/cropped-FavLarge-1.png","width":512,"height":512,"caption":"TNO"},"image":{"@id":"https:\/\/stopcarcinogensatwork.eu\/da\/#\/schema\/logo\/image\/"},"publishingPrinciples":"https:\/\/stopcarcinogensatwork.eu\/homepage\/legal\/","ownershipFundingInfo":"https:\/\/stopcarcinogensatwork.eu\/general\/about-us\/"}]}},"_links":{"self":[{"href":"https:\/\/stopcarcinogensatwork.eu\/da\/wp-json\/wp\/v2\/pages\/72318","targetHints":{"allow":["GET"]}}],"collection":[{"href":"https:\/\/stopcarcinogensatwork.eu\/da\/wp-json\/wp\/v2\/pages"}],"about":[{"href":"https:\/\/stopcarcinogensatwork.eu\/da\/wp-json\/wp\/v2\/types\/page"}],"author":[{"embeddable":true,"href":"https:\/\/stopcarcinogensatwork.eu\/da\/wp-json\/wp\/v2\/users\/1"}],"replies":[{"embeddable":true,"href":"https:\/\/stopcarcinogensatwork.eu\/da\/wp-json\/wp\/v2\/comments?post=72318"}],"version-history":[{"count":0,"href":"https:\/\/stopcarcinogensatwork.eu\/da\/wp-json\/wp\/v2\/pages\/72318\/revisions"}],"up":[{"embeddable":true,"href":"https:\/\/stopcarcinogensatwork.eu\/da\/wp-json\/wp\/v2\/pages\/72314"}],"wp:attachment":[{"href":"https:\/\/stopcarcinogensatwork.eu\/da\/wp-json\/wp\/v2\/media?parent=72318"}],"curies":[{"name":"wp","href":"https:\/\/api.w.org\/{rel}","templated":true}]}}