{"id":72327,"date":"2024-02-05T13:42:42","date_gmt":"2024-02-05T13:42:42","guid":{"rendered":"https:\/\/stopcarcinogensatwork.eu\/om-koereplanen-for-kraeftfremkaldende-stoffer\/"},"modified":"2025-11-27T13:57:41","modified_gmt":"2025-11-27T13:57:41","slug":"om-koereplanen-for-kraeftfremkaldende-stoffer","status":"publish","type":"page","link":"https:\/\/stopcarcinogensatwork.eu\/da\/generelt\/om-koereplanen-for-kraeftfremkaldende-stoffer\/","title":{"rendered":"Om Roadmap on Carcinogens"},"content":{"rendered":"<blockquote><p>Denne hjemmeside er et initiativ fra Roadmap on Carcinogens: Et frivilligt europ\u00e6isk handlingsprogram for at tackle arbejdsrelateret kr\u00e6ft. F\u00f8lgende partnere<a href=\"https:\/\/stopcarcinogensatwork.eu\/da\/lancering-af-roadmap-on-carcinogens-3-0\/\">har forpligtet<\/a> sig til at v\u00e6re aktive og tage f\u00f8ringen i dette program for at forebygge eksponering for kr\u00e6ftfremkaldende stoffer p\u00e5 arbejdspladsen: <\/p>\n<p><img fetchpriority=\"high\" decoding=\"async\" class=\"alignnone size-full wp-image-92758\" src=\"https:\/\/stopcarcinogensatwork.eu\/wp-content\/uploads\/2025\/11\/partners.jpg\" alt=\"\" width=\"2560\" height=\"967\" srcset=\"https:\/\/stopcarcinogensatwork.eu\/wp-content\/uploads\/2025\/11\/partners.jpg 2560w, https:\/\/stopcarcinogensatwork.eu\/wp-content\/uploads\/2025\/11\/partners-300x113.jpg 300w, https:\/\/stopcarcinogensatwork.eu\/wp-content\/uploads\/2025\/11\/partners-768x290.jpg 768w, https:\/\/stopcarcinogensatwork.eu\/wp-content\/uploads\/2025\/11\/partners-1536x580.jpg 1536w, https:\/\/stopcarcinogensatwork.eu\/wp-content\/uploads\/2025\/11\/partners-2048x774.jpg 2048w\" sizes=\"(max-width: 2560px) 100vw, 2560px\" \/><\/p><\/blockquote>\n<ul>\n<li><a href=\"https:\/\/www.bma.gv.at\/en.html\" target=\"_blank\" rel=\"noopener\">\u00d8strig: Forbundsministeriet for arbejde, sociale anliggender, sundhed, pleje og forbrugerbeskyttelse<\/a><\/li>\n<li><a href=\"https:\/\/employment.belgium.be\/en\/themes\" target=\"_blank\" rel=\"noopener\">Belgien: F\u00f8deral offentlig tjeneste Besk\u00e6ftigelse, arbejde og social dialog<\/a><\/li>\n<li><a href=\"https:\/\/stm.fi\/en\/frontpage\" target=\"_blank\" rel=\"noopener\">Finland: Social- og sundhedsministeriet<\/a><\/li>\n<li><a href=\"https:\/\/travail-emploi.gouv.fr\/\" target=\"_blank\" rel=\"noopener\">Frankrig: Ministeriet for arbejde, sundhed og solidaritet<\/a><\/li>\n<li><a href=\"https:\/\/www.bmas.de\/EN\/Home\/home.html\" target=\"_blank\" rel=\"noopener\">Tyskland: Forbundsministeriet for arbejde og sociale anliggender<\/a><\/li>\n<li><a href=\"http:\/\/hsa.ie\/\" target=\"_blank\" rel=\"noopener\">Irland: Sundheds- og sikkerhedsmyndighed<\/a><\/li>\n<li><a href=\"https:\/\/www.government.nl\/ministries\/ministry-of-social-affairs-and-employment\" target=\"_blank\" rel=\"noopener\">Nederlandene: Ministeriet for sociale anliggender og besk\u00e6ftigelse<\/a><\/li>\n<li><a href=\"https:\/\/stami.no\/en\/\" target=\"_blank\" rel=\"noopener\">Norge: Det norske nationale institut for arbejdsmilj\u00f8 (STAMI)<\/a><\/li>\n<li><a href=\"https:\/\/portal.act.gov.pt\/Pages\/Home.aspx\" target=\"_blank\" rel=\"noopener\">Portugal: Myndighed for arbejdsforhold<\/a><\/li>\n<li><a href=\"https:\/\/www.gov.si\/en\/state-authorities\/ministries\/ministry-of-labour-family-social-affairs-and-equal-opportunities\/\" target=\"_blank\" rel=\"noopener\">Slovenien: Ministeriet for arbejde, familie, sociale anliggender og lige muligheder<\/a><\/li>\n<li><a href=\"https:\/\/www.mites.gob.es\/en\/\" target=\"_blank\" rel=\"noopener\">Spanien: Det spanske ministerium for arbejde og social\u00f8konomi<\/a><\/li>\n<li><a href=\"https:\/\/www.businesseurope.eu\/\" target=\"_blank\" rel=\"noopener\">BusinessEurope (europ\u00e6iske arbejdsgivere)<\/a><\/li>\n<li><a href=\"https:\/\/www.etuc.org\/\" target=\"_blank\" rel=\"noopener\">Den Europ\u00e6iske Faglige Samarbejdsorganisation &#8211; ETUC (europ\u00e6iske arbejdstagere)<\/a><\/li>\n<li><a href=\"https:\/\/osha.europa.eu\/en\/themes\/dangerous-substances\/roadmap-to-carcinogens\" target=\"_blank\" rel=\"noopener\">Det Europ\u00e6iske Arbejdsmilj\u00f8agentur &#8211; EU-OSHA<\/a><\/li>\n<li><a href=\"https:\/\/echa.europa.eu\/\" target=\"_blank\" rel=\"noopener\">Det Europ\u00e6iske Kemikalieagentur &#8211; ECHA<\/a><\/li>\n<li><a href=\"https:\/\/ec.europa.eu\/info\/departments\/employment-social-affairs-and-inclusion_en\" target=\"_blank\" rel=\"noopener\">Den Europ\u00e6iske Kommission<\/a><\/li>\n<\/ul>\n<p>&nbsp;<\/p>\n<p>Derudover st\u00f8tter mange venner (virksomheder og organisationer) allerede k\u00f8replanen for kr\u00e6ftfremkaldende stoffer ved at dele vores budskab. Bliv en ven ved at tilmelde dig <a href=\"https:\/\/laposta.nl\/f\/ss69p5fpqabo\" target=\"_blank\" rel=\"noopener\">nyhedsbrevet<\/a>. <\/p>\n<h2>Betydningen af vores rejse<\/h2>\n<p>Hvert \u00e5r f\u00e5r omkring 120.000 mennesker i EU konstateret kr\u00e6ft som f\u00f8lge af eksponering for kr\u00e6ftfremkaldende stoffer p\u00e5 arbejdspladsen. Og omkring 100.000 mennesker d\u00f8r p\u00e5 grund af arbejdsrelateret kr\u00e6ft. Og det er vigtigt at indse, at dette er un\u00f8dvendigt! Det kommer af den m\u00e5de, vi arbejder p\u00e5, og de valg, vi tr\u00e6ffer. S\u00e5 den gode nyhed er, at vi kan g\u00f8re noget ved det. Forebyggelse er n\u00f8gleordet her, s\u00e5 vi sikrer os, at vi ikke uds\u00e6ttes for kr\u00e6ftfremkaldende stoffer.     <\/p>\n<p>Roadmap on Carcinogens har til form\u00e5l at hj\u00e6lpe europ\u00e6iske virksomheder og arbejdere med at handle ved at:<\/p>\n<ul>\n<li><strong>Skabe opm\u00e6rksomhed:<\/strong> informere virksomheder og arbejdstagere om risikoen for eksponering for kr\u00e6ftfremkaldende stoffer og behovet for forebyggende tiltag samt freml\u00e6gge fakta.<\/li>\n<li><strong>Hj\u00e6lpe:<\/strong> tilbyde l\u00f8sninger og v\u00e6rkt\u00f8jer til virksomheder og medarbejdere for at undg\u00e5 eksponering for kr\u00e6ftfremkaldende stoffer p\u00e5 arbejdspladsen og minimere effekten p\u00e5 arbejdsstyrken.<\/li>\n<\/ul>\n<h2>Den nuv\u00e6rende k\u00f8replan omfatter aktiviteter frem til slutningen af 2027.<\/h2>\n<p>I l\u00f8bet af k\u00f8replanens 2. fase fra 2020-2024 gennemf\u00f8rte vi 12 udfordringer. Resultaterne er blevet eller vil blive integreret p\u00e5 hjemmesiden.   <strong><a href=\"https:\/\/stopcarcinogensatwork.eu\/da\/generelt\/om-koereplanen-for-kraeftfremkaldende-stoffer\/udfordringer\/\">Du kan finde flere oplysninger om disse projekter her.<\/a><\/strong><\/p>\n<p>Du kan nu ogs\u00e5 se vores nye strategi for <a href=\"https:\/\/stopcarcinogensatwork.eu\/wp-content\/uploads\/2025\/05\/RoC3.0_Strategy_final.pdf\">RoC3.0 i perioden 2025-2027 her.<\/a><\/p>\n<h2>Vi bruger et AI-drevet overs\u00e6ttelsesv\u00e6rkt\u00f8j til vores hjemmeside<\/h2>\n<p>Vi bruger et AI-drevet overs\u00e6ttelsesv\u00e6rkt\u00f8j til vores hjemmeside, hvor modersm\u00e5lstalende gennemg\u00e5r og retter eventuelle un\u00f8jagtigheder. Denne tilgang sikrer b\u00e5de effektivitet og kvalitet, da AI-systemet l\u00f8bende forbedres over tid. Vi mener, at denne metode er den mest effektive og omkostningseffektive m\u00e5de at g\u00f8re vores hjemmeside tilg\u00e6ngelig p\u00e5 flere sprog, hvilket hj\u00e6lper os med at n\u00e5 ud til et bredere publikum af enkeltpersoner og organisationer. Hvis du har feedback eller forslag til vores overs\u00e6ttelsesproces, vil vi meget gerne h\u00f8re fra dig. Del gerne dine tanker med os via e-mail.    <\/p>\n<h2>Sp\u00f8rgsm\u00e5l og bem\u00e6rkninger<\/h2>\n<p>Kontakt os for yderligere information, eller hvis du har sp\u00f8rgsm\u00e5l:  <a href=\"mailto:info@stopcarcinogensatwork.eu\">info@stopcarcinogensatwork.eu<\/a><\/p>\n<p>&nbsp;<\/p>\n","protected":false},"excerpt":{"rendered":"<p>Denne hjemmeside er et initiativ fra Roadmap on Carcinogens: Et frivilligt europ\u00e6isk handlingsprogram for at tackle arbejdsrelateret kr\u00e6ft. F\u00f8lgende partnerehar forpligtet sig til at v\u00e6re aktive og tage f\u00f8ringen i dette program for at forebygge eksponering for kr\u00e6ftfremkaldende stoffer p\u00e5 arbejdspladsen: \u00d8strig: Forbundsministeriet for arbejde, sociale anliggender, sundhed, pleje og forbrugerbeskyttelse Belgien: F\u00f8deral offentlig tjeneste [&hellip;]<\/p>\n","protected":false},"author":1,"featured_media":0,"parent":75992,"menu_order":0,"comment_status":"closed","ping_status":"closed","template":"","meta":{"inline_featured_image":false,"footnotes":""},"class_list":["post-72327","page","type-page","status-publish","hentry"],"yoast_head":"<!-- This site is optimized with the Yoast SEO Premium plugin v27.0 (Yoast SEO v27.3) - https:\/\/yoast.com\/product\/yoast-seo-premium-wordpress\/ -->\n<title>Om Roadmap on Carcinogens - STOP carcinogens at work<\/title>\n<meta name=\"description\" content=\"Denne hjemmeside er et frivilligt EU-handlingsprogram, der skal forhindre arbejdstagere i at blive udsat for kr\u00e6ftfremkaldende stoffer p\u00e5 arbejdspladsen.\" \/>\n<meta name=\"robots\" content=\"index, follow, max-snippet:-1, max-image-preview:large, max-video-preview:-1\" \/>\n<link rel=\"canonical\" href=\"https:\/\/stopcarcinogensatwork.eu\/da\/generelt\/om-koereplanen-for-kraeftfremkaldende-stoffer\/\" \/>\n<meta property=\"og:locale\" content=\"da_DK\" \/>\n<meta property=\"og:type\" content=\"article\" \/>\n<meta property=\"og:title\" content=\"Om Roadmap on Carcinogens\" \/>\n<meta property=\"og:description\" content=\"Denne hjemmeside er et frivilligt EU-handlingsprogram, der skal forhindre arbejdstagere i at blive udsat for kr\u00e6ftfremkaldende stoffer p\u00e5 arbejdspladsen.\" \/>\n<meta property=\"og:url\" content=\"https:\/\/stopcarcinogensatwork.eu\/da\/generelt\/om-koereplanen-for-kraeftfremkaldende-stoffer\/\" \/>\n<meta property=\"og:site_name\" content=\"STOP carcinogens at work\" \/>\n<meta property=\"article:modified_time\" content=\"2025-11-27T13:57:41+00:00\" \/>\n<meta property=\"og:image\" content=\"https:\/\/stopcarcinogensatwork.eu\/wp-content\/uploads\/2025\/11\/partners.jpg\" \/>\n\t<meta property=\"og:image:width\" content=\"2560\" \/>\n\t<meta property=\"og:image:height\" content=\"967\" \/>\n\t<meta property=\"og:image:type\" content=\"image\/jpeg\" \/>\n<meta name=\"twitter:card\" content=\"summary_large_image\" \/>\n<meta name=\"twitter:label1\" content=\"Estimeret l\u00e6setid\" \/>\n\t<meta name=\"twitter:data1\" content=\"3 minutter\" \/>\n<script type=\"application\/ld+json\" class=\"yoast-schema-graph\">{\"@context\":\"https:\\\/\\\/schema.org\",\"@graph\":[{\"@type\":\"WebPage\",\"@id\":\"https:\\\/\\\/stopcarcinogensatwork.eu\\\/da\\\/generelt\\\/om-koereplanen-for-kraeftfremkaldende-stoffer\\\/\",\"url\":\"https:\\\/\\\/stopcarcinogensatwork.eu\\\/da\\\/generelt\\\/om-koereplanen-for-kraeftfremkaldende-stoffer\\\/\",\"name\":\"Om Roadmap on Carcinogens - STOP carcinogens at work\",\"isPartOf\":{\"@id\":\"https:\\\/\\\/stopcarcinogensatwork.eu\\\/da\\\/#website\"},\"primaryImageOfPage\":{\"@id\":\"https:\\\/\\\/stopcarcinogensatwork.eu\\\/da\\\/generelt\\\/om-koereplanen-for-kraeftfremkaldende-stoffer\\\/#primaryimage\"},\"image\":{\"@id\":\"https:\\\/\\\/stopcarcinogensatwork.eu\\\/da\\\/generelt\\\/om-koereplanen-for-kraeftfremkaldende-stoffer\\\/#primaryimage\"},\"thumbnailUrl\":\"https:\\\/\\\/stopcarcinogensatwork.eu\\\/wp-content\\\/uploads\\\/2025\\\/11\\\/partners.jpg\",\"datePublished\":\"2024-02-05T13:42:42+00:00\",\"dateModified\":\"2025-11-27T13:57:41+00:00\",\"description\":\"Denne hjemmeside er et frivilligt EU-handlingsprogram, der skal forhindre arbejdstagere i at blive udsat for kr\u00e6ftfremkaldende stoffer p\u00e5 arbejdspladsen.\",\"breadcrumb\":{\"@id\":\"https:\\\/\\\/stopcarcinogensatwork.eu\\\/da\\\/generelt\\\/om-koereplanen-for-kraeftfremkaldende-stoffer\\\/#breadcrumb\"},\"inLanguage\":\"da-DK\",\"potentialAction\":[{\"@type\":\"ReadAction\",\"target\":[\"https:\\\/\\\/stopcarcinogensatwork.eu\\\/da\\\/generelt\\\/om-koereplanen-for-kraeftfremkaldende-stoffer\\\/\"]}]},{\"@type\":\"ImageObject\",\"inLanguage\":\"da-DK\",\"@id\":\"https:\\\/\\\/stopcarcinogensatwork.eu\\\/da\\\/generelt\\\/om-koereplanen-for-kraeftfremkaldende-stoffer\\\/#primaryimage\",\"url\":\"https:\\\/\\\/stopcarcinogensatwork.eu\\\/wp-content\\\/uploads\\\/2025\\\/11\\\/partners.jpg\",\"contentUrl\":\"https:\\\/\\\/stopcarcinogensatwork.eu\\\/wp-content\\\/uploads\\\/2025\\\/11\\\/partners.jpg\"},{\"@type\":\"BreadcrumbList\",\"@id\":\"https:\\\/\\\/stopcarcinogensatwork.eu\\\/da\\\/generelt\\\/om-koereplanen-for-kraeftfremkaldende-stoffer\\\/#breadcrumb\",\"itemListElement\":[{\"@type\":\"ListItem\",\"position\":1,\"name\":\"Home\",\"item\":\"https:\\\/\\\/stopcarcinogensatwork.eu\\\/da\\\/stop-kraeftfremkaldende-stoffer-paa-arbejdet\\\/\"},{\"@type\":\"ListItem\",\"position\":2,\"name\":\"Generelt\",\"item\":\"https:\\\/\\\/stopcarcinogensatwork.eu\\\/da\\\/generelt\\\/\"},{\"@type\":\"ListItem\",\"position\":3,\"name\":\"Om Roadmap on Carcinogens\"}]},{\"@type\":\"WebSite\",\"@id\":\"https:\\\/\\\/stopcarcinogensatwork.eu\\\/da\\\/#website\",\"url\":\"https:\\\/\\\/stopcarcinogensatwork.eu\\\/da\\\/\",\"name\":\"STOP Carcinogens at work\",\"description\":\"Every year, about 100.000 people die from cancer that was caused by exposure to carcinogens at work in Europe.\",\"publisher\":{\"@id\":\"https:\\\/\\\/stopcarcinogensatwork.eu\\\/da\\\/#organization\"},\"alternateName\":\"Roadmap on Carcinogens\",\"potentialAction\":[{\"@type\":\"SearchAction\",\"target\":{\"@type\":\"EntryPoint\",\"urlTemplate\":\"https:\\\/\\\/stopcarcinogensatwork.eu\\\/da\\\/?s={search_term_string}\"},\"query-input\":{\"@type\":\"PropertyValueSpecification\",\"valueRequired\":true,\"valueName\":\"search_term_string\"}}],\"inLanguage\":\"da-DK\"},{\"@type\":\"Organization\",\"@id\":\"https:\\\/\\\/stopcarcinogensatwork.eu\\\/da\\\/#organization\",\"name\":\"TNO\",\"alternateName\":\"This is a European wide voluntary action scheme\",\"url\":\"https:\\\/\\\/stopcarcinogensatwork.eu\\\/da\\\/\",\"logo\":{\"@type\":\"ImageObject\",\"inLanguage\":\"da-DK\",\"@id\":\"https:\\\/\\\/stopcarcinogensatwork.eu\\\/da\\\/#\\\/schema\\\/logo\\\/image\\\/\",\"url\":\"https:\\\/\\\/stopcarcinogensatwork.eu\\\/wp-content\\\/uploads\\\/2024\\\/08\\\/cropped-FavLarge-1.png\",\"contentUrl\":\"https:\\\/\\\/stopcarcinogensatwork.eu\\\/wp-content\\\/uploads\\\/2024\\\/08\\\/cropped-FavLarge-1.png\",\"width\":512,\"height\":512,\"caption\":\"TNO\"},\"image\":{\"@id\":\"https:\\\/\\\/stopcarcinogensatwork.eu\\\/da\\\/#\\\/schema\\\/logo\\\/image\\\/\"},\"publishingPrinciples\":\"https:\\\/\\\/stopcarcinogensatwork.eu\\\/homepage\\\/legal\\\/\",\"ownershipFundingInfo\":\"https:\\\/\\\/stopcarcinogensatwork.eu\\\/general\\\/about-us\\\/\"}]}<\/script>\n<!-- \/ Yoast SEO Premium plugin. -->","yoast_head_json":{"title":"Om Roadmap on Carcinogens - STOP carcinogens at work","description":"Denne hjemmeside er et frivilligt EU-handlingsprogram, der skal forhindre arbejdstagere i at blive udsat for kr\u00e6ftfremkaldende stoffer p\u00e5 arbejdspladsen.","robots":{"index":"index","follow":"follow","max-snippet":"max-snippet:-1","max-image-preview":"max-image-preview:large","max-video-preview":"max-video-preview:-1"},"canonical":"https:\/\/stopcarcinogensatwork.eu\/da\/generelt\/om-koereplanen-for-kraeftfremkaldende-stoffer\/","og_locale":"da_DK","og_type":"article","og_title":"Om Roadmap on Carcinogens","og_description":"Denne hjemmeside er et frivilligt EU-handlingsprogram, der skal forhindre arbejdstagere i at blive udsat for kr\u00e6ftfremkaldende stoffer p\u00e5 arbejdspladsen.","og_url":"https:\/\/stopcarcinogensatwork.eu\/da\/generelt\/om-koereplanen-for-kraeftfremkaldende-stoffer\/","og_site_name":"STOP carcinogens at work","article_modified_time":"2025-11-27T13:57:41+00:00","og_image":[{"width":2560,"height":967,"url":"https:\/\/stopcarcinogensatwork.eu\/wp-content\/uploads\/2025\/11\/partners.jpg","type":"image\/jpeg"}],"twitter_card":"summary_large_image","twitter_misc":{"Estimeret l\u00e6setid":"3 minutter"},"schema":{"@context":"https:\/\/schema.org","@graph":[{"@type":"WebPage","@id":"https:\/\/stopcarcinogensatwork.eu\/da\/generelt\/om-koereplanen-for-kraeftfremkaldende-stoffer\/","url":"https:\/\/stopcarcinogensatwork.eu\/da\/generelt\/om-koereplanen-for-kraeftfremkaldende-stoffer\/","name":"Om Roadmap on Carcinogens - STOP carcinogens at work","isPartOf":{"@id":"https:\/\/stopcarcinogensatwork.eu\/da\/#website"},"primaryImageOfPage":{"@id":"https:\/\/stopcarcinogensatwork.eu\/da\/generelt\/om-koereplanen-for-kraeftfremkaldende-stoffer\/#primaryimage"},"image":{"@id":"https:\/\/stopcarcinogensatwork.eu\/da\/generelt\/om-koereplanen-for-kraeftfremkaldende-stoffer\/#primaryimage"},"thumbnailUrl":"https:\/\/stopcarcinogensatwork.eu\/wp-content\/uploads\/2025\/11\/partners.jpg","datePublished":"2024-02-05T13:42:42+00:00","dateModified":"2025-11-27T13:57:41+00:00","description":"Denne hjemmeside er et frivilligt EU-handlingsprogram, der skal forhindre arbejdstagere i at blive udsat for kr\u00e6ftfremkaldende stoffer p\u00e5 arbejdspladsen.","breadcrumb":{"@id":"https:\/\/stopcarcinogensatwork.eu\/da\/generelt\/om-koereplanen-for-kraeftfremkaldende-stoffer\/#breadcrumb"},"inLanguage":"da-DK","potentialAction":[{"@type":"ReadAction","target":["https:\/\/stopcarcinogensatwork.eu\/da\/generelt\/om-koereplanen-for-kraeftfremkaldende-stoffer\/"]}]},{"@type":"ImageObject","inLanguage":"da-DK","@id":"https:\/\/stopcarcinogensatwork.eu\/da\/generelt\/om-koereplanen-for-kraeftfremkaldende-stoffer\/#primaryimage","url":"https:\/\/stopcarcinogensatwork.eu\/wp-content\/uploads\/2025\/11\/partners.jpg","contentUrl":"https:\/\/stopcarcinogensatwork.eu\/wp-content\/uploads\/2025\/11\/partners.jpg"},{"@type":"BreadcrumbList","@id":"https:\/\/stopcarcinogensatwork.eu\/da\/generelt\/om-koereplanen-for-kraeftfremkaldende-stoffer\/#breadcrumb","itemListElement":[{"@type":"ListItem","position":1,"name":"Home","item":"https:\/\/stopcarcinogensatwork.eu\/da\/stop-kraeftfremkaldende-stoffer-paa-arbejdet\/"},{"@type":"ListItem","position":2,"name":"Generelt","item":"https:\/\/stopcarcinogensatwork.eu\/da\/generelt\/"},{"@type":"ListItem","position":3,"name":"Om Roadmap on Carcinogens"}]},{"@type":"WebSite","@id":"https:\/\/stopcarcinogensatwork.eu\/da\/#website","url":"https:\/\/stopcarcinogensatwork.eu\/da\/","name":"STOP Carcinogens at work","description":"Every year, about 100.000 people die from cancer that was caused by exposure to carcinogens at work in Europe.","publisher":{"@id":"https:\/\/stopcarcinogensatwork.eu\/da\/#organization"},"alternateName":"Roadmap on Carcinogens","potentialAction":[{"@type":"SearchAction","target":{"@type":"EntryPoint","urlTemplate":"https:\/\/stopcarcinogensatwork.eu\/da\/?s={search_term_string}"},"query-input":{"@type":"PropertyValueSpecification","valueRequired":true,"valueName":"search_term_string"}}],"inLanguage":"da-DK"},{"@type":"Organization","@id":"https:\/\/stopcarcinogensatwork.eu\/da\/#organization","name":"TNO","alternateName":"This is a European wide voluntary action scheme","url":"https:\/\/stopcarcinogensatwork.eu\/da\/","logo":{"@type":"ImageObject","inLanguage":"da-DK","@id":"https:\/\/stopcarcinogensatwork.eu\/da\/#\/schema\/logo\/image\/","url":"https:\/\/stopcarcinogensatwork.eu\/wp-content\/uploads\/2024\/08\/cropped-FavLarge-1.png","contentUrl":"https:\/\/stopcarcinogensatwork.eu\/wp-content\/uploads\/2024\/08\/cropped-FavLarge-1.png","width":512,"height":512,"caption":"TNO"},"image":{"@id":"https:\/\/stopcarcinogensatwork.eu\/da\/#\/schema\/logo\/image\/"},"publishingPrinciples":"https:\/\/stopcarcinogensatwork.eu\/homepage\/legal\/","ownershipFundingInfo":"https:\/\/stopcarcinogensatwork.eu\/general\/about-us\/"}]}},"_links":{"self":[{"href":"https:\/\/stopcarcinogensatwork.eu\/da\/wp-json\/wp\/v2\/pages\/72327","targetHints":{"allow":["GET"]}}],"collection":[{"href":"https:\/\/stopcarcinogensatwork.eu\/da\/wp-json\/wp\/v2\/pages"}],"about":[{"href":"https:\/\/stopcarcinogensatwork.eu\/da\/wp-json\/wp\/v2\/types\/page"}],"author":[{"embeddable":true,"href":"https:\/\/stopcarcinogensatwork.eu\/da\/wp-json\/wp\/v2\/users\/1"}],"replies":[{"embeddable":true,"href":"https:\/\/stopcarcinogensatwork.eu\/da\/wp-json\/wp\/v2\/comments?post=72327"}],"version-history":[{"count":0,"href":"https:\/\/stopcarcinogensatwork.eu\/da\/wp-json\/wp\/v2\/pages\/72327\/revisions"}],"up":[{"embeddable":true,"href":"https:\/\/stopcarcinogensatwork.eu\/da\/wp-json\/wp\/v2\/pages\/75992"}],"wp:attachment":[{"href":"https:\/\/stopcarcinogensatwork.eu\/da\/wp-json\/wp\/v2\/media?parent=72327"}],"curies":[{"name":"wp","href":"https:\/\/api.w.org\/{rel}","templated":true}]}}