{"id":72330,"date":"2024-03-06T08:45:07","date_gmt":"2024-03-06T08:45:07","guid":{"rendered":"https:\/\/stopcarcinogensatwork.eu\/laer-om-de-grundlaeggende-forebyggelsesstrategier\/s-udskiftning\/"},"modified":"2024-03-06T08:45:07","modified_gmt":"2024-03-06T08:45:07","slug":"s-udskiftning","status":"publish","type":"page","link":"https:\/\/stopcarcinogensatwork.eu\/da\/laer-om-de-grundlaeggende-forebyggelsesstrategier\/s-udskiftning\/","title":{"rendered":"S &#8211; Udskiftning"},"content":{"rendered":"<blockquote><p>STOP-princippet beskriver prioritetsr\u00e6kkef\u00f8lgen for beskyttelsesforanstaltninger. Arbejdsgiveren skal overholde denne prioriteringsr\u00e6kkef\u00f8lge, n\u00e5r han fastl\u00e6gger og anvender beskyttelsesforanstaltninger. Her vil vi fokusere p\u00e5 det f\u00f8rste niveau, S for substitution. Overvej venligst S f\u00f8rst. Bem\u00e6rk ogs\u00e5, at der kan anvendes en kombination af foranstaltninger.    <\/p><\/blockquote>\n<p>Substitution af kr\u00e6ftfremkaldende stoffer kan v\u00e6re en udfordring. Et teknisk tilsvarende alternativ skal v\u00e6re tilg\u00e6ngeligt og gennemf\u00f8rligt. Risikoen fra alternativet skal v\u00e6re lavere end fra det erstattede kr\u00e6ftfremkaldende stof. Hvis en evaluering ikke giver mulighed for at erstatte et bestemt kr\u00e6ftfremkaldende stof, skal \u00e5rsagerne dokumenteres p\u00e5 en gennemsigtig m\u00e5de.   <\/p>\n<p>Generelt reducerer vellykket substitution risici for medarbejdere og giver arbejdsgivere mulighed for at gennemf\u00f8re mindre kr\u00e6vende risikostyringsforanstaltninger. N\u00e5r man helt fjerner eksponeringen for et kr\u00e6ftfremkaldende stof, er der ikke behov for et eksponeringsregister eller for at opbevare det i op til 40 \u00e5r. Det kan reducere omkostningerne til f.eks. sikkerhedsudstyr, affald og l\u00e6geunders\u00f8gelser. Frem for alt gavner substitution arbejdstagernes sundhed.   <\/p>\n<p>Ved vurdering af udskiftning,<\/p>\n<ul>\n<li>Tjek de juridiske forpligtelser, der kan begr\u00e6nse brugen af det kr\u00e6ftfremkaldende stof. Et eksempel er godkendelse under REACH. <\/li>\n<li>Identificer de kr\u00e6ftfremkaldende stoffer med den h\u00f8jeste risiko p\u00e5 arbejdspladsen, og overvej dem f\u00f8rst.<\/li>\n<li>Find ud af, om det anvendte kr\u00e6ftfremkaldende stof har en funktion i den endelige blanding eller artikel. Hvis det er tilf\u00e6ldet, er disse kr\u00e6ftfremkaldende stoffer normalt sv\u00e6rere at erstatte og kan kr\u00e6ve et nyt design af din blanding eller artikel eller mere omfattende \u00e6ndringer af hele produktionsprocessen. <\/li>\n<li>Find ud af, hvilke kriterier din kunde virkelig har brug for, og hvor disse kriterier er fleksible, s\u00e5 de kan \u00e6ndres.<\/li>\n<li>Opstil kriterier for substitution, som er relevante for dig og din virksomhed. V\u00e6r opm\u00e6rksom p\u00e5, at et meget sikrere alternativ ikke b\u00f8r ignoreres blot p\u00e5 grund af omkostningerne. <\/li>\n<li>Identificer, hvem der skal involveres i din forsyningsk\u00e6de.<\/li>\n<li>Saml information om tilg\u00e6ngelige alternativer, og tr\u00e6f informerede beslutninger. L\u00f8sninger er m\u00e5ske allerede tilg\u00e6ngelige. <\/li>\n<li>Overvej b\u00e6redygtighedsaspekter, f.eks. CO2-aftryk, udledning af drivhusgasser og genanvendelighed, som bliver mere og mere vigtige.<\/li>\n<li>Et alternativ beh\u00f8ver ikke at v\u00e6re en universall\u00f8sning. Overvej i stedet en kombination af flere typer foranstaltninger. <\/li>\n<\/ul>\n<h2>Nogle tiltag at overveje<\/h2>\n<h3>Alternative stoffer eller blandinger<\/h3>\n<p>Ofte er substitution med et alternativt stof eller en blanding lettere at implementere i allerede etablerede produktionsprocesser og kr\u00e6ver m\u00e5ske kun sm\u00e5 justeringer. Undg\u00e5 dog beklagelig substitution ved at substituere med alternativer inden for samme kemiske gruppe og med en lignende toksikologisk profil. Oplysninger om kemiske egenskaber, is\u00e6r damptryk, og klassificering er tilg\u00e6ngelige i sikkerhedsdatabladet fra din leverand\u00f8r og i dedikerede kemikaliedatabaser, f.eks. hos ECHA.  <\/p>\n<p>Eksempel: krom (III) i stedet for krom (VI) i overfladebehandling af dekorativ forkromning.<\/p>\n<h3>Tekniske alternativer<\/h3>\n<p>Tekniske alternativer opn\u00e5r det samme resultat med en anden proces. For eksempel ved at bruge en fysisk proces i stedet for en kemisk proces. \u00c6ndringer af processer kr\u00e6ver ofte anvendelse af alternative stoffer. Egenskaberne ved det endelige produkt eller materiale kan ogs\u00e5 \u00e6ndre sig.   <\/p>\n<p>Eksempel: fysisk dampudf\u00e6ldning (PVD) i stedet for forkromning med krom (VI) til visse anvendelser.<\/p>\n<h3>Funktionelle alternativer<\/h3>\n<p>At s\u00e6tte fokus p\u00e5 funktionen i den endelige blanding eller artikel kan hj\u00e6lpe med at overveje en bredere vifte af alternativer, men det kan kr\u00e6ve et nyt design. En specifik funktion kan leveres med et alternativ, s\u00e5 l\u00e6nge det er plausibelt og muligt. <\/p>\n<p>Eksempel: udskiftning af overfladebehandling med krom (VI) med beskyttelse af overfladen med voks eller polish, hvilket forhindrer hurtig korrosion ved uds\u00e6ttelse for ilt og vand.<\/p>\n","protected":false},"excerpt":{"rendered":"<p>STOP-princippet beskriver prioritetsr\u00e6kkef\u00f8lgen for beskyttelsesforanstaltninger. Arbejdsgiveren skal overholde denne prioriteringsr\u00e6kkef\u00f8lge, n\u00e5r han fastl\u00e6gger og anvender beskyttelsesforanstaltninger. Her vil vi fokusere p\u00e5 det f\u00f8rste niveau, S for substitution. Overvej venligst S f\u00f8rst. Bem\u00e6rk ogs\u00e5, at der kan anvendes en kombination af foranstaltninger. Substitution af kr\u00e6ftfremkaldende stoffer kan v\u00e6re en udfordring. Et teknisk tilsvarende alternativ skal v\u00e6re [&hellip;]<\/p>\n","protected":false},"author":1,"featured_media":0,"parent":72314,"menu_order":0,"comment_status":"closed","ping_status":"closed","template":"","meta":{"inline_featured_image":false,"footnotes":""},"class_list":["post-72330","page","type-page","status-publish","hentry"],"yoast_head":"<!-- This site is optimized with the Yoast SEO Premium plugin v27.0 (Yoast SEO v27.4) - https:\/\/yoast.com\/product\/yoast-seo-premium-wordpress\/ -->\n<title>S - Udskiftning - STOP carcinogens at work<\/title>\n<meta name=\"description\" content=\"Every year, more than 100.000 people die in the EU from cancer caused by carcinogens at work. This must STOP!\" \/>\n<meta name=\"robots\" content=\"index, follow, max-snippet:-1, max-image-preview:large, max-video-preview:-1\" \/>\n<link rel=\"canonical\" href=\"https:\/\/stopcarcinogensatwork.eu\/da\/laer-om-de-grundlaeggende-forebyggelsesstrategier\/s-udskiftning\/\" \/>\n<meta property=\"og:locale\" content=\"da_DK\" \/>\n<meta property=\"og:type\" content=\"article\" \/>\n<meta property=\"og:title\" content=\"S - Udskiftning\" \/>\n<meta property=\"og:description\" content=\"Every year, more than 100.000 people die in the EU from cancer caused by carcinogens at work. This must STOP!\" \/>\n<meta property=\"og:url\" content=\"https:\/\/stopcarcinogensatwork.eu\/da\/laer-om-de-grundlaeggende-forebyggelsesstrategier\/s-udskiftning\/\" \/>\n<meta property=\"og:site_name\" content=\"STOP carcinogens at work\" \/>\n<meta name=\"twitter:card\" content=\"summary_large_image\" \/>\n<meta name=\"twitter:label1\" content=\"Estimeret l\u00e6setid\" \/>\n\t<meta name=\"twitter:data1\" content=\"3 minutter\" \/>\n<script type=\"application\/ld+json\" class=\"yoast-schema-graph\">{\"@context\":\"https:\\\/\\\/schema.org\",\"@graph\":[{\"@type\":\"WebPage\",\"@id\":\"https:\\\/\\\/stopcarcinogensatwork.eu\\\/da\\\/laer-om-de-grundlaeggende-forebyggelsesstrategier\\\/s-udskiftning\\\/\",\"url\":\"https:\\\/\\\/stopcarcinogensatwork.eu\\\/da\\\/laer-om-de-grundlaeggende-forebyggelsesstrategier\\\/s-udskiftning\\\/\",\"name\":\"S - Udskiftning - STOP carcinogens at work\",\"isPartOf\":{\"@id\":\"https:\\\/\\\/stopcarcinogensatwork.eu\\\/da\\\/#website\"},\"datePublished\":\"2024-03-06T08:45:07+00:00\",\"description\":\"Every year, more than 100.000 people die in the EU from cancer caused by carcinogens at work. This must STOP!\",\"breadcrumb\":{\"@id\":\"https:\\\/\\\/stopcarcinogensatwork.eu\\\/da\\\/laer-om-de-grundlaeggende-forebyggelsesstrategier\\\/s-udskiftning\\\/#breadcrumb\"},\"inLanguage\":\"da-DK\",\"potentialAction\":[{\"@type\":\"ReadAction\",\"target\":[\"https:\\\/\\\/stopcarcinogensatwork.eu\\\/da\\\/laer-om-de-grundlaeggende-forebyggelsesstrategier\\\/s-udskiftning\\\/\"]}]},{\"@type\":\"BreadcrumbList\",\"@id\":\"https:\\\/\\\/stopcarcinogensatwork.eu\\\/da\\\/laer-om-de-grundlaeggende-forebyggelsesstrategier\\\/s-udskiftning\\\/#breadcrumb\",\"itemListElement\":[{\"@type\":\"ListItem\",\"position\":1,\"name\":\"Home\",\"item\":\"https:\\\/\\\/stopcarcinogensatwork.eu\\\/da\\\/stop-kraeftfremkaldende-stoffer-paa-arbejdet\\\/\"},{\"@type\":\"ListItem\",\"position\":2,\"name\":\"L\u00e6r om de grundl\u00e6ggende forebyggelsesstrategier\",\"item\":\"https:\\\/\\\/stopcarcinogensatwork.eu\\\/da\\\/laer-om-de-grundlaeggende-forebyggelsesstrategier\\\/\"},{\"@type\":\"ListItem\",\"position\":3,\"name\":\"S &#8211; Udskiftning\"}]},{\"@type\":\"WebSite\",\"@id\":\"https:\\\/\\\/stopcarcinogensatwork.eu\\\/da\\\/#website\",\"url\":\"https:\\\/\\\/stopcarcinogensatwork.eu\\\/da\\\/\",\"name\":\"STOP Carcinogens at work\",\"description\":\"Every year, about 100.000 people die from cancer that was caused by exposure to carcinogens at work in Europe.\",\"publisher\":{\"@id\":\"https:\\\/\\\/stopcarcinogensatwork.eu\\\/da\\\/#organization\"},\"alternateName\":\"Roadmap on Carcinogens\",\"potentialAction\":[{\"@type\":\"SearchAction\",\"target\":{\"@type\":\"EntryPoint\",\"urlTemplate\":\"https:\\\/\\\/stopcarcinogensatwork.eu\\\/da\\\/?s={search_term_string}\"},\"query-input\":{\"@type\":\"PropertyValueSpecification\",\"valueRequired\":true,\"valueName\":\"search_term_string\"}}],\"inLanguage\":\"da-DK\"},{\"@type\":\"Organization\",\"@id\":\"https:\\\/\\\/stopcarcinogensatwork.eu\\\/da\\\/#organization\",\"name\":\"TNO\",\"alternateName\":\"This is a European wide voluntary action scheme\",\"url\":\"https:\\\/\\\/stopcarcinogensatwork.eu\\\/da\\\/\",\"logo\":{\"@type\":\"ImageObject\",\"inLanguage\":\"da-DK\",\"@id\":\"https:\\\/\\\/stopcarcinogensatwork.eu\\\/da\\\/#\\\/schema\\\/logo\\\/image\\\/\",\"url\":\"https:\\\/\\\/stopcarcinogensatwork.eu\\\/wp-content\\\/uploads\\\/2024\\\/08\\\/cropped-FavLarge-1.png\",\"contentUrl\":\"https:\\\/\\\/stopcarcinogensatwork.eu\\\/wp-content\\\/uploads\\\/2024\\\/08\\\/cropped-FavLarge-1.png\",\"width\":512,\"height\":512,\"caption\":\"TNO\"},\"image\":{\"@id\":\"https:\\\/\\\/stopcarcinogensatwork.eu\\\/da\\\/#\\\/schema\\\/logo\\\/image\\\/\"},\"publishingPrinciples\":\"https:\\\/\\\/stopcarcinogensatwork.eu\\\/homepage\\\/legal\\\/\",\"ownershipFundingInfo\":\"https:\\\/\\\/stopcarcinogensatwork.eu\\\/general\\\/about-us\\\/\"}]}<\/script>\n<!-- \/ Yoast SEO Premium plugin. -->","yoast_head_json":{"title":"S - Udskiftning - STOP carcinogens at work","description":"Every year, more than 100.000 people die in the EU from cancer caused by carcinogens at work. This must STOP!","robots":{"index":"index","follow":"follow","max-snippet":"max-snippet:-1","max-image-preview":"max-image-preview:large","max-video-preview":"max-video-preview:-1"},"canonical":"https:\/\/stopcarcinogensatwork.eu\/da\/laer-om-de-grundlaeggende-forebyggelsesstrategier\/s-udskiftning\/","og_locale":"da_DK","og_type":"article","og_title":"S - Udskiftning","og_description":"Every year, more than 100.000 people die in the EU from cancer caused by carcinogens at work. This must STOP!","og_url":"https:\/\/stopcarcinogensatwork.eu\/da\/laer-om-de-grundlaeggende-forebyggelsesstrategier\/s-udskiftning\/","og_site_name":"STOP carcinogens at work","twitter_card":"summary_large_image","twitter_misc":{"Estimeret l\u00e6setid":"3 minutter"},"schema":{"@context":"https:\/\/schema.org","@graph":[{"@type":"WebPage","@id":"https:\/\/stopcarcinogensatwork.eu\/da\/laer-om-de-grundlaeggende-forebyggelsesstrategier\/s-udskiftning\/","url":"https:\/\/stopcarcinogensatwork.eu\/da\/laer-om-de-grundlaeggende-forebyggelsesstrategier\/s-udskiftning\/","name":"S - Udskiftning - STOP carcinogens at work","isPartOf":{"@id":"https:\/\/stopcarcinogensatwork.eu\/da\/#website"},"datePublished":"2024-03-06T08:45:07+00:00","description":"Every year, more than 100.000 people die in the EU from cancer caused by carcinogens at work. This must STOP!","breadcrumb":{"@id":"https:\/\/stopcarcinogensatwork.eu\/da\/laer-om-de-grundlaeggende-forebyggelsesstrategier\/s-udskiftning\/#breadcrumb"},"inLanguage":"da-DK","potentialAction":[{"@type":"ReadAction","target":["https:\/\/stopcarcinogensatwork.eu\/da\/laer-om-de-grundlaeggende-forebyggelsesstrategier\/s-udskiftning\/"]}]},{"@type":"BreadcrumbList","@id":"https:\/\/stopcarcinogensatwork.eu\/da\/laer-om-de-grundlaeggende-forebyggelsesstrategier\/s-udskiftning\/#breadcrumb","itemListElement":[{"@type":"ListItem","position":1,"name":"Home","item":"https:\/\/stopcarcinogensatwork.eu\/da\/stop-kraeftfremkaldende-stoffer-paa-arbejdet\/"},{"@type":"ListItem","position":2,"name":"L\u00e6r om de grundl\u00e6ggende forebyggelsesstrategier","item":"https:\/\/stopcarcinogensatwork.eu\/da\/laer-om-de-grundlaeggende-forebyggelsesstrategier\/"},{"@type":"ListItem","position":3,"name":"S &#8211; Udskiftning"}]},{"@type":"WebSite","@id":"https:\/\/stopcarcinogensatwork.eu\/da\/#website","url":"https:\/\/stopcarcinogensatwork.eu\/da\/","name":"STOP Carcinogens at work","description":"Every year, about 100.000 people die from cancer that was caused by exposure to carcinogens at work in Europe.","publisher":{"@id":"https:\/\/stopcarcinogensatwork.eu\/da\/#organization"},"alternateName":"Roadmap on Carcinogens","potentialAction":[{"@type":"SearchAction","target":{"@type":"EntryPoint","urlTemplate":"https:\/\/stopcarcinogensatwork.eu\/da\/?s={search_term_string}"},"query-input":{"@type":"PropertyValueSpecification","valueRequired":true,"valueName":"search_term_string"}}],"inLanguage":"da-DK"},{"@type":"Organization","@id":"https:\/\/stopcarcinogensatwork.eu\/da\/#organization","name":"TNO","alternateName":"This is a European wide voluntary action scheme","url":"https:\/\/stopcarcinogensatwork.eu\/da\/","logo":{"@type":"ImageObject","inLanguage":"da-DK","@id":"https:\/\/stopcarcinogensatwork.eu\/da\/#\/schema\/logo\/image\/","url":"https:\/\/stopcarcinogensatwork.eu\/wp-content\/uploads\/2024\/08\/cropped-FavLarge-1.png","contentUrl":"https:\/\/stopcarcinogensatwork.eu\/wp-content\/uploads\/2024\/08\/cropped-FavLarge-1.png","width":512,"height":512,"caption":"TNO"},"image":{"@id":"https:\/\/stopcarcinogensatwork.eu\/da\/#\/schema\/logo\/image\/"},"publishingPrinciples":"https:\/\/stopcarcinogensatwork.eu\/homepage\/legal\/","ownershipFundingInfo":"https:\/\/stopcarcinogensatwork.eu\/general\/about-us\/"}]}},"_links":{"self":[{"href":"https:\/\/stopcarcinogensatwork.eu\/da\/wp-json\/wp\/v2\/pages\/72330","targetHints":{"allow":["GET"]}}],"collection":[{"href":"https:\/\/stopcarcinogensatwork.eu\/da\/wp-json\/wp\/v2\/pages"}],"about":[{"href":"https:\/\/stopcarcinogensatwork.eu\/da\/wp-json\/wp\/v2\/types\/page"}],"author":[{"embeddable":true,"href":"https:\/\/stopcarcinogensatwork.eu\/da\/wp-json\/wp\/v2\/users\/1"}],"replies":[{"embeddable":true,"href":"https:\/\/stopcarcinogensatwork.eu\/da\/wp-json\/wp\/v2\/comments?post=72330"}],"version-history":[{"count":0,"href":"https:\/\/stopcarcinogensatwork.eu\/da\/wp-json\/wp\/v2\/pages\/72330\/revisions"}],"up":[{"embeddable":true,"href":"https:\/\/stopcarcinogensatwork.eu\/da\/wp-json\/wp\/v2\/pages\/72314"}],"wp:attachment":[{"href":"https:\/\/stopcarcinogensatwork.eu\/da\/wp-json\/wp\/v2\/media?parent=72330"}],"curies":[{"name":"wp","href":"https:\/\/api.w.org\/{rel}","templated":true}]}}