{"id":75991,"date":"2024-04-12T09:14:49","date_gmt":"2024-04-12T09:14:49","guid":{"rendered":"https:\/\/stopcarcinogensatwork.eu\/stop-kraeftfremkaldende-stoffer-paa-arbejdet\/rettigheder-og-pligter\/"},"modified":"2025-08-12T11:21:41","modified_gmt":"2025-08-12T11:21:41","slug":"rettigheder-og-pligter","status":"publish","type":"page","link":"https:\/\/stopcarcinogensatwork.eu\/da\/stop-kraeftfremkaldende-stoffer-paa-arbejdet\/rettigheder-og-pligter\/","title":{"rendered":"Rettigheder og pligter"},"content":{"rendered":"<blockquote><p>N\u00e5r man arbejder med carcinogene stoffer, har b\u00e5de arbejdsgivere og medarbejdere rettigheder og pligter. Dit velbefindende er garanteret af visse pligter for din arbejdsgiver, der er fastlagt i direktivet om carcinogener, mutagener og reproduktionstoksiske stoffer (CMRD). Det er dog ogs\u00e5 vigtigt, at du handler i overensstemmelse med arbejdspladsens instruktioner.  <\/p><\/blockquote>\n<p><a href=\"https:\/\/osha.europa.eu\/nl\/legislation\/directive\/directive-200437ec-carcinogens-or-mutagens-work\">L\u00e6s mere om CMRD her  <\/a><\/p>\n<h2>Medarbejdernes rettigheder og pligter<\/h2>\n<blockquote><p>Alle arbejdsgivere skal foretage en Risikovurdering. I denne risikovurdering identificeres alle potentielle sundhedsrisici, og der skal tr\u00e6ffes foranstaltninger for at forhindre disse risici. Dette omfatter blandt andet farlige stoffer, men ogs\u00e5 mentale og fysiske risici.  <\/p><\/blockquote>\n<h3>Instruktioner og tr\u00e6ning<\/h3>\n<p>Du skal have instruktioner og tr\u00e6ning, f\u00f8r du g\u00e5r i gang med en opgave. Arbejderne skal deltage i disse tr\u00e6ninger og skal f\u00f8lge instruktionerne. Gentagelse af tr\u00e6ning og tilpasning af driftsinstruktioner hj\u00e6lper dig med at v\u00e6re opm\u00e6rksom p\u00e5 de risici, der er forbundet med opgaverne.  <\/p>\n<h3>Medicinsk overv\u00e5gning og dokumentation<\/h3>\n<p>N\u00e5r du arbejder med et carcinogen, skal din arbejdsgiver tilbyde medicinsk overv\u00e5gning. Det tjener til at informere dig om potentielle sundhedsrisici i forbindelse med din opgave. Afh\u00e6ngigt af typen af arbejde og eksponeringsrisici kan den medicinske overv\u00e5gning best\u00e5 af kontroller baseret p\u00e5 en unders\u00f8gelse eller regelm\u00e6ssige l\u00e6geunders\u00f8gelser. Skulle du nogensinde f\u00e5 helbredsproblemer, som kan v\u00e6re arbejdsrelaterede, selv efter at du har skiftet virksomhed eller er g\u00e5et p\u00e5 pension, vil dokumentationspligten for opgaver med carcinogener sikre, at du f\u00e5r anerkendt en erhvervssygdom.   <\/p>\n<h3>Samarbejde<\/h3>\n<p>V\u00e6r opm\u00e6rksom p\u00e5, at det ogs\u00e5 er din pligt at samarbejde med din arbejdsgiver. Protokoller for arbejdsplads og personlig hygiejne (tag f.eks. ikke arbejdst\u00f8j med hjem) er en vigtig faktor for at sikre dit og din families helbred og b\u00f8r altid f\u00f8lges. <\/p>\n<p><a href=\"https:\/\/stopcarcinogensatwork.eu\/da\/laer-om-de-grundlaeggende-forebyggelsesstrategier\/\">L\u00e6s mere om forebyggelsesstrategierne<\/a><\/p>\n<h2>Pligter for arbejdsgivere<\/h2>\n<blockquote><p>At sikre dine medarbejderes velbefindende er garanteret af visse pligter, der er fastlagt i direktivet om carcinogener, mutagener og reproduktionsskadelige stoffer (CMRD). L\u00e6s mere om det her. Unders\u00f8gelse af farlige stoffer og iv\u00e6rks\u00e6ttelse af de rigtige foranstaltninger er ikke s\u00e5 let og kan kr\u00e6ve en masse ekspertise. Derfor kan det v\u00e6re nyttigt at bede om hj\u00e6lp fra en arbejdsmediciner: en arbejdsmilj\u00f8ekspert, der er specialiseret i stoffer.   <\/p><\/blockquote>\n<p>Bem\u00e6rk, at nationale krav kan afvige fra direktivet. Hvis dette er tilf\u00e6ldet, bedes du kontakte dine nationale myndigheder om lovkrav for farlige stoffer. <\/p>\n<p>Dokumentation af opgaver, der involverer carcinogener, er obligatorisk. <a href=\"https:\/\/stopcarcinogensatwork.eu\/da\/registre-over-arbejdere-der-er-udsat-for-carcinogener\/\">I denne liste har vi samlet eksempler p\u00e5 nationale l\u00f8sninger til at underst\u00f8tte dokumentationen<\/a>.<\/p>\n<p>Indholdsfortegnelse<\/p>\n<p><a href=\"#top\"> <\/a><\/p>\n","protected":false},"excerpt":{"rendered":"<p>N\u00e5r man arbejder med carcinogene stoffer, har b\u00e5de arbejdsgivere og medarbejdere rettigheder og pligter. Dit velbefindende er garanteret af visse pligter for din arbejdsgiver, der er fastlagt i direktivet om carcinogener, mutagener og reproduktionstoksiske stoffer (CMRD). Det er dog ogs\u00e5 vigtigt, at du handler i overensstemmelse med arbejdspladsens instruktioner. L\u00e6s mere om CMRD her Medarbejdernes [&hellip;]<\/p>\n","protected":false},"author":1,"featured_media":0,"parent":72319,"menu_order":0,"comment_status":"closed","ping_status":"closed","template":"","meta":{"inline_featured_image":false,"footnotes":""},"class_list":["post-75991","page","type-page","status-publish","hentry"],"yoast_head":"<!-- This site is optimized with the Yoast SEO Premium plugin v27.0 (Yoast SEO v27.4) - https:\/\/yoast.com\/product\/yoast-seo-premium-wordpress\/ -->\n<title>Rettigheder og pligter - STOP carcinogens at work<\/title>\n<meta name=\"description\" content=\"Opdag dine rettigheder og pligter, n\u00e5r du arbejder med carcinogener, herunder krav til risikovurderinger, uddannelse og medicinsk overv\u00e5gning.\" \/>\n<meta name=\"robots\" content=\"index, follow, max-snippet:-1, max-image-preview:large, max-video-preview:-1\" \/>\n<link rel=\"canonical\" href=\"https:\/\/stopcarcinogensatwork.eu\/da\/stop-kraeftfremkaldende-stoffer-paa-arbejdet\/rettigheder-og-pligter\/\" \/>\n<meta property=\"og:locale\" content=\"da_DK\" \/>\n<meta property=\"og:type\" content=\"article\" \/>\n<meta property=\"og:title\" content=\"Rettigheder og pligter\" \/>\n<meta property=\"og:description\" content=\"Opdag dine rettigheder og pligter, n\u00e5r du arbejder med carcinogener, herunder krav til risikovurderinger, uddannelse og medicinsk overv\u00e5gning.\" \/>\n<meta property=\"og:url\" content=\"https:\/\/stopcarcinogensatwork.eu\/da\/stop-kraeftfremkaldende-stoffer-paa-arbejdet\/rettigheder-og-pligter\/\" \/>\n<meta property=\"og:site_name\" content=\"STOP carcinogens at work\" \/>\n<meta property=\"article:modified_time\" content=\"2025-08-12T11:21:41+00:00\" \/>\n<meta name=\"twitter:card\" content=\"summary_large_image\" \/>\n<meta name=\"twitter:label1\" content=\"Estimeret l\u00e6setid\" \/>\n\t<meta name=\"twitter:data1\" content=\"2 minutter\" \/>\n<script type=\"application\/ld+json\" class=\"yoast-schema-graph\">{\"@context\":\"https:\\\/\\\/schema.org\",\"@graph\":[{\"@type\":\"WebPage\",\"@id\":\"https:\\\/\\\/stopcarcinogensatwork.eu\\\/da\\\/stop-kraeftfremkaldende-stoffer-paa-arbejdet\\\/rettigheder-og-pligter\\\/\",\"url\":\"https:\\\/\\\/stopcarcinogensatwork.eu\\\/da\\\/stop-kraeftfremkaldende-stoffer-paa-arbejdet\\\/rettigheder-og-pligter\\\/\",\"name\":\"Rettigheder og pligter - STOP carcinogens at work\",\"isPartOf\":{\"@id\":\"https:\\\/\\\/stopcarcinogensatwork.eu\\\/da\\\/#website\"},\"datePublished\":\"2024-04-12T09:14:49+00:00\",\"dateModified\":\"2025-08-12T11:21:41+00:00\",\"description\":\"Opdag dine rettigheder og pligter, n\u00e5r du arbejder med carcinogener, herunder krav til risikovurderinger, uddannelse og medicinsk overv\u00e5gning.\",\"breadcrumb\":{\"@id\":\"https:\\\/\\\/stopcarcinogensatwork.eu\\\/da\\\/stop-kraeftfremkaldende-stoffer-paa-arbejdet\\\/rettigheder-og-pligter\\\/#breadcrumb\"},\"inLanguage\":\"da-DK\",\"potentialAction\":[{\"@type\":\"ReadAction\",\"target\":[\"https:\\\/\\\/stopcarcinogensatwork.eu\\\/da\\\/stop-kraeftfremkaldende-stoffer-paa-arbejdet\\\/rettigheder-og-pligter\\\/\"]}]},{\"@type\":\"BreadcrumbList\",\"@id\":\"https:\\\/\\\/stopcarcinogensatwork.eu\\\/da\\\/stop-kraeftfremkaldende-stoffer-paa-arbejdet\\\/rettigheder-og-pligter\\\/#breadcrumb\",\"itemListElement\":[{\"@type\":\"ListItem\",\"position\":1,\"name\":\"Home\",\"item\":\"https:\\\/\\\/stopcarcinogensatwork.eu\\\/da\\\/stop-kraeftfremkaldende-stoffer-paa-arbejdet\\\/\"},{\"@type\":\"ListItem\",\"position\":2,\"name\":\"STOP Carcinogens at work\",\"item\":\"https:\\\/\\\/stopcarcinogensatwork.eu\\\/da\\\/stop-kraeftfremkaldende-stoffer-paa-arbejdet\\\/\"},{\"@type\":\"ListItem\",\"position\":3,\"name\":\"Rettigheder og pligter\"}]},{\"@type\":\"WebSite\",\"@id\":\"https:\\\/\\\/stopcarcinogensatwork.eu\\\/da\\\/#website\",\"url\":\"https:\\\/\\\/stopcarcinogensatwork.eu\\\/da\\\/\",\"name\":\"STOP Carcinogens at work\",\"description\":\"Every year, about 100.000 people die from cancer that was caused by exposure to carcinogens at work in Europe.\",\"publisher\":{\"@id\":\"https:\\\/\\\/stopcarcinogensatwork.eu\\\/da\\\/#organization\"},\"alternateName\":\"Roadmap on Carcinogens\",\"potentialAction\":[{\"@type\":\"SearchAction\",\"target\":{\"@type\":\"EntryPoint\",\"urlTemplate\":\"https:\\\/\\\/stopcarcinogensatwork.eu\\\/da\\\/?s={search_term_string}\"},\"query-input\":{\"@type\":\"PropertyValueSpecification\",\"valueRequired\":true,\"valueName\":\"search_term_string\"}}],\"inLanguage\":\"da-DK\"},{\"@type\":\"Organization\",\"@id\":\"https:\\\/\\\/stopcarcinogensatwork.eu\\\/da\\\/#organization\",\"name\":\"TNO\",\"alternateName\":\"This is a European wide voluntary action scheme\",\"url\":\"https:\\\/\\\/stopcarcinogensatwork.eu\\\/da\\\/\",\"logo\":{\"@type\":\"ImageObject\",\"inLanguage\":\"da-DK\",\"@id\":\"https:\\\/\\\/stopcarcinogensatwork.eu\\\/da\\\/#\\\/schema\\\/logo\\\/image\\\/\",\"url\":\"https:\\\/\\\/stopcarcinogensatwork.eu\\\/wp-content\\\/uploads\\\/2024\\\/08\\\/cropped-FavLarge-1.png\",\"contentUrl\":\"https:\\\/\\\/stopcarcinogensatwork.eu\\\/wp-content\\\/uploads\\\/2024\\\/08\\\/cropped-FavLarge-1.png\",\"width\":512,\"height\":512,\"caption\":\"TNO\"},\"image\":{\"@id\":\"https:\\\/\\\/stopcarcinogensatwork.eu\\\/da\\\/#\\\/schema\\\/logo\\\/image\\\/\"},\"publishingPrinciples\":\"https:\\\/\\\/stopcarcinogensatwork.eu\\\/homepage\\\/legal\\\/\",\"ownershipFundingInfo\":\"https:\\\/\\\/stopcarcinogensatwork.eu\\\/general\\\/about-us\\\/\"}]}<\/script>\n<!-- \/ Yoast SEO Premium plugin. -->","yoast_head_json":{"title":"Rettigheder og pligter - STOP carcinogens at work","description":"Opdag dine rettigheder og pligter, n\u00e5r du arbejder med carcinogener, herunder krav til risikovurderinger, uddannelse og medicinsk overv\u00e5gning.","robots":{"index":"index","follow":"follow","max-snippet":"max-snippet:-1","max-image-preview":"max-image-preview:large","max-video-preview":"max-video-preview:-1"},"canonical":"https:\/\/stopcarcinogensatwork.eu\/da\/stop-kraeftfremkaldende-stoffer-paa-arbejdet\/rettigheder-og-pligter\/","og_locale":"da_DK","og_type":"article","og_title":"Rettigheder og pligter","og_description":"Opdag dine rettigheder og pligter, n\u00e5r du arbejder med carcinogener, herunder krav til risikovurderinger, uddannelse og medicinsk overv\u00e5gning.","og_url":"https:\/\/stopcarcinogensatwork.eu\/da\/stop-kraeftfremkaldende-stoffer-paa-arbejdet\/rettigheder-og-pligter\/","og_site_name":"STOP carcinogens at work","article_modified_time":"2025-08-12T11:21:41+00:00","twitter_card":"summary_large_image","twitter_misc":{"Estimeret l\u00e6setid":"2 minutter"},"schema":{"@context":"https:\/\/schema.org","@graph":[{"@type":"WebPage","@id":"https:\/\/stopcarcinogensatwork.eu\/da\/stop-kraeftfremkaldende-stoffer-paa-arbejdet\/rettigheder-og-pligter\/","url":"https:\/\/stopcarcinogensatwork.eu\/da\/stop-kraeftfremkaldende-stoffer-paa-arbejdet\/rettigheder-og-pligter\/","name":"Rettigheder og pligter - STOP carcinogens at work","isPartOf":{"@id":"https:\/\/stopcarcinogensatwork.eu\/da\/#website"},"datePublished":"2024-04-12T09:14:49+00:00","dateModified":"2025-08-12T11:21:41+00:00","description":"Opdag dine rettigheder og pligter, n\u00e5r du arbejder med carcinogener, herunder krav til risikovurderinger, uddannelse og medicinsk overv\u00e5gning.","breadcrumb":{"@id":"https:\/\/stopcarcinogensatwork.eu\/da\/stop-kraeftfremkaldende-stoffer-paa-arbejdet\/rettigheder-og-pligter\/#breadcrumb"},"inLanguage":"da-DK","potentialAction":[{"@type":"ReadAction","target":["https:\/\/stopcarcinogensatwork.eu\/da\/stop-kraeftfremkaldende-stoffer-paa-arbejdet\/rettigheder-og-pligter\/"]}]},{"@type":"BreadcrumbList","@id":"https:\/\/stopcarcinogensatwork.eu\/da\/stop-kraeftfremkaldende-stoffer-paa-arbejdet\/rettigheder-og-pligter\/#breadcrumb","itemListElement":[{"@type":"ListItem","position":1,"name":"Home","item":"https:\/\/stopcarcinogensatwork.eu\/da\/stop-kraeftfremkaldende-stoffer-paa-arbejdet\/"},{"@type":"ListItem","position":2,"name":"STOP Carcinogens at work","item":"https:\/\/stopcarcinogensatwork.eu\/da\/stop-kraeftfremkaldende-stoffer-paa-arbejdet\/"},{"@type":"ListItem","position":3,"name":"Rettigheder og pligter"}]},{"@type":"WebSite","@id":"https:\/\/stopcarcinogensatwork.eu\/da\/#website","url":"https:\/\/stopcarcinogensatwork.eu\/da\/","name":"STOP Carcinogens at work","description":"Every year, about 100.000 people die from cancer that was caused by exposure to carcinogens at work in Europe.","publisher":{"@id":"https:\/\/stopcarcinogensatwork.eu\/da\/#organization"},"alternateName":"Roadmap on Carcinogens","potentialAction":[{"@type":"SearchAction","target":{"@type":"EntryPoint","urlTemplate":"https:\/\/stopcarcinogensatwork.eu\/da\/?s={search_term_string}"},"query-input":{"@type":"PropertyValueSpecification","valueRequired":true,"valueName":"search_term_string"}}],"inLanguage":"da-DK"},{"@type":"Organization","@id":"https:\/\/stopcarcinogensatwork.eu\/da\/#organization","name":"TNO","alternateName":"This is a European wide voluntary action scheme","url":"https:\/\/stopcarcinogensatwork.eu\/da\/","logo":{"@type":"ImageObject","inLanguage":"da-DK","@id":"https:\/\/stopcarcinogensatwork.eu\/da\/#\/schema\/logo\/image\/","url":"https:\/\/stopcarcinogensatwork.eu\/wp-content\/uploads\/2024\/08\/cropped-FavLarge-1.png","contentUrl":"https:\/\/stopcarcinogensatwork.eu\/wp-content\/uploads\/2024\/08\/cropped-FavLarge-1.png","width":512,"height":512,"caption":"TNO"},"image":{"@id":"https:\/\/stopcarcinogensatwork.eu\/da\/#\/schema\/logo\/image\/"},"publishingPrinciples":"https:\/\/stopcarcinogensatwork.eu\/homepage\/legal\/","ownershipFundingInfo":"https:\/\/stopcarcinogensatwork.eu\/general\/about-us\/"}]}},"_links":{"self":[{"href":"https:\/\/stopcarcinogensatwork.eu\/da\/wp-json\/wp\/v2\/pages\/75991","targetHints":{"allow":["GET"]}}],"collection":[{"href":"https:\/\/stopcarcinogensatwork.eu\/da\/wp-json\/wp\/v2\/pages"}],"about":[{"href":"https:\/\/stopcarcinogensatwork.eu\/da\/wp-json\/wp\/v2\/types\/page"}],"author":[{"embeddable":true,"href":"https:\/\/stopcarcinogensatwork.eu\/da\/wp-json\/wp\/v2\/users\/1"}],"replies":[{"embeddable":true,"href":"https:\/\/stopcarcinogensatwork.eu\/da\/wp-json\/wp\/v2\/comments?post=75991"}],"version-history":[{"count":0,"href":"https:\/\/stopcarcinogensatwork.eu\/da\/wp-json\/wp\/v2\/pages\/75991\/revisions"}],"up":[{"embeddable":true,"href":"https:\/\/stopcarcinogensatwork.eu\/da\/wp-json\/wp\/v2\/pages\/72319"}],"wp:attachment":[{"href":"https:\/\/stopcarcinogensatwork.eu\/da\/wp-json\/wp\/v2\/media?parent=75991"}],"curies":[{"name":"wp","href":"https:\/\/api.w.org\/{rel}","templated":true}]}}