{"id":76011,"date":"2024-08-31T07:07:44","date_gmt":"2024-08-31T07:07:44","guid":{"rendered":"https:\/\/stopcarcinogensatwork.eu\/generelt\/om-koereplanen-for-kraeftfremkaldende-stoffer\/udfordringer\/"},"modified":"2025-10-21T10:19:06","modified_gmt":"2025-10-21T10:19:06","slug":"udfordringer","status":"publish","type":"page","link":"https:\/\/stopcarcinogensatwork.eu\/da\/generelt\/om-koereplanen-for-kraeftfremkaldende-stoffer\/udfordringer\/","title":{"rendered":"Udfordringer"},"content":{"rendered":"<p><img fetchpriority=\"high\" decoding=\"async\" class=\"alignnone wp-image-20623 size-full\" src=\"https:\/\/stopcarcinogensatwork.eu\/wp-content\/uploads\/2024\/08\/Pillars.png\" alt=\"\" width=\"1384\" height=\"736\" srcset=\"https:\/\/stopcarcinogensatwork.eu\/wp-content\/uploads\/2024\/08\/Pillars.png 1384w, https:\/\/stopcarcinogensatwork.eu\/wp-content\/uploads\/2024\/08\/Pillars-300x160.png 300w, https:\/\/stopcarcinogensatwork.eu\/wp-content\/uploads\/2024\/08\/Pillars-768x408.png 768w\" sizes=\"(max-width: 1384px) 100vw, 1384px\" \/><\/p>\n<blockquote><p>Fra 2021 begyndte Roadmap on Carcinogens at k\u00f8re tolv udfordringer for at f\u00e5 yderligere indflydelse og hj\u00e6lpe med at forhindre arbejdere i at blive udsat for carcinogener (<a href=\"https:\/\/stopcarcinogensatwork.eu\/wp-content\/uploads\/2024\/09\/200903_RoC2.0_Strategy.pdf\" target=\"_blank\" rel=\"noopener\">l\u00e6s hele strategien her<\/a>).<\/p><\/blockquote>\n<p>For perioden 2020-2024 har Roadmap opstillet f\u00f8lgende fire m\u00e5l:<\/p>\n<ul>\n<li><strong>S\u00f8jle 1:<\/strong> At skabe bevidsthed gennem Europa blandt virksomheder og arbejdere om risikoen for at blive udsat for carcinogene stoffer og behovet for forebyggende tiltag.<\/li>\n<li><strong>S\u00f8jle 2:<\/strong> Hj\u00e6lp til virksomheder og arbejdere med at forebygge eksponering for carcinogener p\u00e5 arbejdspladsen og minimere effekten p\u00e5 arbejdsstyrken.<\/li>\n<li><strong>S\u00f8jle 3:<\/strong> Engagere industri og sektorer og \u00f8ge inddragelsen af relevante parter for at \u00f8ge vores indsats i hele Europa.<\/li>\n<li><strong>S\u00f8jle 4:<\/strong> M\u00e5lrettet innovation for at bygge bro over kl\u00f8ften mellem forskningsresultater og virksomhedernes behov.<\/li>\n<\/ul>\n<p>Disse s\u00f8jler er opdelt i 12 udfordringer. Udf\u00f8relsen af disse udfordringer vil alle bidrage til at n\u00e5 disse m\u00e5l. Hver udfordring ledes af et team fra Roadmap-partnerne.  <\/p>\n<h3>Udfordring 1.1 &#8211; Bedre data<\/h3>\n<p>Bedre og mere detaljerede data om eksponering for carcinogener er afg\u00f8rende for at \u00f8ge bevidstheden om behovet for handling og for at overv\u00e5ge &#8211; is\u00e6r p\u00e5 lang sigt &#8211; om vi er i stand til at se et fald i brugen af kr\u00e6ftfremkaldende stoffer p\u00e5 fabriksgulvet.<\/p>\n<p><strong>Resultater:<\/strong><\/p>\n<ul>\n<li><a href=\"https:\/\/stopcarcinogensatwork.eu\/wp-content\/uploads\/2024\/08\/Ch1.1_Conclusion_Report_20230125.pdf\" target=\"_blank\" rel=\"noopener\">En detaljeret rapport er tilg\u00e6ngelig (pdf)<\/a>.<\/li>\n<li><a href=\"https:\/\/stopcarcinogensatwork.eu\/da\/maaledatabaser-om-erhvervsmaessig-eksponering-for-carcinogener\/\" target=\"_blank\" rel=\"noopener\">En oversigt over databaser til m\u00e5ling af eksponering findes <strong>p\u00e5 denne hjemmeside<\/strong><\/a><\/li>\n<li><a href=\"https:\/\/stopcarcinogensatwork.eu\/da\/registre-over-arbejdere-der-er-udsat-for-carcinogener\/\" target=\"_blank\" rel=\"noopener\">En oversigt over registre over arbejdere, der er udsat for carcinogener, findes <strong>p\u00e5 dette websted<\/strong><\/a><\/li>\n<li><a href=\"https:\/\/stopcarcinogensatwork.eu\/wp-content\/uploads\/2024\/08\/Ch1.1_joint_research_projects_v2.1.pdf\" target=\"_blank\" rel=\"noopener\">F\u00e6lles forskningsprojekter, der leverer data om erhvervsm\u00e6ssig eksponering for carcinogener (pdf)<\/a><\/li>\n<\/ul>\n<h3>Udfordring 1.2 &#8211; Undervisning er n\u00f8glen<\/h3>\n<p>Tro mod mottoet &#8220;You can&#8217;t teach an old dog new tricks&#8221; er det n\u00f8dvendigt at starte med oplysningsaktiviteter i folkeskolen og integrere det bedre i erhvervsuddannelserne.<\/p>\n<p><strong>Resultater:<\/strong><\/p>\n<ul>\n<li>Et s\u00e6t undervisningspr\u00e6sentationer til grundskolel\u00e6rere vil snart v\u00e6re tilg\u00e6ngelige.<\/li>\n<li>Et gamification-v\u00e6rkt\u00f8j er blevet udviklet og er <a href=\"https:\/\/stopcarcinogensatwork.eu\/de\/good-practice\/umgang-mit-den-risiken-von-karzinogenen-am-arbeitsplatz-durch-ein-lernspiel\/\" target=\"_blank\" rel=\"noopener\"><strong>gjort <\/strong><strong>tilg\u00e6ngeligt via denne hjemmeside.<\/strong><\/a><\/li>\n<\/ul>\n<h3>Udfordring 2.1 &#8211; Subsitutionsstrategier<\/h3>\n<p>Substitution med sikrere alternativer er \u00f8verst i hierarkiet af foranstaltninger til forebyggelse af eksponering for kr\u00e6ftfremkaldende stoffer p\u00e5 arbejdspladsen, og indsamling af eksempler p\u00e5 substitution og innovation vil hj\u00e6lpe virksomheder i deres s\u00f8gen efter en vellykket substitutionsplan.<\/p>\n<ul>\n<li>Omfattende resum\u00e9er for alternativer fra REACH-godkendelsesans\u00f8gningerne er tilg\u00e6ngelige p\u00e5 dette websted under hver enkelt oplysning.<\/li>\n<li><a href=\"https:\/\/stopcarcinogensatwork.eu\/da\/generelt\/om-koereplanen-for-kraeftfremkaldende-stoffer\/udfordringer\/mulige-alternativer-til-krom\/\" target=\"_blank\" rel=\"noopener\">Mulige alternativer til kromtrioxid som bel\u00e6gningsmiddel til brug i almindelig produktion kan findes her<\/a><\/li>\n<\/ul>\n<h3>Udfordring 2.2 &#8211; Vejledning til risikostyring<\/h3>\n<p>M\u00e5let med denne udfordring var at give vejledning til risikostyring og skabe opm\u00e6rksomhed om risikoreduktionsstrategier i henhold til STOP-princippet. Ud over at skabe foldere om sidstn\u00e6vnte screenede udfordringsteamet mange opgavespecifikke kontrolvejledningsark for at indsamle generelle tr\u00e6k til en skabelon. Dette underst\u00f8tter oprettelsen af Vejledningsark for kontrolforanstaltninger (CGS) og hj\u00e6lper med at kommunikere de vigtigste aspekter for risikostyring af carcinogener. <a href=\"https:\/\/stopcarcinogensatwork.eu\/da\/laer-om-de-grundlaeggende-forebyggelsesstrategier\/\" target=\"_blank\" rel=\"noopener\">Indholdet af S &#8211; T &#8211; O &#8211; P-folderne er inkluderet p\u00e5 hjemmesiden.<\/a><br \/>\nFlere resultater fra udfordringen vil snart v\u00e6re tilg\u00e6ngelige:  <\/p>\n<ul>\n<li><a href=\"https:\/\/stopcarcinogensatwork.eu\/da\/laer-om-de-grundlaeggende-forebyggelsesstrategier\/\" target=\"_blank\" rel=\"noopener\">S &#8211; T &#8211; O &#8211; P-foldere til download<\/a>.<\/li>\n<li>En platform, som institutioner kan bruge til at generere<a href=\"https:\/\/stopcarcinogensatwork.eu\/da\/generelt\/samarbejd-med-os\/\" target=\"_blank\" rel=\"noopener\"> CGS&#8217;er baseret p\u00e5 den skabelon, der er udviklet af udfordringsteamet<\/a>. De resulterende CGS&#8217;er for arbejdsgivere vil blive delt p\u00e5 hjemmesiden. <\/li>\n<li><a href=\"https:\/\/stopcarcinogensatwork.eu\/wp-content\/uploads\/2025\/05\/Ch22_Conclusion_Report_20250521.pdf\" target=\"_blank\" rel=\"noopener\">Rapport om udfordringer 2.2<\/a><\/li>\n<\/ul>\n<h3>Udfordring 2.3 &#8211; Midler til virksomheder<\/h3>\n<p>Det er kendt, at forskellige organisationer, s\u00e5som medlemsstater, industri- eller sektororganisationer, national social sikring, forsikringsinitiativer og andre, allerede har fonde eller specifikke skatteforanstaltninger p\u00e5 plads, der stimulerer virksomheder til at investere i sikkerhed og sundhed p\u00e5 arbejdspladsen.<\/p>\n<ul>\n<li><a href=\"https:\/\/stopcarcinogensatwork.eu\/wp-content\/uploads\/2025\/05\/Final-report-RoC-Ch2.3andCh3.1-BusinessEurope.pdf\">Rapport om udfordringerne 2.3 og 3.1<\/a><\/li>\n<\/ul>\n<h3>Udfordring 3.1 &#8211; Inddragelse af industrier og sektorer<\/h3>\n<p>Jo flere organisationer p\u00e5 tv\u00e6rs af brancher og sektorer, der kan mobiliseres til at deltage i Roadmap on Carcinogens, jo flere virksomheder vil f\u00e5 gavn af de kortlagte og forklarede l\u00f8sninger.<\/p>\n<ul>\n<li><a href=\"https:\/\/stopcarcinogensatwork.eu\/wp-content\/uploads\/2025\/05\/Final-report-RoC-Ch2.3andCh3.1-BusinessEurope.pdf\">Rapport om udfordringerne 2.3 og 3.1<\/a><\/li>\n<\/ul>\n<h3>Udfordring 3.2 &#8211; Inddragelse af forebyggende organisationer p\u00e5 arbejdspladsen<\/h3>\n<p>Inddragelse af interessenter som f.eks. arbejdsforebyggende organisationer er et andet element, der bidrager til at st\u00f8tte virksomhederne ved at give dem v\u00e6rkt\u00f8jer til selv at vurdere, om de overholder lovgivningen, og indf\u00f8re passende risikostyringsforanstaltninger.<\/p>\n<ul>\n<li><a href=\"https:\/\/stopcarcinogensatwork.eu\/wp-content\/uploads\/2025\/05\/PDF250528_Ch3.2_Conclusion_Report.pdf\" target=\"_blank\" rel=\"noopener\">En sammenfattende rapport om projektet kan findes her<\/a><\/li>\n<li><a href=\"https:\/\/stopcarcinogensatwork.eu\/da\/soeg-efter-erhverv\/\" target=\"_blank\" rel=\"noopener\"><strong>Dette er en vigtig integration p\u00e5 hjemmesiden.<\/strong>  Tjek dit erhverv for forekomst af et carcinogen her<\/a><\/li>\n<\/ul>\n<h3>Udfordring 3.3 &#8211; Samarbejde med inspektorater<\/h3>\n<p>H\u00e5ndh\u00e6velse er et vigtigt v\u00e6rkt\u00f8j til at sikre overholdelse. Hvordan kan h\u00e5ndh\u00e6velse og k\u00f8replanen samarbejde? <\/p>\n<ul>\n<li><a href=\"https:\/\/stopcarcinogensatwork.eu\/da\/generelt\/samarbejd-med-os\/\" target=\"_blank\" rel=\"noopener\">Integreret p\u00e5 denne hjemmeside<\/a><\/li>\n<\/ul>\n<h3>Udfordring 3.4 &#8211; At styrke arbejderne<\/h3>\n<p>Arbejderne skal v\u00e6re opm\u00e6rksomme p\u00e5 deres rettigheder og pligter for at kunne bidrage til arbejdsgiverens Risikovurdering og iv\u00e6rks\u00e6tte passende forebyggelsesforanstaltninger for at eliminere eller reducere eksponeringen for carcinogener.<\/p>\n<ul>\n<li>Bliver annonceret senere<\/li>\n<\/ul>\n<h3>Udfordring 4.1 &#8211; At bygge bro over kl\u00f8ften<\/h3>\n<p>Innovation, der er m\u00e5lrettet mod at opfylde reelle behov p\u00e5 arbejdspladsen, er afg\u00f8rende for at forhindre eksponering for carcinogener i hele stoffers eller materialers livscyklus &#8211; denne viden skal v\u00e6re alment accepteret.<\/p>\n<p>&#8211; <a href=\"https:\/\/stopcarcinogensatwork.eu\/wp-content\/uploads\/2024\/08\/Ch4.1_Preparatory_Report_211216-NEW.pdf\" target=\"_blank\" rel=\"noopener\">En detaljeret rapport er tilg\u00e6ngelig, herunder et s\u00e6t OnePagers, der opsummerer den potentielle forbindelse til forskningsverdenen.<\/a><\/p>\n<h3>Udfordring 4.2 &#8211; Procesgenererede carcinogener<\/h3>\n<p>Procesgenererede carcinogener opst\u00e5r som et biprodukt af en arbejdsproces. De kr\u00e6ver ekstra opm\u00e6rksomhed, fordi de ikke er m\u00e6rket, og fordi der m\u00e5ske ikke er nogen henvisning til dem i sikkerhedsdatablade. <\/p>\n<ul>\n<li><a href=\"https:\/\/stopcarcinogensatwork.eu\/wp-content\/uploads\/2024\/08\/Silica-Dust-in-Construction.pdf\" target=\"_blank\" rel=\"noopener\">En detaljeret rapport om den \u00f8strigske inspektionskampagne om silikast\u00f8v er tilg\u00e6ngelig<\/a><\/li>\n<li><a href=\"https:\/\/stopcarcinogensatwork.eu\/wp-content\/uploads\/2024\/08\/Mineral-Dusts-in-Mining.pdf\" target=\"_blank\" rel=\"noopener\">En rapport om St\u00f8v i minedrift er tilg\u00e6ngelig<\/a><\/li>\n<li><a href=\"https:\/\/stopcarcinogensatwork.eu\/wp-content\/uploads\/2024\/09\/TNO2023_R10498_RoC_Challenge_4.2-1.pdf\" target=\"_blank\" rel=\"noopener\">En rapport om procesgenererede stoffer er tilg\u00e6ngelig<\/a><\/li>\n<li>Faktaark om <a href=\"https:\/\/stopcarcinogensatwork.eu\/de\/fact\/abrasion-verfahren\/\" target=\"_blank\" rel=\"noopener\">slid<\/a> og <a href=\"https:\/\/stopcarcinogensatwork.eu\/de\/fact\/verbrennung-prozess\/\" target=\"_blank\" rel=\"noopener\">forbr\u00e6nding<\/a> er tilg\u00e6ngelige p\u00e5 denne hjemmeside<\/li>\n<\/ul>\n<h3>Udfordring 4.3 &#8211; Sikre arbejdsprocedurer<\/h3>\n<p>&#8220;Sikre arbejdsprocedurer&#8221; kan indf\u00f8res som accepterede alternativer for grupper af virksomheder, der udf\u00f8rer den samme aktivitet, i stedet for at udf\u00f8re m\u00e5linger og sammenligne med gr\u00e6nsev\u00e6rdier for hver virksomhed, for hver aktivitet og for hvert stof.<\/p>\n<ul>\n<li><a href=\"https:\/\/stopcarcinogensatwork.eu\/wp-content\/uploads\/2024\/08\/TNO2023-R10499_RoC-Ch4.3_TNO-Report-general-challenge-report_getekend.pdf\" target=\"_blank\" rel=\"noopener\">En detaljeret rapport kan findes her<\/a><\/li>\n<\/ul>\n<h3>Den endelige rapport fra ROC2.0<\/h3>\n<p>Et sammendrag af alle aktiviteter og resultater af den anden Roadmap on Carcinogens (RoC2.0) er nu offentliggjort.<a href=\"https:\/\/stopcarcinogensatwork.eu\/wp-content\/uploads\/2025\/10\/250922_RoC2.0_wrap_up_FINAL.pdf\">  i denne rapport.<\/a><\/p>\n","protected":false},"excerpt":{"rendered":"<p>Fra 2021 begyndte Roadmap on Carcinogens at k\u00f8re tolv udfordringer for at f\u00e5 yderligere indflydelse og hj\u00e6lpe med at forhindre arbejdere i at blive udsat for carcinogener (l\u00e6s hele strategien her). For perioden 2020-2024 har Roadmap opstillet f\u00f8lgende fire m\u00e5l: S\u00f8jle 1: At skabe bevidsthed gennem Europa blandt virksomheder og arbejdere om risikoen for at [&hellip;]<\/p>\n","protected":false},"author":1,"featured_media":0,"parent":72327,"menu_order":0,"comment_status":"closed","ping_status":"closed","template":"","meta":{"inline_featured_image":false,"footnotes":""},"class_list":["post-76011","page","type-page","status-publish","hentry"],"yoast_head":"<!-- This site is optimized with the Yoast SEO Premium plugin v27.4 (Yoast SEO v27.5) - https:\/\/yoast.com\/product\/yoast-seo-premium-wordpress\/ -->\n<title>Udfordringer - STOP carcinogens at work<\/title>\n<meta name=\"description\" content=\"Every year, more than 100.000 people die in the EU from cancer caused by carcinogens at work. This must STOP!\" \/>\n<meta name=\"robots\" content=\"index, follow, max-snippet:-1, max-image-preview:large, max-video-preview:-1\" \/>\n<link rel=\"canonical\" href=\"https:\/\/stopcarcinogensatwork.eu\/da\/generelt\/om-koereplanen-for-kraeftfremkaldende-stoffer\/udfordringer\/\" \/>\n<meta property=\"og:locale\" content=\"da_DK\" \/>\n<meta property=\"og:type\" content=\"article\" \/>\n<meta property=\"og:title\" content=\"Udfordringer\" \/>\n<meta property=\"og:description\" content=\"Every year, more than 100.000 people die in the EU from cancer caused by carcinogens at work. This must STOP!\" \/>\n<meta property=\"og:url\" content=\"https:\/\/stopcarcinogensatwork.eu\/da\/generelt\/om-koereplanen-for-kraeftfremkaldende-stoffer\/udfordringer\/\" \/>\n<meta property=\"og:site_name\" content=\"STOP carcinogens at work\" \/>\n<meta property=\"article:modified_time\" content=\"2025-10-21T10:19:06+00:00\" \/>\n<meta property=\"og:image\" content=\"https:\/\/stopcarcinogensatwork.eu\/wp-content\/uploads\/2024\/08\/Pillars.png\" \/>\n<meta name=\"twitter:card\" content=\"summary_large_image\" \/>\n<meta name=\"twitter:label1\" content=\"Estimeret l\u00e6setid\" \/>\n\t<meta name=\"twitter:data1\" content=\"5 minutter\" \/>\n<script type=\"application\/ld+json\" class=\"yoast-schema-graph\">{\"@context\":\"https:\\\/\\\/schema.org\",\"@graph\":[{\"@type\":\"WebPage\",\"@id\":\"https:\\\/\\\/stopcarcinogensatwork.eu\\\/da\\\/generelt\\\/om-koereplanen-for-kraeftfremkaldende-stoffer\\\/udfordringer\\\/\",\"url\":\"https:\\\/\\\/stopcarcinogensatwork.eu\\\/da\\\/generelt\\\/om-koereplanen-for-kraeftfremkaldende-stoffer\\\/udfordringer\\\/\",\"name\":\"Udfordringer - STOP carcinogens at work\",\"isPartOf\":{\"@id\":\"https:\\\/\\\/stopcarcinogensatwork.eu\\\/da\\\/#website\"},\"primaryImageOfPage\":{\"@id\":\"https:\\\/\\\/stopcarcinogensatwork.eu\\\/da\\\/generelt\\\/om-koereplanen-for-kraeftfremkaldende-stoffer\\\/udfordringer\\\/#primaryimage\"},\"image\":{\"@id\":\"https:\\\/\\\/stopcarcinogensatwork.eu\\\/da\\\/generelt\\\/om-koereplanen-for-kraeftfremkaldende-stoffer\\\/udfordringer\\\/#primaryimage\"},\"thumbnailUrl\":\"https:\\\/\\\/stopcarcinogensatwork.eu\\\/wp-content\\\/uploads\\\/2024\\\/08\\\/Pillars.png\",\"datePublished\":\"2024-08-31T07:07:44+00:00\",\"dateModified\":\"2025-10-21T10:19:06+00:00\",\"description\":\"Every year, more than 100.000 people die in the EU from cancer caused by carcinogens at work. This must STOP!\",\"breadcrumb\":{\"@id\":\"https:\\\/\\\/stopcarcinogensatwork.eu\\\/da\\\/generelt\\\/om-koereplanen-for-kraeftfremkaldende-stoffer\\\/udfordringer\\\/#breadcrumb\"},\"inLanguage\":\"da-DK\",\"potentialAction\":[{\"@type\":\"ReadAction\",\"target\":[\"https:\\\/\\\/stopcarcinogensatwork.eu\\\/da\\\/generelt\\\/om-koereplanen-for-kraeftfremkaldende-stoffer\\\/udfordringer\\\/\"]}]},{\"@type\":\"ImageObject\",\"inLanguage\":\"da-DK\",\"@id\":\"https:\\\/\\\/stopcarcinogensatwork.eu\\\/da\\\/generelt\\\/om-koereplanen-for-kraeftfremkaldende-stoffer\\\/udfordringer\\\/#primaryimage\",\"url\":\"https:\\\/\\\/stopcarcinogensatwork.eu\\\/wp-content\\\/uploads\\\/2024\\\/08\\\/Pillars.png\",\"contentUrl\":\"https:\\\/\\\/stopcarcinogensatwork.eu\\\/wp-content\\\/uploads\\\/2024\\\/08\\\/Pillars.png\"},{\"@type\":\"BreadcrumbList\",\"@id\":\"https:\\\/\\\/stopcarcinogensatwork.eu\\\/da\\\/generelt\\\/om-koereplanen-for-kraeftfremkaldende-stoffer\\\/udfordringer\\\/#breadcrumb\",\"itemListElement\":[{\"@type\":\"ListItem\",\"position\":1,\"name\":\"Home\",\"item\":\"https:\\\/\\\/stopcarcinogensatwork.eu\\\/da\\\/stop-kraeftfremkaldende-stoffer-paa-arbejdet\\\/\"},{\"@type\":\"ListItem\",\"position\":2,\"name\":\"Generelt\",\"item\":\"https:\\\/\\\/stopcarcinogensatwork.eu\\\/da\\\/generelt\\\/\"},{\"@type\":\"ListItem\",\"position\":3,\"name\":\"Om Roadmap on Carcinogens\",\"item\":\"https:\\\/\\\/stopcarcinogensatwork.eu\\\/da\\\/generelt\\\/om-koereplanen-for-kraeftfremkaldende-stoffer\\\/\"},{\"@type\":\"ListItem\",\"position\":4,\"name\":\"Udfordringer\"}]},{\"@type\":\"WebSite\",\"@id\":\"https:\\\/\\\/stopcarcinogensatwork.eu\\\/da\\\/#website\",\"url\":\"https:\\\/\\\/stopcarcinogensatwork.eu\\\/da\\\/\",\"name\":\"STOP Carcinogens at work\",\"description\":\"Every year, about 100.000 people die from cancer that was caused by exposure to carcinogens at work in Europe.\",\"publisher\":{\"@id\":\"https:\\\/\\\/stopcarcinogensatwork.eu\\\/da\\\/#organization\"},\"alternateName\":\"Roadmap on Carcinogens\",\"potentialAction\":[{\"@type\":\"SearchAction\",\"target\":{\"@type\":\"EntryPoint\",\"urlTemplate\":\"https:\\\/\\\/stopcarcinogensatwork.eu\\\/da\\\/?s={search_term_string}\"},\"query-input\":{\"@type\":\"PropertyValueSpecification\",\"valueRequired\":true,\"valueName\":\"search_term_string\"}}],\"inLanguage\":\"da-DK\"},{\"@type\":\"Organization\",\"@id\":\"https:\\\/\\\/stopcarcinogensatwork.eu\\\/da\\\/#organization\",\"name\":\"TNO\",\"alternateName\":\"This is a European wide voluntary action scheme\",\"url\":\"https:\\\/\\\/stopcarcinogensatwork.eu\\\/da\\\/\",\"logo\":{\"@type\":\"ImageObject\",\"inLanguage\":\"da-DK\",\"@id\":\"https:\\\/\\\/stopcarcinogensatwork.eu\\\/da\\\/#\\\/schema\\\/logo\\\/image\\\/\",\"url\":\"https:\\\/\\\/stopcarcinogensatwork.eu\\\/wp-content\\\/uploads\\\/2024\\\/08\\\/cropped-FavLarge-1.png\",\"contentUrl\":\"https:\\\/\\\/stopcarcinogensatwork.eu\\\/wp-content\\\/uploads\\\/2024\\\/08\\\/cropped-FavLarge-1.png\",\"width\":512,\"height\":512,\"caption\":\"TNO\"},\"image\":{\"@id\":\"https:\\\/\\\/stopcarcinogensatwork.eu\\\/da\\\/#\\\/schema\\\/logo\\\/image\\\/\"},\"publishingPrinciples\":\"https:\\\/\\\/stopcarcinogensatwork.eu\\\/homepage\\\/legal\\\/\",\"ownershipFundingInfo\":\"https:\\\/\\\/stopcarcinogensatwork.eu\\\/general\\\/about-us\\\/\"}]}<\/script>\n<!-- \/ Yoast SEO Premium plugin. -->","yoast_head_json":{"title":"Udfordringer - STOP carcinogens at work","description":"Every year, more than 100.000 people die in the EU from cancer caused by carcinogens at work. This must STOP!","robots":{"index":"index","follow":"follow","max-snippet":"max-snippet:-1","max-image-preview":"max-image-preview:large","max-video-preview":"max-video-preview:-1"},"canonical":"https:\/\/stopcarcinogensatwork.eu\/da\/generelt\/om-koereplanen-for-kraeftfremkaldende-stoffer\/udfordringer\/","og_locale":"da_DK","og_type":"article","og_title":"Udfordringer","og_description":"Every year, more than 100.000 people die in the EU from cancer caused by carcinogens at work. This must STOP!","og_url":"https:\/\/stopcarcinogensatwork.eu\/da\/generelt\/om-koereplanen-for-kraeftfremkaldende-stoffer\/udfordringer\/","og_site_name":"STOP carcinogens at work","article_modified_time":"2025-10-21T10:19:06+00:00","og_image":[{"url":"https:\/\/stopcarcinogensatwork.eu\/wp-content\/uploads\/2024\/08\/Pillars.png","type":"","width":"","height":""}],"twitter_card":"summary_large_image","twitter_misc":{"Estimeret l\u00e6setid":"5 minutter"},"schema":{"@context":"https:\/\/schema.org","@graph":[{"@type":"WebPage","@id":"https:\/\/stopcarcinogensatwork.eu\/da\/generelt\/om-koereplanen-for-kraeftfremkaldende-stoffer\/udfordringer\/","url":"https:\/\/stopcarcinogensatwork.eu\/da\/generelt\/om-koereplanen-for-kraeftfremkaldende-stoffer\/udfordringer\/","name":"Udfordringer - STOP carcinogens at work","isPartOf":{"@id":"https:\/\/stopcarcinogensatwork.eu\/da\/#website"},"primaryImageOfPage":{"@id":"https:\/\/stopcarcinogensatwork.eu\/da\/generelt\/om-koereplanen-for-kraeftfremkaldende-stoffer\/udfordringer\/#primaryimage"},"image":{"@id":"https:\/\/stopcarcinogensatwork.eu\/da\/generelt\/om-koereplanen-for-kraeftfremkaldende-stoffer\/udfordringer\/#primaryimage"},"thumbnailUrl":"https:\/\/stopcarcinogensatwork.eu\/wp-content\/uploads\/2024\/08\/Pillars.png","datePublished":"2024-08-31T07:07:44+00:00","dateModified":"2025-10-21T10:19:06+00:00","description":"Every year, more than 100.000 people die in the EU from cancer caused by carcinogens at work. This must STOP!","breadcrumb":{"@id":"https:\/\/stopcarcinogensatwork.eu\/da\/generelt\/om-koereplanen-for-kraeftfremkaldende-stoffer\/udfordringer\/#breadcrumb"},"inLanguage":"da-DK","potentialAction":[{"@type":"ReadAction","target":["https:\/\/stopcarcinogensatwork.eu\/da\/generelt\/om-koereplanen-for-kraeftfremkaldende-stoffer\/udfordringer\/"]}]},{"@type":"ImageObject","inLanguage":"da-DK","@id":"https:\/\/stopcarcinogensatwork.eu\/da\/generelt\/om-koereplanen-for-kraeftfremkaldende-stoffer\/udfordringer\/#primaryimage","url":"https:\/\/stopcarcinogensatwork.eu\/wp-content\/uploads\/2024\/08\/Pillars.png","contentUrl":"https:\/\/stopcarcinogensatwork.eu\/wp-content\/uploads\/2024\/08\/Pillars.png"},{"@type":"BreadcrumbList","@id":"https:\/\/stopcarcinogensatwork.eu\/da\/generelt\/om-koereplanen-for-kraeftfremkaldende-stoffer\/udfordringer\/#breadcrumb","itemListElement":[{"@type":"ListItem","position":1,"name":"Home","item":"https:\/\/stopcarcinogensatwork.eu\/da\/stop-kraeftfremkaldende-stoffer-paa-arbejdet\/"},{"@type":"ListItem","position":2,"name":"Generelt","item":"https:\/\/stopcarcinogensatwork.eu\/da\/generelt\/"},{"@type":"ListItem","position":3,"name":"Om Roadmap on Carcinogens","item":"https:\/\/stopcarcinogensatwork.eu\/da\/generelt\/om-koereplanen-for-kraeftfremkaldende-stoffer\/"},{"@type":"ListItem","position":4,"name":"Udfordringer"}]},{"@type":"WebSite","@id":"https:\/\/stopcarcinogensatwork.eu\/da\/#website","url":"https:\/\/stopcarcinogensatwork.eu\/da\/","name":"STOP Carcinogens at work","description":"Every year, about 100.000 people die from cancer that was caused by exposure to carcinogens at work in Europe.","publisher":{"@id":"https:\/\/stopcarcinogensatwork.eu\/da\/#organization"},"alternateName":"Roadmap on Carcinogens","potentialAction":[{"@type":"SearchAction","target":{"@type":"EntryPoint","urlTemplate":"https:\/\/stopcarcinogensatwork.eu\/da\/?s={search_term_string}"},"query-input":{"@type":"PropertyValueSpecification","valueRequired":true,"valueName":"search_term_string"}}],"inLanguage":"da-DK"},{"@type":"Organization","@id":"https:\/\/stopcarcinogensatwork.eu\/da\/#organization","name":"TNO","alternateName":"This is a European wide voluntary action scheme","url":"https:\/\/stopcarcinogensatwork.eu\/da\/","logo":{"@type":"ImageObject","inLanguage":"da-DK","@id":"https:\/\/stopcarcinogensatwork.eu\/da\/#\/schema\/logo\/image\/","url":"https:\/\/stopcarcinogensatwork.eu\/wp-content\/uploads\/2024\/08\/cropped-FavLarge-1.png","contentUrl":"https:\/\/stopcarcinogensatwork.eu\/wp-content\/uploads\/2024\/08\/cropped-FavLarge-1.png","width":512,"height":512,"caption":"TNO"},"image":{"@id":"https:\/\/stopcarcinogensatwork.eu\/da\/#\/schema\/logo\/image\/"},"publishingPrinciples":"https:\/\/stopcarcinogensatwork.eu\/homepage\/legal\/","ownershipFundingInfo":"https:\/\/stopcarcinogensatwork.eu\/general\/about-us\/"}]}},"_links":{"self":[{"href":"https:\/\/stopcarcinogensatwork.eu\/da\/wp-json\/wp\/v2\/pages\/76011","targetHints":{"allow":["GET"]}}],"collection":[{"href":"https:\/\/stopcarcinogensatwork.eu\/da\/wp-json\/wp\/v2\/pages"}],"about":[{"href":"https:\/\/stopcarcinogensatwork.eu\/da\/wp-json\/wp\/v2\/types\/page"}],"author":[{"embeddable":true,"href":"https:\/\/stopcarcinogensatwork.eu\/da\/wp-json\/wp\/v2\/users\/1"}],"replies":[{"embeddable":true,"href":"https:\/\/stopcarcinogensatwork.eu\/da\/wp-json\/wp\/v2\/comments?post=76011"}],"version-history":[{"count":0,"href":"https:\/\/stopcarcinogensatwork.eu\/da\/wp-json\/wp\/v2\/pages\/76011\/revisions"}],"up":[{"embeddable":true,"href":"https:\/\/stopcarcinogensatwork.eu\/da\/wp-json\/wp\/v2\/pages\/72327"}],"wp:attachment":[{"href":"https:\/\/stopcarcinogensatwork.eu\/da\/wp-json\/wp\/v2\/media?parent=76011"}],"curies":[{"name":"wp","href":"https:\/\/api.w.org\/{rel}","templated":true}]}}