{"id":76032,"date":"2024-12-30T09:48:30","date_gmt":"2024-12-30T09:48:30","guid":{"rendered":"https:\/\/stopcarcinogensatwork.eu\/generelt\/om-koereplanen-for-kraeftfremkaldende-stoffer\/udfordringer\/mulige-alternativer-til-krom\/"},"modified":"2025-09-04T10:04:50","modified_gmt":"2025-09-04T10:04:50","slug":"mulige-alternativer-til-krom","status":"publish","type":"page","link":"https:\/\/stopcarcinogensatwork.eu\/da\/generelt\/om-koereplanen-for-kraeftfremkaldende-stoffer\/udfordringer\/mulige-alternativer-til-krom\/","title":{"rendered":"Mulige alternativer til krom"},"content":{"rendered":"<ol>\n<li><a href=\"https:\/\/stopcarcinogensatwork.eu\/good-practice\/substituting-chromium-trioxide-for-plastic-substrate-etching-in-electroplating-pre-treatment\/\" target=\"_blank\" rel=\"noopener\">Udskiftning af kromtrioxid til \u00e6tsning af plastsubstrater i forbehandling af galvanisering<\/a><\/li>\n<li><a href=\"https:\/\/stopcarcinogensatwork.eu\/good-practice\/possible-alternatives-for-chromium-trioxide-as-a-plating-agent-for-sanitary-materials\/\" target=\"_blank\" rel=\"noopener\">Mulige alternativer til kromtrioxid som bel\u00e6gningsmiddel til sanit\u00e6re materialer<\/a><\/li>\n<li><a href=\"https:\/\/stopcarcinogensatwork.eu\/good-practice\/substitution-of-sodium-dichromate-for-passivation-of-electrolytic-tinplate-etp\/\" target=\"_blank\" rel=\"noopener\">Erstatning af natriumdichromat til passivering af elektrolytisk tinplade (ETP)<\/a><\/li>\n<li><a href=\"https:\/\/stopcarcinogensatwork.eu\/good-practice\/substitution-of-sodium-chromate-as-an-anticorrosion-agent-of-the-carbon-steel-in-sealed-circuit-of-gas-absorption-appliances\/\" target=\"_blank\" rel=\"noopener\">Erstatning af natriumkromat som antikorrosionsmiddel for kulstofst\u00e5l i lukkede kredsl\u00f8b i gasabsorptionsapparater<\/a><\/li>\n<li><a href=\"https:\/\/stopcarcinogensatwork.eu\/good-practice\/substitution-of-chromium-vi-trioxide-for-surface-treatments-in-the-aviation-and-aerospace-industry\/\" target=\"_blank\" rel=\"noopener\">Erstatning af krom(VI)-trioxid til overfladebehandling i luftfarts- og rumfartsindustrien<\/a><\/li>\n<li><a href=\"https:\/\/stopcarcinogensatwork.eu\/good-practice\/substituting-chromium-trioxide-based-functional-chrome-plating-of-dental-instruments-for-dental-treatment\/\" target=\"_blank\" rel=\"noopener\">Erstatning af kromtrioxidbaseret funktionel forkromning af dentale instrumenter til tandbehandling<\/a><\/li>\n<li><a href=\"https:\/\/stopcarcinogensatwork.eu\/good-practice\/substituting-chromium-vi-trioxide-for-electrolytic-chromium-coating-of-steel-eccs\/\" target=\"_blank\" rel=\"noopener\">Erstatning af krom(VI)-trioxid for elektrolytisk krombel\u00e6gning af st\u00e5l (ECCS)<\/a><\/li>\n<li><a href=\"https:\/\/stopcarcinogensatwork.eu\/good-practice\/substitution-of-chromium-vi-trioxide-for-passivation-of-electrolytic-tinplate-etp\/\" target=\"_blank\" rel=\"noopener\">Erstatning af krom(VI)-trioxid til passivering af elektrolytisk tinplade (ETP)<\/a><\/li>\n<li><a href=\"https:\/\/stopcarcinogensatwork.eu\/good-practice\/substituting-chromium-trioxide-for-plastic-substrate-etching-in-electroplating-pre-treatment\/\" target=\"_blank\" rel=\"noopener\">Erstatning af kromtrioxid til \u00e6tsning af plastsubstrater ved forbehandling af galvanisering<\/a><\/li>\n<li><a href=\"https:\/\/stopcarcinogensatwork.eu\/good-practice\/echa-substitutions-for-trichloroethylene\/\" target=\"_blank\" rel=\"noopener\">Erstatning af Trichlorethylen i produktionen af Alcantara-materiale<\/a><\/li>\n<li><a href=\"https:\/\/stopcarcinogensatwork.eu\/good-practice\/possible-alternatives-for-chromium-trioxide-as-a-plating-agent-for-use-in-general-manufacturing\/\" target=\"_blank\" rel=\"noopener\">Mulige alternativer til kromtrioxid som bel\u00e6gningsmiddel til brug i almindelig produktion<\/a><\/li>\n<li><a href=\"https:\/\/stopcarcinogensatwork.eu\/good-practice\/substituting-22-dichloro-44-methylenedianiline-moca-in-polyurethanes-manufacturing\/\" target=\"_blank\" rel=\"noopener\">Erstatning af 2,2&#8242;-dichlor-4,4&#8242;-methylendianilin (MOCA) i fremstilling af polyurethaner<\/a><\/li>\n<li><a href=\"https:\/\/stopcarcinogensatwork.eu\/good-practice\/possible-alternatives-for-chromium-trioxide-as-a-plating-agent-for-use-in-general-manufacturing\/\" target=\"_blank\" rel=\"noopener\">Mulige alternativer til kromtrioxid som bel\u00e6gningsmiddel til brug i almindelig produktion<\/a><\/li>\n<\/ol>\n","protected":false},"excerpt":{"rendered":"<p>Udskiftning af kromtrioxid til \u00e6tsning af plastsubstrater i forbehandling af galvanisering Mulige alternativer til kromtrioxid som bel\u00e6gningsmiddel til sanit\u00e6re materialer Erstatning af natriumdichromat til passivering af elektrolytisk tinplade (ETP) Erstatning af natriumkromat som antikorrosionsmiddel for kulstofst\u00e5l i lukkede kredsl\u00f8b i gasabsorptionsapparater Erstatning af krom(VI)-trioxid til overfladebehandling i luftfarts- og rumfartsindustrien Erstatning af kromtrioxidbaseret funktionel forkromning [&hellip;]<\/p>\n","protected":false},"author":1,"featured_media":0,"parent":76011,"menu_order":0,"comment_status":"closed","ping_status":"closed","template":"","meta":{"inline_featured_image":false,"footnotes":""},"class_list":["post-76032","page","type-page","status-publish","hentry"],"yoast_head":"<!-- This site is optimized with the Yoast SEO Premium plugin v27.0 (Yoast SEO v27.3) - https:\/\/yoast.com\/product\/yoast-seo-premium-wordpress\/ -->\n<title>Mulige alternativer til krom - STOP carcinogens at work<\/title>\n<meta name=\"description\" content=\"Every year, more than 100.000 people die in the EU from cancer caused by carcinogens at work. This must STOP!\" \/>\n<meta name=\"robots\" content=\"index, follow, max-snippet:-1, max-image-preview:large, max-video-preview:-1\" \/>\n<link rel=\"canonical\" href=\"https:\/\/stopcarcinogensatwork.eu\/da\/generelt\/om-koereplanen-for-kraeftfremkaldende-stoffer\/udfordringer\/mulige-alternativer-til-krom\/\" \/>\n<meta property=\"og:locale\" content=\"da_DK\" \/>\n<meta property=\"og:type\" content=\"article\" \/>\n<meta property=\"og:title\" content=\"Mulige alternativer til krom\" \/>\n<meta property=\"og:description\" content=\"Every year, more than 100.000 people die in the EU from cancer caused by carcinogens at work. This must STOP!\" \/>\n<meta property=\"og:url\" content=\"https:\/\/stopcarcinogensatwork.eu\/da\/generelt\/om-koereplanen-for-kraeftfremkaldende-stoffer\/udfordringer\/mulige-alternativer-til-krom\/\" \/>\n<meta property=\"og:site_name\" content=\"STOP carcinogens at work\" \/>\n<meta property=\"article:modified_time\" content=\"2025-09-04T10:04:50+00:00\" \/>\n<meta name=\"twitter:card\" content=\"summary_large_image\" \/>\n<meta name=\"twitter:label1\" content=\"Estimeret l\u00e6setid\" \/>\n\t<meta name=\"twitter:data1\" content=\"1 minut\" \/>\n<script type=\"application\/ld+json\" class=\"yoast-schema-graph\">{\"@context\":\"https:\\\/\\\/schema.org\",\"@graph\":[{\"@type\":\"WebPage\",\"@id\":\"https:\\\/\\\/stopcarcinogensatwork.eu\\\/da\\\/generelt\\\/om-koereplanen-for-kraeftfremkaldende-stoffer\\\/udfordringer\\\/mulige-alternativer-til-krom\\\/\",\"url\":\"https:\\\/\\\/stopcarcinogensatwork.eu\\\/da\\\/generelt\\\/om-koereplanen-for-kraeftfremkaldende-stoffer\\\/udfordringer\\\/mulige-alternativer-til-krom\\\/\",\"name\":\"Mulige alternativer til krom - STOP carcinogens at work\",\"isPartOf\":{\"@id\":\"https:\\\/\\\/stopcarcinogensatwork.eu\\\/da\\\/#website\"},\"datePublished\":\"2024-12-30T09:48:30+00:00\",\"dateModified\":\"2025-09-04T10:04:50+00:00\",\"description\":\"Every year, more than 100.000 people die in the EU from cancer caused by carcinogens at work. This must STOP!\",\"breadcrumb\":{\"@id\":\"https:\\\/\\\/stopcarcinogensatwork.eu\\\/da\\\/generelt\\\/om-koereplanen-for-kraeftfremkaldende-stoffer\\\/udfordringer\\\/mulige-alternativer-til-krom\\\/#breadcrumb\"},\"inLanguage\":\"da-DK\",\"potentialAction\":[{\"@type\":\"ReadAction\",\"target\":[\"https:\\\/\\\/stopcarcinogensatwork.eu\\\/da\\\/generelt\\\/om-koereplanen-for-kraeftfremkaldende-stoffer\\\/udfordringer\\\/mulige-alternativer-til-krom\\\/\"]}]},{\"@type\":\"BreadcrumbList\",\"@id\":\"https:\\\/\\\/stopcarcinogensatwork.eu\\\/da\\\/generelt\\\/om-koereplanen-for-kraeftfremkaldende-stoffer\\\/udfordringer\\\/mulige-alternativer-til-krom\\\/#breadcrumb\",\"itemListElement\":[{\"@type\":\"ListItem\",\"position\":1,\"name\":\"Home\",\"item\":\"https:\\\/\\\/stopcarcinogensatwork.eu\\\/da\\\/stop-kraeftfremkaldende-stoffer-paa-arbejdet\\\/\"},{\"@type\":\"ListItem\",\"position\":2,\"name\":\"Generelt\",\"item\":\"https:\\\/\\\/stopcarcinogensatwork.eu\\\/da\\\/generelt\\\/\"},{\"@type\":\"ListItem\",\"position\":3,\"name\":\"Om Roadmap on Carcinogens\",\"item\":\"https:\\\/\\\/stopcarcinogensatwork.eu\\\/da\\\/generelt\\\/om-koereplanen-for-kraeftfremkaldende-stoffer\\\/\"},{\"@type\":\"ListItem\",\"position\":4,\"name\":\"Udfordringer\",\"item\":\"https:\\\/\\\/stopcarcinogensatwork.eu\\\/da\\\/generelt\\\/om-koereplanen-for-kraeftfremkaldende-stoffer\\\/udfordringer\\\/\"},{\"@type\":\"ListItem\",\"position\":5,\"name\":\"Mulige alternativer til krom\"}]},{\"@type\":\"WebSite\",\"@id\":\"https:\\\/\\\/stopcarcinogensatwork.eu\\\/da\\\/#website\",\"url\":\"https:\\\/\\\/stopcarcinogensatwork.eu\\\/da\\\/\",\"name\":\"STOP Carcinogens at work\",\"description\":\"Every year, about 100.000 people die from cancer that was caused by exposure to carcinogens at work in Europe.\",\"publisher\":{\"@id\":\"https:\\\/\\\/stopcarcinogensatwork.eu\\\/da\\\/#organization\"},\"alternateName\":\"Roadmap on Carcinogens\",\"potentialAction\":[{\"@type\":\"SearchAction\",\"target\":{\"@type\":\"EntryPoint\",\"urlTemplate\":\"https:\\\/\\\/stopcarcinogensatwork.eu\\\/da\\\/?s={search_term_string}\"},\"query-input\":{\"@type\":\"PropertyValueSpecification\",\"valueRequired\":true,\"valueName\":\"search_term_string\"}}],\"inLanguage\":\"da-DK\"},{\"@type\":\"Organization\",\"@id\":\"https:\\\/\\\/stopcarcinogensatwork.eu\\\/da\\\/#organization\",\"name\":\"TNO\",\"alternateName\":\"This is a European wide voluntary action scheme\",\"url\":\"https:\\\/\\\/stopcarcinogensatwork.eu\\\/da\\\/\",\"logo\":{\"@type\":\"ImageObject\",\"inLanguage\":\"da-DK\",\"@id\":\"https:\\\/\\\/stopcarcinogensatwork.eu\\\/da\\\/#\\\/schema\\\/logo\\\/image\\\/\",\"url\":\"https:\\\/\\\/stopcarcinogensatwork.eu\\\/wp-content\\\/uploads\\\/2024\\\/08\\\/cropped-FavLarge-1.png\",\"contentUrl\":\"https:\\\/\\\/stopcarcinogensatwork.eu\\\/wp-content\\\/uploads\\\/2024\\\/08\\\/cropped-FavLarge-1.png\",\"width\":512,\"height\":512,\"caption\":\"TNO\"},\"image\":{\"@id\":\"https:\\\/\\\/stopcarcinogensatwork.eu\\\/da\\\/#\\\/schema\\\/logo\\\/image\\\/\"},\"publishingPrinciples\":\"https:\\\/\\\/stopcarcinogensatwork.eu\\\/homepage\\\/legal\\\/\",\"ownershipFundingInfo\":\"https:\\\/\\\/stopcarcinogensatwork.eu\\\/general\\\/about-us\\\/\"}]}<\/script>\n<!-- \/ Yoast SEO Premium plugin. -->","yoast_head_json":{"title":"Mulige alternativer til krom - STOP carcinogens at work","description":"Every year, more than 100.000 people die in the EU from cancer caused by carcinogens at work. This must STOP!","robots":{"index":"index","follow":"follow","max-snippet":"max-snippet:-1","max-image-preview":"max-image-preview:large","max-video-preview":"max-video-preview:-1"},"canonical":"https:\/\/stopcarcinogensatwork.eu\/da\/generelt\/om-koereplanen-for-kraeftfremkaldende-stoffer\/udfordringer\/mulige-alternativer-til-krom\/","og_locale":"da_DK","og_type":"article","og_title":"Mulige alternativer til krom","og_description":"Every year, more than 100.000 people die in the EU from cancer caused by carcinogens at work. This must STOP!","og_url":"https:\/\/stopcarcinogensatwork.eu\/da\/generelt\/om-koereplanen-for-kraeftfremkaldende-stoffer\/udfordringer\/mulige-alternativer-til-krom\/","og_site_name":"STOP carcinogens at work","article_modified_time":"2025-09-04T10:04:50+00:00","twitter_card":"summary_large_image","twitter_misc":{"Estimeret l\u00e6setid":"1 minut"},"schema":{"@context":"https:\/\/schema.org","@graph":[{"@type":"WebPage","@id":"https:\/\/stopcarcinogensatwork.eu\/da\/generelt\/om-koereplanen-for-kraeftfremkaldende-stoffer\/udfordringer\/mulige-alternativer-til-krom\/","url":"https:\/\/stopcarcinogensatwork.eu\/da\/generelt\/om-koereplanen-for-kraeftfremkaldende-stoffer\/udfordringer\/mulige-alternativer-til-krom\/","name":"Mulige alternativer til krom - STOP carcinogens at work","isPartOf":{"@id":"https:\/\/stopcarcinogensatwork.eu\/da\/#website"},"datePublished":"2024-12-30T09:48:30+00:00","dateModified":"2025-09-04T10:04:50+00:00","description":"Every year, more than 100.000 people die in the EU from cancer caused by carcinogens at work. This must STOP!","breadcrumb":{"@id":"https:\/\/stopcarcinogensatwork.eu\/da\/generelt\/om-koereplanen-for-kraeftfremkaldende-stoffer\/udfordringer\/mulige-alternativer-til-krom\/#breadcrumb"},"inLanguage":"da-DK","potentialAction":[{"@type":"ReadAction","target":["https:\/\/stopcarcinogensatwork.eu\/da\/generelt\/om-koereplanen-for-kraeftfremkaldende-stoffer\/udfordringer\/mulige-alternativer-til-krom\/"]}]},{"@type":"BreadcrumbList","@id":"https:\/\/stopcarcinogensatwork.eu\/da\/generelt\/om-koereplanen-for-kraeftfremkaldende-stoffer\/udfordringer\/mulige-alternativer-til-krom\/#breadcrumb","itemListElement":[{"@type":"ListItem","position":1,"name":"Home","item":"https:\/\/stopcarcinogensatwork.eu\/da\/stop-kraeftfremkaldende-stoffer-paa-arbejdet\/"},{"@type":"ListItem","position":2,"name":"Generelt","item":"https:\/\/stopcarcinogensatwork.eu\/da\/generelt\/"},{"@type":"ListItem","position":3,"name":"Om Roadmap on Carcinogens","item":"https:\/\/stopcarcinogensatwork.eu\/da\/generelt\/om-koereplanen-for-kraeftfremkaldende-stoffer\/"},{"@type":"ListItem","position":4,"name":"Udfordringer","item":"https:\/\/stopcarcinogensatwork.eu\/da\/generelt\/om-koereplanen-for-kraeftfremkaldende-stoffer\/udfordringer\/"},{"@type":"ListItem","position":5,"name":"Mulige alternativer til krom"}]},{"@type":"WebSite","@id":"https:\/\/stopcarcinogensatwork.eu\/da\/#website","url":"https:\/\/stopcarcinogensatwork.eu\/da\/","name":"STOP Carcinogens at work","description":"Every year, about 100.000 people die from cancer that was caused by exposure to carcinogens at work in Europe.","publisher":{"@id":"https:\/\/stopcarcinogensatwork.eu\/da\/#organization"},"alternateName":"Roadmap on Carcinogens","potentialAction":[{"@type":"SearchAction","target":{"@type":"EntryPoint","urlTemplate":"https:\/\/stopcarcinogensatwork.eu\/da\/?s={search_term_string}"},"query-input":{"@type":"PropertyValueSpecification","valueRequired":true,"valueName":"search_term_string"}}],"inLanguage":"da-DK"},{"@type":"Organization","@id":"https:\/\/stopcarcinogensatwork.eu\/da\/#organization","name":"TNO","alternateName":"This is a European wide voluntary action scheme","url":"https:\/\/stopcarcinogensatwork.eu\/da\/","logo":{"@type":"ImageObject","inLanguage":"da-DK","@id":"https:\/\/stopcarcinogensatwork.eu\/da\/#\/schema\/logo\/image\/","url":"https:\/\/stopcarcinogensatwork.eu\/wp-content\/uploads\/2024\/08\/cropped-FavLarge-1.png","contentUrl":"https:\/\/stopcarcinogensatwork.eu\/wp-content\/uploads\/2024\/08\/cropped-FavLarge-1.png","width":512,"height":512,"caption":"TNO"},"image":{"@id":"https:\/\/stopcarcinogensatwork.eu\/da\/#\/schema\/logo\/image\/"},"publishingPrinciples":"https:\/\/stopcarcinogensatwork.eu\/homepage\/legal\/","ownershipFundingInfo":"https:\/\/stopcarcinogensatwork.eu\/general\/about-us\/"}]}},"_links":{"self":[{"href":"https:\/\/stopcarcinogensatwork.eu\/da\/wp-json\/wp\/v2\/pages\/76032","targetHints":{"allow":["GET"]}}],"collection":[{"href":"https:\/\/stopcarcinogensatwork.eu\/da\/wp-json\/wp\/v2\/pages"}],"about":[{"href":"https:\/\/stopcarcinogensatwork.eu\/da\/wp-json\/wp\/v2\/types\/page"}],"author":[{"embeddable":true,"href":"https:\/\/stopcarcinogensatwork.eu\/da\/wp-json\/wp\/v2\/users\/1"}],"replies":[{"embeddable":true,"href":"https:\/\/stopcarcinogensatwork.eu\/da\/wp-json\/wp\/v2\/comments?post=76032"}],"version-history":[{"count":0,"href":"https:\/\/stopcarcinogensatwork.eu\/da\/wp-json\/wp\/v2\/pages\/76032\/revisions"}],"up":[{"embeddable":true,"href":"https:\/\/stopcarcinogensatwork.eu\/da\/wp-json\/wp\/v2\/pages\/76011"}],"wp:attachment":[{"href":"https:\/\/stopcarcinogensatwork.eu\/da\/wp-json\/wp\/v2\/media?parent=76032"}],"curies":[{"name":"wp","href":"https:\/\/api.w.org\/{rel}","templated":true}]}}