{"id":76076,"date":"2023-08-15T07:25:38","date_gmt":"2023-08-15T07:25:38","guid":{"rendered":"https:\/\/stopcarcinogensatwork.eu\/generelt\/introduktion-til-carcinogene-stoffer\/"},"modified":"2023-08-15T07:25:38","modified_gmt":"2023-08-15T07:25:38","slug":"introduktion-til-carcinogene-stoffer","status":"publish","type":"page","link":"https:\/\/stopcarcinogensatwork.eu\/da\/generelt\/introduktion-til-carcinogene-stoffer\/","title":{"rendered":"Introduktion til carcinogene stoffer"},"content":{"rendered":"<blockquote><p>Carcinogene stoffer, eller carcinogener, er kr\u00e6ftfremkaldende stoffer. Et velkendt eksempel er asbest, et stof, der er ansvarligt for tusindvis af ofre, som lider og d\u00f8r p\u00e5 grund af eksponering for asbestpartiklerne. Mange andre carcinogene stoffer er mindre kendte, men v\u00e6r opm\u00e6rksom p\u00e5, at selv naturlige produkter, som f.eks. st\u00f8v fra h\u00e5rdt tr\u00e6, kan for\u00e5rsage kr\u00e6ft. S\u00f8rg for, at du ved, hvad du arbejder med!   <\/p><\/blockquote>\n<h2>Typer af carcinogene stoffer<\/h2>\n<h3>Kr\u00e6ftfremkaldende stoffer manifesterer sig i forskellige former:<\/h3>\n<ul>\n<li>Udseende: Carcinogene stoffer kan forekomme i produkter, der bruges i virksomheder, herunder kemiske varianter som visse pesticider og industrimaling. Men de kan ogs\u00e5 v\u00e6re resultatet af en proces (procesgenererede carcinogener) som f.eks. dieselemissioner eller svejser\u00f8g. <\/li>\n<li>Nogle carcinogener kan ind\u00e5ndes og kan komme ind i f.eks. blodbanen og organerne, herunder hjernen. Andre kan tr\u00e6nge ind gennem huden. N\u00e5r carcinogener f\u00f8rst er kommet ind i kroppen, kan de skade arbejdernes DNA eller \u00e6ndre den m\u00e5de, kroppens celler fungerer og replikerer p\u00e5. Det kan f\u00f8re til kr\u00e6ft og andre helbredsproblemer.   <\/li>\n<li>Naturlige produkter: Selv naturlige produkter kan for\u00e5rsage kr\u00e6ft i tilf\u00e6lde af h\u00f8j og langvarig eksponering, som f.eks. st\u00f8v fra h\u00e5rdt tr\u00e6 og silica og kvarts i visse typer sten.<\/li>\n<\/ul>\n<p>Se <a href=\"https:\/\/stopcarcinogensatwork.eu\/search\/\">faktabladene<\/a> for detaljer om forskellige carcinogene stoffer.<\/p>\n<h2>Lovgivning om carcinogene stoffer<\/h2>\n<p>For at beskytte arbejderne mod at blive udsat for kr\u00e6ftfremkaldende <a href=\"https:\/\/osha.europa.eu\/nl\/legislation\/directive\/directive-200437ec-carcinogens-or-mutagens-work\">stoffer har EU udarbejdet direktivet om carcinogener, mutagener og reproduktionstoksiske stoffer.<\/a> I dette direktiv foreskrives f\u00f8lgende procedurer: <\/p>\n<ul>\n<li><strong>Risikovurdering:<\/strong> Arbejdsgiveren skal kontrollere og h\u00e5ndtere risikoen for at blive udsat for kr\u00e6ftfremkaldende, mutagene (genforandrende) eller reproduktionstoksiske (reproduktionsskadelige) stoffer (CMR). Denne kontrol skal foretages regelm\u00e6ssigt. <\/li>\n<li><strong>Forebyggende foranstaltninger:<\/strong> Arbejdere b\u00f8r ikke uds\u00e6ttes for CMR. Arbejdsgiveren skal bruge sikrere stoffer, hvis det er muligt. Hvis det ikke er muligt at bruge et lukket system, skal eksponeringen minimeres. Eksponeringen m\u00e5 ikke overskride den tilladte gr\u00e6nse for et kr\u00e6ftfremkaldende stof (l\u00e6s mere: STOP-princippet).   <\/li>\n<li><strong>Information og uddannelse:<\/strong> Arbejdsgiveren skal give ordentlig undervisning om sundhedsrisici, hvordan man undg\u00e5r eksponering, hygiejneregler, beskyttelsesudstyr, og hvad man skal g\u00f8re i tilf\u00e6lde af uheld.<\/li>\n<li><strong>Sundhedsoverv\u00e5gning:<\/strong> Hvis der er fastsat en biologisk gr\u00e6nsev\u00e6rdi (se nedenfor), er der krav om helbredskontrol. Arbejderne skal informeres om dette, f\u00f8r de p\u00e5begynder den risikable opgave. <\/li>\n<\/ul>\n<h2>Gr\u00e6nsev\u00e6rdier for erhvervsm\u00e6ssig eksponering<\/h2>\n<p>Lovgivende myndigheder p\u00e5 EU- og nationalt niveau fasts\u00e6tter gr\u00e6nser for eksponering for farlige stoffer, som f.eks. carcinogener. Disse gr\u00e6nsev\u00e6rdier for erhvervsm\u00e6ssig eksponering (OEL) er lovbestemte v\u00e6rdier, der angiver eksponeringsniveauer, som anses for at v\u00e6re sikre (sundhedsbaserede) for et kemisk stof i luften p\u00e5 en arbejdsplads. I bund og grund fungerer de som sikkerhedsstandarder for at beskytte arbejdernes sundhed. Se <a href=\"https:\/\/stopcarcinogensatwork.eu\/search\/\">faktabladene<\/a> for erhvervsm\u00e6ssig eksponering.   <\/p>\n<p>Oplysningerne p\u00e5 denne side stammer fra f\u00f8lgende hjemmesider:<\/p>\n<ul>\n<li><a href=\"https:\/\/osha.europa.eu\/nl\/legislation\/directive\/directive-200437ec-carcinogens-or-mutagens-work\" target=\"_blank\" rel=\"noopener\">OSHA<\/a><\/li>\n<li><a href=\"http:\/\/www.cancer.org\">www.cancer.org<\/a><\/li>\n<li><a href=\"http:\/\/www.rivm.nl\">www.rivm.nl<\/a><\/li>\n<li><a href=\"http:\/\/monographs.iarc.fr\/\">monografier.iarc.fr<\/a><\/li>\n<\/ul>\n","protected":false},"excerpt":{"rendered":"<p>Carcinogene stoffer, eller carcinogener, er kr\u00e6ftfremkaldende stoffer. Et velkendt eksempel er asbest, et stof, der er ansvarligt for tusindvis af ofre, som lider og d\u00f8r p\u00e5 grund af eksponering for asbestpartiklerne. Mange andre carcinogene stoffer er mindre kendte, men v\u00e6r opm\u00e6rksom p\u00e5, at selv naturlige produkter, som f.eks. st\u00f8v fra h\u00e5rdt tr\u00e6, kan for\u00e5rsage kr\u00e6ft. [&hellip;]<\/p>\n","protected":false},"author":1,"featured_media":0,"parent":75992,"menu_order":0,"comment_status":"closed","ping_status":"closed","template":"","meta":{"inline_featured_image":false,"footnotes":""},"class_list":["post-76076","page","type-page","status-publish","hentry"],"yoast_head":"<!-- This site is optimized with the Yoast SEO Premium plugin v27.0 (Yoast SEO v27.3) - https:\/\/yoast.com\/product\/yoast-seo-premium-wordpress\/ -->\n<title>Introduktion til carcinogene stoffer - STOP carcinogens at work<\/title>\n<meta name=\"description\" content=\"Hvert \u00e5r d\u00f8r omkring 100.000 mennesker af kr\u00e6ft, der er for\u00e5rsaget af carcinogene stoffer p\u00e5 arbejdspladsen i Europa. Forebyg eksponering p\u00e5 arbejdspladsen.\" \/>\n<meta name=\"robots\" content=\"index, follow, max-snippet:-1, max-image-preview:large, max-video-preview:-1\" \/>\n<link rel=\"canonical\" href=\"https:\/\/stopcarcinogensatwork.eu\/da\/generelt\/introduktion-til-carcinogene-stoffer\/\" \/>\n<meta property=\"og:locale\" content=\"da_DK\" \/>\n<meta property=\"og:type\" content=\"article\" \/>\n<meta property=\"og:title\" content=\"Introduktion til carcinogene stoffer\" \/>\n<meta property=\"og:description\" content=\"Hvert \u00e5r d\u00f8r omkring 100.000 mennesker af kr\u00e6ft, der er for\u00e5rsaget af carcinogene stoffer p\u00e5 arbejdspladsen i Europa. Forebyg eksponering p\u00e5 arbejdspladsen.\" \/>\n<meta property=\"og:url\" content=\"https:\/\/stopcarcinogensatwork.eu\/da\/generelt\/introduktion-til-carcinogene-stoffer\/\" \/>\n<meta property=\"og:site_name\" content=\"STOP carcinogens at work\" \/>\n<meta name=\"twitter:card\" content=\"summary_large_image\" \/>\n<meta name=\"twitter:label1\" content=\"Estimeret l\u00e6setid\" \/>\n\t<meta name=\"twitter:data1\" content=\"2 minutter\" \/>\n<script type=\"application\/ld+json\" class=\"yoast-schema-graph\">{\"@context\":\"https:\\\/\\\/schema.org\",\"@graph\":[{\"@type\":\"WebPage\",\"@id\":\"https:\\\/\\\/stopcarcinogensatwork.eu\\\/da\\\/generelt\\\/introduktion-til-carcinogene-stoffer\\\/\",\"url\":\"https:\\\/\\\/stopcarcinogensatwork.eu\\\/da\\\/generelt\\\/introduktion-til-carcinogene-stoffer\\\/\",\"name\":\"Introduktion til carcinogene stoffer - STOP carcinogens at work\",\"isPartOf\":{\"@id\":\"https:\\\/\\\/stopcarcinogensatwork.eu\\\/da\\\/#website\"},\"datePublished\":\"2023-08-15T07:25:38+00:00\",\"description\":\"Hvert \u00e5r d\u00f8r omkring 100.000 mennesker af kr\u00e6ft, der er for\u00e5rsaget af carcinogene stoffer p\u00e5 arbejdspladsen i Europa. Forebyg eksponering p\u00e5 arbejdspladsen.\",\"breadcrumb\":{\"@id\":\"https:\\\/\\\/stopcarcinogensatwork.eu\\\/da\\\/generelt\\\/introduktion-til-carcinogene-stoffer\\\/#breadcrumb\"},\"inLanguage\":\"da-DK\",\"potentialAction\":[{\"@type\":\"ReadAction\",\"target\":[\"https:\\\/\\\/stopcarcinogensatwork.eu\\\/da\\\/generelt\\\/introduktion-til-carcinogene-stoffer\\\/\"]}]},{\"@type\":\"BreadcrumbList\",\"@id\":\"https:\\\/\\\/stopcarcinogensatwork.eu\\\/da\\\/generelt\\\/introduktion-til-carcinogene-stoffer\\\/#breadcrumb\",\"itemListElement\":[{\"@type\":\"ListItem\",\"position\":1,\"name\":\"Home\",\"item\":\"https:\\\/\\\/stopcarcinogensatwork.eu\\\/da\\\/stop-kraeftfremkaldende-stoffer-paa-arbejdet\\\/\"},{\"@type\":\"ListItem\",\"position\":2,\"name\":\"Generelt\",\"item\":\"https:\\\/\\\/stopcarcinogensatwork.eu\\\/da\\\/generelt\\\/\"},{\"@type\":\"ListItem\",\"position\":3,\"name\":\"Introduktion til carcinogene stoffer\"}]},{\"@type\":\"WebSite\",\"@id\":\"https:\\\/\\\/stopcarcinogensatwork.eu\\\/da\\\/#website\",\"url\":\"https:\\\/\\\/stopcarcinogensatwork.eu\\\/da\\\/\",\"name\":\"STOP Carcinogens at work\",\"description\":\"Every year, about 100.000 people die from cancer that was caused by exposure to carcinogens at work in Europe.\",\"publisher\":{\"@id\":\"https:\\\/\\\/stopcarcinogensatwork.eu\\\/da\\\/#organization\"},\"alternateName\":\"Roadmap on Carcinogens\",\"potentialAction\":[{\"@type\":\"SearchAction\",\"target\":{\"@type\":\"EntryPoint\",\"urlTemplate\":\"https:\\\/\\\/stopcarcinogensatwork.eu\\\/da\\\/?s={search_term_string}\"},\"query-input\":{\"@type\":\"PropertyValueSpecification\",\"valueRequired\":true,\"valueName\":\"search_term_string\"}}],\"inLanguage\":\"da-DK\"},{\"@type\":\"Organization\",\"@id\":\"https:\\\/\\\/stopcarcinogensatwork.eu\\\/da\\\/#organization\",\"name\":\"TNO\",\"alternateName\":\"This is a European wide voluntary action scheme\",\"url\":\"https:\\\/\\\/stopcarcinogensatwork.eu\\\/da\\\/\",\"logo\":{\"@type\":\"ImageObject\",\"inLanguage\":\"da-DK\",\"@id\":\"https:\\\/\\\/stopcarcinogensatwork.eu\\\/da\\\/#\\\/schema\\\/logo\\\/image\\\/\",\"url\":\"https:\\\/\\\/stopcarcinogensatwork.eu\\\/wp-content\\\/uploads\\\/2024\\\/08\\\/cropped-FavLarge-1.png\",\"contentUrl\":\"https:\\\/\\\/stopcarcinogensatwork.eu\\\/wp-content\\\/uploads\\\/2024\\\/08\\\/cropped-FavLarge-1.png\",\"width\":512,\"height\":512,\"caption\":\"TNO\"},\"image\":{\"@id\":\"https:\\\/\\\/stopcarcinogensatwork.eu\\\/da\\\/#\\\/schema\\\/logo\\\/image\\\/\"},\"publishingPrinciples\":\"https:\\\/\\\/stopcarcinogensatwork.eu\\\/homepage\\\/legal\\\/\",\"ownershipFundingInfo\":\"https:\\\/\\\/stopcarcinogensatwork.eu\\\/general\\\/about-us\\\/\"}]}<\/script>\n<!-- \/ Yoast SEO Premium plugin. -->","yoast_head_json":{"title":"Introduktion til carcinogene stoffer - STOP carcinogens at work","description":"Hvert \u00e5r d\u00f8r omkring 100.000 mennesker af kr\u00e6ft, der er for\u00e5rsaget af carcinogene stoffer p\u00e5 arbejdspladsen i Europa. Forebyg eksponering p\u00e5 arbejdspladsen.","robots":{"index":"index","follow":"follow","max-snippet":"max-snippet:-1","max-image-preview":"max-image-preview:large","max-video-preview":"max-video-preview:-1"},"canonical":"https:\/\/stopcarcinogensatwork.eu\/da\/generelt\/introduktion-til-carcinogene-stoffer\/","og_locale":"da_DK","og_type":"article","og_title":"Introduktion til carcinogene stoffer","og_description":"Hvert \u00e5r d\u00f8r omkring 100.000 mennesker af kr\u00e6ft, der er for\u00e5rsaget af carcinogene stoffer p\u00e5 arbejdspladsen i Europa. Forebyg eksponering p\u00e5 arbejdspladsen.","og_url":"https:\/\/stopcarcinogensatwork.eu\/da\/generelt\/introduktion-til-carcinogene-stoffer\/","og_site_name":"STOP carcinogens at work","twitter_card":"summary_large_image","twitter_misc":{"Estimeret l\u00e6setid":"2 minutter"},"schema":{"@context":"https:\/\/schema.org","@graph":[{"@type":"WebPage","@id":"https:\/\/stopcarcinogensatwork.eu\/da\/generelt\/introduktion-til-carcinogene-stoffer\/","url":"https:\/\/stopcarcinogensatwork.eu\/da\/generelt\/introduktion-til-carcinogene-stoffer\/","name":"Introduktion til carcinogene stoffer - STOP carcinogens at work","isPartOf":{"@id":"https:\/\/stopcarcinogensatwork.eu\/da\/#website"},"datePublished":"2023-08-15T07:25:38+00:00","description":"Hvert \u00e5r d\u00f8r omkring 100.000 mennesker af kr\u00e6ft, der er for\u00e5rsaget af carcinogene stoffer p\u00e5 arbejdspladsen i Europa. Forebyg eksponering p\u00e5 arbejdspladsen.","breadcrumb":{"@id":"https:\/\/stopcarcinogensatwork.eu\/da\/generelt\/introduktion-til-carcinogene-stoffer\/#breadcrumb"},"inLanguage":"da-DK","potentialAction":[{"@type":"ReadAction","target":["https:\/\/stopcarcinogensatwork.eu\/da\/generelt\/introduktion-til-carcinogene-stoffer\/"]}]},{"@type":"BreadcrumbList","@id":"https:\/\/stopcarcinogensatwork.eu\/da\/generelt\/introduktion-til-carcinogene-stoffer\/#breadcrumb","itemListElement":[{"@type":"ListItem","position":1,"name":"Home","item":"https:\/\/stopcarcinogensatwork.eu\/da\/stop-kraeftfremkaldende-stoffer-paa-arbejdet\/"},{"@type":"ListItem","position":2,"name":"Generelt","item":"https:\/\/stopcarcinogensatwork.eu\/da\/generelt\/"},{"@type":"ListItem","position":3,"name":"Introduktion til carcinogene stoffer"}]},{"@type":"WebSite","@id":"https:\/\/stopcarcinogensatwork.eu\/da\/#website","url":"https:\/\/stopcarcinogensatwork.eu\/da\/","name":"STOP Carcinogens at work","description":"Every year, about 100.000 people die from cancer that was caused by exposure to carcinogens at work in Europe.","publisher":{"@id":"https:\/\/stopcarcinogensatwork.eu\/da\/#organization"},"alternateName":"Roadmap on Carcinogens","potentialAction":[{"@type":"SearchAction","target":{"@type":"EntryPoint","urlTemplate":"https:\/\/stopcarcinogensatwork.eu\/da\/?s={search_term_string}"},"query-input":{"@type":"PropertyValueSpecification","valueRequired":true,"valueName":"search_term_string"}}],"inLanguage":"da-DK"},{"@type":"Organization","@id":"https:\/\/stopcarcinogensatwork.eu\/da\/#organization","name":"TNO","alternateName":"This is a European wide voluntary action scheme","url":"https:\/\/stopcarcinogensatwork.eu\/da\/","logo":{"@type":"ImageObject","inLanguage":"da-DK","@id":"https:\/\/stopcarcinogensatwork.eu\/da\/#\/schema\/logo\/image\/","url":"https:\/\/stopcarcinogensatwork.eu\/wp-content\/uploads\/2024\/08\/cropped-FavLarge-1.png","contentUrl":"https:\/\/stopcarcinogensatwork.eu\/wp-content\/uploads\/2024\/08\/cropped-FavLarge-1.png","width":512,"height":512,"caption":"TNO"},"image":{"@id":"https:\/\/stopcarcinogensatwork.eu\/da\/#\/schema\/logo\/image\/"},"publishingPrinciples":"https:\/\/stopcarcinogensatwork.eu\/homepage\/legal\/","ownershipFundingInfo":"https:\/\/stopcarcinogensatwork.eu\/general\/about-us\/"}]}},"_links":{"self":[{"href":"https:\/\/stopcarcinogensatwork.eu\/da\/wp-json\/wp\/v2\/pages\/76076","targetHints":{"allow":["GET"]}}],"collection":[{"href":"https:\/\/stopcarcinogensatwork.eu\/da\/wp-json\/wp\/v2\/pages"}],"about":[{"href":"https:\/\/stopcarcinogensatwork.eu\/da\/wp-json\/wp\/v2\/types\/page"}],"author":[{"embeddable":true,"href":"https:\/\/stopcarcinogensatwork.eu\/da\/wp-json\/wp\/v2\/users\/1"}],"replies":[{"embeddable":true,"href":"https:\/\/stopcarcinogensatwork.eu\/da\/wp-json\/wp\/v2\/comments?post=76076"}],"version-history":[{"count":0,"href":"https:\/\/stopcarcinogensatwork.eu\/da\/wp-json\/wp\/v2\/pages\/76076\/revisions"}],"up":[{"embeddable":true,"href":"https:\/\/stopcarcinogensatwork.eu\/da\/wp-json\/wp\/v2\/pages\/75992"}],"wp:attachment":[{"href":"https:\/\/stopcarcinogensatwork.eu\/da\/wp-json\/wp\/v2\/media?parent=76076"}],"curies":[{"name":"wp","href":"https:\/\/api.w.org\/{rel}","templated":true}]}}