{"id":76082,"date":"2024-02-27T15:15:29","date_gmt":"2024-02-27T15:15:29","guid":{"rendered":"https:\/\/stopcarcinogensatwork.eu\/generelt\/samarbejd-med-os\/"},"modified":"2025-12-10T11:53:55","modified_gmt":"2025-12-10T11:53:55","slug":"samarbejd-med-os","status":"publish","type":"page","link":"https:\/\/stopcarcinogensatwork.eu\/da\/generelt\/samarbejd-med-os\/","title":{"rendered":"Samarbejd med os"},"content":{"rendered":"\t\t<div data-elementor-type=\"wp-page\" data-elementor-id=\"76082\" class=\"elementor elementor-76082 elementor-7358\" data-elementor-post-type=\"page\">\n\t\t\t\t<div class=\"elementor-element elementor-element-4bc4f45a e-flex e-con-boxed e-con e-parent\" data-id=\"4bc4f45a\" data-element_type=\"container\" data-e-type=\"container\">\n\t\t\t\t\t<div class=\"e-con-inner\">\n\t\t\t\t<div class=\"elementor-element elementor-element-656752e2 elementor-widget elementor-widget-text-editor\" data-id=\"656752e2\" data-element_type=\"widget\" data-e-type=\"widget\" data-widget_type=\"text-editor.default\">\n\t\t\t\t\t\t\t\t\t<h2>Lad os arbejde sammen om at g\u00f8re arbejdspladserne mere sikre &#8211; gennem viden, praksis og undervisning<\/h2><blockquote><p>Hvert \u00e5r d\u00f8r titusinder af mennesker i hele Europa af sygdomme, der er for\u00e5rsaget af deres arbejde. I mange tilf\u00e6lde er det kr\u00e6ft, der er skyld i det &#8211; for\u00e5rsaget af eksponering for carcinogene stoffer p\u00e5 jobbet. Disse risici er ofte usynlige, men de er ikke uundg\u00e5elige. For at \u00e6ndre det har vi brug for hinanden.   <\/p><p>Ud over arbejdsgivere og arbejdere inviterer vi et bredere netv\u00e6rk af fagfolk til at slutte sig til os: <strong><a href=\"#inspectorate\">arbejdstilsyn<\/a>, <a href=\"#research\">forskere<\/a>, fagforeninger, ekspertorganisationer, <a href=\"#educational\">undervisningsinstitutioner og undervisere<\/a><\/strong>. Ved at arbejde sammen g\u00f8r vi viden synlig, udvikler nye v\u00e6rkt\u00f8jer og l\u00e6rer af hinandens praksis.<\/p><\/blockquote>\t\t\t\t\t\t\t\t<\/div>\n\t\t\t\t\t<\/div>\n\t\t\t\t<\/div>\n\t\t<div class=\"elementor-element elementor-element-01c544b e-flex e-con-boxed e-con e-parent\" data-id=\"01c544b\" data-element_type=\"container\" data-e-type=\"container\" id=\"inspectorate\">\n\t\t\t\t\t<div class=\"e-con-inner\">\n\t\t\t\t<div class=\"elementor-element elementor-element-c2c232c elementor-widget elementor-widget-text-editor\" data-id=\"c2c232c\" data-element_type=\"widget\" data-e-type=\"widget\" data-widget_type=\"text-editor.default\">\n\t\t\t\t\t\t\t\t\t<h3>Inspektorater<\/h3><p>Arbejdstilsynet har et v\u00e6ld af erfaringer fra den virkelige verden. Ved at dele inspektionssager kan vi hj\u00e6lpe andre inspekt\u00f8rer med at l\u00e6re af praksis og hj\u00e6lpe virksomheder med at forst\u00e5, hvad der virker, og hvad der ikke g\u00f8r. Vi inviterer arbejdstilsyn til at:  <\/p><p>&#8211; Del inspektionssager, der viser Risikovurdering og kontrolforanstaltninger<br>&#8211; St\u00f8t gensidig l\u00e6ring mellem inspektorater i Europa<br>&#8211; Hj\u00e6lp virksomheder med at f\u00e5 indsigt i inspektionsprocessen<\/p><p><strong>Vil du gerne bidrage? <a href=\"https:\/\/stopcarcinogensatwork.eu\/register\/\">Anmod om en konto<\/a> via vores registreringsside for inspektorater.<\/strong> Har du allerede en konto? <a href=\"https:\/\/stopcarcinogensatwork.eu\/da\/login\/\">Log ind her.<\/a><br>Vil du se de offentliggjorte inspektionssager? <a href=\"https:\/\/stopcarcinogensatwork.eu\/da\/soeg-efter-inspektioner\/\">S\u00e5 klik her<\/a><\/p>\t\t\t\t\t\t\t\t<\/div>\n\t\t\t\t\t<\/div>\n\t\t\t\t<\/div>\n\t\t<div class=\"elementor-element elementor-element-06edf1b e-flex e-con-boxed e-con e-parent\" data-id=\"06edf1b\" data-element_type=\"container\" data-e-type=\"container\" id=\"research\">\n\t\t\t\t\t<div class=\"e-con-inner\">\n\t\t\t\t<div class=\"elementor-element elementor-element-cfc6497 elementor-widget elementor-widget-text-editor\" data-id=\"cfc6497\" data-element_type=\"widget\" data-e-type=\"widget\" data-widget_type=\"text-editor.default\">\n\t\t\t\t\t\t\t\t\t<h3>For forsknings- og vidensinstitutioner<\/h3><p>Forskning, teknisk ekspertise og evidensbaseret praksis er afg\u00f8rende for at reducere erhvervsm\u00e6ssig eksponering for carcinogener. Vi inviterer institutioner til at: <\/p><ul><li>Del god praksis: eksempler fra det virkelige liv p\u00e5 vellykket substitution eller kontrol<\/li><li>Udvikle eller forfine Vejledningsark for kontrolforanstaltninger (CGS): trinvis vejledning til h\u00e5ndtering af eksponering<\/li><li>St\u00f8t bevidsthed og politik med videnskabelig indsigt, data og v\u00e6rkt\u00f8jer til undervisning<\/li><\/ul><p>Sammen opbygger vi en f\u00e6lles vidensbase, som andre kan bruge til at forbedre deres egne strategier. <strong><a href=\"https:\/\/stopcarcinogensatwork.eu\/institute-for-cgs\/\">Anmod om en konto<\/a> via vores registreringsside.<\/strong><\/p>\t\t\t\t\t\t\t\t<\/div>\n\t\t\t\t\t<\/div>\n\t\t\t\t<\/div>\n\t\t<div class=\"elementor-element elementor-element-8326d9a e-flex e-con-boxed e-con e-parent\" data-id=\"8326d9a\" data-element_type=\"container\" data-e-type=\"container\" id=\"educational\">\n\t\t\t\t\t<div class=\"e-con-inner\">\n\t\t\t\t<div class=\"elementor-element elementor-element-b40aa3d elementor-widget elementor-widget-text-editor\" data-id=\"b40aa3d\" data-element_type=\"widget\" data-e-type=\"widget\" data-widget_type=\"text-editor.default\">\n\t\t\t\t\t\t\t\t\t<h3>Til undervisningsinstitutioner og undervisere<\/h3><p>Fra erhvervsuddannelser til universiteter: Dagens studerende er morgendagens arbejdsstyrke. Tidlig undervisning om carcinogener er med til at skabe langsigtet bevidsthed og sundere valg. Vi inviterer undervisere og undervisere til:  <\/p><ul><li>Del undervisningsmateriale eller oplysningsprojekter til brug i skoler, gymnasier eller uddannelsescentre.<\/li><li>Samskabe undervisningsindhold tilpasset forskellige aldersgrupper og sektorer<\/li><li>Inspirere de studerende til at genkende og reducere risici p\u00e5 fremtidige arbejdspladser<\/li><\/ul><p><a href=\"https:\/\/stopcarcinogensatwork.eu\/general\/educational-institutions-and-trainers\/\">Bes\u00f8g vores sektion for Undervisning p\u00e5 vores hjemmeside.<\/a><\/p>\t\t\t\t\t\t\t\t<\/div>\n\t\t\t\t\t<\/div>\n\t\t\t\t<\/div>\n\t\t\t\t<\/div>\n\t\t","protected":false},"excerpt":{"rendered":"<p>Lad os arbejde sammen om at g\u00f8re arbejdspladserne mere sikre &#8211; gennem viden, praksis og undervisning Hvert \u00e5r d\u00f8r titusinder af mennesker i hele Europa af sygdomme, der er for\u00e5rsaget af deres arbejde. I mange tilf\u00e6lde er det kr\u00e6ft, der er skyld i det &#8211; for\u00e5rsaget af eksponering for carcinogene stoffer p\u00e5 jobbet. Disse risici [&hellip;]<\/p>\n","protected":false},"author":1,"featured_media":0,"parent":75992,"menu_order":0,"comment_status":"closed","ping_status":"closed","template":"","meta":{"inline_featured_image":false,"footnotes":""},"class_list":["post-76082","page","type-page","status-publish","hentry"],"yoast_head":"<!-- This site is optimized with the Yoast SEO Premium plugin v27.0 (Yoast SEO v27.4) - https:\/\/yoast.com\/product\/yoast-seo-premium-wordpress\/ -->\n<title>Samarbejd med os - STOP carcinogens at work<\/title>\n<meta name=\"description\" content=\"Every year, more than 100.000 people die in the EU from cancer caused by carcinogens at work. This must STOP!\" \/>\n<meta name=\"robots\" content=\"noindex, nofollow\" \/>\n<meta property=\"og:locale\" content=\"da_DK\" \/>\n<meta property=\"og:type\" content=\"article\" \/>\n<meta property=\"og:title\" content=\"Samarbejd med os\" \/>\n<meta property=\"og:description\" content=\"Every year, more than 100.000 people die in the EU from cancer caused by carcinogens at work. This must STOP!\" \/>\n<meta property=\"og:url\" content=\"https:\/\/stopcarcinogensatwork.eu\/da\/generelt\/samarbejd-med-os\/\" \/>\n<meta property=\"og:site_name\" content=\"STOP carcinogens at work\" \/>\n<meta property=\"article:modified_time\" content=\"2025-12-10T11:53:55+00:00\" \/>\n<meta name=\"twitter:card\" content=\"summary_large_image\" \/>\n<meta name=\"twitter:label1\" content=\"Estimeret l\u00e6setid\" \/>\n\t<meta name=\"twitter:data1\" content=\"2 minutter\" \/>\n<script type=\"application\/ld+json\" class=\"yoast-schema-graph\">{\"@context\":\"https:\\\/\\\/schema.org\",\"@graph\":[{\"@type\":\"WebPage\",\"@id\":\"https:\\\/\\\/stopcarcinogensatwork.eu\\\/da\\\/generelt\\\/samarbejd-med-os\\\/\",\"url\":\"https:\\\/\\\/stopcarcinogensatwork.eu\\\/da\\\/generelt\\\/samarbejd-med-os\\\/\",\"name\":\"Samarbejd med os - STOP carcinogens at work\",\"isPartOf\":{\"@id\":\"https:\\\/\\\/stopcarcinogensatwork.eu\\\/da\\\/#website\"},\"datePublished\":\"2024-02-27T15:15:29+00:00\",\"dateModified\":\"2025-12-10T11:53:55+00:00\",\"description\":\"Every year, more than 100.000 people die in the EU from cancer caused by carcinogens at work. This must STOP!\",\"breadcrumb\":{\"@id\":\"https:\\\/\\\/stopcarcinogensatwork.eu\\\/da\\\/generelt\\\/samarbejd-med-os\\\/#breadcrumb\"},\"inLanguage\":\"da-DK\",\"potentialAction\":[{\"@type\":\"ReadAction\",\"target\":[\"https:\\\/\\\/stopcarcinogensatwork.eu\\\/da\\\/generelt\\\/samarbejd-med-os\\\/\"]}]},{\"@type\":\"BreadcrumbList\",\"@id\":\"https:\\\/\\\/stopcarcinogensatwork.eu\\\/da\\\/generelt\\\/samarbejd-med-os\\\/#breadcrumb\",\"itemListElement\":[{\"@type\":\"ListItem\",\"position\":1,\"name\":\"Home\",\"item\":\"https:\\\/\\\/stopcarcinogensatwork.eu\\\/da\\\/stop-kraeftfremkaldende-stoffer-paa-arbejdet\\\/\"},{\"@type\":\"ListItem\",\"position\":2,\"name\":\"Generelt\",\"item\":\"https:\\\/\\\/stopcarcinogensatwork.eu\\\/da\\\/generelt\\\/\"},{\"@type\":\"ListItem\",\"position\":3,\"name\":\"Samarbejd med os\"}]},{\"@type\":\"WebSite\",\"@id\":\"https:\\\/\\\/stopcarcinogensatwork.eu\\\/da\\\/#website\",\"url\":\"https:\\\/\\\/stopcarcinogensatwork.eu\\\/da\\\/\",\"name\":\"STOP Carcinogens at work\",\"description\":\"Every year, about 100.000 people die from cancer that was caused by exposure to carcinogens at work in Europe.\",\"publisher\":{\"@id\":\"https:\\\/\\\/stopcarcinogensatwork.eu\\\/da\\\/#organization\"},\"alternateName\":\"Roadmap on Carcinogens\",\"potentialAction\":[{\"@type\":\"SearchAction\",\"target\":{\"@type\":\"EntryPoint\",\"urlTemplate\":\"https:\\\/\\\/stopcarcinogensatwork.eu\\\/da\\\/?s={search_term_string}\"},\"query-input\":{\"@type\":\"PropertyValueSpecification\",\"valueRequired\":true,\"valueName\":\"search_term_string\"}}],\"inLanguage\":\"da-DK\"},{\"@type\":\"Organization\",\"@id\":\"https:\\\/\\\/stopcarcinogensatwork.eu\\\/da\\\/#organization\",\"name\":\"TNO\",\"alternateName\":\"This is a European wide voluntary action scheme\",\"url\":\"https:\\\/\\\/stopcarcinogensatwork.eu\\\/da\\\/\",\"logo\":{\"@type\":\"ImageObject\",\"inLanguage\":\"da-DK\",\"@id\":\"https:\\\/\\\/stopcarcinogensatwork.eu\\\/da\\\/#\\\/schema\\\/logo\\\/image\\\/\",\"url\":\"https:\\\/\\\/stopcarcinogensatwork.eu\\\/wp-content\\\/uploads\\\/2024\\\/08\\\/cropped-FavLarge-1.png\",\"contentUrl\":\"https:\\\/\\\/stopcarcinogensatwork.eu\\\/wp-content\\\/uploads\\\/2024\\\/08\\\/cropped-FavLarge-1.png\",\"width\":512,\"height\":512,\"caption\":\"TNO\"},\"image\":{\"@id\":\"https:\\\/\\\/stopcarcinogensatwork.eu\\\/da\\\/#\\\/schema\\\/logo\\\/image\\\/\"},\"publishingPrinciples\":\"https:\\\/\\\/stopcarcinogensatwork.eu\\\/homepage\\\/legal\\\/\",\"ownershipFundingInfo\":\"https:\\\/\\\/stopcarcinogensatwork.eu\\\/general\\\/about-us\\\/\"}]}<\/script>\n<!-- \/ Yoast SEO Premium plugin. -->","yoast_head_json":{"title":"Samarbejd med os - STOP carcinogens at work","description":"Every year, more than 100.000 people die in the EU from cancer caused by carcinogens at work. This must STOP!","robots":{"index":"noindex","follow":"nofollow"},"og_locale":"da_DK","og_type":"article","og_title":"Samarbejd med os","og_description":"Every year, more than 100.000 people die in the EU from cancer caused by carcinogens at work. This must STOP!","og_url":"https:\/\/stopcarcinogensatwork.eu\/da\/generelt\/samarbejd-med-os\/","og_site_name":"STOP carcinogens at work","article_modified_time":"2025-12-10T11:53:55+00:00","twitter_card":"summary_large_image","twitter_misc":{"Estimeret l\u00e6setid":"2 minutter"},"schema":{"@context":"https:\/\/schema.org","@graph":[{"@type":"WebPage","@id":"https:\/\/stopcarcinogensatwork.eu\/da\/generelt\/samarbejd-med-os\/","url":"https:\/\/stopcarcinogensatwork.eu\/da\/generelt\/samarbejd-med-os\/","name":"Samarbejd med os - STOP carcinogens at work","isPartOf":{"@id":"https:\/\/stopcarcinogensatwork.eu\/da\/#website"},"datePublished":"2024-02-27T15:15:29+00:00","dateModified":"2025-12-10T11:53:55+00:00","description":"Every year, more than 100.000 people die in the EU from cancer caused by carcinogens at work. This must STOP!","breadcrumb":{"@id":"https:\/\/stopcarcinogensatwork.eu\/da\/generelt\/samarbejd-med-os\/#breadcrumb"},"inLanguage":"da-DK","potentialAction":[{"@type":"ReadAction","target":["https:\/\/stopcarcinogensatwork.eu\/da\/generelt\/samarbejd-med-os\/"]}]},{"@type":"BreadcrumbList","@id":"https:\/\/stopcarcinogensatwork.eu\/da\/generelt\/samarbejd-med-os\/#breadcrumb","itemListElement":[{"@type":"ListItem","position":1,"name":"Home","item":"https:\/\/stopcarcinogensatwork.eu\/da\/stop-kraeftfremkaldende-stoffer-paa-arbejdet\/"},{"@type":"ListItem","position":2,"name":"Generelt","item":"https:\/\/stopcarcinogensatwork.eu\/da\/generelt\/"},{"@type":"ListItem","position":3,"name":"Samarbejd med os"}]},{"@type":"WebSite","@id":"https:\/\/stopcarcinogensatwork.eu\/da\/#website","url":"https:\/\/stopcarcinogensatwork.eu\/da\/","name":"STOP Carcinogens at work","description":"Every year, about 100.000 people die from cancer that was caused by exposure to carcinogens at work in Europe.","publisher":{"@id":"https:\/\/stopcarcinogensatwork.eu\/da\/#organization"},"alternateName":"Roadmap on Carcinogens","potentialAction":[{"@type":"SearchAction","target":{"@type":"EntryPoint","urlTemplate":"https:\/\/stopcarcinogensatwork.eu\/da\/?s={search_term_string}"},"query-input":{"@type":"PropertyValueSpecification","valueRequired":true,"valueName":"search_term_string"}}],"inLanguage":"da-DK"},{"@type":"Organization","@id":"https:\/\/stopcarcinogensatwork.eu\/da\/#organization","name":"TNO","alternateName":"This is a European wide voluntary action scheme","url":"https:\/\/stopcarcinogensatwork.eu\/da\/","logo":{"@type":"ImageObject","inLanguage":"da-DK","@id":"https:\/\/stopcarcinogensatwork.eu\/da\/#\/schema\/logo\/image\/","url":"https:\/\/stopcarcinogensatwork.eu\/wp-content\/uploads\/2024\/08\/cropped-FavLarge-1.png","contentUrl":"https:\/\/stopcarcinogensatwork.eu\/wp-content\/uploads\/2024\/08\/cropped-FavLarge-1.png","width":512,"height":512,"caption":"TNO"},"image":{"@id":"https:\/\/stopcarcinogensatwork.eu\/da\/#\/schema\/logo\/image\/"},"publishingPrinciples":"https:\/\/stopcarcinogensatwork.eu\/homepage\/legal\/","ownershipFundingInfo":"https:\/\/stopcarcinogensatwork.eu\/general\/about-us\/"}]}},"_links":{"self":[{"href":"https:\/\/stopcarcinogensatwork.eu\/da\/wp-json\/wp\/v2\/pages\/76082","targetHints":{"allow":["GET"]}}],"collection":[{"href":"https:\/\/stopcarcinogensatwork.eu\/da\/wp-json\/wp\/v2\/pages"}],"about":[{"href":"https:\/\/stopcarcinogensatwork.eu\/da\/wp-json\/wp\/v2\/types\/page"}],"author":[{"embeddable":true,"href":"https:\/\/stopcarcinogensatwork.eu\/da\/wp-json\/wp\/v2\/users\/1"}],"replies":[{"embeddable":true,"href":"https:\/\/stopcarcinogensatwork.eu\/da\/wp-json\/wp\/v2\/comments?post=76082"}],"version-history":[{"count":0,"href":"https:\/\/stopcarcinogensatwork.eu\/da\/wp-json\/wp\/v2\/pages\/76082\/revisions"}],"up":[{"embeddable":true,"href":"https:\/\/stopcarcinogensatwork.eu\/da\/wp-json\/wp\/v2\/pages\/75992"}],"wp:attachment":[{"href":"https:\/\/stopcarcinogensatwork.eu\/da\/wp-json\/wp\/v2\/media?parent=76082"}],"curies":[{"name":"wp","href":"https:\/\/api.w.org\/{rel}","templated":true}]}}