{"id":92891,"date":"2025-09-01T11:06:42","date_gmt":"2025-09-01T11:06:42","guid":{"rendered":"https:\/\/stopcarcinogensatwork.eu\/generelt\/undervisning-om-kraeftfremkaldende-stoffer-paa-arbejdspladsen\/"},"modified":"2025-09-01T11:06:42","modified_gmt":"2025-09-01T11:06:42","slug":"undervisning-om-kraeftfremkaldende-stoffer-paa-arbejdspladsen","status":"publish","type":"page","link":"https:\/\/stopcarcinogensatwork.eu\/da\/generelt\/undervisning-om-kraeftfremkaldende-stoffer-paa-arbejdspladsen\/","title":{"rendered":"Undervisning om kr\u00e6ftfremkaldende stoffer p\u00e5 arbejdspladsen"},"content":{"rendered":"<blockquote><p>Det er vigtigt at l\u00e6re b\u00f8rn og studerende om kr\u00e6ftfremkaldende stoffer i en tidlig alder, allerede i grundskolen og p\u00e5 erhvervsuddannelserne. Af denne grund blev der udviklet undervisningsprogrammer. <\/p><\/blockquote>\n<h2>Skabelonundervisning om carcinogener<\/h2>\n<p>Lektionsplanerne om carcinogener blev udarbejdet af Sloveniens nationale institut for undervisning og ministeriet for arbejde, familie, sociale anliggender og ligestilling i Slovenien. De er baseret p\u00e5 slovenske love og erfaringer og blev testet i flere grundskoler i Slovenien mellem 2023 og 2024. EU-medlemsstaterne kan overs\u00e6tte og tilpasse disse lektionsplaner til deres egne behov. L\u00e6rere kan ogs\u00e5 bruge det interaktive spil (se nedenfor) i undervisningen af elever p\u00e5 ungdomsuddannelserne.   <\/p>\n<p>I l\u00f8bet af disse timer l\u00e6rer de studerende:<\/p>\n<ul>\n<li>hvordan man genkender piktogrammer for farlige stoffer<\/li>\n<li>hvordan man v\u00e6lger passende metoder til at beskytte sig mod farlige stoffer, og hvordan man h\u00e5ndterer disse stoffer sikkert<\/li>\n<li>om langtidsvirkningerne af CMR-stoffer, og hvordan man forebygger dem<\/li>\n<li>om sikkerhedsdatabladet, der fungerer som et &#8220;identitetskort&#8221; for farlige stoffer<\/li>\n<li>om erhvervskr\u00e6ft, hvilke faktorer der kan for\u00e5rsage den, og hvilke foranstaltninger der kan reducere eksponeringen for potentielt kr\u00e6ftfremkaldende stoffer.<\/li>\n<\/ul>\n<p><a href=\"https:\/\/stopcarcinogensatwork.eu\/educational\/lesson-proposal-on-carcinogens-for-students-aged-11-years-minimum-and-over\/\">Undervisningsforslag om carcinogener for elever i alderen 11 \u00e5r til 14 \u00e5r<\/a><br \/>\n<a href=\"https:\/\/stopcarcinogensatwork.eu\/educational\/9th-grade-of-primary-school-14-years\/\">Lektionsforslag om carcinogener for elever p\u00e5 mindst 14 \u00e5r<\/a><\/p>\n<h2><strong>Interaktivt spil<\/strong><strong><br \/>\n<\/strong><\/h2>\n<p>For at hj\u00e6lpe eleverne med at forst\u00e5, hvordan de skal h\u00e5ndtere risikoen for carcinogener p\u00e5 arbejdspladsen, er der blevet skabt et interaktivt spil.<\/p>\n<p>I spillet spiller du som forebyggelsesr\u00e5dgiver. Du skal identificere usikre situationer med kr\u00e6ftfremkaldende stoffer p\u00e5 forskellige arbejdspladser (en bygge- og anl\u00e6gsvirksomhed, et hospital og en fabrik) og give r\u00e5d til arbejdsgiveren. Et vigtigt l\u00e6ringspunkt er <g id=\"gid_0\">STOP-princippet<\/g>. Dette princip viser r\u00e6kkef\u00f8lgen af de skridt, der skal tages for at forhindre eksponering for farlige stoffer.   <\/p>\n<p>For at hj\u00e6lpe l\u00e6rerne med at inddrage spillet i deres undervisning findes der en undervisningspakke. Den forklarer flere begreber, som ogs\u00e5 optr\u00e6der i spillet. <\/p>\n<p>Spillet findes p\u00e5 engelsk, hollandsk og fransk.<\/p>\n<p><a href=\"https:\/\/stopcarcinogensatwork.eu\/da\/good-practice\/haandtering-af-risikoen-for-carcinogener-paa-arbejdspladsen-gennem-et-undervisningsspil\/\">Til det interaktive spil<\/a><\/p>\n","protected":false},"excerpt":{"rendered":"<p>Det er vigtigt at l\u00e6re b\u00f8rn og studerende om kr\u00e6ftfremkaldende stoffer i en tidlig alder, allerede i grundskolen og p\u00e5 erhvervsuddannelserne. Af denne grund blev der udviklet undervisningsprogrammer. Skabelonundervisning om carcinogener Lektionsplanerne om carcinogener blev udarbejdet af Sloveniens nationale institut for undervisning og ministeriet for arbejde, familie, sociale anliggender og ligestilling i Slovenien. De er [&hellip;]<\/p>\n","protected":false},"author":1,"featured_media":0,"parent":75992,"menu_order":0,"comment_status":"closed","ping_status":"closed","template":"","meta":{"inline_featured_image":false,"footnotes":""},"class_list":["post-92891","page","type-page","status-publish","hentry"],"yoast_head":"<!-- This site is optimized with the Yoast SEO Premium plugin v27.0 (Yoast SEO v27.3) - https:\/\/yoast.com\/product\/yoast-seo-premium-wordpress\/ -->\n<title>Undervisning om kr\u00e6ftfremkaldende stoffer p\u00e5 arbejdspladsen - STOP carcinogens at work<\/title>\n<meta name=\"description\" content=\"Det er vigtigt at undervise b\u00f8rn og studerende om kr\u00e6ftfremkaldende stoffer i en tidlig alder, i folkeskolen og p\u00e5 erhvervsuddannelserne.\" \/>\n<meta name=\"robots\" content=\"index, follow, max-snippet:-1, max-image-preview:large, max-video-preview:-1\" \/>\n<link rel=\"canonical\" href=\"https:\/\/stopcarcinogensatwork.eu\/da\/generelt\/undervisning-om-kraeftfremkaldende-stoffer-paa-arbejdspladsen\/\" \/>\n<meta property=\"og:locale\" content=\"da_DK\" \/>\n<meta property=\"og:type\" content=\"article\" \/>\n<meta property=\"og:title\" content=\"Undervisning om kr\u00e6ftfremkaldende stoffer p\u00e5 arbejdspladsen\" \/>\n<meta property=\"og:description\" content=\"Det er vigtigt at undervise b\u00f8rn og studerende om kr\u00e6ftfremkaldende stoffer i en tidlig alder, i folkeskolen og p\u00e5 erhvervsuddannelserne.\" \/>\n<meta property=\"og:url\" content=\"https:\/\/stopcarcinogensatwork.eu\/da\/generelt\/undervisning-om-kraeftfremkaldende-stoffer-paa-arbejdspladsen\/\" \/>\n<meta property=\"og:site_name\" content=\"STOP carcinogens at work\" \/>\n<meta name=\"twitter:card\" content=\"summary_large_image\" \/>\n<meta name=\"twitter:label1\" content=\"Estimeret l\u00e6setid\" \/>\n\t<meta name=\"twitter:data1\" content=\"2 minutter\" \/>\n<script type=\"application\/ld+json\" class=\"yoast-schema-graph\">{\"@context\":\"https:\\\/\\\/schema.org\",\"@graph\":[{\"@type\":\"WebPage\",\"@id\":\"https:\\\/\\\/stopcarcinogensatwork.eu\\\/da\\\/generelt\\\/undervisning-om-kraeftfremkaldende-stoffer-paa-arbejdspladsen\\\/\",\"url\":\"https:\\\/\\\/stopcarcinogensatwork.eu\\\/da\\\/generelt\\\/undervisning-om-kraeftfremkaldende-stoffer-paa-arbejdspladsen\\\/\",\"name\":\"Undervisning om kr\u00e6ftfremkaldende stoffer p\u00e5 arbejdspladsen - STOP carcinogens at work\",\"isPartOf\":{\"@id\":\"https:\\\/\\\/stopcarcinogensatwork.eu\\\/da\\\/#website\"},\"datePublished\":\"2025-09-01T11:06:42+00:00\",\"description\":\"Det er vigtigt at undervise b\u00f8rn og studerende om kr\u00e6ftfremkaldende stoffer i en tidlig alder, i folkeskolen og p\u00e5 erhvervsuddannelserne.\",\"breadcrumb\":{\"@id\":\"https:\\\/\\\/stopcarcinogensatwork.eu\\\/da\\\/generelt\\\/undervisning-om-kraeftfremkaldende-stoffer-paa-arbejdspladsen\\\/#breadcrumb\"},\"inLanguage\":\"da-DK\",\"potentialAction\":[{\"@type\":\"ReadAction\",\"target\":[\"https:\\\/\\\/stopcarcinogensatwork.eu\\\/da\\\/generelt\\\/undervisning-om-kraeftfremkaldende-stoffer-paa-arbejdspladsen\\\/\"]}]},{\"@type\":\"BreadcrumbList\",\"@id\":\"https:\\\/\\\/stopcarcinogensatwork.eu\\\/da\\\/generelt\\\/undervisning-om-kraeftfremkaldende-stoffer-paa-arbejdspladsen\\\/#breadcrumb\",\"itemListElement\":[{\"@type\":\"ListItem\",\"position\":1,\"name\":\"Home\",\"item\":\"https:\\\/\\\/stopcarcinogensatwork.eu\\\/da\\\/stop-kraeftfremkaldende-stoffer-paa-arbejdet\\\/\"},{\"@type\":\"ListItem\",\"position\":2,\"name\":\"Generelt\",\"item\":\"https:\\\/\\\/stopcarcinogensatwork.eu\\\/da\\\/generelt\\\/\"},{\"@type\":\"ListItem\",\"position\":3,\"name\":\"Undervisning om kr\u00e6ftfremkaldende stoffer p\u00e5 arbejdspladsen\"}]},{\"@type\":\"WebSite\",\"@id\":\"https:\\\/\\\/stopcarcinogensatwork.eu\\\/da\\\/#website\",\"url\":\"https:\\\/\\\/stopcarcinogensatwork.eu\\\/da\\\/\",\"name\":\"STOP Carcinogens at work\",\"description\":\"Every year, about 100.000 people die from cancer that was caused by exposure to carcinogens at work in Europe.\",\"publisher\":{\"@id\":\"https:\\\/\\\/stopcarcinogensatwork.eu\\\/da\\\/#organization\"},\"alternateName\":\"Roadmap on Carcinogens\",\"potentialAction\":[{\"@type\":\"SearchAction\",\"target\":{\"@type\":\"EntryPoint\",\"urlTemplate\":\"https:\\\/\\\/stopcarcinogensatwork.eu\\\/da\\\/?s={search_term_string}\"},\"query-input\":{\"@type\":\"PropertyValueSpecification\",\"valueRequired\":true,\"valueName\":\"search_term_string\"}}],\"inLanguage\":\"da-DK\"},{\"@type\":\"Organization\",\"@id\":\"https:\\\/\\\/stopcarcinogensatwork.eu\\\/da\\\/#organization\",\"name\":\"TNO\",\"alternateName\":\"This is a European wide voluntary action scheme\",\"url\":\"https:\\\/\\\/stopcarcinogensatwork.eu\\\/da\\\/\",\"logo\":{\"@type\":\"ImageObject\",\"inLanguage\":\"da-DK\",\"@id\":\"https:\\\/\\\/stopcarcinogensatwork.eu\\\/da\\\/#\\\/schema\\\/logo\\\/image\\\/\",\"url\":\"https:\\\/\\\/stopcarcinogensatwork.eu\\\/wp-content\\\/uploads\\\/2024\\\/08\\\/cropped-FavLarge-1.png\",\"contentUrl\":\"https:\\\/\\\/stopcarcinogensatwork.eu\\\/wp-content\\\/uploads\\\/2024\\\/08\\\/cropped-FavLarge-1.png\",\"width\":512,\"height\":512,\"caption\":\"TNO\"},\"image\":{\"@id\":\"https:\\\/\\\/stopcarcinogensatwork.eu\\\/da\\\/#\\\/schema\\\/logo\\\/image\\\/\"},\"publishingPrinciples\":\"https:\\\/\\\/stopcarcinogensatwork.eu\\\/homepage\\\/legal\\\/\",\"ownershipFundingInfo\":\"https:\\\/\\\/stopcarcinogensatwork.eu\\\/general\\\/about-us\\\/\"}]}<\/script>\n<!-- \/ Yoast SEO Premium plugin. -->","yoast_head_json":{"title":"Undervisning om kr\u00e6ftfremkaldende stoffer p\u00e5 arbejdspladsen - STOP carcinogens at work","description":"Det er vigtigt at undervise b\u00f8rn og studerende om kr\u00e6ftfremkaldende stoffer i en tidlig alder, i folkeskolen og p\u00e5 erhvervsuddannelserne.","robots":{"index":"index","follow":"follow","max-snippet":"max-snippet:-1","max-image-preview":"max-image-preview:large","max-video-preview":"max-video-preview:-1"},"canonical":"https:\/\/stopcarcinogensatwork.eu\/da\/generelt\/undervisning-om-kraeftfremkaldende-stoffer-paa-arbejdspladsen\/","og_locale":"da_DK","og_type":"article","og_title":"Undervisning om kr\u00e6ftfremkaldende stoffer p\u00e5 arbejdspladsen","og_description":"Det er vigtigt at undervise b\u00f8rn og studerende om kr\u00e6ftfremkaldende stoffer i en tidlig alder, i folkeskolen og p\u00e5 erhvervsuddannelserne.","og_url":"https:\/\/stopcarcinogensatwork.eu\/da\/generelt\/undervisning-om-kraeftfremkaldende-stoffer-paa-arbejdspladsen\/","og_site_name":"STOP carcinogens at work","twitter_card":"summary_large_image","twitter_misc":{"Estimeret l\u00e6setid":"2 minutter"},"schema":{"@context":"https:\/\/schema.org","@graph":[{"@type":"WebPage","@id":"https:\/\/stopcarcinogensatwork.eu\/da\/generelt\/undervisning-om-kraeftfremkaldende-stoffer-paa-arbejdspladsen\/","url":"https:\/\/stopcarcinogensatwork.eu\/da\/generelt\/undervisning-om-kraeftfremkaldende-stoffer-paa-arbejdspladsen\/","name":"Undervisning om kr\u00e6ftfremkaldende stoffer p\u00e5 arbejdspladsen - STOP carcinogens at work","isPartOf":{"@id":"https:\/\/stopcarcinogensatwork.eu\/da\/#website"},"datePublished":"2025-09-01T11:06:42+00:00","description":"Det er vigtigt at undervise b\u00f8rn og studerende om kr\u00e6ftfremkaldende stoffer i en tidlig alder, i folkeskolen og p\u00e5 erhvervsuddannelserne.","breadcrumb":{"@id":"https:\/\/stopcarcinogensatwork.eu\/da\/generelt\/undervisning-om-kraeftfremkaldende-stoffer-paa-arbejdspladsen\/#breadcrumb"},"inLanguage":"da-DK","potentialAction":[{"@type":"ReadAction","target":["https:\/\/stopcarcinogensatwork.eu\/da\/generelt\/undervisning-om-kraeftfremkaldende-stoffer-paa-arbejdspladsen\/"]}]},{"@type":"BreadcrumbList","@id":"https:\/\/stopcarcinogensatwork.eu\/da\/generelt\/undervisning-om-kraeftfremkaldende-stoffer-paa-arbejdspladsen\/#breadcrumb","itemListElement":[{"@type":"ListItem","position":1,"name":"Home","item":"https:\/\/stopcarcinogensatwork.eu\/da\/stop-kraeftfremkaldende-stoffer-paa-arbejdet\/"},{"@type":"ListItem","position":2,"name":"Generelt","item":"https:\/\/stopcarcinogensatwork.eu\/da\/generelt\/"},{"@type":"ListItem","position":3,"name":"Undervisning om kr\u00e6ftfremkaldende stoffer p\u00e5 arbejdspladsen"}]},{"@type":"WebSite","@id":"https:\/\/stopcarcinogensatwork.eu\/da\/#website","url":"https:\/\/stopcarcinogensatwork.eu\/da\/","name":"STOP Carcinogens at work","description":"Every year, about 100.000 people die from cancer that was caused by exposure to carcinogens at work in Europe.","publisher":{"@id":"https:\/\/stopcarcinogensatwork.eu\/da\/#organization"},"alternateName":"Roadmap on Carcinogens","potentialAction":[{"@type":"SearchAction","target":{"@type":"EntryPoint","urlTemplate":"https:\/\/stopcarcinogensatwork.eu\/da\/?s={search_term_string}"},"query-input":{"@type":"PropertyValueSpecification","valueRequired":true,"valueName":"search_term_string"}}],"inLanguage":"da-DK"},{"@type":"Organization","@id":"https:\/\/stopcarcinogensatwork.eu\/da\/#organization","name":"TNO","alternateName":"This is a European wide voluntary action scheme","url":"https:\/\/stopcarcinogensatwork.eu\/da\/","logo":{"@type":"ImageObject","inLanguage":"da-DK","@id":"https:\/\/stopcarcinogensatwork.eu\/da\/#\/schema\/logo\/image\/","url":"https:\/\/stopcarcinogensatwork.eu\/wp-content\/uploads\/2024\/08\/cropped-FavLarge-1.png","contentUrl":"https:\/\/stopcarcinogensatwork.eu\/wp-content\/uploads\/2024\/08\/cropped-FavLarge-1.png","width":512,"height":512,"caption":"TNO"},"image":{"@id":"https:\/\/stopcarcinogensatwork.eu\/da\/#\/schema\/logo\/image\/"},"publishingPrinciples":"https:\/\/stopcarcinogensatwork.eu\/homepage\/legal\/","ownershipFundingInfo":"https:\/\/stopcarcinogensatwork.eu\/general\/about-us\/"}]}},"_links":{"self":[{"href":"https:\/\/stopcarcinogensatwork.eu\/da\/wp-json\/wp\/v2\/pages\/92891","targetHints":{"allow":["GET"]}}],"collection":[{"href":"https:\/\/stopcarcinogensatwork.eu\/da\/wp-json\/wp\/v2\/pages"}],"about":[{"href":"https:\/\/stopcarcinogensatwork.eu\/da\/wp-json\/wp\/v2\/types\/page"}],"author":[{"embeddable":true,"href":"https:\/\/stopcarcinogensatwork.eu\/da\/wp-json\/wp\/v2\/users\/1"}],"replies":[{"embeddable":true,"href":"https:\/\/stopcarcinogensatwork.eu\/da\/wp-json\/wp\/v2\/comments?post=92891"}],"version-history":[{"count":0,"href":"https:\/\/stopcarcinogensatwork.eu\/da\/wp-json\/wp\/v2\/pages\/92891\/revisions"}],"up":[{"embeddable":true,"href":"https:\/\/stopcarcinogensatwork.eu\/da\/wp-json\/wp\/v2\/pages\/75992"}],"wp:attachment":[{"href":"https:\/\/stopcarcinogensatwork.eu\/da\/wp-json\/wp\/v2\/media?parent=92891"}],"curies":[{"name":"wp","href":"https:\/\/api.w.org\/{rel}","templated":true}]}}