{"id":22686,"date":"2024-01-31T15:46:56","date_gmt":"2024-01-31T15:46:56","guid":{"rendered":"https:\/\/stopcarcinogensatwork.eu\/lernen-sie-die-grundlegenden-praeventionsstrategien-kennen\/"},"modified":"2025-05-30T13:41:53","modified_gmt":"2025-05-30T13:41:53","slug":"lernen-sie-die-grundlegenden-praeventionsstrategien-kennen","status":"publish","type":"page","link":"https:\/\/stopcarcinogensatwork.eu\/de\/lernen-sie-die-grundlegenden-praeventionsstrategien-kennen\/","title":{"rendered":"Lernen Sie die grundlegenden Pr\u00e4ventionsstrategien kennen"},"content":{"rendered":"<blockquote><p>Wenn Kanzerogene am Arbeitsplatz vorhanden sind, muss der Arbeitgeber alles in seiner Macht Stehende tun, um zu verhindern, dass die Besch\u00e4ftigten mit ihnen in Kontakt kommen. F\u00f6rdern Sie eine Gesundheits- und Sicherheitskultur an Ihrem Arbeitsplatz! <\/p><\/blockquote>\n<h1>Allgemeiner Ansatz f\u00fcr das Risikomanagement von Kanzerogenen<\/h1>\n<p class=\"p2\"><i>Gem\u00e4\u00df der Definition des Begriffs &#8222;Kanzerogen&#8220; in Artikel 2 a) der CMR-Richtlinie.  <\/i><\/p>\n<p>Zu den ersten Schritten bei der Bek\u00e4mpfung der Exposition gegen\u00fcber Kanzerogenen am Arbeitsplatz sollten immer die folgenden geh\u00f6ren:<\/p>\n<ul>\n<li>Denken Sie daran, dass die Mindeststandards f\u00fcr die Arbeitsorganisation und die Sicherheitsanforderungen jederzeit eingehalten werden m\u00fcssen. Unter Umst\u00e4nden reichen diese jedoch nicht aus und es sind weitere Ma\u00dfnahmen erforderlich <\/li>\n<li>Auflistung aller verwendeten Kanzerogene und ihrer Mengen<\/li>\n<li>Sammeln Sie ihre Sicherheitsdatenbl\u00e4tter<\/li>\n<li>Beschreiben Sie die Aufgaben, bei denen sie verwendet werden, und ber\u00fccksichtigen Sie dabei alle potenziell durch den Prozess erzeugten Kanzerogene.<\/li>\n<li>Identifizieren Sie die Besch\u00e4ftigten, die potenziell einer Exposition ausgesetzt sind, und wie lange.<\/li>\n<li>Ber\u00fccksichtigen Sie bei der Erstellung Ihrer Gef\u00e4hrungsbeurteilung am Arbeitsplatz alle oben genannten Punkte<\/li>\n<\/ul>\n<p>Wenn Sie Ihren besch\u00e4ftigten Mitarbeitern Anweisungen geben, denken Sie daran:<\/p>\n<ul>\n<li>Verwenden Sie immer eine einfache und klare Sprache, kurze und direkte S\u00e4tze<\/li>\n<li>Achten Sie bei schriftlichen Anweisungen auf ein klares Design<\/li>\n<li>Wenn m\u00f6glich, Abbildungen\/Schemata einbeziehen<\/li>\n<\/ul>\n<h2><strong>S.T.O.P.-Prinzip: Was Sie beachten m\u00fcssen<\/strong><\/h2>\n<p>Das STOP-Prinzip beschreibt die Rangfolge der Schutzma\u00dfnahmen. Der Arbeitgeber muss diese Rangfolge bei der Festlegung und Anwendung von Schutzma\u00dfnahmen beachten. Die einzelnen Buchstaben S-T-O-P stehen f\u00fcr verschiedene Arten von Schutzma\u00dfnahmen:  <\/p>\n<p><strong>S &#8230; Substitution<\/strong> - gef\u00e4hrliche Stoffe durch weniger gef\u00e4hrliche Stoffe oder Verfahren ersetzen. Die Substitution ist immer die erste Ma\u00dfnahme, die in Betracht gezogen werden sollte. <\/p>\n<p><a href=\"https:\/\/stopcarcinogensatwork.eu\/de\/lernen-sie-die-grundlegenden-praeventionsstrategien-kennen\/s-substitution\/\">Erfahren Sie mehr \u00fcber <strong>Substitution<\/strong><\/a><\/p>\n<p><strong>T &#8230; Technische Ma\u00dfnahmen<\/strong> - von geschlossenen Systemen bis zur effektiven Luftabsaugung, viele Techniken helfen, die Belastung durch Kanzerogene drastisch zu reduzieren.<\/p>\n<p><a href=\"https:\/\/stopcarcinogensatwork.eu\/de\/lernen-sie-die-grundlegenden-praeventionsstrategien-kennen\/t-technische-massnahmen\/\">Erfahren Sie mehr \u00fcber <strong>technische Ma\u00dfnahmen<\/strong><\/a><\/p>\n<p><strong>O &#8230; Organisatorische Ma\u00dfnahmen<\/strong> - k\u00f6nnen aus internen Richtlinien und\/oder organisatorischen Methoden bestehen. Diese Ma\u00dfnahmen sollten nur eingesetzt werden, um zus\u00e4tzlichen Schutz zu bieten. Sie sollten auch f\u00fcr Notf\u00e4lle und f\u00fcr Besch\u00e4ftigte, die regelm\u00e4\u00dfig Reinigungs- und Wartungsarbeiten durchf\u00fchren, in Betracht gezogen werden.  <\/p>\n<p><a href=\"https:\/\/stopcarcinogensatwork.eu\/de\/lernen-sie-die-grundlegenden-praeventionsstrategien-kennen\/o-organisatorische-massnahmen\/\">Erfahren Sie mehr \u00fcber <strong>organisatorische Ma\u00dfnahmen<\/strong><\/a><\/p>\n<p><strong>P &#8230; Personal protection<\/strong> - manchmal ist eine Substitution nicht m\u00f6glich und die technischen und organisatorischen Ma\u00dfnahmen reichen nicht aus. Dann m\u00fcssen Sie sich pers\u00f6nlich sch\u00fctzen. <\/p>\n<p><a href=\"https:\/\/stopcarcinogensatwork.eu\/de\/lernen-sie-die-grundlegenden-praeventionsstrategien-kennen\/p-persoenlicher-schutz\/\">Erfahren Sie mehr \u00fcber <strong>Personal protection<\/strong><\/a><\/p>\n","protected":false},"excerpt":{"rendered":"<p>Wenn Kanzerogene am Arbeitsplatz vorhanden sind, muss der Arbeitgeber alles in seiner Macht Stehende tun, um zu verhindern, dass die Besch\u00e4ftigten mit ihnen in Kontakt kommen. F\u00f6rdern Sie eine Gesundheits- und Sicherheitskultur an Ihrem Arbeitsplatz! Allgemeiner Ansatz f\u00fcr das Risikomanagement von Kanzerogenen Gem\u00e4\u00df der Definition des Begriffs &#8222;Kanzerogen&#8220; in Artikel 2 a) der CMR-Richtlinie. Zu [&hellip;]<\/p>\n","protected":false},"author":1,"featured_media":18736,"parent":0,"menu_order":0,"comment_status":"closed","ping_status":"closed","template":"","meta":{"inline_featured_image":false,"footnotes":""},"class_list":["post-22686","page","type-page","status-publish","hentry"],"yoast_head":"<!-- This site is optimized with the Yoast SEO Premium plugin v27.0 (Yoast SEO v27.4) - https:\/\/yoast.com\/product\/yoast-seo-premium-wordpress\/ -->\n<title>Stop Carcinogens at work: Wichtige Schritte f\u00fcr die Sicherheit am Arbeitsplatz - STOP carcinogens at work<\/title>\n<meta name=\"description\" content=\"Das STOP-Prinzip beschreibt die Rangfolge der Schutzma\u00dfnahmen bei der Festlegung und Anwendung von Schutzma\u00dfnahmen.\" \/>\n<meta name=\"robots\" content=\"index, follow, max-snippet:-1, max-image-preview:large, max-video-preview:-1\" \/>\n<link rel=\"canonical\" href=\"https:\/\/stopcarcinogensatwork.eu\/de\/lernen-sie-die-grundlegenden-praeventionsstrategien-kennen\/\" \/>\n<meta property=\"og:locale\" content=\"de_DE\" \/>\n<meta property=\"og:type\" content=\"article\" \/>\n<meta property=\"og:title\" content=\"Lernen Sie die grundlegenden Pr\u00e4ventionsstrategien kennen\" \/>\n<meta property=\"og:description\" content=\"Das STOP-Prinzip beschreibt die Rangfolge der Schutzma\u00dfnahmen bei der Festlegung und Anwendung von Schutzma\u00dfnahmen.\" \/>\n<meta property=\"og:url\" content=\"https:\/\/stopcarcinogensatwork.eu\/de\/lernen-sie-die-grundlegenden-praeventionsstrategien-kennen\/\" \/>\n<meta property=\"og:site_name\" content=\"STOP carcinogens at work\" \/>\n<meta property=\"article:modified_time\" content=\"2025-05-30T13:41:53+00:00\" \/>\n<meta property=\"og:image\" content=\"https:\/\/stopcarcinogensatwork.eu\/wp-content\/uploads\/2024\/08\/Stop-Carcinogens-at-Work-icon-1-scaled.png\" \/>\n\t<meta property=\"og:image:width\" content=\"3000\" \/>\n\t<meta property=\"og:image:height\" content=\"2509\" \/>\n\t<meta property=\"og:image:type\" content=\"image\/png\" \/>\n<meta name=\"twitter:card\" content=\"summary_large_image\" \/>\n<meta name=\"twitter:label1\" content=\"Gesch\u00e4tzte Lesezeit\" \/>\n\t<meta name=\"twitter:data1\" content=\"2\u00a0Minute\" \/>\n<script type=\"application\/ld+json\" class=\"yoast-schema-graph\">{\"@context\":\"https:\\\/\\\/schema.org\",\"@graph\":[{\"@type\":\"WebPage\",\"@id\":\"https:\\\/\\\/stopcarcinogensatwork.eu\\\/de\\\/lernen-sie-die-grundlegenden-praeventionsstrategien-kennen\\\/\",\"url\":\"https:\\\/\\\/stopcarcinogensatwork.eu\\\/de\\\/lernen-sie-die-grundlegenden-praeventionsstrategien-kennen\\\/\",\"name\":\"Stop Carcinogens at work: Wichtige Schritte f\u00fcr die Sicherheit am Arbeitsplatz - STOP carcinogens at work\",\"isPartOf\":{\"@id\":\"https:\\\/\\\/stopcarcinogensatwork.eu\\\/de\\\/#website\"},\"primaryImageOfPage\":{\"@id\":\"https:\\\/\\\/stopcarcinogensatwork.eu\\\/de\\\/lernen-sie-die-grundlegenden-praeventionsstrategien-kennen\\\/#primaryimage\"},\"image\":{\"@id\":\"https:\\\/\\\/stopcarcinogensatwork.eu\\\/de\\\/lernen-sie-die-grundlegenden-praeventionsstrategien-kennen\\\/#primaryimage\"},\"thumbnailUrl\":\"https:\\\/\\\/stopcarcinogensatwork.eu\\\/wp-content\\\/uploads\\\/2024\\\/08\\\/Stop-Carcinogens-at-Work-icon-1-scaled.png\",\"datePublished\":\"2024-01-31T15:46:56+00:00\",\"dateModified\":\"2025-05-30T13:41:53+00:00\",\"description\":\"Das STOP-Prinzip beschreibt die Rangfolge der Schutzma\u00dfnahmen bei der Festlegung und Anwendung von Schutzma\u00dfnahmen.\",\"breadcrumb\":{\"@id\":\"https:\\\/\\\/stopcarcinogensatwork.eu\\\/de\\\/lernen-sie-die-grundlegenden-praeventionsstrategien-kennen\\\/#breadcrumb\"},\"inLanguage\":\"de\",\"potentialAction\":[{\"@type\":\"ReadAction\",\"target\":[\"https:\\\/\\\/stopcarcinogensatwork.eu\\\/de\\\/lernen-sie-die-grundlegenden-praeventionsstrategien-kennen\\\/\"]}]},{\"@type\":\"ImageObject\",\"inLanguage\":\"de\",\"@id\":\"https:\\\/\\\/stopcarcinogensatwork.eu\\\/de\\\/lernen-sie-die-grundlegenden-praeventionsstrategien-kennen\\\/#primaryimage\",\"url\":\"https:\\\/\\\/stopcarcinogensatwork.eu\\\/wp-content\\\/uploads\\\/2024\\\/08\\\/Stop-Carcinogens-at-Work-icon-1-scaled.png\",\"contentUrl\":\"https:\\\/\\\/stopcarcinogensatwork.eu\\\/wp-content\\\/uploads\\\/2024\\\/08\\\/Stop-Carcinogens-at-Work-icon-1-scaled.png\",\"width\":3000,\"height\":2509},{\"@type\":\"BreadcrumbList\",\"@id\":\"https:\\\/\\\/stopcarcinogensatwork.eu\\\/de\\\/lernen-sie-die-grundlegenden-praeventionsstrategien-kennen\\\/#breadcrumb\",\"itemListElement\":[{\"@type\":\"ListItem\",\"position\":1,\"name\":\"Home\",\"item\":\"https:\\\/\\\/stopcarcinogensatwork.eu\\\/de\\\/homepage-old\\\/\"},{\"@type\":\"ListItem\",\"position\":2,\"name\":\"Lernen Sie die grundlegenden Pr\u00e4ventionsstrategien kennen\"}]},{\"@type\":\"WebSite\",\"@id\":\"https:\\\/\\\/stopcarcinogensatwork.eu\\\/de\\\/#website\",\"url\":\"https:\\\/\\\/stopcarcinogensatwork.eu\\\/de\\\/\",\"name\":\"STOP Carcinogens at work\",\"description\":\"Every year, about 100.000 people die from cancer that was caused by exposure to carcinogens at work in Europe.\",\"publisher\":{\"@id\":\"https:\\\/\\\/stopcarcinogensatwork.eu\\\/de\\\/#organization\"},\"alternateName\":\"Roadmap on Carcinogens\",\"potentialAction\":[{\"@type\":\"SearchAction\",\"target\":{\"@type\":\"EntryPoint\",\"urlTemplate\":\"https:\\\/\\\/stopcarcinogensatwork.eu\\\/de\\\/?s={search_term_string}\"},\"query-input\":{\"@type\":\"PropertyValueSpecification\",\"valueRequired\":true,\"valueName\":\"search_term_string\"}}],\"inLanguage\":\"de\"},{\"@type\":\"Organization\",\"@id\":\"https:\\\/\\\/stopcarcinogensatwork.eu\\\/de\\\/#organization\",\"name\":\"TNO\",\"alternateName\":\"This is a European wide voluntary action scheme\",\"url\":\"https:\\\/\\\/stopcarcinogensatwork.eu\\\/de\\\/\",\"logo\":{\"@type\":\"ImageObject\",\"inLanguage\":\"de\",\"@id\":\"https:\\\/\\\/stopcarcinogensatwork.eu\\\/de\\\/#\\\/schema\\\/logo\\\/image\\\/\",\"url\":\"https:\\\/\\\/stopcarcinogensatwork.eu\\\/wp-content\\\/uploads\\\/2024\\\/08\\\/cropped-FavLarge-1.png\",\"contentUrl\":\"https:\\\/\\\/stopcarcinogensatwork.eu\\\/wp-content\\\/uploads\\\/2024\\\/08\\\/cropped-FavLarge-1.png\",\"width\":512,\"height\":512,\"caption\":\"TNO\"},\"image\":{\"@id\":\"https:\\\/\\\/stopcarcinogensatwork.eu\\\/de\\\/#\\\/schema\\\/logo\\\/image\\\/\"},\"publishingPrinciples\":\"https:\\\/\\\/stopcarcinogensatwork.eu\\\/homepage\\\/legal\\\/\",\"ownershipFundingInfo\":\"https:\\\/\\\/stopcarcinogensatwork.eu\\\/general\\\/about-us\\\/\"}]}<\/script>\n<!-- \/ Yoast SEO Premium plugin. -->","yoast_head_json":{"title":"Stop Carcinogens at work: Wichtige Schritte f\u00fcr die Sicherheit am Arbeitsplatz - STOP carcinogens at work","description":"Das STOP-Prinzip beschreibt die Rangfolge der Schutzma\u00dfnahmen bei der Festlegung und Anwendung von Schutzma\u00dfnahmen.","robots":{"index":"index","follow":"follow","max-snippet":"max-snippet:-1","max-image-preview":"max-image-preview:large","max-video-preview":"max-video-preview:-1"},"canonical":"https:\/\/stopcarcinogensatwork.eu\/de\/lernen-sie-die-grundlegenden-praeventionsstrategien-kennen\/","og_locale":"de_DE","og_type":"article","og_title":"Lernen Sie die grundlegenden Pr\u00e4ventionsstrategien kennen","og_description":"Das STOP-Prinzip beschreibt die Rangfolge der Schutzma\u00dfnahmen bei der Festlegung und Anwendung von Schutzma\u00dfnahmen.","og_url":"https:\/\/stopcarcinogensatwork.eu\/de\/lernen-sie-die-grundlegenden-praeventionsstrategien-kennen\/","og_site_name":"STOP carcinogens at work","article_modified_time":"2025-05-30T13:41:53+00:00","og_image":[{"width":3000,"height":2509,"url":"https:\/\/stopcarcinogensatwork.eu\/wp-content\/uploads\/2024\/08\/Stop-Carcinogens-at-Work-icon-1-scaled.png","type":"image\/png"}],"twitter_card":"summary_large_image","twitter_misc":{"Gesch\u00e4tzte Lesezeit":"2\u00a0Minute"},"schema":{"@context":"https:\/\/schema.org","@graph":[{"@type":"WebPage","@id":"https:\/\/stopcarcinogensatwork.eu\/de\/lernen-sie-die-grundlegenden-praeventionsstrategien-kennen\/","url":"https:\/\/stopcarcinogensatwork.eu\/de\/lernen-sie-die-grundlegenden-praeventionsstrategien-kennen\/","name":"Stop Carcinogens at work: Wichtige Schritte f\u00fcr die Sicherheit am Arbeitsplatz - STOP carcinogens at work","isPartOf":{"@id":"https:\/\/stopcarcinogensatwork.eu\/de\/#website"},"primaryImageOfPage":{"@id":"https:\/\/stopcarcinogensatwork.eu\/de\/lernen-sie-die-grundlegenden-praeventionsstrategien-kennen\/#primaryimage"},"image":{"@id":"https:\/\/stopcarcinogensatwork.eu\/de\/lernen-sie-die-grundlegenden-praeventionsstrategien-kennen\/#primaryimage"},"thumbnailUrl":"https:\/\/stopcarcinogensatwork.eu\/wp-content\/uploads\/2024\/08\/Stop-Carcinogens-at-Work-icon-1-scaled.png","datePublished":"2024-01-31T15:46:56+00:00","dateModified":"2025-05-30T13:41:53+00:00","description":"Das STOP-Prinzip beschreibt die Rangfolge der Schutzma\u00dfnahmen bei der Festlegung und Anwendung von Schutzma\u00dfnahmen.","breadcrumb":{"@id":"https:\/\/stopcarcinogensatwork.eu\/de\/lernen-sie-die-grundlegenden-praeventionsstrategien-kennen\/#breadcrumb"},"inLanguage":"de","potentialAction":[{"@type":"ReadAction","target":["https:\/\/stopcarcinogensatwork.eu\/de\/lernen-sie-die-grundlegenden-praeventionsstrategien-kennen\/"]}]},{"@type":"ImageObject","inLanguage":"de","@id":"https:\/\/stopcarcinogensatwork.eu\/de\/lernen-sie-die-grundlegenden-praeventionsstrategien-kennen\/#primaryimage","url":"https:\/\/stopcarcinogensatwork.eu\/wp-content\/uploads\/2024\/08\/Stop-Carcinogens-at-Work-icon-1-scaled.png","contentUrl":"https:\/\/stopcarcinogensatwork.eu\/wp-content\/uploads\/2024\/08\/Stop-Carcinogens-at-Work-icon-1-scaled.png","width":3000,"height":2509},{"@type":"BreadcrumbList","@id":"https:\/\/stopcarcinogensatwork.eu\/de\/lernen-sie-die-grundlegenden-praeventionsstrategien-kennen\/#breadcrumb","itemListElement":[{"@type":"ListItem","position":1,"name":"Home","item":"https:\/\/stopcarcinogensatwork.eu\/de\/homepage-old\/"},{"@type":"ListItem","position":2,"name":"Lernen Sie die grundlegenden Pr\u00e4ventionsstrategien kennen"}]},{"@type":"WebSite","@id":"https:\/\/stopcarcinogensatwork.eu\/de\/#website","url":"https:\/\/stopcarcinogensatwork.eu\/de\/","name":"STOP Carcinogens at work","description":"Every year, about 100.000 people die from cancer that was caused by exposure to carcinogens at work in Europe.","publisher":{"@id":"https:\/\/stopcarcinogensatwork.eu\/de\/#organization"},"alternateName":"Roadmap on Carcinogens","potentialAction":[{"@type":"SearchAction","target":{"@type":"EntryPoint","urlTemplate":"https:\/\/stopcarcinogensatwork.eu\/de\/?s={search_term_string}"},"query-input":{"@type":"PropertyValueSpecification","valueRequired":true,"valueName":"search_term_string"}}],"inLanguage":"de"},{"@type":"Organization","@id":"https:\/\/stopcarcinogensatwork.eu\/de\/#organization","name":"TNO","alternateName":"This is a European wide voluntary action scheme","url":"https:\/\/stopcarcinogensatwork.eu\/de\/","logo":{"@type":"ImageObject","inLanguage":"de","@id":"https:\/\/stopcarcinogensatwork.eu\/de\/#\/schema\/logo\/image\/","url":"https:\/\/stopcarcinogensatwork.eu\/wp-content\/uploads\/2024\/08\/cropped-FavLarge-1.png","contentUrl":"https:\/\/stopcarcinogensatwork.eu\/wp-content\/uploads\/2024\/08\/cropped-FavLarge-1.png","width":512,"height":512,"caption":"TNO"},"image":{"@id":"https:\/\/stopcarcinogensatwork.eu\/de\/#\/schema\/logo\/image\/"},"publishingPrinciples":"https:\/\/stopcarcinogensatwork.eu\/homepage\/legal\/","ownershipFundingInfo":"https:\/\/stopcarcinogensatwork.eu\/general\/about-us\/"}]}},"_links":{"self":[{"href":"https:\/\/stopcarcinogensatwork.eu\/de\/wp-json\/wp\/v2\/pages\/22686","targetHints":{"allow":["GET"]}}],"collection":[{"href":"https:\/\/stopcarcinogensatwork.eu\/de\/wp-json\/wp\/v2\/pages"}],"about":[{"href":"https:\/\/stopcarcinogensatwork.eu\/de\/wp-json\/wp\/v2\/types\/page"}],"author":[{"embeddable":true,"href":"https:\/\/stopcarcinogensatwork.eu\/de\/wp-json\/wp\/v2\/users\/1"}],"replies":[{"embeddable":true,"href":"https:\/\/stopcarcinogensatwork.eu\/de\/wp-json\/wp\/v2\/comments?post=22686"}],"version-history":[{"count":0,"href":"https:\/\/stopcarcinogensatwork.eu\/de\/wp-json\/wp\/v2\/pages\/22686\/revisions"}],"wp:featuredmedia":[{"embeddable":true,"href":"https:\/\/stopcarcinogensatwork.eu\/de\/wp-json\/wp\/v2\/media\/18736"}],"wp:attachment":[{"href":"https:\/\/stopcarcinogensatwork.eu\/de\/wp-json\/wp\/v2\/media?parent=22686"}],"curies":[{"name":"wp","href":"https:\/\/api.w.org\/{rel}","templated":true}]}}