{"id":22701,"date":"2024-03-06T08:45:07","date_gmt":"2024-03-06T08:45:07","guid":{"rendered":"https:\/\/stopcarcinogensatwork.eu\/lernen-sie-die-grundlegenden-praeventionsstrategien-kennen\/s-substitution\/"},"modified":"2025-05-30T13:39:23","modified_gmt":"2025-05-30T13:39:23","slug":"s-substitution","status":"publish","type":"page","link":"https:\/\/stopcarcinogensatwork.eu\/de\/lernen-sie-die-grundlegenden-praeventionsstrategien-kennen\/s-substitution\/","title":{"rendered":"S - Substitution"},"content":{"rendered":"<blockquote><p>Das STOP-Prinzip beschreibt die Rangfolge der Schutzma\u00dfnahmen. Der Arbeitgeber muss diese Rangfolge bei der Festlegung und Anwendung von Schutzma\u00dfnahmen beachten. Hier werden wir uns auf die erste Ebene konzentrieren, S f\u00fcr Substitution. Bitte betrachten Sie zuerst S. Beachten Sie auch, dass eine Kombination von Ma\u00dfnahmen verwendet werden kann.  <\/p><\/blockquote>\n<p>Die Substitution von Kanzerogenen kann eine Herausforderung sein. Es muss eine technisch gleichwertige Alternative verf\u00fcgbar und machbar sein. Das von der Alternative ausgehende Risiko muss geringer sein als das des ersetzten Kanzerogens. Wenn eine Bewertung die Substitution eines bestimmten Kanzerogens nicht zul\u00e4sst, m\u00fcssen die Gr\u00fcnde daf\u00fcr transparent dokumentiert werden.   <\/p>\n<p>Im Allgemeinen verringert eine erfolgreiche Substitution die Risiken f\u00fcr Besch\u00e4ftigte und bietet Arbeitgebern die M\u00f6glichkeit, weniger anspruchsvolle Risikomanagementma\u00dfnahmen durchzuf\u00fchren. Wenn die Exposition gegen\u00fcber einem Kanzerogen vollst\u00e4ndig beseitigt wird, w\u00e4re weder ein Expositionsregister noch eine Aufbewahrung von bis zu 40 Jahren erforderlich. Es k\u00f6nnten Kosten eingespart werden, z.B. f\u00fcr Sicherheitsausr\u00fcstung, Abfall, medizinische Untersuchungen. Vor allem aber kommt die Substitution der Gesundheit der Besch\u00e4ftigten zugute.   <\/p>\n<p>Bei der Beurteilung der Substitution,<\/p>\n<ul>\n<li>Pr\u00fcfen Sie die rechtlichen Verpflichtungen, die die Verwendung des Kanzerogens einschr\u00e4nken oder begrenzen k\u00f6nnten. Ein Beispiel ist die Zulassung gem\u00e4\u00df REACH. <\/li>\n<li>Ermitteln Sie die Kanzerogene mit dem h\u00f6chsten Risiko am Arbeitsplatz und ber\u00fccksichtigen Sie diese zuerst.<\/li>\n<li>Finden Sie heraus, ob das verwendete Kanzerogen eine Funktion im endg\u00fcltigen Gemisch oder Erzeugnis hat. Wenn dies der Fall ist, sind diese Kanzerogene in der Regel schwerer zu ersetzen und erfordern m\u00f6glicherweise eine Neugestaltung Ihres Gemischs oder Erzeugnisses oder umfangreichere \u00c4nderungen des gesamten Produktionsprozesses. <\/li>\n<li>Finden Sie heraus, welche Kriterien Ihr Kunde wirklich braucht und wo diese Kriterien flexibel sind, um \u00c4nderungen zu erm\u00f6glichen.<\/li>\n<li>Legen Sie Kriterien f\u00fcr die Substitution fest, die f\u00fcr Sie und Ihr Unternehmen relevant sind. Seien Sie sich bewusst, dass eine viel sicherere Alternative nicht einfach aus Kostengr\u00fcnden au\u00dfer Acht gelassen werden sollte. <\/li>\n<li>Ermitteln Sie, wer innerhalb Ihrer Lieferkette beteiligt sein muss.<\/li>\n<li>Informieren Sie sich \u00fcber verf\u00fcgbare Alternativen und treffen Sie fundierte Entscheidungen. M\u00f6glicherweise gibt es bereits L\u00f6sungen. <\/li>\n<li>Ber\u00fccksichtigen Sie Nachhaltigkeitsaspekte, z. B. Kohlenstoffbilanz, Treibhausgasemissionen, Recyclingf\u00e4higkeit, die immer mehr an Bedeutung gewinnen.<\/li>\n<li>Eine Alternative muss nicht zwangsl\u00e4ufig eine Universall\u00f6sung sein. Ziehen Sie stattdessen die Kombination verschiedener Ma\u00dfnahmen in Betracht. <\/li>\n<\/ul>\n<h2>Einige zu ber\u00fccksichtigende Ma\u00dfnahmen<\/h2>\n<h3>Alternative Stoffe oder Gemische<\/h3>\n<p>Oft ist die Substitution durch einen alternativen Stoff oder ein alternatives Gemisch in bereits etablierten Produktionsprozessen leichter umzusetzen und erfordert m\u00f6glicherweise nur kleine Anpassungen. Vermeiden Sie jedoch bedauerliche Substitutionen, indem Sie sie durch Alternativen innerhalb derselben chemischen Gruppe und mit einem \u00e4hnlichen toxikologischen Profil ersetzen. Informationen zu den chemischen Eigenschaften, insbesondere zum Dampfdruck, und zur Einstufung finden Sie im Sicherheitsdatenblatt Ihres Lieferanten und in speziellen Chemikaliendatenbanken, z.B. bei der ECHA.  <\/p>\n<p>Beispiel: Chrom (III) anstelle von Chrom (VI) bei der Oberfl\u00e4chenbehandlung von dekorativen Chrom\u00fcberz\u00fcgen.<\/p>\n<h3>Technische Alternativen<\/h3>\n<p>Technische Alternativen erzielen das gleiche Ergebnis mit einem anderen Verfahren. Zum Beispiel die Verwendung eines physikalischen Prozesses anstelle eines chemischen Prozesses. \u00c4nderungen der Prozesse erfordern oft den Einsatz alternativer Substanzen. Auch die Eigenschaften des Endprodukts oder Materials k\u00f6nnen sich \u00e4ndern.   <\/p>\n<p>Beispiel: Physikalische Gasphasenabscheidung (PVD) anstelle von Verchromung mit Chrom (VI) f\u00fcr bestimmte Anwendungen.<\/p>\n<h3>Funktionale Alternativen<\/h3>\n<p>Wenn Sie den Schwerpunkt auf die Funktion der endg\u00fcltigen Mischung oder des Artikels legen, k\u00f6nnen Sie ein breiteres Spektrum an Alternativen in Betracht ziehen, m\u00fcssen aber m\u00f6glicherweise umgestaltet werden. Eine bestimmte Funktion k\u00f6nnte mit einer Alternative erf\u00fcllt werden, solange sie plausibel und machbar ist. <\/p>\n<p>Beispiel: Ersetzen der Oberfl\u00e4chenbehandlung mit Chrom (VI) durch den Schutz der Oberfl\u00e4che mit einem Wachs oder einer Politur, um eine schnelle Korrosion durch den Kontakt mit Sauerstoff und Wasser zu verhindern.<\/p>\n","protected":false},"excerpt":{"rendered":"<p>Das STOP-Prinzip beschreibt die Rangfolge der Schutzma\u00dfnahmen. Der Arbeitgeber muss diese Rangfolge bei der Festlegung und Anwendung von Schutzma\u00dfnahmen beachten. Hier werden wir uns auf die erste Ebene konzentrieren, S f\u00fcr Substitution. Bitte betrachten Sie zuerst S. Beachten Sie auch, dass eine Kombination von Ma\u00dfnahmen verwendet werden kann. Die Substitution von Kanzerogenen kann eine Herausforderung [&hellip;]<\/p>\n","protected":false},"author":1,"featured_media":0,"parent":22686,"menu_order":0,"comment_status":"closed","ping_status":"closed","template":"","meta":{"inline_featured_image":false,"footnotes":""},"class_list":["post-22701","page","type-page","status-publish","hentry"],"yoast_head":"<!-- This site is optimized with the Yoast SEO Premium plugin v27.0 (Yoast SEO v27.3) - https:\/\/yoast.com\/product\/yoast-seo-premium-wordpress\/ -->\n<title>S - Substitution - STOP carcinogens at work<\/title>\n<meta name=\"description\" content=\"Every year, more than 100.000 people die in the EU from cancer caused by carcinogens at work. This must STOP!\" \/>\n<meta name=\"robots\" content=\"index, follow, max-snippet:-1, max-image-preview:large, max-video-preview:-1\" \/>\n<link rel=\"canonical\" href=\"https:\/\/stopcarcinogensatwork.eu\/de\/lernen-sie-die-grundlegenden-praeventionsstrategien-kennen\/s-substitution\/\" \/>\n<meta property=\"og:locale\" content=\"de_DE\" \/>\n<meta property=\"og:type\" content=\"article\" \/>\n<meta property=\"og:title\" content=\"S - Substitution\" \/>\n<meta property=\"og:description\" content=\"Every year, more than 100.000 people die in the EU from cancer caused by carcinogens at work. This must STOP!\" \/>\n<meta property=\"og:url\" content=\"https:\/\/stopcarcinogensatwork.eu\/de\/lernen-sie-die-grundlegenden-praeventionsstrategien-kennen\/s-substitution\/\" \/>\n<meta property=\"og:site_name\" content=\"STOP carcinogens at work\" \/>\n<meta property=\"article:modified_time\" content=\"2025-05-30T13:39:23+00:00\" \/>\n<meta name=\"twitter:card\" content=\"summary_large_image\" \/>\n<meta name=\"twitter:label1\" content=\"Gesch\u00e4tzte Lesezeit\" \/>\n\t<meta name=\"twitter:data1\" content=\"3\u00a0Minute\" \/>\n<script type=\"application\/ld+json\" class=\"yoast-schema-graph\">{\"@context\":\"https:\\\/\\\/schema.org\",\"@graph\":[{\"@type\":\"WebPage\",\"@id\":\"https:\\\/\\\/stopcarcinogensatwork.eu\\\/de\\\/lernen-sie-die-grundlegenden-praeventionsstrategien-kennen\\\/s-substitution\\\/\",\"url\":\"https:\\\/\\\/stopcarcinogensatwork.eu\\\/de\\\/lernen-sie-die-grundlegenden-praeventionsstrategien-kennen\\\/s-substitution\\\/\",\"name\":\"S - Substitution - STOP carcinogens at work\",\"isPartOf\":{\"@id\":\"https:\\\/\\\/stopcarcinogensatwork.eu\\\/de\\\/#website\"},\"datePublished\":\"2024-03-06T08:45:07+00:00\",\"dateModified\":\"2025-05-30T13:39:23+00:00\",\"description\":\"Every year, more than 100.000 people die in the EU from cancer caused by carcinogens at work. This must STOP!\",\"breadcrumb\":{\"@id\":\"https:\\\/\\\/stopcarcinogensatwork.eu\\\/de\\\/lernen-sie-die-grundlegenden-praeventionsstrategien-kennen\\\/s-substitution\\\/#breadcrumb\"},\"inLanguage\":\"de\",\"potentialAction\":[{\"@type\":\"ReadAction\",\"target\":[\"https:\\\/\\\/stopcarcinogensatwork.eu\\\/de\\\/lernen-sie-die-grundlegenden-praeventionsstrategien-kennen\\\/s-substitution\\\/\"]}]},{\"@type\":\"BreadcrumbList\",\"@id\":\"https:\\\/\\\/stopcarcinogensatwork.eu\\\/de\\\/lernen-sie-die-grundlegenden-praeventionsstrategien-kennen\\\/s-substitution\\\/#breadcrumb\",\"itemListElement\":[{\"@type\":\"ListItem\",\"position\":1,\"name\":\"Home\",\"item\":\"https:\\\/\\\/stopcarcinogensatwork.eu\\\/de\\\/homepage-old\\\/\"},{\"@type\":\"ListItem\",\"position\":2,\"name\":\"Lernen Sie die grundlegenden Pr\u00e4ventionsstrategien kennen\",\"item\":\"https:\\\/\\\/stopcarcinogensatwork.eu\\\/de\\\/lernen-sie-die-grundlegenden-praeventionsstrategien-kennen\\\/\"},{\"@type\":\"ListItem\",\"position\":3,\"name\":\"S - Substitution\"}]},{\"@type\":\"WebSite\",\"@id\":\"https:\\\/\\\/stopcarcinogensatwork.eu\\\/de\\\/#website\",\"url\":\"https:\\\/\\\/stopcarcinogensatwork.eu\\\/de\\\/\",\"name\":\"STOP Carcinogens at work\",\"description\":\"Every year, about 100.000 people die from cancer that was caused by exposure to carcinogens at work in Europe.\",\"publisher\":{\"@id\":\"https:\\\/\\\/stopcarcinogensatwork.eu\\\/de\\\/#organization\"},\"alternateName\":\"Roadmap on Carcinogens\",\"potentialAction\":[{\"@type\":\"SearchAction\",\"target\":{\"@type\":\"EntryPoint\",\"urlTemplate\":\"https:\\\/\\\/stopcarcinogensatwork.eu\\\/de\\\/?s={search_term_string}\"},\"query-input\":{\"@type\":\"PropertyValueSpecification\",\"valueRequired\":true,\"valueName\":\"search_term_string\"}}],\"inLanguage\":\"de\"},{\"@type\":\"Organization\",\"@id\":\"https:\\\/\\\/stopcarcinogensatwork.eu\\\/de\\\/#organization\",\"name\":\"TNO\",\"alternateName\":\"This is a European wide voluntary action scheme\",\"url\":\"https:\\\/\\\/stopcarcinogensatwork.eu\\\/de\\\/\",\"logo\":{\"@type\":\"ImageObject\",\"inLanguage\":\"de\",\"@id\":\"https:\\\/\\\/stopcarcinogensatwork.eu\\\/de\\\/#\\\/schema\\\/logo\\\/image\\\/\",\"url\":\"https:\\\/\\\/stopcarcinogensatwork.eu\\\/wp-content\\\/uploads\\\/2024\\\/08\\\/cropped-FavLarge-1.png\",\"contentUrl\":\"https:\\\/\\\/stopcarcinogensatwork.eu\\\/wp-content\\\/uploads\\\/2024\\\/08\\\/cropped-FavLarge-1.png\",\"width\":512,\"height\":512,\"caption\":\"TNO\"},\"image\":{\"@id\":\"https:\\\/\\\/stopcarcinogensatwork.eu\\\/de\\\/#\\\/schema\\\/logo\\\/image\\\/\"},\"publishingPrinciples\":\"https:\\\/\\\/stopcarcinogensatwork.eu\\\/homepage\\\/legal\\\/\",\"ownershipFundingInfo\":\"https:\\\/\\\/stopcarcinogensatwork.eu\\\/general\\\/about-us\\\/\"}]}<\/script>\n<!-- \/ Yoast SEO Premium plugin. -->","yoast_head_json":{"title":"S - Substitution - STOP carcinogens at work","description":"Every year, more than 100.000 people die in the EU from cancer caused by carcinogens at work. This must STOP!","robots":{"index":"index","follow":"follow","max-snippet":"max-snippet:-1","max-image-preview":"max-image-preview:large","max-video-preview":"max-video-preview:-1"},"canonical":"https:\/\/stopcarcinogensatwork.eu\/de\/lernen-sie-die-grundlegenden-praeventionsstrategien-kennen\/s-substitution\/","og_locale":"de_DE","og_type":"article","og_title":"S - Substitution","og_description":"Every year, more than 100.000 people die in the EU from cancer caused by carcinogens at work. This must STOP!","og_url":"https:\/\/stopcarcinogensatwork.eu\/de\/lernen-sie-die-grundlegenden-praeventionsstrategien-kennen\/s-substitution\/","og_site_name":"STOP carcinogens at work","article_modified_time":"2025-05-30T13:39:23+00:00","twitter_card":"summary_large_image","twitter_misc":{"Gesch\u00e4tzte Lesezeit":"3\u00a0Minute"},"schema":{"@context":"https:\/\/schema.org","@graph":[{"@type":"WebPage","@id":"https:\/\/stopcarcinogensatwork.eu\/de\/lernen-sie-die-grundlegenden-praeventionsstrategien-kennen\/s-substitution\/","url":"https:\/\/stopcarcinogensatwork.eu\/de\/lernen-sie-die-grundlegenden-praeventionsstrategien-kennen\/s-substitution\/","name":"S - Substitution - STOP carcinogens at work","isPartOf":{"@id":"https:\/\/stopcarcinogensatwork.eu\/de\/#website"},"datePublished":"2024-03-06T08:45:07+00:00","dateModified":"2025-05-30T13:39:23+00:00","description":"Every year, more than 100.000 people die in the EU from cancer caused by carcinogens at work. This must STOP!","breadcrumb":{"@id":"https:\/\/stopcarcinogensatwork.eu\/de\/lernen-sie-die-grundlegenden-praeventionsstrategien-kennen\/s-substitution\/#breadcrumb"},"inLanguage":"de","potentialAction":[{"@type":"ReadAction","target":["https:\/\/stopcarcinogensatwork.eu\/de\/lernen-sie-die-grundlegenden-praeventionsstrategien-kennen\/s-substitution\/"]}]},{"@type":"BreadcrumbList","@id":"https:\/\/stopcarcinogensatwork.eu\/de\/lernen-sie-die-grundlegenden-praeventionsstrategien-kennen\/s-substitution\/#breadcrumb","itemListElement":[{"@type":"ListItem","position":1,"name":"Home","item":"https:\/\/stopcarcinogensatwork.eu\/de\/homepage-old\/"},{"@type":"ListItem","position":2,"name":"Lernen Sie die grundlegenden Pr\u00e4ventionsstrategien kennen","item":"https:\/\/stopcarcinogensatwork.eu\/de\/lernen-sie-die-grundlegenden-praeventionsstrategien-kennen\/"},{"@type":"ListItem","position":3,"name":"S - Substitution"}]},{"@type":"WebSite","@id":"https:\/\/stopcarcinogensatwork.eu\/de\/#website","url":"https:\/\/stopcarcinogensatwork.eu\/de\/","name":"STOP Carcinogens at work","description":"Every year, about 100.000 people die from cancer that was caused by exposure to carcinogens at work in Europe.","publisher":{"@id":"https:\/\/stopcarcinogensatwork.eu\/de\/#organization"},"alternateName":"Roadmap on Carcinogens","potentialAction":[{"@type":"SearchAction","target":{"@type":"EntryPoint","urlTemplate":"https:\/\/stopcarcinogensatwork.eu\/de\/?s={search_term_string}"},"query-input":{"@type":"PropertyValueSpecification","valueRequired":true,"valueName":"search_term_string"}}],"inLanguage":"de"},{"@type":"Organization","@id":"https:\/\/stopcarcinogensatwork.eu\/de\/#organization","name":"TNO","alternateName":"This is a European wide voluntary action scheme","url":"https:\/\/stopcarcinogensatwork.eu\/de\/","logo":{"@type":"ImageObject","inLanguage":"de","@id":"https:\/\/stopcarcinogensatwork.eu\/de\/#\/schema\/logo\/image\/","url":"https:\/\/stopcarcinogensatwork.eu\/wp-content\/uploads\/2024\/08\/cropped-FavLarge-1.png","contentUrl":"https:\/\/stopcarcinogensatwork.eu\/wp-content\/uploads\/2024\/08\/cropped-FavLarge-1.png","width":512,"height":512,"caption":"TNO"},"image":{"@id":"https:\/\/stopcarcinogensatwork.eu\/de\/#\/schema\/logo\/image\/"},"publishingPrinciples":"https:\/\/stopcarcinogensatwork.eu\/homepage\/legal\/","ownershipFundingInfo":"https:\/\/stopcarcinogensatwork.eu\/general\/about-us\/"}]}},"_links":{"self":[{"href":"https:\/\/stopcarcinogensatwork.eu\/de\/wp-json\/wp\/v2\/pages\/22701","targetHints":{"allow":["GET"]}}],"collection":[{"href":"https:\/\/stopcarcinogensatwork.eu\/de\/wp-json\/wp\/v2\/pages"}],"about":[{"href":"https:\/\/stopcarcinogensatwork.eu\/de\/wp-json\/wp\/v2\/types\/page"}],"author":[{"embeddable":true,"href":"https:\/\/stopcarcinogensatwork.eu\/de\/wp-json\/wp\/v2\/users\/1"}],"replies":[{"embeddable":true,"href":"https:\/\/stopcarcinogensatwork.eu\/de\/wp-json\/wp\/v2\/comments?post=22701"}],"version-history":[{"count":0,"href":"https:\/\/stopcarcinogensatwork.eu\/de\/wp-json\/wp\/v2\/pages\/22701\/revisions"}],"up":[{"embeddable":true,"href":"https:\/\/stopcarcinogensatwork.eu\/de\/wp-json\/wp\/v2\/pages\/22686"}],"wp:attachment":[{"href":"https:\/\/stopcarcinogensatwork.eu\/de\/wp-json\/wp\/v2\/media?parent=22701"}],"curies":[{"name":"wp","href":"https:\/\/api.w.org\/{rel}","templated":true}]}}