{"id":22733,"date":"2024-08-31T07:07:44","date_gmt":"2024-08-31T07:07:44","guid":{"rendered":"https:\/\/stopcarcinogensatwork.eu\/allgemein\/ueber-den-fahrplan-zu-karzinogenen\/herausforderungen\/"},"modified":"2025-10-21T10:19:03","modified_gmt":"2025-10-21T10:19:03","slug":"herausforderungen","status":"publish","type":"page","link":"https:\/\/stopcarcinogensatwork.eu\/de\/allgemein\/ueber-die-roadmap-on-carcinogens\/herausforderungen\/","title":{"rendered":"Herausforderungen"},"content":{"rendered":"<p><img fetchpriority=\"high\" decoding=\"async\" class=\"alignnone wp-image-20623 size-full\" src=\"https:\/\/stopcarcinogensatwork.eu\/wp-content\/uploads\/2024\/08\/Pillars.png\" alt=\"\" width=\"1384\" height=\"736\" srcset=\"https:\/\/stopcarcinogensatwork.eu\/wp-content\/uploads\/2024\/08\/Pillars.png 1384w, https:\/\/stopcarcinogensatwork.eu\/wp-content\/uploads\/2024\/08\/Pillars-300x160.png 300w, https:\/\/stopcarcinogensatwork.eu\/wp-content\/uploads\/2024\/08\/Pillars-768x408.png 768w\" sizes=\"(max-width: 1384px) 100vw, 1384px\" \/><\/p>\n<blockquote><p>Ab 2021 hat die Roadmap on Carcinogens zw\u00f6lf Herausforderungen in Angriff genommen, um mehr Wirkung zu erzielen und dazu beizutragen, dass besch\u00e4ftigte Arbeitnehmer nicht mit kanzerogenen Stoffen in Ber\u00fchrung kommen (<a href=\"https:\/\/stopcarcinogensatwork.eu\/wp-content\/uploads\/2024\/09\/200903_RoC2.0_Strategy.pdf\" target=\"_blank\" rel=\"noopener\">lesen Sie die vollst\u00e4ndige Strategie hier<\/a>).<\/p><\/blockquote>\n<p>F\u00fcr den Zeitraum 2020-2024 hat die Roadmap die folgenden vier Ziele festgelegt:<\/p>\n<ul>\n<li><strong>S\u00e4ule 1:<\/strong> Sensibilisierung von Unternehmen und besch\u00e4ftigten Personen f\u00fcr die Risiken der Exposition gegen\u00fcber kanzerogenen Stoffen und die Notwendigkeit von Pr\u00e4ventivma\u00dfnahmen durch Europa.<\/li>\n<li><strong>S\u00e4ule 2:<\/strong> Unterst\u00fctzung von Unternehmen und Besch\u00e4ftigten bei der Verhinderung der Exposition gegen\u00fcber kanzerogenen Stoffen am Arbeitsplatz und bei der Minimierung ihrer Auswirkungen auf die Belegschaft.<\/li>\n<li><strong>S\u00e4ule 3:<\/strong> Einbindung der Industrie und der Sektoren und verst\u00e4rkte Beteiligung der relevanten Parteien, um unsere Bem\u00fchungen in ganz Europa zu vervielfachen.<\/li>\n<li><strong>S\u00e4ule 4:<\/strong> Gezielte Innovation, um die L\u00fccke zwischen Forschungsergebnissen und den Bed\u00fcrfnissen der Unternehmen zu schlie\u00dfen.<\/li>\n<\/ul>\n<p>Diese S\u00e4ulen wurden in 12 Herausforderungen unterteilt. Die Durchf\u00fchrung dieser Herausforderungen wird dazu beitragen, diese Ziele zu erreichen. Jede Herausforderung wird von einem Team der Roadmap-Partner durchgef\u00fchrt.  <\/p>\n<h3>Herausforderung 1.1 - Bessere Daten<\/h3>\n<p>Bessere und detailliertere Daten \u00fcber die Exposition gegen\u00fcber Karzinogenen sind unerl\u00e4sslich, um das Bewusstsein f\u00fcr die Notwendigkeit von Ma\u00dfnahmen zu sch\u00e4rfen und - vor allem langfristig - zu \u00fcberwachen, ob wir einen R\u00fcckgang der Verwendung von krebserregenden Stoffen in den Betrieben feststellen k\u00f6nnen.<\/p>\n<p><strong>Ergebnisse:<\/strong><\/p>\n<ul>\n<li><a href=\"https:\/\/stopcarcinogensatwork.eu\/wp-content\/uploads\/2024\/08\/Ch1.1_Conclusion_Report_20230125.pdf\" target=\"_blank\" rel=\"noopener\">Ein ausf\u00fchrlicher Bericht ist verf\u00fcgbar (pdf)<\/a>.<\/li>\n<li><a href=\"https:\/\/stopcarcinogensatwork.eu\/de\/datenbanken-zur-messung-der-exposition-gegenueber-karzinogenen-am-arbeitsplatz\/\" target=\"_blank\" rel=\"noopener\">Eine \u00dcbersicht \u00fcber Datenbanken zur Expositionsmessung finden Sie <strong>auf dieser Website<\/strong><\/a><\/li>\n<li><a href=\"https:\/\/stopcarcinogensatwork.eu\/de\/register-ueber-arbeitnehmer-die-karzinogenen-ausgesetzt-sind\/\" target=\"_blank\" rel=\"noopener\">Eine \u00dcbersicht \u00fcber die Register f\u00fcr Besch\u00e4ftigte, die kanzerogenen Stoffen ausgesetzt sind, finden Sie <strong>auf dieser Website<\/strong><\/a><\/li>\n<li><a href=\"https:\/\/stopcarcinogensatwork.eu\/wp-content\/uploads\/2024\/08\/Ch1.1_joint_research_projects_v2.1.pdf\" target=\"_blank\" rel=\"noopener\">Gemeinsame Forschungsprojekte, die Daten \u00fcber die berufsbedingte Exposition gegen\u00fcber kanzerogenen Stoffen liefern (pdf)<\/a><\/li>\n<\/ul>\n<h3>Herausforderung 1.2 - Bildung ist der Schl\u00fcssel<\/h3>\n<p>Getreu dem Motto &#8218;Was H\u00e4nschen nicht lernt, lernt Hans nimmermehr&#8216; ist es notwendig, mit Sensibilisierungsma\u00dfnahmen in den Grundschulen zu beginnen und sie besser in die berufliche Bildung zu integrieren.<\/p>\n<p><strong>Ergebnisse:<\/strong><\/p>\n<ul>\n<li>Eine Reihe von p\u00e4dagogischen Pr\u00e4sentationen f\u00fcr Grundschullehrer wird in K\u00fcrze verf\u00fcgbar sein.<\/li>\n<li>Es wurde ein Gamification-Tool entwickelt und ist <a href=\"https:\/\/stopcarcinogensatwork.eu\/de\/good-practice\/umgang-mit-den-risiken-von-karzinogenen-am-arbeitsplatz-durch-ein-lernspiel\/\" target=\"_blank\" rel=\"noopener\"><strong>zur Verf\u00fcgung gestellt. <\/strong><strong>\u00fcber diese Website zur Verf\u00fcgung gestellt.<\/strong><\/a><\/li>\n<\/ul>\n<h3>Herausforderung 2.1 - Substitutionsstrategien<\/h3>\n<p>Die Substitution durch sicherere Alternativen steht in der Hierarchie der Ma\u00dfnahmen zur Vermeidung der Exposition gegen\u00fcber krebserregenden Stoffen am Arbeitsplatz ganz oben. Die Sammlung von Beispielen f\u00fcr Substitution und Innovation wird Unternehmen bei der Suche nach einem erfolgreichen Substitutionsplan helfen.<\/p>\n<ul>\n<li>Umfassende Zusammenfassungen f\u00fcr Alternativen aus den REACH-Zulassungsantr\u00e4gen finden Sie auf dieser Website unter den einzelnen Fakten.<\/li>\n<li><a href=\"https:\/\/stopcarcinogensatwork.eu\/de\/allgemein\/ueber-die-roadmap-on-carcinogens\/herausforderungen\/moegliche-alternativen-fuer-chrom\/\" target=\"_blank\" rel=\"noopener\">M\u00f6gliche Alternativen f\u00fcr Chromtrioxid als Beschichtungsmittel zur Verwendung in der allgemeinen Fertigung finden Sie hier<\/a><\/li>\n<\/ul>\n<h3>Herausforderung 2.2 - Anleitung zum Risikomanagement<\/h3>\n<p>Das Ziel dieser Herausforderung war es, eine Anleitung f\u00fcr das Risikomanagement zu geben und ein Bewusstsein f\u00fcr die Strategien zur Risikominderung nach dem STOP-Prinzip zu schaffen. Neben der Erstellung von Merkbl\u00e4ttern zu Letzterem hat das Team viele aufgabenspezifische Kontrollleitf\u00e4den gesichtet, um allgemeine Merkmale f\u00fcr eine Vorlage zu sammeln. Dies unterst\u00fctzt die Erstellung von Schutzleitf\u00e4den (CGS) und hilft dabei, die wichtigsten Aspekte f\u00fcr das Risikomanagement von kanzerogenen Stoffen zu vermitteln. <a href=\"https:\/\/stopcarcinogensatwork.eu\/de\/lernen-sie-die-grundlegenden-praeventionsstrategien-kennen\/\" target=\"_blank\" rel=\"noopener\">Der Inhalt der S - T - O - P Merkbl\u00e4tter ist auf der Website<\/a><br \/>\nzu finden:  <\/p>\n<ul>\n<li><a href=\"https:\/\/stopcarcinogensatwork.eu\/de\/lernen-sie-die-grundlegenden-praeventionsstrategien-kennen\/\" target=\"_blank\" rel=\"noopener\">Herunterladbare S - T - O - P Brosch\u00fcren<\/a>.<\/li>\n<li>Eine Plattform, die Institutionen nutzen k\u00f6nnen, um<a href=\"https:\/\/stopcarcinogensatwork.eu\/de\/allgemein\/kollaborationen\/\" target=\"_blank\" rel=\"noopener\"> CGS auf der Grundlage der vom Challenge Team entwickelten Vorlage<\/a> zu erstellen. Die daraus resultierenden CGS f\u00fcr Arbeitgeber werden auf der Website ver\u00f6ffentlicht. <\/li>\n<li><a href=\"https:\/\/stopcarcinogensatwork.eu\/wp-content\/uploads\/2025\/05\/Ch22_Conclusion_Report_20250521.pdf\" target=\"_blank\" rel=\"noopener\">Herausforderungen 2.2 Bericht<\/a><\/li>\n<\/ul>\n<h3>Herausforderung 2.3 - Mittel f\u00fcr Unternehmen<\/h3>\n<p>Es ist bekannt, dass verschiedene Organisationen wie Mitgliedstaaten, Industrie- oder Branchenverb\u00e4nde, nationale Sozialversicherungen, Versicherungsinitiativen und andere bereits \u00fcber Fonds oder spezifische steuerliche Ma\u00dfnahmen verf\u00fcgen, die Unternehmen zu Investitionen in Sicherheit und Gesundheitsschutz am Arbeitsplatz anregen.<\/p>\n<ul>\n<li><a href=\"https:\/\/stopcarcinogensatwork.eu\/wp-content\/uploads\/2025\/05\/Final-report-RoC-Ch2.3andCh3.1-BusinessEurope.pdf\">Bericht zu den Herausforderungen 2.3 und 3.1<\/a><\/li>\n<\/ul>\n<h3>Herausforderung 3.1 - Industrien und Sektoren einbinden<\/h3>\n<p>Je mehr branchen\u00fcbergreifende und sektorale Organisationen f\u00fcr die Roadmap on Carcinogens mobilisiert werden k\u00f6nnen, desto mehr Unternehmen werden von den aufgezeigten und erl\u00e4uterten L\u00f6sungen profitieren.<\/p>\n<ul>\n<li><a href=\"https:\/\/stopcarcinogensatwork.eu\/wp-content\/uploads\/2025\/05\/Final-report-RoC-Ch2.3andCh3.1-BusinessEurope.pdf\">Bericht zu den Herausforderungen 2.3 und 3.1<\/a><\/li>\n<\/ul>\n<h3>Herausforderung 3.2 - Einbindung von Organisationen der betrieblichen Pr\u00e4vention<\/h3>\n<p>Die Einbeziehung von Interessenvertretern, wie z. B. Organisationen f\u00fcr betriebliche Pr\u00e4vention, ist ein weiteres Element zur Unterst\u00fctzung der Unternehmen, indem sie ihnen Instrumente zur Selbstbewertung ihrer Einhaltung der gesetzlichen Bestimmungen und zur Einf\u00fchrung angemessener Risikomanagementma\u00dfnahmen zur Verf\u00fcgung stellen.<\/p>\n<ul>\n<li><a href=\"https:\/\/stopcarcinogensatwork.eu\/wp-content\/uploads\/2025\/05\/PDF250528_Ch3.2_Conclusion_Report.pdf\" target=\"_blank\" rel=\"noopener\">Einen zusammenfassenden Bericht \u00fcber das Projekt finden Sie hier<\/a><\/li>\n<li><a href=\"https:\/\/stopcarcinogensatwork.eu\/de\/berufe-suchen\/\" target=\"_blank\" rel=\"noopener\"><strong>Dies ist eine wichtige Integration in die Website.<\/strong>  Pr\u00fcfen Sie hier Ihren Beruf auf das Vorkommen eines kanzerogenen Stoffes<\/a><\/li>\n<\/ul>\n<h3>Herausforderung 3.3 - Zusammenarbeit mit den Aufsichtsbeh\u00f6rden<\/h3>\n<p>Der Vollzug ist ein wichtiges Instrument, um die Einhaltung der Vorschriften zu gew\u00e4hrleisten. Wie k\u00f6nnen die Vollzugsbeh\u00f6rden und die Roadmap sich gegenseitig unterst\u00fctzen? <\/p>\n<ul>\n<li><a href=\"https:\/\/stopcarcinogensatwork.eu\/de\/allgemein\/kollaborationen\/\" target=\"_blank\" rel=\"noopener\">Auf dieser Website integriert<\/a><\/li>\n<\/ul>\n<h3>Herausforderung 3.4 - Bef\u00e4higung der Besch\u00e4ftigten<\/h3>\n<p>Besch\u00e4ftigte m\u00fcssen sich ihrer Rechte und Pflichten bewusst sein, um zur Gef\u00e4hrungsbeurteilung des Arbeitgebers beizutragen und angemessene Pr\u00e4ventionsma\u00dfnahmen zu ergreifen, um die Exposition gegen\u00fcber kanzerogenen Stoffen zu beseitigen oder zu verringern.<\/p>\n<ul>\n<li>Wird noch bekannt gegeben<\/li>\n<\/ul>\n<h3>Herausforderung 4.1 - \u00dcberbr\u00fcckung der Kluft<\/h3>\n<p>Innovationen, die auf die tats\u00e4chlichen Bed\u00fcrfnisse am Arbeitsplatz ausgerichtet sind, sind unerl\u00e4sslich, um die Exposition gegen\u00fcber kanzerogenen Stoffen w\u00e4hrend des gesamten Lebenszyklus von Substanzen oder Materialien zu verhindern - dieses Wissen muss allgemein bekannt sein.<\/p>\n<p>- <a href=\"https:\/\/stopcarcinogensatwork.eu\/wp-content\/uploads\/2024\/08\/Ch4.1_Preparatory_Report_211216-NEW.pdf\" target=\"_blank\" rel=\"noopener\">Ein detaillierter Bericht ist verf\u00fcgbar, einschlie\u00dflich einer Reihe von OnePagern, die die m\u00f6glichen Verbindungen zur Forschungsgemeinschaft zusammenfassen<\/a><\/p>\n<h3>Herausforderung 4.2 - Prozessbedingte kanzerogene Stoffe<\/h3>\n<p>Durch Prozesse erzeugte kanzerogene Stoffe treten als Nebenprodukt eines Arbeitsprozesses auf. Sie bed\u00fcrfen besonderer Aufmerksamkeit, da sie nicht gekennzeichnet sind und m\u00f6glicherweise nicht in den Sicherheitsdatenbl\u00e4ttern erw\u00e4hnt werden. <\/p>\n<ul>\n<li><a href=\"https:\/\/stopcarcinogensatwork.eu\/wp-content\/uploads\/2024\/08\/Silica-Dust-in-Construction.pdf\" target=\"_blank\" rel=\"noopener\">Ein ausf\u00fchrlicher Bericht \u00fcber die \u00f6sterreichische Inspektionskampagne zu Siliziumdioxidstaub ist verf\u00fcgbar<\/a><\/li>\n<li><a href=\"https:\/\/stopcarcinogensatwork.eu\/wp-content\/uploads\/2024\/08\/Mineral-Dusts-in-Mining.pdf\" target=\"_blank\" rel=\"noopener\">Ein Bericht \u00fcber Mineralstaub im Bergbau ist verf\u00fcgbar<\/a><\/li>\n<li><a href=\"https:\/\/stopcarcinogensatwork.eu\/wp-content\/uploads\/2024\/09\/TNO2023_R10498_RoC_Challenge_4.2-1.pdf\" target=\"_blank\" rel=\"noopener\">Ein Bericht \u00fcber prozessbedingte Substanzen ist verf\u00fcgbar<\/a><\/li>\n<li>FactSheets zu <a href=\"https:\/\/stopcarcinogensatwork.eu\/de\/fact\/abrasion-verfahren\/\" target=\"_blank\" rel=\"noopener\">Abrieb<\/a> und <a href=\"https:\/\/stopcarcinogensatwork.eu\/de\/fact\/verbrennung-prozess\/\" target=\"_blank\" rel=\"noopener\">Verbrennung<\/a> finden Sie auf dieser Website<\/li>\n<\/ul>\n<h3>Herausforderung 4.3 - Sichere Arbeitsverfahren<\/h3>\n<p>Sichere Arbeitsverfahren&#8220; k\u00f6nnen als akzeptierte Alternativen f\u00fcr Gruppen von Unternehmen, die dieselbe T\u00e4tigkeit aus\u00fcben, eingef\u00fchrt werden, anstatt Messungen durchzuf\u00fchren und mit Grenzwerten f\u00fcr jedes Unternehmen, jede T\u00e4tigkeit und jeden Stoff zu vergleichen.<\/p>\n<ul>\n<li><a href=\"https:\/\/stopcarcinogensatwork.eu\/wp-content\/uploads\/2024\/08\/TNO2023-R10499_RoC-Ch4.3_TNO-Report-general-challenge-report_getekend.pdf\" target=\"_blank\" rel=\"noopener\">Einen ausf\u00fchrlichen Bericht finden Sie hier<\/a><\/li>\n<\/ul>\n<h3>Der Abschlussbericht von ROC2.0<\/h3>\n<p>Eine Zusammenfassung aller Aktivit\u00e4ten und Ergebnisse der zweiten Roadmap on Carcinogens (RoC2.0) wurde jetzt ver\u00f6ffentlicht<a href=\"https:\/\/stopcarcinogensatwork.eu\/wp-content\/uploads\/2025\/10\/250922_RoC2.0_wrap_up_FINAL.pdf\">  in diesem Bericht.<\/a><\/p>\n","protected":false},"excerpt":{"rendered":"<p>Ab 2021 hat die Roadmap on Carcinogens zw\u00f6lf Herausforderungen in Angriff genommen, um mehr Wirkung zu erzielen und dazu beizutragen, dass besch\u00e4ftigte Arbeitnehmer nicht mit kanzerogenen Stoffen in Ber\u00fchrung kommen (lesen Sie die vollst\u00e4ndige Strategie hier). F\u00fcr den Zeitraum 2020-2024 hat die Roadmap die folgenden vier Ziele festgelegt: S\u00e4ule 1: Sensibilisierung von Unternehmen und besch\u00e4ftigten [&hellip;]<\/p>\n","protected":false},"author":1,"featured_media":0,"parent":55412,"menu_order":0,"comment_status":"closed","ping_status":"closed","template":"","meta":{"inline_featured_image":false,"footnotes":""},"class_list":["post-22733","page","type-page","status-publish","hentry"],"yoast_head":"<!-- This site is optimized with the Yoast SEO Premium plugin v27.0 (Yoast SEO v27.3) - https:\/\/yoast.com\/product\/yoast-seo-premium-wordpress\/ -->\n<title>Herausforderungen - STOP carcinogens at work<\/title>\n<meta name=\"description\" content=\"Every year, more than 100.000 people die in the EU from cancer caused by carcinogens at work. This must STOP!\" \/>\n<meta name=\"robots\" content=\"index, follow, max-snippet:-1, max-image-preview:large, max-video-preview:-1\" \/>\n<link rel=\"canonical\" href=\"https:\/\/stopcarcinogensatwork.eu\/de\/allgemein\/ueber-die-roadmap-on-carcinogens\/herausforderungen\/\" \/>\n<meta property=\"og:locale\" content=\"de_DE\" \/>\n<meta property=\"og:type\" content=\"article\" \/>\n<meta property=\"og:title\" content=\"Herausforderungen\" \/>\n<meta property=\"og:description\" content=\"Every year, more than 100.000 people die in the EU from cancer caused by carcinogens at work. This must STOP!\" \/>\n<meta property=\"og:url\" content=\"https:\/\/stopcarcinogensatwork.eu\/de\/allgemein\/ueber-die-roadmap-on-carcinogens\/herausforderungen\/\" \/>\n<meta property=\"og:site_name\" content=\"STOP carcinogens at work\" \/>\n<meta property=\"article:modified_time\" content=\"2025-10-21T10:19:03+00:00\" \/>\n<meta property=\"og:image\" content=\"https:\/\/stopcarcinogensatwork.eu\/wp-content\/uploads\/2024\/08\/Pillars.png\" \/>\n<meta name=\"twitter:card\" content=\"summary_large_image\" \/>\n<meta name=\"twitter:label1\" content=\"Gesch\u00e4tzte Lesezeit\" \/>\n\t<meta name=\"twitter:data1\" content=\"5\u00a0Minute\" \/>\n<script type=\"application\/ld+json\" class=\"yoast-schema-graph\">{\"@context\":\"https:\\\/\\\/schema.org\",\"@graph\":[{\"@type\":\"WebPage\",\"@id\":\"https:\\\/\\\/stopcarcinogensatwork.eu\\\/de\\\/allgemein\\\/ueber-die-roadmap-on-carcinogens\\\/herausforderungen\\\/\",\"url\":\"https:\\\/\\\/stopcarcinogensatwork.eu\\\/de\\\/allgemein\\\/ueber-die-roadmap-on-carcinogens\\\/herausforderungen\\\/\",\"name\":\"Herausforderungen - STOP carcinogens at work\",\"isPartOf\":{\"@id\":\"https:\\\/\\\/stopcarcinogensatwork.eu\\\/de\\\/#website\"},\"primaryImageOfPage\":{\"@id\":\"https:\\\/\\\/stopcarcinogensatwork.eu\\\/de\\\/allgemein\\\/ueber-die-roadmap-on-carcinogens\\\/herausforderungen\\\/#primaryimage\"},\"image\":{\"@id\":\"https:\\\/\\\/stopcarcinogensatwork.eu\\\/de\\\/allgemein\\\/ueber-die-roadmap-on-carcinogens\\\/herausforderungen\\\/#primaryimage\"},\"thumbnailUrl\":\"https:\\\/\\\/stopcarcinogensatwork.eu\\\/wp-content\\\/uploads\\\/2024\\\/08\\\/Pillars.png\",\"datePublished\":\"2024-08-31T07:07:44+00:00\",\"dateModified\":\"2025-10-21T10:19:03+00:00\",\"description\":\"Every year, more than 100.000 people die in the EU from cancer caused by carcinogens at work. This must STOP!\",\"breadcrumb\":{\"@id\":\"https:\\\/\\\/stopcarcinogensatwork.eu\\\/de\\\/allgemein\\\/ueber-die-roadmap-on-carcinogens\\\/herausforderungen\\\/#breadcrumb\"},\"inLanguage\":\"de\",\"potentialAction\":[{\"@type\":\"ReadAction\",\"target\":[\"https:\\\/\\\/stopcarcinogensatwork.eu\\\/de\\\/allgemein\\\/ueber-die-roadmap-on-carcinogens\\\/herausforderungen\\\/\"]}]},{\"@type\":\"ImageObject\",\"inLanguage\":\"de\",\"@id\":\"https:\\\/\\\/stopcarcinogensatwork.eu\\\/de\\\/allgemein\\\/ueber-die-roadmap-on-carcinogens\\\/herausforderungen\\\/#primaryimage\",\"url\":\"https:\\\/\\\/stopcarcinogensatwork.eu\\\/wp-content\\\/uploads\\\/2024\\\/08\\\/Pillars.png\",\"contentUrl\":\"https:\\\/\\\/stopcarcinogensatwork.eu\\\/wp-content\\\/uploads\\\/2024\\\/08\\\/Pillars.png\"},{\"@type\":\"BreadcrumbList\",\"@id\":\"https:\\\/\\\/stopcarcinogensatwork.eu\\\/de\\\/allgemein\\\/ueber-die-roadmap-on-carcinogens\\\/herausforderungen\\\/#breadcrumb\",\"itemListElement\":[{\"@type\":\"ListItem\",\"position\":1,\"name\":\"Home\",\"item\":\"https:\\\/\\\/stopcarcinogensatwork.eu\\\/de\\\/homepage-old\\\/\"},{\"@type\":\"ListItem\",\"position\":2,\"name\":\"Allgemein\",\"item\":\"https:\\\/\\\/stopcarcinogensatwork.eu\\\/de\\\/allgemein\\\/\"},{\"@type\":\"ListItem\",\"position\":3,\"name\":\"\u00dcber die Roadmap on Carcinogens\",\"item\":\"https:\\\/\\\/stopcarcinogensatwork.eu\\\/de\\\/allgemein\\\/ueber-die-roadmap-on-carcinogens\\\/\"},{\"@type\":\"ListItem\",\"position\":4,\"name\":\"Herausforderungen\"}]},{\"@type\":\"WebSite\",\"@id\":\"https:\\\/\\\/stopcarcinogensatwork.eu\\\/de\\\/#website\",\"url\":\"https:\\\/\\\/stopcarcinogensatwork.eu\\\/de\\\/\",\"name\":\"STOP Carcinogens at work\",\"description\":\"Every year, about 100.000 people die from cancer that was caused by exposure to carcinogens at work in Europe.\",\"publisher\":{\"@id\":\"https:\\\/\\\/stopcarcinogensatwork.eu\\\/de\\\/#organization\"},\"alternateName\":\"Roadmap on Carcinogens\",\"potentialAction\":[{\"@type\":\"SearchAction\",\"target\":{\"@type\":\"EntryPoint\",\"urlTemplate\":\"https:\\\/\\\/stopcarcinogensatwork.eu\\\/de\\\/?s={search_term_string}\"},\"query-input\":{\"@type\":\"PropertyValueSpecification\",\"valueRequired\":true,\"valueName\":\"search_term_string\"}}],\"inLanguage\":\"de\"},{\"@type\":\"Organization\",\"@id\":\"https:\\\/\\\/stopcarcinogensatwork.eu\\\/de\\\/#organization\",\"name\":\"TNO\",\"alternateName\":\"This is a European wide voluntary action scheme\",\"url\":\"https:\\\/\\\/stopcarcinogensatwork.eu\\\/de\\\/\",\"logo\":{\"@type\":\"ImageObject\",\"inLanguage\":\"de\",\"@id\":\"https:\\\/\\\/stopcarcinogensatwork.eu\\\/de\\\/#\\\/schema\\\/logo\\\/image\\\/\",\"url\":\"https:\\\/\\\/stopcarcinogensatwork.eu\\\/wp-content\\\/uploads\\\/2024\\\/08\\\/cropped-FavLarge-1.png\",\"contentUrl\":\"https:\\\/\\\/stopcarcinogensatwork.eu\\\/wp-content\\\/uploads\\\/2024\\\/08\\\/cropped-FavLarge-1.png\",\"width\":512,\"height\":512,\"caption\":\"TNO\"},\"image\":{\"@id\":\"https:\\\/\\\/stopcarcinogensatwork.eu\\\/de\\\/#\\\/schema\\\/logo\\\/image\\\/\"},\"publishingPrinciples\":\"https:\\\/\\\/stopcarcinogensatwork.eu\\\/homepage\\\/legal\\\/\",\"ownershipFundingInfo\":\"https:\\\/\\\/stopcarcinogensatwork.eu\\\/general\\\/about-us\\\/\"}]}<\/script>\n<!-- \/ Yoast SEO Premium plugin. -->","yoast_head_json":{"title":"Herausforderungen - STOP carcinogens at work","description":"Every year, more than 100.000 people die in the EU from cancer caused by carcinogens at work. This must STOP!","robots":{"index":"index","follow":"follow","max-snippet":"max-snippet:-1","max-image-preview":"max-image-preview:large","max-video-preview":"max-video-preview:-1"},"canonical":"https:\/\/stopcarcinogensatwork.eu\/de\/allgemein\/ueber-die-roadmap-on-carcinogens\/herausforderungen\/","og_locale":"de_DE","og_type":"article","og_title":"Herausforderungen","og_description":"Every year, more than 100.000 people die in the EU from cancer caused by carcinogens at work. This must STOP!","og_url":"https:\/\/stopcarcinogensatwork.eu\/de\/allgemein\/ueber-die-roadmap-on-carcinogens\/herausforderungen\/","og_site_name":"STOP carcinogens at work","article_modified_time":"2025-10-21T10:19:03+00:00","og_image":[{"url":"https:\/\/stopcarcinogensatwork.eu\/wp-content\/uploads\/2024\/08\/Pillars.png","type":"","width":"","height":""}],"twitter_card":"summary_large_image","twitter_misc":{"Gesch\u00e4tzte Lesezeit":"5\u00a0Minute"},"schema":{"@context":"https:\/\/schema.org","@graph":[{"@type":"WebPage","@id":"https:\/\/stopcarcinogensatwork.eu\/de\/allgemein\/ueber-die-roadmap-on-carcinogens\/herausforderungen\/","url":"https:\/\/stopcarcinogensatwork.eu\/de\/allgemein\/ueber-die-roadmap-on-carcinogens\/herausforderungen\/","name":"Herausforderungen - STOP carcinogens at work","isPartOf":{"@id":"https:\/\/stopcarcinogensatwork.eu\/de\/#website"},"primaryImageOfPage":{"@id":"https:\/\/stopcarcinogensatwork.eu\/de\/allgemein\/ueber-die-roadmap-on-carcinogens\/herausforderungen\/#primaryimage"},"image":{"@id":"https:\/\/stopcarcinogensatwork.eu\/de\/allgemein\/ueber-die-roadmap-on-carcinogens\/herausforderungen\/#primaryimage"},"thumbnailUrl":"https:\/\/stopcarcinogensatwork.eu\/wp-content\/uploads\/2024\/08\/Pillars.png","datePublished":"2024-08-31T07:07:44+00:00","dateModified":"2025-10-21T10:19:03+00:00","description":"Every year, more than 100.000 people die in the EU from cancer caused by carcinogens at work. This must STOP!","breadcrumb":{"@id":"https:\/\/stopcarcinogensatwork.eu\/de\/allgemein\/ueber-die-roadmap-on-carcinogens\/herausforderungen\/#breadcrumb"},"inLanguage":"de","potentialAction":[{"@type":"ReadAction","target":["https:\/\/stopcarcinogensatwork.eu\/de\/allgemein\/ueber-die-roadmap-on-carcinogens\/herausforderungen\/"]}]},{"@type":"ImageObject","inLanguage":"de","@id":"https:\/\/stopcarcinogensatwork.eu\/de\/allgemein\/ueber-die-roadmap-on-carcinogens\/herausforderungen\/#primaryimage","url":"https:\/\/stopcarcinogensatwork.eu\/wp-content\/uploads\/2024\/08\/Pillars.png","contentUrl":"https:\/\/stopcarcinogensatwork.eu\/wp-content\/uploads\/2024\/08\/Pillars.png"},{"@type":"BreadcrumbList","@id":"https:\/\/stopcarcinogensatwork.eu\/de\/allgemein\/ueber-die-roadmap-on-carcinogens\/herausforderungen\/#breadcrumb","itemListElement":[{"@type":"ListItem","position":1,"name":"Home","item":"https:\/\/stopcarcinogensatwork.eu\/de\/homepage-old\/"},{"@type":"ListItem","position":2,"name":"Allgemein","item":"https:\/\/stopcarcinogensatwork.eu\/de\/allgemein\/"},{"@type":"ListItem","position":3,"name":"\u00dcber die Roadmap on Carcinogens","item":"https:\/\/stopcarcinogensatwork.eu\/de\/allgemein\/ueber-die-roadmap-on-carcinogens\/"},{"@type":"ListItem","position":4,"name":"Herausforderungen"}]},{"@type":"WebSite","@id":"https:\/\/stopcarcinogensatwork.eu\/de\/#website","url":"https:\/\/stopcarcinogensatwork.eu\/de\/","name":"STOP Carcinogens at work","description":"Every year, about 100.000 people die from cancer that was caused by exposure to carcinogens at work in Europe.","publisher":{"@id":"https:\/\/stopcarcinogensatwork.eu\/de\/#organization"},"alternateName":"Roadmap on Carcinogens","potentialAction":[{"@type":"SearchAction","target":{"@type":"EntryPoint","urlTemplate":"https:\/\/stopcarcinogensatwork.eu\/de\/?s={search_term_string}"},"query-input":{"@type":"PropertyValueSpecification","valueRequired":true,"valueName":"search_term_string"}}],"inLanguage":"de"},{"@type":"Organization","@id":"https:\/\/stopcarcinogensatwork.eu\/de\/#organization","name":"TNO","alternateName":"This is a European wide voluntary action scheme","url":"https:\/\/stopcarcinogensatwork.eu\/de\/","logo":{"@type":"ImageObject","inLanguage":"de","@id":"https:\/\/stopcarcinogensatwork.eu\/de\/#\/schema\/logo\/image\/","url":"https:\/\/stopcarcinogensatwork.eu\/wp-content\/uploads\/2024\/08\/cropped-FavLarge-1.png","contentUrl":"https:\/\/stopcarcinogensatwork.eu\/wp-content\/uploads\/2024\/08\/cropped-FavLarge-1.png","width":512,"height":512,"caption":"TNO"},"image":{"@id":"https:\/\/stopcarcinogensatwork.eu\/de\/#\/schema\/logo\/image\/"},"publishingPrinciples":"https:\/\/stopcarcinogensatwork.eu\/homepage\/legal\/","ownershipFundingInfo":"https:\/\/stopcarcinogensatwork.eu\/general\/about-us\/"}]}},"_links":{"self":[{"href":"https:\/\/stopcarcinogensatwork.eu\/de\/wp-json\/wp\/v2\/pages\/22733","targetHints":{"allow":["GET"]}}],"collection":[{"href":"https:\/\/stopcarcinogensatwork.eu\/de\/wp-json\/wp\/v2\/pages"}],"about":[{"href":"https:\/\/stopcarcinogensatwork.eu\/de\/wp-json\/wp\/v2\/types\/page"}],"author":[{"embeddable":true,"href":"https:\/\/stopcarcinogensatwork.eu\/de\/wp-json\/wp\/v2\/users\/1"}],"replies":[{"embeddable":true,"href":"https:\/\/stopcarcinogensatwork.eu\/de\/wp-json\/wp\/v2\/comments?post=22733"}],"version-history":[{"count":0,"href":"https:\/\/stopcarcinogensatwork.eu\/de\/wp-json\/wp\/v2\/pages\/22733\/revisions"}],"up":[{"embeddable":true,"href":"https:\/\/stopcarcinogensatwork.eu\/de\/wp-json\/wp\/v2\/pages\/55412"}],"wp:attachment":[{"href":"https:\/\/stopcarcinogensatwork.eu\/de\/wp-json\/wp\/v2\/media?parent=22733"}],"curies":[{"name":"wp","href":"https:\/\/api.w.org\/{rel}","templated":true}]}}