{"id":40442,"date":"2024-02-27T15:15:29","date_gmt":"2024-02-27T15:15:29","guid":{"rendered":"https:\/\/stopcarcinogensatwork.eu\/allgemein\/kollaborationen\/"},"modified":"2025-12-10T11:53:40","modified_gmt":"2025-12-10T11:53:40","slug":"kollaborationen","status":"publish","type":"page","link":"https:\/\/stopcarcinogensatwork.eu\/de\/allgemein\/kollaborationen\/","title":{"rendered":"Arbeiten Sie mit uns zusammen"},"content":{"rendered":"\t\t<div data-elementor-type=\"wp-page\" data-elementor-id=\"40442\" class=\"elementor elementor-40442 elementor-7358\" data-elementor-post-type=\"page\">\n\t\t\t\t<div class=\"elementor-element elementor-element-4bc4f45a e-flex e-con-boxed e-con e-parent\" data-id=\"4bc4f45a\" data-element_type=\"container\" data-e-type=\"container\">\n\t\t\t\t\t<div class=\"e-con-inner\">\n\t\t\t\t<div class=\"elementor-element elementor-element-656752e2 elementor-widget elementor-widget-text-editor\" data-id=\"656752e2\" data-element_type=\"widget\" data-e-type=\"widget\" data-widget_type=\"text-editor.default\">\n\t\t\t\t\t\t\t\t\t<h2>Lassen Sie uns gemeinsam daran arbeiten, die Arbeitspl\u00e4tze sicherer zu machen - durch Wissen, Praxis und Erziehung<\/h2><blockquote><p>Jedes Jahr sterben in Europa Zehntausende von Menschen an Krankheiten, die durch ihre Arbeit verursacht werden. In vielen F\u00e4llen ist Krebs die Ursache - verursacht durch die Exposition gegen\u00fcber kanzerogenen Stoffen am Arbeitsplatz. Diese Risiken sind oft unsichtbar, aber sie sind nicht unvermeidlich. Um das zu \u00e4ndern, brauchen wir einander.   <\/p><p>Neben Arbeitgebern und Besch\u00e4ftigten laden wir ein breiteres Netzwerk von Fachleuten ein, sich uns anzuschlie\u00dfen: <strong><a href=\"#inspectorate\">Arbeitsaufsichtsbeh\u00f6rden<\/a>, <a href=\"#research\">Forscher<\/a>, Gewerkschaften, Expertenorganisationen, <a href=\"#educational\">Bildungseinrichtungen und Ausbilder<\/a>.<\/strong> Indem wir zusammenarbeiten, machen wir Wissen sichtbar, entwickeln neue Instrumente und lernen von den Praktiken der anderen.<\/p><\/blockquote>\t\t\t\t\t\t\t\t<\/div>\n\t\t\t\t\t<\/div>\n\t\t\t\t<\/div>\n\t\t<div class=\"elementor-element elementor-element-01c544b e-flex e-con-boxed e-con e-parent\" data-id=\"01c544b\" data-element_type=\"container\" data-e-type=\"container\" id=\"inspectorate\">\n\t\t\t\t\t<div class=\"e-con-inner\">\n\t\t\t\t<div class=\"elementor-element elementor-element-c2c232c elementor-widget elementor-widget-text-editor\" data-id=\"c2c232c\" data-element_type=\"widget\" data-e-type=\"widget\" data-widget_type=\"text-editor.default\">\n\t\t\t\t\t\t\t\t\t<h3>Inspektorate<\/h3><p>Die Arbeitsaufsichtsbeh\u00f6rden verf\u00fcgen \u00fcber eine F\u00fclle von Erfahrungen aus der Praxis. Durch den Austausch von Inspektionsf\u00e4llen k\u00f6nnen wir anderen Inspektoren helfen, aus der Praxis zu lernen, und den Unternehmen helfen zu verstehen, was funktioniert und was nicht. Wir laden die Arbeitsaufsichtsbeh\u00f6rden dazu ein:  <\/p><p>- Austausch von Inspektionsf\u00e4llen, die eine Gef\u00e4hrungsbeurteilung und Kontrollma\u00dfnahmen demonstrieren<br>- Unterst\u00fctzung des gegenseitigen Lernens zwischen den Inspektoraten in Europa<br>- Unterst\u00fctzung der Unternehmen bei der Einsicht in den Inspektionsprozess<\/p><p><strong>M\u00f6chten Sie einen Beitrag leisten? <a href=\"https:\/\/stopcarcinogensatwork.eu\/register\/\">Beantragen Sie ein Konto<\/a> \u00fcber unsere Registrierungsseite f\u00fcr Inspektoren.<\/strong> Sie haben bereits ein Konto? <a href=\"https:\/\/stopcarcinogensatwork.eu\/de\/anmeldung\/\">Melden Sie sich hier an.<\/a><br>M\u00f6chten Sie die ver\u00f6ffentlichten Inspektionsf\u00e4lle einsehen? <a href=\"https:\/\/stopcarcinogensatwork.eu\/de\/inspektionen-suchen\/\">Klicken Sie hier<\/a><\/p>\t\t\t\t\t\t\t\t<\/div>\n\t\t\t\t\t<\/div>\n\t\t\t\t<\/div>\n\t\t<div class=\"elementor-element elementor-element-06edf1b e-flex e-con-boxed e-con e-parent\" data-id=\"06edf1b\" data-element_type=\"container\" data-e-type=\"container\" id=\"research\">\n\t\t\t\t\t<div class=\"e-con-inner\">\n\t\t\t\t<div class=\"elementor-element elementor-element-cfc6497 elementor-widget elementor-widget-text-editor\" data-id=\"cfc6497\" data-element_type=\"widget\" data-e-type=\"widget\" data-widget_type=\"text-editor.default\">\n\t\t\t\t\t\t\t\t\t<h3>F\u00fcr Forschungs- und Wissensinstitutionen<\/h3><p>Forschung, technisches Fachwissen und evidenzbasierte Praktiken sind f\u00fcr die Verringerung der berufsbedingten Exposition gegen\u00fcber kanzerogenen Stoffen unerl\u00e4sslich. Wir laden die Institutionen dazu ein: <\/p><ul><li>Tauschen Sie bew\u00e4hrte Praktiken aus: Beispiele aus dem wirklichen Leben f\u00fcr erfolgreiche Substitution oder Kontrolle<\/li><li>Entwicklung oder Verfeinerung von Schutzleitf\u00e4den (CGS): Schritt-f\u00fcr-Schritt-Anleitung f\u00fcr den Umgang mit der Exposition<\/li><li>Unterst\u00fctzen Sie das Bewusstsein und die Politik mit wissenschaftlichen Erkenntnissen, Daten und p\u00e4dagogischen Instrumenten<\/li><\/ul><p>Gemeinsam bauen wir eine gemeinsame Wissensbasis auf, die andere nutzen k\u00f6nnen, um ihre eigenen Strategien zu verbessern. <strong><a href=\"https:\/\/stopcarcinogensatwork.eu\/institute-for-cgs\/\">Fordern Sie ein Konto<\/a> \u00fcber unsere Registrierungsseite an.<\/strong><\/p>\t\t\t\t\t\t\t\t<\/div>\n\t\t\t\t\t<\/div>\n\t\t\t\t<\/div>\n\t\t<div class=\"elementor-element elementor-element-8326d9a e-flex e-con-boxed e-con e-parent\" data-id=\"8326d9a\" data-element_type=\"container\" data-e-type=\"container\" id=\"educational\">\n\t\t\t\t\t<div class=\"e-con-inner\">\n\t\t\t\t<div class=\"elementor-element elementor-element-b40aa3d elementor-widget elementor-widget-text-editor\" data-id=\"b40aa3d\" data-element_type=\"widget\" data-e-type=\"widget\" data-widget_type=\"text-editor.default\">\n\t\t\t\t\t\t\t\t\t<h3>F\u00fcr Bildungseinrichtungen und Ausbilder<\/h3><p>Von der Berufsausbildung bis zur Universit\u00e4t: Die Sch\u00fcler von heute sind die Arbeitskr\u00e4fte von morgen. Eine fr\u00fchzeitige Bildung \u00fcber kanzerogene Stoffe tr\u00e4gt dazu bei, ein langfristiges Bewusstsein zu schaffen und ges\u00fcndere Entscheidungen zu treffen. Wir laden P\u00e4dagogen und Ausbilder dazu ein:  <\/p><ul><li>Teilen Sie Unterrichtsmaterialien oder Sensibilisierungsprojekte f\u00fcr den Einsatz in Schulen, Hochschulen oder Ausbildungszentren<\/li><li>Gemeinsame Erstellung von Bildungsinhalten f\u00fcr verschiedene Altersgruppen und Sektoren<\/li><li>Studenten dazu inspirieren, Risiken an zuk\u00fcnftigen Arbeitspl\u00e4tzen zu erkennen und zu reduzieren<\/li><\/ul><p><a href=\"https:\/\/stopcarcinogensatwork.eu\/general\/educational-institutions-and-trainers\/\">Bitte besuchen Sie unseren Abschnitt Bildung auf unserer Website.<\/a><\/p>\t\t\t\t\t\t\t\t<\/div>\n\t\t\t\t\t<\/div>\n\t\t\t\t<\/div>\n\t\t\t\t<\/div>\n\t\t","protected":false},"excerpt":{"rendered":"<p>Lassen Sie uns gemeinsam daran arbeiten, die Arbeitspl\u00e4tze sicherer zu machen - durch Wissen, Praxis und Erziehung Jedes Jahr sterben in Europa Zehntausende von Menschen an Krankheiten, die durch ihre Arbeit verursacht werden. In vielen F\u00e4llen ist Krebs die Ursache - verursacht durch die Exposition gegen\u00fcber kanzerogenen Stoffen am Arbeitsplatz. Diese Risiken sind oft unsichtbar, [&hellip;]<\/p>\n","protected":false},"author":1,"featured_media":0,"parent":22718,"menu_order":0,"comment_status":"closed","ping_status":"closed","template":"","meta":{"inline_featured_image":false,"footnotes":""},"class_list":["post-40442","page","type-page","status-publish","hentry"],"yoast_head":"<!-- This site is optimized with the Yoast SEO Premium plugin v27.0 (Yoast SEO v27.3) - https:\/\/yoast.com\/product\/yoast-seo-premium-wordpress\/ -->\n<title>Arbeiten Sie mit uns zusammen - STOP carcinogens at work<\/title>\n<meta name=\"description\" content=\"Every year, more than 100.000 people die in the EU from cancer caused by carcinogens at work. This must STOP!\" \/>\n<meta name=\"robots\" content=\"noindex, nofollow\" \/>\n<meta property=\"og:locale\" content=\"de_DE\" \/>\n<meta property=\"og:type\" content=\"article\" \/>\n<meta property=\"og:title\" content=\"Arbeiten Sie mit uns zusammen\" \/>\n<meta property=\"og:description\" content=\"Every year, more than 100.000 people die in the EU from cancer caused by carcinogens at work. This must STOP!\" \/>\n<meta property=\"og:url\" content=\"https:\/\/stopcarcinogensatwork.eu\/de\/allgemein\/kollaborationen\/\" \/>\n<meta property=\"og:site_name\" content=\"STOP carcinogens at work\" \/>\n<meta property=\"article:modified_time\" content=\"2025-12-10T11:53:40+00:00\" \/>\n<meta name=\"twitter:card\" content=\"summary_large_image\" \/>\n<meta name=\"twitter:label1\" content=\"Gesch\u00e4tzte Lesezeit\" \/>\n\t<meta name=\"twitter:data1\" content=\"2\u00a0Minute\" \/>\n<script type=\"application\/ld+json\" class=\"yoast-schema-graph\">{\"@context\":\"https:\\\/\\\/schema.org\",\"@graph\":[{\"@type\":\"WebPage\",\"@id\":\"https:\\\/\\\/stopcarcinogensatwork.eu\\\/de\\\/allgemein\\\/kollaborationen\\\/\",\"url\":\"https:\\\/\\\/stopcarcinogensatwork.eu\\\/de\\\/allgemein\\\/kollaborationen\\\/\",\"name\":\"Arbeiten Sie mit uns zusammen - STOP carcinogens at work\",\"isPartOf\":{\"@id\":\"https:\\\/\\\/stopcarcinogensatwork.eu\\\/de\\\/#website\"},\"datePublished\":\"2024-02-27T15:15:29+00:00\",\"dateModified\":\"2025-12-10T11:53:40+00:00\",\"description\":\"Every year, more than 100.000 people die in the EU from cancer caused by carcinogens at work. This must STOP!\",\"breadcrumb\":{\"@id\":\"https:\\\/\\\/stopcarcinogensatwork.eu\\\/de\\\/allgemein\\\/kollaborationen\\\/#breadcrumb\"},\"inLanguage\":\"de\",\"potentialAction\":[{\"@type\":\"ReadAction\",\"target\":[\"https:\\\/\\\/stopcarcinogensatwork.eu\\\/de\\\/allgemein\\\/kollaborationen\\\/\"]}]},{\"@type\":\"BreadcrumbList\",\"@id\":\"https:\\\/\\\/stopcarcinogensatwork.eu\\\/de\\\/allgemein\\\/kollaborationen\\\/#breadcrumb\",\"itemListElement\":[{\"@type\":\"ListItem\",\"position\":1,\"name\":\"Home\",\"item\":\"https:\\\/\\\/stopcarcinogensatwork.eu\\\/de\\\/homepage-old\\\/\"},{\"@type\":\"ListItem\",\"position\":2,\"name\":\"Allgemein\",\"item\":\"https:\\\/\\\/stopcarcinogensatwork.eu\\\/de\\\/allgemein\\\/\"},{\"@type\":\"ListItem\",\"position\":3,\"name\":\"Arbeiten Sie mit uns zusammen\"}]},{\"@type\":\"WebSite\",\"@id\":\"https:\\\/\\\/stopcarcinogensatwork.eu\\\/de\\\/#website\",\"url\":\"https:\\\/\\\/stopcarcinogensatwork.eu\\\/de\\\/\",\"name\":\"STOP Carcinogens at work\",\"description\":\"Every year, about 100.000 people die from cancer that was caused by exposure to carcinogens at work in Europe.\",\"publisher\":{\"@id\":\"https:\\\/\\\/stopcarcinogensatwork.eu\\\/de\\\/#organization\"},\"alternateName\":\"Roadmap on Carcinogens\",\"potentialAction\":[{\"@type\":\"SearchAction\",\"target\":{\"@type\":\"EntryPoint\",\"urlTemplate\":\"https:\\\/\\\/stopcarcinogensatwork.eu\\\/de\\\/?s={search_term_string}\"},\"query-input\":{\"@type\":\"PropertyValueSpecification\",\"valueRequired\":true,\"valueName\":\"search_term_string\"}}],\"inLanguage\":\"de\"},{\"@type\":\"Organization\",\"@id\":\"https:\\\/\\\/stopcarcinogensatwork.eu\\\/de\\\/#organization\",\"name\":\"TNO\",\"alternateName\":\"This is a European wide voluntary action scheme\",\"url\":\"https:\\\/\\\/stopcarcinogensatwork.eu\\\/de\\\/\",\"logo\":{\"@type\":\"ImageObject\",\"inLanguage\":\"de\",\"@id\":\"https:\\\/\\\/stopcarcinogensatwork.eu\\\/de\\\/#\\\/schema\\\/logo\\\/image\\\/\",\"url\":\"https:\\\/\\\/stopcarcinogensatwork.eu\\\/wp-content\\\/uploads\\\/2024\\\/08\\\/cropped-FavLarge-1.png\",\"contentUrl\":\"https:\\\/\\\/stopcarcinogensatwork.eu\\\/wp-content\\\/uploads\\\/2024\\\/08\\\/cropped-FavLarge-1.png\",\"width\":512,\"height\":512,\"caption\":\"TNO\"},\"image\":{\"@id\":\"https:\\\/\\\/stopcarcinogensatwork.eu\\\/de\\\/#\\\/schema\\\/logo\\\/image\\\/\"},\"publishingPrinciples\":\"https:\\\/\\\/stopcarcinogensatwork.eu\\\/homepage\\\/legal\\\/\",\"ownershipFundingInfo\":\"https:\\\/\\\/stopcarcinogensatwork.eu\\\/general\\\/about-us\\\/\"}]}<\/script>\n<!-- \/ Yoast SEO Premium plugin. -->","yoast_head_json":{"title":"Arbeiten Sie mit uns zusammen - STOP carcinogens at work","description":"Every year, more than 100.000 people die in the EU from cancer caused by carcinogens at work. This must STOP!","robots":{"index":"noindex","follow":"nofollow"},"og_locale":"de_DE","og_type":"article","og_title":"Arbeiten Sie mit uns zusammen","og_description":"Every year, more than 100.000 people die in the EU from cancer caused by carcinogens at work. This must STOP!","og_url":"https:\/\/stopcarcinogensatwork.eu\/de\/allgemein\/kollaborationen\/","og_site_name":"STOP carcinogens at work","article_modified_time":"2025-12-10T11:53:40+00:00","twitter_card":"summary_large_image","twitter_misc":{"Gesch\u00e4tzte Lesezeit":"2\u00a0Minute"},"schema":{"@context":"https:\/\/schema.org","@graph":[{"@type":"WebPage","@id":"https:\/\/stopcarcinogensatwork.eu\/de\/allgemein\/kollaborationen\/","url":"https:\/\/stopcarcinogensatwork.eu\/de\/allgemein\/kollaborationen\/","name":"Arbeiten Sie mit uns zusammen - STOP carcinogens at work","isPartOf":{"@id":"https:\/\/stopcarcinogensatwork.eu\/de\/#website"},"datePublished":"2024-02-27T15:15:29+00:00","dateModified":"2025-12-10T11:53:40+00:00","description":"Every year, more than 100.000 people die in the EU from cancer caused by carcinogens at work. This must STOP!","breadcrumb":{"@id":"https:\/\/stopcarcinogensatwork.eu\/de\/allgemein\/kollaborationen\/#breadcrumb"},"inLanguage":"de","potentialAction":[{"@type":"ReadAction","target":["https:\/\/stopcarcinogensatwork.eu\/de\/allgemein\/kollaborationen\/"]}]},{"@type":"BreadcrumbList","@id":"https:\/\/stopcarcinogensatwork.eu\/de\/allgemein\/kollaborationen\/#breadcrumb","itemListElement":[{"@type":"ListItem","position":1,"name":"Home","item":"https:\/\/stopcarcinogensatwork.eu\/de\/homepage-old\/"},{"@type":"ListItem","position":2,"name":"Allgemein","item":"https:\/\/stopcarcinogensatwork.eu\/de\/allgemein\/"},{"@type":"ListItem","position":3,"name":"Arbeiten Sie mit uns zusammen"}]},{"@type":"WebSite","@id":"https:\/\/stopcarcinogensatwork.eu\/de\/#website","url":"https:\/\/stopcarcinogensatwork.eu\/de\/","name":"STOP Carcinogens at work","description":"Every year, about 100.000 people die from cancer that was caused by exposure to carcinogens at work in Europe.","publisher":{"@id":"https:\/\/stopcarcinogensatwork.eu\/de\/#organization"},"alternateName":"Roadmap on Carcinogens","potentialAction":[{"@type":"SearchAction","target":{"@type":"EntryPoint","urlTemplate":"https:\/\/stopcarcinogensatwork.eu\/de\/?s={search_term_string}"},"query-input":{"@type":"PropertyValueSpecification","valueRequired":true,"valueName":"search_term_string"}}],"inLanguage":"de"},{"@type":"Organization","@id":"https:\/\/stopcarcinogensatwork.eu\/de\/#organization","name":"TNO","alternateName":"This is a European wide voluntary action scheme","url":"https:\/\/stopcarcinogensatwork.eu\/de\/","logo":{"@type":"ImageObject","inLanguage":"de","@id":"https:\/\/stopcarcinogensatwork.eu\/de\/#\/schema\/logo\/image\/","url":"https:\/\/stopcarcinogensatwork.eu\/wp-content\/uploads\/2024\/08\/cropped-FavLarge-1.png","contentUrl":"https:\/\/stopcarcinogensatwork.eu\/wp-content\/uploads\/2024\/08\/cropped-FavLarge-1.png","width":512,"height":512,"caption":"TNO"},"image":{"@id":"https:\/\/stopcarcinogensatwork.eu\/de\/#\/schema\/logo\/image\/"},"publishingPrinciples":"https:\/\/stopcarcinogensatwork.eu\/homepage\/legal\/","ownershipFundingInfo":"https:\/\/stopcarcinogensatwork.eu\/general\/about-us\/"}]}},"_links":{"self":[{"href":"https:\/\/stopcarcinogensatwork.eu\/de\/wp-json\/wp\/v2\/pages\/40442","targetHints":{"allow":["GET"]}}],"collection":[{"href":"https:\/\/stopcarcinogensatwork.eu\/de\/wp-json\/wp\/v2\/pages"}],"about":[{"href":"https:\/\/stopcarcinogensatwork.eu\/de\/wp-json\/wp\/v2\/types\/page"}],"author":[{"embeddable":true,"href":"https:\/\/stopcarcinogensatwork.eu\/de\/wp-json\/wp\/v2\/users\/1"}],"replies":[{"embeddable":true,"href":"https:\/\/stopcarcinogensatwork.eu\/de\/wp-json\/wp\/v2\/comments?post=40442"}],"version-history":[{"count":0,"href":"https:\/\/stopcarcinogensatwork.eu\/de\/wp-json\/wp\/v2\/pages\/40442\/revisions"}],"up":[{"embeddable":true,"href":"https:\/\/stopcarcinogensatwork.eu\/de\/wp-json\/wp\/v2\/pages\/22718"}],"wp:attachment":[{"href":"https:\/\/stopcarcinogensatwork.eu\/de\/wp-json\/wp\/v2\/media?parent=40442"}],"curies":[{"name":"wp","href":"https:\/\/api.w.org\/{rel}","templated":true}]}}