{"id":41764,"date":"2024-12-30T09:48:30","date_gmt":"2024-12-30T09:48:30","guid":{"rendered":"https:\/\/stopcarcinogensatwork.eu\/allgemein\/ueber-den-fahrplan-zu-karzinogenen\/herausforderungen\/moegliche-alternativen-fuer-chrom\/"},"modified":"2025-01-21T14:44:08","modified_gmt":"2025-01-21T14:44:08","slug":"moegliche-alternativen-fuer-chrom","status":"publish","type":"page","link":"https:\/\/stopcarcinogensatwork.eu\/de\/allgemein\/ueber-die-roadmap-on-carcinogens\/herausforderungen\/moegliche-alternativen-fuer-chrom\/","title":{"rendered":"M\u00f6gliche Alternativen f\u00fcr Chrom"},"content":{"rendered":"<ol>\n<li><a href=\"https:\/\/stopcarcinogensatwork.eu\/de\/good-practice\/ersatz-von-chromtrioxid-fuer-das-aetzen-von-kunststoffsubstraten-in-der-vorbehandlung-der-galvanik\/\" target=\"_blank\" rel=\"noopener\">Ersatz von Chromtrioxid f\u00fcr das \u00c4tzen von Kunststoffsubstraten in der Vorbehandlung der Galvanik<\/a><\/li>\n<li><a href=\"https:\/\/stopcarcinogensatwork.eu\/de\/good-practice\/moegliche-alternativen-fuer-chromtrioxid-als-beschichtungsmittel-fuer-sanitaere-materialien\/\" target=\"_blank\" rel=\"noopener\">M\u00f6gliche Alternativen f\u00fcr Chromtrioxid als Beschichtungsmittel f\u00fcr sanit\u00e4re Materialien<\/a><\/li>\n<li><a href=\"https:\/\/stopcarcinogensatwork.eu\/de\/good-practice\/substitution-von-natriumdichromat-zur-passivierung-von-elektrolytischem-weissblech-etp\/\" target=\"_blank\" rel=\"noopener\">Substitution von Natriumdichromat zur Passivierung von elektrolytischem Wei\u00dfblech (ETP)<\/a><\/li>\n<li><a href=\"https:\/\/stopcarcinogensatwork.eu\/de\/good-practice\/substitution-von-natriumchromat-als-korrosionsschutzmittel-fuer-kohlenstoffstahl-in-einem-geschlossenen-kreislauf-von-gasabsorptionsgeraeten\/\" target=\"_blank\" rel=\"noopener\">Substitution von Natriumchromat als Korrosionsschutzmittel f\u00fcr Kohlenstoffstahl in geschlossenen Kreisl\u00e4ufen von Gasabsorptionsger\u00e4ten<\/a><\/li>\n<li><a href=\"https:\/\/stopcarcinogensatwork.eu\/de\/good-practice\/substitution-von-chromvi-trioxid-fuer-oberflaechenbehandlungen-in-der-luft-und-raumfahrtindustrie\/\" target=\"_blank\" rel=\"noopener\">Substitution von Chrom(VI)-Trioxid f\u00fcr Oberfl\u00e4chenbehandlungen in der Luft- und Raumfahrtindustrie<\/a><\/li>\n<li><a href=\"https:\/\/stopcarcinogensatwork.eu\/de\/good-practice\/ersatz-der-funktionellen-verchromung-von-zahnaerztlichen-instrumenten-auf-chromtrioxidbasis-fuer-die-zahnaerztliche-behandlung\/\" target=\"_blank\" rel=\"noopener\">Ersatz der funktionellen Verchromung von zahn\u00e4rztlichen Instrumenten auf Chromtrioxidbasis f\u00fcr die zahn\u00e4rztliche Behandlung<\/a><\/li>\n<li><a href=\"https:\/\/stopcarcinogensatwork.eu\/de\/good-practice\/ersatz-von-chromvi-trioxid-fuer-elektrolytische-chrombeschichtung-von-stahl-eccs\/\" target=\"_blank\" rel=\"noopener\">Ersatz von Chrom(VI)-Trioxid f\u00fcr elektrolytische Chrombeschichtung von Stahl (ECCS)<\/a><\/li>\n<li><a href=\"https:\/\/stopcarcinogensatwork.eu\/de\/good-practice\/substitution-von-chromvi-trioxid-zur-passivierung-von-elektrolytischem-weissblech-etp\/\" target=\"_blank\" rel=\"noopener\">Substitution von Chrom(VI)-Trioxid zur Passivierung von elektrolytischem Wei\u00dfblech (ETP)<\/a><\/li>\n<li><a href=\"https:\/\/stopcarcinogensatwork.eu\/de\/good-practice\/ersatz-von-chromtrioxid-fuer-das-aetzen-von-kunststoffsubstraten-in-der-vorbehandlung-der-galvanik\/\" target=\"_blank\" rel=\"noopener\">Ersatz von Chromtrioxid f\u00fcr das \u00c4tzen von Kunststoffsubstraten in der Vorbehandlung der Galvanik<\/a><\/li>\n<li><a href=\"https:\/\/stopcarcinogensatwork.eu\/de\/good-practice\/ersatz-von-trichlorethylen-bei-der-herstellung-von-alcantara-material\/\" target=\"_blank\" rel=\"noopener\">Ersatz von Trichlorethylen bei der Herstellung von Alcantara-Material<\/a><\/li>\n<li><a href=\"https:\/\/stopcarcinogensatwork.eu\/de\/good-practice\/moegliche-alternativen-fuer-chromtrioxid-als-beschichtungsmittel-zur-verwendung-in-der-allgemeinen-fertigung\/\" target=\"_blank\" rel=\"noopener\">M\u00f6gliche Alternativen f\u00fcr Chromtrioxid als Beschichtungsmittel zur Verwendung in der allgemeinen Fertigung<\/a><\/li>\n<li><a href=\"https:\/\/stopcarcinogensatwork.eu\/de\/good-practice\/substitution-von-22-dichlor-44-methylendianilin-moca-bei-der-herstellung-von-polyurethanen\/\" target=\"_blank\" rel=\"noopener\">Substitution von 2,2&#8242;-Dichlor-4,4&#8242;-methylendianilin (MOCA) bei der Herstellung von Polyurethanen<\/a><\/li>\n<li><a href=\"https:\/\/stopcarcinogensatwork.eu\/de\/good-practice\/moegliche-alternativen-fuer-chromtrioxid-als-beschichtungsmittel-zur-verwendung-in-der-allgemeinen-fertigung\/\" target=\"_blank\" rel=\"noopener\">M\u00f6gliche Alternativen f\u00fcr Chromtrioxid als Beschichtungsmittel zur Verwendung in der allgemeinen Fertigung<\/a><\/li>\n<\/ol>\n","protected":false},"excerpt":{"rendered":"<p>Ersatz von Chromtrioxid f\u00fcr das \u00c4tzen von Kunststoffsubstraten in der Vorbehandlung der Galvanik M\u00f6gliche Alternativen f\u00fcr Chromtrioxid als Beschichtungsmittel f\u00fcr sanit\u00e4re Materialien Substitution von Natriumdichromat zur Passivierung von elektrolytischem Wei\u00dfblech (ETP) Substitution von Natriumchromat als Korrosionsschutzmittel f\u00fcr Kohlenstoffstahl in geschlossenen Kreisl\u00e4ufen von Gasabsorptionsger\u00e4ten Substitution von Chrom(VI)-Trioxid f\u00fcr Oberfl\u00e4chenbehandlungen in der Luft- und Raumfahrtindustrie Ersatz der [&hellip;]<\/p>\n","protected":false},"author":1,"featured_media":0,"parent":22733,"menu_order":0,"comment_status":"closed","ping_status":"closed","template":"","meta":{"inline_featured_image":false,"footnotes":""},"class_list":["post-41764","page","type-page","status-publish","hentry"],"yoast_head":"<!-- This site is optimized with the Yoast SEO Premium plugin v27.0 (Yoast SEO v27.3) - https:\/\/yoast.com\/product\/yoast-seo-premium-wordpress\/ -->\n<title>M\u00f6gliche Alternativen f\u00fcr Chrom - STOP carcinogens at work<\/title>\n<meta name=\"description\" content=\"Every year, more than 100.000 people die in the EU from cancer caused by carcinogens at work. This must STOP!\" \/>\n<meta name=\"robots\" content=\"index, follow, max-snippet:-1, max-image-preview:large, max-video-preview:-1\" \/>\n<link rel=\"canonical\" href=\"https:\/\/stopcarcinogensatwork.eu\/de\/allgemein\/ueber-die-roadmap-on-carcinogens\/herausforderungen\/moegliche-alternativen-fuer-chrom\/\" \/>\n<meta property=\"og:locale\" content=\"de_DE\" \/>\n<meta property=\"og:type\" content=\"article\" \/>\n<meta property=\"og:title\" content=\"M\u00f6gliche Alternativen f\u00fcr Chrom\" \/>\n<meta property=\"og:description\" content=\"Every year, more than 100.000 people die in the EU from cancer caused by carcinogens at work. This must STOP!\" \/>\n<meta property=\"og:url\" content=\"https:\/\/stopcarcinogensatwork.eu\/de\/allgemein\/ueber-die-roadmap-on-carcinogens\/herausforderungen\/moegliche-alternativen-fuer-chrom\/\" \/>\n<meta property=\"og:site_name\" content=\"STOP carcinogens at work\" \/>\n<meta property=\"article:modified_time\" content=\"2025-01-21T14:44:08+00:00\" \/>\n<meta name=\"twitter:card\" content=\"summary_large_image\" \/>\n<meta name=\"twitter:label1\" content=\"Gesch\u00e4tzte Lesezeit\" \/>\n\t<meta name=\"twitter:data1\" content=\"1\u00a0Minute\" \/>\n<script type=\"application\/ld+json\" class=\"yoast-schema-graph\">{\"@context\":\"https:\\\/\\\/schema.org\",\"@graph\":[{\"@type\":\"WebPage\",\"@id\":\"https:\\\/\\\/stopcarcinogensatwork.eu\\\/de\\\/allgemein\\\/ueber-die-roadmap-on-carcinogens\\\/herausforderungen\\\/moegliche-alternativen-fuer-chrom\\\/\",\"url\":\"https:\\\/\\\/stopcarcinogensatwork.eu\\\/de\\\/allgemein\\\/ueber-die-roadmap-on-carcinogens\\\/herausforderungen\\\/moegliche-alternativen-fuer-chrom\\\/\",\"name\":\"M\u00f6gliche Alternativen f\u00fcr Chrom - STOP carcinogens at work\",\"isPartOf\":{\"@id\":\"https:\\\/\\\/stopcarcinogensatwork.eu\\\/de\\\/#website\"},\"datePublished\":\"2024-12-30T09:48:30+00:00\",\"dateModified\":\"2025-01-21T14:44:08+00:00\",\"description\":\"Every year, more than 100.000 people die in the EU from cancer caused by carcinogens at work. This must STOP!\",\"breadcrumb\":{\"@id\":\"https:\\\/\\\/stopcarcinogensatwork.eu\\\/de\\\/allgemein\\\/ueber-die-roadmap-on-carcinogens\\\/herausforderungen\\\/moegliche-alternativen-fuer-chrom\\\/#breadcrumb\"},\"inLanguage\":\"de\",\"potentialAction\":[{\"@type\":\"ReadAction\",\"target\":[\"https:\\\/\\\/stopcarcinogensatwork.eu\\\/de\\\/allgemein\\\/ueber-die-roadmap-on-carcinogens\\\/herausforderungen\\\/moegliche-alternativen-fuer-chrom\\\/\"]}]},{\"@type\":\"BreadcrumbList\",\"@id\":\"https:\\\/\\\/stopcarcinogensatwork.eu\\\/de\\\/allgemein\\\/ueber-die-roadmap-on-carcinogens\\\/herausforderungen\\\/moegliche-alternativen-fuer-chrom\\\/#breadcrumb\",\"itemListElement\":[{\"@type\":\"ListItem\",\"position\":1,\"name\":\"Home\",\"item\":\"https:\\\/\\\/stopcarcinogensatwork.eu\\\/de\\\/homepage-old\\\/\"},{\"@type\":\"ListItem\",\"position\":2,\"name\":\"Allgemein\",\"item\":\"https:\\\/\\\/stopcarcinogensatwork.eu\\\/de\\\/allgemein\\\/\"},{\"@type\":\"ListItem\",\"position\":3,\"name\":\"\u00dcber die Roadmap on Carcinogens\",\"item\":\"https:\\\/\\\/stopcarcinogensatwork.eu\\\/de\\\/allgemein\\\/ueber-die-roadmap-on-carcinogens\\\/\"},{\"@type\":\"ListItem\",\"position\":4,\"name\":\"Herausforderungen\",\"item\":\"https:\\\/\\\/stopcarcinogensatwork.eu\\\/de\\\/general\\\/about-us\\\/challenges\\\/\"},{\"@type\":\"ListItem\",\"position\":5,\"name\":\"M\u00f6gliche Alternativen f\u00fcr Chrom\"}]},{\"@type\":\"WebSite\",\"@id\":\"https:\\\/\\\/stopcarcinogensatwork.eu\\\/de\\\/#website\",\"url\":\"https:\\\/\\\/stopcarcinogensatwork.eu\\\/de\\\/\",\"name\":\"STOP Carcinogens at work\",\"description\":\"Every year, about 100.000 people die from cancer that was caused by exposure to carcinogens at work in Europe.\",\"publisher\":{\"@id\":\"https:\\\/\\\/stopcarcinogensatwork.eu\\\/de\\\/#organization\"},\"alternateName\":\"Roadmap on Carcinogens\",\"potentialAction\":[{\"@type\":\"SearchAction\",\"target\":{\"@type\":\"EntryPoint\",\"urlTemplate\":\"https:\\\/\\\/stopcarcinogensatwork.eu\\\/de\\\/?s={search_term_string}\"},\"query-input\":{\"@type\":\"PropertyValueSpecification\",\"valueRequired\":true,\"valueName\":\"search_term_string\"}}],\"inLanguage\":\"de\"},{\"@type\":\"Organization\",\"@id\":\"https:\\\/\\\/stopcarcinogensatwork.eu\\\/de\\\/#organization\",\"name\":\"TNO\",\"alternateName\":\"This is a European wide voluntary action scheme\",\"url\":\"https:\\\/\\\/stopcarcinogensatwork.eu\\\/de\\\/\",\"logo\":{\"@type\":\"ImageObject\",\"inLanguage\":\"de\",\"@id\":\"https:\\\/\\\/stopcarcinogensatwork.eu\\\/de\\\/#\\\/schema\\\/logo\\\/image\\\/\",\"url\":\"https:\\\/\\\/stopcarcinogensatwork.eu\\\/wp-content\\\/uploads\\\/2024\\\/08\\\/cropped-FavLarge-1.png\",\"contentUrl\":\"https:\\\/\\\/stopcarcinogensatwork.eu\\\/wp-content\\\/uploads\\\/2024\\\/08\\\/cropped-FavLarge-1.png\",\"width\":512,\"height\":512,\"caption\":\"TNO\"},\"image\":{\"@id\":\"https:\\\/\\\/stopcarcinogensatwork.eu\\\/de\\\/#\\\/schema\\\/logo\\\/image\\\/\"},\"publishingPrinciples\":\"https:\\\/\\\/stopcarcinogensatwork.eu\\\/homepage\\\/legal\\\/\",\"ownershipFundingInfo\":\"https:\\\/\\\/stopcarcinogensatwork.eu\\\/general\\\/about-us\\\/\"}]}<\/script>\n<!-- \/ Yoast SEO Premium plugin. -->","yoast_head_json":{"title":"M\u00f6gliche Alternativen f\u00fcr Chrom - STOP carcinogens at work","description":"Every year, more than 100.000 people die in the EU from cancer caused by carcinogens at work. This must STOP!","robots":{"index":"index","follow":"follow","max-snippet":"max-snippet:-1","max-image-preview":"max-image-preview:large","max-video-preview":"max-video-preview:-1"},"canonical":"https:\/\/stopcarcinogensatwork.eu\/de\/allgemein\/ueber-die-roadmap-on-carcinogens\/herausforderungen\/moegliche-alternativen-fuer-chrom\/","og_locale":"de_DE","og_type":"article","og_title":"M\u00f6gliche Alternativen f\u00fcr Chrom","og_description":"Every year, more than 100.000 people die in the EU from cancer caused by carcinogens at work. This must STOP!","og_url":"https:\/\/stopcarcinogensatwork.eu\/de\/allgemein\/ueber-die-roadmap-on-carcinogens\/herausforderungen\/moegliche-alternativen-fuer-chrom\/","og_site_name":"STOP carcinogens at work","article_modified_time":"2025-01-21T14:44:08+00:00","twitter_card":"summary_large_image","twitter_misc":{"Gesch\u00e4tzte Lesezeit":"1\u00a0Minute"},"schema":{"@context":"https:\/\/schema.org","@graph":[{"@type":"WebPage","@id":"https:\/\/stopcarcinogensatwork.eu\/de\/allgemein\/ueber-die-roadmap-on-carcinogens\/herausforderungen\/moegliche-alternativen-fuer-chrom\/","url":"https:\/\/stopcarcinogensatwork.eu\/de\/allgemein\/ueber-die-roadmap-on-carcinogens\/herausforderungen\/moegliche-alternativen-fuer-chrom\/","name":"M\u00f6gliche Alternativen f\u00fcr Chrom - STOP carcinogens at work","isPartOf":{"@id":"https:\/\/stopcarcinogensatwork.eu\/de\/#website"},"datePublished":"2024-12-30T09:48:30+00:00","dateModified":"2025-01-21T14:44:08+00:00","description":"Every year, more than 100.000 people die in the EU from cancer caused by carcinogens at work. This must STOP!","breadcrumb":{"@id":"https:\/\/stopcarcinogensatwork.eu\/de\/allgemein\/ueber-die-roadmap-on-carcinogens\/herausforderungen\/moegliche-alternativen-fuer-chrom\/#breadcrumb"},"inLanguage":"de","potentialAction":[{"@type":"ReadAction","target":["https:\/\/stopcarcinogensatwork.eu\/de\/allgemein\/ueber-die-roadmap-on-carcinogens\/herausforderungen\/moegliche-alternativen-fuer-chrom\/"]}]},{"@type":"BreadcrumbList","@id":"https:\/\/stopcarcinogensatwork.eu\/de\/allgemein\/ueber-die-roadmap-on-carcinogens\/herausforderungen\/moegliche-alternativen-fuer-chrom\/#breadcrumb","itemListElement":[{"@type":"ListItem","position":1,"name":"Home","item":"https:\/\/stopcarcinogensatwork.eu\/de\/homepage-old\/"},{"@type":"ListItem","position":2,"name":"Allgemein","item":"https:\/\/stopcarcinogensatwork.eu\/de\/allgemein\/"},{"@type":"ListItem","position":3,"name":"\u00dcber die Roadmap on Carcinogens","item":"https:\/\/stopcarcinogensatwork.eu\/de\/allgemein\/ueber-die-roadmap-on-carcinogens\/"},{"@type":"ListItem","position":4,"name":"Herausforderungen","item":"https:\/\/stopcarcinogensatwork.eu\/de\/general\/about-us\/challenges\/"},{"@type":"ListItem","position":5,"name":"M\u00f6gliche Alternativen f\u00fcr Chrom"}]},{"@type":"WebSite","@id":"https:\/\/stopcarcinogensatwork.eu\/de\/#website","url":"https:\/\/stopcarcinogensatwork.eu\/de\/","name":"STOP Carcinogens at work","description":"Every year, about 100.000 people die from cancer that was caused by exposure to carcinogens at work in Europe.","publisher":{"@id":"https:\/\/stopcarcinogensatwork.eu\/de\/#organization"},"alternateName":"Roadmap on Carcinogens","potentialAction":[{"@type":"SearchAction","target":{"@type":"EntryPoint","urlTemplate":"https:\/\/stopcarcinogensatwork.eu\/de\/?s={search_term_string}"},"query-input":{"@type":"PropertyValueSpecification","valueRequired":true,"valueName":"search_term_string"}}],"inLanguage":"de"},{"@type":"Organization","@id":"https:\/\/stopcarcinogensatwork.eu\/de\/#organization","name":"TNO","alternateName":"This is a European wide voluntary action scheme","url":"https:\/\/stopcarcinogensatwork.eu\/de\/","logo":{"@type":"ImageObject","inLanguage":"de","@id":"https:\/\/stopcarcinogensatwork.eu\/de\/#\/schema\/logo\/image\/","url":"https:\/\/stopcarcinogensatwork.eu\/wp-content\/uploads\/2024\/08\/cropped-FavLarge-1.png","contentUrl":"https:\/\/stopcarcinogensatwork.eu\/wp-content\/uploads\/2024\/08\/cropped-FavLarge-1.png","width":512,"height":512,"caption":"TNO"},"image":{"@id":"https:\/\/stopcarcinogensatwork.eu\/de\/#\/schema\/logo\/image\/"},"publishingPrinciples":"https:\/\/stopcarcinogensatwork.eu\/homepage\/legal\/","ownershipFundingInfo":"https:\/\/stopcarcinogensatwork.eu\/general\/about-us\/"}]}},"_links":{"self":[{"href":"https:\/\/stopcarcinogensatwork.eu\/de\/wp-json\/wp\/v2\/pages\/41764","targetHints":{"allow":["GET"]}}],"collection":[{"href":"https:\/\/stopcarcinogensatwork.eu\/de\/wp-json\/wp\/v2\/pages"}],"about":[{"href":"https:\/\/stopcarcinogensatwork.eu\/de\/wp-json\/wp\/v2\/types\/page"}],"author":[{"embeddable":true,"href":"https:\/\/stopcarcinogensatwork.eu\/de\/wp-json\/wp\/v2\/users\/1"}],"replies":[{"embeddable":true,"href":"https:\/\/stopcarcinogensatwork.eu\/de\/wp-json\/wp\/v2\/comments?post=41764"}],"version-history":[{"count":0,"href":"https:\/\/stopcarcinogensatwork.eu\/de\/wp-json\/wp\/v2\/pages\/41764\/revisions"}],"up":[{"embeddable":true,"href":"https:\/\/stopcarcinogensatwork.eu\/de\/wp-json\/wp\/v2\/pages\/22733"}],"wp:attachment":[{"href":"https:\/\/stopcarcinogensatwork.eu\/de\/wp-json\/wp\/v2\/media?parent=41764"}],"curies":[{"name":"wp","href":"https:\/\/api.w.org\/{rel}","templated":true}]}}