{"id":55412,"date":"2024-02-05T13:42:42","date_gmt":"2024-02-05T13:42:42","guid":{"rendered":"https:\/\/stopcarcinogensatwork.eu\/allgemein\/ueber-die-roadmap-on-carcinogens\/"},"modified":"2025-12-10T11:53:55","modified_gmt":"2025-12-10T11:53:55","slug":"ueber-die-roadmap-on-carcinogens","status":"publish","type":"page","link":"https:\/\/stopcarcinogensatwork.eu\/de\/allgemein\/ueber-die-roadmap-on-carcinogens\/","title":{"rendered":"\u00dcber die Roadmap on Carcinogens"},"content":{"rendered":"<blockquote><p>Diese Website ist eine Initiative der Roadmap on Carcinogens: Ein europaweites freiwilliges Aktionsprogramm zur Bek\u00e4mpfung von berufsbedingtem Krebs. Die folgenden Partner<a href=\"https:\/\/stopcarcinogensatwork.eu\/de\/start-der-roadmap-on-carcinogens-3-0\/\">(haben sich verpflichtet<\/a>), aktiv zu werden und die F\u00fchrung in diesem Programm zu \u00fcbernehmen, um die Exposition gegen\u00fcber Karzinogenen am Arbeitsplatz zu verhindern: <\/p>\n<p><img fetchpriority=\"high\" decoding=\"async\" class=\"alignnone size-full wp-image-92758\" src=\"https:\/\/stopcarcinogensatwork.eu\/wp-content\/uploads\/2025\/11\/partners.jpg\" alt=\"\" width=\"2560\" height=\"967\" srcset=\"https:\/\/stopcarcinogensatwork.eu\/wp-content\/uploads\/2025\/11\/partners.jpg 2560w, https:\/\/stopcarcinogensatwork.eu\/wp-content\/uploads\/2025\/11\/partners-300x113.jpg 300w, https:\/\/stopcarcinogensatwork.eu\/wp-content\/uploads\/2025\/11\/partners-768x290.jpg 768w, https:\/\/stopcarcinogensatwork.eu\/wp-content\/uploads\/2025\/11\/partners-1536x580.jpg 1536w, https:\/\/stopcarcinogensatwork.eu\/wp-content\/uploads\/2025\/11\/partners-2048x774.jpg 2048w\" sizes=\"(max-width: 2560px) 100vw, 2560px\" \/><\/p><\/blockquote>\n<ul>\n<li><a href=\"https:\/\/www.bma.gv.at\/en.html\" target=\"_blank\" rel=\"noopener\">\u00d6sterreich: Bundesministerium f\u00fcr Arbeit, Soziales, Gesundheit, Pflege und Konsumentenschutz<\/a><\/li>\n<li><a href=\"https:\/\/employment.belgium.be\/en\/themes\" target=\"_blank\" rel=\"noopener\">Belgien: F\u00f6deraler \u00f6ffentlicher Dienst Besch\u00e4ftigung, Arbeit und sozialer Dialog<\/a><\/li>\n<li><a href=\"https:\/\/stm.fi\/en\/frontpage\" target=\"_blank\" rel=\"noopener\">Finnland: Ministerium f\u00fcr soziale Angelegenheiten und Gesundheit<\/a><\/li>\n<li><a href=\"https:\/\/travail-emploi.gouv.fr\/\" target=\"_blank\" rel=\"noopener\">Frankreich: Ministerium f\u00fcr Arbeit, Gesundheit und Solidarit\u00e4t<\/a><\/li>\n<li><a href=\"https:\/\/www.bmas.de\/EN\/Home\/home.html\" target=\"_blank\" rel=\"noopener\">Deutschland: Bundesministerium f\u00fcr Arbeit und Soziales<\/a><\/li>\n<li><a href=\"http:\/\/hsa.ie\/\" target=\"_blank\" rel=\"noopener\">Irland: Beh\u00f6rde f\u00fcr Gesundheit und Sicherheit<\/a><\/li>\n<li><a href=\"https:\/\/www.government.nl\/ministries\/ministry-of-social-affairs-and-employment\" target=\"_blank\" rel=\"noopener\">Niederlande: Ministerium f\u00fcr soziale Angelegenheiten und Besch\u00e4ftigung<\/a><\/li>\n<li><a href=\"https:\/\/stami.no\/en\/\" target=\"_blank\" rel=\"noopener\">Norwegen: Norwegisches Nationales Institut f\u00fcr Gesundheit am Arbeitsplatz (STAMI)<\/a><\/li>\n<li><a href=\"https:\/\/portal.act.gov.pt\/Pages\/Home.aspx\" target=\"_blank\" rel=\"noopener\">Portugal: Beh\u00f6rde f\u00fcr Arbeitsbedingungen<\/a><\/li>\n<li><a href=\"https:\/\/www.gov.si\/en\/state-authorities\/ministries\/ministry-of-labour-family-social-affairs-and-equal-opportunities\/\" target=\"_blank\" rel=\"noopener\">Slowenien: Ministerium f\u00fcr Arbeit, Familie, soziale Angelegenheiten und Chancengleichheit<\/a><\/li>\n<li><a href=\"https:\/\/www.mites.gob.es\/en\/\" target=\"_blank\" rel=\"noopener\">Spanien: Spanisches Ministerium f\u00fcr Arbeit und Sozialwirtschaft<\/a><\/li>\n<li><a href=\"https:\/\/www.businesseurope.eu\/\" target=\"_blank\" rel=\"noopener\">BusinessEurope (Europ\u00e4ische Arbeitgeber)<\/a><\/li>\n<li><a href=\"https:\/\/www.etuc.org\/\" target=\"_blank\" rel=\"noopener\">Europ\u00e4ischer Gewerkschaftsbund - EGB (europ\u00e4ische Besch\u00e4ftigte)<\/a><\/li>\n<li><a href=\"https:\/\/osha.europa.eu\/en\/themes\/dangerous-substances\/roadmap-to-carcinogens\" target=\"_blank\" rel=\"noopener\">Europ\u00e4ische Agentur f\u00fcr Sicherheit und Gesundheitsschutz am Arbeitsplatz - EU-OSHA<\/a><\/li>\n<li><a href=\"https:\/\/echa.europa.eu\/\" target=\"_blank\" rel=\"noopener\">Europ\u00e4ische Chemikalienagentur - ECHA<\/a><\/li>\n<li><a href=\"https:\/\/ec.europa.eu\/info\/departments\/employment-social-affairs-and-inclusion_en\" target=\"_blank\" rel=\"noopener\">Die Europ\u00e4ische Kommission<\/a><\/li>\n<\/ul>\n<p>&nbsp;<\/p>\n<p>Dar\u00fcber hinaus unterst\u00fctzen bereits viele Freunde (Unternehmen und Organisationen) die Roadmap on Carcinogens, indem sie unsere Botschaft teilen. Werden Sie ein Freund, indem Sie <a href=\"https:\/\/laposta.nl\/f\/ss69p5fpqabo\" target=\"_blank\" rel=\"noopener\">sich f\u00fcr den Newsletter anmelden<\/a>. <\/p>\n<h2>Die Bedeutung unserer Reise<\/h2>\n<p>Jedes Jahr wird bei etwa 120.000 Menschen in der EU Krebs aufgrund der Exposition gegen\u00fcber kanzerogenen Stoffen bei der Arbeit diagnostiziert. Und etwa 100.000 Menschen sterben an berufsbedingtem Krebs. Und es ist wichtig zu erkennen, dass dies unn\u00f6tig ist! Es liegt an der Art und Weise, wie wir arbeiten, an den Entscheidungen, die wir treffen. Die gute Nachricht ist also, dass wir etwas dagegen tun k\u00f6nnen. Vorbeugung ist hier das Schl\u00fcsselwort. Wir m\u00fcssen sicherstellen, dass wir keinen kanzerogenen Stoffen ausgesetzt sind.     <\/p>\n<p>Die Roadmap on Carcinogens soll europ\u00e4ischen Unternehmen und besch\u00e4ftigten Personen helfen, Ma\u00dfnahmen zu ergreifen:<\/p>\n<ul>\n<li><strong>Bewusstseinsbildung:<\/strong> Information von Unternehmen und Besch\u00e4ftigten \u00fcber die Risiken der Exposition gegen\u00fcber kanzerogenen Stoffen und die Notwendigkeit von Pr\u00e4ventivma\u00dfnahmen sowie Darstellung von Fakten.<\/li>\n<li><strong>Hilfe leisten:<\/strong> L\u00f6sungen und Hilfsmittel f\u00fcr Unternehmen und Besch\u00e4ftigte anbieten, um die Exposition gegen\u00fcber kanzerogenen Stoffen am Arbeitsplatz zu vermeiden und deren Auswirkungen auf die Belegschaft zu minimieren.<\/li>\n<\/ul>\n<h2>Die aktuelle Roadmap sieht Aktivit\u00e4ten bis Ende 2027 vor.<\/h2>\n<p>W\u00e4hrend der 2. Phase der Roadmap von 2020-2024 haben wir 12 Herausforderungen durchgef\u00fchrt. Die Ergebnisse wurden oder werden in die Website integriert.   <strong><a href=\"https:\/\/stopcarcinogensatwork.eu\/de\/allgemein\/ueber-die-roadmap-on-carcinogens\/herausforderungen\/\">Weitere Informationen zu diesen Projekten finden Sie hier.<\/a><\/strong><\/p>\n<p>Sie k\u00f6nnen jetzt auch unsere neue Strategie f\u00fcr <a href=\"https:\/\/stopcarcinogensatwork.eu\/wp-content\/uploads\/2025\/05\/RoC3.0_Strategy_final.pdf\">RoC3.0 im Zeitraum 2025-2027 hier einsehen .<\/a><\/p>\n<h2>Wir verwenden ein KI-gest\u00fctztes \u00dcbersetzungstool f\u00fcr unsere Website<\/h2>\n<p>Wir verwenden ein KI-gest\u00fctztes \u00dcbersetzungstool f\u00fcr unsere Website, das von Muttersprachlern \u00fcberpr\u00fcft und bei Ungenauigkeiten korrigiert wird. Dieser Ansatz gew\u00e4hrleistet sowohl Effizienz als auch Qualit\u00e4t, da das KI-System im Laufe der Zeit kontinuierlich verbessert wird. Wir sind davon \u00fcberzeugt, dass diese Methode der effektivste und kosteng\u00fcnstigste Weg ist, um unsere Website in mehreren Sprachen zug\u00e4nglich zu machen und so ein breiteres Publikum von Einzelpersonen und Organisationen zu erreichen. Wenn Sie Feedback oder Vorschl\u00e4ge zu unserem \u00dcbersetzungsprozess haben, w\u00fcrden wir uns freuen, von Ihnen zu h\u00f6ren. Bitte teilen Sie uns Ihre Gedanken per E-Mail mit.    <\/p>\n<h2>Fragen und Bemerkungen<\/h2>\n<p>Wenn Sie weitere Informationen w\u00fcnschen oder Fragen haben, wenden Sie sich bitte an uns:  <a href=\"mailto:info@stopcarcinogensatwork.eu\">info@stopcarcinogensatwork.eu<\/a><\/p>\n<p>&nbsp;<\/p>\n","protected":false},"excerpt":{"rendered":"<p>Diese Website ist eine Initiative der Roadmap on Carcinogens: Ein europaweites freiwilliges Aktionsprogramm zur Bek\u00e4mpfung von berufsbedingtem Krebs. Die folgenden Partner(haben sich verpflichtet), aktiv zu werden und die F\u00fchrung in diesem Programm zu \u00fcbernehmen, um die Exposition gegen\u00fcber Karzinogenen am Arbeitsplatz zu verhindern: \u00d6sterreich: Bundesministerium f\u00fcr Arbeit, Soziales, Gesundheit, Pflege und Konsumentenschutz Belgien: F\u00f6deraler \u00f6ffentlicher [&hellip;]<\/p>\n","protected":false},"author":1,"featured_media":0,"parent":22718,"menu_order":0,"comment_status":"closed","ping_status":"closed","template":"","meta":{"inline_featured_image":false,"footnotes":""},"class_list":["post-55412","page","type-page","status-publish","hentry"],"yoast_head":"<!-- This site is optimized with the Yoast SEO Premium plugin v27.0 (Yoast SEO v27.4) - https:\/\/yoast.com\/product\/yoast-seo-premium-wordpress\/ -->\n<title>\u00dcber die Roadmap on Carcinogens - STOP carcinogens at work<\/title>\n<meta name=\"description\" content=\"Bei dieser Website handelt es sich um ein freiwilliges Aktionsprogramm der EU, um Besch\u00e4ftigte vor der Exposition gegen\u00fcber kanzerogenen Stoffen am Arbeitsplatz zu sch\u00fctzen.\" \/>\n<meta name=\"robots\" content=\"index, follow, max-snippet:-1, max-image-preview:large, max-video-preview:-1\" \/>\n<link rel=\"canonical\" href=\"https:\/\/stopcarcinogensatwork.eu\/de\/allgemein\/ueber-die-roadmap-on-carcinogens\/\" \/>\n<meta property=\"og:locale\" content=\"de_DE\" \/>\n<meta property=\"og:type\" content=\"article\" \/>\n<meta property=\"og:title\" content=\"\u00dcber die Roadmap on Carcinogens\" \/>\n<meta property=\"og:description\" content=\"Bei dieser Website handelt es sich um ein freiwilliges Aktionsprogramm der EU, um Besch\u00e4ftigte vor der Exposition gegen\u00fcber kanzerogenen Stoffen am Arbeitsplatz zu sch\u00fctzen.\" \/>\n<meta property=\"og:url\" content=\"https:\/\/stopcarcinogensatwork.eu\/de\/allgemein\/ueber-die-roadmap-on-carcinogens\/\" \/>\n<meta property=\"og:site_name\" content=\"STOP carcinogens at work\" \/>\n<meta property=\"article:modified_time\" content=\"2025-12-10T11:53:55+00:00\" \/>\n<meta property=\"og:image\" content=\"https:\/\/stopcarcinogensatwork.eu\/wp-content\/uploads\/2025\/11\/partners.jpg\" \/>\n\t<meta property=\"og:image:width\" content=\"2560\" \/>\n\t<meta property=\"og:image:height\" content=\"967\" \/>\n\t<meta property=\"og:image:type\" content=\"image\/jpeg\" \/>\n<meta name=\"twitter:card\" content=\"summary_large_image\" \/>\n<meta name=\"twitter:label1\" content=\"Gesch\u00e4tzte Lesezeit\" \/>\n\t<meta name=\"twitter:data1\" content=\"3\u00a0Minute\" \/>\n<script type=\"application\/ld+json\" class=\"yoast-schema-graph\">{\"@context\":\"https:\\\/\\\/schema.org\",\"@graph\":[{\"@type\":\"WebPage\",\"@id\":\"https:\\\/\\\/stopcarcinogensatwork.eu\\\/de\\\/allgemein\\\/ueber-die-roadmap-on-carcinogens\\\/\",\"url\":\"https:\\\/\\\/stopcarcinogensatwork.eu\\\/de\\\/allgemein\\\/ueber-die-roadmap-on-carcinogens\\\/\",\"name\":\"\u00dcber die Roadmap on Carcinogens - STOP carcinogens at work\",\"isPartOf\":{\"@id\":\"https:\\\/\\\/stopcarcinogensatwork.eu\\\/de\\\/#website\"},\"primaryImageOfPage\":{\"@id\":\"https:\\\/\\\/stopcarcinogensatwork.eu\\\/de\\\/allgemein\\\/ueber-die-roadmap-on-carcinogens\\\/#primaryimage\"},\"image\":{\"@id\":\"https:\\\/\\\/stopcarcinogensatwork.eu\\\/de\\\/allgemein\\\/ueber-die-roadmap-on-carcinogens\\\/#primaryimage\"},\"thumbnailUrl\":\"https:\\\/\\\/stopcarcinogensatwork.eu\\\/wp-content\\\/uploads\\\/2025\\\/11\\\/partners.jpg\",\"datePublished\":\"2024-02-05T13:42:42+00:00\",\"dateModified\":\"2025-12-10T11:53:55+00:00\",\"description\":\"Bei dieser Website handelt es sich um ein freiwilliges Aktionsprogramm der EU, um Besch\u00e4ftigte vor der Exposition gegen\u00fcber kanzerogenen Stoffen am Arbeitsplatz zu sch\u00fctzen.\",\"breadcrumb\":{\"@id\":\"https:\\\/\\\/stopcarcinogensatwork.eu\\\/de\\\/allgemein\\\/ueber-die-roadmap-on-carcinogens\\\/#breadcrumb\"},\"inLanguage\":\"de\",\"potentialAction\":[{\"@type\":\"ReadAction\",\"target\":[\"https:\\\/\\\/stopcarcinogensatwork.eu\\\/de\\\/allgemein\\\/ueber-die-roadmap-on-carcinogens\\\/\"]}]},{\"@type\":\"ImageObject\",\"inLanguage\":\"de\",\"@id\":\"https:\\\/\\\/stopcarcinogensatwork.eu\\\/de\\\/allgemein\\\/ueber-die-roadmap-on-carcinogens\\\/#primaryimage\",\"url\":\"https:\\\/\\\/stopcarcinogensatwork.eu\\\/wp-content\\\/uploads\\\/2025\\\/11\\\/partners.jpg\",\"contentUrl\":\"https:\\\/\\\/stopcarcinogensatwork.eu\\\/wp-content\\\/uploads\\\/2025\\\/11\\\/partners.jpg\"},{\"@type\":\"BreadcrumbList\",\"@id\":\"https:\\\/\\\/stopcarcinogensatwork.eu\\\/de\\\/allgemein\\\/ueber-die-roadmap-on-carcinogens\\\/#breadcrumb\",\"itemListElement\":[{\"@type\":\"ListItem\",\"position\":1,\"name\":\"Home\",\"item\":\"https:\\\/\\\/stopcarcinogensatwork.eu\\\/de\\\/homepage-old\\\/\"},{\"@type\":\"ListItem\",\"position\":2,\"name\":\"Allgemein\",\"item\":\"https:\\\/\\\/stopcarcinogensatwork.eu\\\/de\\\/allgemein\\\/\"},{\"@type\":\"ListItem\",\"position\":3,\"name\":\"\u00dcber die Roadmap on Carcinogens\"}]},{\"@type\":\"WebSite\",\"@id\":\"https:\\\/\\\/stopcarcinogensatwork.eu\\\/de\\\/#website\",\"url\":\"https:\\\/\\\/stopcarcinogensatwork.eu\\\/de\\\/\",\"name\":\"STOP Carcinogens at work\",\"description\":\"Every year, about 100.000 people die from cancer that was caused by exposure to carcinogens at work in Europe.\",\"publisher\":{\"@id\":\"https:\\\/\\\/stopcarcinogensatwork.eu\\\/de\\\/#organization\"},\"alternateName\":\"Roadmap on Carcinogens\",\"potentialAction\":[{\"@type\":\"SearchAction\",\"target\":{\"@type\":\"EntryPoint\",\"urlTemplate\":\"https:\\\/\\\/stopcarcinogensatwork.eu\\\/de\\\/?s={search_term_string}\"},\"query-input\":{\"@type\":\"PropertyValueSpecification\",\"valueRequired\":true,\"valueName\":\"search_term_string\"}}],\"inLanguage\":\"de\"},{\"@type\":\"Organization\",\"@id\":\"https:\\\/\\\/stopcarcinogensatwork.eu\\\/de\\\/#organization\",\"name\":\"TNO\",\"alternateName\":\"This is a European wide voluntary action scheme\",\"url\":\"https:\\\/\\\/stopcarcinogensatwork.eu\\\/de\\\/\",\"logo\":{\"@type\":\"ImageObject\",\"inLanguage\":\"de\",\"@id\":\"https:\\\/\\\/stopcarcinogensatwork.eu\\\/de\\\/#\\\/schema\\\/logo\\\/image\\\/\",\"url\":\"https:\\\/\\\/stopcarcinogensatwork.eu\\\/wp-content\\\/uploads\\\/2024\\\/08\\\/cropped-FavLarge-1.png\",\"contentUrl\":\"https:\\\/\\\/stopcarcinogensatwork.eu\\\/wp-content\\\/uploads\\\/2024\\\/08\\\/cropped-FavLarge-1.png\",\"width\":512,\"height\":512,\"caption\":\"TNO\"},\"image\":{\"@id\":\"https:\\\/\\\/stopcarcinogensatwork.eu\\\/de\\\/#\\\/schema\\\/logo\\\/image\\\/\"},\"publishingPrinciples\":\"https:\\\/\\\/stopcarcinogensatwork.eu\\\/homepage\\\/legal\\\/\",\"ownershipFundingInfo\":\"https:\\\/\\\/stopcarcinogensatwork.eu\\\/general\\\/about-us\\\/\"}]}<\/script>\n<!-- \/ Yoast SEO Premium plugin. -->","yoast_head_json":{"title":"\u00dcber die Roadmap on Carcinogens - STOP carcinogens at work","description":"Bei dieser Website handelt es sich um ein freiwilliges Aktionsprogramm der EU, um Besch\u00e4ftigte vor der Exposition gegen\u00fcber kanzerogenen Stoffen am Arbeitsplatz zu sch\u00fctzen.","robots":{"index":"index","follow":"follow","max-snippet":"max-snippet:-1","max-image-preview":"max-image-preview:large","max-video-preview":"max-video-preview:-1"},"canonical":"https:\/\/stopcarcinogensatwork.eu\/de\/allgemein\/ueber-die-roadmap-on-carcinogens\/","og_locale":"de_DE","og_type":"article","og_title":"\u00dcber die Roadmap on Carcinogens","og_description":"Bei dieser Website handelt es sich um ein freiwilliges Aktionsprogramm der EU, um Besch\u00e4ftigte vor der Exposition gegen\u00fcber kanzerogenen Stoffen am Arbeitsplatz zu sch\u00fctzen.","og_url":"https:\/\/stopcarcinogensatwork.eu\/de\/allgemein\/ueber-die-roadmap-on-carcinogens\/","og_site_name":"STOP carcinogens at work","article_modified_time":"2025-12-10T11:53:55+00:00","og_image":[{"width":2560,"height":967,"url":"https:\/\/stopcarcinogensatwork.eu\/wp-content\/uploads\/2025\/11\/partners.jpg","type":"image\/jpeg"}],"twitter_card":"summary_large_image","twitter_misc":{"Gesch\u00e4tzte Lesezeit":"3\u00a0Minute"},"schema":{"@context":"https:\/\/schema.org","@graph":[{"@type":"WebPage","@id":"https:\/\/stopcarcinogensatwork.eu\/de\/allgemein\/ueber-die-roadmap-on-carcinogens\/","url":"https:\/\/stopcarcinogensatwork.eu\/de\/allgemein\/ueber-die-roadmap-on-carcinogens\/","name":"\u00dcber die Roadmap on Carcinogens - STOP carcinogens at work","isPartOf":{"@id":"https:\/\/stopcarcinogensatwork.eu\/de\/#website"},"primaryImageOfPage":{"@id":"https:\/\/stopcarcinogensatwork.eu\/de\/allgemein\/ueber-die-roadmap-on-carcinogens\/#primaryimage"},"image":{"@id":"https:\/\/stopcarcinogensatwork.eu\/de\/allgemein\/ueber-die-roadmap-on-carcinogens\/#primaryimage"},"thumbnailUrl":"https:\/\/stopcarcinogensatwork.eu\/wp-content\/uploads\/2025\/11\/partners.jpg","datePublished":"2024-02-05T13:42:42+00:00","dateModified":"2025-12-10T11:53:55+00:00","description":"Bei dieser Website handelt es sich um ein freiwilliges Aktionsprogramm der EU, um Besch\u00e4ftigte vor der Exposition gegen\u00fcber kanzerogenen Stoffen am Arbeitsplatz zu sch\u00fctzen.","breadcrumb":{"@id":"https:\/\/stopcarcinogensatwork.eu\/de\/allgemein\/ueber-die-roadmap-on-carcinogens\/#breadcrumb"},"inLanguage":"de","potentialAction":[{"@type":"ReadAction","target":["https:\/\/stopcarcinogensatwork.eu\/de\/allgemein\/ueber-die-roadmap-on-carcinogens\/"]}]},{"@type":"ImageObject","inLanguage":"de","@id":"https:\/\/stopcarcinogensatwork.eu\/de\/allgemein\/ueber-die-roadmap-on-carcinogens\/#primaryimage","url":"https:\/\/stopcarcinogensatwork.eu\/wp-content\/uploads\/2025\/11\/partners.jpg","contentUrl":"https:\/\/stopcarcinogensatwork.eu\/wp-content\/uploads\/2025\/11\/partners.jpg"},{"@type":"BreadcrumbList","@id":"https:\/\/stopcarcinogensatwork.eu\/de\/allgemein\/ueber-die-roadmap-on-carcinogens\/#breadcrumb","itemListElement":[{"@type":"ListItem","position":1,"name":"Home","item":"https:\/\/stopcarcinogensatwork.eu\/de\/homepage-old\/"},{"@type":"ListItem","position":2,"name":"Allgemein","item":"https:\/\/stopcarcinogensatwork.eu\/de\/allgemein\/"},{"@type":"ListItem","position":3,"name":"\u00dcber die Roadmap on Carcinogens"}]},{"@type":"WebSite","@id":"https:\/\/stopcarcinogensatwork.eu\/de\/#website","url":"https:\/\/stopcarcinogensatwork.eu\/de\/","name":"STOP Carcinogens at work","description":"Every year, about 100.000 people die from cancer that was caused by exposure to carcinogens at work in Europe.","publisher":{"@id":"https:\/\/stopcarcinogensatwork.eu\/de\/#organization"},"alternateName":"Roadmap on Carcinogens","potentialAction":[{"@type":"SearchAction","target":{"@type":"EntryPoint","urlTemplate":"https:\/\/stopcarcinogensatwork.eu\/de\/?s={search_term_string}"},"query-input":{"@type":"PropertyValueSpecification","valueRequired":true,"valueName":"search_term_string"}}],"inLanguage":"de"},{"@type":"Organization","@id":"https:\/\/stopcarcinogensatwork.eu\/de\/#organization","name":"TNO","alternateName":"This is a European wide voluntary action scheme","url":"https:\/\/stopcarcinogensatwork.eu\/de\/","logo":{"@type":"ImageObject","inLanguage":"de","@id":"https:\/\/stopcarcinogensatwork.eu\/de\/#\/schema\/logo\/image\/","url":"https:\/\/stopcarcinogensatwork.eu\/wp-content\/uploads\/2024\/08\/cropped-FavLarge-1.png","contentUrl":"https:\/\/stopcarcinogensatwork.eu\/wp-content\/uploads\/2024\/08\/cropped-FavLarge-1.png","width":512,"height":512,"caption":"TNO"},"image":{"@id":"https:\/\/stopcarcinogensatwork.eu\/de\/#\/schema\/logo\/image\/"},"publishingPrinciples":"https:\/\/stopcarcinogensatwork.eu\/homepage\/legal\/","ownershipFundingInfo":"https:\/\/stopcarcinogensatwork.eu\/general\/about-us\/"}]}},"_links":{"self":[{"href":"https:\/\/stopcarcinogensatwork.eu\/de\/wp-json\/wp\/v2\/pages\/55412","targetHints":{"allow":["GET"]}}],"collection":[{"href":"https:\/\/stopcarcinogensatwork.eu\/de\/wp-json\/wp\/v2\/pages"}],"about":[{"href":"https:\/\/stopcarcinogensatwork.eu\/de\/wp-json\/wp\/v2\/types\/page"}],"author":[{"embeddable":true,"href":"https:\/\/stopcarcinogensatwork.eu\/de\/wp-json\/wp\/v2\/users\/1"}],"replies":[{"embeddable":true,"href":"https:\/\/stopcarcinogensatwork.eu\/de\/wp-json\/wp\/v2\/comments?post=55412"}],"version-history":[{"count":0,"href":"https:\/\/stopcarcinogensatwork.eu\/de\/wp-json\/wp\/v2\/pages\/55412\/revisions"}],"up":[{"embeddable":true,"href":"https:\/\/stopcarcinogensatwork.eu\/de\/wp-json\/wp\/v2\/pages\/22718"}],"wp:attachment":[{"href":"https:\/\/stopcarcinogensatwork.eu\/de\/wp-json\/wp\/v2\/media?parent=55412"}],"curies":[{"name":"wp","href":"https:\/\/api.w.org\/{rel}","templated":true}]}}