{"id":56742,"date":"2023-08-15T07:25:38","date_gmt":"2023-08-15T07:25:38","guid":{"rendered":"https:\/\/stopcarcinogensatwork.eu\/allgemein\/einfuehrung-in-kanzerogene-stoffe\/"},"modified":"2025-05-19T10:54:15","modified_gmt":"2025-05-19T10:54:15","slug":"einfuehrung-in-kanzerogene-stoffe","status":"publish","type":"page","link":"https:\/\/stopcarcinogensatwork.eu\/de\/allgemein\/einfuehrung-in-kanzerogene-stoffe\/","title":{"rendered":"Einf\u00fchrung in kanzerogene Stoffe"},"content":{"rendered":"<blockquote><p>Krebserregende Substanzen oder Kanzerogene sind krebserregende Stoffe. Ein bekanntes Beispiel ist Asbest, ein Stoff, der f\u00fcr Tausende von Opfern verantwortlich ist, die aufgrund der Exposition gegen\u00fcber Asbestpartikeln leiden und sterben. Viele andere krebserregende Stoffe sind weniger bekannt, aber beachten Sie bitte: Auch nat\u00fcrliche Produkte wie Hartholzstaub k\u00f6nnen Krebs verursachen. Vergewissern Sie sich, dass Sie wissen, womit Sie arbeiten!   <\/p><\/blockquote>\n<h2>Arten von kanzerogenen Stoffen<\/h2>\n<h3>Krebserregende Stoffe manifestieren sich in verschiedenen Formen:<\/h3>\n<ul>\n<li>Erscheinungsbild: Kanzerogene k\u00f6nnen in Produkten vorkommen, die in Unternehmen verwendet werden, darunter chemische Varianten wie bestimmte Pestizide und Industriefarben. Sie k\u00f6nnen aber auch das Ergebnis eines Prozesses sein (prozessbedingte Kanzerogene), wie Dieselabgase oder Schwei\u00dfrauche. <\/li>\n<li>Einige Kanzerogene k\u00f6nnen eingeatmet werden und beispielsweise in den Blutkreislauf und in die Organe, einschlie\u00dflich des Gehirns, gelangen. Andere k\u00f6nnen \u00fcber die Haut eindringen. Sobald die Kanzerogene in den K\u00f6rper gelangt sind, k\u00f6nnen sie die DNA der Besch\u00e4ftigten sch\u00e4digen oder die Art und Weise ver\u00e4ndern, wie die Zellen des K\u00f6rpers arbeiten und sich vermehren. Dies kann zu Krebs und anderen Gesundheitsproblemen f\u00fchren.   <\/li>\n<li>Nat\u00fcrliche Produkte: Auch Naturprodukte k\u00f6nnen bei hoher und langer Exposition Krebs verursachen, wie z. B. Hartholzstaub und Siliziumdioxid und Quarz in bestimmten Steinarten.<\/li>\n<\/ul>\n<p>In den <a href=\"https:\/\/stopcarcinogensatwork.eu\/search\/\">Merkbl\u00e4ttern<\/a> finden Sie Einzelheiten zu den verschiedenen Kanzerogenen.<\/p>\n<h2>Gesetzgebung zu Kanzerogenen Stoffen<\/h2>\n<p>Um die Besch\u00e4ftigten vor der Exposition gegen\u00fcber krebserregenden Stoffen zu sch\u00fctzen, hat die EU die Richtlinie \u00fcber <a href=\"https:\/\/osha.europa.eu\/nl\/legislation\/directive\/directive-200437ec-carcinogens-or-mutagens-work\">krebserregende, erbgutver\u00e4ndernde oder fortpflanzungsgef\u00e4hrdende Stoffe<\/a> ausgearbeitet. In dieser Richtlinie sind die folgenden Verfahren vorgeschrieben: <\/p>\n<ul>\n<li><strong>Gef\u00e4hrungsbeurteilung:<\/strong> Der Arbeitgeber muss das Risiko einer Exposition gegen\u00fcber krebserregenden, erbgutver\u00e4ndernden oder fortpflanzungsgef\u00e4hrdenden Stoffen (CMR) pr\u00fcfen und steuern. Diese \u00dcberpr\u00fcfung muss regelm\u00e4\u00dfig durchgef\u00fchrt werden. <\/li>\n<li><strong>Vorbeugende Ma\u00dfnahmen:<\/strong> Besch\u00e4ftigte sollten dem CMR nicht ausgesetzt werden. Der Arbeitgeber muss nach M\u00f6glichkeit sicherere Stoffe verwenden. Wenn die Verwendung eines geschlossenen Systems nicht m\u00f6glich ist, sollte die Exposition minimiert werden. Die Exposition darf den zul\u00e4ssigen Grenzwert einer krebserzeugenden Substanz nicht \u00fcberschreiten (lesen Sie mehr: STOP-Prinzip).   <\/li>\n<li><strong>Information und Schulung:<\/strong> Der Arbeitgeber muss eine angemessene Schulung \u00fcber die Gesundheitsrisiken, die Vermeidung von Exposition, Hygieneregeln, Schutzausr\u00fcstung und das Verhalten bei Zwischenf\u00e4llen durchf\u00fchren.<\/li>\n<li><strong>Gesundheitliche \u00dcberwachung:<\/strong> Wenn ein biologischer Grenzwert (siehe unten) festgelegt wird, sind Gesundheitskontrollen erforderlich. Die besch\u00e4ftigten Personen m\u00fcssen dar\u00fcber informiert werden, bevor sie mit der risikoreichen Aufgabe beginnen. <\/li>\n<\/ul>\n<h2>Grenzwerte f\u00fcr die Exposition am Arbeitsplatz<\/h2>\n<p>Die Regulierungsbeh\u00f6rden auf EU- und nationaler Ebene legen Grenzwerte f\u00fcr die Exposition gegen\u00fcber gef\u00e4hrlichen Stoffen, wie z. B. Kanzerogenen, fest. Diese Grenzwerte f\u00fcr die Exposition am Arbeitsplatz (Occupational Exposure Limits, OELs) sind gesetzliche Werte, die die Expositionsniveaus angeben, die f\u00fcr eine chemische Substanz in der Luft eines Arbeitsplatzes als sicher (gesundheitsbezogen) gelten. Sie dienen im Wesentlichen als Sicherheitsstandards zum Schutz der Gesundheit der besch\u00e4ftigten Arbeitnehmer. Bitte lesen Sie die <a href=\"https:\/\/stopcarcinogensatwork.eu\/search\/\">Factsheets<\/a> zur beruflichen Exposition.   <\/p>\n<p>Die Informationen auf dieser Seite stammen von den folgenden Websites:<\/p>\n<ul>\n<li><a href=\"https:\/\/osha.europa.eu\/nl\/legislation\/directive\/directive-200437ec-carcinogens-or-mutagens-work\" target=\"_blank\" rel=\"noopener\">OSHA<\/a><\/li>\n<li><a href=\"http:\/\/www.cancer.org\">www.cancer.org<\/a><\/li>\n<li><a href=\"http:\/\/www.rivm.nl\">www.rivm.nl<\/a><\/li>\n<li><a href=\"http:\/\/monographs.iarc.fr\/\">monographs.iarc.fr<\/a><\/li>\n<\/ul>\n","protected":false},"excerpt":{"rendered":"<p>Krebserregende Substanzen oder Kanzerogene sind krebserregende Stoffe. Ein bekanntes Beispiel ist Asbest, ein Stoff, der f\u00fcr Tausende von Opfern verantwortlich ist, die aufgrund der Exposition gegen\u00fcber Asbestpartikeln leiden und sterben. Viele andere krebserregende Stoffe sind weniger bekannt, aber beachten Sie bitte: Auch nat\u00fcrliche Produkte wie Hartholzstaub k\u00f6nnen Krebs verursachen. Vergewissern Sie sich, dass Sie wissen, [&hellip;]<\/p>\n","protected":false},"author":1,"featured_media":0,"parent":22718,"menu_order":0,"comment_status":"closed","ping_status":"closed","template":"","meta":{"inline_featured_image":false,"footnotes":""},"class_list":["post-56742","page","type-page","status-publish","hentry"],"yoast_head":"<!-- This site is optimized with the Yoast SEO Premium plugin v27.0 (Yoast SEO v27.3) - https:\/\/yoast.com\/product\/yoast-seo-premium-wordpress\/ -->\n<title>Einf\u00fchrung in kanzerogene Stoffe - STOP carcinogens at work<\/title>\n<meta name=\"description\" content=\"J\u00e4hrlich sterben in Europa etwa 100.000 Menschen an Krebs, der durch krebserregende Stoffe am Arbeitsplatz verursacht wurde. Vermeiden Sie die Exposition bei der Arbeit.\" \/>\n<meta name=\"robots\" content=\"index, follow, max-snippet:-1, max-image-preview:large, max-video-preview:-1\" \/>\n<link rel=\"canonical\" href=\"https:\/\/stopcarcinogensatwork.eu\/de\/allgemein\/einfuehrung-in-kanzerogene-stoffe\/\" \/>\n<meta property=\"og:locale\" content=\"de_DE\" \/>\n<meta property=\"og:type\" content=\"article\" \/>\n<meta property=\"og:title\" content=\"Einf\u00fchrung in kanzerogene Stoffe\" \/>\n<meta property=\"og:description\" content=\"J\u00e4hrlich sterben in Europa etwa 100.000 Menschen an Krebs, der durch krebserregende Stoffe am Arbeitsplatz verursacht wurde. Vermeiden Sie die Exposition bei der Arbeit.\" \/>\n<meta property=\"og:url\" content=\"https:\/\/stopcarcinogensatwork.eu\/de\/allgemein\/einfuehrung-in-kanzerogene-stoffe\/\" \/>\n<meta property=\"og:site_name\" content=\"STOP carcinogens at work\" \/>\n<meta property=\"article:modified_time\" content=\"2025-05-19T10:54:15+00:00\" \/>\n<meta name=\"twitter:card\" content=\"summary_large_image\" \/>\n<meta name=\"twitter:label1\" content=\"Gesch\u00e4tzte Lesezeit\" \/>\n\t<meta name=\"twitter:data1\" content=\"3\u00a0Minute\" \/>\n<script type=\"application\/ld+json\" class=\"yoast-schema-graph\">{\"@context\":\"https:\\\/\\\/schema.org\",\"@graph\":[{\"@type\":\"WebPage\",\"@id\":\"https:\\\/\\\/stopcarcinogensatwork.eu\\\/de\\\/allgemein\\\/einfuehrung-in-kanzerogene-stoffe\\\/\",\"url\":\"https:\\\/\\\/stopcarcinogensatwork.eu\\\/de\\\/allgemein\\\/einfuehrung-in-kanzerogene-stoffe\\\/\",\"name\":\"Einf\u00fchrung in kanzerogene Stoffe - STOP carcinogens at work\",\"isPartOf\":{\"@id\":\"https:\\\/\\\/stopcarcinogensatwork.eu\\\/de\\\/#website\"},\"datePublished\":\"2023-08-15T07:25:38+00:00\",\"dateModified\":\"2025-05-19T10:54:15+00:00\",\"description\":\"J\u00e4hrlich sterben in Europa etwa 100.000 Menschen an Krebs, der durch krebserregende Stoffe am Arbeitsplatz verursacht wurde. Vermeiden Sie die Exposition bei der Arbeit.\",\"breadcrumb\":{\"@id\":\"https:\\\/\\\/stopcarcinogensatwork.eu\\\/de\\\/allgemein\\\/einfuehrung-in-kanzerogene-stoffe\\\/#breadcrumb\"},\"inLanguage\":\"de\",\"potentialAction\":[{\"@type\":\"ReadAction\",\"target\":[\"https:\\\/\\\/stopcarcinogensatwork.eu\\\/de\\\/allgemein\\\/einfuehrung-in-kanzerogene-stoffe\\\/\"]}]},{\"@type\":\"BreadcrumbList\",\"@id\":\"https:\\\/\\\/stopcarcinogensatwork.eu\\\/de\\\/allgemein\\\/einfuehrung-in-kanzerogene-stoffe\\\/#breadcrumb\",\"itemListElement\":[{\"@type\":\"ListItem\",\"position\":1,\"name\":\"Home\",\"item\":\"https:\\\/\\\/stopcarcinogensatwork.eu\\\/de\\\/homepage-old\\\/\"},{\"@type\":\"ListItem\",\"position\":2,\"name\":\"Allgemein\",\"item\":\"https:\\\/\\\/stopcarcinogensatwork.eu\\\/de\\\/allgemein\\\/\"},{\"@type\":\"ListItem\",\"position\":3,\"name\":\"Einf\u00fchrung in kanzerogene Stoffe\"}]},{\"@type\":\"WebSite\",\"@id\":\"https:\\\/\\\/stopcarcinogensatwork.eu\\\/de\\\/#website\",\"url\":\"https:\\\/\\\/stopcarcinogensatwork.eu\\\/de\\\/\",\"name\":\"STOP Carcinogens at work\",\"description\":\"Every year, about 100.000 people die from cancer that was caused by exposure to carcinogens at work in Europe.\",\"publisher\":{\"@id\":\"https:\\\/\\\/stopcarcinogensatwork.eu\\\/de\\\/#organization\"},\"alternateName\":\"Roadmap on Carcinogens\",\"potentialAction\":[{\"@type\":\"SearchAction\",\"target\":{\"@type\":\"EntryPoint\",\"urlTemplate\":\"https:\\\/\\\/stopcarcinogensatwork.eu\\\/de\\\/?s={search_term_string}\"},\"query-input\":{\"@type\":\"PropertyValueSpecification\",\"valueRequired\":true,\"valueName\":\"search_term_string\"}}],\"inLanguage\":\"de\"},{\"@type\":\"Organization\",\"@id\":\"https:\\\/\\\/stopcarcinogensatwork.eu\\\/de\\\/#organization\",\"name\":\"TNO\",\"alternateName\":\"This is a European wide voluntary action scheme\",\"url\":\"https:\\\/\\\/stopcarcinogensatwork.eu\\\/de\\\/\",\"logo\":{\"@type\":\"ImageObject\",\"inLanguage\":\"de\",\"@id\":\"https:\\\/\\\/stopcarcinogensatwork.eu\\\/de\\\/#\\\/schema\\\/logo\\\/image\\\/\",\"url\":\"https:\\\/\\\/stopcarcinogensatwork.eu\\\/wp-content\\\/uploads\\\/2024\\\/08\\\/cropped-FavLarge-1.png\",\"contentUrl\":\"https:\\\/\\\/stopcarcinogensatwork.eu\\\/wp-content\\\/uploads\\\/2024\\\/08\\\/cropped-FavLarge-1.png\",\"width\":512,\"height\":512,\"caption\":\"TNO\"},\"image\":{\"@id\":\"https:\\\/\\\/stopcarcinogensatwork.eu\\\/de\\\/#\\\/schema\\\/logo\\\/image\\\/\"},\"publishingPrinciples\":\"https:\\\/\\\/stopcarcinogensatwork.eu\\\/homepage\\\/legal\\\/\",\"ownershipFundingInfo\":\"https:\\\/\\\/stopcarcinogensatwork.eu\\\/general\\\/about-us\\\/\"}]}<\/script>\n<!-- \/ Yoast SEO Premium plugin. -->","yoast_head_json":{"title":"Einf\u00fchrung in kanzerogene Stoffe - STOP carcinogens at work","description":"J\u00e4hrlich sterben in Europa etwa 100.000 Menschen an Krebs, der durch krebserregende Stoffe am Arbeitsplatz verursacht wurde. Vermeiden Sie die Exposition bei der Arbeit.","robots":{"index":"index","follow":"follow","max-snippet":"max-snippet:-1","max-image-preview":"max-image-preview:large","max-video-preview":"max-video-preview:-1"},"canonical":"https:\/\/stopcarcinogensatwork.eu\/de\/allgemein\/einfuehrung-in-kanzerogene-stoffe\/","og_locale":"de_DE","og_type":"article","og_title":"Einf\u00fchrung in kanzerogene Stoffe","og_description":"J\u00e4hrlich sterben in Europa etwa 100.000 Menschen an Krebs, der durch krebserregende Stoffe am Arbeitsplatz verursacht wurde. Vermeiden Sie die Exposition bei der Arbeit.","og_url":"https:\/\/stopcarcinogensatwork.eu\/de\/allgemein\/einfuehrung-in-kanzerogene-stoffe\/","og_site_name":"STOP carcinogens at work","article_modified_time":"2025-05-19T10:54:15+00:00","twitter_card":"summary_large_image","twitter_misc":{"Gesch\u00e4tzte Lesezeit":"3\u00a0Minute"},"schema":{"@context":"https:\/\/schema.org","@graph":[{"@type":"WebPage","@id":"https:\/\/stopcarcinogensatwork.eu\/de\/allgemein\/einfuehrung-in-kanzerogene-stoffe\/","url":"https:\/\/stopcarcinogensatwork.eu\/de\/allgemein\/einfuehrung-in-kanzerogene-stoffe\/","name":"Einf\u00fchrung in kanzerogene Stoffe - STOP carcinogens at work","isPartOf":{"@id":"https:\/\/stopcarcinogensatwork.eu\/de\/#website"},"datePublished":"2023-08-15T07:25:38+00:00","dateModified":"2025-05-19T10:54:15+00:00","description":"J\u00e4hrlich sterben in Europa etwa 100.000 Menschen an Krebs, der durch krebserregende Stoffe am Arbeitsplatz verursacht wurde. Vermeiden Sie die Exposition bei der Arbeit.","breadcrumb":{"@id":"https:\/\/stopcarcinogensatwork.eu\/de\/allgemein\/einfuehrung-in-kanzerogene-stoffe\/#breadcrumb"},"inLanguage":"de","potentialAction":[{"@type":"ReadAction","target":["https:\/\/stopcarcinogensatwork.eu\/de\/allgemein\/einfuehrung-in-kanzerogene-stoffe\/"]}]},{"@type":"BreadcrumbList","@id":"https:\/\/stopcarcinogensatwork.eu\/de\/allgemein\/einfuehrung-in-kanzerogene-stoffe\/#breadcrumb","itemListElement":[{"@type":"ListItem","position":1,"name":"Home","item":"https:\/\/stopcarcinogensatwork.eu\/de\/homepage-old\/"},{"@type":"ListItem","position":2,"name":"Allgemein","item":"https:\/\/stopcarcinogensatwork.eu\/de\/allgemein\/"},{"@type":"ListItem","position":3,"name":"Einf\u00fchrung in kanzerogene Stoffe"}]},{"@type":"WebSite","@id":"https:\/\/stopcarcinogensatwork.eu\/de\/#website","url":"https:\/\/stopcarcinogensatwork.eu\/de\/","name":"STOP Carcinogens at work","description":"Every year, about 100.000 people die from cancer that was caused by exposure to carcinogens at work in Europe.","publisher":{"@id":"https:\/\/stopcarcinogensatwork.eu\/de\/#organization"},"alternateName":"Roadmap on Carcinogens","potentialAction":[{"@type":"SearchAction","target":{"@type":"EntryPoint","urlTemplate":"https:\/\/stopcarcinogensatwork.eu\/de\/?s={search_term_string}"},"query-input":{"@type":"PropertyValueSpecification","valueRequired":true,"valueName":"search_term_string"}}],"inLanguage":"de"},{"@type":"Organization","@id":"https:\/\/stopcarcinogensatwork.eu\/de\/#organization","name":"TNO","alternateName":"This is a European wide voluntary action scheme","url":"https:\/\/stopcarcinogensatwork.eu\/de\/","logo":{"@type":"ImageObject","inLanguage":"de","@id":"https:\/\/stopcarcinogensatwork.eu\/de\/#\/schema\/logo\/image\/","url":"https:\/\/stopcarcinogensatwork.eu\/wp-content\/uploads\/2024\/08\/cropped-FavLarge-1.png","contentUrl":"https:\/\/stopcarcinogensatwork.eu\/wp-content\/uploads\/2024\/08\/cropped-FavLarge-1.png","width":512,"height":512,"caption":"TNO"},"image":{"@id":"https:\/\/stopcarcinogensatwork.eu\/de\/#\/schema\/logo\/image\/"},"publishingPrinciples":"https:\/\/stopcarcinogensatwork.eu\/homepage\/legal\/","ownershipFundingInfo":"https:\/\/stopcarcinogensatwork.eu\/general\/about-us\/"}]}},"_links":{"self":[{"href":"https:\/\/stopcarcinogensatwork.eu\/de\/wp-json\/wp\/v2\/pages\/56742","targetHints":{"allow":["GET"]}}],"collection":[{"href":"https:\/\/stopcarcinogensatwork.eu\/de\/wp-json\/wp\/v2\/pages"}],"about":[{"href":"https:\/\/stopcarcinogensatwork.eu\/de\/wp-json\/wp\/v2\/types\/page"}],"author":[{"embeddable":true,"href":"https:\/\/stopcarcinogensatwork.eu\/de\/wp-json\/wp\/v2\/users\/1"}],"replies":[{"embeddable":true,"href":"https:\/\/stopcarcinogensatwork.eu\/de\/wp-json\/wp\/v2\/comments?post=56742"}],"version-history":[{"count":0,"href":"https:\/\/stopcarcinogensatwork.eu\/de\/wp-json\/wp\/v2\/pages\/56742\/revisions"}],"up":[{"embeddable":true,"href":"https:\/\/stopcarcinogensatwork.eu\/de\/wp-json\/wp\/v2\/pages\/22718"}],"wp:attachment":[{"href":"https:\/\/stopcarcinogensatwork.eu\/de\/wp-json\/wp\/v2\/media?parent=56742"}],"curies":[{"name":"wp","href":"https:\/\/api.w.org\/{rel}","templated":true}]}}