{"id":92882,"date":"2025-09-01T11:06:42","date_gmt":"2025-09-01T11:06:42","guid":{"rendered":"https:\/\/stopcarcinogensatwork.eu\/allgemein\/bildung-ueber-krebserregende-stoffe-bei-der-arbeit\/"},"modified":"2025-09-01T11:06:42","modified_gmt":"2025-09-01T11:06:42","slug":"bildung-ueber-krebserregende-stoffe-bei-der-arbeit","status":"publish","type":"page","link":"https:\/\/stopcarcinogensatwork.eu\/de\/allgemein\/bildung-ueber-krebserregende-stoffe-bei-der-arbeit\/","title":{"rendered":"Bildung \u00fcber krebserregende Stoffe bei der Arbeit"},"content":{"rendered":"<blockquote><p>Es ist wichtig, Kinder und Studenten schon fr\u00fch \u00fcber krebserregende Stoffe aufzukl\u00e4ren, bereits in der Grundschule und in der Berufsausbildung. Aus diesem Grund wurden Bildungsprogramme entwickelt. <\/p><\/blockquote>\n<h2>Vorlage Lektionen zu kanzerogenen Stoffen<\/h2>\n<p>Die Unterrichtspl\u00e4ne zu kanzerogenen Stoffen wurden vom Nationalen Institut f\u00fcr Bildung in Slowenien und dem Ministerium f\u00fcr Arbeit, Familie, soziale Angelegenheiten und Chancengleichheit in Slowenien erstellt. Sie beruhen auf slowenischen Gesetzen und Erfahrungen und wurden zwischen 2023 und 2024 in mehreren Grundschulen in Slowenien getestet. Die EU-Mitgliedstaaten k\u00f6nnen diese Unterrichtspl\u00e4ne \u00fcbersetzen und an ihre eigenen Bed\u00fcrfnisse anpassen. Lehrer k\u00f6nnen auch das interaktive Spiel (siehe unten) im Unterricht f\u00fcr Sch\u00fcler der Sekundarstufe verwenden.   <\/p>\n<p>In diesen Kursen lernen die Studenten:<\/p>\n<ul>\n<li>wie Sie Piktogramme f\u00fcr gef\u00e4hrliche Stoffe erkennen k\u00f6nnen<\/li>\n<li>wie Sie sich vor gef\u00e4hrlichen Stoffen sch\u00fctzen k\u00f6nnen und wie Sie sicher mit diesen Stoffen umgehen k\u00f6nnen<\/li>\n<li>\u00fcber die langfristigen Auswirkungen von CMR-Substanzen und wie man sie verhindern kann<\/li>\n<li>\u00fcber das Sicherheitsdatenblatt, das wie ein &#8222;Personalausweis&#8220; f\u00fcr gef\u00e4hrliche Stoffe funktioniert<\/li>\n<li>\u00fcber berufsbedingten Krebs, welche Faktoren ihn verursachen k\u00f6nnen und welche Ma\u00dfnahmen die Exposition gegen\u00fcber potenziell krebserregenden Substanzen verringern k\u00f6nnen<\/li>\n<\/ul>\n<p><a href=\"https:\/\/stopcarcinogensatwork.eu\/educational\/lesson-proposal-on-carcinogens-for-students-aged-11-years-minimum-and-over\/\">Unterrichtsvorschlag zu kanzerogenen Stoffen f\u00fcr Sch\u00fcler im Alter von 11 bis 14 Jahren<\/a><br \/>\n<a href=\"https:\/\/stopcarcinogensatwork.eu\/educational\/9th-grade-of-primary-school-14-years\/\">Unterrichtsvorschlag zu kanzerogenen Stoffen f\u00fcr Sch\u00fcler ab 14 Jahren (Mindestalter)<\/a><\/p>\n<h2><strong>Interaktives Spiel<\/strong><strong><br \/>\n<\/strong><\/h2>\n<p>Um Studenten zu helfen, die Risiken von kanzerogenen Stoffen am Arbeitsplatz zu verstehen, wurde ein interaktives Spiel entwickelt.<\/p>\n<p>In dem Spiel spielen Sie einen Pr\u00e4ventionsberater. Sie m\u00fcssen unsichere Situationen mit krebserregenden Stoffen an verschiedenen Arbeitspl\u00e4tzen (einer Baustelle, einem Krankenhaus und einer Fabrik) erkennen und dem Arbeitgeber Ratschl\u00e4ge erteilen. Ein wichtiger Lernpunkt ist das <a href=\"https:\/\/stopcarcinogensatwork.eu\/de\/lernen-sie-die-grundlegenden-praeventionsstrategien-kennen\/\">STOP-Prinzip<\/a>. Dieses Prinzip zeigt die Reihenfolge der Schritte zur Vermeidung der Exposition gegen\u00fcber Gefahrstoffen.   <\/p>\n<p>Um Lehrern zu helfen, das Spiel in ihren Unterricht einzubauen, ist ein Informationspaket erh\u00e4ltlich. Darin werden mehrere Konzepte erkl\u00e4rt, die auch im Spiel vorkommen. <\/p>\n<p>Das Spiel ist auf Englisch, Niederl\u00e4ndisch und Franz\u00f6sisch verf\u00fcgbar.<\/p>\n<p><a href=\"https:\/\/stopcarcinogensatwork.eu\/de\/good-practice\/umgang-mit-den-risiken-von-karzinogenen-am-arbeitsplatz-durch-ein-lernspiel\/\">Zum interaktiven Spiel<\/a><\/p>\n","protected":false},"excerpt":{"rendered":"<p>Es ist wichtig, Kinder und Studenten schon fr\u00fch \u00fcber krebserregende Stoffe aufzukl\u00e4ren, bereits in der Grundschule und in der Berufsausbildung. Aus diesem Grund wurden Bildungsprogramme entwickelt. Vorlage Lektionen zu kanzerogenen Stoffen Die Unterrichtspl\u00e4ne zu kanzerogenen Stoffen wurden vom Nationalen Institut f\u00fcr Bildung in Slowenien und dem Ministerium f\u00fcr Arbeit, Familie, soziale Angelegenheiten und Chancengleichheit in [&hellip;]<\/p>\n","protected":false},"author":1,"featured_media":0,"parent":22718,"menu_order":0,"comment_status":"closed","ping_status":"closed","template":"","meta":{"inline_featured_image":false,"footnotes":""},"class_list":["post-92882","page","type-page","status-publish","hentry"],"yoast_head":"<!-- This site is optimized with the Yoast SEO Premium plugin v27.0 (Yoast SEO v27.3) - https:\/\/yoast.com\/product\/yoast-seo-premium-wordpress\/ -->\n<title>Bildung \u00fcber krebserregende Stoffe bei der Arbeit - STOP carcinogens at work<\/title>\n<meta name=\"description\" content=\"Es ist wichtig, Kinder und Studenten bereits in der Grundschule und in der Berufsausbildung \u00fcber krebserregende Stoffe aufzukl\u00e4ren.\" \/>\n<meta name=\"robots\" content=\"index, follow, max-snippet:-1, max-image-preview:large, max-video-preview:-1\" \/>\n<link rel=\"canonical\" href=\"https:\/\/stopcarcinogensatwork.eu\/de\/allgemein\/bildung-ueber-krebserregende-stoffe-bei-der-arbeit\/\" \/>\n<meta property=\"og:locale\" content=\"de_DE\" \/>\n<meta property=\"og:type\" content=\"article\" \/>\n<meta property=\"og:title\" content=\"Bildung \u00fcber krebserregende Stoffe bei der Arbeit\" \/>\n<meta property=\"og:description\" content=\"Es ist wichtig, Kinder und Studenten bereits in der Grundschule und in der Berufsausbildung \u00fcber krebserregende Stoffe aufzukl\u00e4ren.\" \/>\n<meta property=\"og:url\" content=\"https:\/\/stopcarcinogensatwork.eu\/de\/allgemein\/bildung-ueber-krebserregende-stoffe-bei-der-arbeit\/\" \/>\n<meta property=\"og:site_name\" content=\"STOP carcinogens at work\" \/>\n<meta name=\"twitter:card\" content=\"summary_large_image\" \/>\n<meta name=\"twitter:label1\" content=\"Gesch\u00e4tzte Lesezeit\" \/>\n\t<meta name=\"twitter:data1\" content=\"2\u00a0Minute\" \/>\n<script type=\"application\/ld+json\" class=\"yoast-schema-graph\">{\"@context\":\"https:\\\/\\\/schema.org\",\"@graph\":[{\"@type\":\"WebPage\",\"@id\":\"https:\\\/\\\/stopcarcinogensatwork.eu\\\/de\\\/allgemein\\\/bildung-ueber-krebserregende-stoffe-bei-der-arbeit\\\/\",\"url\":\"https:\\\/\\\/stopcarcinogensatwork.eu\\\/de\\\/allgemein\\\/bildung-ueber-krebserregende-stoffe-bei-der-arbeit\\\/\",\"name\":\"Bildung \u00fcber krebserregende Stoffe bei der Arbeit - STOP carcinogens at work\",\"isPartOf\":{\"@id\":\"https:\\\/\\\/stopcarcinogensatwork.eu\\\/de\\\/#website\"},\"datePublished\":\"2025-09-01T11:06:42+00:00\",\"description\":\"Es ist wichtig, Kinder und Studenten bereits in der Grundschule und in der Berufsausbildung \u00fcber krebserregende Stoffe aufzukl\u00e4ren.\",\"breadcrumb\":{\"@id\":\"https:\\\/\\\/stopcarcinogensatwork.eu\\\/de\\\/allgemein\\\/bildung-ueber-krebserregende-stoffe-bei-der-arbeit\\\/#breadcrumb\"},\"inLanguage\":\"de\",\"potentialAction\":[{\"@type\":\"ReadAction\",\"target\":[\"https:\\\/\\\/stopcarcinogensatwork.eu\\\/de\\\/allgemein\\\/bildung-ueber-krebserregende-stoffe-bei-der-arbeit\\\/\"]}]},{\"@type\":\"BreadcrumbList\",\"@id\":\"https:\\\/\\\/stopcarcinogensatwork.eu\\\/de\\\/allgemein\\\/bildung-ueber-krebserregende-stoffe-bei-der-arbeit\\\/#breadcrumb\",\"itemListElement\":[{\"@type\":\"ListItem\",\"position\":1,\"name\":\"Home\",\"item\":\"https:\\\/\\\/stopcarcinogensatwork.eu\\\/de\\\/homepage-old\\\/\"},{\"@type\":\"ListItem\",\"position\":2,\"name\":\"Allgemein\",\"item\":\"https:\\\/\\\/stopcarcinogensatwork.eu\\\/de\\\/allgemein\\\/\"},{\"@type\":\"ListItem\",\"position\":3,\"name\":\"Bildung \u00fcber krebserregende Stoffe bei der Arbeit\"}]},{\"@type\":\"WebSite\",\"@id\":\"https:\\\/\\\/stopcarcinogensatwork.eu\\\/de\\\/#website\",\"url\":\"https:\\\/\\\/stopcarcinogensatwork.eu\\\/de\\\/\",\"name\":\"STOP Carcinogens at work\",\"description\":\"Every year, about 100.000 people die from cancer that was caused by exposure to carcinogens at work in Europe.\",\"publisher\":{\"@id\":\"https:\\\/\\\/stopcarcinogensatwork.eu\\\/de\\\/#organization\"},\"alternateName\":\"Roadmap on Carcinogens\",\"potentialAction\":[{\"@type\":\"SearchAction\",\"target\":{\"@type\":\"EntryPoint\",\"urlTemplate\":\"https:\\\/\\\/stopcarcinogensatwork.eu\\\/de\\\/?s={search_term_string}\"},\"query-input\":{\"@type\":\"PropertyValueSpecification\",\"valueRequired\":true,\"valueName\":\"search_term_string\"}}],\"inLanguage\":\"de\"},{\"@type\":\"Organization\",\"@id\":\"https:\\\/\\\/stopcarcinogensatwork.eu\\\/de\\\/#organization\",\"name\":\"TNO\",\"alternateName\":\"This is a European wide voluntary action scheme\",\"url\":\"https:\\\/\\\/stopcarcinogensatwork.eu\\\/de\\\/\",\"logo\":{\"@type\":\"ImageObject\",\"inLanguage\":\"de\",\"@id\":\"https:\\\/\\\/stopcarcinogensatwork.eu\\\/de\\\/#\\\/schema\\\/logo\\\/image\\\/\",\"url\":\"https:\\\/\\\/stopcarcinogensatwork.eu\\\/wp-content\\\/uploads\\\/2024\\\/08\\\/cropped-FavLarge-1.png\",\"contentUrl\":\"https:\\\/\\\/stopcarcinogensatwork.eu\\\/wp-content\\\/uploads\\\/2024\\\/08\\\/cropped-FavLarge-1.png\",\"width\":512,\"height\":512,\"caption\":\"TNO\"},\"image\":{\"@id\":\"https:\\\/\\\/stopcarcinogensatwork.eu\\\/de\\\/#\\\/schema\\\/logo\\\/image\\\/\"},\"publishingPrinciples\":\"https:\\\/\\\/stopcarcinogensatwork.eu\\\/homepage\\\/legal\\\/\",\"ownershipFundingInfo\":\"https:\\\/\\\/stopcarcinogensatwork.eu\\\/general\\\/about-us\\\/\"}]}<\/script>\n<!-- \/ Yoast SEO Premium plugin. -->","yoast_head_json":{"title":"Bildung \u00fcber krebserregende Stoffe bei der Arbeit - STOP carcinogens at work","description":"Es ist wichtig, Kinder und Studenten bereits in der Grundschule und in der Berufsausbildung \u00fcber krebserregende Stoffe aufzukl\u00e4ren.","robots":{"index":"index","follow":"follow","max-snippet":"max-snippet:-1","max-image-preview":"max-image-preview:large","max-video-preview":"max-video-preview:-1"},"canonical":"https:\/\/stopcarcinogensatwork.eu\/de\/allgemein\/bildung-ueber-krebserregende-stoffe-bei-der-arbeit\/","og_locale":"de_DE","og_type":"article","og_title":"Bildung \u00fcber krebserregende Stoffe bei der Arbeit","og_description":"Es ist wichtig, Kinder und Studenten bereits in der Grundschule und in der Berufsausbildung \u00fcber krebserregende Stoffe aufzukl\u00e4ren.","og_url":"https:\/\/stopcarcinogensatwork.eu\/de\/allgemein\/bildung-ueber-krebserregende-stoffe-bei-der-arbeit\/","og_site_name":"STOP carcinogens at work","twitter_card":"summary_large_image","twitter_misc":{"Gesch\u00e4tzte Lesezeit":"2\u00a0Minute"},"schema":{"@context":"https:\/\/schema.org","@graph":[{"@type":"WebPage","@id":"https:\/\/stopcarcinogensatwork.eu\/de\/allgemein\/bildung-ueber-krebserregende-stoffe-bei-der-arbeit\/","url":"https:\/\/stopcarcinogensatwork.eu\/de\/allgemein\/bildung-ueber-krebserregende-stoffe-bei-der-arbeit\/","name":"Bildung \u00fcber krebserregende Stoffe bei der Arbeit - STOP carcinogens at work","isPartOf":{"@id":"https:\/\/stopcarcinogensatwork.eu\/de\/#website"},"datePublished":"2025-09-01T11:06:42+00:00","description":"Es ist wichtig, Kinder und Studenten bereits in der Grundschule und in der Berufsausbildung \u00fcber krebserregende Stoffe aufzukl\u00e4ren.","breadcrumb":{"@id":"https:\/\/stopcarcinogensatwork.eu\/de\/allgemein\/bildung-ueber-krebserregende-stoffe-bei-der-arbeit\/#breadcrumb"},"inLanguage":"de","potentialAction":[{"@type":"ReadAction","target":["https:\/\/stopcarcinogensatwork.eu\/de\/allgemein\/bildung-ueber-krebserregende-stoffe-bei-der-arbeit\/"]}]},{"@type":"BreadcrumbList","@id":"https:\/\/stopcarcinogensatwork.eu\/de\/allgemein\/bildung-ueber-krebserregende-stoffe-bei-der-arbeit\/#breadcrumb","itemListElement":[{"@type":"ListItem","position":1,"name":"Home","item":"https:\/\/stopcarcinogensatwork.eu\/de\/homepage-old\/"},{"@type":"ListItem","position":2,"name":"Allgemein","item":"https:\/\/stopcarcinogensatwork.eu\/de\/allgemein\/"},{"@type":"ListItem","position":3,"name":"Bildung \u00fcber krebserregende Stoffe bei der Arbeit"}]},{"@type":"WebSite","@id":"https:\/\/stopcarcinogensatwork.eu\/de\/#website","url":"https:\/\/stopcarcinogensatwork.eu\/de\/","name":"STOP Carcinogens at work","description":"Every year, about 100.000 people die from cancer that was caused by exposure to carcinogens at work in Europe.","publisher":{"@id":"https:\/\/stopcarcinogensatwork.eu\/de\/#organization"},"alternateName":"Roadmap on Carcinogens","potentialAction":[{"@type":"SearchAction","target":{"@type":"EntryPoint","urlTemplate":"https:\/\/stopcarcinogensatwork.eu\/de\/?s={search_term_string}"},"query-input":{"@type":"PropertyValueSpecification","valueRequired":true,"valueName":"search_term_string"}}],"inLanguage":"de"},{"@type":"Organization","@id":"https:\/\/stopcarcinogensatwork.eu\/de\/#organization","name":"TNO","alternateName":"This is a European wide voluntary action scheme","url":"https:\/\/stopcarcinogensatwork.eu\/de\/","logo":{"@type":"ImageObject","inLanguage":"de","@id":"https:\/\/stopcarcinogensatwork.eu\/de\/#\/schema\/logo\/image\/","url":"https:\/\/stopcarcinogensatwork.eu\/wp-content\/uploads\/2024\/08\/cropped-FavLarge-1.png","contentUrl":"https:\/\/stopcarcinogensatwork.eu\/wp-content\/uploads\/2024\/08\/cropped-FavLarge-1.png","width":512,"height":512,"caption":"TNO"},"image":{"@id":"https:\/\/stopcarcinogensatwork.eu\/de\/#\/schema\/logo\/image\/"},"publishingPrinciples":"https:\/\/stopcarcinogensatwork.eu\/homepage\/legal\/","ownershipFundingInfo":"https:\/\/stopcarcinogensatwork.eu\/general\/about-us\/"}]}},"_links":{"self":[{"href":"https:\/\/stopcarcinogensatwork.eu\/de\/wp-json\/wp\/v2\/pages\/92882","targetHints":{"allow":["GET"]}}],"collection":[{"href":"https:\/\/stopcarcinogensatwork.eu\/de\/wp-json\/wp\/v2\/pages"}],"about":[{"href":"https:\/\/stopcarcinogensatwork.eu\/de\/wp-json\/wp\/v2\/types\/page"}],"author":[{"embeddable":true,"href":"https:\/\/stopcarcinogensatwork.eu\/de\/wp-json\/wp\/v2\/users\/1"}],"replies":[{"embeddable":true,"href":"https:\/\/stopcarcinogensatwork.eu\/de\/wp-json\/wp\/v2\/comments?post=92882"}],"version-history":[{"count":0,"href":"https:\/\/stopcarcinogensatwork.eu\/de\/wp-json\/wp\/v2\/pages\/92882\/revisions"}],"up":[{"embeddable":true,"href":"https:\/\/stopcarcinogensatwork.eu\/de\/wp-json\/wp\/v2\/pages\/22718"}],"wp:attachment":[{"href":"https:\/\/stopcarcinogensatwork.eu\/de\/wp-json\/wp\/v2\/media?parent=92882"}],"curies":[{"name":"wp","href":"https:\/\/api.w.org\/{rel}","templated":true}]}}