{"id":42323,"date":"2024-12-30T09:48:30","date_gmt":"2024-12-30T09:48:30","guid":{"rendered":"https:\/\/stopcarcinogensatwork.eu\/posibles-alternativas-al-cromo\/"},"modified":"2025-01-21T14:44:05","modified_gmt":"2025-01-21T14:44:05","slug":"posibles-alternativas-al-cromo","status":"publish","type":"page","link":"https:\/\/stopcarcinogensatwork.eu\/es\/general\/sobre-la-roadmap-on-carcinogens\/desafios\/posibles-alternativas-al-cromo\/","title":{"rendered":"Posibles alternativas al cromo"},"content":{"rendered":"<ol>\n<li><a href=\"https:\/\/stopcarcinogensatwork.eu\/es\/good-practice\/sustitucion-del-trioxido-de-cromo-por-el-grabado-de-sustratos-plasticos-en-el-pretratamiento-galvanico\/\" target=\"_blank\" rel=\"noopener\">Sustituci\u00f3n del tri\u00f3xido de cromo por el grabado de sustratos pl\u00e1sticos en el pretratamiento galv\u00e1nico<\/a><\/li>\n<li><a href=\"https:\/\/stopcarcinogensatwork.eu\/es\/good-practice\/posibles-alternativas-al-trioxido-de-cromo-como-agente-de-revestimiento-de-materiales-sanitarios\/\" target=\"_blank\" rel=\"noopener\">Posibles alternativas al tri\u00f3xido de cromo como agente de revestimiento de materiales sanitarios<\/a><\/li>\n<li><a href=\"https:\/\/stopcarcinogensatwork.eu\/es\/good-practice\/sustitucion-del-dicromato-sodico-para-la-pasivacion-de-la-hojalata-electrolitica-etp\/\" target=\"_blank\" rel=\"noopener\">Sustituci\u00f3n del dicromato s\u00f3dico para la pasivaci\u00f3n de la hojalata electrol\u00edtica (ETP)<\/a><\/li>\n<li><a href=\"https:\/\/stopcarcinogensatwork.eu\/es\/good-practice\/sustitucion-del-cromato-sodico-como-agente-anticorrosivo-del-acero-al-carbono-en-el-circuito-estanco-de-los-aparatos-de-absorcion-de-gas\/\" target=\"_blank\" rel=\"noopener\">Sustituci\u00f3n del cromato s\u00f3dico como agente anticorrosivo del acero al carbono en el circuito estanco de los aparatos de absorci\u00f3n de gas<\/a><\/li>\n<li><a href=\"https:\/\/stopcarcinogensatwork.eu\/es\/good-practice\/sustitucion-del-trioxido-de-cromo-vi-para-el-tratamiento-de-superficies-en-la-industria-aeronautica-y-aeroespacial\/\" target=\"_blank\" rel=\"noopener\">Sustituci\u00f3n del tri\u00f3xido de cromo (VI) para el tratamiento de superficies en la industria aeron\u00e1utica y aeroespacial<\/a><\/li>\n<li><a href=\"https:\/\/stopcarcinogensatwork.eu\/es\/good-practice\/sustitucion-del-cromado-funcional-a-base-de-trioxido-de-cromo-de-los-instrumentos-dentales-para-el-tratamiento-odontologico\/\" target=\"_blank\" rel=\"noopener\">Sustituci\u00f3n del cromado funcional a base de tri\u00f3xido de cromo de los instrumentos dentales para el tratamiento odontol\u00f3gico<\/a><\/li>\n<li><a href=\"https:\/\/stopcarcinogensatwork.eu\/es\/good-practice\/sustitucion-del-revestimiento-electrolitico-de-cromo-del-acero-eccs-por-trioxido-de-cromo-vi\/\" target=\"_blank\" rel=\"noopener\">Sustituci\u00f3n del revestimiento electrol\u00edtico de cromo del acero (ECCS) por tri\u00f3xido de cromo (VI)<\/a><\/li>\n<li><a href=\"https:\/\/stopcarcinogensatwork.eu\/es\/good-practice\/sustitucion-del-trioxido-de-cromo-vi-para-la-pasivacion-de-la-hojalata-electrolitica-etp\/\" target=\"_blank\" rel=\"noopener\">Sustituci\u00f3n del tri\u00f3xido de cromo (VI) para la pasivaci\u00f3n de la hojalata electrol\u00edtica (ETP)<\/a><\/li>\n<li><a href=\"https:\/\/stopcarcinogensatwork.eu\/es\/good-practice\/sustitucion-del-trioxido-de-cromo-por-el-grabado-de-sustratos-plasticos-en-el-pretratamiento-galvanico\/\" target=\"_blank\" rel=\"noopener\">Sustituci\u00f3n del tri\u00f3xido de cromo por el grabado de sustratos pl\u00e1sticos en el pretratamiento galv\u00e1nico<\/a><\/li>\n<li><a href=\"https:\/\/stopcarcinogensatwork.eu\/es\/good-practice\/sustitucion-del-tricloroetileno-en-la-produccion-de-material-alcantara\/\" target=\"_blank\" rel=\"noopener\">Sustituci\u00f3n del tricloroetileno en la producci\u00f3n de material Alc\u00e1ntara<\/a><\/li>\n<li><a href=\"https:\/\/stopcarcinogensatwork.eu\/es\/good-practice\/posibles-alternativas-al-trioxido-de-cromo-como-agente-de-revestimiento-para-su-uso-en-la-fabricacion-general\/\" target=\"_blank\" rel=\"noopener\">Posibles alternativas al tri\u00f3xido de cromo como agente de revestimiento para su uso en la fabricaci\u00f3n general<\/a><\/li>\n<li><a href=\"https:\/\/stopcarcinogensatwork.eu\/es\/good-practice\/sustitucion-de-la-22-dicloro-44-metilendianilina-moca-en-la-fabricacion-de-poliuretanos\/\" target=\"_blank\" rel=\"noopener\">Sustituci\u00f3n de la 2,2&#8242;-dicloro-4,4&#8242;-metilendianilina (MOCA) en la fabricaci\u00f3n de poliuretanos<\/a><\/li>\n<li><a href=\"https:\/\/stopcarcinogensatwork.eu\/es\/good-practice\/posibles-alternativas-al-trioxido-de-cromo-como-agente-de-revestimiento-para-su-uso-en-la-fabricacion-general\/\" target=\"_blank\" rel=\"noopener\">Posibles alternativas al tri\u00f3xido de cromo como agente de revestimiento para su uso en la fabricaci\u00f3n general<\/a><\/li>\n<\/ol>\n","protected":false},"excerpt":{"rendered":"<p>Sustituci\u00f3n del tri\u00f3xido de cromo por el grabado de sustratos pl\u00e1sticos en el pretratamiento galv\u00e1nico Posibles alternativas al tri\u00f3xido de cromo como agente de revestimiento de materiales sanitarios Sustituci\u00f3n del dicromato s\u00f3dico para la pasivaci\u00f3n de la hojalata electrol\u00edtica (ETP) Sustituci\u00f3n del cromato s\u00f3dico como agente anticorrosivo del acero al carbono en el circuito estanco [&hellip;]<\/p>\n","protected":false},"author":1,"featured_media":0,"parent":42325,"menu_order":0,"comment_status":"closed","ping_status":"closed","template":"","meta":{"inline_featured_image":false,"footnotes":""},"class_list":["post-42323","page","type-page","status-publish","hentry"],"yoast_head":"<!-- This site is optimized with the Yoast SEO Premium plugin v27.0 (Yoast SEO v27.3) - https:\/\/yoast.com\/product\/yoast-seo-premium-wordpress\/ -->\n<title>Posibles alternativas al cromo - STOP carcinogens at work<\/title>\n<meta name=\"description\" content=\"Every year, more than 100.000 people die in the EU from cancer caused by carcinogens at work. This must STOP!\" \/>\n<meta name=\"robots\" content=\"index, follow, max-snippet:-1, max-image-preview:large, max-video-preview:-1\" \/>\n<link rel=\"canonical\" href=\"https:\/\/stopcarcinogensatwork.eu\/es\/general\/sobre-la-roadmap-on-carcinogens\/desafios\/posibles-alternativas-al-cromo\/\" \/>\n<meta property=\"og:locale\" content=\"es_ES\" \/>\n<meta property=\"og:type\" content=\"article\" \/>\n<meta property=\"og:title\" content=\"Posibles alternativas al cromo\" \/>\n<meta property=\"og:description\" content=\"Every year, more than 100.000 people die in the EU from cancer caused by carcinogens at work. This must STOP!\" \/>\n<meta property=\"og:url\" content=\"https:\/\/stopcarcinogensatwork.eu\/es\/general\/sobre-la-roadmap-on-carcinogens\/desafios\/posibles-alternativas-al-cromo\/\" \/>\n<meta property=\"og:site_name\" content=\"STOP carcinogens at work\" \/>\n<meta property=\"article:modified_time\" content=\"2025-01-21T14:44:05+00:00\" \/>\n<meta name=\"twitter:card\" content=\"summary_large_image\" \/>\n<meta name=\"twitter:label1\" content=\"Tiempo de lectura\" \/>\n\t<meta name=\"twitter:data1\" content=\"1 minuto\" \/>\n<script type=\"application\/ld+json\" class=\"yoast-schema-graph\">{\"@context\":\"https:\\\/\\\/schema.org\",\"@graph\":[{\"@type\":\"WebPage\",\"@id\":\"https:\\\/\\\/stopcarcinogensatwork.eu\\\/es\\\/general\\\/sobre-la-roadmap-on-carcinogens\\\/desafios\\\/posibles-alternativas-al-cromo\\\/\",\"url\":\"https:\\\/\\\/stopcarcinogensatwork.eu\\\/es\\\/general\\\/sobre-la-roadmap-on-carcinogens\\\/desafios\\\/posibles-alternativas-al-cromo\\\/\",\"name\":\"Posibles alternativas al cromo - STOP carcinogens at work\",\"isPartOf\":{\"@id\":\"https:\\\/\\\/stopcarcinogensatwork.eu\\\/es\\\/#website\"},\"datePublished\":\"2024-12-30T09:48:30+00:00\",\"dateModified\":\"2025-01-21T14:44:05+00:00\",\"description\":\"Every year, more than 100.000 people die in the EU from cancer caused by carcinogens at work. This must STOP!\",\"breadcrumb\":{\"@id\":\"https:\\\/\\\/stopcarcinogensatwork.eu\\\/es\\\/general\\\/sobre-la-roadmap-on-carcinogens\\\/desafios\\\/posibles-alternativas-al-cromo\\\/#breadcrumb\"},\"inLanguage\":\"es\",\"potentialAction\":[{\"@type\":\"ReadAction\",\"target\":[\"https:\\\/\\\/stopcarcinogensatwork.eu\\\/es\\\/general\\\/sobre-la-roadmap-on-carcinogens\\\/desafios\\\/posibles-alternativas-al-cromo\\\/\"]}]},{\"@type\":\"BreadcrumbList\",\"@id\":\"https:\\\/\\\/stopcarcinogensatwork.eu\\\/es\\\/general\\\/sobre-la-roadmap-on-carcinogens\\\/desafios\\\/posibles-alternativas-al-cromo\\\/#breadcrumb\",\"itemListElement\":[{\"@type\":\"ListItem\",\"position\":1,\"name\":\"Home\",\"item\":\"https:\\\/\\\/stopcarcinogensatwork.eu\\\/es\\\/pagina-de-inicio\\\/\"},{\"@type\":\"ListItem\",\"position\":2,\"name\":\"General\",\"item\":\"https:\\\/\\\/stopcarcinogensatwork.eu\\\/es\\\/general\\\/\"},{\"@type\":\"ListItem\",\"position\":3,\"name\":\"Acerca del Roadmap on Carcinogens\",\"item\":\"https:\\\/\\\/stopcarcinogensatwork.eu\\\/es\\\/general\\\/sobre-la-roadmap-on-carcinogens\\\/\"},{\"@type\":\"ListItem\",\"position\":4,\"name\":\"Desaf\u00edos\",\"item\":\"https:\\\/\\\/stopcarcinogensatwork.eu\\\/es\\\/general\\\/sobre-la-roadmap-on-carcinogens\\\/desafios\\\/\"},{\"@type\":\"ListItem\",\"position\":5,\"name\":\"Posibles alternativas al cromo\"}]},{\"@type\":\"WebSite\",\"@id\":\"https:\\\/\\\/stopcarcinogensatwork.eu\\\/es\\\/#website\",\"url\":\"https:\\\/\\\/stopcarcinogensatwork.eu\\\/es\\\/\",\"name\":\"STOP Carcinogens at work\",\"description\":\"Every year, about 100.000 people die from cancer that was caused by exposure to carcinogens at work in Europe.\",\"publisher\":{\"@id\":\"https:\\\/\\\/stopcarcinogensatwork.eu\\\/es\\\/#organization\"},\"alternateName\":\"Roadmap on Carcinogens\",\"potentialAction\":[{\"@type\":\"SearchAction\",\"target\":{\"@type\":\"EntryPoint\",\"urlTemplate\":\"https:\\\/\\\/stopcarcinogensatwork.eu\\\/es\\\/?s={search_term_string}\"},\"query-input\":{\"@type\":\"PropertyValueSpecification\",\"valueRequired\":true,\"valueName\":\"search_term_string\"}}],\"inLanguage\":\"es\"},{\"@type\":\"Organization\",\"@id\":\"https:\\\/\\\/stopcarcinogensatwork.eu\\\/es\\\/#organization\",\"name\":\"TNO\",\"alternateName\":\"This is a European wide voluntary action scheme\",\"url\":\"https:\\\/\\\/stopcarcinogensatwork.eu\\\/es\\\/\",\"logo\":{\"@type\":\"ImageObject\",\"inLanguage\":\"es\",\"@id\":\"https:\\\/\\\/stopcarcinogensatwork.eu\\\/es\\\/#\\\/schema\\\/logo\\\/image\\\/\",\"url\":\"https:\\\/\\\/stopcarcinogensatwork.eu\\\/wp-content\\\/uploads\\\/2024\\\/08\\\/cropped-FavLarge-1.png\",\"contentUrl\":\"https:\\\/\\\/stopcarcinogensatwork.eu\\\/wp-content\\\/uploads\\\/2024\\\/08\\\/cropped-FavLarge-1.png\",\"width\":512,\"height\":512,\"caption\":\"TNO\"},\"image\":{\"@id\":\"https:\\\/\\\/stopcarcinogensatwork.eu\\\/es\\\/#\\\/schema\\\/logo\\\/image\\\/\"},\"publishingPrinciples\":\"https:\\\/\\\/stopcarcinogensatwork.eu\\\/homepage\\\/legal\\\/\",\"ownershipFundingInfo\":\"https:\\\/\\\/stopcarcinogensatwork.eu\\\/general\\\/about-us\\\/\"}]}<\/script>\n<!-- \/ Yoast SEO Premium plugin. -->","yoast_head_json":{"title":"Posibles alternativas al cromo - STOP carcinogens at work","description":"Every year, more than 100.000 people die in the EU from cancer caused by carcinogens at work. This must STOP!","robots":{"index":"index","follow":"follow","max-snippet":"max-snippet:-1","max-image-preview":"max-image-preview:large","max-video-preview":"max-video-preview:-1"},"canonical":"https:\/\/stopcarcinogensatwork.eu\/es\/general\/sobre-la-roadmap-on-carcinogens\/desafios\/posibles-alternativas-al-cromo\/","og_locale":"es_ES","og_type":"article","og_title":"Posibles alternativas al cromo","og_description":"Every year, more than 100.000 people die in the EU from cancer caused by carcinogens at work. This must STOP!","og_url":"https:\/\/stopcarcinogensatwork.eu\/es\/general\/sobre-la-roadmap-on-carcinogens\/desafios\/posibles-alternativas-al-cromo\/","og_site_name":"STOP carcinogens at work","article_modified_time":"2025-01-21T14:44:05+00:00","twitter_card":"summary_large_image","twitter_misc":{"Tiempo de lectura":"1 minuto"},"schema":{"@context":"https:\/\/schema.org","@graph":[{"@type":"WebPage","@id":"https:\/\/stopcarcinogensatwork.eu\/es\/general\/sobre-la-roadmap-on-carcinogens\/desafios\/posibles-alternativas-al-cromo\/","url":"https:\/\/stopcarcinogensatwork.eu\/es\/general\/sobre-la-roadmap-on-carcinogens\/desafios\/posibles-alternativas-al-cromo\/","name":"Posibles alternativas al cromo - STOP carcinogens at work","isPartOf":{"@id":"https:\/\/stopcarcinogensatwork.eu\/es\/#website"},"datePublished":"2024-12-30T09:48:30+00:00","dateModified":"2025-01-21T14:44:05+00:00","description":"Every year, more than 100.000 people die in the EU from cancer caused by carcinogens at work. This must STOP!","breadcrumb":{"@id":"https:\/\/stopcarcinogensatwork.eu\/es\/general\/sobre-la-roadmap-on-carcinogens\/desafios\/posibles-alternativas-al-cromo\/#breadcrumb"},"inLanguage":"es","potentialAction":[{"@type":"ReadAction","target":["https:\/\/stopcarcinogensatwork.eu\/es\/general\/sobre-la-roadmap-on-carcinogens\/desafios\/posibles-alternativas-al-cromo\/"]}]},{"@type":"BreadcrumbList","@id":"https:\/\/stopcarcinogensatwork.eu\/es\/general\/sobre-la-roadmap-on-carcinogens\/desafios\/posibles-alternativas-al-cromo\/#breadcrumb","itemListElement":[{"@type":"ListItem","position":1,"name":"Home","item":"https:\/\/stopcarcinogensatwork.eu\/es\/pagina-de-inicio\/"},{"@type":"ListItem","position":2,"name":"General","item":"https:\/\/stopcarcinogensatwork.eu\/es\/general\/"},{"@type":"ListItem","position":3,"name":"Acerca del Roadmap on Carcinogens","item":"https:\/\/stopcarcinogensatwork.eu\/es\/general\/sobre-la-roadmap-on-carcinogens\/"},{"@type":"ListItem","position":4,"name":"Desaf\u00edos","item":"https:\/\/stopcarcinogensatwork.eu\/es\/general\/sobre-la-roadmap-on-carcinogens\/desafios\/"},{"@type":"ListItem","position":5,"name":"Posibles alternativas al cromo"}]},{"@type":"WebSite","@id":"https:\/\/stopcarcinogensatwork.eu\/es\/#website","url":"https:\/\/stopcarcinogensatwork.eu\/es\/","name":"STOP Carcinogens at work","description":"Every year, about 100.000 people die from cancer that was caused by exposure to carcinogens at work in Europe.","publisher":{"@id":"https:\/\/stopcarcinogensatwork.eu\/es\/#organization"},"alternateName":"Roadmap on Carcinogens","potentialAction":[{"@type":"SearchAction","target":{"@type":"EntryPoint","urlTemplate":"https:\/\/stopcarcinogensatwork.eu\/es\/?s={search_term_string}"},"query-input":{"@type":"PropertyValueSpecification","valueRequired":true,"valueName":"search_term_string"}}],"inLanguage":"es"},{"@type":"Organization","@id":"https:\/\/stopcarcinogensatwork.eu\/es\/#organization","name":"TNO","alternateName":"This is a European wide voluntary action scheme","url":"https:\/\/stopcarcinogensatwork.eu\/es\/","logo":{"@type":"ImageObject","inLanguage":"es","@id":"https:\/\/stopcarcinogensatwork.eu\/es\/#\/schema\/logo\/image\/","url":"https:\/\/stopcarcinogensatwork.eu\/wp-content\/uploads\/2024\/08\/cropped-FavLarge-1.png","contentUrl":"https:\/\/stopcarcinogensatwork.eu\/wp-content\/uploads\/2024\/08\/cropped-FavLarge-1.png","width":512,"height":512,"caption":"TNO"},"image":{"@id":"https:\/\/stopcarcinogensatwork.eu\/es\/#\/schema\/logo\/image\/"},"publishingPrinciples":"https:\/\/stopcarcinogensatwork.eu\/homepage\/legal\/","ownershipFundingInfo":"https:\/\/stopcarcinogensatwork.eu\/general\/about-us\/"}]}},"_links":{"self":[{"href":"https:\/\/stopcarcinogensatwork.eu\/es\/wp-json\/wp\/v2\/pages\/42323","targetHints":{"allow":["GET"]}}],"collection":[{"href":"https:\/\/stopcarcinogensatwork.eu\/es\/wp-json\/wp\/v2\/pages"}],"about":[{"href":"https:\/\/stopcarcinogensatwork.eu\/es\/wp-json\/wp\/v2\/types\/page"}],"author":[{"embeddable":true,"href":"https:\/\/stopcarcinogensatwork.eu\/es\/wp-json\/wp\/v2\/users\/1"}],"replies":[{"embeddable":true,"href":"https:\/\/stopcarcinogensatwork.eu\/es\/wp-json\/wp\/v2\/comments?post=42323"}],"version-history":[{"count":0,"href":"https:\/\/stopcarcinogensatwork.eu\/es\/wp-json\/wp\/v2\/pages\/42323\/revisions"}],"up":[{"embeddable":true,"href":"https:\/\/stopcarcinogensatwork.eu\/es\/wp-json\/wp\/v2\/pages\/42325"}],"wp:attachment":[{"href":"https:\/\/stopcarcinogensatwork.eu\/es\/wp-json\/wp\/v2\/media?parent=42323"}],"curies":[{"name":"wp","href":"https:\/\/api.w.org\/{rel}","templated":true}]}}