{"id":42325,"date":"2024-08-31T07:07:44","date_gmt":"2024-08-31T07:07:44","guid":{"rendered":"https:\/\/stopcarcinogensatwork.eu\/desafios\/"},"modified":"2025-10-21T10:22:56","modified_gmt":"2025-10-21T10:22:56","slug":"desafios","status":"publish","type":"page","link":"https:\/\/stopcarcinogensatwork.eu\/es\/general\/sobre-la-roadmap-on-carcinogens\/desafios\/","title":{"rendered":"Desaf\u00edos"},"content":{"rendered":"<p><img fetchpriority=\"high\" decoding=\"async\" class=\"alignnone wp-image-20623 size-full\" src=\"https:\/\/stopcarcinogensatwork.eu\/wp-content\/uploads\/2024\/08\/Pillars.png\" alt=\"\" width=\"1384\" height=\"736\" srcset=\"https:\/\/stopcarcinogensatwork.eu\/wp-content\/uploads\/2024\/08\/Pillars.png 1384w, https:\/\/stopcarcinogensatwork.eu\/wp-content\/uploads\/2024\/08\/Pillars-300x160.png 300w, https:\/\/stopcarcinogensatwork.eu\/wp-content\/uploads\/2024\/08\/Pillars-768x408.png 768w\" sizes=\"(max-width: 1384px) 100vw, 1384px\" \/><\/p>\n<blockquote><p>A partir de 2021, el Roadmap on Carcinogens comenz\u00f3 a ejecutar doce retos para conseguir un mayor impacto, con el fin de ayudar a evitar que los trabajadores se expongan a cancer\u00edgenos (<a href=\"https:\/\/stopcarcinogensatwork.eu\/wp-content\/uploads\/2024\/09\/200903_RoC2.0_Strategy.pdf\" target=\"_blank\" rel=\"noopener\">lee la estrategia completa aqu\u00ed<\/a>).<\/p><\/blockquote>\n<p>Para el periodo 2020-2024, el Roadmap ha establecido los cuatro objetivos siguientes:<\/p>\n<ul>\n<li><strong>Pilar 1:<\/strong> Sensibilizar a trav\u00e9s de Europa a empresas y trabajadores sobre los riesgos de la exposici\u00f3n a sustancias cancer\u00edgenas y la necesidad de acciones preventivas.<\/li>\n<li><strong>Pilar 2:<\/strong> Proporcionar ayuda a las empresas y a los trabajadores para prevenir la exposici\u00f3n a cancer\u00edgenos en el lugar de trabajo y minimizar su efecto en la mano de obra.<\/li>\n<li><strong>Pilar 3:<\/strong> Implicar a la industria y a los sectores y aumentar la participaci\u00f3n de las partes relevantes para multiplicar nuestros esfuerzos en toda Europa.<\/li>\n<li><strong>Pilar 4:<\/strong> Dirigir la innovaci\u00f3n a salvar la distancia entre los resultados de la investigaci\u00f3n y las necesidades de las empresas.<\/li>\n<\/ul>\n<p>Estos pilares se han dividido en 12 retos. La ejecuci\u00f3n de estos retos contribuir\u00e1 a alcanzar estos objetivos. Cada reto est\u00e1 dirigido por un equipo de los socios de la Hoja de Ruta.  <\/p>\n<h3>Reto 1.1 - Mejores datos<\/h3>\n<p>Es esencial disponer de datos mejores y m\u00e1s detallados sobre la exposici\u00f3n a agentes cancer\u00edgenos para concienciar sobre la necesidad de actuar y para controlar -especialmente a largo plazo- si somos capaces de ver un descenso en el uso de agentes cancer\u00edgenos en los talleres.<\/p>\n<p><strong>Resultados:<\/strong><\/p>\n<ul>\n<li><a href=\"https:\/\/stopcarcinogensatwork.eu\/wp-content\/uploads\/2024\/08\/Ch1.1_Conclusion_Report_20230125.pdf\" target=\"_blank\" rel=\"noopener\">Hay disponible un informe detallado (pdf)<\/a>.<\/li>\n<li><a href=\"https:\/\/stopcarcinogensatwork.eu\/es\/bases-de-datos-de-medicion-de-la-exposicion-a-carcinogenos-profesionales\/\" target=\"_blank\" rel=\"noopener\"><strong>En este sitio web encontrar\u00e1s<\/strong> un resumen de las bases de datos de medici\u00f3n de la exposici\u00f3n<\/a><\/li>\n<li><a href=\"https:\/\/stopcarcinogensatwork.eu\/es\/registros-de-trabajadores-expuestos-a-agentes-cancerigenos\/\" target=\"_blank\" rel=\"noopener\"><strong>En este sitio web se puede consultar<\/strong> un resumen de los registros de trabajadores expuestos a cancer\u00edgenos<\/a><\/li>\n<li><a href=\"https:\/\/stopcarcinogensatwork.eu\/wp-content\/uploads\/2024\/08\/Ch1.1_joint_research_projects_v2.1.pdf\" target=\"_blank\" rel=\"noopener\">Proyectos conjuntos de investigaci\u00f3n que proporcionan datos sobre la exposici\u00f3n profesional a cancer\u00edgenos (pdf)<\/a><\/li>\n<\/ul>\n<h3>Desaf\u00edo 1.2 - La Educaci\u00f3n es la Clave<\/h3>\n<p>Fieles al lema \u00abYou can&#8217;t teach an old dog new tricks\u00bb, es necesario empezar con actividades de sensibilizaci\u00f3n en las escuelas primarias e integrarlas mejor en la formaci\u00f3n profesional.<\/p>\n<p><strong>Resultados:<\/strong><\/p>\n<ul>\n<li>Pronto estar\u00e1 disponible un conjunto de presentaciones educativas para profesores de primaria.<\/li>\n<li>Se ha desarrollado una herramienta de gamificaci\u00f3n <a href=\"https:\/\/stopcarcinogensatwork.eu\/es\/good-practice\/gestion-de-los-riesgos-de-carcinogenos-en-el-lugar-de-trabajo-mediante-un-juego-educativo\/\" target=\"_blank\" rel=\"noopener\"><strong>disponible en <\/strong><strong>disponible a trav\u00e9s de este sitio web.<\/strong><\/a><\/li>\n<\/ul>\n<h3>Reto 2.1 - Estrategias de sustituci\u00f3n<\/h3>\n<p>La sustituci\u00f3n por alternativas m\u00e1s seguras est\u00e1 en lo m\u00e1s alto de la jerarqu\u00eda de medidas para prevenir la exposici\u00f3n a agentes cancer\u00edgenos en el trabajo y la recopilaci\u00f3n de ejemplos de sustituci\u00f3n e innovaci\u00f3n proporcionar\u00e1 ayuda a las empresas en la b\u00fasqueda de su plan de sustituci\u00f3n con \u00e9xito.<\/p>\n<ul>\n<li>Los res\u00famenes completos de las alternativas de las solicitudes de autorizaci\u00f3n REACH est\u00e1n disponibles en este sitio web bajo cada dato.<\/li>\n<li><a href=\"https:\/\/stopcarcinogensatwork.eu\/es\/general\/sobre-la-roadmap-on-carcinogens\/desafios\/posibles-alternativas-al-cromo\/\" target=\"_blank\" rel=\"noopener\">Aqu\u00ed puedes encontrar posibles alternativas al tri\u00f3xido de cromo como agente de revestimiento para su uso en la fabricaci\u00f3n general<\/a><\/li>\n<\/ul>\n<h3>Reto 2.2 - Orientaci\u00f3n a la Gesti\u00f3n de Riesgos<\/h3>\n<p>El objetivo de este reto era orientar sobre la gesti\u00f3n de riesgos y concienciar sobre las estrategias de reducci\u00f3n de riesgos seg\u00fan el principio STOP. Adem\u00e1s de crear folletos sobre este \u00faltimo, el equipo del reto examin\u00f3 muchas hojas de orientaci\u00f3n para el control de tareas espec\u00edficas con el fin de recopilar caracter\u00edsticas generales para una plantilla. Esto apoya la creaci\u00f3n de Fichas de control (CGS) y ayuda a comunicar los aspectos m\u00e1s importantes para la gesti\u00f3n del riesgo de cancer\u00edgenos. <a href=\"https:\/\/stopcarcinogensatwork.eu\/es\/conoce-las-estrategias-basicas-de-prevencion\/\" target=\"_blank\" rel=\"noopener\">El contenido de las hojas S - T - O - P est\u00e1 incluido en el sitio web.<\/a><br \/>\nPronto estar\u00e1n disponibles m\u00e1s resultados del reto:  <\/p>\n<ul>\n<li><a href=\"https:\/\/stopcarcinogensatwork.eu\/es\/conoce-las-estrategias-basicas-de-prevencion\/\" target=\"_blank\" rel=\"noopener\">Folletos descargables S - T - O - P<\/a>.<\/li>\n<li>Una plataforma que las instituciones pueden utilizar para generar<a href=\"https:\/\/stopcarcinogensatwork.eu\/es\/general\/colaboraciones\/\" target=\"_blank\" rel=\"noopener\"> CGS basados en la plantilla desarrollada por el equipo del reto<\/a>. Los CGS resultantes para los empresarios se compartir\u00e1n en el sitio web. <\/li>\n<li><a href=\"https:\/\/stopcarcinogensatwork.eu\/wp-content\/uploads\/2025\/05\/Ch22_Conclusion_Report_20250521.pdf\" target=\"_blank\" rel=\"noopener\">Informe Desaf\u00edos 2.2<\/a><\/li>\n<\/ul>\n<h3>Reto 2.3 - Fondos para las empresas<\/h3>\n<p>Es sabido que distintas organizaciones, como los Estados miembros, las organizaciones industriales o sectoriales, la Seguridad Social nacional, las iniciativas en materia de seguros y otras, ya disponen de fondos o medidas fiscales espec\u00edficas que estimulan a las empresas a invertir en seguridad y salud en el trabajo.<\/p>\n<ul>\n<li><a href=\"https:\/\/stopcarcinogensatwork.eu\/wp-content\/uploads\/2025\/05\/Final-report-RoC-Ch2.3andCh3.1-BusinessEurope.pdf\">Informe sobre los retos 2.3 y 3.1<\/a><\/li>\n<\/ul>\n<h3>Reto 3.1 - Implicar a industrias y sectores<\/h3>\n<p>Cuantas m\u00e1s organizaciones interprofesionales y sectoriales puedan movilizarse para unirse a la Roadmap on Carcinogens, m\u00e1s empresas se beneficiar\u00e1n de las soluciones mapeadas y explicadas.<\/p>\n<ul>\n<li><a href=\"https:\/\/stopcarcinogensatwork.eu\/wp-content\/uploads\/2025\/05\/Final-report-RoC-Ch2.3andCh3.1-BusinessEurope.pdf\">Informe sobre los retos 2.3 y 3.1<\/a><\/li>\n<\/ul>\n<h3>Reto 3.2 - Implicar a las organizaciones de prevenci\u00f3n laboral<\/h3>\n<p>Implicar a las partes interesadas, como las organizaciones de prevenci\u00f3n laboral, es otro elemento que contribuye a apoyar a las empresas, proporcion\u00e1ndoles herramientas para autoevaluar su cumplimiento de las disposiciones legales e introducir medidas adecuadas de gesti\u00f3n de riesgos.<\/p>\n<ul>\n<li><a href=\"https:\/\/stopcarcinogensatwork.eu\/wp-content\/uploads\/2025\/05\/PDF250528_Ch3.2_Conclusion_Report.pdf\" target=\"_blank\" rel=\"noopener\">Puedes encontrar un informe resumido sobre el proyecto aqu\u00ed<\/a><\/li>\n<li><a href=\"https:\/\/stopcarcinogensatwork.eu\/es\/buscar-ocupaciones\/\" target=\"_blank\" rel=\"noopener\"><strong>Se trata de una integraci\u00f3n importante en el sitio web.<\/strong>  Comprueba aqu\u00ed si tu profesi\u00f3n contiene alg\u00fan cancer\u00edgeno<\/a><\/li>\n<\/ul>\n<h3>Reto 3.3 - Cooperaci\u00f3n con los servicios de inspecci\u00f3n<\/h3>\n<p>El Cumplimiento es una herramienta importante para garantizar el cumplimiento. \u00bfC\u00f3mo pueden colaborar los organismos de Cumplimiento y la Hoja de Ruta? <\/p>\n<ul>\n<li><a href=\"https:\/\/stopcarcinogensatwork.eu\/es\/general\/colaboraciones\/\" target=\"_blank\" rel=\"noopener\">Integrado en este sitio web<\/a><\/li>\n<\/ul>\n<h3>Desaf\u00edo 3.4 - Capacitar a los trabajadores<\/h3>\n<p>Los trabajadores deben conocer sus derechos y obligaciones para contribuir a la evaluaci\u00f3n de riesgos del empresario y poner en marcha las medidas de prevenci\u00f3n adecuadas para eliminar o reducir la exposici\u00f3n a los cancer\u00edgenos.<\/p>\n<ul>\n<li>Por anunciar<\/li>\n<\/ul>\n<h3>Reto 4.1 - Acortar distancias<\/h3>\n<p>La innovaci\u00f3n orientada a satisfacer las necesidades reales del lugar de trabajo es esencial para prevenir la exposici\u00f3n a cancer\u00edgenos durante todo el ciclo de vida de las sustancias o materiales: este conocimiento debe ser de dominio p\u00fablico.<\/p>\n<p>- <a href=\"https:\/\/stopcarcinogensatwork.eu\/wp-content\/uploads\/2024\/08\/Ch4.1_Preparatory_Report_211216-NEW.pdf\" target=\"_blank\" rel=\"noopener\">Hay disponible un informe detallado, que incluye una serie de OnePagers que resumen la conexi\u00f3n potencial con la comunidad investigadora<\/a><\/p>\n<h3>Reto 4.2 - Cancer\u00edgenos generados por procesos<\/h3>\n<p>Los cancer\u00edgenos generados por procesos se producen como subproducto de un proceso de trabajo. Necesitan una atenci\u00f3n especial porque no llevan etiquetas y puede que no haya ninguna referencia a ellos en las Fichas de Datos de Seguridad. <\/p>\n<ul>\n<li><a href=\"https:\/\/stopcarcinogensatwork.eu\/wp-content\/uploads\/2024\/08\/Silica-Dust-in-Construction.pdf\" target=\"_blank\" rel=\"noopener\">Existe un informe detallado sobre la campa\u00f1a de inspecci\u00f3n austriaca sobre el polvo de s\u00edlice<\/a><\/li>\n<li><a href=\"https:\/\/stopcarcinogensatwork.eu\/wp-content\/uploads\/2024\/08\/Mineral-Dusts-in-Mining.pdf\" target=\"_blank\" rel=\"noopener\">Existe un informe sobre el polvo mineral en la miner\u00eda<\/a><\/li>\n<li><a href=\"https:\/\/stopcarcinogensatwork.eu\/wp-content\/uploads\/2024\/09\/TNO2023_R10498_RoC_Challenge_4.2-1.pdf\" target=\"_blank\" rel=\"noopener\">Existe un informe sobre las sustancias generadas en el proceso<\/a><\/li>\n<li>En este sitio web hay disponibles fichas informativas sobre <a href=\"https:\/\/stopcarcinogensatwork.eu\/es\/fact\/abrasion-proceso\/\" target=\"_blank\" rel=\"noopener\">Abrasi\u00f3n<\/a> y <a href=\"https:\/\/stopcarcinogensatwork.eu\/es\/fact\/combustion-proceso\/\" target=\"_blank\" rel=\"noopener\">Combusti\u00f3n<\/a> <\/li>\n<\/ul>\n<h3>Reto 4.3 - Procedimientos de trabajo seguro<\/h3>\n<p>Los \u00abprocedimientos de trabajo seguro\u00bb pueden surgir como alternativas aceptadas para grupos de empresas que realizan la misma actividad, en lugar de realizar mediciones y comparar con valores l\u00edmite para cada empresa, para cada actividad, para cada sustancia.<\/p>\n<ul>\n<li><a href=\"https:\/\/stopcarcinogensatwork.eu\/wp-content\/uploads\/2024\/08\/TNO2023-R10499_RoC-Ch4.3_TNO-Report-general-challenge-report_getekend.pdf\" target=\"_blank\" rel=\"noopener\">Puedes encontrar un informe detallado aqu\u00ed<\/a><\/li>\n<\/ul>\n<h3>El informe final de ROC2.0<\/h3>\n<p>Se ha publicado un resumen de todas las actividades y logros de la segunda Roadmap on Carcinogens (RoC2.0)<a href=\"https:\/\/stopcarcinogensatwork.eu\/wp-content\/uploads\/2025\/10\/250922_RoC2.0_wrap_up_FINAL.pdf\">  en este informe.<\/a><\/p>\n","protected":false},"excerpt":{"rendered":"<p>A partir de 2021, el Roadmap on Carcinogens comenz\u00f3 a ejecutar doce retos para conseguir un mayor impacto, con el fin de ayudar a evitar que los trabajadores se expongan a cancer\u00edgenos (lee la estrategia completa aqu\u00ed). Para el periodo 2020-2024, el Roadmap ha establecido los cuatro objetivos siguientes: Pilar 1: Sensibilizar a trav\u00e9s de [&hellip;]<\/p>\n","protected":false},"author":1,"featured_media":0,"parent":55410,"menu_order":0,"comment_status":"closed","ping_status":"closed","template":"","meta":{"inline_featured_image":false,"footnotes":""},"class_list":["post-42325","page","type-page","status-publish","hentry"],"yoast_head":"<!-- This site is optimized with the Yoast SEO Premium plugin v27.0 (Yoast SEO v27.3) - https:\/\/yoast.com\/product\/yoast-seo-premium-wordpress\/ -->\n<title>Desaf\u00edos - STOP carcinogens at work<\/title>\n<meta name=\"description\" content=\"Every year, more than 100.000 people die in the EU from cancer caused by carcinogens at work. This must STOP!\" \/>\n<meta name=\"robots\" content=\"index, follow, max-snippet:-1, max-image-preview:large, max-video-preview:-1\" \/>\n<link rel=\"canonical\" href=\"https:\/\/stopcarcinogensatwork.eu\/es\/general\/sobre-la-roadmap-on-carcinogens\/desafios\/\" \/>\n<meta property=\"og:locale\" content=\"es_ES\" \/>\n<meta property=\"og:type\" content=\"article\" \/>\n<meta property=\"og:title\" content=\"Desaf\u00edos\" \/>\n<meta property=\"og:description\" content=\"Every year, more than 100.000 people die in the EU from cancer caused by carcinogens at work. This must STOP!\" \/>\n<meta property=\"og:url\" content=\"https:\/\/stopcarcinogensatwork.eu\/es\/general\/sobre-la-roadmap-on-carcinogens\/desafios\/\" \/>\n<meta property=\"og:site_name\" content=\"STOP carcinogens at work\" \/>\n<meta property=\"article:modified_time\" content=\"2025-10-21T10:22:56+00:00\" \/>\n<meta property=\"og:image\" content=\"https:\/\/stopcarcinogensatwork.eu\/wp-content\/uploads\/2024\/08\/Pillars.png\" \/>\n<meta name=\"twitter:card\" content=\"summary_large_image\" \/>\n<meta name=\"twitter:label1\" content=\"Tiempo de lectura\" \/>\n\t<meta name=\"twitter:data1\" content=\"6 minuto\" \/>\n<script type=\"application\/ld+json\" class=\"yoast-schema-graph\">{\"@context\":\"https:\\\/\\\/schema.org\",\"@graph\":[{\"@type\":\"WebPage\",\"@id\":\"https:\\\/\\\/stopcarcinogensatwork.eu\\\/es\\\/general\\\/sobre-la-roadmap-on-carcinogens\\\/desafios\\\/\",\"url\":\"https:\\\/\\\/stopcarcinogensatwork.eu\\\/es\\\/general\\\/sobre-la-roadmap-on-carcinogens\\\/desafios\\\/\",\"name\":\"Desaf\u00edos - STOP carcinogens at work\",\"isPartOf\":{\"@id\":\"https:\\\/\\\/stopcarcinogensatwork.eu\\\/es\\\/#website\"},\"primaryImageOfPage\":{\"@id\":\"https:\\\/\\\/stopcarcinogensatwork.eu\\\/es\\\/general\\\/sobre-la-roadmap-on-carcinogens\\\/desafios\\\/#primaryimage\"},\"image\":{\"@id\":\"https:\\\/\\\/stopcarcinogensatwork.eu\\\/es\\\/general\\\/sobre-la-roadmap-on-carcinogens\\\/desafios\\\/#primaryimage\"},\"thumbnailUrl\":\"https:\\\/\\\/stopcarcinogensatwork.eu\\\/wp-content\\\/uploads\\\/2024\\\/08\\\/Pillars.png\",\"datePublished\":\"2024-08-31T07:07:44+00:00\",\"dateModified\":\"2025-10-21T10:22:56+00:00\",\"description\":\"Every year, more than 100.000 people die in the EU from cancer caused by carcinogens at work. This must STOP!\",\"breadcrumb\":{\"@id\":\"https:\\\/\\\/stopcarcinogensatwork.eu\\\/es\\\/general\\\/sobre-la-roadmap-on-carcinogens\\\/desafios\\\/#breadcrumb\"},\"inLanguage\":\"es\",\"potentialAction\":[{\"@type\":\"ReadAction\",\"target\":[\"https:\\\/\\\/stopcarcinogensatwork.eu\\\/es\\\/general\\\/sobre-la-roadmap-on-carcinogens\\\/desafios\\\/\"]}]},{\"@type\":\"ImageObject\",\"inLanguage\":\"es\",\"@id\":\"https:\\\/\\\/stopcarcinogensatwork.eu\\\/es\\\/general\\\/sobre-la-roadmap-on-carcinogens\\\/desafios\\\/#primaryimage\",\"url\":\"https:\\\/\\\/stopcarcinogensatwork.eu\\\/wp-content\\\/uploads\\\/2024\\\/08\\\/Pillars.png\",\"contentUrl\":\"https:\\\/\\\/stopcarcinogensatwork.eu\\\/wp-content\\\/uploads\\\/2024\\\/08\\\/Pillars.png\"},{\"@type\":\"BreadcrumbList\",\"@id\":\"https:\\\/\\\/stopcarcinogensatwork.eu\\\/es\\\/general\\\/sobre-la-roadmap-on-carcinogens\\\/desafios\\\/#breadcrumb\",\"itemListElement\":[{\"@type\":\"ListItem\",\"position\":1,\"name\":\"Home\",\"item\":\"https:\\\/\\\/stopcarcinogensatwork.eu\\\/es\\\/pagina-de-inicio\\\/\"},{\"@type\":\"ListItem\",\"position\":2,\"name\":\"General\",\"item\":\"https:\\\/\\\/stopcarcinogensatwork.eu\\\/es\\\/general\\\/\"},{\"@type\":\"ListItem\",\"position\":3,\"name\":\"Acerca del Roadmap on Carcinogens\",\"item\":\"https:\\\/\\\/stopcarcinogensatwork.eu\\\/es\\\/general\\\/sobre-la-roadmap-on-carcinogens\\\/\"},{\"@type\":\"ListItem\",\"position\":4,\"name\":\"Desaf\u00edos\"}]},{\"@type\":\"WebSite\",\"@id\":\"https:\\\/\\\/stopcarcinogensatwork.eu\\\/es\\\/#website\",\"url\":\"https:\\\/\\\/stopcarcinogensatwork.eu\\\/es\\\/\",\"name\":\"STOP Carcinogens at work\",\"description\":\"Every year, about 100.000 people die from cancer that was caused by exposure to carcinogens at work in Europe.\",\"publisher\":{\"@id\":\"https:\\\/\\\/stopcarcinogensatwork.eu\\\/es\\\/#organization\"},\"alternateName\":\"Roadmap on Carcinogens\",\"potentialAction\":[{\"@type\":\"SearchAction\",\"target\":{\"@type\":\"EntryPoint\",\"urlTemplate\":\"https:\\\/\\\/stopcarcinogensatwork.eu\\\/es\\\/?s={search_term_string}\"},\"query-input\":{\"@type\":\"PropertyValueSpecification\",\"valueRequired\":true,\"valueName\":\"search_term_string\"}}],\"inLanguage\":\"es\"},{\"@type\":\"Organization\",\"@id\":\"https:\\\/\\\/stopcarcinogensatwork.eu\\\/es\\\/#organization\",\"name\":\"TNO\",\"alternateName\":\"This is a European wide voluntary action scheme\",\"url\":\"https:\\\/\\\/stopcarcinogensatwork.eu\\\/es\\\/\",\"logo\":{\"@type\":\"ImageObject\",\"inLanguage\":\"es\",\"@id\":\"https:\\\/\\\/stopcarcinogensatwork.eu\\\/es\\\/#\\\/schema\\\/logo\\\/image\\\/\",\"url\":\"https:\\\/\\\/stopcarcinogensatwork.eu\\\/wp-content\\\/uploads\\\/2024\\\/08\\\/cropped-FavLarge-1.png\",\"contentUrl\":\"https:\\\/\\\/stopcarcinogensatwork.eu\\\/wp-content\\\/uploads\\\/2024\\\/08\\\/cropped-FavLarge-1.png\",\"width\":512,\"height\":512,\"caption\":\"TNO\"},\"image\":{\"@id\":\"https:\\\/\\\/stopcarcinogensatwork.eu\\\/es\\\/#\\\/schema\\\/logo\\\/image\\\/\"},\"publishingPrinciples\":\"https:\\\/\\\/stopcarcinogensatwork.eu\\\/homepage\\\/legal\\\/\",\"ownershipFundingInfo\":\"https:\\\/\\\/stopcarcinogensatwork.eu\\\/general\\\/about-us\\\/\"}]}<\/script>\n<!-- \/ Yoast SEO Premium plugin. -->","yoast_head_json":{"title":"Desaf\u00edos - STOP carcinogens at work","description":"Every year, more than 100.000 people die in the EU from cancer caused by carcinogens at work. This must STOP!","robots":{"index":"index","follow":"follow","max-snippet":"max-snippet:-1","max-image-preview":"max-image-preview:large","max-video-preview":"max-video-preview:-1"},"canonical":"https:\/\/stopcarcinogensatwork.eu\/es\/general\/sobre-la-roadmap-on-carcinogens\/desafios\/","og_locale":"es_ES","og_type":"article","og_title":"Desaf\u00edos","og_description":"Every year, more than 100.000 people die in the EU from cancer caused by carcinogens at work. This must STOP!","og_url":"https:\/\/stopcarcinogensatwork.eu\/es\/general\/sobre-la-roadmap-on-carcinogens\/desafios\/","og_site_name":"STOP carcinogens at work","article_modified_time":"2025-10-21T10:22:56+00:00","og_image":[{"url":"https:\/\/stopcarcinogensatwork.eu\/wp-content\/uploads\/2024\/08\/Pillars.png","type":"","width":"","height":""}],"twitter_card":"summary_large_image","twitter_misc":{"Tiempo de lectura":"6 minuto"},"schema":{"@context":"https:\/\/schema.org","@graph":[{"@type":"WebPage","@id":"https:\/\/stopcarcinogensatwork.eu\/es\/general\/sobre-la-roadmap-on-carcinogens\/desafios\/","url":"https:\/\/stopcarcinogensatwork.eu\/es\/general\/sobre-la-roadmap-on-carcinogens\/desafios\/","name":"Desaf\u00edos - STOP carcinogens at work","isPartOf":{"@id":"https:\/\/stopcarcinogensatwork.eu\/es\/#website"},"primaryImageOfPage":{"@id":"https:\/\/stopcarcinogensatwork.eu\/es\/general\/sobre-la-roadmap-on-carcinogens\/desafios\/#primaryimage"},"image":{"@id":"https:\/\/stopcarcinogensatwork.eu\/es\/general\/sobre-la-roadmap-on-carcinogens\/desafios\/#primaryimage"},"thumbnailUrl":"https:\/\/stopcarcinogensatwork.eu\/wp-content\/uploads\/2024\/08\/Pillars.png","datePublished":"2024-08-31T07:07:44+00:00","dateModified":"2025-10-21T10:22:56+00:00","description":"Every year, more than 100.000 people die in the EU from cancer caused by carcinogens at work. This must STOP!","breadcrumb":{"@id":"https:\/\/stopcarcinogensatwork.eu\/es\/general\/sobre-la-roadmap-on-carcinogens\/desafios\/#breadcrumb"},"inLanguage":"es","potentialAction":[{"@type":"ReadAction","target":["https:\/\/stopcarcinogensatwork.eu\/es\/general\/sobre-la-roadmap-on-carcinogens\/desafios\/"]}]},{"@type":"ImageObject","inLanguage":"es","@id":"https:\/\/stopcarcinogensatwork.eu\/es\/general\/sobre-la-roadmap-on-carcinogens\/desafios\/#primaryimage","url":"https:\/\/stopcarcinogensatwork.eu\/wp-content\/uploads\/2024\/08\/Pillars.png","contentUrl":"https:\/\/stopcarcinogensatwork.eu\/wp-content\/uploads\/2024\/08\/Pillars.png"},{"@type":"BreadcrumbList","@id":"https:\/\/stopcarcinogensatwork.eu\/es\/general\/sobre-la-roadmap-on-carcinogens\/desafios\/#breadcrumb","itemListElement":[{"@type":"ListItem","position":1,"name":"Home","item":"https:\/\/stopcarcinogensatwork.eu\/es\/pagina-de-inicio\/"},{"@type":"ListItem","position":2,"name":"General","item":"https:\/\/stopcarcinogensatwork.eu\/es\/general\/"},{"@type":"ListItem","position":3,"name":"Acerca del Roadmap on Carcinogens","item":"https:\/\/stopcarcinogensatwork.eu\/es\/general\/sobre-la-roadmap-on-carcinogens\/"},{"@type":"ListItem","position":4,"name":"Desaf\u00edos"}]},{"@type":"WebSite","@id":"https:\/\/stopcarcinogensatwork.eu\/es\/#website","url":"https:\/\/stopcarcinogensatwork.eu\/es\/","name":"STOP Carcinogens at work","description":"Every year, about 100.000 people die from cancer that was caused by exposure to carcinogens at work in Europe.","publisher":{"@id":"https:\/\/stopcarcinogensatwork.eu\/es\/#organization"},"alternateName":"Roadmap on Carcinogens","potentialAction":[{"@type":"SearchAction","target":{"@type":"EntryPoint","urlTemplate":"https:\/\/stopcarcinogensatwork.eu\/es\/?s={search_term_string}"},"query-input":{"@type":"PropertyValueSpecification","valueRequired":true,"valueName":"search_term_string"}}],"inLanguage":"es"},{"@type":"Organization","@id":"https:\/\/stopcarcinogensatwork.eu\/es\/#organization","name":"TNO","alternateName":"This is a European wide voluntary action scheme","url":"https:\/\/stopcarcinogensatwork.eu\/es\/","logo":{"@type":"ImageObject","inLanguage":"es","@id":"https:\/\/stopcarcinogensatwork.eu\/es\/#\/schema\/logo\/image\/","url":"https:\/\/stopcarcinogensatwork.eu\/wp-content\/uploads\/2024\/08\/cropped-FavLarge-1.png","contentUrl":"https:\/\/stopcarcinogensatwork.eu\/wp-content\/uploads\/2024\/08\/cropped-FavLarge-1.png","width":512,"height":512,"caption":"TNO"},"image":{"@id":"https:\/\/stopcarcinogensatwork.eu\/es\/#\/schema\/logo\/image\/"},"publishingPrinciples":"https:\/\/stopcarcinogensatwork.eu\/homepage\/legal\/","ownershipFundingInfo":"https:\/\/stopcarcinogensatwork.eu\/general\/about-us\/"}]}},"_links":{"self":[{"href":"https:\/\/stopcarcinogensatwork.eu\/es\/wp-json\/wp\/v2\/pages\/42325","targetHints":{"allow":["GET"]}}],"collection":[{"href":"https:\/\/stopcarcinogensatwork.eu\/es\/wp-json\/wp\/v2\/pages"}],"about":[{"href":"https:\/\/stopcarcinogensatwork.eu\/es\/wp-json\/wp\/v2\/types\/page"}],"author":[{"embeddable":true,"href":"https:\/\/stopcarcinogensatwork.eu\/es\/wp-json\/wp\/v2\/users\/1"}],"replies":[{"embeddable":true,"href":"https:\/\/stopcarcinogensatwork.eu\/es\/wp-json\/wp\/v2\/comments?post=42325"}],"version-history":[{"count":0,"href":"https:\/\/stopcarcinogensatwork.eu\/es\/wp-json\/wp\/v2\/pages\/42325\/revisions"}],"up":[{"embeddable":true,"href":"https:\/\/stopcarcinogensatwork.eu\/es\/wp-json\/wp\/v2\/pages\/55410"}],"wp:attachment":[{"href":"https:\/\/stopcarcinogensatwork.eu\/es\/wp-json\/wp\/v2\/media?parent=42325"}],"curies":[{"name":"wp","href":"https:\/\/api.w.org\/{rel}","templated":true}]}}