{"id":42380,"date":"2024-03-06T11:27:48","date_gmt":"2024-03-06T11:27:48","guid":{"rendered":"https:\/\/stopcarcinogensatwork.eu\/o-medidas-organizativas\/"},"modified":"2025-05-30T13:39:13","modified_gmt":"2025-05-30T13:39:13","slug":"o-medidas-organizativas","status":"publish","type":"page","link":"https:\/\/stopcarcinogensatwork.eu\/es\/conoce-las-estrategias-basicas-de-prevencion\/o-medidas-organizativas\/","title":{"rendered":"O - Medidas organizativas"},"content":{"rendered":"<blockquote><p>STOP sigue una jerarqu\u00eda de control. En el caso de los Cancer\u00edgenos, s\u00f3lo se permite bajar un escal\u00f3n en la jerarqu\u00eda cuando las limitaciones t\u00e9cnicas te impidan eliminar por completo la exposici\u00f3n. Aqu\u00ed nos centraremos en el tercer nivel, O de medidas organizativas. Ten en cuenta S y T antes de O. Ten en cuenta tambi\u00e9n que se puede utilizar una combinaci\u00f3n de medidas.   <\/p><\/blockquote>\n<p>Las medidas organizativas consisten en m\u00e9todos y procedimientos organizativos, pol\u00edticas internas y controles peri\u00f3dicos establecidos para verificar su aplicaci\u00f3n, incluidos los planes de mantenimiento. Las medidas organizativas a aplicar deben tener en cuenta, entre otras cosas, las especificidades del lugar de trabajo, los conocimientos del trabajador, el equipo, las tareas y el entorno. <\/p>\n<p>Qu\u00e9 debe tenerse en cuenta al evaluar la medida o medidas a aplicar:<\/p>\n<ul>\n<li>Identifica todas las \u00e1reas de trabajo y sociales<\/li>\n<li>Considera el tipo y el nivel de exposici\u00f3n de cada una de las \u00e1reas de trabajo<\/li>\n<li>Identifica a los trabajadores que necesitan acceder a cada \u00e1rea de trabajo<\/li>\n<li>Considera el tiempo medio que un trabajador necesita dedicar a cada \u00e1rea de trabajo<\/li>\n<li>Obt\u00e9n una descripci\u00f3n de cada medida, su idoneidad eficacia y eficiencia, y considera el posible efecto combinado de diferentes medidas para mejorar el control del riesgo<\/li>\n<li>Requisitos de mantenimiento<\/li>\n<\/ul>\n<h2>Algunas medidas organizativas a considerar<\/h2>\n<h3>Limitar el acceso a las zonas de riesgo<\/h3>\n<p>Teniendo en cuenta los resultados de la evaluaci\u00f3n de riesgos, los empresarios deben limitar el acceso a determinadas zonas de trabajo, limitando estrictamente dicho acceso s\u00f3lo a los trabajadores que deban estar all\u00ed. Pueden establecerse barreras f\u00edsicas para limitar el acceso de los trabajadores, por ejemplo puertas que requieran una autorizaci\u00f3n. Pueden utilizarse se\u00f1ales para identificar dichas zonas.  <\/p>\n<p>Otro aspecto importante es limitar la cantidad de tiempo que los trabajadores pasan en esa zona de trabajo. Esto puede hacerse rotando las tareas que debe realizar el trabajador o limitando la cantidad de tiempo por turno. <\/p>\n<p>Al dise\u00f1ar la distribuci\u00f3n, aseg\u00farate de tener en cuenta todas las zonas, por ejemplo, la ubicaci\u00f3n de las zonas comunes (como la cantina, las taquillas o las zonas de descanso) en relaci\u00f3n con las zonas de trabajo. Las zonas de trabajo no deben conectar directamente con las zonas sociales. <\/p>\n<h3>Higiene y protecci\u00f3n individual<\/h3>\n<p>En las zonas de trabajo en las que exista riesgo de contaminaci\u00f3n, debes aplicar medidas que garanticen que:<\/p>\n<ul>\n<li>Todos los productos qu\u00edmicos en el lugar de trabajo est\u00e1n debidamente etiquetados y existen se\u00f1ales de advertencia y seguridad adecuadas<\/li>\n<li>El lugar de trabajo se mantiene limpio y organizado<\/li>\n<li>Los trabajadores no comen, beben ni fuman<\/li>\n<li>Se proporciona a los trabajadores ropa de protecci\u00f3n adecuada u otra ropa especial apropiada<\/li>\n<li>Hay lugares separados para guardar la ropa de trabajo o de protecci\u00f3n y la ropa de calle<\/li>\n<li>Los trabajadores dispongan de instalaciones adecuadas y suficientes para lavarse y asearse<\/li>\n<li>El equipo de protecci\u00f3n se guarda adecuadamente en un lugar bien definido<\/li>\n<li>Se organiza la vigilancia sanitaria y se tienen en cuenta sus resultados<\/li>\n<\/ul>\n<p>Las pol\u00edticas internas pueden definir los lugares donde los trabajadores pueden comer, beber o fumar. Adem\u00e1s, esas pol\u00edticas pueden establecer los procedimientos que deben cumplir los trabajadores en relaci\u00f3n con los equipos de protecci\u00f3n que necesitan, es decir, sobre c\u00f3mo utilizarlos, limpiarlos, mantenerlos y guardarlos correctamente. <\/p>\n<p>Pueden incluirse medidas sencillas de higiene para recordar a los trabajadores su importancia. Por ejemplo, lavarse las manos antes de comer, limpiarse los pies al entrar y salir de las instalaciones, y definir las rutas que deben seguir los trabajadores para acceder a algunas zonas de trabajo contaminadas. <\/p>\n<h3>Informaci\u00f3n y formaci\u00f3n para los trabajadores<\/h3>\n<p>Los empresarios deben asegurarse de que los trabajadores conozcan los resultados de la evaluaci\u00f3n de riesgos, incluidos los productos qu\u00edmicos utilizados, sus propiedades peligrosas y c\u00f3mo utilizar las fichas de datos de seguridad, es decir, las medidas de primeros auxilios o los controles de exposici\u00f3n\/protecci\u00f3n personal.<\/p>\n<p>Adem\u00e1s, los trabajadores deben recibir instrucciones claras sobre las medidas aplicadas, como medidas t\u00e9cnicas, pol\u00edticas internas o procedimientos laborales de seguridad, con ilustraciones, esquemas o v\u00eddeos, si es posible.<\/p>\n<ul>\n<li>Hay que tener en cuenta las tareas y el nivel de conocimientos de los trabajadores y adaptar en consecuencia el lenguaje y el contenido de la informaci\u00f3n y la formaci\u00f3n proporcionadas.<\/li>\n<li>La informaci\u00f3n y la formaci\u00f3n de los trabajadores deben proporcionarse peri\u00f3dicamente, y deben actualizarse siempre que cambien las condiciones.<\/li>\n<li>Seg\u00fan el tipo de informaci\u00f3n\/formaci\u00f3n que necesites, puedes proporcionarla internamente y\/o buscar expertos externos.<\/li>\n<\/ul>\n","protected":false},"excerpt":{"rendered":"<p>STOP sigue una jerarqu\u00eda de control. En el caso de los Cancer\u00edgenos, s\u00f3lo se permite bajar un escal\u00f3n en la jerarqu\u00eda cuando las limitaciones t\u00e9cnicas te impidan eliminar por completo la exposici\u00f3n. Aqu\u00ed nos centraremos en el tercer nivel, O de medidas organizativas. Ten en cuenta S y T antes de O. Ten en cuenta [&hellip;]<\/p>\n","protected":false},"author":1,"featured_media":0,"parent":42408,"menu_order":0,"comment_status":"closed","ping_status":"closed","template":"","meta":{"inline_featured_image":false,"footnotes":""},"class_list":["post-42380","page","type-page","status-publish","hentry"],"yoast_head":"<!-- This site is optimized with the Yoast SEO Premium plugin v27.0 (Yoast SEO v27.3) - https:\/\/yoast.com\/product\/yoast-seo-premium-wordpress\/ -->\n<title>O - Medidas organizativas - STOP carcinogens at work<\/title>\n<meta name=\"description\" content=\"Every year, more than 100.000 people die in the EU from cancer caused by carcinogens at work. This must STOP!\" \/>\n<meta name=\"robots\" content=\"index, follow, max-snippet:-1, max-image-preview:large, max-video-preview:-1\" \/>\n<link rel=\"canonical\" href=\"https:\/\/stopcarcinogensatwork.eu\/es\/conoce-las-estrategias-basicas-de-prevencion\/o-medidas-organizativas\/\" \/>\n<meta property=\"og:locale\" content=\"es_ES\" \/>\n<meta property=\"og:type\" content=\"article\" \/>\n<meta property=\"og:title\" content=\"O - Medidas organizativas\" \/>\n<meta property=\"og:description\" content=\"Every year, more than 100.000 people die in the EU from cancer caused by carcinogens at work. This must STOP!\" \/>\n<meta property=\"og:url\" content=\"https:\/\/stopcarcinogensatwork.eu\/es\/conoce-las-estrategias-basicas-de-prevencion\/o-medidas-organizativas\/\" \/>\n<meta property=\"og:site_name\" content=\"STOP carcinogens at work\" \/>\n<meta property=\"article:modified_time\" content=\"2025-05-30T13:39:13+00:00\" \/>\n<meta name=\"twitter:card\" content=\"summary_large_image\" \/>\n<meta name=\"twitter:label1\" content=\"Tiempo de lectura\" \/>\n\t<meta name=\"twitter:data1\" content=\"4 minuto\" \/>\n<script type=\"application\/ld+json\" class=\"yoast-schema-graph\">{\"@context\":\"https:\\\/\\\/schema.org\",\"@graph\":[{\"@type\":\"WebPage\",\"@id\":\"https:\\\/\\\/stopcarcinogensatwork.eu\\\/es\\\/conoce-las-estrategias-basicas-de-prevencion\\\/o-medidas-organizativas\\\/\",\"url\":\"https:\\\/\\\/stopcarcinogensatwork.eu\\\/es\\\/conoce-las-estrategias-basicas-de-prevencion\\\/o-medidas-organizativas\\\/\",\"name\":\"O - Medidas organizativas - STOP carcinogens at work\",\"isPartOf\":{\"@id\":\"https:\\\/\\\/stopcarcinogensatwork.eu\\\/es\\\/#website\"},\"datePublished\":\"2024-03-06T11:27:48+00:00\",\"dateModified\":\"2025-05-30T13:39:13+00:00\",\"description\":\"Every year, more than 100.000 people die in the EU from cancer caused by carcinogens at work. This must STOP!\",\"breadcrumb\":{\"@id\":\"https:\\\/\\\/stopcarcinogensatwork.eu\\\/es\\\/conoce-las-estrategias-basicas-de-prevencion\\\/o-medidas-organizativas\\\/#breadcrumb\"},\"inLanguage\":\"es\",\"potentialAction\":[{\"@type\":\"ReadAction\",\"target\":[\"https:\\\/\\\/stopcarcinogensatwork.eu\\\/es\\\/conoce-las-estrategias-basicas-de-prevencion\\\/o-medidas-organizativas\\\/\"]}]},{\"@type\":\"BreadcrumbList\",\"@id\":\"https:\\\/\\\/stopcarcinogensatwork.eu\\\/es\\\/conoce-las-estrategias-basicas-de-prevencion\\\/o-medidas-organizativas\\\/#breadcrumb\",\"itemListElement\":[{\"@type\":\"ListItem\",\"position\":1,\"name\":\"Home\",\"item\":\"https:\\\/\\\/stopcarcinogensatwork.eu\\\/es\\\/pagina-de-inicio\\\/\"},{\"@type\":\"ListItem\",\"position\":2,\"name\":\"Conoce las estrategias b\u00e1sicas de prevenci\u00f3n\",\"item\":\"https:\\\/\\\/stopcarcinogensatwork.eu\\\/es\\\/conoce-las-estrategias-basicas-de-prevencion\\\/\"},{\"@type\":\"ListItem\",\"position\":3,\"name\":\"O - Medidas organizativas\"}]},{\"@type\":\"WebSite\",\"@id\":\"https:\\\/\\\/stopcarcinogensatwork.eu\\\/es\\\/#website\",\"url\":\"https:\\\/\\\/stopcarcinogensatwork.eu\\\/es\\\/\",\"name\":\"STOP Carcinogens at work\",\"description\":\"Every year, about 100.000 people die from cancer that was caused by exposure to carcinogens at work in Europe.\",\"publisher\":{\"@id\":\"https:\\\/\\\/stopcarcinogensatwork.eu\\\/es\\\/#organization\"},\"alternateName\":\"Roadmap on Carcinogens\",\"potentialAction\":[{\"@type\":\"SearchAction\",\"target\":{\"@type\":\"EntryPoint\",\"urlTemplate\":\"https:\\\/\\\/stopcarcinogensatwork.eu\\\/es\\\/?s={search_term_string}\"},\"query-input\":{\"@type\":\"PropertyValueSpecification\",\"valueRequired\":true,\"valueName\":\"search_term_string\"}}],\"inLanguage\":\"es\"},{\"@type\":\"Organization\",\"@id\":\"https:\\\/\\\/stopcarcinogensatwork.eu\\\/es\\\/#organization\",\"name\":\"TNO\",\"alternateName\":\"This is a European wide voluntary action scheme\",\"url\":\"https:\\\/\\\/stopcarcinogensatwork.eu\\\/es\\\/\",\"logo\":{\"@type\":\"ImageObject\",\"inLanguage\":\"es\",\"@id\":\"https:\\\/\\\/stopcarcinogensatwork.eu\\\/es\\\/#\\\/schema\\\/logo\\\/image\\\/\",\"url\":\"https:\\\/\\\/stopcarcinogensatwork.eu\\\/wp-content\\\/uploads\\\/2024\\\/08\\\/cropped-FavLarge-1.png\",\"contentUrl\":\"https:\\\/\\\/stopcarcinogensatwork.eu\\\/wp-content\\\/uploads\\\/2024\\\/08\\\/cropped-FavLarge-1.png\",\"width\":512,\"height\":512,\"caption\":\"TNO\"},\"image\":{\"@id\":\"https:\\\/\\\/stopcarcinogensatwork.eu\\\/es\\\/#\\\/schema\\\/logo\\\/image\\\/\"},\"publishingPrinciples\":\"https:\\\/\\\/stopcarcinogensatwork.eu\\\/homepage\\\/legal\\\/\",\"ownershipFundingInfo\":\"https:\\\/\\\/stopcarcinogensatwork.eu\\\/general\\\/about-us\\\/\"}]}<\/script>\n<!-- \/ Yoast SEO Premium plugin. -->","yoast_head_json":{"title":"O - Medidas organizativas - STOP carcinogens at work","description":"Every year, more than 100.000 people die in the EU from cancer caused by carcinogens at work. This must STOP!","robots":{"index":"index","follow":"follow","max-snippet":"max-snippet:-1","max-image-preview":"max-image-preview:large","max-video-preview":"max-video-preview:-1"},"canonical":"https:\/\/stopcarcinogensatwork.eu\/es\/conoce-las-estrategias-basicas-de-prevencion\/o-medidas-organizativas\/","og_locale":"es_ES","og_type":"article","og_title":"O - Medidas organizativas","og_description":"Every year, more than 100.000 people die in the EU from cancer caused by carcinogens at work. This must STOP!","og_url":"https:\/\/stopcarcinogensatwork.eu\/es\/conoce-las-estrategias-basicas-de-prevencion\/o-medidas-organizativas\/","og_site_name":"STOP carcinogens at work","article_modified_time":"2025-05-30T13:39:13+00:00","twitter_card":"summary_large_image","twitter_misc":{"Tiempo de lectura":"4 minuto"},"schema":{"@context":"https:\/\/schema.org","@graph":[{"@type":"WebPage","@id":"https:\/\/stopcarcinogensatwork.eu\/es\/conoce-las-estrategias-basicas-de-prevencion\/o-medidas-organizativas\/","url":"https:\/\/stopcarcinogensatwork.eu\/es\/conoce-las-estrategias-basicas-de-prevencion\/o-medidas-organizativas\/","name":"O - Medidas organizativas - STOP carcinogens at work","isPartOf":{"@id":"https:\/\/stopcarcinogensatwork.eu\/es\/#website"},"datePublished":"2024-03-06T11:27:48+00:00","dateModified":"2025-05-30T13:39:13+00:00","description":"Every year, more than 100.000 people die in the EU from cancer caused by carcinogens at work. This must STOP!","breadcrumb":{"@id":"https:\/\/stopcarcinogensatwork.eu\/es\/conoce-las-estrategias-basicas-de-prevencion\/o-medidas-organizativas\/#breadcrumb"},"inLanguage":"es","potentialAction":[{"@type":"ReadAction","target":["https:\/\/stopcarcinogensatwork.eu\/es\/conoce-las-estrategias-basicas-de-prevencion\/o-medidas-organizativas\/"]}]},{"@type":"BreadcrumbList","@id":"https:\/\/stopcarcinogensatwork.eu\/es\/conoce-las-estrategias-basicas-de-prevencion\/o-medidas-organizativas\/#breadcrumb","itemListElement":[{"@type":"ListItem","position":1,"name":"Home","item":"https:\/\/stopcarcinogensatwork.eu\/es\/pagina-de-inicio\/"},{"@type":"ListItem","position":2,"name":"Conoce las estrategias b\u00e1sicas de prevenci\u00f3n","item":"https:\/\/stopcarcinogensatwork.eu\/es\/conoce-las-estrategias-basicas-de-prevencion\/"},{"@type":"ListItem","position":3,"name":"O - Medidas organizativas"}]},{"@type":"WebSite","@id":"https:\/\/stopcarcinogensatwork.eu\/es\/#website","url":"https:\/\/stopcarcinogensatwork.eu\/es\/","name":"STOP Carcinogens at work","description":"Every year, about 100.000 people die from cancer that was caused by exposure to carcinogens at work in Europe.","publisher":{"@id":"https:\/\/stopcarcinogensatwork.eu\/es\/#organization"},"alternateName":"Roadmap on Carcinogens","potentialAction":[{"@type":"SearchAction","target":{"@type":"EntryPoint","urlTemplate":"https:\/\/stopcarcinogensatwork.eu\/es\/?s={search_term_string}"},"query-input":{"@type":"PropertyValueSpecification","valueRequired":true,"valueName":"search_term_string"}}],"inLanguage":"es"},{"@type":"Organization","@id":"https:\/\/stopcarcinogensatwork.eu\/es\/#organization","name":"TNO","alternateName":"This is a European wide voluntary action scheme","url":"https:\/\/stopcarcinogensatwork.eu\/es\/","logo":{"@type":"ImageObject","inLanguage":"es","@id":"https:\/\/stopcarcinogensatwork.eu\/es\/#\/schema\/logo\/image\/","url":"https:\/\/stopcarcinogensatwork.eu\/wp-content\/uploads\/2024\/08\/cropped-FavLarge-1.png","contentUrl":"https:\/\/stopcarcinogensatwork.eu\/wp-content\/uploads\/2024\/08\/cropped-FavLarge-1.png","width":512,"height":512,"caption":"TNO"},"image":{"@id":"https:\/\/stopcarcinogensatwork.eu\/es\/#\/schema\/logo\/image\/"},"publishingPrinciples":"https:\/\/stopcarcinogensatwork.eu\/homepage\/legal\/","ownershipFundingInfo":"https:\/\/stopcarcinogensatwork.eu\/general\/about-us\/"}]}},"_links":{"self":[{"href":"https:\/\/stopcarcinogensatwork.eu\/es\/wp-json\/wp\/v2\/pages\/42380","targetHints":{"allow":["GET"]}}],"collection":[{"href":"https:\/\/stopcarcinogensatwork.eu\/es\/wp-json\/wp\/v2\/pages"}],"about":[{"href":"https:\/\/stopcarcinogensatwork.eu\/es\/wp-json\/wp\/v2\/types\/page"}],"author":[{"embeddable":true,"href":"https:\/\/stopcarcinogensatwork.eu\/es\/wp-json\/wp\/v2\/users\/1"}],"replies":[{"embeddable":true,"href":"https:\/\/stopcarcinogensatwork.eu\/es\/wp-json\/wp\/v2\/comments?post=42380"}],"version-history":[{"count":0,"href":"https:\/\/stopcarcinogensatwork.eu\/es\/wp-json\/wp\/v2\/pages\/42380\/revisions"}],"up":[{"embeddable":true,"href":"https:\/\/stopcarcinogensatwork.eu\/es\/wp-json\/wp\/v2\/pages\/42408"}],"wp:attachment":[{"href":"https:\/\/stopcarcinogensatwork.eu\/es\/wp-json\/wp\/v2\/media?parent=42380"}],"curies":[{"name":"wp","href":"https:\/\/api.w.org\/{rel}","templated":true}]}}