{"id":42401,"date":"2024-02-17T16:45:26","date_gmt":"2024-02-17T16:45:26","guid":{"rendered":"https:\/\/stopcarcinogensatwork.eu\/t-medidas-tecnicas\/"},"modified":"2025-05-30T13:39:45","modified_gmt":"2025-05-30T13:39:45","slug":"t-medidas-tecnicas","status":"publish","type":"page","link":"https:\/\/stopcarcinogensatwork.eu\/es\/conoce-las-estrategias-basicas-de-prevencion\/t-medidas-tecnicas\/","title":{"rendered":"T - Medidas t\u00e9cnicas"},"content":{"rendered":"<blockquote><p>STOP sigue una jerarqu\u00eda de control. En el caso de los Cancer\u00edgenos, s\u00f3lo se permite bajar un escal\u00f3n en la jerarqu\u00eda cuando las limitaciones t\u00e9cnicas te impidan eliminar por completo la exposici\u00f3n. Aqu\u00ed nos centraremos en el segundo nivel, T de medidas t\u00e9cnicas. Ten en cuenta S antes que T. Ten en cuenta tambi\u00e9n que se puede utilizar una combinaci\u00f3n de medidas.   <\/p><\/blockquote>\n<p>Las medidas t\u00e9cnicas incluyen dispositivos o procesos mec\u00e1nicos que eliminan o minimizan la exposici\u00f3n a los Cancer\u00edgenos. Estas medidas t\u00e9cnicas pueden implicar el cerramiento, el uso de ventilaci\u00f3n y\/o la automatizaci\u00f3n de los procesos. <\/p>\n<p>Qu\u00e9 debe tenerse en cuenta al evaluar la medida o medidas a aplicar:<\/p>\n<ul>\n<li>Identifica todas las soluciones t\u00e9cnicas (p. ej., encapsulaci\u00f3n o ventilaci\u00f3n) ya implantadas y eval\u00faa su eficiencia\/eficacia (incluye planes de mantenimiento).<\/li>\n<li>Si es necesario, considera otras soluciones t\u00e9cnicas disponibles que puedan mejorar el control: obt\u00e9n una descripci\u00f3n de la soluci\u00f3n, su idoneidad eficacia y eficiencia<\/li>\n<li>Considera el posible efecto combinado de las soluciones t\u00e9cnicas<\/li>\n<li>Aseg\u00farate de pedir al proveedor del equipo el manual del usuario<\/li>\n<li>Aseg\u00farate de que tus trabajadores (incluidos los de limpieza y mantenimiento) reciben una formaci\u00f3n adecuada sobre las medidas t\u00e9cnicas vigentes<\/li>\n<li>Proporcionar instrucciones claras a los trabajadores sobre c\u00f3mo utilizar correctamente las medidas t\u00e9cnicas existentes: con ilustraciones, si es posible.<\/li>\n<\/ul>\n<h2>Algunas medidas t\u00e9cnicas a tener en cuenta<\/h2>\n<p>Al determinar y aplicar las mejores medidas t\u00e9cnicas, recuerda siempre tener en cuenta las especificidades del lugar de trabajo (por ejemplo, locales con equipos de ventilaci\u00f3n permanentes, instalaciones al aire libre).<\/p>\n<p>Existen diversas medidas t\u00e9cnicas que pueden aplicarse en funci\u00f3n de las condiciones del lugar de trabajo. Este folleto ofrece una amplia gama de ejemplos, teniendo en cuenta que podr\u00eda haber otras soluciones posibles. <\/p>\n<h3>Sistemas cerrados<\/h3>\n<p>Los sistemas cerrados son una medida t\u00e9cnica de protecci\u00f3n muy eficaz. Los sistemas cerrados pueden incluir el encapsulamiento, sistemas de extracci\u00f3n integrados como parte t\u00e9cnica integral del equipo de trabajo o sistemas de extracci\u00f3n altamente eficaces. <\/p>\n<h3>Contenci\u00f3n<\/h3>\n<p>Los sistemas parcialmente cerrados ofrecen acceso al proceso, pero al mismo tiempo evitan la liberaci\u00f3n de un Cancer\u00edgeno o minimizan la exposici\u00f3n. Estos sistemas suelen combinarse con sistemas de ventilaci\u00f3n por extracci\u00f3n o sistemas de flujo de aire, por ejemplo, banco de trabajo ventilado, vitrina de gases. <\/p>\n<h3>Ventilaci\u00f3n<\/h3>\n<p>Eval\u00faa la eficacia del sistema de ventilaci\u00f3n que puedas tener ya instalado y la viabilidad de la estructura del lugar de trabajo para la implantaci\u00f3n de un nuevo sistema de ventilaci\u00f3n.<\/p>\n<p>Para encontrar una ventilaci\u00f3n eficaz y eficiente, se pueden utilizar las siguientes posibilidades por separado o combinadas:<\/p>\n<ol>\n<li>Ventilaci\u00f3n natural por diluci\u00f3n<\/li>\n<li>Ventilaci\u00f3n mec\u00e1nica por diluci\u00f3n<\/li>\n<li>Ventilaci\u00f3n mec\u00e1nica<\/li>\n<\/ol>\n<p>Ponte en contacto con los proveedores para que te faciliten las especificaciones t\u00e9cnicas de los distintos sistemas de ventilaci\u00f3n.<\/p>\n<h3>Utilizar diferentes m\u00e9todos de trabajo<\/h3>\n<p>Cambiar los m\u00e9todos de trabajo tambi\u00e9n podr\u00eda ser una posibilidad para reducir la exposici\u00f3n laboral por salpicaduras de l\u00edquidos o formaci\u00f3n de polvo. Pueden considerarse diversos m\u00e9todos alternativos, como bombear en lugar de verter, aspirar o utilizar sistemas de humectaci\u00f3n en lugar de barrer. <\/p>\n<h3>Utilizar el Cancer\u00edgeno en una forma diferente<\/h3>\n<p>La forma f\u00edsica del Cancer\u00edgeno tambi\u00e9n podr\u00eda tenerse en cuenta a la hora de decidir las medidas t\u00e9cnicas a aplicar. Los polvos son m\u00e1s propensos a niveles de exposici\u00f3n m\u00e1s elevados, por lo que una forma comprimida (como un gr\u00e1nulo o una pastilla) o un gel podr\u00edan reducir la exposici\u00f3n del trabajador. Eval\u00faa la posibilidad de utilizar el Cancer\u00edgeno en una forma que pueda conducir a una menor exposici\u00f3n.  <\/p>\n<p>La forma en que se envasa el Cancer\u00edgeno puede influir en los niveles de exposici\u00f3n. Por ejemplo, utilizar envases solubles o reducir su tama\u00f1o podr\u00eda reducir la exposici\u00f3n. <\/p>\n","protected":false},"excerpt":{"rendered":"<p>STOP sigue una jerarqu\u00eda de control. En el caso de los Cancer\u00edgenos, s\u00f3lo se permite bajar un escal\u00f3n en la jerarqu\u00eda cuando las limitaciones t\u00e9cnicas te impidan eliminar por completo la exposici\u00f3n. Aqu\u00ed nos centraremos en el segundo nivel, T de medidas t\u00e9cnicas. Ten en cuenta S antes que T. Ten en cuenta tambi\u00e9n que [&hellip;]<\/p>\n","protected":false},"author":1,"featured_media":0,"parent":42408,"menu_order":0,"comment_status":"closed","ping_status":"closed","template":"","meta":{"inline_featured_image":false,"footnotes":""},"class_list":["post-42401","page","type-page","status-publish","hentry"],"yoast_head":"<!-- This site is optimized with the Yoast SEO Premium plugin v27.4 (Yoast SEO v27.5) - https:\/\/yoast.com\/product\/yoast-seo-premium-wordpress\/ -->\n<title>T - Medidas t\u00e9cnicas - STOP carcinogens at work<\/title>\n<meta name=\"description\" content=\"Every year, more than 100.000 people die in the EU from cancer caused by carcinogens at work. This must STOP!\" \/>\n<meta name=\"robots\" content=\"index, follow, max-snippet:-1, max-image-preview:large, max-video-preview:-1\" \/>\n<link rel=\"canonical\" href=\"https:\/\/stopcarcinogensatwork.eu\/es\/conoce-las-estrategias-basicas-de-prevencion\/t-medidas-tecnicas\/\" \/>\n<meta property=\"og:locale\" content=\"es_ES\" \/>\n<meta property=\"og:type\" content=\"article\" \/>\n<meta property=\"og:title\" content=\"T - Medidas t\u00e9cnicas\" \/>\n<meta property=\"og:description\" content=\"Every year, more than 100.000 people die in the EU from cancer caused by carcinogens at work. This must STOP!\" \/>\n<meta property=\"og:url\" content=\"https:\/\/stopcarcinogensatwork.eu\/es\/conoce-las-estrategias-basicas-de-prevencion\/t-medidas-tecnicas\/\" \/>\n<meta property=\"og:site_name\" content=\"STOP carcinogens at work\" \/>\n<meta property=\"article:modified_time\" content=\"2025-05-30T13:39:45+00:00\" \/>\n<meta name=\"twitter:card\" content=\"summary_large_image\" \/>\n<meta name=\"twitter:label1\" content=\"Tiempo de lectura\" \/>\n\t<meta name=\"twitter:data1\" content=\"3 minuto\" \/>\n<script type=\"application\/ld+json\" class=\"yoast-schema-graph\">{\"@context\":\"https:\\\/\\\/schema.org\",\"@graph\":[{\"@type\":\"WebPage\",\"@id\":\"https:\\\/\\\/stopcarcinogensatwork.eu\\\/es\\\/conoce-las-estrategias-basicas-de-prevencion\\\/t-medidas-tecnicas\\\/\",\"url\":\"https:\\\/\\\/stopcarcinogensatwork.eu\\\/es\\\/conoce-las-estrategias-basicas-de-prevencion\\\/t-medidas-tecnicas\\\/\",\"name\":\"T - Medidas t\u00e9cnicas - STOP carcinogens at work\",\"isPartOf\":{\"@id\":\"https:\\\/\\\/stopcarcinogensatwork.eu\\\/es\\\/#website\"},\"datePublished\":\"2024-02-17T16:45:26+00:00\",\"dateModified\":\"2025-05-30T13:39:45+00:00\",\"description\":\"Every year, more than 100.000 people die in the EU from cancer caused by carcinogens at work. This must STOP!\",\"breadcrumb\":{\"@id\":\"https:\\\/\\\/stopcarcinogensatwork.eu\\\/es\\\/conoce-las-estrategias-basicas-de-prevencion\\\/t-medidas-tecnicas\\\/#breadcrumb\"},\"inLanguage\":\"es\",\"potentialAction\":[{\"@type\":\"ReadAction\",\"target\":[\"https:\\\/\\\/stopcarcinogensatwork.eu\\\/es\\\/conoce-las-estrategias-basicas-de-prevencion\\\/t-medidas-tecnicas\\\/\"]}]},{\"@type\":\"BreadcrumbList\",\"@id\":\"https:\\\/\\\/stopcarcinogensatwork.eu\\\/es\\\/conoce-las-estrategias-basicas-de-prevencion\\\/t-medidas-tecnicas\\\/#breadcrumb\",\"itemListElement\":[{\"@type\":\"ListItem\",\"position\":1,\"name\":\"Home\",\"item\":\"https:\\\/\\\/stopcarcinogensatwork.eu\\\/es\\\/pagina-de-inicio\\\/\"},{\"@type\":\"ListItem\",\"position\":2,\"name\":\"Conoce las estrategias b\u00e1sicas de prevenci\u00f3n\",\"item\":\"https:\\\/\\\/stopcarcinogensatwork.eu\\\/es\\\/conoce-las-estrategias-basicas-de-prevencion\\\/\"},{\"@type\":\"ListItem\",\"position\":3,\"name\":\"T - Medidas t\u00e9cnicas\"}]},{\"@type\":\"WebSite\",\"@id\":\"https:\\\/\\\/stopcarcinogensatwork.eu\\\/es\\\/#website\",\"url\":\"https:\\\/\\\/stopcarcinogensatwork.eu\\\/es\\\/\",\"name\":\"STOP Carcinogens at work\",\"description\":\"Every year, about 100.000 people die from cancer that was caused by exposure to carcinogens at work in Europe.\",\"publisher\":{\"@id\":\"https:\\\/\\\/stopcarcinogensatwork.eu\\\/es\\\/#organization\"},\"alternateName\":\"Roadmap on Carcinogens\",\"potentialAction\":[{\"@type\":\"SearchAction\",\"target\":{\"@type\":\"EntryPoint\",\"urlTemplate\":\"https:\\\/\\\/stopcarcinogensatwork.eu\\\/es\\\/?s={search_term_string}\"},\"query-input\":{\"@type\":\"PropertyValueSpecification\",\"valueRequired\":true,\"valueName\":\"search_term_string\"}}],\"inLanguage\":\"es\"},{\"@type\":\"Organization\",\"@id\":\"https:\\\/\\\/stopcarcinogensatwork.eu\\\/es\\\/#organization\",\"name\":\"TNO\",\"alternateName\":\"This is a European wide voluntary action scheme\",\"url\":\"https:\\\/\\\/stopcarcinogensatwork.eu\\\/es\\\/\",\"logo\":{\"@type\":\"ImageObject\",\"inLanguage\":\"es\",\"@id\":\"https:\\\/\\\/stopcarcinogensatwork.eu\\\/es\\\/#\\\/schema\\\/logo\\\/image\\\/\",\"url\":\"https:\\\/\\\/stopcarcinogensatwork.eu\\\/wp-content\\\/uploads\\\/2024\\\/08\\\/cropped-FavLarge-1.png\",\"contentUrl\":\"https:\\\/\\\/stopcarcinogensatwork.eu\\\/wp-content\\\/uploads\\\/2024\\\/08\\\/cropped-FavLarge-1.png\",\"width\":512,\"height\":512,\"caption\":\"TNO\"},\"image\":{\"@id\":\"https:\\\/\\\/stopcarcinogensatwork.eu\\\/es\\\/#\\\/schema\\\/logo\\\/image\\\/\"},\"publishingPrinciples\":\"https:\\\/\\\/stopcarcinogensatwork.eu\\\/homepage\\\/legal\\\/\",\"ownershipFundingInfo\":\"https:\\\/\\\/stopcarcinogensatwork.eu\\\/general\\\/about-us\\\/\"}]}<\/script>\n<!-- \/ Yoast SEO Premium plugin. -->","yoast_head_json":{"title":"T - Medidas t\u00e9cnicas - STOP carcinogens at work","description":"Every year, more than 100.000 people die in the EU from cancer caused by carcinogens at work. This must STOP!","robots":{"index":"index","follow":"follow","max-snippet":"max-snippet:-1","max-image-preview":"max-image-preview:large","max-video-preview":"max-video-preview:-1"},"canonical":"https:\/\/stopcarcinogensatwork.eu\/es\/conoce-las-estrategias-basicas-de-prevencion\/t-medidas-tecnicas\/","og_locale":"es_ES","og_type":"article","og_title":"T - Medidas t\u00e9cnicas","og_description":"Every year, more than 100.000 people die in the EU from cancer caused by carcinogens at work. This must STOP!","og_url":"https:\/\/stopcarcinogensatwork.eu\/es\/conoce-las-estrategias-basicas-de-prevencion\/t-medidas-tecnicas\/","og_site_name":"STOP carcinogens at work","article_modified_time":"2025-05-30T13:39:45+00:00","twitter_card":"summary_large_image","twitter_misc":{"Tiempo de lectura":"3 minuto"},"schema":{"@context":"https:\/\/schema.org","@graph":[{"@type":"WebPage","@id":"https:\/\/stopcarcinogensatwork.eu\/es\/conoce-las-estrategias-basicas-de-prevencion\/t-medidas-tecnicas\/","url":"https:\/\/stopcarcinogensatwork.eu\/es\/conoce-las-estrategias-basicas-de-prevencion\/t-medidas-tecnicas\/","name":"T - Medidas t\u00e9cnicas - STOP carcinogens at work","isPartOf":{"@id":"https:\/\/stopcarcinogensatwork.eu\/es\/#website"},"datePublished":"2024-02-17T16:45:26+00:00","dateModified":"2025-05-30T13:39:45+00:00","description":"Every year, more than 100.000 people die in the EU from cancer caused by carcinogens at work. This must STOP!","breadcrumb":{"@id":"https:\/\/stopcarcinogensatwork.eu\/es\/conoce-las-estrategias-basicas-de-prevencion\/t-medidas-tecnicas\/#breadcrumb"},"inLanguage":"es","potentialAction":[{"@type":"ReadAction","target":["https:\/\/stopcarcinogensatwork.eu\/es\/conoce-las-estrategias-basicas-de-prevencion\/t-medidas-tecnicas\/"]}]},{"@type":"BreadcrumbList","@id":"https:\/\/stopcarcinogensatwork.eu\/es\/conoce-las-estrategias-basicas-de-prevencion\/t-medidas-tecnicas\/#breadcrumb","itemListElement":[{"@type":"ListItem","position":1,"name":"Home","item":"https:\/\/stopcarcinogensatwork.eu\/es\/pagina-de-inicio\/"},{"@type":"ListItem","position":2,"name":"Conoce las estrategias b\u00e1sicas de prevenci\u00f3n","item":"https:\/\/stopcarcinogensatwork.eu\/es\/conoce-las-estrategias-basicas-de-prevencion\/"},{"@type":"ListItem","position":3,"name":"T - Medidas t\u00e9cnicas"}]},{"@type":"WebSite","@id":"https:\/\/stopcarcinogensatwork.eu\/es\/#website","url":"https:\/\/stopcarcinogensatwork.eu\/es\/","name":"STOP Carcinogens at work","description":"Every year, about 100.000 people die from cancer that was caused by exposure to carcinogens at work in Europe.","publisher":{"@id":"https:\/\/stopcarcinogensatwork.eu\/es\/#organization"},"alternateName":"Roadmap on Carcinogens","potentialAction":[{"@type":"SearchAction","target":{"@type":"EntryPoint","urlTemplate":"https:\/\/stopcarcinogensatwork.eu\/es\/?s={search_term_string}"},"query-input":{"@type":"PropertyValueSpecification","valueRequired":true,"valueName":"search_term_string"}}],"inLanguage":"es"},{"@type":"Organization","@id":"https:\/\/stopcarcinogensatwork.eu\/es\/#organization","name":"TNO","alternateName":"This is a European wide voluntary action scheme","url":"https:\/\/stopcarcinogensatwork.eu\/es\/","logo":{"@type":"ImageObject","inLanguage":"es","@id":"https:\/\/stopcarcinogensatwork.eu\/es\/#\/schema\/logo\/image\/","url":"https:\/\/stopcarcinogensatwork.eu\/wp-content\/uploads\/2024\/08\/cropped-FavLarge-1.png","contentUrl":"https:\/\/stopcarcinogensatwork.eu\/wp-content\/uploads\/2024\/08\/cropped-FavLarge-1.png","width":512,"height":512,"caption":"TNO"},"image":{"@id":"https:\/\/stopcarcinogensatwork.eu\/es\/#\/schema\/logo\/image\/"},"publishingPrinciples":"https:\/\/stopcarcinogensatwork.eu\/homepage\/legal\/","ownershipFundingInfo":"https:\/\/stopcarcinogensatwork.eu\/general\/about-us\/"}]}},"_links":{"self":[{"href":"https:\/\/stopcarcinogensatwork.eu\/es\/wp-json\/wp\/v2\/pages\/42401","targetHints":{"allow":["GET"]}}],"collection":[{"href":"https:\/\/stopcarcinogensatwork.eu\/es\/wp-json\/wp\/v2\/pages"}],"about":[{"href":"https:\/\/stopcarcinogensatwork.eu\/es\/wp-json\/wp\/v2\/types\/page"}],"author":[{"embeddable":true,"href":"https:\/\/stopcarcinogensatwork.eu\/es\/wp-json\/wp\/v2\/users\/1"}],"replies":[{"embeddable":true,"href":"https:\/\/stopcarcinogensatwork.eu\/es\/wp-json\/wp\/v2\/comments?post=42401"}],"version-history":[{"count":0,"href":"https:\/\/stopcarcinogensatwork.eu\/es\/wp-json\/wp\/v2\/pages\/42401\/revisions"}],"up":[{"embeddable":true,"href":"https:\/\/stopcarcinogensatwork.eu\/es\/wp-json\/wp\/v2\/pages\/42408"}],"wp:attachment":[{"href":"https:\/\/stopcarcinogensatwork.eu\/es\/wp-json\/wp\/v2\/media?parent=42401"}],"curies":[{"name":"wp","href":"https:\/\/api.w.org\/{rel}","templated":true}]}}