{"id":42408,"date":"2024-01-31T15:46:56","date_gmt":"2024-01-31T15:46:56","guid":{"rendered":"https:\/\/stopcarcinogensatwork.eu\/conoce-las-estrategias-basicas-de-prevencion\/"},"modified":"2025-05-30T13:41:52","modified_gmt":"2025-05-30T13:41:52","slug":"conoce-las-estrategias-basicas-de-prevencion","status":"publish","type":"page","link":"https:\/\/stopcarcinogensatwork.eu\/es\/conoce-las-estrategias-basicas-de-prevencion\/","title":{"rendered":"Conoce las estrategias b\u00e1sicas de prevenci\u00f3n"},"content":{"rendered":"<blockquote><p>Cuando hay Cancer\u00edgenos en el lugar de trabajo, los empresarios deben hacer todo lo que est\u00e9 en su mano para evitar que los trabajadores entren en contacto con ellos. \u00a1Fomenta una cultura de salud y seguridad en tu lugar de trabajo! <\/p><\/blockquote>\n<h1>Enfoque general para la gesti\u00f3n del riesgo de Cancer\u00edgenos<\/h1>\n<p class=\"p2\"><i>De acuerdo con la definici\u00f3n de \u00abCancer\u00edgeno\u00bb del Art\u00edculo 2 a) de la Directiva CMR.  <\/i><\/p>\n<p>Los primeros pasos para luchar contra la exposici\u00f3n a Cancer\u00edgenos en el lugar de trabajo deben incluir siempre:<\/p>\n<ul>\n<li>Ten en cuenta que en todo momento deben existir unas normas m\u00ednimas de organizaci\u00f3n del trabajo y requisitos de seguridad. Sin embargo, \u00e9stas pueden no ser suficientes y podr\u00eda ser necesario adoptar medidas adicionales <\/li>\n<li>Enumera todos los Cancer\u00f3genos utilizados y sus cantidades<\/li>\n<li>Re\u00fane sus fichas de datos de seguridad<\/li>\n<li>Describe las tareas en las que se utilizan, asegur\u00e1ndote de tener en cuenta todos los Cancer\u00edgenos potenciales generados por el proceso.<\/li>\n<li>Identificar a los trabajadores potencialmente expuestos y durante cu\u00e1nto tiempo<\/li>\n<li>Ten en cuenta todo lo anterior al preparar tu evaluaci\u00f3n de riesgos en el lugar de trabajo<\/li>\n<\/ul>\n<p>Cuando des instrucciones a tus trabajadores, recuerda:<\/p>\n<ul>\n<li>Utiliza siempre un lenguaje sencillo y claro, frases cortas y directas al grano<\/li>\n<li>Busca un dise\u00f1o limpio en las instrucciones escritas<\/li>\n<li>Incluye ilustraciones\/esquemas cuando sea posible<\/li>\n<\/ul>\n<h2><strong>Principio S.T.O.P: Lo que debes tener en cuenta<\/strong><\/h2>\n<p>El principio STOP describe el orden de prioridad de las medidas de protecci\u00f3n. El empresario debe respetar este orden de prioridad al determinar y aplicar las medidas de protecci\u00f3n. Las letras individuales S-T-O-P representan distintos tipos de medidas de protecci\u00f3n:  <\/p>\n<p><strong>S &#8230; Sustituci\u00f3n<\/strong> - sustituir sustancias peligrosas por sustancias o procesos menos peligrosos. La sustituci\u00f3n es siempre la primera medida a considerar. <\/p>\n<p><a href=\"https:\/\/stopcarcinogensatwork.eu\/es\/conoce-las-estrategias-basicas-de-prevencion\/s-sustitucion\/\">M\u00e1s informaci\u00f3n sobre <strong>Sustituci\u00f3n<\/strong><\/a><\/p>\n<p><strong>T &#8230; Medidas t\u00e9cnicas<\/strong>: desde los sistemas cerrados hasta la aspiraci\u00f3n eficaz del aire, muchas t\u00e9cnicas ayudan a reducir dr\u00e1sticamente la exposici\u00f3n a los Cancer\u00edgenos.<\/p>\n<p><a href=\"https:\/\/stopcarcinogensatwork.eu\/es\/conoce-las-estrategias-basicas-de-prevencion\/t-medidas-tecnicas\/\">M\u00e1s informaci\u00f3n sobre <strong>Medidas t\u00e9cnicas<\/strong><\/a><\/p>\n<p><strong>O &#8230; Medidas organizativas<\/strong>: pueden consistir en pol\u00edticas internas y\/o m\u00e9todos organizativos. Estas medidas s\u00f3lo deben utilizarse para proporcionar protecci\u00f3n adicional. Tambi\u00e9n deben tenerse en cuenta para las emergencias y para los trabajadores que realizan trabajos de limpieza y mantenimiento con regularidad.  <\/p>\n<p><a href=\"https:\/\/stopcarcinogensatwork.eu\/es\/conoce-las-estrategias-basicas-de-prevencion\/o-medidas-organizativas\/\">M\u00e1s informaci\u00f3n sobre <strong>Medidas organizativas<\/strong><\/a><\/p>\n<p><strong>P &#8230; Protecci\u00f3n personal<\/strong> - a veces la sustituci\u00f3n no es posible y las medidas t\u00e9cnicas y organizativas no son suficientes. Entonces necesitas utilizar equipo de protecci\u00f3n personal. <\/p>\n<p><a href=\"https:\/\/stopcarcinogensatwork.eu\/es\/conoce-las-estrategias-basicas-de-prevencion\/p-proteccion-personal\/\">M\u00e1s informaci\u00f3n sobre <strong>Equipo de protecci\u00f3n personal<\/strong><\/a><\/p>\n","protected":false},"excerpt":{"rendered":"<p>Cuando hay Cancer\u00edgenos en el lugar de trabajo, los empresarios deben hacer todo lo que est\u00e9 en su mano para evitar que los trabajadores entren en contacto con ellos. \u00a1Fomenta una cultura de salud y seguridad en tu lugar de trabajo! Enfoque general para la gesti\u00f3n del riesgo de Cancer\u00edgenos De acuerdo con la definici\u00f3n [&hellip;]<\/p>\n","protected":false},"author":1,"featured_media":18752,"parent":0,"menu_order":0,"comment_status":"closed","ping_status":"closed","template":"","meta":{"inline_featured_image":false,"footnotes":""},"class_list":["post-42408","page","type-page","status-publish","hentry"],"yoast_head":"<!-- This site is optimized with the Yoast SEO Premium plugin v27.4 (Yoast SEO v27.5) - https:\/\/yoast.com\/product\/yoast-seo-premium-wordpress\/ -->\n<title>STOP Carcinogens at work: Pasos esenciales para la seguridad en el trabajo - STOP carcinogens at work<\/title>\n<meta name=\"description\" content=\"El principio STOP describe el orden de prioridad de las medidas de protecci\u00f3n a la hora de determinarlas y aplicarlas.\" \/>\n<meta name=\"robots\" content=\"index, follow, max-snippet:-1, max-image-preview:large, max-video-preview:-1\" \/>\n<link rel=\"canonical\" href=\"https:\/\/stopcarcinogensatwork.eu\/es\/conoce-las-estrategias-basicas-de-prevencion\/\" \/>\n<meta property=\"og:locale\" content=\"es_ES\" \/>\n<meta property=\"og:type\" content=\"article\" \/>\n<meta property=\"og:title\" content=\"Conoce las estrategias b\u00e1sicas de prevenci\u00f3n\" \/>\n<meta property=\"og:description\" content=\"El principio STOP describe el orden de prioridad de las medidas de protecci\u00f3n a la hora de determinarlas y aplicarlas.\" \/>\n<meta property=\"og:url\" content=\"https:\/\/stopcarcinogensatwork.eu\/es\/conoce-las-estrategias-basicas-de-prevencion\/\" \/>\n<meta property=\"og:site_name\" content=\"STOP carcinogens at work\" \/>\n<meta property=\"article:modified_time\" content=\"2025-05-30T13:41:52+00:00\" \/>\n<meta property=\"og:image\" content=\"https:\/\/stopcarcinogensatwork.eu\/wp-content\/uploads\/2024\/08\/Stop-Carcinogens-at-Work-icon-1-scaled.png\" \/>\n\t<meta property=\"og:image:width\" content=\"3000\" \/>\n\t<meta property=\"og:image:height\" content=\"2509\" \/>\n\t<meta property=\"og:image:type\" content=\"image\/png\" \/>\n<meta name=\"twitter:card\" content=\"summary_large_image\" \/>\n<meta name=\"twitter:label1\" content=\"Tiempo de lectura\" \/>\n\t<meta name=\"twitter:data1\" content=\"2 minuto\" \/>\n<script type=\"application\/ld+json\" class=\"yoast-schema-graph\">{\"@context\":\"https:\\\/\\\/schema.org\",\"@graph\":[{\"@type\":\"WebPage\",\"@id\":\"https:\\\/\\\/stopcarcinogensatwork.eu\\\/es\\\/conoce-las-estrategias-basicas-de-prevencion\\\/\",\"url\":\"https:\\\/\\\/stopcarcinogensatwork.eu\\\/es\\\/conoce-las-estrategias-basicas-de-prevencion\\\/\",\"name\":\"STOP Carcinogens at work: Pasos esenciales para la seguridad en el trabajo - STOP carcinogens at work\",\"isPartOf\":{\"@id\":\"https:\\\/\\\/stopcarcinogensatwork.eu\\\/es\\\/#website\"},\"primaryImageOfPage\":{\"@id\":\"https:\\\/\\\/stopcarcinogensatwork.eu\\\/es\\\/conoce-las-estrategias-basicas-de-prevencion\\\/#primaryimage\"},\"image\":{\"@id\":\"https:\\\/\\\/stopcarcinogensatwork.eu\\\/es\\\/conoce-las-estrategias-basicas-de-prevencion\\\/#primaryimage\"},\"thumbnailUrl\":\"https:\\\/\\\/stopcarcinogensatwork.eu\\\/wp-content\\\/uploads\\\/2024\\\/08\\\/Stop-Carcinogens-at-Work-icon-1-scaled.png\",\"datePublished\":\"2024-01-31T15:46:56+00:00\",\"dateModified\":\"2025-05-30T13:41:52+00:00\",\"description\":\"El principio STOP describe el orden de prioridad de las medidas de protecci\u00f3n a la hora de determinarlas y aplicarlas.\",\"breadcrumb\":{\"@id\":\"https:\\\/\\\/stopcarcinogensatwork.eu\\\/es\\\/conoce-las-estrategias-basicas-de-prevencion\\\/#breadcrumb\"},\"inLanguage\":\"es\",\"potentialAction\":[{\"@type\":\"ReadAction\",\"target\":[\"https:\\\/\\\/stopcarcinogensatwork.eu\\\/es\\\/conoce-las-estrategias-basicas-de-prevencion\\\/\"]}]},{\"@type\":\"ImageObject\",\"inLanguage\":\"es\",\"@id\":\"https:\\\/\\\/stopcarcinogensatwork.eu\\\/es\\\/conoce-las-estrategias-basicas-de-prevencion\\\/#primaryimage\",\"url\":\"https:\\\/\\\/stopcarcinogensatwork.eu\\\/wp-content\\\/uploads\\\/2024\\\/08\\\/Stop-Carcinogens-at-Work-icon-1-scaled.png\",\"contentUrl\":\"https:\\\/\\\/stopcarcinogensatwork.eu\\\/wp-content\\\/uploads\\\/2024\\\/08\\\/Stop-Carcinogens-at-Work-icon-1-scaled.png\",\"width\":3000,\"height\":2509},{\"@type\":\"BreadcrumbList\",\"@id\":\"https:\\\/\\\/stopcarcinogensatwork.eu\\\/es\\\/conoce-las-estrategias-basicas-de-prevencion\\\/#breadcrumb\",\"itemListElement\":[{\"@type\":\"ListItem\",\"position\":1,\"name\":\"Home\",\"item\":\"https:\\\/\\\/stopcarcinogensatwork.eu\\\/es\\\/pagina-de-inicio\\\/\"},{\"@type\":\"ListItem\",\"position\":2,\"name\":\"Conoce las estrategias b\u00e1sicas de prevenci\u00f3n\"}]},{\"@type\":\"WebSite\",\"@id\":\"https:\\\/\\\/stopcarcinogensatwork.eu\\\/es\\\/#website\",\"url\":\"https:\\\/\\\/stopcarcinogensatwork.eu\\\/es\\\/\",\"name\":\"STOP Carcinogens at work\",\"description\":\"Every year, about 100.000 people die from cancer that was caused by exposure to carcinogens at work in Europe.\",\"publisher\":{\"@id\":\"https:\\\/\\\/stopcarcinogensatwork.eu\\\/es\\\/#organization\"},\"alternateName\":\"Roadmap on Carcinogens\",\"potentialAction\":[{\"@type\":\"SearchAction\",\"target\":{\"@type\":\"EntryPoint\",\"urlTemplate\":\"https:\\\/\\\/stopcarcinogensatwork.eu\\\/es\\\/?s={search_term_string}\"},\"query-input\":{\"@type\":\"PropertyValueSpecification\",\"valueRequired\":true,\"valueName\":\"search_term_string\"}}],\"inLanguage\":\"es\"},{\"@type\":\"Organization\",\"@id\":\"https:\\\/\\\/stopcarcinogensatwork.eu\\\/es\\\/#organization\",\"name\":\"TNO\",\"alternateName\":\"This is a European wide voluntary action scheme\",\"url\":\"https:\\\/\\\/stopcarcinogensatwork.eu\\\/es\\\/\",\"logo\":{\"@type\":\"ImageObject\",\"inLanguage\":\"es\",\"@id\":\"https:\\\/\\\/stopcarcinogensatwork.eu\\\/es\\\/#\\\/schema\\\/logo\\\/image\\\/\",\"url\":\"https:\\\/\\\/stopcarcinogensatwork.eu\\\/wp-content\\\/uploads\\\/2024\\\/08\\\/cropped-FavLarge-1.png\",\"contentUrl\":\"https:\\\/\\\/stopcarcinogensatwork.eu\\\/wp-content\\\/uploads\\\/2024\\\/08\\\/cropped-FavLarge-1.png\",\"width\":512,\"height\":512,\"caption\":\"TNO\"},\"image\":{\"@id\":\"https:\\\/\\\/stopcarcinogensatwork.eu\\\/es\\\/#\\\/schema\\\/logo\\\/image\\\/\"},\"publishingPrinciples\":\"https:\\\/\\\/stopcarcinogensatwork.eu\\\/homepage\\\/legal\\\/\",\"ownershipFundingInfo\":\"https:\\\/\\\/stopcarcinogensatwork.eu\\\/general\\\/about-us\\\/\"}]}<\/script>\n<!-- \/ Yoast SEO Premium plugin. -->","yoast_head_json":{"title":"STOP Carcinogens at work: Pasos esenciales para la seguridad en el trabajo - STOP carcinogens at work","description":"El principio STOP describe el orden de prioridad de las medidas de protecci\u00f3n a la hora de determinarlas y aplicarlas.","robots":{"index":"index","follow":"follow","max-snippet":"max-snippet:-1","max-image-preview":"max-image-preview:large","max-video-preview":"max-video-preview:-1"},"canonical":"https:\/\/stopcarcinogensatwork.eu\/es\/conoce-las-estrategias-basicas-de-prevencion\/","og_locale":"es_ES","og_type":"article","og_title":"Conoce las estrategias b\u00e1sicas de prevenci\u00f3n","og_description":"El principio STOP describe el orden de prioridad de las medidas de protecci\u00f3n a la hora de determinarlas y aplicarlas.","og_url":"https:\/\/stopcarcinogensatwork.eu\/es\/conoce-las-estrategias-basicas-de-prevencion\/","og_site_name":"STOP carcinogens at work","article_modified_time":"2025-05-30T13:41:52+00:00","og_image":[{"width":3000,"height":2509,"url":"https:\/\/stopcarcinogensatwork.eu\/wp-content\/uploads\/2024\/08\/Stop-Carcinogens-at-Work-icon-1-scaled.png","type":"image\/png"}],"twitter_card":"summary_large_image","twitter_misc":{"Tiempo de lectura":"2 minuto"},"schema":{"@context":"https:\/\/schema.org","@graph":[{"@type":"WebPage","@id":"https:\/\/stopcarcinogensatwork.eu\/es\/conoce-las-estrategias-basicas-de-prevencion\/","url":"https:\/\/stopcarcinogensatwork.eu\/es\/conoce-las-estrategias-basicas-de-prevencion\/","name":"STOP Carcinogens at work: Pasos esenciales para la seguridad en el trabajo - STOP carcinogens at work","isPartOf":{"@id":"https:\/\/stopcarcinogensatwork.eu\/es\/#website"},"primaryImageOfPage":{"@id":"https:\/\/stopcarcinogensatwork.eu\/es\/conoce-las-estrategias-basicas-de-prevencion\/#primaryimage"},"image":{"@id":"https:\/\/stopcarcinogensatwork.eu\/es\/conoce-las-estrategias-basicas-de-prevencion\/#primaryimage"},"thumbnailUrl":"https:\/\/stopcarcinogensatwork.eu\/wp-content\/uploads\/2024\/08\/Stop-Carcinogens-at-Work-icon-1-scaled.png","datePublished":"2024-01-31T15:46:56+00:00","dateModified":"2025-05-30T13:41:52+00:00","description":"El principio STOP describe el orden de prioridad de las medidas de protecci\u00f3n a la hora de determinarlas y aplicarlas.","breadcrumb":{"@id":"https:\/\/stopcarcinogensatwork.eu\/es\/conoce-las-estrategias-basicas-de-prevencion\/#breadcrumb"},"inLanguage":"es","potentialAction":[{"@type":"ReadAction","target":["https:\/\/stopcarcinogensatwork.eu\/es\/conoce-las-estrategias-basicas-de-prevencion\/"]}]},{"@type":"ImageObject","inLanguage":"es","@id":"https:\/\/stopcarcinogensatwork.eu\/es\/conoce-las-estrategias-basicas-de-prevencion\/#primaryimage","url":"https:\/\/stopcarcinogensatwork.eu\/wp-content\/uploads\/2024\/08\/Stop-Carcinogens-at-Work-icon-1-scaled.png","contentUrl":"https:\/\/stopcarcinogensatwork.eu\/wp-content\/uploads\/2024\/08\/Stop-Carcinogens-at-Work-icon-1-scaled.png","width":3000,"height":2509},{"@type":"BreadcrumbList","@id":"https:\/\/stopcarcinogensatwork.eu\/es\/conoce-las-estrategias-basicas-de-prevencion\/#breadcrumb","itemListElement":[{"@type":"ListItem","position":1,"name":"Home","item":"https:\/\/stopcarcinogensatwork.eu\/es\/pagina-de-inicio\/"},{"@type":"ListItem","position":2,"name":"Conoce las estrategias b\u00e1sicas de prevenci\u00f3n"}]},{"@type":"WebSite","@id":"https:\/\/stopcarcinogensatwork.eu\/es\/#website","url":"https:\/\/stopcarcinogensatwork.eu\/es\/","name":"STOP Carcinogens at work","description":"Every year, about 100.000 people die from cancer that was caused by exposure to carcinogens at work in Europe.","publisher":{"@id":"https:\/\/stopcarcinogensatwork.eu\/es\/#organization"},"alternateName":"Roadmap on Carcinogens","potentialAction":[{"@type":"SearchAction","target":{"@type":"EntryPoint","urlTemplate":"https:\/\/stopcarcinogensatwork.eu\/es\/?s={search_term_string}"},"query-input":{"@type":"PropertyValueSpecification","valueRequired":true,"valueName":"search_term_string"}}],"inLanguage":"es"},{"@type":"Organization","@id":"https:\/\/stopcarcinogensatwork.eu\/es\/#organization","name":"TNO","alternateName":"This is a European wide voluntary action scheme","url":"https:\/\/stopcarcinogensatwork.eu\/es\/","logo":{"@type":"ImageObject","inLanguage":"es","@id":"https:\/\/stopcarcinogensatwork.eu\/es\/#\/schema\/logo\/image\/","url":"https:\/\/stopcarcinogensatwork.eu\/wp-content\/uploads\/2024\/08\/cropped-FavLarge-1.png","contentUrl":"https:\/\/stopcarcinogensatwork.eu\/wp-content\/uploads\/2024\/08\/cropped-FavLarge-1.png","width":512,"height":512,"caption":"TNO"},"image":{"@id":"https:\/\/stopcarcinogensatwork.eu\/es\/#\/schema\/logo\/image\/"},"publishingPrinciples":"https:\/\/stopcarcinogensatwork.eu\/homepage\/legal\/","ownershipFundingInfo":"https:\/\/stopcarcinogensatwork.eu\/general\/about-us\/"}]}},"_links":{"self":[{"href":"https:\/\/stopcarcinogensatwork.eu\/es\/wp-json\/wp\/v2\/pages\/42408","targetHints":{"allow":["GET"]}}],"collection":[{"href":"https:\/\/stopcarcinogensatwork.eu\/es\/wp-json\/wp\/v2\/pages"}],"about":[{"href":"https:\/\/stopcarcinogensatwork.eu\/es\/wp-json\/wp\/v2\/types\/page"}],"author":[{"embeddable":true,"href":"https:\/\/stopcarcinogensatwork.eu\/es\/wp-json\/wp\/v2\/users\/1"}],"replies":[{"embeddable":true,"href":"https:\/\/stopcarcinogensatwork.eu\/es\/wp-json\/wp\/v2\/comments?post=42408"}],"version-history":[{"count":0,"href":"https:\/\/stopcarcinogensatwork.eu\/es\/wp-json\/wp\/v2\/pages\/42408\/revisions"}],"wp:featuredmedia":[{"embeddable":true,"href":"https:\/\/stopcarcinogensatwork.eu\/es\/wp-json\/wp\/v2\/media\/18752"}],"wp:attachment":[{"href":"https:\/\/stopcarcinogensatwork.eu\/es\/wp-json\/wp\/v2\/media?parent=42408"}],"curies":[{"name":"wp","href":"https:\/\/api.w.org\/{rel}","templated":true}]}}