{"id":42560,"date":"2023-08-15T07:25:38","date_gmt":"2023-08-15T07:25:38","guid":{"rendered":"https:\/\/stopcarcinogensatwork.eu\/general\/introduccion-sustancias-cancerigenas\/"},"modified":"2025-05-19T10:54:14","modified_gmt":"2025-05-19T10:54:14","slug":"introduccion-sustancias-cancerigenas","status":"publish","type":"page","link":"https:\/\/stopcarcinogensatwork.eu\/es\/general\/introduccion-sustancias-cancerigenas\/","title":{"rendered":"Introducci\u00f3n a las sustancias Cancer\u00edgenas"},"content":{"rendered":"<blockquote><p>Las sustancias cancer\u00edgenas, o Cancer\u00edgenos, son agentes causantes de c\u00e1ncer. Un ejemplo bien conocido es el amianto, sustancia responsable de miles de v\u00edctimas que sufren y mueren por la exposici\u00f3n a las part\u00edculas de amianto. Muchas otras sustancias Cancer\u00edgenas son menos conocidas, pero ten en cuenta que incluso los productos naturales, como el polvo de la madera dura, pueden provocar c\u00e1ncer. \u00a1Aseg\u00farate de saber con qu\u00e9 trabajas!   <\/p><\/blockquote>\n<h2>Tipos de sustancias Cancer\u00edgenas<\/h2>\n<h3>Los agentes cancer\u00edgenos se manifiestan de distintas formas:<\/h3>\n<ul>\n<li>Aspecto: Los agentes Cancer\u00edgenos pueden aparecer en los productos que se utilizan en las empresas, incluyendo variantes qu\u00edmicas como ciertos pesticidas y pinturas industriales. Pero tambi\u00e9n pueden ser el resultado de un proceso (Cancer\u00edgenos generados por procesos), como las emisiones de gas\u00f3leo o los humos de soldadura. <\/li>\n<li>Algunos Cancer\u00edgenos pueden inhalarse y entrar, por ejemplo, en el torrente sangu\u00edneo y en los \u00f3rganos, incluido el cerebro. Otros pueden entrar a trav\u00e9s de la piel. Una vez que los Cancer\u00edgenos han entrado en el cuerpo, pueden da\u00f1ar el ADN de los trabajadores o cambiar la forma en que las c\u00e9lulas del cuerpo funcionan y se replican. Esto puede provocar c\u00e1ncer y otros problemas de salud.   <\/li>\n<li>Productos naturales: Incluso los productos naturales pueden causar c\u00e1ncer en caso de exposiciones elevadas y prolongadas, como el polvo de la madera dura y la s\u00edlice y el cuarzo de ciertos tipos de piedra.<\/li>\n<\/ul>\n<p>Consulta las <a href=\"https:\/\/stopcarcinogensatwork.eu\/search\/\">fichas<\/a> para obtener informaci\u00f3n sobre las distintas sustancias Cancer\u00edgenas.<\/p>\n<h2>Legislaci\u00f3n sobre sustancias Cancer\u00edgenas<\/h2>\n<p>Para proteger a los trabajadores de la exposici\u00f3n a agentes cancer\u00edgenos, la UE ha elaborado la Directiva sobre <a href=\"https:\/\/osha.europa.eu\/nl\/legislation\/directive\/directive-200437ec-carcinogens-or-mutagens-work\">agentes cancer\u00edgenos, mut\u00e1genos o sustancias t\u00f3xicas para la reproducci\u00f3n<\/a>. En esta directiva se prescriben los siguientes procedimientos: <\/p>\n<ul>\n<li><strong>Evaluaci\u00f3n de riesgos:<\/strong> El empresario debe comprobar y gestionar el riesgo de exposici\u00f3n a sustancias cancer\u00edgenas, mut\u00e1genas (que alteran los genes) o reprot\u00f3xicas (que da\u00f1an la reproducci\u00f3n) (CMR). Esta comprobaci\u00f3n debe hacerse peri\u00f3dicamente. <\/li>\n<li><strong>Medidas de prevenci\u00f3n:<\/strong> Los trabajadores no deben estar expuestos a CMR. El empresario debe utilizar sustancias m\u00e1s seguras si es posible. Si no es posible utilizar un sistema cerrado, debe minimizarse la exposici\u00f3n. La exposici\u00f3n no debe superar el l\u00edmite permitido de una sustancia cancer\u00edgena (m\u00e1s informaci\u00f3n: principio STOP).   <\/li>\n<li><strong>Informaci\u00f3n y formaci\u00f3n:<\/strong> El empresario debe dar una formaci\u00f3n adecuada sobre los riesgos para la salud, c\u00f3mo evitar la exposici\u00f3n, las normas de higiene, los equipos de protecci\u00f3n y qu\u00e9 hacer en caso de incidentes.<\/li>\n<li><strong>Vigilancia sanitaria:<\/strong> Si se establece un valor l\u00edmite biol\u00f3gico (ver m\u00e1s abajo), se exigen controles de salud. Hay que informar de ello a los trabajadores antes de que empiecen la tarea de riesgo. <\/li>\n<\/ul>\n<h2>L\u00edmites de exposici\u00f3n profesional<\/h2>\n<p>Las autoridades reguladoras de la UE y nacionales establecen l\u00edmites de exposici\u00f3n a sustancias peligrosas, como los Cancer\u00edgenos. Estos l\u00edmites de exposici\u00f3n profesional (LEP) son valores reglamentarios que indican los niveles de exposici\u00f3n que se consideran seguros (basados en la salud) para una sustancia qu\u00edmica en el aire de un lugar de trabajo. Esencialmente, sirven como normas de seguridad para proteger la salud de los trabajadores. Consulta las <a href=\"https:\/\/stopcarcinogensatwork.eu\/search\/\">fichas informativas<\/a> sobre la exposici\u00f3n profesional .   <\/p>\n<p>La informaci\u00f3n de esta p\u00e1gina procede de los siguientes sitios web:<\/p>\n<ul>\n<li><a href=\"https:\/\/osha.europa.eu\/nl\/legislation\/directive\/directive-200437ec-carcinogens-or-mutagens-work\" target=\"_blank\" rel=\"noopener\">OSHA<\/a><\/li>\n<li><a href=\"http:\/\/www.cancer.org\">www.cancer.org<\/a><\/li>\n<li><a href=\"http:\/\/www.rivm.nl\">www.rivm.nl<\/a><\/li>\n<li><a href=\"http:\/\/monographs.iarc.fr\/\">monografias.iarc.fr<\/a><\/li>\n<\/ul>\n","protected":false},"excerpt":{"rendered":"<p>Las sustancias cancer\u00edgenas, o Cancer\u00edgenos, son agentes causantes de c\u00e1ncer. Un ejemplo bien conocido es el amianto, sustancia responsable de miles de v\u00edctimas que sufren y mueren por la exposici\u00f3n a las part\u00edculas de amianto. Muchas otras sustancias Cancer\u00edgenas son menos conocidas, pero ten en cuenta que incluso los productos naturales, como el polvo de [&hellip;]<\/p>\n","protected":false},"author":1,"featured_media":0,"parent":42344,"menu_order":0,"comment_status":"closed","ping_status":"closed","template":"","meta":{"inline_featured_image":false,"footnotes":""},"class_list":["post-42560","page","type-page","status-publish","hentry"],"yoast_head":"<!-- This site is optimized with the Yoast SEO Premium plugin v27.0 (Yoast SEO v27.3) - https:\/\/yoast.com\/product\/yoast-seo-premium-wordpress\/ -->\n<title>Introducci\u00f3n a las sustancias Cancer\u00edgenas - STOP carcinogens at work<\/title>\n<meta name=\"description\" content=\"Anualmente mueren en Europa unas 100.000 personas de c\u00e1ncer causado por sustancias Cancer\u00edgenas en el trabajo. Prevenir la exposici\u00f3n en el trabajo.\" \/>\n<meta name=\"robots\" content=\"index, follow, max-snippet:-1, max-image-preview:large, max-video-preview:-1\" \/>\n<link rel=\"canonical\" href=\"https:\/\/stopcarcinogensatwork.eu\/es\/general\/introduccion-sustancias-cancerigenas\/\" \/>\n<meta property=\"og:locale\" content=\"es_ES\" \/>\n<meta property=\"og:type\" content=\"article\" \/>\n<meta property=\"og:title\" content=\"Introducci\u00f3n a las sustancias Cancer\u00edgenas\" \/>\n<meta property=\"og:description\" content=\"Anualmente mueren en Europa unas 100.000 personas de c\u00e1ncer causado por sustancias Cancer\u00edgenas en el trabajo. Prevenir la exposici\u00f3n en el trabajo.\" \/>\n<meta property=\"og:url\" content=\"https:\/\/stopcarcinogensatwork.eu\/es\/general\/introduccion-sustancias-cancerigenas\/\" \/>\n<meta property=\"og:site_name\" content=\"STOP carcinogens at work\" \/>\n<meta property=\"article:modified_time\" content=\"2025-05-19T10:54:14+00:00\" \/>\n<meta name=\"twitter:card\" content=\"summary_large_image\" \/>\n<meta name=\"twitter:label1\" content=\"Tiempo de lectura\" \/>\n\t<meta name=\"twitter:data1\" content=\"3 minuto\" \/>\n<script type=\"application\/ld+json\" class=\"yoast-schema-graph\">{\"@context\":\"https:\\\/\\\/schema.org\",\"@graph\":[{\"@type\":\"WebPage\",\"@id\":\"https:\\\/\\\/stopcarcinogensatwork.eu\\\/es\\\/general\\\/introduccion-sustancias-cancerigenas\\\/\",\"url\":\"https:\\\/\\\/stopcarcinogensatwork.eu\\\/es\\\/general\\\/introduccion-sustancias-cancerigenas\\\/\",\"name\":\"Introducci\u00f3n a las sustancias Cancer\u00edgenas - STOP carcinogens at work\",\"isPartOf\":{\"@id\":\"https:\\\/\\\/stopcarcinogensatwork.eu\\\/es\\\/#website\"},\"datePublished\":\"2023-08-15T07:25:38+00:00\",\"dateModified\":\"2025-05-19T10:54:14+00:00\",\"description\":\"Anualmente mueren en Europa unas 100.000 personas de c\u00e1ncer causado por sustancias Cancer\u00edgenas en el trabajo. Prevenir la exposici\u00f3n en el trabajo.\",\"breadcrumb\":{\"@id\":\"https:\\\/\\\/stopcarcinogensatwork.eu\\\/es\\\/general\\\/introduccion-sustancias-cancerigenas\\\/#breadcrumb\"},\"inLanguage\":\"es\",\"potentialAction\":[{\"@type\":\"ReadAction\",\"target\":[\"https:\\\/\\\/stopcarcinogensatwork.eu\\\/es\\\/general\\\/introduccion-sustancias-cancerigenas\\\/\"]}]},{\"@type\":\"BreadcrumbList\",\"@id\":\"https:\\\/\\\/stopcarcinogensatwork.eu\\\/es\\\/general\\\/introduccion-sustancias-cancerigenas\\\/#breadcrumb\",\"itemListElement\":[{\"@type\":\"ListItem\",\"position\":1,\"name\":\"Home\",\"item\":\"https:\\\/\\\/stopcarcinogensatwork.eu\\\/es\\\/pagina-de-inicio\\\/\"},{\"@type\":\"ListItem\",\"position\":2,\"name\":\"General\",\"item\":\"https:\\\/\\\/stopcarcinogensatwork.eu\\\/es\\\/general\\\/\"},{\"@type\":\"ListItem\",\"position\":3,\"name\":\"Introducci\u00f3n a las sustancias Cancer\u00edgenas\"}]},{\"@type\":\"WebSite\",\"@id\":\"https:\\\/\\\/stopcarcinogensatwork.eu\\\/es\\\/#website\",\"url\":\"https:\\\/\\\/stopcarcinogensatwork.eu\\\/es\\\/\",\"name\":\"STOP Carcinogens at work\",\"description\":\"Every year, about 100.000 people die from cancer that was caused by exposure to carcinogens at work in Europe.\",\"publisher\":{\"@id\":\"https:\\\/\\\/stopcarcinogensatwork.eu\\\/es\\\/#organization\"},\"alternateName\":\"Roadmap on Carcinogens\",\"potentialAction\":[{\"@type\":\"SearchAction\",\"target\":{\"@type\":\"EntryPoint\",\"urlTemplate\":\"https:\\\/\\\/stopcarcinogensatwork.eu\\\/es\\\/?s={search_term_string}\"},\"query-input\":{\"@type\":\"PropertyValueSpecification\",\"valueRequired\":true,\"valueName\":\"search_term_string\"}}],\"inLanguage\":\"es\"},{\"@type\":\"Organization\",\"@id\":\"https:\\\/\\\/stopcarcinogensatwork.eu\\\/es\\\/#organization\",\"name\":\"TNO\",\"alternateName\":\"This is a European wide voluntary action scheme\",\"url\":\"https:\\\/\\\/stopcarcinogensatwork.eu\\\/es\\\/\",\"logo\":{\"@type\":\"ImageObject\",\"inLanguage\":\"es\",\"@id\":\"https:\\\/\\\/stopcarcinogensatwork.eu\\\/es\\\/#\\\/schema\\\/logo\\\/image\\\/\",\"url\":\"https:\\\/\\\/stopcarcinogensatwork.eu\\\/wp-content\\\/uploads\\\/2024\\\/08\\\/cropped-FavLarge-1.png\",\"contentUrl\":\"https:\\\/\\\/stopcarcinogensatwork.eu\\\/wp-content\\\/uploads\\\/2024\\\/08\\\/cropped-FavLarge-1.png\",\"width\":512,\"height\":512,\"caption\":\"TNO\"},\"image\":{\"@id\":\"https:\\\/\\\/stopcarcinogensatwork.eu\\\/es\\\/#\\\/schema\\\/logo\\\/image\\\/\"},\"publishingPrinciples\":\"https:\\\/\\\/stopcarcinogensatwork.eu\\\/homepage\\\/legal\\\/\",\"ownershipFundingInfo\":\"https:\\\/\\\/stopcarcinogensatwork.eu\\\/general\\\/about-us\\\/\"}]}<\/script>\n<!-- \/ Yoast SEO Premium plugin. -->","yoast_head_json":{"title":"Introducci\u00f3n a las sustancias Cancer\u00edgenas - STOP carcinogens at work","description":"Anualmente mueren en Europa unas 100.000 personas de c\u00e1ncer causado por sustancias Cancer\u00edgenas en el trabajo. Prevenir la exposici\u00f3n en el trabajo.","robots":{"index":"index","follow":"follow","max-snippet":"max-snippet:-1","max-image-preview":"max-image-preview:large","max-video-preview":"max-video-preview:-1"},"canonical":"https:\/\/stopcarcinogensatwork.eu\/es\/general\/introduccion-sustancias-cancerigenas\/","og_locale":"es_ES","og_type":"article","og_title":"Introducci\u00f3n a las sustancias Cancer\u00edgenas","og_description":"Anualmente mueren en Europa unas 100.000 personas de c\u00e1ncer causado por sustancias Cancer\u00edgenas en el trabajo. Prevenir la exposici\u00f3n en el trabajo.","og_url":"https:\/\/stopcarcinogensatwork.eu\/es\/general\/introduccion-sustancias-cancerigenas\/","og_site_name":"STOP carcinogens at work","article_modified_time":"2025-05-19T10:54:14+00:00","twitter_card":"summary_large_image","twitter_misc":{"Tiempo de lectura":"3 minuto"},"schema":{"@context":"https:\/\/schema.org","@graph":[{"@type":"WebPage","@id":"https:\/\/stopcarcinogensatwork.eu\/es\/general\/introduccion-sustancias-cancerigenas\/","url":"https:\/\/stopcarcinogensatwork.eu\/es\/general\/introduccion-sustancias-cancerigenas\/","name":"Introducci\u00f3n a las sustancias Cancer\u00edgenas - STOP carcinogens at work","isPartOf":{"@id":"https:\/\/stopcarcinogensatwork.eu\/es\/#website"},"datePublished":"2023-08-15T07:25:38+00:00","dateModified":"2025-05-19T10:54:14+00:00","description":"Anualmente mueren en Europa unas 100.000 personas de c\u00e1ncer causado por sustancias Cancer\u00edgenas en el trabajo. Prevenir la exposici\u00f3n en el trabajo.","breadcrumb":{"@id":"https:\/\/stopcarcinogensatwork.eu\/es\/general\/introduccion-sustancias-cancerigenas\/#breadcrumb"},"inLanguage":"es","potentialAction":[{"@type":"ReadAction","target":["https:\/\/stopcarcinogensatwork.eu\/es\/general\/introduccion-sustancias-cancerigenas\/"]}]},{"@type":"BreadcrumbList","@id":"https:\/\/stopcarcinogensatwork.eu\/es\/general\/introduccion-sustancias-cancerigenas\/#breadcrumb","itemListElement":[{"@type":"ListItem","position":1,"name":"Home","item":"https:\/\/stopcarcinogensatwork.eu\/es\/pagina-de-inicio\/"},{"@type":"ListItem","position":2,"name":"General","item":"https:\/\/stopcarcinogensatwork.eu\/es\/general\/"},{"@type":"ListItem","position":3,"name":"Introducci\u00f3n a las sustancias Cancer\u00edgenas"}]},{"@type":"WebSite","@id":"https:\/\/stopcarcinogensatwork.eu\/es\/#website","url":"https:\/\/stopcarcinogensatwork.eu\/es\/","name":"STOP Carcinogens at work","description":"Every year, about 100.000 people die from cancer that was caused by exposure to carcinogens at work in Europe.","publisher":{"@id":"https:\/\/stopcarcinogensatwork.eu\/es\/#organization"},"alternateName":"Roadmap on Carcinogens","potentialAction":[{"@type":"SearchAction","target":{"@type":"EntryPoint","urlTemplate":"https:\/\/stopcarcinogensatwork.eu\/es\/?s={search_term_string}"},"query-input":{"@type":"PropertyValueSpecification","valueRequired":true,"valueName":"search_term_string"}}],"inLanguage":"es"},{"@type":"Organization","@id":"https:\/\/stopcarcinogensatwork.eu\/es\/#organization","name":"TNO","alternateName":"This is a European wide voluntary action scheme","url":"https:\/\/stopcarcinogensatwork.eu\/es\/","logo":{"@type":"ImageObject","inLanguage":"es","@id":"https:\/\/stopcarcinogensatwork.eu\/es\/#\/schema\/logo\/image\/","url":"https:\/\/stopcarcinogensatwork.eu\/wp-content\/uploads\/2024\/08\/cropped-FavLarge-1.png","contentUrl":"https:\/\/stopcarcinogensatwork.eu\/wp-content\/uploads\/2024\/08\/cropped-FavLarge-1.png","width":512,"height":512,"caption":"TNO"},"image":{"@id":"https:\/\/stopcarcinogensatwork.eu\/es\/#\/schema\/logo\/image\/"},"publishingPrinciples":"https:\/\/stopcarcinogensatwork.eu\/homepage\/legal\/","ownershipFundingInfo":"https:\/\/stopcarcinogensatwork.eu\/general\/about-us\/"}]}},"_links":{"self":[{"href":"https:\/\/stopcarcinogensatwork.eu\/es\/wp-json\/wp\/v2\/pages\/42560","targetHints":{"allow":["GET"]}}],"collection":[{"href":"https:\/\/stopcarcinogensatwork.eu\/es\/wp-json\/wp\/v2\/pages"}],"about":[{"href":"https:\/\/stopcarcinogensatwork.eu\/es\/wp-json\/wp\/v2\/types\/page"}],"author":[{"embeddable":true,"href":"https:\/\/stopcarcinogensatwork.eu\/es\/wp-json\/wp\/v2\/users\/1"}],"replies":[{"embeddable":true,"href":"https:\/\/stopcarcinogensatwork.eu\/es\/wp-json\/wp\/v2\/comments?post=42560"}],"version-history":[{"count":0,"href":"https:\/\/stopcarcinogensatwork.eu\/es\/wp-json\/wp\/v2\/pages\/42560\/revisions"}],"up":[{"embeddable":true,"href":"https:\/\/stopcarcinogensatwork.eu\/es\/wp-json\/wp\/v2\/pages\/42344"}],"wp:attachment":[{"href":"https:\/\/stopcarcinogensatwork.eu\/es\/wp-json\/wp\/v2\/media?parent=42560"}],"curies":[{"name":"wp","href":"https:\/\/api.w.org\/{rel}","templated":true}]}}