{"id":45405,"date":"2024-02-27T15:15:29","date_gmt":"2024-02-27T15:15:29","guid":{"rendered":"https:\/\/stopcarcinogensatwork.eu\/general\/colaboraciones\/"},"modified":"2025-12-10T11:53:39","modified_gmt":"2025-12-10T11:53:39","slug":"colaboraciones","status":"publish","type":"page","link":"https:\/\/stopcarcinogensatwork.eu\/es\/general\/colaboraciones\/","title":{"rendered":"Colabora con nosotros"},"content":{"rendered":"\t\t<div data-elementor-type=\"wp-page\" data-elementor-id=\"45405\" class=\"elementor elementor-45405 elementor-7358\" data-elementor-post-type=\"page\">\n\t\t\t\t<div class=\"elementor-element elementor-element-4bc4f45a e-flex e-con-boxed e-con e-parent\" data-id=\"4bc4f45a\" data-element_type=\"container\" data-e-type=\"container\">\n\t\t\t\t\t<div class=\"e-con-inner\">\n\t\t\t\t<div class=\"elementor-element elementor-element-656752e2 elementor-widget elementor-widget-text-editor\" data-id=\"656752e2\" data-element_type=\"widget\" data-e-type=\"widget\" data-widget_type=\"text-editor.default\">\n\t\t\t\t\t\t\t\t\t<h2>Trabajemos juntos para que los lugares de trabajo sean m\u00e1s seguros: mediante el conocimiento, la pr\u00e1ctica y la educaci\u00f3n<\/h2><blockquote><p>Cada a\u00f1o, decenas de miles de personas mueren en toda Europa de enfermedades causadas por su trabajo. En muchos casos, la culpa es del c\u00e1ncer, causado por la exposici\u00f3n a sustancias cancer\u00edgenas en el trabajo. Estos riesgos son a menudo invisibles, pero no son inevitables. Para cambiar esto, nos necesitamos mutuamente.   <\/p><p>Adem\u00e1s de a empresarios y trabajadores, invitamos a unirse a nosotros a una red m\u00e1s amplia de profesionales: <strong><a href=\"#inspectorate\">inspecciones de trabajo<\/a>, <a href=\"#research\">investigadores<\/a>, sindicatos, organizaciones de expertos, <a href=\"#educational\">instituciones educativas y formadores<\/a>.<\/strong> Trabajando juntos, hacemos visibles los conocimientos, desarrollamos nuevas herramientas y aprendemos de las pr\u00e1cticas de los dem\u00e1s.<\/p><\/blockquote>\t\t\t\t\t\t\t\t<\/div>\n\t\t\t\t\t<\/div>\n\t\t\t\t<\/div>\n\t\t<div class=\"elementor-element elementor-element-01c544b e-flex e-con-boxed e-con e-parent\" data-id=\"01c544b\" data-element_type=\"container\" data-e-type=\"container\" id=\"inspectorate\">\n\t\t\t\t\t<div class=\"e-con-inner\">\n\t\t\t\t<div class=\"elementor-element elementor-element-c2c232c elementor-widget elementor-widget-text-editor\" data-id=\"c2c232c\" data-element_type=\"widget\" data-e-type=\"widget\" data-widget_type=\"text-editor.default\">\n\t\t\t\t\t\t\t\t\t<h3>Inspecciones<\/h3><p>Los inspectores de trabajo poseen una gran experiencia del mundo real. Al compartir los casos de inspecci\u00f3n, podemos ayudar a otros inspectores a aprender de la pr\u00e1ctica, y a las empresas a comprender lo que funciona y lo que no. Invitamos a las inspecciones de trabajo a  <\/p><p>- Compartir casos de inspecci\u00f3n que demuestren la evaluaci\u00f3n de riesgos y las medidas de control<br>- Apoyar el aprendizaje mutuo entre los servicios de inspecci\u00f3n de Europa<br>- Ayudar a las empresas a conocer mejor el proceso de inspecci\u00f3n<\/p><p><strong>\u00bfQuieres contribuir? <a href=\"https:\/\/stopcarcinogensatwork.eu\/register\/\">Solicita una cuenta<\/a> a trav\u00e9s de nuestra p\u00e1gina de registro para inspectores.<\/strong> \u00bfYa tienes una cuenta? <a href=\"https:\/\/stopcarcinogensatwork.eu\/es\/iniciar-sesion\/\">Entra aqu\u00ed.<\/a><br>\u00bfQuieres ver los casos de inspecci\u00f3n publicados? <a href=\"https:\/\/stopcarcinogensatwork.eu\/es\/buscar-inspecciones\/\">Haz clic aqu\u00ed<\/a><\/p>\t\t\t\t\t\t\t\t<\/div>\n\t\t\t\t\t<\/div>\n\t\t\t\t<\/div>\n\t\t<div class=\"elementor-element elementor-element-06edf1b e-flex e-con-boxed e-con e-parent\" data-id=\"06edf1b\" data-element_type=\"container\" data-e-type=\"container\" id=\"research\">\n\t\t\t\t\t<div class=\"e-con-inner\">\n\t\t\t\t<div class=\"elementor-element elementor-element-cfc6497 elementor-widget elementor-widget-text-editor\" data-id=\"cfc6497\" data-element_type=\"widget\" data-e-type=\"widget\" data-widget_type=\"text-editor.default\">\n\t\t\t\t\t\t\t\t\t<h3>Para Instituciones de Investigaci\u00f3n y Conocimiento<\/h3><p>La investigaci\u00f3n, los conocimientos t\u00e9cnicos y la pr\u00e1ctica basada en pruebas son esenciales para reducir la exposici\u00f3n profesional a los cancer\u00edgenos. Invitamos a las instituciones a: <\/p><ul><li>Compartir buenas pr\u00e1cticas: ejemplos reales de sustituci\u00f3n o control con \u00e9xito<\/li><li>Elabora o perfecciona las Hojas de Orientaci\u00f3n para el Control (HGC): orientaciones paso a paso para gestionar la exposici\u00f3n.<\/li><li>Apoyar la sensibilizaci\u00f3n y la pol\u00edtica con conocimientos cient\u00edficos, datos y herramientas educativas<\/li><\/ul><p>Juntos, construimos una base de conocimientos compartida que otros pueden utilizar para mejorar sus propias estrategias. <strong><a href=\"https:\/\/stopcarcinogensatwork.eu\/institute-for-cgs\/\">Solicita una cuenta<\/a> a trav\u00e9s de nuestra p\u00e1gina de registro.<\/strong><\/p>\t\t\t\t\t\t\t\t<\/div>\n\t\t\t\t\t<\/div>\n\t\t\t\t<\/div>\n\t\t<div class=\"elementor-element elementor-element-8326d9a e-flex e-con-boxed e-con e-parent\" data-id=\"8326d9a\" data-element_type=\"container\" data-e-type=\"container\" id=\"educational\">\n\t\t\t\t\t<div class=\"e-con-inner\">\n\t\t\t\t<div class=\"elementor-element elementor-element-b40aa3d elementor-widget elementor-widget-text-editor\" data-id=\"b40aa3d\" data-element_type=\"widget\" data-e-type=\"widget\" data-widget_type=\"text-editor.default\">\n\t\t\t\t\t\t\t\t\t<h3>Para instituciones educativas y formadores<\/h3><p>De la formaci\u00f3n profesional a la universidad: los estudiantes de hoy son la mano de obra de ma\u00f1ana. Una educaci\u00f3n temprana sobre los cancer\u00edgenos ayuda a crear conciencia a largo plazo y a tomar decisiones m\u00e1s sanas. Invitamos a educadores y formadores a:  <\/p><ul><li>Compartir materiales did\u00e1cticos o proyectos de sensibilizaci\u00f3n para su uso en escuelas, institutos o centros de formaci\u00f3n<\/li><li>Co-crear contenidos educativos adaptados a diferentes grupos de edad y sectores<\/li><li>Inspirar a los alumnos para que reconozcan y reduzcan los riesgos en futuros lugares de trabajo<\/li><\/ul><p><a href=\"https:\/\/stopcarcinogensatwork.eu\/general\/educational-institutions-and-trainers\/\">Visita la secci\u00f3n Educaci\u00f3n de nuestro sitio web.<\/a><\/p>\t\t\t\t\t\t\t\t<\/div>\n\t\t\t\t\t<\/div>\n\t\t\t\t<\/div>\n\t\t\t\t<\/div>\n\t\t","protected":false},"excerpt":{"rendered":"<p>Trabajemos juntos para que los lugares de trabajo sean m\u00e1s seguros: mediante el conocimiento, la pr\u00e1ctica y la educaci\u00f3n Cada a\u00f1o, decenas de miles de personas mueren en toda Europa de enfermedades causadas por su trabajo. En muchos casos, la culpa es del c\u00e1ncer, causado por la exposici\u00f3n a sustancias cancer\u00edgenas en el trabajo. Estos [&hellip;]<\/p>\n","protected":false},"author":1,"featured_media":0,"parent":42344,"menu_order":0,"comment_status":"closed","ping_status":"closed","template":"","meta":{"inline_featured_image":false,"footnotes":""},"class_list":["post-45405","page","type-page","status-publish","hentry"],"yoast_head":"<!-- This site is optimized with the Yoast SEO Premium plugin v27.0 (Yoast SEO v27.4) - https:\/\/yoast.com\/product\/yoast-seo-premium-wordpress\/ -->\n<title>Colabora con nosotros - STOP carcinogens at work<\/title>\n<meta name=\"description\" content=\"Every year, more than 100.000 people die in the EU from cancer caused by carcinogens at work. This must STOP!\" \/>\n<meta name=\"robots\" content=\"noindex, nofollow\" \/>\n<meta property=\"og:locale\" content=\"es_ES\" \/>\n<meta property=\"og:type\" content=\"article\" \/>\n<meta property=\"og:title\" content=\"Colabora con nosotros\" \/>\n<meta property=\"og:description\" content=\"Every year, more than 100.000 people die in the EU from cancer caused by carcinogens at work. This must STOP!\" \/>\n<meta property=\"og:url\" content=\"https:\/\/stopcarcinogensatwork.eu\/es\/general\/colaboraciones\/\" \/>\n<meta property=\"og:site_name\" content=\"STOP carcinogens at work\" \/>\n<meta property=\"article:modified_time\" content=\"2025-12-10T11:53:39+00:00\" \/>\n<meta name=\"twitter:card\" content=\"summary_large_image\" \/>\n<meta name=\"twitter:label1\" content=\"Tiempo de lectura\" \/>\n\t<meta name=\"twitter:data1\" content=\"2 minuto\" \/>\n<script type=\"application\/ld+json\" class=\"yoast-schema-graph\">{\"@context\":\"https:\\\/\\\/schema.org\",\"@graph\":[{\"@type\":\"WebPage\",\"@id\":\"https:\\\/\\\/stopcarcinogensatwork.eu\\\/es\\\/general\\\/colaboraciones\\\/\",\"url\":\"https:\\\/\\\/stopcarcinogensatwork.eu\\\/es\\\/general\\\/colaboraciones\\\/\",\"name\":\"Colabora con nosotros - STOP carcinogens at work\",\"isPartOf\":{\"@id\":\"https:\\\/\\\/stopcarcinogensatwork.eu\\\/es\\\/#website\"},\"datePublished\":\"2024-02-27T15:15:29+00:00\",\"dateModified\":\"2025-12-10T11:53:39+00:00\",\"description\":\"Every year, more than 100.000 people die in the EU from cancer caused by carcinogens at work. This must STOP!\",\"breadcrumb\":{\"@id\":\"https:\\\/\\\/stopcarcinogensatwork.eu\\\/es\\\/general\\\/colaboraciones\\\/#breadcrumb\"},\"inLanguage\":\"es\",\"potentialAction\":[{\"@type\":\"ReadAction\",\"target\":[\"https:\\\/\\\/stopcarcinogensatwork.eu\\\/es\\\/general\\\/colaboraciones\\\/\"]}]},{\"@type\":\"BreadcrumbList\",\"@id\":\"https:\\\/\\\/stopcarcinogensatwork.eu\\\/es\\\/general\\\/colaboraciones\\\/#breadcrumb\",\"itemListElement\":[{\"@type\":\"ListItem\",\"position\":1,\"name\":\"Home\",\"item\":\"https:\\\/\\\/stopcarcinogensatwork.eu\\\/es\\\/pagina-de-inicio\\\/\"},{\"@type\":\"ListItem\",\"position\":2,\"name\":\"General\",\"item\":\"https:\\\/\\\/stopcarcinogensatwork.eu\\\/es\\\/general\\\/\"},{\"@type\":\"ListItem\",\"position\":3,\"name\":\"Colabora con nosotros\"}]},{\"@type\":\"WebSite\",\"@id\":\"https:\\\/\\\/stopcarcinogensatwork.eu\\\/es\\\/#website\",\"url\":\"https:\\\/\\\/stopcarcinogensatwork.eu\\\/es\\\/\",\"name\":\"STOP Carcinogens at work\",\"description\":\"Every year, about 100.000 people die from cancer that was caused by exposure to carcinogens at work in Europe.\",\"publisher\":{\"@id\":\"https:\\\/\\\/stopcarcinogensatwork.eu\\\/es\\\/#organization\"},\"alternateName\":\"Roadmap on Carcinogens\",\"potentialAction\":[{\"@type\":\"SearchAction\",\"target\":{\"@type\":\"EntryPoint\",\"urlTemplate\":\"https:\\\/\\\/stopcarcinogensatwork.eu\\\/es\\\/?s={search_term_string}\"},\"query-input\":{\"@type\":\"PropertyValueSpecification\",\"valueRequired\":true,\"valueName\":\"search_term_string\"}}],\"inLanguage\":\"es\"},{\"@type\":\"Organization\",\"@id\":\"https:\\\/\\\/stopcarcinogensatwork.eu\\\/es\\\/#organization\",\"name\":\"TNO\",\"alternateName\":\"This is a European wide voluntary action scheme\",\"url\":\"https:\\\/\\\/stopcarcinogensatwork.eu\\\/es\\\/\",\"logo\":{\"@type\":\"ImageObject\",\"inLanguage\":\"es\",\"@id\":\"https:\\\/\\\/stopcarcinogensatwork.eu\\\/es\\\/#\\\/schema\\\/logo\\\/image\\\/\",\"url\":\"https:\\\/\\\/stopcarcinogensatwork.eu\\\/wp-content\\\/uploads\\\/2024\\\/08\\\/cropped-FavLarge-1.png\",\"contentUrl\":\"https:\\\/\\\/stopcarcinogensatwork.eu\\\/wp-content\\\/uploads\\\/2024\\\/08\\\/cropped-FavLarge-1.png\",\"width\":512,\"height\":512,\"caption\":\"TNO\"},\"image\":{\"@id\":\"https:\\\/\\\/stopcarcinogensatwork.eu\\\/es\\\/#\\\/schema\\\/logo\\\/image\\\/\"},\"publishingPrinciples\":\"https:\\\/\\\/stopcarcinogensatwork.eu\\\/homepage\\\/legal\\\/\",\"ownershipFundingInfo\":\"https:\\\/\\\/stopcarcinogensatwork.eu\\\/general\\\/about-us\\\/\"}]}<\/script>\n<!-- \/ Yoast SEO Premium plugin. -->","yoast_head_json":{"title":"Colabora con nosotros - STOP carcinogens at work","description":"Every year, more than 100.000 people die in the EU from cancer caused by carcinogens at work. This must STOP!","robots":{"index":"noindex","follow":"nofollow"},"og_locale":"es_ES","og_type":"article","og_title":"Colabora con nosotros","og_description":"Every year, more than 100.000 people die in the EU from cancer caused by carcinogens at work. This must STOP!","og_url":"https:\/\/stopcarcinogensatwork.eu\/es\/general\/colaboraciones\/","og_site_name":"STOP carcinogens at work","article_modified_time":"2025-12-10T11:53:39+00:00","twitter_card":"summary_large_image","twitter_misc":{"Tiempo de lectura":"2 minuto"},"schema":{"@context":"https:\/\/schema.org","@graph":[{"@type":"WebPage","@id":"https:\/\/stopcarcinogensatwork.eu\/es\/general\/colaboraciones\/","url":"https:\/\/stopcarcinogensatwork.eu\/es\/general\/colaboraciones\/","name":"Colabora con nosotros - STOP carcinogens at work","isPartOf":{"@id":"https:\/\/stopcarcinogensatwork.eu\/es\/#website"},"datePublished":"2024-02-27T15:15:29+00:00","dateModified":"2025-12-10T11:53:39+00:00","description":"Every year, more than 100.000 people die in the EU from cancer caused by carcinogens at work. This must STOP!","breadcrumb":{"@id":"https:\/\/stopcarcinogensatwork.eu\/es\/general\/colaboraciones\/#breadcrumb"},"inLanguage":"es","potentialAction":[{"@type":"ReadAction","target":["https:\/\/stopcarcinogensatwork.eu\/es\/general\/colaboraciones\/"]}]},{"@type":"BreadcrumbList","@id":"https:\/\/stopcarcinogensatwork.eu\/es\/general\/colaboraciones\/#breadcrumb","itemListElement":[{"@type":"ListItem","position":1,"name":"Home","item":"https:\/\/stopcarcinogensatwork.eu\/es\/pagina-de-inicio\/"},{"@type":"ListItem","position":2,"name":"General","item":"https:\/\/stopcarcinogensatwork.eu\/es\/general\/"},{"@type":"ListItem","position":3,"name":"Colabora con nosotros"}]},{"@type":"WebSite","@id":"https:\/\/stopcarcinogensatwork.eu\/es\/#website","url":"https:\/\/stopcarcinogensatwork.eu\/es\/","name":"STOP Carcinogens at work","description":"Every year, about 100.000 people die from cancer that was caused by exposure to carcinogens at work in Europe.","publisher":{"@id":"https:\/\/stopcarcinogensatwork.eu\/es\/#organization"},"alternateName":"Roadmap on Carcinogens","potentialAction":[{"@type":"SearchAction","target":{"@type":"EntryPoint","urlTemplate":"https:\/\/stopcarcinogensatwork.eu\/es\/?s={search_term_string}"},"query-input":{"@type":"PropertyValueSpecification","valueRequired":true,"valueName":"search_term_string"}}],"inLanguage":"es"},{"@type":"Organization","@id":"https:\/\/stopcarcinogensatwork.eu\/es\/#organization","name":"TNO","alternateName":"This is a European wide voluntary action scheme","url":"https:\/\/stopcarcinogensatwork.eu\/es\/","logo":{"@type":"ImageObject","inLanguage":"es","@id":"https:\/\/stopcarcinogensatwork.eu\/es\/#\/schema\/logo\/image\/","url":"https:\/\/stopcarcinogensatwork.eu\/wp-content\/uploads\/2024\/08\/cropped-FavLarge-1.png","contentUrl":"https:\/\/stopcarcinogensatwork.eu\/wp-content\/uploads\/2024\/08\/cropped-FavLarge-1.png","width":512,"height":512,"caption":"TNO"},"image":{"@id":"https:\/\/stopcarcinogensatwork.eu\/es\/#\/schema\/logo\/image\/"},"publishingPrinciples":"https:\/\/stopcarcinogensatwork.eu\/homepage\/legal\/","ownershipFundingInfo":"https:\/\/stopcarcinogensatwork.eu\/general\/about-us\/"}]}},"_links":{"self":[{"href":"https:\/\/stopcarcinogensatwork.eu\/es\/wp-json\/wp\/v2\/pages\/45405","targetHints":{"allow":["GET"]}}],"collection":[{"href":"https:\/\/stopcarcinogensatwork.eu\/es\/wp-json\/wp\/v2\/pages"}],"about":[{"href":"https:\/\/stopcarcinogensatwork.eu\/es\/wp-json\/wp\/v2\/types\/page"}],"author":[{"embeddable":true,"href":"https:\/\/stopcarcinogensatwork.eu\/es\/wp-json\/wp\/v2\/users\/1"}],"replies":[{"embeddable":true,"href":"https:\/\/stopcarcinogensatwork.eu\/es\/wp-json\/wp\/v2\/comments?post=45405"}],"version-history":[{"count":0,"href":"https:\/\/stopcarcinogensatwork.eu\/es\/wp-json\/wp\/v2\/pages\/45405\/revisions"}],"up":[{"embeddable":true,"href":"https:\/\/stopcarcinogensatwork.eu\/es\/wp-json\/wp\/v2\/pages\/42344"}],"wp:attachment":[{"href":"https:\/\/stopcarcinogensatwork.eu\/es\/wp-json\/wp\/v2\/media?parent=45405"}],"curies":[{"name":"wp","href":"https:\/\/api.w.org\/{rel}","templated":true}]}}