{"id":55410,"date":"2024-02-05T13:42:42","date_gmt":"2024-02-05T13:42:42","guid":{"rendered":"https:\/\/stopcarcinogensatwork.eu\/general\/sobre-la-roadmap-on-carcinogens\/"},"modified":"2025-11-27T13:57:38","modified_gmt":"2025-11-27T13:57:38","slug":"sobre-la-roadmap-on-carcinogens","status":"publish","type":"page","link":"https:\/\/stopcarcinogensatwork.eu\/es\/general\/sobre-la-roadmap-on-carcinogens\/","title":{"rendered":"Acerca del Roadmap on Carcinogens"},"content":{"rendered":"<blockquote><p>Este sitio web es una iniciativa de la Roadmap on Carcinogens: Un programa europeo de acci\u00f3n voluntaria para combatir el c\u00e1ncer relacionado con el trabajo. Los siguientes socios<a href=\"https:\/\/stopcarcinogensatwork.eu\/es\/lanzamiento-de-la-hoja-de-ruta-sobre-carcinogenos-3-0\/\">(se han comprometido<\/a>) a ser activos y est\u00e1n tomando la iniciativa en este programa para prevenir la exposici\u00f3n a cancer\u00edgenos en el lugar de trabajo: <\/p>\n<p><img fetchpriority=\"high\" decoding=\"async\" class=\"alignnone size-full wp-image-92758\" src=\"https:\/\/stopcarcinogensatwork.eu\/wp-content\/uploads\/2025\/11\/partners.jpg\" alt=\"\" width=\"2560\" height=\"967\" srcset=\"https:\/\/stopcarcinogensatwork.eu\/wp-content\/uploads\/2025\/11\/partners.jpg 2560w, https:\/\/stopcarcinogensatwork.eu\/wp-content\/uploads\/2025\/11\/partners-300x113.jpg 300w, https:\/\/stopcarcinogensatwork.eu\/wp-content\/uploads\/2025\/11\/partners-768x290.jpg 768w, https:\/\/stopcarcinogensatwork.eu\/wp-content\/uploads\/2025\/11\/partners-1536x580.jpg 1536w, https:\/\/stopcarcinogensatwork.eu\/wp-content\/uploads\/2025\/11\/partners-2048x774.jpg 2048w\" sizes=\"(max-width: 2560px) 100vw, 2560px\" \/><\/p><\/blockquote>\n<ul>\n<li><a href=\"https:\/\/www.bma.gv.at\/en.html\" target=\"_blank\" rel=\"noopener\">Austria: Ministerio Federal de Trabajo, Asuntos Sociales, Sanidad, Asistencia y Protecci\u00f3n de los Consumidores<\/a><\/li>\n<li><a href=\"https:\/\/employment.belgium.be\/en\/themes\" target=\"_blank\" rel=\"noopener\">B\u00e9lgica: Servicio p\u00fablico federal Empleo, Trabajo y Di\u00e1logo Social<\/a><\/li>\n<li><a href=\"https:\/\/stm.fi\/en\/frontpage\" target=\"_blank\" rel=\"noopener\">Finlandia: Ministerio de Asuntos Sociales y Sanidad<\/a><\/li>\n<li><a href=\"https:\/\/travail-emploi.gouv.fr\/\" target=\"_blank\" rel=\"noopener\">Francia: Ministerio de Trabajo, Sanidad y Solidaridad<\/a><\/li>\n<li><a href=\"https:\/\/www.bmas.de\/EN\/Home\/home.html\" target=\"_blank\" rel=\"noopener\">Alemania: Ministerio Federal de Trabajo y Asuntos Sociales<\/a><\/li>\n<li><a href=\"http:\/\/hsa.ie\/\" target=\"_blank\" rel=\"noopener\">Irlanda: Autoridad de Salud y Seguridad<\/a><\/li>\n<li><a href=\"https:\/\/www.government.nl\/ministries\/ministry-of-social-affairs-and-employment\" target=\"_blank\" rel=\"noopener\">Pa\u00edses Bajos: Ministerio de Asuntos Sociales y Empleo<\/a><\/li>\n<li><a href=\"https:\/\/stami.no\/en\/\" target=\"_blank\" rel=\"noopener\">Noruega: Instituto Nacional Noruego de Salud Laboral (STAMI)<\/a><\/li>\n<li><a href=\"https:\/\/portal.act.gov.pt\/Pages\/Home.aspx\" target=\"_blank\" rel=\"noopener\">Portugal: Autoridad para las condiciones de trabajo<\/a><\/li>\n<li><a href=\"https:\/\/www.gov.si\/en\/state-authorities\/ministries\/ministry-of-labour-family-social-affairs-and-equal-opportunities\/\" target=\"_blank\" rel=\"noopener\">Eslovenia: Ministerio de Trabajo, Familia, Asuntos Sociales e Igualdad de Oportunidades<\/a><\/li>\n<li><a href=\"https:\/\/www.mites.gob.es\/en\/\" target=\"_blank\" rel=\"noopener\">Espa\u00f1a: Ministerio de Trabajo y Econom\u00eda Social de Espa\u00f1a<\/a><\/li>\n<li><a href=\"https:\/\/www.businesseurope.eu\/\" target=\"_blank\" rel=\"noopener\">BusinessEurope (empresarios europeos)<\/a><\/li>\n<li><a href=\"https:\/\/www.etuc.org\/\" target=\"_blank\" rel=\"noopener\">Confederaci\u00f3n Europea de Sindicatos - CES (trabajadores europeos)<\/a><\/li>\n<li><a href=\"https:\/\/osha.europa.eu\/en\/themes\/dangerous-substances\/roadmap-to-carcinogens\" target=\"_blank\" rel=\"noopener\">Agencia Europea para la Seguridad y la Salud en el Trabajo - EU-OSHA<\/a><\/li>\n<li><a href=\"https:\/\/echa.europa.eu\/\" target=\"_blank\" rel=\"noopener\">Agencia Europea de Sustancias y Preparados Qu\u00edmicos - ECHA<\/a><\/li>\n<li><a href=\"https:\/\/ec.europa.eu\/info\/departments\/employment-social-affairs-and-inclusion_en\" target=\"_blank\" rel=\"noopener\">Comisi\u00f3n Europea<\/a><\/li>\n<\/ul>\n<p>&nbsp;<\/p>\n<p>Adem\u00e1s, muchos amigos (empresas y organizaciones) ya apoyan la Roadmap on Carcinogens compartiendo nuestro mensaje. Hazte amigo suscribi\u00e9ndote <a href=\"https:\/\/laposta.nl\/f\/ss69p5fpqabo\" target=\"_blank\" rel=\"noopener\">al bolet\u00edn<\/a>. <\/p>\n<h2>Importancia de nuestro viaje<\/h2>\n<p>Cada a\u00f1o se diagnostica c\u00e1ncer a unas 120.000 personas en la UE por exposici\u00f3n a agentes cancer\u00edgenos en el trabajo. Y unas 100.000 personas mueren de c\u00e1ncer relacionado con el trabajo. Y es importante darse cuenta de que \u00a1esto es innecesario! Se debe a nuestra forma de trabajar, a las decisiones que tomamos. La buena noticia es que podemos hacer algo al respecto. La prevenci\u00f3n es la palabra clave, asegurarnos de que no estamos expuestos a cancer\u00edgenos.     <\/p>\n<p>La Roadmap on Carcinogens pretende ayudar a las empresas y trabajadores europeos a actuar:<\/p>\n<ul>\n<li><strong>Sensibilizaci\u00f3n:<\/strong> informar a las empresas y a los trabajadores sobre los riesgos de la exposici\u00f3n a sustancias cancer\u00edgenas y la necesidad de acciones preventivas y presentar datos.<\/li>\n<li><strong>Proporcionar ayuda:<\/strong> ofrecer soluciones y herramientas a las empresas y los trabajadores para evitar la exposici\u00f3n a cancer\u00edgenos en el lugar de trabajo y minimizar su efecto en la mano de obra.<\/li>\n<\/ul>\n<h2>Los planes actuales de la hoja de ruta prev\u00e9n actividades hasta finales de 2027.<\/h2>\n<p>Durante la 2\u00aa fase de la Hoja de Ruta, de 2020 a 2024, ejecutamos 12 retos. Los resultados se han integrado o se integrar\u00e1n en el sitio web.   <strong><a href=\"https:\/\/stopcarcinogensatwork.eu\/es\/general\/sobre-la-roadmap-on-carcinogens\/desafios\/\">Puedes encontrar m\u00e1s informaci\u00f3n sobre estos proyectos aqu\u00ed.<\/a><\/strong><\/p>\n<p>Ahora tambi\u00e9n puedes ver <a href=\"https:\/\/stopcarcinogensatwork.eu\/wp-content\/uploads\/2025\/05\/RoC3.0_Strategy_final.pdf\">aqu\u00ed nuestra nueva estrategia para RoC3.0 durante 2025-2027.<\/a><\/p>\n<h2>Utilizamos una herramienta de traducci\u00f3n asistida por inteligencia artificial para nuestro sitio web<\/h2>\n<p>Utilizamos una herramienta de traducci\u00f3n asistida por inteligencia artificial para nuestro sitio web, con hablantes nativos que revisan y corrigen cualquier imprecisi\u00f3n. Este m\u00e9todo garantiza tanto la eficacia como la calidad, ya que el sistema de IA mejora continuamente con el tiempo. Creemos que este m\u00e9todo ofrece la manera m\u00e1s eficaz y rentable de hacer que nuestro sitio web sea accesible en varios idiomas, lo que nos ayuda a llegar a un p\u00fablico m\u00e1s amplio de personas y organizaciones. Si tiene alg\u00fan comentario o sugerencia sobre nuestro proceso de traducci\u00f3n, estaremos encantados de recibirlos. Env\u00edenos sus comentarios por correo electr\u00f3nico.    <\/p>\n<h2>Preguntas y observaciones<\/h2>\n<p>Para m\u00e1s informaci\u00f3n o si tienes alguna pregunta, ponte en contacto con nosotros en  <a href=\"mailto:info@stopcarcinogensatwork.eu\">info@stopcarcinogensatwork.eu<\/a><\/p>\n<p>&nbsp;<\/p>\n","protected":false},"excerpt":{"rendered":"<p>Este sitio web es una iniciativa de la Roadmap on Carcinogens: Un programa europeo de acci\u00f3n voluntaria para combatir el c\u00e1ncer relacionado con el trabajo. Los siguientes socios(se han comprometido) a ser activos y est\u00e1n tomando la iniciativa en este programa para prevenir la exposici\u00f3n a cancer\u00edgenos en el lugar de trabajo: Austria: Ministerio Federal [&hellip;]<\/p>\n","protected":false},"author":1,"featured_media":0,"parent":42344,"menu_order":0,"comment_status":"closed","ping_status":"closed","template":"","meta":{"inline_featured_image":false,"footnotes":""},"class_list":["post-55410","page","type-page","status-publish","hentry"],"yoast_head":"<!-- This site is optimized with the Yoast SEO Premium plugin v27.0 (Yoast SEO v27.4) - https:\/\/yoast.com\/product\/yoast-seo-premium-wordpress\/ -->\n<title>Acerca del Roadmap on Carcinogens - STOP carcinogens at work<\/title>\n<meta name=\"description\" content=\"Este sitio web es un sistema de acci\u00f3n voluntaria de la UE para prevenir la exposici\u00f3n de los trabajadores a cancer\u00edgenos en el lugar de trabajo.\" \/>\n<meta name=\"robots\" content=\"index, follow, max-snippet:-1, max-image-preview:large, max-video-preview:-1\" \/>\n<link rel=\"canonical\" href=\"https:\/\/stopcarcinogensatwork.eu\/es\/general\/sobre-la-roadmap-on-carcinogens\/\" \/>\n<meta property=\"og:locale\" content=\"es_ES\" \/>\n<meta property=\"og:type\" content=\"article\" \/>\n<meta property=\"og:title\" content=\"Acerca del Roadmap on Carcinogens\" \/>\n<meta property=\"og:description\" content=\"Este sitio web es un sistema de acci\u00f3n voluntaria de la UE para prevenir la exposici\u00f3n de los trabajadores a cancer\u00edgenos en el lugar de trabajo.\" \/>\n<meta property=\"og:url\" content=\"https:\/\/stopcarcinogensatwork.eu\/es\/general\/sobre-la-roadmap-on-carcinogens\/\" \/>\n<meta property=\"og:site_name\" content=\"STOP carcinogens at work\" \/>\n<meta property=\"article:modified_time\" content=\"2025-11-27T13:57:38+00:00\" \/>\n<meta property=\"og:image\" content=\"https:\/\/stopcarcinogensatwork.eu\/wp-content\/uploads\/2025\/11\/partners.jpg\" \/>\n\t<meta property=\"og:image:width\" content=\"2560\" \/>\n\t<meta property=\"og:image:height\" content=\"967\" \/>\n\t<meta property=\"og:image:type\" content=\"image\/jpeg\" \/>\n<meta name=\"twitter:card\" content=\"summary_large_image\" \/>\n<meta name=\"twitter:label1\" content=\"Tiempo de lectura\" \/>\n\t<meta name=\"twitter:data1\" content=\"3 minuto\" \/>\n<script type=\"application\/ld+json\" class=\"yoast-schema-graph\">{\"@context\":\"https:\\\/\\\/schema.org\",\"@graph\":[{\"@type\":\"WebPage\",\"@id\":\"https:\\\/\\\/stopcarcinogensatwork.eu\\\/es\\\/general\\\/sobre-la-roadmap-on-carcinogens\\\/\",\"url\":\"https:\\\/\\\/stopcarcinogensatwork.eu\\\/es\\\/general\\\/sobre-la-roadmap-on-carcinogens\\\/\",\"name\":\"Acerca del Roadmap on Carcinogens - STOP carcinogens at work\",\"isPartOf\":{\"@id\":\"https:\\\/\\\/stopcarcinogensatwork.eu\\\/es\\\/#website\"},\"primaryImageOfPage\":{\"@id\":\"https:\\\/\\\/stopcarcinogensatwork.eu\\\/es\\\/general\\\/sobre-la-roadmap-on-carcinogens\\\/#primaryimage\"},\"image\":{\"@id\":\"https:\\\/\\\/stopcarcinogensatwork.eu\\\/es\\\/general\\\/sobre-la-roadmap-on-carcinogens\\\/#primaryimage\"},\"thumbnailUrl\":\"https:\\\/\\\/stopcarcinogensatwork.eu\\\/wp-content\\\/uploads\\\/2025\\\/11\\\/partners.jpg\",\"datePublished\":\"2024-02-05T13:42:42+00:00\",\"dateModified\":\"2025-11-27T13:57:38+00:00\",\"description\":\"Este sitio web es un sistema de acci\u00f3n voluntaria de la UE para prevenir la exposici\u00f3n de los trabajadores a cancer\u00edgenos en el lugar de trabajo.\",\"breadcrumb\":{\"@id\":\"https:\\\/\\\/stopcarcinogensatwork.eu\\\/es\\\/general\\\/sobre-la-roadmap-on-carcinogens\\\/#breadcrumb\"},\"inLanguage\":\"es\",\"potentialAction\":[{\"@type\":\"ReadAction\",\"target\":[\"https:\\\/\\\/stopcarcinogensatwork.eu\\\/es\\\/general\\\/sobre-la-roadmap-on-carcinogens\\\/\"]}]},{\"@type\":\"ImageObject\",\"inLanguage\":\"es\",\"@id\":\"https:\\\/\\\/stopcarcinogensatwork.eu\\\/es\\\/general\\\/sobre-la-roadmap-on-carcinogens\\\/#primaryimage\",\"url\":\"https:\\\/\\\/stopcarcinogensatwork.eu\\\/wp-content\\\/uploads\\\/2025\\\/11\\\/partners.jpg\",\"contentUrl\":\"https:\\\/\\\/stopcarcinogensatwork.eu\\\/wp-content\\\/uploads\\\/2025\\\/11\\\/partners.jpg\"},{\"@type\":\"BreadcrumbList\",\"@id\":\"https:\\\/\\\/stopcarcinogensatwork.eu\\\/es\\\/general\\\/sobre-la-roadmap-on-carcinogens\\\/#breadcrumb\",\"itemListElement\":[{\"@type\":\"ListItem\",\"position\":1,\"name\":\"Home\",\"item\":\"https:\\\/\\\/stopcarcinogensatwork.eu\\\/es\\\/pagina-de-inicio\\\/\"},{\"@type\":\"ListItem\",\"position\":2,\"name\":\"General\",\"item\":\"https:\\\/\\\/stopcarcinogensatwork.eu\\\/es\\\/general\\\/\"},{\"@type\":\"ListItem\",\"position\":3,\"name\":\"Acerca del Roadmap on Carcinogens\"}]},{\"@type\":\"WebSite\",\"@id\":\"https:\\\/\\\/stopcarcinogensatwork.eu\\\/es\\\/#website\",\"url\":\"https:\\\/\\\/stopcarcinogensatwork.eu\\\/es\\\/\",\"name\":\"STOP Carcinogens at work\",\"description\":\"Every year, about 100.000 people die from cancer that was caused by exposure to carcinogens at work in Europe.\",\"publisher\":{\"@id\":\"https:\\\/\\\/stopcarcinogensatwork.eu\\\/es\\\/#organization\"},\"alternateName\":\"Roadmap on Carcinogens\",\"potentialAction\":[{\"@type\":\"SearchAction\",\"target\":{\"@type\":\"EntryPoint\",\"urlTemplate\":\"https:\\\/\\\/stopcarcinogensatwork.eu\\\/es\\\/?s={search_term_string}\"},\"query-input\":{\"@type\":\"PropertyValueSpecification\",\"valueRequired\":true,\"valueName\":\"search_term_string\"}}],\"inLanguage\":\"es\"},{\"@type\":\"Organization\",\"@id\":\"https:\\\/\\\/stopcarcinogensatwork.eu\\\/es\\\/#organization\",\"name\":\"TNO\",\"alternateName\":\"This is a European wide voluntary action scheme\",\"url\":\"https:\\\/\\\/stopcarcinogensatwork.eu\\\/es\\\/\",\"logo\":{\"@type\":\"ImageObject\",\"inLanguage\":\"es\",\"@id\":\"https:\\\/\\\/stopcarcinogensatwork.eu\\\/es\\\/#\\\/schema\\\/logo\\\/image\\\/\",\"url\":\"https:\\\/\\\/stopcarcinogensatwork.eu\\\/wp-content\\\/uploads\\\/2024\\\/08\\\/cropped-FavLarge-1.png\",\"contentUrl\":\"https:\\\/\\\/stopcarcinogensatwork.eu\\\/wp-content\\\/uploads\\\/2024\\\/08\\\/cropped-FavLarge-1.png\",\"width\":512,\"height\":512,\"caption\":\"TNO\"},\"image\":{\"@id\":\"https:\\\/\\\/stopcarcinogensatwork.eu\\\/es\\\/#\\\/schema\\\/logo\\\/image\\\/\"},\"publishingPrinciples\":\"https:\\\/\\\/stopcarcinogensatwork.eu\\\/homepage\\\/legal\\\/\",\"ownershipFundingInfo\":\"https:\\\/\\\/stopcarcinogensatwork.eu\\\/general\\\/about-us\\\/\"}]}<\/script>\n<!-- \/ Yoast SEO Premium plugin. -->","yoast_head_json":{"title":"Acerca del Roadmap on Carcinogens - STOP carcinogens at work","description":"Este sitio web es un sistema de acci\u00f3n voluntaria de la UE para prevenir la exposici\u00f3n de los trabajadores a cancer\u00edgenos en el lugar de trabajo.","robots":{"index":"index","follow":"follow","max-snippet":"max-snippet:-1","max-image-preview":"max-image-preview:large","max-video-preview":"max-video-preview:-1"},"canonical":"https:\/\/stopcarcinogensatwork.eu\/es\/general\/sobre-la-roadmap-on-carcinogens\/","og_locale":"es_ES","og_type":"article","og_title":"Acerca del Roadmap on Carcinogens","og_description":"Este sitio web es un sistema de acci\u00f3n voluntaria de la UE para prevenir la exposici\u00f3n de los trabajadores a cancer\u00edgenos en el lugar de trabajo.","og_url":"https:\/\/stopcarcinogensatwork.eu\/es\/general\/sobre-la-roadmap-on-carcinogens\/","og_site_name":"STOP carcinogens at work","article_modified_time":"2025-11-27T13:57:38+00:00","og_image":[{"width":2560,"height":967,"url":"https:\/\/stopcarcinogensatwork.eu\/wp-content\/uploads\/2025\/11\/partners.jpg","type":"image\/jpeg"}],"twitter_card":"summary_large_image","twitter_misc":{"Tiempo de lectura":"3 minuto"},"schema":{"@context":"https:\/\/schema.org","@graph":[{"@type":"WebPage","@id":"https:\/\/stopcarcinogensatwork.eu\/es\/general\/sobre-la-roadmap-on-carcinogens\/","url":"https:\/\/stopcarcinogensatwork.eu\/es\/general\/sobre-la-roadmap-on-carcinogens\/","name":"Acerca del Roadmap on Carcinogens - STOP carcinogens at work","isPartOf":{"@id":"https:\/\/stopcarcinogensatwork.eu\/es\/#website"},"primaryImageOfPage":{"@id":"https:\/\/stopcarcinogensatwork.eu\/es\/general\/sobre-la-roadmap-on-carcinogens\/#primaryimage"},"image":{"@id":"https:\/\/stopcarcinogensatwork.eu\/es\/general\/sobre-la-roadmap-on-carcinogens\/#primaryimage"},"thumbnailUrl":"https:\/\/stopcarcinogensatwork.eu\/wp-content\/uploads\/2025\/11\/partners.jpg","datePublished":"2024-02-05T13:42:42+00:00","dateModified":"2025-11-27T13:57:38+00:00","description":"Este sitio web es un sistema de acci\u00f3n voluntaria de la UE para prevenir la exposici\u00f3n de los trabajadores a cancer\u00edgenos en el lugar de trabajo.","breadcrumb":{"@id":"https:\/\/stopcarcinogensatwork.eu\/es\/general\/sobre-la-roadmap-on-carcinogens\/#breadcrumb"},"inLanguage":"es","potentialAction":[{"@type":"ReadAction","target":["https:\/\/stopcarcinogensatwork.eu\/es\/general\/sobre-la-roadmap-on-carcinogens\/"]}]},{"@type":"ImageObject","inLanguage":"es","@id":"https:\/\/stopcarcinogensatwork.eu\/es\/general\/sobre-la-roadmap-on-carcinogens\/#primaryimage","url":"https:\/\/stopcarcinogensatwork.eu\/wp-content\/uploads\/2025\/11\/partners.jpg","contentUrl":"https:\/\/stopcarcinogensatwork.eu\/wp-content\/uploads\/2025\/11\/partners.jpg"},{"@type":"BreadcrumbList","@id":"https:\/\/stopcarcinogensatwork.eu\/es\/general\/sobre-la-roadmap-on-carcinogens\/#breadcrumb","itemListElement":[{"@type":"ListItem","position":1,"name":"Home","item":"https:\/\/stopcarcinogensatwork.eu\/es\/pagina-de-inicio\/"},{"@type":"ListItem","position":2,"name":"General","item":"https:\/\/stopcarcinogensatwork.eu\/es\/general\/"},{"@type":"ListItem","position":3,"name":"Acerca del Roadmap on Carcinogens"}]},{"@type":"WebSite","@id":"https:\/\/stopcarcinogensatwork.eu\/es\/#website","url":"https:\/\/stopcarcinogensatwork.eu\/es\/","name":"STOP Carcinogens at work","description":"Every year, about 100.000 people die from cancer that was caused by exposure to carcinogens at work in Europe.","publisher":{"@id":"https:\/\/stopcarcinogensatwork.eu\/es\/#organization"},"alternateName":"Roadmap on Carcinogens","potentialAction":[{"@type":"SearchAction","target":{"@type":"EntryPoint","urlTemplate":"https:\/\/stopcarcinogensatwork.eu\/es\/?s={search_term_string}"},"query-input":{"@type":"PropertyValueSpecification","valueRequired":true,"valueName":"search_term_string"}}],"inLanguage":"es"},{"@type":"Organization","@id":"https:\/\/stopcarcinogensatwork.eu\/es\/#organization","name":"TNO","alternateName":"This is a European wide voluntary action scheme","url":"https:\/\/stopcarcinogensatwork.eu\/es\/","logo":{"@type":"ImageObject","inLanguage":"es","@id":"https:\/\/stopcarcinogensatwork.eu\/es\/#\/schema\/logo\/image\/","url":"https:\/\/stopcarcinogensatwork.eu\/wp-content\/uploads\/2024\/08\/cropped-FavLarge-1.png","contentUrl":"https:\/\/stopcarcinogensatwork.eu\/wp-content\/uploads\/2024\/08\/cropped-FavLarge-1.png","width":512,"height":512,"caption":"TNO"},"image":{"@id":"https:\/\/stopcarcinogensatwork.eu\/es\/#\/schema\/logo\/image\/"},"publishingPrinciples":"https:\/\/stopcarcinogensatwork.eu\/homepage\/legal\/","ownershipFundingInfo":"https:\/\/stopcarcinogensatwork.eu\/general\/about-us\/"}]}},"_links":{"self":[{"href":"https:\/\/stopcarcinogensatwork.eu\/es\/wp-json\/wp\/v2\/pages\/55410","targetHints":{"allow":["GET"]}}],"collection":[{"href":"https:\/\/stopcarcinogensatwork.eu\/es\/wp-json\/wp\/v2\/pages"}],"about":[{"href":"https:\/\/stopcarcinogensatwork.eu\/es\/wp-json\/wp\/v2\/types\/page"}],"author":[{"embeddable":true,"href":"https:\/\/stopcarcinogensatwork.eu\/es\/wp-json\/wp\/v2\/users\/1"}],"replies":[{"embeddable":true,"href":"https:\/\/stopcarcinogensatwork.eu\/es\/wp-json\/wp\/v2\/comments?post=55410"}],"version-history":[{"count":0,"href":"https:\/\/stopcarcinogensatwork.eu\/es\/wp-json\/wp\/v2\/pages\/55410\/revisions"}],"up":[{"embeddable":true,"href":"https:\/\/stopcarcinogensatwork.eu\/es\/wp-json\/wp\/v2\/pages\/42344"}],"wp:attachment":[{"href":"https:\/\/stopcarcinogensatwork.eu\/es\/wp-json\/wp\/v2\/media?parent=55410"}],"curies":[{"name":"wp","href":"https:\/\/api.w.org\/{rel}","templated":true}]}}