{"id":92879,"date":"2025-09-01T11:06:42","date_gmt":"2025-09-01T11:06:42","guid":{"rendered":"https:\/\/stopcarcinogensatwork.eu\/general\/educacion-sobre-sustancias-cancerigenas-en-el-trabajo\/"},"modified":"2025-09-01T11:06:42","modified_gmt":"2025-09-01T11:06:42","slug":"educacion-sobre-sustancias-cancerigenas-en-el-trabajo","status":"publish","type":"page","link":"https:\/\/stopcarcinogensatwork.eu\/es\/general\/educacion-sobre-sustancias-cancerigenas-en-el-trabajo\/","title":{"rendered":"Educaci\u00f3n sobre sustancias cancer\u00edgenas en el trabajo"},"content":{"rendered":"<blockquote><p>Es importante ense\u00f1ar a los ni\u00f1os y estudiantes sobre las sustancias cancer\u00edgenas a una edad temprana, ya en la escuela primaria y en la formaci\u00f3n profesional. Por esta raz\u00f3n, se desarrollaron programas educativos. <\/p><\/blockquote>\n<h2>Plantilla de lecciones sobre cancer\u00edgenos<\/h2>\n<p>Los planes de lecciones sobre cancer\u00edgenos fueron preparados por el Instituto Nacional de Educaci\u00f3n de Eslovenia y el Ministerio de Trabajo, Familia, Asuntos Sociales e Igualdad de Oportunidades de Eslovenia. Se basan en la legislaci\u00f3n y la experiencia eslovenas, y se probaron en varias escuelas primarias de Eslovenia entre 2023 y 2024. Los Estados miembros de la UE pueden traducir y adaptar estos planes de lecciones para satisfacer sus propias necesidades. Los profesores tambi\u00e9n pueden utilizar el juego interactivo (ver m\u00e1s abajo) en las clases para alumnos de secundaria.   <\/p>\n<p>Durante estas clases, los alumnos aprenden:<\/p>\n<ul>\n<li>c\u00f3mo reconocer los pictogramas de las sustancias peligrosas<\/li>\n<li>c\u00f3mo elegir m\u00e9todos adecuados para protegerse de las sustancias peligrosas y c\u00f3mo manipularlas con seguridad<\/li>\n<li>sobre los efectos a largo plazo de las sustancias CMR y c\u00f3mo prevenirlos<\/li>\n<li>sobre la ficha de datos de seguridad, que funciona como un \u00abcarn\u00e9 de identidad\u00bb de las sustancias peligrosas<\/li>\n<li>sobre el c\u00e1ncer profesional, qu\u00e9 factores pueden causarlo y qu\u00e9 medidas pueden reducir la exposici\u00f3n a sustancias potencialmente cancer\u00edgenas<\/li>\n<\/ul>\n<p><a href=\"https:\/\/stopcarcinogensatwork.eu\/educational\/lesson-proposal-on-carcinogens-for-students-aged-11-years-minimum-and-over\/\">Propuesta de lecci\u00f3n sobre cancer\u00edgenos para alumnos de 11 a 14 a\u00f1os<\/a><br \/>\n<a href=\"https:\/\/stopcarcinogensatwork.eu\/educational\/9th-grade-of-primary-school-14-years\/\">Propuesta de lecci\u00f3n sobre cancer\u00edgenos para alumnos a partir de 14 a\u00f1os (m\u00ednimo)<\/a><\/p>\n<h2><strong>Juego interactivo<\/strong><strong><br \/>\n<\/strong><\/h2>\n<p>Para ayudar a los alumnos a comprender c\u00f3mo gestionar los riesgos de los cancer\u00edgenos en el lugar de trabajo, se ha creado un juego interactivo.<\/p>\n<p>En el juego, juegas como asesor de prevenci\u00f3n. Debes identificar situaciones inseguras relacionadas con sustancias cancer\u00edgenas en distintos lugares de trabajo (una obra, un hospital y una f\u00e1brica) y asesorar al empresario. Un punto clave del aprendizaje es el <g id=\"gid_0\">principio STOP<\/g>. Este principio muestra el orden de los pasos para evitar la exposici\u00f3n a sustancias peligrosas.   <\/p>\n<p>Para ayudar a los profesores a incluir el juego en sus clases, hay disponible un paquete de informaci\u00f3n educativa. En \u00e9l se explican varios conceptos que tambi\u00e9n aparecen en el juego. <\/p>\n<p>El juego est\u00e1 disponible en ingl\u00e9s, neerland\u00e9s y franc\u00e9s.<\/p>\n<p><a href=\"https:\/\/stopcarcinogensatwork.eu\/es\/good-practice\/gestion-de-los-riesgos-de-carcinogenos-en-el-lugar-de-trabajo-mediante-un-juego-educativo\/\">Al juego interactivo<\/a><\/p>\n","protected":false},"excerpt":{"rendered":"<p>Es importante ense\u00f1ar a los ni\u00f1os y estudiantes sobre las sustancias cancer\u00edgenas a una edad temprana, ya en la escuela primaria y en la formaci\u00f3n profesional. Por esta raz\u00f3n, se desarrollaron programas educativos. Plantilla de lecciones sobre cancer\u00edgenos Los planes de lecciones sobre cancer\u00edgenos fueron preparados por el Instituto Nacional de Educaci\u00f3n de Eslovenia y [&hellip;]<\/p>\n","protected":false},"author":1,"featured_media":0,"parent":42344,"menu_order":0,"comment_status":"closed","ping_status":"closed","template":"","meta":{"inline_featured_image":false,"footnotes":""},"class_list":["post-92879","page","type-page","status-publish","hentry"],"yoast_head":"<!-- This site is optimized with the Yoast SEO Premium plugin v27.4 (Yoast SEO v27.6) - https:\/\/yoast.com\/product\/yoast-seo-premium-wordpress\/ -->\n<title>Educaci\u00f3n sobre sustancias cancer\u00edgenas en el trabajo - STOP carcinogens at work<\/title>\n<meta name=\"description\" content=\"Es importante ense\u00f1ar a los ni\u00f1os y estudiantes sobre las sustancias cancer\u00edgenas a una edad temprana, en la escuela primaria y en la formaci\u00f3n profesional.\" \/>\n<meta name=\"robots\" content=\"index, follow, max-snippet:-1, max-image-preview:large, max-video-preview:-1\" \/>\n<link rel=\"canonical\" href=\"https:\/\/stopcarcinogensatwork.eu\/es\/general\/educacion-sobre-sustancias-cancerigenas-en-el-trabajo\/\" \/>\n<meta property=\"og:locale\" content=\"es_ES\" \/>\n<meta property=\"og:type\" content=\"article\" \/>\n<meta property=\"og:title\" content=\"Educaci\u00f3n sobre sustancias cancer\u00edgenas en el trabajo\" \/>\n<meta property=\"og:description\" content=\"Es importante ense\u00f1ar a los ni\u00f1os y estudiantes sobre las sustancias cancer\u00edgenas a una edad temprana, en la escuela primaria y en la formaci\u00f3n profesional.\" \/>\n<meta property=\"og:url\" content=\"https:\/\/stopcarcinogensatwork.eu\/es\/general\/educacion-sobre-sustancias-cancerigenas-en-el-trabajo\/\" \/>\n<meta property=\"og:site_name\" content=\"STOP carcinogens at work\" \/>\n<meta name=\"twitter:card\" content=\"summary_large_image\" \/>\n<meta name=\"twitter:label1\" content=\"Tiempo de lectura\" \/>\n\t<meta name=\"twitter:data1\" content=\"2 minuto\" \/>\n<script type=\"application\/ld+json\" class=\"yoast-schema-graph\">{\"@context\":\"https:\\\/\\\/schema.org\",\"@graph\":[{\"@type\":\"WebPage\",\"@id\":\"https:\\\/\\\/stopcarcinogensatwork.eu\\\/es\\\/general\\\/educacion-sobre-sustancias-cancerigenas-en-el-trabajo\\\/\",\"url\":\"https:\\\/\\\/stopcarcinogensatwork.eu\\\/es\\\/general\\\/educacion-sobre-sustancias-cancerigenas-en-el-trabajo\\\/\",\"name\":\"Educaci\u00f3n sobre sustancias cancer\u00edgenas en el trabajo - STOP carcinogens at work\",\"isPartOf\":{\"@id\":\"https:\\\/\\\/stopcarcinogensatwork.eu\\\/es\\\/#website\"},\"datePublished\":\"2025-09-01T11:06:42+00:00\",\"description\":\"Es importante ense\u00f1ar a los ni\u00f1os y estudiantes sobre las sustancias cancer\u00edgenas a una edad temprana, en la escuela primaria y en la formaci\u00f3n profesional.\",\"breadcrumb\":{\"@id\":\"https:\\\/\\\/stopcarcinogensatwork.eu\\\/es\\\/general\\\/educacion-sobre-sustancias-cancerigenas-en-el-trabajo\\\/#breadcrumb\"},\"inLanguage\":\"es\",\"potentialAction\":[{\"@type\":\"ReadAction\",\"target\":[\"https:\\\/\\\/stopcarcinogensatwork.eu\\\/es\\\/general\\\/educacion-sobre-sustancias-cancerigenas-en-el-trabajo\\\/\"]}]},{\"@type\":\"BreadcrumbList\",\"@id\":\"https:\\\/\\\/stopcarcinogensatwork.eu\\\/es\\\/general\\\/educacion-sobre-sustancias-cancerigenas-en-el-trabajo\\\/#breadcrumb\",\"itemListElement\":[{\"@type\":\"ListItem\",\"position\":1,\"name\":\"Home\",\"item\":\"https:\\\/\\\/stopcarcinogensatwork.eu\\\/es\\\/\"},{\"@type\":\"ListItem\",\"position\":2,\"name\":\"General\",\"item\":\"https:\\\/\\\/stopcarcinogensatwork.eu\\\/es\\\/general\\\/\"},{\"@type\":\"ListItem\",\"position\":3,\"name\":\"Educaci\u00f3n sobre sustancias cancer\u00edgenas en el trabajo\"}]},{\"@type\":\"WebSite\",\"@id\":\"https:\\\/\\\/stopcarcinogensatwork.eu\\\/es\\\/#website\",\"url\":\"https:\\\/\\\/stopcarcinogensatwork.eu\\\/es\\\/\",\"name\":\"STOP Carcinogens at work\",\"description\":\"Every year, about 100.000 people die from cancer that was caused by exposure to carcinogens at work in Europe.\",\"publisher\":{\"@id\":\"https:\\\/\\\/stopcarcinogensatwork.eu\\\/es\\\/#organization\"},\"alternateName\":\"Roadmap on Carcinogens\",\"potentialAction\":[{\"@type\":\"SearchAction\",\"target\":{\"@type\":\"EntryPoint\",\"urlTemplate\":\"https:\\\/\\\/stopcarcinogensatwork.eu\\\/es\\\/?s={search_term_string}\"},\"query-input\":{\"@type\":\"PropertyValueSpecification\",\"valueRequired\":true,\"valueName\":\"search_term_string\"}}],\"inLanguage\":\"es\"},{\"@type\":\"Organization\",\"@id\":\"https:\\\/\\\/stopcarcinogensatwork.eu\\\/es\\\/#organization\",\"name\":\"TNO\",\"alternateName\":\"This is a European wide voluntary action scheme\",\"url\":\"https:\\\/\\\/stopcarcinogensatwork.eu\\\/es\\\/\",\"logo\":{\"@type\":\"ImageObject\",\"inLanguage\":\"es\",\"@id\":\"https:\\\/\\\/stopcarcinogensatwork.eu\\\/es\\\/#\\\/schema\\\/logo\\\/image\\\/\",\"url\":\"https:\\\/\\\/stopcarcinogensatwork.eu\\\/wp-content\\\/uploads\\\/2024\\\/08\\\/cropped-FavLarge-1.png\",\"contentUrl\":\"https:\\\/\\\/stopcarcinogensatwork.eu\\\/wp-content\\\/uploads\\\/2024\\\/08\\\/cropped-FavLarge-1.png\",\"width\":512,\"height\":512,\"caption\":\"TNO\"},\"image\":{\"@id\":\"https:\\\/\\\/stopcarcinogensatwork.eu\\\/es\\\/#\\\/schema\\\/logo\\\/image\\\/\"},\"publishingPrinciples\":\"https:\\\/\\\/stopcarcinogensatwork.eu\\\/homepage\\\/legal\\\/\",\"ownershipFundingInfo\":\"https:\\\/\\\/stopcarcinogensatwork.eu\\\/general\\\/about-us\\\/\"}]}<\/script>\n<!-- \/ Yoast SEO Premium plugin. -->","yoast_head_json":{"title":"Educaci\u00f3n sobre sustancias cancer\u00edgenas en el trabajo - STOP carcinogens at work","description":"Es importante ense\u00f1ar a los ni\u00f1os y estudiantes sobre las sustancias cancer\u00edgenas a una edad temprana, en la escuela primaria y en la formaci\u00f3n profesional.","robots":{"index":"index","follow":"follow","max-snippet":"max-snippet:-1","max-image-preview":"max-image-preview:large","max-video-preview":"max-video-preview:-1"},"canonical":"https:\/\/stopcarcinogensatwork.eu\/es\/general\/educacion-sobre-sustancias-cancerigenas-en-el-trabajo\/","og_locale":"es_ES","og_type":"article","og_title":"Educaci\u00f3n sobre sustancias cancer\u00edgenas en el trabajo","og_description":"Es importante ense\u00f1ar a los ni\u00f1os y estudiantes sobre las sustancias cancer\u00edgenas a una edad temprana, en la escuela primaria y en la formaci\u00f3n profesional.","og_url":"https:\/\/stopcarcinogensatwork.eu\/es\/general\/educacion-sobre-sustancias-cancerigenas-en-el-trabajo\/","og_site_name":"STOP carcinogens at work","twitter_card":"summary_large_image","twitter_misc":{"Tiempo de lectura":"2 minuto"},"schema":{"@context":"https:\/\/schema.org","@graph":[{"@type":"WebPage","@id":"https:\/\/stopcarcinogensatwork.eu\/es\/general\/educacion-sobre-sustancias-cancerigenas-en-el-trabajo\/","url":"https:\/\/stopcarcinogensatwork.eu\/es\/general\/educacion-sobre-sustancias-cancerigenas-en-el-trabajo\/","name":"Educaci\u00f3n sobre sustancias cancer\u00edgenas en el trabajo - STOP carcinogens at work","isPartOf":{"@id":"https:\/\/stopcarcinogensatwork.eu\/es\/#website"},"datePublished":"2025-09-01T11:06:42+00:00","description":"Es importante ense\u00f1ar a los ni\u00f1os y estudiantes sobre las sustancias cancer\u00edgenas a una edad temprana, en la escuela primaria y en la formaci\u00f3n profesional.","breadcrumb":{"@id":"https:\/\/stopcarcinogensatwork.eu\/es\/general\/educacion-sobre-sustancias-cancerigenas-en-el-trabajo\/#breadcrumb"},"inLanguage":"es","potentialAction":[{"@type":"ReadAction","target":["https:\/\/stopcarcinogensatwork.eu\/es\/general\/educacion-sobre-sustancias-cancerigenas-en-el-trabajo\/"]}]},{"@type":"BreadcrumbList","@id":"https:\/\/stopcarcinogensatwork.eu\/es\/general\/educacion-sobre-sustancias-cancerigenas-en-el-trabajo\/#breadcrumb","itemListElement":[{"@type":"ListItem","position":1,"name":"Home","item":"https:\/\/stopcarcinogensatwork.eu\/es\/"},{"@type":"ListItem","position":2,"name":"General","item":"https:\/\/stopcarcinogensatwork.eu\/es\/general\/"},{"@type":"ListItem","position":3,"name":"Educaci\u00f3n sobre sustancias cancer\u00edgenas en el trabajo"}]},{"@type":"WebSite","@id":"https:\/\/stopcarcinogensatwork.eu\/es\/#website","url":"https:\/\/stopcarcinogensatwork.eu\/es\/","name":"STOP Carcinogens at work","description":"Every year, about 100.000 people die from cancer that was caused by exposure to carcinogens at work in Europe.","publisher":{"@id":"https:\/\/stopcarcinogensatwork.eu\/es\/#organization"},"alternateName":"Roadmap on Carcinogens","potentialAction":[{"@type":"SearchAction","target":{"@type":"EntryPoint","urlTemplate":"https:\/\/stopcarcinogensatwork.eu\/es\/?s={search_term_string}"},"query-input":{"@type":"PropertyValueSpecification","valueRequired":true,"valueName":"search_term_string"}}],"inLanguage":"es"},{"@type":"Organization","@id":"https:\/\/stopcarcinogensatwork.eu\/es\/#organization","name":"TNO","alternateName":"This is a European wide voluntary action scheme","url":"https:\/\/stopcarcinogensatwork.eu\/es\/","logo":{"@type":"ImageObject","inLanguage":"es","@id":"https:\/\/stopcarcinogensatwork.eu\/es\/#\/schema\/logo\/image\/","url":"https:\/\/stopcarcinogensatwork.eu\/wp-content\/uploads\/2024\/08\/cropped-FavLarge-1.png","contentUrl":"https:\/\/stopcarcinogensatwork.eu\/wp-content\/uploads\/2024\/08\/cropped-FavLarge-1.png","width":512,"height":512,"caption":"TNO"},"image":{"@id":"https:\/\/stopcarcinogensatwork.eu\/es\/#\/schema\/logo\/image\/"},"publishingPrinciples":"https:\/\/stopcarcinogensatwork.eu\/homepage\/legal\/","ownershipFundingInfo":"https:\/\/stopcarcinogensatwork.eu\/general\/about-us\/"}]}},"_links":{"self":[{"href":"https:\/\/stopcarcinogensatwork.eu\/es\/wp-json\/wp\/v2\/pages\/92879","targetHints":{"allow":["GET"]}}],"collection":[{"href":"https:\/\/stopcarcinogensatwork.eu\/es\/wp-json\/wp\/v2\/pages"}],"about":[{"href":"https:\/\/stopcarcinogensatwork.eu\/es\/wp-json\/wp\/v2\/types\/page"}],"author":[{"embeddable":true,"href":"https:\/\/stopcarcinogensatwork.eu\/es\/wp-json\/wp\/v2\/users\/1"}],"replies":[{"embeddable":true,"href":"https:\/\/stopcarcinogensatwork.eu\/es\/wp-json\/wp\/v2\/comments?post=92879"}],"version-history":[{"count":0,"href":"https:\/\/stopcarcinogensatwork.eu\/es\/wp-json\/wp\/v2\/pages\/92879\/revisions"}],"up":[{"embeddable":true,"href":"https:\/\/stopcarcinogensatwork.eu\/es\/wp-json\/wp\/v2\/pages\/42344"}],"wp:attachment":[{"href":"https:\/\/stopcarcinogensatwork.eu\/es\/wp-json\/wp\/v2\/media?parent=92879"}],"curies":[{"name":"wp","href":"https:\/\/api.w.org\/{rel}","templated":true}]}}