{"id":78442,"date":"2024-02-27T15:15:29","date_gmt":"2024-02-27T15:15:29","guid":{"rendered":"https:\/\/stopcarcinogensatwork.eu\/tee-yhteistyota-kanssamme\/"},"modified":"2026-01-23T10:01:38","modified_gmt":"2026-01-23T10:01:38","slug":"tee-yhteistyota-kanssamme","status":"publish","type":"page","link":"https:\/\/stopcarcinogensatwork.eu\/fi\/yleista\/tee-yhteistyota-kanssamme\/","title":{"rendered":"Tee yhteisty\u00f6t\u00e4 kanssamme"},"content":{"rendered":"\t\t<div data-elementor-type=\"wp-page\" data-elementor-id=\"78442\" class=\"elementor elementor-78442 elementor-7358\" data-elementor-post-type=\"page\">\n\t\t\t\t<div class=\"elementor-element elementor-element-4bc4f45a e-flex e-con-boxed e-con e-parent\" data-id=\"4bc4f45a\" data-element_type=\"container\" data-e-type=\"container\">\n\t\t\t\t\t<div class=\"e-con-inner\">\n\t\t\t\t<div class=\"elementor-element elementor-element-656752e2 elementor-widget elementor-widget-text-editor\" data-id=\"656752e2\" data-element_type=\"widget\" data-e-type=\"widget\" data-widget_type=\"text-editor.default\">\n\t\t\t\t\t\t\t\t\t<h2>Tehd\u00e4\u00e4n yhdess\u00e4 ty\u00f6paikoista turvallisempia &#8211; tiedon, k\u00e4yt\u00e4nt\u00f6jen ja koulutuksen avulla.<\/h2><blockquote><p>Joka vuosi kymmenet tuhannet ihmiset ymp\u00e4ri Eurooppaa kuolevat ty\u00f6ns\u00e4 aiheuttamiin sairauksiin. Monissa tapauksissa syyn\u00e4 on sy\u00f6p\u00e4, joka johtuu altistumisesta sy\u00f6p\u00e4\u00e4 aiheuttaville aineille ty\u00f6ss\u00e4. N\u00e4m\u00e4 riskit ovat usein n\u00e4kym\u00e4tt\u00f6mi\u00e4, mutta ne eiv\u00e4t ole v\u00e4ist\u00e4m\u00e4tt\u00f6mi\u00e4. Jotta asia muuttuisi, tarvitsemme toisiamme.   <\/p><p>Ty\u00f6nantajien ja ty\u00f6ntekij\u00f6iden lis\u00e4ksi kutsumme mukaan laajemman ammattilaisten verkoston: <strong><a href=\"#inspectorate\">ty\u00f6suojeluviranomaiset, tutkijat<\/a>, <a href=\"#research\">ammattiliitot, asiantuntijaj\u00e4rjest\u00f6t<\/a>, koulutuksen tarjoajat <a href=\"#educational\">ja kouluttajat.<\/a><\/strong> Yhteisty\u00f6ll\u00e4 teemme tietoa n\u00e4kyv\u00e4ksi, kehit\u00e4mme uusia v\u00e4lineit\u00e4 ja opimme toistemme k\u00e4yt\u00e4nn\u00f6ist\u00e4.<\/p><\/blockquote>\t\t\t\t\t\t\t\t<\/div>\n\t\t\t\t\t<\/div>\n\t\t\t\t<\/div>\n\t\t<div class=\"elementor-element elementor-element-01c544b e-flex e-con-boxed e-con e-parent\" data-id=\"01c544b\" data-element_type=\"container\" data-e-type=\"container\" id=\"inspectorate\">\n\t\t\t\t\t<div class=\"e-con-inner\">\n\t\t\t\t<div class=\"elementor-element elementor-element-c2c232c elementor-widget elementor-widget-text-editor\" data-id=\"c2c232c\" data-element_type=\"widget\" data-e-type=\"widget\" data-widget_type=\"text-editor.default\">\n\t\t\t\t\t\t\t\t\t<h3>Tarkastuslaitokset<\/h3><p>Ty\u00f6suojeluviranomaisilla on runsaasti k\u00e4yt\u00e4nn\u00f6n kokemusta. Jakamalla tarkastustapauksia voimme auttaa muita tarkastajia oppimaan k\u00e4yt\u00e4nn\u00f6st\u00e4 ja auttaa yrityksi\u00e4 ymm\u00e4rt\u00e4m\u00e4\u00e4n, mik\u00e4 toimii ja mik\u00e4 ei. Kutsumme ty\u00f6suojelutarkastajia:  <\/p><p>&#8211; Jakaa tarkastustapauksia, joissa riskinarviointi ja valvontatoimenpiteet k\u00e4yv\u00e4t ilmi<br>&#8211; Tukea Euroopan tarkastuslaitosten keskin\u00e4ist\u00e4 oppimista<br>&#8211; Auttaa yrityksi\u00e4 saamaan k\u00e4sityksen tarkastusprosessista.<\/p><p><strong>Haluatko osallistua? <a href=\"https:\/\/stopcarcinogensatwork.eu\/register\/\">Pyyd\u00e4 tili\u00e4 tarkastuslaitosten rekister\u00f6intisivun kautta<\/a>.<\/strong> Onko sinulla jo tili? <a href=\"https:\/\/stopcarcinogensatwork.eu\/fi\/kirjaudu-sisaan\/\">Kirjaudu sis\u00e4\u00e4n t\u00e4\u00e4ll\u00e4.<\/a><br>Haluatko n\u00e4hd\u00e4 julkaistut tarkastustapaukset? <a href=\"https:\/\/stopcarcinogensatwork.eu\/fi\/haku-tarkastukset\/\">Klikkaa t\u00e4st\u00e4<\/a><\/p>\t\t\t\t\t\t\t\t<\/div>\n\t\t\t\t\t<\/div>\n\t\t\t\t<\/div>\n\t\t<div class=\"elementor-element elementor-element-06edf1b e-flex e-con-boxed e-con e-parent\" data-id=\"06edf1b\" data-element_type=\"container\" data-e-type=\"container\" id=\"research\">\n\t\t\t\t\t<div class=\"e-con-inner\">\n\t\t\t\t<div class=\"elementor-element elementor-element-cfc6497 elementor-widget elementor-widget-text-editor\" data-id=\"cfc6497\" data-element_type=\"widget\" data-e-type=\"widget\" data-widget_type=\"text-editor.default\">\n\t\t\t\t\t\t\t\t\t<h3>Tutkimus- ja osaamislaitokset<\/h3><p>Tutkimus, tekninen asiantuntemus ja n\u00e4ytt\u00f6\u00f6n perustuvat k\u00e4yt\u00e4nn\u00f6t ovat olennaisen t\u00e4rkeit\u00e4, kun v\u00e4hennet\u00e4\u00e4n ty\u00f6per\u00e4ist\u00e4 altistumista karsinogeeneille. Kehotamme laitoksia: <\/p><ul><li>Hyvien k\u00e4yt\u00e4nt\u00f6jen jakaminen: todellisia esimerkkej\u00e4 onnistuneesta korvaamisesta tai valvonnasta.<\/li><li>Kehitet\u00e4\u00e4n tai tarkennetaan Control Guidance Sheets (CGS): vaiheittaiset ohjeet altistumisen hallintaan.<\/li><li>Tuetaan tietoisuutta ja politiikkaa tieteellisell\u00e4 n\u00e4kemyksell\u00e4, tiedoilla ja koulutusv\u00e4lineill\u00e4.<\/li><\/ul><p>Rakennamme yhdess\u00e4 yhteisen tietopohjan, jota muut voivat k\u00e4ytt\u00e4\u00e4 omien strategioidensa parantamiseen. <strong><a href=\"https:\/\/stopcarcinogensatwork.eu\/institute-for-cgs\/\">Pyyd\u00e4 tili rekister\u00f6intisivummekautta<\/a>.<\/strong><\/p>\t\t\t\t\t\t\t\t<\/div>\n\t\t\t\t\t<\/div>\n\t\t\t\t<\/div>\n\t\t<div class=\"elementor-element elementor-element-8326d9a e-flex e-con-boxed e-con e-parent\" data-id=\"8326d9a\" data-element_type=\"container\" data-e-type=\"container\" id=\"educational\">\n\t\t\t\t\t<div class=\"e-con-inner\">\n\t\t\t\t<div class=\"elementor-element elementor-element-b40aa3d elementor-widget elementor-widget-text-editor\" data-id=\"b40aa3d\" data-element_type=\"widget\" data-e-type=\"widget\" data-widget_type=\"text-editor.default\">\n\t\t\t\t\t\t\t\t\t<h3>Koulutuslaitoksille ja kouluttajille<\/h3><p>Ammatillisesta koulutuksesta yliopistoihin: t\u00e4m\u00e4n p\u00e4iv\u00e4n opiskelijat ovat huomisen ty\u00f6voimaa. Varhainen koulutus sy\u00f6p\u00e4\u00e4 aiheuttavista aineista auttaa luomaan pitk\u00e4aikaista tietoisuutta ja terveellisempi\u00e4 valintoja. Kutsumme kouluttajat ja kouluttajat mukaan:  <\/p><ul><li>Jaa oppimateriaalia tai tiedotushankkeita kouluissa, oppilaitoksissa tai koulutuskeskuksissa k\u00e4ytett\u00e4v\u00e4ksi.<\/li><li>Eri ik\u00e4ryhmille ja eri aloille mukautetun koulutuksen sis\u00e4ll\u00f6n luominen yhteisty\u00f6ss\u00e4.<\/li><li>innostaa opiskelijoita tunnistamaan ja v\u00e4hent\u00e4m\u00e4\u00e4n riskej\u00e4 tulevissa ty\u00f6paikoissa.<\/li><\/ul><p><a href=\"https:\/\/stopcarcinogensatwork.eu\/general\/educational-institutions-and-trainers\/\">Vieraile verkkosivujemme koulutusosiossa.<\/a><\/p>\t\t\t\t\t\t\t\t<\/div>\n\t\t\t\t\t<\/div>\n\t\t\t\t<\/div>\n\t\t\t\t<\/div>\n\t\t","protected":false},"excerpt":{"rendered":"<p>Tehd\u00e4\u00e4n yhdess\u00e4 ty\u00f6paikoista turvallisempia &#8211; tiedon, k\u00e4yt\u00e4nt\u00f6jen ja koulutuksen avulla. Joka vuosi kymmenet tuhannet ihmiset ymp\u00e4ri Eurooppaa kuolevat ty\u00f6ns\u00e4 aiheuttamiin sairauksiin. Monissa tapauksissa syyn\u00e4 on sy\u00f6p\u00e4, joka johtuu altistumisesta sy\u00f6p\u00e4\u00e4 aiheuttaville aineille ty\u00f6ss\u00e4. N\u00e4m\u00e4 riskit ovat usein n\u00e4kym\u00e4tt\u00f6mi\u00e4, mutta ne eiv\u00e4t ole v\u00e4ist\u00e4m\u00e4tt\u00f6mi\u00e4. Jotta asia muuttuisi, tarvitsemme toisiamme. Ty\u00f6nantajien ja ty\u00f6ntekij\u00f6iden lis\u00e4ksi kutsumme mukaan laajemman [&hellip;]<\/p>\n","protected":false},"author":1,"featured_media":0,"parent":93480,"menu_order":0,"comment_status":"closed","ping_status":"closed","template":"","meta":{"inline_featured_image":false,"footnotes":""},"class_list":["post-78442","page","type-page","status-publish","hentry"],"yoast_head":"<!-- This site is optimized with the Yoast SEO Premium plugin v27.0 (Yoast SEO v27.3) - https:\/\/yoast.com\/product\/yoast-seo-premium-wordpress\/ -->\n<title>Tee yhteisty\u00f6t\u00e4 kanssamme - STOP carcinogens at work<\/title>\n<meta name=\"description\" content=\"Every year, more than 100.000 people die in the EU from cancer caused by carcinogens at work. This must STOP!\" \/>\n<meta name=\"robots\" content=\"noindex, nofollow\" \/>\n<meta property=\"og:locale\" content=\"fi_FI\" \/>\n<meta property=\"og:type\" content=\"article\" \/>\n<meta property=\"og:title\" content=\"Tee yhteisty\u00f6t\u00e4 kanssamme\" \/>\n<meta property=\"og:description\" content=\"Every year, more than 100.000 people die in the EU from cancer caused by carcinogens at work. This must STOP!\" \/>\n<meta property=\"og:url\" content=\"https:\/\/stopcarcinogensatwork.eu\/fi\/yleista\/tee-yhteistyota-kanssamme\/\" \/>\n<meta property=\"og:site_name\" content=\"STOP carcinogens at work\" \/>\n<meta property=\"article:modified_time\" content=\"2026-01-23T10:01:38+00:00\" \/>\n<meta name=\"twitter:card\" content=\"summary_large_image\" \/>\n<meta name=\"twitter:label1\" content=\"Arvioitu lukuaika\" \/>\n\t<meta name=\"twitter:data1\" content=\"2 minuuttia\" \/>\n<script type=\"application\/ld+json\" class=\"yoast-schema-graph\">{\"@context\":\"https:\\\/\\\/schema.org\",\"@graph\":[{\"@type\":\"WebPage\",\"@id\":\"https:\\\/\\\/stopcarcinogensatwork.eu\\\/fi\\\/yleista\\\/tee-yhteistyota-kanssamme\\\/\",\"url\":\"https:\\\/\\\/stopcarcinogensatwork.eu\\\/fi\\\/yleista\\\/tee-yhteistyota-kanssamme\\\/\",\"name\":\"Tee yhteisty\u00f6t\u00e4 kanssamme - STOP carcinogens at work\",\"isPartOf\":{\"@id\":\"https:\\\/\\\/stopcarcinogensatwork.eu\\\/fi\\\/#website\"},\"datePublished\":\"2024-02-27T15:15:29+00:00\",\"dateModified\":\"2026-01-23T10:01:38+00:00\",\"description\":\"Every year, more than 100.000 people die in the EU from cancer caused by carcinogens at work. This must STOP!\",\"breadcrumb\":{\"@id\":\"https:\\\/\\\/stopcarcinogensatwork.eu\\\/fi\\\/yleista\\\/tee-yhteistyota-kanssamme\\\/#breadcrumb\"},\"inLanguage\":\"fi\",\"potentialAction\":[{\"@type\":\"ReadAction\",\"target\":[\"https:\\\/\\\/stopcarcinogensatwork.eu\\\/fi\\\/yleista\\\/tee-yhteistyota-kanssamme\\\/\"]}]},{\"@type\":\"BreadcrumbList\",\"@id\":\"https:\\\/\\\/stopcarcinogensatwork.eu\\\/fi\\\/yleista\\\/tee-yhteistyota-kanssamme\\\/#breadcrumb\",\"itemListElement\":[{\"@type\":\"ListItem\",\"position\":1,\"name\":\"Home\",\"item\":\"https:\\\/\\\/stopcarcinogensatwork.eu\\\/fi\\\/stop-carcinogens-at-work\\\/\"},{\"@type\":\"ListItem\",\"position\":2,\"name\":\"Yleist\u00e4\",\"item\":\"https:\\\/\\\/stopcarcinogensatwork.eu\\\/fi\\\/yleista\\\/\"},{\"@type\":\"ListItem\",\"position\":3,\"name\":\"Tee yhteisty\u00f6t\u00e4 kanssamme\"}]},{\"@type\":\"WebSite\",\"@id\":\"https:\\\/\\\/stopcarcinogensatwork.eu\\\/fi\\\/#website\",\"url\":\"https:\\\/\\\/stopcarcinogensatwork.eu\\\/fi\\\/\",\"name\":\"STOP Carcinogens at work\",\"description\":\"Every year, about 100.000 people die from cancer that was caused by exposure to carcinogens at work in Europe.\",\"publisher\":{\"@id\":\"https:\\\/\\\/stopcarcinogensatwork.eu\\\/fi\\\/#organization\"},\"alternateName\":\"Roadmap on Carcinogens\",\"potentialAction\":[{\"@type\":\"SearchAction\",\"target\":{\"@type\":\"EntryPoint\",\"urlTemplate\":\"https:\\\/\\\/stopcarcinogensatwork.eu\\\/fi\\\/?s={search_term_string}\"},\"query-input\":{\"@type\":\"PropertyValueSpecification\",\"valueRequired\":true,\"valueName\":\"search_term_string\"}}],\"inLanguage\":\"fi\"},{\"@type\":\"Organization\",\"@id\":\"https:\\\/\\\/stopcarcinogensatwork.eu\\\/fi\\\/#organization\",\"name\":\"TNO\",\"alternateName\":\"This is a European wide voluntary action scheme\",\"url\":\"https:\\\/\\\/stopcarcinogensatwork.eu\\\/fi\\\/\",\"logo\":{\"@type\":\"ImageObject\",\"inLanguage\":\"fi\",\"@id\":\"https:\\\/\\\/stopcarcinogensatwork.eu\\\/fi\\\/#\\\/schema\\\/logo\\\/image\\\/\",\"url\":\"https:\\\/\\\/stopcarcinogensatwork.eu\\\/wp-content\\\/uploads\\\/2024\\\/08\\\/cropped-FavLarge-1.png\",\"contentUrl\":\"https:\\\/\\\/stopcarcinogensatwork.eu\\\/wp-content\\\/uploads\\\/2024\\\/08\\\/cropped-FavLarge-1.png\",\"width\":512,\"height\":512,\"caption\":\"TNO\"},\"image\":{\"@id\":\"https:\\\/\\\/stopcarcinogensatwork.eu\\\/fi\\\/#\\\/schema\\\/logo\\\/image\\\/\"},\"publishingPrinciples\":\"https:\\\/\\\/stopcarcinogensatwork.eu\\\/homepage\\\/legal\\\/\",\"ownershipFundingInfo\":\"https:\\\/\\\/stopcarcinogensatwork.eu\\\/general\\\/about-us\\\/\"}]}<\/script>\n<!-- \/ Yoast SEO Premium plugin. -->","yoast_head_json":{"title":"Tee yhteisty\u00f6t\u00e4 kanssamme - STOP carcinogens at work","description":"Every year, more than 100.000 people die in the EU from cancer caused by carcinogens at work. This must STOP!","robots":{"index":"noindex","follow":"nofollow"},"og_locale":"fi_FI","og_type":"article","og_title":"Tee yhteisty\u00f6t\u00e4 kanssamme","og_description":"Every year, more than 100.000 people die in the EU from cancer caused by carcinogens at work. This must STOP!","og_url":"https:\/\/stopcarcinogensatwork.eu\/fi\/yleista\/tee-yhteistyota-kanssamme\/","og_site_name":"STOP carcinogens at work","article_modified_time":"2026-01-23T10:01:38+00:00","twitter_card":"summary_large_image","twitter_misc":{"Arvioitu lukuaika":"2 minuuttia"},"schema":{"@context":"https:\/\/schema.org","@graph":[{"@type":"WebPage","@id":"https:\/\/stopcarcinogensatwork.eu\/fi\/yleista\/tee-yhteistyota-kanssamme\/","url":"https:\/\/stopcarcinogensatwork.eu\/fi\/yleista\/tee-yhteistyota-kanssamme\/","name":"Tee yhteisty\u00f6t\u00e4 kanssamme - STOP carcinogens at work","isPartOf":{"@id":"https:\/\/stopcarcinogensatwork.eu\/fi\/#website"},"datePublished":"2024-02-27T15:15:29+00:00","dateModified":"2026-01-23T10:01:38+00:00","description":"Every year, more than 100.000 people die in the EU from cancer caused by carcinogens at work. This must STOP!","breadcrumb":{"@id":"https:\/\/stopcarcinogensatwork.eu\/fi\/yleista\/tee-yhteistyota-kanssamme\/#breadcrumb"},"inLanguage":"fi","potentialAction":[{"@type":"ReadAction","target":["https:\/\/stopcarcinogensatwork.eu\/fi\/yleista\/tee-yhteistyota-kanssamme\/"]}]},{"@type":"BreadcrumbList","@id":"https:\/\/stopcarcinogensatwork.eu\/fi\/yleista\/tee-yhteistyota-kanssamme\/#breadcrumb","itemListElement":[{"@type":"ListItem","position":1,"name":"Home","item":"https:\/\/stopcarcinogensatwork.eu\/fi\/stop-carcinogens-at-work\/"},{"@type":"ListItem","position":2,"name":"Yleist\u00e4","item":"https:\/\/stopcarcinogensatwork.eu\/fi\/yleista\/"},{"@type":"ListItem","position":3,"name":"Tee yhteisty\u00f6t\u00e4 kanssamme"}]},{"@type":"WebSite","@id":"https:\/\/stopcarcinogensatwork.eu\/fi\/#website","url":"https:\/\/stopcarcinogensatwork.eu\/fi\/","name":"STOP Carcinogens at work","description":"Every year, about 100.000 people die from cancer that was caused by exposure to carcinogens at work in Europe.","publisher":{"@id":"https:\/\/stopcarcinogensatwork.eu\/fi\/#organization"},"alternateName":"Roadmap on Carcinogens","potentialAction":[{"@type":"SearchAction","target":{"@type":"EntryPoint","urlTemplate":"https:\/\/stopcarcinogensatwork.eu\/fi\/?s={search_term_string}"},"query-input":{"@type":"PropertyValueSpecification","valueRequired":true,"valueName":"search_term_string"}}],"inLanguage":"fi"},{"@type":"Organization","@id":"https:\/\/stopcarcinogensatwork.eu\/fi\/#organization","name":"TNO","alternateName":"This is a European wide voluntary action scheme","url":"https:\/\/stopcarcinogensatwork.eu\/fi\/","logo":{"@type":"ImageObject","inLanguage":"fi","@id":"https:\/\/stopcarcinogensatwork.eu\/fi\/#\/schema\/logo\/image\/","url":"https:\/\/stopcarcinogensatwork.eu\/wp-content\/uploads\/2024\/08\/cropped-FavLarge-1.png","contentUrl":"https:\/\/stopcarcinogensatwork.eu\/wp-content\/uploads\/2024\/08\/cropped-FavLarge-1.png","width":512,"height":512,"caption":"TNO"},"image":{"@id":"https:\/\/stopcarcinogensatwork.eu\/fi\/#\/schema\/logo\/image\/"},"publishingPrinciples":"https:\/\/stopcarcinogensatwork.eu\/homepage\/legal\/","ownershipFundingInfo":"https:\/\/stopcarcinogensatwork.eu\/general\/about-us\/"}]}},"_links":{"self":[{"href":"https:\/\/stopcarcinogensatwork.eu\/fi\/wp-json\/wp\/v2\/pages\/78442","targetHints":{"allow":["GET"]}}],"collection":[{"href":"https:\/\/stopcarcinogensatwork.eu\/fi\/wp-json\/wp\/v2\/pages"}],"about":[{"href":"https:\/\/stopcarcinogensatwork.eu\/fi\/wp-json\/wp\/v2\/types\/page"}],"author":[{"embeddable":true,"href":"https:\/\/stopcarcinogensatwork.eu\/fi\/wp-json\/wp\/v2\/users\/1"}],"replies":[{"embeddable":true,"href":"https:\/\/stopcarcinogensatwork.eu\/fi\/wp-json\/wp\/v2\/comments?post=78442"}],"version-history":[{"count":0,"href":"https:\/\/stopcarcinogensatwork.eu\/fi\/wp-json\/wp\/v2\/pages\/78442\/revisions"}],"up":[{"embeddable":true,"href":"https:\/\/stopcarcinogensatwork.eu\/fi\/wp-json\/wp\/v2\/pages\/93480"}],"wp:attachment":[{"href":"https:\/\/stopcarcinogensatwork.eu\/fi\/wp-json\/wp\/v2\/media?parent=78442"}],"curies":[{"name":"wp","href":"https:\/\/api.w.org\/{rel}","templated":true}]}}