{"id":93439,"date":"2023-08-15T07:25:38","date_gmt":"2023-08-15T07:25:38","guid":{"rendered":"https:\/\/stopcarcinogensatwork.eu\/karsinogeeneja-koskeva-johdanto\/"},"modified":"2026-02-26T09:31:41","modified_gmt":"2026-02-26T09:31:41","slug":"karsinogeeneja-koskeva-johdanto","status":"publish","type":"page","link":"https:\/\/stopcarcinogensatwork.eu\/fi\/yleista\/karsinogeeneja-koskeva-johdanto\/","title":{"rendered":"Karsinogeenej\u00e4 koskeva johdanto"},"content":{"rendered":"<blockquote><p>Sy\u00f6p\u00e4\u00e4 aiheuttavat aineet eli karsinogeenit ovat sy\u00f6p\u00e4\u00e4 aiheuttavia aineita. Tunnettu esimerkki on asbesti, aine, joka on vastuussa tuhansista uhreista, jotka k\u00e4rsiv\u00e4t ja kuolevat asbestihiukkasille altistumisen vuoksi. Monet muut karsinogeeniset aineet ovat v\u00e4hemm\u00e4n tunnettuja, mutta huomaa: my\u00f6s luonnontuotteet, kuten kovapuup\u00f6ly, voivat aiheuttaa sy\u00f6p\u00e4\u00e4. Varmista, ett\u00e4 tied\u00e4t, mink\u00e4 kanssa ty\u00f6skentelet!   <\/p><\/blockquote>\n<h2>Karsinogeenien tyypit<\/h2>\n<h3>Sy\u00f6p\u00e4\u00e4 aiheuttavat aineet ilmenev\u00e4t eri muodoissa:<\/h3>\n<ul>\n<li>Ulkon\u00e4k\u00f6: T\u00e4llaisia ovat muun muassa kemialliset muunnokset, kuten tietyt karsinogeenit ja teollisuusmaalit. Ne voivat kuitenkin olla my\u00f6s prosessin tulosta (prosessissa syntyv\u00e4t karsinogeenit), kuten Diesel-p\u00e4\u00e4st\u00f6t tai hitsaushuurut. <\/li>\n<li>Jotkin karsinogeenit voidaan hengitt\u00e4\u00e4 ja ne voivat p\u00e4\u00e4st\u00e4 esimerkiksi verenkiertoon ja elimiin, my\u00f6s aivoihin. Toiset voivat p\u00e4\u00e4st\u00e4 ihon kautta. Kun karsinogeenit ovat p\u00e4\u00e4sseet elimist\u00f6\u00f6n, ne voivat vahingoittaa ty\u00f6ntekij\u00f6iden DNA:ta tai muuttaa elimist\u00f6n solujen toiminta- ja lis\u00e4\u00e4ntymistapoja. T\u00e4m\u00e4 voi johtaa sy\u00f6p\u00e4\u00e4n ja muihin terveysongelmiin.   <\/li>\n<li>Luonnontuotteet: Esimerkiksi kovapuup\u00f6ly sek\u00e4 tietyiss\u00e4 kivilajeissa oleva piidioksidi ja kvartsi voivat aiheuttaa sy\u00f6p\u00e4\u00e4, jos altistuminen on suurta ja pitk\u00e4aikaista.<\/li>\n<\/ul>\n<p>Tarkista <a href=\"https:\/\/stopcarcinogensatwork.eu\/search\/\">tietolehdist\u00e4 lis\u00e4tietoja<\/a> eri karsinogeeneist\u00e4.<\/p>\n<h2>Karsinogeenej\u00e4 koskeva lains\u00e4\u00e4d\u00e4nt\u00f6<\/h2>\n<p>Suojellakseen ty\u00f6ntekij\u00f6it\u00e4 karsinogeeneille altistumiselta EU on laatinut direktiivin <a href=\"https:\/\/osha.europa.eu\/nl\/legislation\/directive\/directive-200437ec-carcinogens-or-mutagens-work\">karsinogeeneist\u00e4, perim\u00e4n muutoksia aiheuttavista tai lis\u00e4\u00e4ntymiselle vaarallisista aineista.<\/a> Direktiiviss\u00e4 s\u00e4\u00e4det\u00e4\u00e4n seuraavista menettelyist\u00e4: <\/p>\n<ul>\n<li><strong>Riskinarviointi:<\/strong> Ty\u00f6nantajan on tarkistettava ja hallittava riski altistua sy\u00f6p\u00e4\u00e4 aiheuttaville, perim\u00e4\u00e4 vaurioittaville (geenimuutoksia aiheuttaville) tai lis\u00e4\u00e4ntymiselle vaarallisille (lis\u00e4\u00e4ntymiselle haitallisille) aineille (CMR). Tarkastus on teht\u00e4v\u00e4 s\u00e4\u00e4nn\u00f6llisesti. <\/li>\n<li><strong>Ennaltaehk\u00e4isev\u00e4t toimenpiteet:<\/strong> Ty\u00f6ntekij\u00e4t eiv\u00e4t saa altistua CMR:lle. Ty\u00f6nantajan on mahdollisuuksien mukaan k\u00e4ytett\u00e4v\u00e4 turvallisempia aineita. Jos suljetun j\u00e4rjestelm\u00e4n k\u00e4ytt\u00f6 ei ole mahdollista, altistuminen on minimoitava. Altistuminen ei saa ylitt\u00e4\u00e4 sy\u00f6p\u00e4\u00e4 aiheuttavan aineen sallittua raja-arvoa (lue lis\u00e4\u00e4: STOP-periaate).   <\/li>\n<li><strong>Tiedotus ja koulutus:<\/strong> Ty\u00f6nantajan on annettava asianmukaista koulutusta terveysriskeist\u00e4, altistumisen v\u00e4ltt\u00e4misest\u00e4, hygienias\u00e4\u00e4nn\u00f6ist\u00e4, suojavarusteista ja siit\u00e4, mit\u00e4 tehd\u00e4 vaaratilanteissa.<\/li>\n<li><strong>Terveysvalvonta:<\/strong> Jos biologinen raja-arvo (ks. j\u00e4ljemp\u00e4n\u00e4) on asetettu, vaaditaan terveystarkastuksia. Ty\u00f6ntekij\u00f6ille on kerrottava t\u00e4st\u00e4 ennen kuin he aloittavat riskialttiin teht\u00e4v\u00e4n. <\/li>\n<\/ul>\n<h2>Ty\u00f6per\u00e4isen altistumisen raja-arvot<\/h2>\n<p>EU:n ja kansallisen tason s\u00e4\u00e4ntelyviranomaiset asettavat raja-arvot vaarallisille aineille, kuten karsinogeeneille, altistumiselle. N\u00e4m\u00e4 ty\u00f6per\u00e4isen altistumisen raja-arvot (OEL-arvot) ovat s\u00e4\u00e4ntelyn mukaisia arvoja, jotka ilmaisevat altistumistasot, joita pidet\u00e4\u00e4n turvallisina (terveysperusteisina) kemialliselle aineelle ty\u00f6paikan ilmassa. Pohjimmiltaan ne toimivat turvallisuusstandardeina ty\u00f6ntekij\u00f6iden terveyden suojelemiseksi. Tarkista ty\u00f6per\u00e4isen <a href=\"https:\/\/stopcarcinogensatwork.eu\/search\/\">altistumisen tietosivut<\/a>.   <\/p>\n<p>T\u00e4m\u00e4n sivun tiedot on saatu seuraavilta verkkosivustoilta:<\/p>\n<ul>\n<li><a href=\"https:\/\/osha.europa.eu\/nl\/legislation\/directive\/directive-200437ec-carcinogens-or-mutagens-work\" target=\"_blank\" rel=\"noopener\">OSHA<\/a><\/li>\n<li><a href=\"http:\/\/www.cancer.org\">www.cancer.org<\/a><\/li>\n<li><a href=\"http:\/\/www.rivm.nl\">www.rivm.nl<\/a><\/li>\n<li><a href=\"http:\/\/monographs.iarc.fr\/\">monographs.iarc.fr<\/a><\/li>\n<\/ul>\n","protected":false},"excerpt":{"rendered":"<p>Sy\u00f6p\u00e4\u00e4 aiheuttavat aineet eli karsinogeenit ovat sy\u00f6p\u00e4\u00e4 aiheuttavia aineita. Tunnettu esimerkki on asbesti, aine, joka on vastuussa tuhansista uhreista, jotka k\u00e4rsiv\u00e4t ja kuolevat asbestihiukkasille altistumisen vuoksi. Monet muut karsinogeeniset aineet ovat v\u00e4hemm\u00e4n tunnettuja, mutta huomaa: my\u00f6s luonnontuotteet, kuten kovapuup\u00f6ly, voivat aiheuttaa sy\u00f6p\u00e4\u00e4. Varmista, ett\u00e4 tied\u00e4t, mink\u00e4 kanssa ty\u00f6skentelet! Karsinogeenien tyypit Sy\u00f6p\u00e4\u00e4 aiheuttavat aineet ilmenev\u00e4t eri [&hellip;]<\/p>\n","protected":false},"author":1,"featured_media":0,"parent":93480,"menu_order":0,"comment_status":"closed","ping_status":"closed","template":"","meta":{"inline_featured_image":false,"footnotes":""},"class_list":["post-93439","page","type-page","status-publish","hentry"],"yoast_head":"<!-- This site is optimized with the Yoast SEO Premium plugin v27.0 (Yoast SEO v27.3) - https:\/\/yoast.com\/product\/yoast-seo-premium-wordpress\/ -->\n<title>Karsinogeenej\u00e4 koskeva johdanto - STOP carcinogens at work<\/title>\n<meta name=\"description\" content=\"Vuosittain Euroopassa kuolee noin 100 000 ihmist\u00e4 sy\u00f6p\u00e4\u00e4n, joka on aiheutunut karsinogeeneist\u00e4 ty\u00f6ss\u00e4. Ehk\u00e4ise altistumista ty\u00f6ss\u00e4.\" \/>\n<meta name=\"robots\" content=\"index, follow, max-snippet:-1, max-image-preview:large, max-video-preview:-1\" \/>\n<link rel=\"canonical\" href=\"https:\/\/stopcarcinogensatwork.eu\/fi\/yleista\/karsinogeeneja-koskeva-johdanto\/\" \/>\n<meta property=\"og:locale\" content=\"fi_FI\" \/>\n<meta property=\"og:type\" content=\"article\" \/>\n<meta property=\"og:title\" content=\"Karsinogeenej\u00e4 koskeva johdanto\" \/>\n<meta property=\"og:description\" content=\"Vuosittain Euroopassa kuolee noin 100 000 ihmist\u00e4 sy\u00f6p\u00e4\u00e4n, joka on aiheutunut karsinogeeneist\u00e4 ty\u00f6ss\u00e4. Ehk\u00e4ise altistumista ty\u00f6ss\u00e4.\" \/>\n<meta property=\"og:url\" content=\"https:\/\/stopcarcinogensatwork.eu\/fi\/yleista\/karsinogeeneja-koskeva-johdanto\/\" \/>\n<meta property=\"og:site_name\" content=\"STOP carcinogens at work\" \/>\n<meta property=\"article:modified_time\" content=\"2026-02-26T09:31:41+00:00\" \/>\n<meta name=\"twitter:card\" content=\"summary_large_image\" \/>\n<meta name=\"twitter:label1\" content=\"Arvioitu lukuaika\" \/>\n\t<meta name=\"twitter:data1\" content=\"2 minuuttia\" \/>\n<script type=\"application\/ld+json\" class=\"yoast-schema-graph\">{\"@context\":\"https:\\\/\\\/schema.org\",\"@graph\":[{\"@type\":\"WebPage\",\"@id\":\"https:\\\/\\\/stopcarcinogensatwork.eu\\\/fi\\\/yleista\\\/karsinogeeneja-koskeva-johdanto\\\/\",\"url\":\"https:\\\/\\\/stopcarcinogensatwork.eu\\\/fi\\\/yleista\\\/karsinogeeneja-koskeva-johdanto\\\/\",\"name\":\"Karsinogeenej\u00e4 koskeva johdanto - STOP carcinogens at work\",\"isPartOf\":{\"@id\":\"https:\\\/\\\/stopcarcinogensatwork.eu\\\/fi\\\/#website\"},\"datePublished\":\"2023-08-15T07:25:38+00:00\",\"dateModified\":\"2026-02-26T09:31:41+00:00\",\"description\":\"Vuosittain Euroopassa kuolee noin 100 000 ihmist\u00e4 sy\u00f6p\u00e4\u00e4n, joka on aiheutunut karsinogeeneist\u00e4 ty\u00f6ss\u00e4. Ehk\u00e4ise altistumista ty\u00f6ss\u00e4.\",\"breadcrumb\":{\"@id\":\"https:\\\/\\\/stopcarcinogensatwork.eu\\\/fi\\\/yleista\\\/karsinogeeneja-koskeva-johdanto\\\/#breadcrumb\"},\"inLanguage\":\"fi\",\"potentialAction\":[{\"@type\":\"ReadAction\",\"target\":[\"https:\\\/\\\/stopcarcinogensatwork.eu\\\/fi\\\/yleista\\\/karsinogeeneja-koskeva-johdanto\\\/\"]}]},{\"@type\":\"BreadcrumbList\",\"@id\":\"https:\\\/\\\/stopcarcinogensatwork.eu\\\/fi\\\/yleista\\\/karsinogeeneja-koskeva-johdanto\\\/#breadcrumb\",\"itemListElement\":[{\"@type\":\"ListItem\",\"position\":1,\"name\":\"Home\",\"item\":\"https:\\\/\\\/stopcarcinogensatwork.eu\\\/fi\\\/stop-carcinogens-at-work\\\/\"},{\"@type\":\"ListItem\",\"position\":2,\"name\":\"Yleist\u00e4\",\"item\":\"https:\\\/\\\/stopcarcinogensatwork.eu\\\/fi\\\/yleista\\\/\"},{\"@type\":\"ListItem\",\"position\":3,\"name\":\"Karsinogeenej\u00e4 koskeva johdanto\"}]},{\"@type\":\"WebSite\",\"@id\":\"https:\\\/\\\/stopcarcinogensatwork.eu\\\/fi\\\/#website\",\"url\":\"https:\\\/\\\/stopcarcinogensatwork.eu\\\/fi\\\/\",\"name\":\"STOP Carcinogens at work\",\"description\":\"Every year, about 100.000 people die from cancer that was caused by exposure to carcinogens at work in Europe.\",\"publisher\":{\"@id\":\"https:\\\/\\\/stopcarcinogensatwork.eu\\\/fi\\\/#organization\"},\"alternateName\":\"Roadmap on Carcinogens\",\"potentialAction\":[{\"@type\":\"SearchAction\",\"target\":{\"@type\":\"EntryPoint\",\"urlTemplate\":\"https:\\\/\\\/stopcarcinogensatwork.eu\\\/fi\\\/?s={search_term_string}\"},\"query-input\":{\"@type\":\"PropertyValueSpecification\",\"valueRequired\":true,\"valueName\":\"search_term_string\"}}],\"inLanguage\":\"fi\"},{\"@type\":\"Organization\",\"@id\":\"https:\\\/\\\/stopcarcinogensatwork.eu\\\/fi\\\/#organization\",\"name\":\"TNO\",\"alternateName\":\"This is a European wide voluntary action scheme\",\"url\":\"https:\\\/\\\/stopcarcinogensatwork.eu\\\/fi\\\/\",\"logo\":{\"@type\":\"ImageObject\",\"inLanguage\":\"fi\",\"@id\":\"https:\\\/\\\/stopcarcinogensatwork.eu\\\/fi\\\/#\\\/schema\\\/logo\\\/image\\\/\",\"url\":\"https:\\\/\\\/stopcarcinogensatwork.eu\\\/wp-content\\\/uploads\\\/2024\\\/08\\\/cropped-FavLarge-1.png\",\"contentUrl\":\"https:\\\/\\\/stopcarcinogensatwork.eu\\\/wp-content\\\/uploads\\\/2024\\\/08\\\/cropped-FavLarge-1.png\",\"width\":512,\"height\":512,\"caption\":\"TNO\"},\"image\":{\"@id\":\"https:\\\/\\\/stopcarcinogensatwork.eu\\\/fi\\\/#\\\/schema\\\/logo\\\/image\\\/\"},\"publishingPrinciples\":\"https:\\\/\\\/stopcarcinogensatwork.eu\\\/homepage\\\/legal\\\/\",\"ownershipFundingInfo\":\"https:\\\/\\\/stopcarcinogensatwork.eu\\\/general\\\/about-us\\\/\"}]}<\/script>\n<!-- \/ Yoast SEO Premium plugin. -->","yoast_head_json":{"title":"Karsinogeenej\u00e4 koskeva johdanto - STOP carcinogens at work","description":"Vuosittain Euroopassa kuolee noin 100 000 ihmist\u00e4 sy\u00f6p\u00e4\u00e4n, joka on aiheutunut karsinogeeneist\u00e4 ty\u00f6ss\u00e4. Ehk\u00e4ise altistumista ty\u00f6ss\u00e4.","robots":{"index":"index","follow":"follow","max-snippet":"max-snippet:-1","max-image-preview":"max-image-preview:large","max-video-preview":"max-video-preview:-1"},"canonical":"https:\/\/stopcarcinogensatwork.eu\/fi\/yleista\/karsinogeeneja-koskeva-johdanto\/","og_locale":"fi_FI","og_type":"article","og_title":"Karsinogeenej\u00e4 koskeva johdanto","og_description":"Vuosittain Euroopassa kuolee noin 100 000 ihmist\u00e4 sy\u00f6p\u00e4\u00e4n, joka on aiheutunut karsinogeeneist\u00e4 ty\u00f6ss\u00e4. Ehk\u00e4ise altistumista ty\u00f6ss\u00e4.","og_url":"https:\/\/stopcarcinogensatwork.eu\/fi\/yleista\/karsinogeeneja-koskeva-johdanto\/","og_site_name":"STOP carcinogens at work","article_modified_time":"2026-02-26T09:31:41+00:00","twitter_card":"summary_large_image","twitter_misc":{"Arvioitu lukuaika":"2 minuuttia"},"schema":{"@context":"https:\/\/schema.org","@graph":[{"@type":"WebPage","@id":"https:\/\/stopcarcinogensatwork.eu\/fi\/yleista\/karsinogeeneja-koskeva-johdanto\/","url":"https:\/\/stopcarcinogensatwork.eu\/fi\/yleista\/karsinogeeneja-koskeva-johdanto\/","name":"Karsinogeenej\u00e4 koskeva johdanto - STOP carcinogens at work","isPartOf":{"@id":"https:\/\/stopcarcinogensatwork.eu\/fi\/#website"},"datePublished":"2023-08-15T07:25:38+00:00","dateModified":"2026-02-26T09:31:41+00:00","description":"Vuosittain Euroopassa kuolee noin 100 000 ihmist\u00e4 sy\u00f6p\u00e4\u00e4n, joka on aiheutunut karsinogeeneist\u00e4 ty\u00f6ss\u00e4. Ehk\u00e4ise altistumista ty\u00f6ss\u00e4.","breadcrumb":{"@id":"https:\/\/stopcarcinogensatwork.eu\/fi\/yleista\/karsinogeeneja-koskeva-johdanto\/#breadcrumb"},"inLanguage":"fi","potentialAction":[{"@type":"ReadAction","target":["https:\/\/stopcarcinogensatwork.eu\/fi\/yleista\/karsinogeeneja-koskeva-johdanto\/"]}]},{"@type":"BreadcrumbList","@id":"https:\/\/stopcarcinogensatwork.eu\/fi\/yleista\/karsinogeeneja-koskeva-johdanto\/#breadcrumb","itemListElement":[{"@type":"ListItem","position":1,"name":"Home","item":"https:\/\/stopcarcinogensatwork.eu\/fi\/stop-carcinogens-at-work\/"},{"@type":"ListItem","position":2,"name":"Yleist\u00e4","item":"https:\/\/stopcarcinogensatwork.eu\/fi\/yleista\/"},{"@type":"ListItem","position":3,"name":"Karsinogeenej\u00e4 koskeva johdanto"}]},{"@type":"WebSite","@id":"https:\/\/stopcarcinogensatwork.eu\/fi\/#website","url":"https:\/\/stopcarcinogensatwork.eu\/fi\/","name":"STOP Carcinogens at work","description":"Every year, about 100.000 people die from cancer that was caused by exposure to carcinogens at work in Europe.","publisher":{"@id":"https:\/\/stopcarcinogensatwork.eu\/fi\/#organization"},"alternateName":"Roadmap on Carcinogens","potentialAction":[{"@type":"SearchAction","target":{"@type":"EntryPoint","urlTemplate":"https:\/\/stopcarcinogensatwork.eu\/fi\/?s={search_term_string}"},"query-input":{"@type":"PropertyValueSpecification","valueRequired":true,"valueName":"search_term_string"}}],"inLanguage":"fi"},{"@type":"Organization","@id":"https:\/\/stopcarcinogensatwork.eu\/fi\/#organization","name":"TNO","alternateName":"This is a European wide voluntary action scheme","url":"https:\/\/stopcarcinogensatwork.eu\/fi\/","logo":{"@type":"ImageObject","inLanguage":"fi","@id":"https:\/\/stopcarcinogensatwork.eu\/fi\/#\/schema\/logo\/image\/","url":"https:\/\/stopcarcinogensatwork.eu\/wp-content\/uploads\/2024\/08\/cropped-FavLarge-1.png","contentUrl":"https:\/\/stopcarcinogensatwork.eu\/wp-content\/uploads\/2024\/08\/cropped-FavLarge-1.png","width":512,"height":512,"caption":"TNO"},"image":{"@id":"https:\/\/stopcarcinogensatwork.eu\/fi\/#\/schema\/logo\/image\/"},"publishingPrinciples":"https:\/\/stopcarcinogensatwork.eu\/homepage\/legal\/","ownershipFundingInfo":"https:\/\/stopcarcinogensatwork.eu\/general\/about-us\/"}]}},"_links":{"self":[{"href":"https:\/\/stopcarcinogensatwork.eu\/fi\/wp-json\/wp\/v2\/pages\/93439","targetHints":{"allow":["GET"]}}],"collection":[{"href":"https:\/\/stopcarcinogensatwork.eu\/fi\/wp-json\/wp\/v2\/pages"}],"about":[{"href":"https:\/\/stopcarcinogensatwork.eu\/fi\/wp-json\/wp\/v2\/types\/page"}],"author":[{"embeddable":true,"href":"https:\/\/stopcarcinogensatwork.eu\/fi\/wp-json\/wp\/v2\/users\/1"}],"replies":[{"embeddable":true,"href":"https:\/\/stopcarcinogensatwork.eu\/fi\/wp-json\/wp\/v2\/comments?post=93439"}],"version-history":[{"count":0,"href":"https:\/\/stopcarcinogensatwork.eu\/fi\/wp-json\/wp\/v2\/pages\/93439\/revisions"}],"up":[{"embeddable":true,"href":"https:\/\/stopcarcinogensatwork.eu\/fi\/wp-json\/wp\/v2\/pages\/93480"}],"wp:attachment":[{"href":"https:\/\/stopcarcinogensatwork.eu\/fi\/wp-json\/wp\/v2\/media?parent=93439"}],"curies":[{"name":"wp","href":"https:\/\/api.w.org\/{rel}","templated":true}]}}