{"id":93448,"date":"2024-02-05T13:42:42","date_gmt":"2024-02-05T13:42:42","guid":{"rendered":"https:\/\/stopcarcinogensatwork.eu\/syopaa-aiheuttavia-aineita-koskevasta-etenemissuunnitelmasta\/"},"modified":"2026-02-25T08:33:13","modified_gmt":"2026-02-25T08:33:13","slug":"syopaa-aiheuttavia-aineita-koskevasta-etenemissuunnitelmasta","status":"publish","type":"page","link":"https:\/\/stopcarcinogensatwork.eu\/fi\/yleista\/syopaa-aiheuttavia-aineita-koskevasta-etenemissuunnitelmasta\/","title":{"rendered":"Sy\u00f6p\u00e4\u00e4 aiheuttavia aineita koskevasta toimintaohjelmasta"},"content":{"rendered":"<blockquote><p>T\u00e4m\u00e4 verkkosivusto on Roadmap on Carcinogens:in aloite: Euroopan laajuinen vapaaehtoinen toimintaohjelma ty\u00f6per\u00e4isen sy\u00f6v\u00e4n torjumiseksi. Seuraavat yhteisty\u00f6kumppanit (<a href=\"https:\/\/stopcarcinogensatwork.eu\/fi\/roadmap-on-carcinogens-3-0-kaynnistaminen\/\">ovat sitoutuneet) toimimaan<\/a> aktiivisesti ja ottamaan johtoaseman t\u00e4ss\u00e4 ohjelmassa, jolla pyrit\u00e4\u00e4n ehk\u00e4isem\u00e4\u00e4n altistumista karsinogeeneille ty\u00f6paikalla: <\/p>\n<p><img fetchpriority=\"high\" decoding=\"async\" class=\"alignnone size-full wp-image-92758\" src=\"https:\/\/stopcarcinogensatwork.eu\/wp-content\/uploads\/2025\/11\/partners.jpg\" alt=\"\" width=\"2560\" height=\"967\" srcset=\"https:\/\/stopcarcinogensatwork.eu\/wp-content\/uploads\/2025\/11\/partners.jpg 2560w, https:\/\/stopcarcinogensatwork.eu\/wp-content\/uploads\/2025\/11\/partners-300x113.jpg 300w, https:\/\/stopcarcinogensatwork.eu\/wp-content\/uploads\/2025\/11\/partners-768x290.jpg 768w, https:\/\/stopcarcinogensatwork.eu\/wp-content\/uploads\/2025\/11\/partners-1536x580.jpg 1536w, https:\/\/stopcarcinogensatwork.eu\/wp-content\/uploads\/2025\/11\/partners-2048x774.jpg 2048w\" sizes=\"(max-width: 2560px) 100vw, 2560px\" \/><\/p><\/blockquote>\n<ul>\n<li><a href=\"https:\/\/www.bma.gv.at\/en.html\" target=\"_blank\" rel=\"noopener\">It\u00e4valta: Liittovaltion ty\u00f6-, sosiaali-, terveys-, hoiva- ja kuluttajansuojaministeri\u00f6.<\/a><\/li>\n<li><a href=\"https:\/\/employment.belgium.be\/en\/themes\" target=\"_blank\" rel=\"noopener\">Belgia: Ty\u00f6llisyys, ty\u00f6voima ja sosiaalinen vuoropuhelu.<\/a><\/li>\n<li><a href=\"https:\/\/stm.fi\/en\/frontpage\" target=\"_blank\" rel=\"noopener\">Suomi: Sosiaali- ja terveysministeri\u00f6<\/a><\/li>\n<li><a href=\"https:\/\/travail-emploi.gouv.fr\/\" target=\"_blank\" rel=\"noopener\">Ranska: Ty\u00f6-, terveys- ja solidaarisuusministeri\u00f6<\/a><\/li>\n<li><a href=\"https:\/\/www.bmas.de\/EN\/Home\/home.html\" target=\"_blank\" rel=\"noopener\">Saksa: Saksan liittotasavallan ty\u00f6- ja sosiaaliministeri\u00f6<\/a><\/li>\n<li><a href=\"http:\/\/hsa.ie\/\" target=\"_blank\" rel=\"noopener\">Irlanti: Terveys- ja turvallisuusviranomainen<\/a><\/li>\n<li><a href=\"https:\/\/www.government.nl\/ministries\/ministry-of-social-affairs-and-employment\" target=\"_blank\" rel=\"noopener\">Alankomaat: Sosiaali- ja ty\u00f6ministeri\u00f6<\/a><\/li>\n<li><a href=\"https:\/\/stami.no\/en\/\" target=\"_blank\" rel=\"noopener\">Norja: Norjan kansallinen ty\u00f6terveyslaitos (STAMI).<\/a><\/li>\n<li><a href=\"https:\/\/portal.act.gov.pt\/Pages\/Home.aspx\" target=\"_blank\" rel=\"noopener\">Portugali: Portugali: ty\u00f6oloja valvova viranomainen<\/a><\/li>\n<li><a href=\"https:\/\/www.gov.si\/en\/state-authorities\/ministries\/ministry-of-labour-family-social-affairs-and-equal-opportunities\/\" target=\"_blank\" rel=\"noopener\">Slovenia: Ty\u00f6-, perhe-, sosiaali- ja tasa-arvoministeri\u00f6.<\/a><\/li>\n<li><a href=\"https:\/\/www.mites.gob.es\/en\/\" target=\"_blank\" rel=\"noopener\">Espanja: Espanjan ty\u00f6- ja sosiaalitalousministeri\u00f6<\/a><\/li>\n<li><a href=\"https:\/\/www.businesseurope.eu\/\" target=\"_blank\" rel=\"noopener\">BusinessEurope (eurooppalaiset ty\u00f6nantajat)<\/a><\/li>\n<li><a href=\"https:\/\/www.etuc.org\/\" target=\"_blank\" rel=\"noopener\">Euroopan ammatillinen yhteisj\u00e4rjest\u00f6 &#8211; EAY (eurooppalaiset ty\u00f6ntekij\u00e4t)<\/a><\/li>\n<li><a href=\"https:\/\/osha.europa.eu\/en\/themes\/dangerous-substances\/roadmap-to-carcinogens\" target=\"_blank\" rel=\"noopener\">Euroopan ty\u00f6terveys- ja ty\u00f6turvallisuusvirasto &#8211; EU-OSHA<\/a><\/li>\n<li><a href=\"https:\/\/echa.europa.eu\/\" target=\"_blank\" rel=\"noopener\">Euroopan kemikaalivirasto &#8211; ECHA<\/a><\/li>\n<li><a href=\"https:\/\/ec.europa.eu\/info\/departments\/employment-social-affairs-and-inclusion_en\" target=\"_blank\" rel=\"noopener\">Euroopan komissio<\/a><\/li>\n<\/ul>\n<p>&nbsp;<\/p>\n<p>Lis\u00e4ksi monet yst\u00e4v\u00e4t (yritykset ja j\u00e4rjest\u00f6t) tukevat jo nyt Roadmap on Carcinogensia jakamalla viesti\u00e4mme. Ryhdy yst\u00e4v\u00e4ksi <a href=\"https:\/\/laposta.nl\/f\/ss69p5fpqabo\" target=\"_blank\" rel=\"noopener\">tilaamalla uutiskirje.<\/a> <\/p>\n<h2>Matkamme merkitys<\/h2>\n<p>Joka vuosi noin 120 000 ihmist\u00e4 EU:ssa sairastuu sy\u00f6p\u00e4\u00e4n, joka johtuu altistumisesta karsinogeeneille ty\u00f6ss\u00e4. Ja noin 100 000 ihmist\u00e4 kuolee ty\u00f6per\u00e4isen sy\u00f6v\u00e4n vuoksi. On t\u00e4rke\u00e4\u00e4 ymm\u00e4rt\u00e4\u00e4, ett\u00e4 t\u00e4m\u00e4 on tarpeetonta! Se johtuu tavastamme tehd\u00e4 ty\u00f6t\u00e4 ja valinnoistamme. Hyv\u00e4 uutinen on siis se, ett\u00e4 voimme tehd\u00e4 asialle jotain. Ennaltaehk\u00e4isy on avainsana t\u00e4ss\u00e4 yhteydess\u00e4, kun varmistetaan, ettemme altistu karsinogeeneille.     <\/p>\n<p>Roadmap on Carcinogens:in tavoitteena on auttaa eurooppalaisia yrityksi\u00e4 ja ty\u00f6ntekij\u00f6it\u00e4 toimimaan seuraavasti:<\/p>\n<ul>\n<li><strong>Tietoisuuden lis\u00e4\u00e4minen:<\/strong> yrityksille ja ty\u00f6ntekij\u00f6ille <strong>tiedottaminen<\/strong> karsinogeeneille altistumisen riskeist\u00e4 ja ennaltaehk\u00e4isevien toimien tarpeesta sek\u00e4 faktat.<\/li>\n<li><strong>Avun tarjoaminen: tarjoamalla<\/strong> yrityksille ja ty\u00f6ntekij\u00f6ille ratkaisuja ja v\u00e4lineit\u00e4, joiden avulla voidaan v\u00e4ltt\u00e4\u00e4 altistumista karsinogeeneille ty\u00f6paikoilla ja minimoida niiden vaikutus ty\u00f6voimaan.<\/li>\n<\/ul>\n<h2>Nykyisen toimintaohjelman mukaan toiminta jatkuu vuoden 2027 loppuun.<\/h2>\n<p>Etenemissuunnitelman toisessa vaiheessa vuosina 2020-2024 toteutimme 12 haastetta. Tulokset on sis\u00e4llytetty tai sis\u00e4llytet\u00e4\u00e4n verkkosivustoon.  <strong><a href=\"https:\/\/stopcarcinogensatwork.eu\/fi\/yleista\/syopaa-aiheuttavia-aineita-koskevasta-etenemissuunnitelmasta\/haasteet\/\">Lis\u00e4tietoa n\u00e4ist\u00e4 hankkeista l\u00f6ytyy t\u00e4\u00e4lt\u00e4.<\/a><\/strong><\/p>\n<p>Voit nyt my\u00f6s tutustua uuteen <a href=\"https:\/\/stopcarcinogensatwork.eu\/wp-content\/uploads\/2025\/05\/RoC3.0_Strategy_final.pdf\">RoC3.0-strategiaamme vuosille 2025-2027 t\u00e4\u00e4ll\u00e4.<\/a><\/p>\n<h2>K\u00e4yt\u00e4mme teko\u00e4lyll\u00e4 toimivaa k\u00e4\u00e4nn\u00f6sty\u00f6kalua verkkosivustollamme.<\/h2>\n<p>K\u00e4yt\u00e4mme verkkosivuillamme teko\u00e4ly\u00e4 k\u00e4ytt\u00e4v\u00e4\u00e4 k\u00e4\u00e4nn\u00f6sty\u00f6kalua, jonka \u00e4idinkieliset puhujat tarkistavat ja korjaavat mahdolliset ep\u00e4tarkkuudet. T\u00e4m\u00e4 l\u00e4hestymistapa takaa sek\u00e4 tehokkuuden ett\u00e4 laadun, sill\u00e4 teko\u00e4lyj\u00e4rjestelm\u00e4 kehittyy jatkuvasti ajan my\u00f6t\u00e4. Uskomme, ett\u00e4 t\u00e4m\u00e4 menetelm\u00e4 tarjoaa tehokkaimman ja kustannustehokkaimman tavan tehd\u00e4 verkkosivuistamme monikieliset, mik\u00e4 auttaa meit\u00e4 tavoittamaan laajemman yksityishenkil\u00f6iden ja organisaatioiden yleis\u00f6n. Jos sinulla on palautetta tai ehdotuksia k\u00e4\u00e4nn\u00f6sprosessistamme, otamme mielell\u00e4mme yhteytt\u00e4. Jaa ajatuksesi kanssamme s\u00e4hk\u00f6postitse.    <\/p>\n<h2>Kysymykset ja huomautukset<\/h2>\n<p>Jos haluat lis\u00e4tietoja tai sinulla on kysytt\u00e4v\u00e4\u00e4, ota yhteytt\u00e4 osoitteeseen:  <a href=\"mailto:info@stopcarcinogensatwork.eu\">info@stopcarcinogensatwork.eu<\/a><\/p>\n<p>&nbsp;<\/p>\n","protected":false},"excerpt":{"rendered":"<p>T\u00e4m\u00e4 verkkosivusto on Roadmap on Carcinogens:in aloite: Euroopan laajuinen vapaaehtoinen toimintaohjelma ty\u00f6per\u00e4isen sy\u00f6v\u00e4n torjumiseksi. Seuraavat yhteisty\u00f6kumppanit (ovat sitoutuneet) toimimaan aktiivisesti ja ottamaan johtoaseman t\u00e4ss\u00e4 ohjelmassa, jolla pyrit\u00e4\u00e4n ehk\u00e4isem\u00e4\u00e4n altistumista karsinogeeneille ty\u00f6paikalla: It\u00e4valta: Liittovaltion ty\u00f6-, sosiaali-, terveys-, hoiva- ja kuluttajansuojaministeri\u00f6. Belgia: Ty\u00f6llisyys, ty\u00f6voima ja sosiaalinen vuoropuhelu. Suomi: Sosiaali- ja terveysministeri\u00f6 Ranska: Ty\u00f6-, terveys- ja solidaarisuusministeri\u00f6 Saksa: [&hellip;]<\/p>\n","protected":false},"author":1,"featured_media":0,"parent":93480,"menu_order":0,"comment_status":"closed","ping_status":"closed","template":"","meta":{"inline_featured_image":false,"footnotes":""},"class_list":["post-93448","page","type-page","status-publish","hentry"],"yoast_head":"<!-- This site is optimized with the Yoast SEO Premium plugin v27.0 (Yoast SEO v27.3) - https:\/\/yoast.com\/product\/yoast-seo-premium-wordpress\/ -->\n<title>Sy\u00f6p\u00e4\u00e4 aiheuttavia aineita koskevasta toimintaohjelmasta - STOP carcinogens at work<\/title>\n<meta name=\"description\" content=\"T\u00e4m\u00e4 verkkosivusto on EU:n vapaaehtoinen toimintaohjelma, jonka tarkoituksena on est\u00e4\u00e4 ty\u00f6ntekij\u00f6iden altistuminen karsinogeeneille ty\u00f6paikalla.\" \/>\n<meta name=\"robots\" content=\"index, follow, max-snippet:-1, max-image-preview:large, max-video-preview:-1\" \/>\n<link rel=\"canonical\" href=\"https:\/\/stopcarcinogensatwork.eu\/fi\/yleista\/syopaa-aiheuttavia-aineita-koskevasta-etenemissuunnitelmasta\/\" \/>\n<meta property=\"og:locale\" content=\"fi_FI\" \/>\n<meta property=\"og:type\" content=\"article\" \/>\n<meta property=\"og:title\" content=\"Sy\u00f6p\u00e4\u00e4 aiheuttavia aineita koskevasta toimintaohjelmasta\" \/>\n<meta property=\"og:description\" content=\"T\u00e4m\u00e4 verkkosivusto on EU:n vapaaehtoinen toimintaohjelma, jonka tarkoituksena on est\u00e4\u00e4 ty\u00f6ntekij\u00f6iden altistuminen karsinogeeneille ty\u00f6paikalla.\" \/>\n<meta property=\"og:url\" content=\"https:\/\/stopcarcinogensatwork.eu\/fi\/yleista\/syopaa-aiheuttavia-aineita-koskevasta-etenemissuunnitelmasta\/\" \/>\n<meta property=\"og:site_name\" content=\"STOP carcinogens at work\" \/>\n<meta property=\"article:modified_time\" content=\"2026-02-25T08:33:13+00:00\" \/>\n<meta property=\"og:image\" content=\"https:\/\/stopcarcinogensatwork.eu\/wp-content\/uploads\/2025\/11\/partners.jpg\" \/>\n\t<meta property=\"og:image:width\" content=\"2560\" \/>\n\t<meta property=\"og:image:height\" content=\"967\" \/>\n\t<meta property=\"og:image:type\" content=\"image\/jpeg\" \/>\n<meta name=\"twitter:card\" content=\"summary_large_image\" \/>\n<meta name=\"twitter:label1\" content=\"Arvioitu lukuaika\" \/>\n\t<meta name=\"twitter:data1\" content=\"2 minuuttia\" \/>\n<script type=\"application\/ld+json\" class=\"yoast-schema-graph\">{\"@context\":\"https:\\\/\\\/schema.org\",\"@graph\":[{\"@type\":\"WebPage\",\"@id\":\"https:\\\/\\\/stopcarcinogensatwork.eu\\\/fi\\\/yleista\\\/syopaa-aiheuttavia-aineita-koskevasta-etenemissuunnitelmasta\\\/\",\"url\":\"https:\\\/\\\/stopcarcinogensatwork.eu\\\/fi\\\/yleista\\\/syopaa-aiheuttavia-aineita-koskevasta-etenemissuunnitelmasta\\\/\",\"name\":\"Sy\u00f6p\u00e4\u00e4 aiheuttavia aineita koskevasta toimintaohjelmasta - STOP carcinogens at work\",\"isPartOf\":{\"@id\":\"https:\\\/\\\/stopcarcinogensatwork.eu\\\/fi\\\/#website\"},\"primaryImageOfPage\":{\"@id\":\"https:\\\/\\\/stopcarcinogensatwork.eu\\\/fi\\\/yleista\\\/syopaa-aiheuttavia-aineita-koskevasta-etenemissuunnitelmasta\\\/#primaryimage\"},\"image\":{\"@id\":\"https:\\\/\\\/stopcarcinogensatwork.eu\\\/fi\\\/yleista\\\/syopaa-aiheuttavia-aineita-koskevasta-etenemissuunnitelmasta\\\/#primaryimage\"},\"thumbnailUrl\":\"https:\\\/\\\/stopcarcinogensatwork.eu\\\/wp-content\\\/uploads\\\/2025\\\/11\\\/partners.jpg\",\"datePublished\":\"2024-02-05T13:42:42+00:00\",\"dateModified\":\"2026-02-25T08:33:13+00:00\",\"description\":\"T\u00e4m\u00e4 verkkosivusto on EU:n vapaaehtoinen toimintaohjelma, jonka tarkoituksena on est\u00e4\u00e4 ty\u00f6ntekij\u00f6iden altistuminen karsinogeeneille ty\u00f6paikalla.\",\"breadcrumb\":{\"@id\":\"https:\\\/\\\/stopcarcinogensatwork.eu\\\/fi\\\/yleista\\\/syopaa-aiheuttavia-aineita-koskevasta-etenemissuunnitelmasta\\\/#breadcrumb\"},\"inLanguage\":\"fi\",\"potentialAction\":[{\"@type\":\"ReadAction\",\"target\":[\"https:\\\/\\\/stopcarcinogensatwork.eu\\\/fi\\\/yleista\\\/syopaa-aiheuttavia-aineita-koskevasta-etenemissuunnitelmasta\\\/\"]}]},{\"@type\":\"ImageObject\",\"inLanguage\":\"fi\",\"@id\":\"https:\\\/\\\/stopcarcinogensatwork.eu\\\/fi\\\/yleista\\\/syopaa-aiheuttavia-aineita-koskevasta-etenemissuunnitelmasta\\\/#primaryimage\",\"url\":\"https:\\\/\\\/stopcarcinogensatwork.eu\\\/wp-content\\\/uploads\\\/2025\\\/11\\\/partners.jpg\",\"contentUrl\":\"https:\\\/\\\/stopcarcinogensatwork.eu\\\/wp-content\\\/uploads\\\/2025\\\/11\\\/partners.jpg\"},{\"@type\":\"BreadcrumbList\",\"@id\":\"https:\\\/\\\/stopcarcinogensatwork.eu\\\/fi\\\/yleista\\\/syopaa-aiheuttavia-aineita-koskevasta-etenemissuunnitelmasta\\\/#breadcrumb\",\"itemListElement\":[{\"@type\":\"ListItem\",\"position\":1,\"name\":\"Home\",\"item\":\"https:\\\/\\\/stopcarcinogensatwork.eu\\\/fi\\\/stop-carcinogens-at-work\\\/\"},{\"@type\":\"ListItem\",\"position\":2,\"name\":\"Yleist\u00e4\",\"item\":\"https:\\\/\\\/stopcarcinogensatwork.eu\\\/fi\\\/yleista\\\/\"},{\"@type\":\"ListItem\",\"position\":3,\"name\":\"Sy\u00f6p\u00e4\u00e4 aiheuttavia aineita koskevasta toimintaohjelmasta\"}]},{\"@type\":\"WebSite\",\"@id\":\"https:\\\/\\\/stopcarcinogensatwork.eu\\\/fi\\\/#website\",\"url\":\"https:\\\/\\\/stopcarcinogensatwork.eu\\\/fi\\\/\",\"name\":\"STOP Carcinogens at work\",\"description\":\"Every year, about 100.000 people die from cancer that was caused by exposure to carcinogens at work in Europe.\",\"publisher\":{\"@id\":\"https:\\\/\\\/stopcarcinogensatwork.eu\\\/fi\\\/#organization\"},\"alternateName\":\"Roadmap on Carcinogens\",\"potentialAction\":[{\"@type\":\"SearchAction\",\"target\":{\"@type\":\"EntryPoint\",\"urlTemplate\":\"https:\\\/\\\/stopcarcinogensatwork.eu\\\/fi\\\/?s={search_term_string}\"},\"query-input\":{\"@type\":\"PropertyValueSpecification\",\"valueRequired\":true,\"valueName\":\"search_term_string\"}}],\"inLanguage\":\"fi\"},{\"@type\":\"Organization\",\"@id\":\"https:\\\/\\\/stopcarcinogensatwork.eu\\\/fi\\\/#organization\",\"name\":\"TNO\",\"alternateName\":\"This is a European wide voluntary action scheme\",\"url\":\"https:\\\/\\\/stopcarcinogensatwork.eu\\\/fi\\\/\",\"logo\":{\"@type\":\"ImageObject\",\"inLanguage\":\"fi\",\"@id\":\"https:\\\/\\\/stopcarcinogensatwork.eu\\\/fi\\\/#\\\/schema\\\/logo\\\/image\\\/\",\"url\":\"https:\\\/\\\/stopcarcinogensatwork.eu\\\/wp-content\\\/uploads\\\/2024\\\/08\\\/cropped-FavLarge-1.png\",\"contentUrl\":\"https:\\\/\\\/stopcarcinogensatwork.eu\\\/wp-content\\\/uploads\\\/2024\\\/08\\\/cropped-FavLarge-1.png\",\"width\":512,\"height\":512,\"caption\":\"TNO\"},\"image\":{\"@id\":\"https:\\\/\\\/stopcarcinogensatwork.eu\\\/fi\\\/#\\\/schema\\\/logo\\\/image\\\/\"},\"publishingPrinciples\":\"https:\\\/\\\/stopcarcinogensatwork.eu\\\/homepage\\\/legal\\\/\",\"ownershipFundingInfo\":\"https:\\\/\\\/stopcarcinogensatwork.eu\\\/general\\\/about-us\\\/\"}]}<\/script>\n<!-- \/ Yoast SEO Premium plugin. -->","yoast_head_json":{"title":"Sy\u00f6p\u00e4\u00e4 aiheuttavia aineita koskevasta toimintaohjelmasta - STOP carcinogens at work","description":"T\u00e4m\u00e4 verkkosivusto on EU:n vapaaehtoinen toimintaohjelma, jonka tarkoituksena on est\u00e4\u00e4 ty\u00f6ntekij\u00f6iden altistuminen karsinogeeneille ty\u00f6paikalla.","robots":{"index":"index","follow":"follow","max-snippet":"max-snippet:-1","max-image-preview":"max-image-preview:large","max-video-preview":"max-video-preview:-1"},"canonical":"https:\/\/stopcarcinogensatwork.eu\/fi\/yleista\/syopaa-aiheuttavia-aineita-koskevasta-etenemissuunnitelmasta\/","og_locale":"fi_FI","og_type":"article","og_title":"Sy\u00f6p\u00e4\u00e4 aiheuttavia aineita koskevasta toimintaohjelmasta","og_description":"T\u00e4m\u00e4 verkkosivusto on EU:n vapaaehtoinen toimintaohjelma, jonka tarkoituksena on est\u00e4\u00e4 ty\u00f6ntekij\u00f6iden altistuminen karsinogeeneille ty\u00f6paikalla.","og_url":"https:\/\/stopcarcinogensatwork.eu\/fi\/yleista\/syopaa-aiheuttavia-aineita-koskevasta-etenemissuunnitelmasta\/","og_site_name":"STOP carcinogens at work","article_modified_time":"2026-02-25T08:33:13+00:00","og_image":[{"width":2560,"height":967,"url":"https:\/\/stopcarcinogensatwork.eu\/wp-content\/uploads\/2025\/11\/partners.jpg","type":"image\/jpeg"}],"twitter_card":"summary_large_image","twitter_misc":{"Arvioitu lukuaika":"2 minuuttia"},"schema":{"@context":"https:\/\/schema.org","@graph":[{"@type":"WebPage","@id":"https:\/\/stopcarcinogensatwork.eu\/fi\/yleista\/syopaa-aiheuttavia-aineita-koskevasta-etenemissuunnitelmasta\/","url":"https:\/\/stopcarcinogensatwork.eu\/fi\/yleista\/syopaa-aiheuttavia-aineita-koskevasta-etenemissuunnitelmasta\/","name":"Sy\u00f6p\u00e4\u00e4 aiheuttavia aineita koskevasta toimintaohjelmasta - STOP carcinogens at work","isPartOf":{"@id":"https:\/\/stopcarcinogensatwork.eu\/fi\/#website"},"primaryImageOfPage":{"@id":"https:\/\/stopcarcinogensatwork.eu\/fi\/yleista\/syopaa-aiheuttavia-aineita-koskevasta-etenemissuunnitelmasta\/#primaryimage"},"image":{"@id":"https:\/\/stopcarcinogensatwork.eu\/fi\/yleista\/syopaa-aiheuttavia-aineita-koskevasta-etenemissuunnitelmasta\/#primaryimage"},"thumbnailUrl":"https:\/\/stopcarcinogensatwork.eu\/wp-content\/uploads\/2025\/11\/partners.jpg","datePublished":"2024-02-05T13:42:42+00:00","dateModified":"2026-02-25T08:33:13+00:00","description":"T\u00e4m\u00e4 verkkosivusto on EU:n vapaaehtoinen toimintaohjelma, jonka tarkoituksena on est\u00e4\u00e4 ty\u00f6ntekij\u00f6iden altistuminen karsinogeeneille ty\u00f6paikalla.","breadcrumb":{"@id":"https:\/\/stopcarcinogensatwork.eu\/fi\/yleista\/syopaa-aiheuttavia-aineita-koskevasta-etenemissuunnitelmasta\/#breadcrumb"},"inLanguage":"fi","potentialAction":[{"@type":"ReadAction","target":["https:\/\/stopcarcinogensatwork.eu\/fi\/yleista\/syopaa-aiheuttavia-aineita-koskevasta-etenemissuunnitelmasta\/"]}]},{"@type":"ImageObject","inLanguage":"fi","@id":"https:\/\/stopcarcinogensatwork.eu\/fi\/yleista\/syopaa-aiheuttavia-aineita-koskevasta-etenemissuunnitelmasta\/#primaryimage","url":"https:\/\/stopcarcinogensatwork.eu\/wp-content\/uploads\/2025\/11\/partners.jpg","contentUrl":"https:\/\/stopcarcinogensatwork.eu\/wp-content\/uploads\/2025\/11\/partners.jpg"},{"@type":"BreadcrumbList","@id":"https:\/\/stopcarcinogensatwork.eu\/fi\/yleista\/syopaa-aiheuttavia-aineita-koskevasta-etenemissuunnitelmasta\/#breadcrumb","itemListElement":[{"@type":"ListItem","position":1,"name":"Home","item":"https:\/\/stopcarcinogensatwork.eu\/fi\/stop-carcinogens-at-work\/"},{"@type":"ListItem","position":2,"name":"Yleist\u00e4","item":"https:\/\/stopcarcinogensatwork.eu\/fi\/yleista\/"},{"@type":"ListItem","position":3,"name":"Sy\u00f6p\u00e4\u00e4 aiheuttavia aineita koskevasta toimintaohjelmasta"}]},{"@type":"WebSite","@id":"https:\/\/stopcarcinogensatwork.eu\/fi\/#website","url":"https:\/\/stopcarcinogensatwork.eu\/fi\/","name":"STOP Carcinogens at work","description":"Every year, about 100.000 people die from cancer that was caused by exposure to carcinogens at work in Europe.","publisher":{"@id":"https:\/\/stopcarcinogensatwork.eu\/fi\/#organization"},"alternateName":"Roadmap on Carcinogens","potentialAction":[{"@type":"SearchAction","target":{"@type":"EntryPoint","urlTemplate":"https:\/\/stopcarcinogensatwork.eu\/fi\/?s={search_term_string}"},"query-input":{"@type":"PropertyValueSpecification","valueRequired":true,"valueName":"search_term_string"}}],"inLanguage":"fi"},{"@type":"Organization","@id":"https:\/\/stopcarcinogensatwork.eu\/fi\/#organization","name":"TNO","alternateName":"This is a European wide voluntary action scheme","url":"https:\/\/stopcarcinogensatwork.eu\/fi\/","logo":{"@type":"ImageObject","inLanguage":"fi","@id":"https:\/\/stopcarcinogensatwork.eu\/fi\/#\/schema\/logo\/image\/","url":"https:\/\/stopcarcinogensatwork.eu\/wp-content\/uploads\/2024\/08\/cropped-FavLarge-1.png","contentUrl":"https:\/\/stopcarcinogensatwork.eu\/wp-content\/uploads\/2024\/08\/cropped-FavLarge-1.png","width":512,"height":512,"caption":"TNO"},"image":{"@id":"https:\/\/stopcarcinogensatwork.eu\/fi\/#\/schema\/logo\/image\/"},"publishingPrinciples":"https:\/\/stopcarcinogensatwork.eu\/homepage\/legal\/","ownershipFundingInfo":"https:\/\/stopcarcinogensatwork.eu\/general\/about-us\/"}]}},"_links":{"self":[{"href":"https:\/\/stopcarcinogensatwork.eu\/fi\/wp-json\/wp\/v2\/pages\/93448","targetHints":{"allow":["GET"]}}],"collection":[{"href":"https:\/\/stopcarcinogensatwork.eu\/fi\/wp-json\/wp\/v2\/pages"}],"about":[{"href":"https:\/\/stopcarcinogensatwork.eu\/fi\/wp-json\/wp\/v2\/types\/page"}],"author":[{"embeddable":true,"href":"https:\/\/stopcarcinogensatwork.eu\/fi\/wp-json\/wp\/v2\/users\/1"}],"replies":[{"embeddable":true,"href":"https:\/\/stopcarcinogensatwork.eu\/fi\/wp-json\/wp\/v2\/comments?post=93448"}],"version-history":[{"count":0,"href":"https:\/\/stopcarcinogensatwork.eu\/fi\/wp-json\/wp\/v2\/pages\/93448\/revisions"}],"up":[{"embeddable":true,"href":"https:\/\/stopcarcinogensatwork.eu\/fi\/wp-json\/wp\/v2\/pages\/93480"}],"wp:attachment":[{"href":"https:\/\/stopcarcinogensatwork.eu\/fi\/wp-json\/wp\/v2\/media?parent=93448"}],"curies":[{"name":"wp","href":"https:\/\/api.w.org\/{rel}","templated":true}]}}