{"id":93452,"date":"2024-02-17T16:45:26","date_gmt":"2024-02-17T16:45:26","guid":{"rendered":"https:\/\/stopcarcinogensatwork.eu\/t-tekniset-toimenpiteet\/"},"modified":"2026-02-26T09:32:11","modified_gmt":"2026-02-26T09:32:11","slug":"t-tekniset-toimenpiteet","status":"publish","type":"page","link":"https:\/\/stopcarcinogensatwork.eu\/fi\/tutustu-ennaltaehkaisyn-perusstrategioihin\/t-tekniset-toimenpiteet\/","title":{"rendered":"T &#8211; Tekniset toimenpiteet"},"content":{"rendered":"<blockquote><p>STOP noudattaa valvontahierarkiaa. Karsinogeenien osalta hierarkiassa voidaan siirty\u00e4 alemmas vain silloin, kun altistumista ei voida teknisten rajoitusten vuoksi kokonaan est\u00e4\u00e4. T\u00e4ss\u00e4 keskityt\u00e4\u00e4n toiseen tasoon, T eli teknisiin toimenpiteisiin. Harkitse S ennen T:t\u00e4. Huomaa my\u00f6s, ett\u00e4 toimenpiteiden yhdistelmi\u00e4 voidaan k\u00e4ytt\u00e4\u00e4.   <\/p><\/blockquote>\n<p>Teknisiin toimenpiteisiin kuuluvat mekaaniset laitteet tai prosessit, jotka poistavat tai minimoivat altistumisen karsinogeeneille. N\u00e4ihin teknisiin toimenpiteisiin voi kuulua kotelointi, ilmanvaihdon k\u00e4ytt\u00f6 ja\/tai prosessien automatisointi. <\/p>\n<p>Mit\u00e4 olisi otettava huomioon arvioitaessa toteutettavia toimenpiteit\u00e4:<\/p>\n<ul>\n<li>Tunnistetaan kaikki jo k\u00e4yt\u00f6ss\u00e4 olevat tekniset ratkaisut (esim. kapselointi tai ilmanvaihto) ja arvioidaan niiden tehokkuus\/tehokkuus (mukaan lukien huoltosuunnitelmat).<\/li>\n<li>Tarvittaessa on harkittava muita k\u00e4ytett\u00e4viss\u00e4 olevia teknisi\u00e4 ratkaisuja, jotka voisivat parantaa valvontaa: hankittava kuvaus ratkaisusta, sen soveltuvuudesta, tehokkuudesta ja vaikuttavuudesta.<\/li>\n<li>Tarkastellaan teknisten ratkaisujen mahdollista yhteisvaikutusta<\/li>\n<li>Muista pyyt\u00e4\u00e4 laitteen toimittajalta k\u00e4ytt\u00f6ohjeet.<\/li>\n<li>Varmista, ett\u00e4 ty\u00f6ntekij\u00f6ill\u00e4si (my\u00f6s siivous- ja huoltoty\u00f6ntekij\u00f6ill\u00e4) on riitt\u00e4v\u00e4 koulutus k\u00e4yt\u00f6ss\u00e4 olevista teknisist\u00e4 toimenpiteist\u00e4.<\/li>\n<li>Annetaan ty\u00f6ntekij\u00f6ille selke\u00e4t ohjeet siit\u00e4, miten k\u00e4yt\u00f6ss\u00e4 olevia teknisi\u00e4 toimenpiteit\u00e4 k\u00e4ytet\u00e4\u00e4n oikein: mahdollisuuksien mukaan kuvituksin.<\/li>\n<\/ul>\n<h2>Joitakin huomioon otettavia teknisi\u00e4 toimenpiteit\u00e4<\/h2>\n<p>Parhaita teknisi\u00e4 toimenpiteit\u00e4 m\u00e4\u00e4ritelt\u00e4ess\u00e4 ja sovellettaessa on aina muistettava ottaa huomioon ty\u00f6paikan erityispiirteet (esim. tilat, joissa on kiinte\u00e4t ilmanvaihtolaitteet, ulkoilmatilat).<\/p>\n<p>K\u00e4ytett\u00e4viss\u00e4 on erilaisia teknisi\u00e4 toimenpiteit\u00e4, joita voidaan soveltaa ty\u00f6paikan olosuhteiden mukaan. T\u00e4ss\u00e4 esitteess\u00e4 annetaan laaja valikoima esimerkkej\u00e4, mutta pidet\u00e4\u00e4n mieless\u00e4, ett\u00e4 muitakin mahdollisia ratkaisuja voi olla k\u00e4ytett\u00e4viss\u00e4. <\/p>\n<h3>Suljetut j\u00e4rjestelm\u00e4t<\/h3>\n<p>Suljetut j\u00e4rjestelm\u00e4t ovat eritt\u00e4in tehokas tekninen suojatoimenpide. Suljetut j\u00e4rjestelm\u00e4t voivat sis\u00e4lt\u00e4\u00e4 kapselointia, integroituja poistoj\u00e4rjestelmi\u00e4 kiinte\u00e4n\u00e4 teknisen\u00e4 osana ty\u00f6v\u00e4lineit\u00e4 tai eritt\u00e4in tehokkaita poistoj\u00e4rjestelmi\u00e4. <\/p>\n<h3>Rajoittaminen<\/h3>\n<p>Osittain suljetut j\u00e4rjestelm\u00e4t mahdollistavat p\u00e4\u00e4syn prosessiin, mutta est\u00e4v\u00e4t samalla karsinogeenin vapautumisen tai minimoivat altistumisen. N\u00e4m\u00e4 j\u00e4rjestelm\u00e4t yhdistet\u00e4\u00e4n yleens\u00e4 poistoilmanvaihtoj\u00e4rjestelmiin tai ilmavirtaj\u00e4rjestelmiin, esim. tuuletettu ty\u00f6p\u00f6yt\u00e4, huurrekaappi. <\/p>\n<h3>Ilmanvaihto<\/h3>\n<p>Arvioi jo mahdollisesti k\u00e4yt\u00f6ss\u00e4 olevan ilmanvaihtoj\u00e4rjestelm\u00e4n tehokkuus ja ty\u00f6paikan rakenteen soveltuvuus uuden ilmanvaihtoj\u00e4rjestelm\u00e4n k\u00e4ytt\u00f6\u00f6nottoon.<\/p>\n<p>Tehokkaan ja toimivan ilmanvaihdon l\u00f6yt\u00e4miseksi voidaan k\u00e4ytt\u00e4\u00e4 alla mainittuja vaihtoehtoja joko erikseen tai yhdistelm\u00e4n\u00e4:<\/p>\n<ol>\n<li>Luonnollinen laimennusilmanvaihto<\/li>\n<li>Mekaaninen laimennusilmanvaihto<\/li>\n<li>Koneellinen poistoilmanvaihto<\/li>\n<\/ol>\n<p>Ota yhteytt\u00e4 tavarantoimittajiin ja pyyd\u00e4 heilt\u00e4 eri ilmanvaihtoj\u00e4rjestelmien teknisi\u00e4 eritelmi\u00e4.<\/p>\n<h3>Erilaisten ty\u00f6menetelmien k\u00e4ytt\u00f6<\/h3>\n<p>Ty\u00f6menetelmien muuttaminen voisi my\u00f6s olla mahdollisuus v\u00e4hent\u00e4\u00e4 altistumista nesteen roiskeille tai p\u00f6lyn muodostumiselle. Voidaan harkita erilaisia vaihtoehtoisia menetelmi\u00e4, kuten pumppaamista kaatamisen sijasta, imurointia tai kostutusj\u00e4rjestelmi\u00e4 lakaisun sijasta. <\/p>\n<h3>Karsinogeenin k\u00e4ytt\u00f6 eri muodossa<\/h3>\n<p>Karsinogeenin fysikaalinen muoto voidaan my\u00f6s ottaa huomioon p\u00e4\u00e4tett\u00e4ess\u00e4 toteutettavista teknisist\u00e4 toimenpiteist\u00e4. Jauheet altistavat herkemmin korkeammille altistumistasoille, joten puristettu muoto (kuten pelletti tai tabletti) tai geeli saattaa alentaa ty\u00f6ntekij\u00e4n altistumista. Arvioidaan mahdollisuus k\u00e4ytt\u00e4\u00e4 karsinogeenia sellaisessa muodossa, ett\u00e4 altistuminen on v\u00e4h\u00e4isemp\u00e4\u00e4.  <\/p>\n<p>Karsinogeenin pakkaustapa voi vaikuttaa altistumistasoihin. Esimerkiksi liukenevien pakkausten k\u00e4ytt\u00f6 tai niiden koon pienent\u00e4minen voi v\u00e4hent\u00e4\u00e4 altistumista. <\/p>\n","protected":false},"excerpt":{"rendered":"<p>STOP noudattaa valvontahierarkiaa. Karsinogeenien osalta hierarkiassa voidaan siirty\u00e4 alemmas vain silloin, kun altistumista ei voida teknisten rajoitusten vuoksi kokonaan est\u00e4\u00e4. T\u00e4ss\u00e4 keskityt\u00e4\u00e4n toiseen tasoon, T eli teknisiin toimenpiteisiin. Harkitse S ennen T:t\u00e4. Huomaa my\u00f6s, ett\u00e4 toimenpiteiden yhdistelmi\u00e4 voidaan k\u00e4ytt\u00e4\u00e4. Teknisiin toimenpiteisiin kuuluvat mekaaniset laitteet tai prosessit, jotka poistavat tai minimoivat altistumisen karsinogeeneille. N\u00e4ihin teknisiin toimenpiteisiin [&hellip;]<\/p>\n","protected":false},"author":1,"featured_media":0,"parent":93469,"menu_order":0,"comment_status":"closed","ping_status":"closed","template":"","meta":{"inline_featured_image":false,"footnotes":""},"class_list":["post-93452","page","type-page","status-publish","hentry"],"yoast_head":"<!-- This site is optimized with the Yoast SEO Premium plugin v27.0 (Yoast SEO v27.3) - https:\/\/yoast.com\/product\/yoast-seo-premium-wordpress\/ -->\n<title>T - Tekniset toimenpiteet - STOP carcinogens at work<\/title>\n<meta name=\"description\" content=\"Every year, more than 100.000 people die in the EU from cancer caused by carcinogens at work. This must STOP!\" \/>\n<meta name=\"robots\" content=\"index, follow, max-snippet:-1, max-image-preview:large, max-video-preview:-1\" \/>\n<link rel=\"canonical\" href=\"https:\/\/stopcarcinogensatwork.eu\/fi\/tutustu-ennaltaehkaisyn-perusstrategioihin\/t-tekniset-toimenpiteet\/\" \/>\n<meta property=\"og:locale\" content=\"fi_FI\" \/>\n<meta property=\"og:type\" content=\"article\" \/>\n<meta property=\"og:title\" content=\"T - Tekniset toimenpiteet\" \/>\n<meta property=\"og:description\" content=\"Every year, more than 100.000 people die in the EU from cancer caused by carcinogens at work. This must STOP!\" \/>\n<meta property=\"og:url\" content=\"https:\/\/stopcarcinogensatwork.eu\/fi\/tutustu-ennaltaehkaisyn-perusstrategioihin\/t-tekniset-toimenpiteet\/\" \/>\n<meta property=\"og:site_name\" content=\"STOP carcinogens at work\" \/>\n<meta property=\"article:modified_time\" content=\"2026-02-26T09:32:11+00:00\" \/>\n<meta name=\"twitter:card\" content=\"summary_large_image\" \/>\n<meta name=\"twitter:label1\" content=\"Arvioitu lukuaika\" \/>\n\t<meta name=\"twitter:data1\" content=\"2 minuuttia\" \/>\n<script type=\"application\/ld+json\" class=\"yoast-schema-graph\">{\"@context\":\"https:\\\/\\\/schema.org\",\"@graph\":[{\"@type\":\"WebPage\",\"@id\":\"https:\\\/\\\/stopcarcinogensatwork.eu\\\/fi\\\/tutustu-ennaltaehkaisyn-perusstrategioihin\\\/t-tekniset-toimenpiteet\\\/\",\"url\":\"https:\\\/\\\/stopcarcinogensatwork.eu\\\/fi\\\/tutustu-ennaltaehkaisyn-perusstrategioihin\\\/t-tekniset-toimenpiteet\\\/\",\"name\":\"T - Tekniset toimenpiteet - STOP carcinogens at work\",\"isPartOf\":{\"@id\":\"https:\\\/\\\/stopcarcinogensatwork.eu\\\/fi\\\/#website\"},\"datePublished\":\"2024-02-17T16:45:26+00:00\",\"dateModified\":\"2026-02-26T09:32:11+00:00\",\"description\":\"Every year, more than 100.000 people die in the EU from cancer caused by carcinogens at work. This must STOP!\",\"breadcrumb\":{\"@id\":\"https:\\\/\\\/stopcarcinogensatwork.eu\\\/fi\\\/tutustu-ennaltaehkaisyn-perusstrategioihin\\\/t-tekniset-toimenpiteet\\\/#breadcrumb\"},\"inLanguage\":\"fi\",\"potentialAction\":[{\"@type\":\"ReadAction\",\"target\":[\"https:\\\/\\\/stopcarcinogensatwork.eu\\\/fi\\\/tutustu-ennaltaehkaisyn-perusstrategioihin\\\/t-tekniset-toimenpiteet\\\/\"]}]},{\"@type\":\"BreadcrumbList\",\"@id\":\"https:\\\/\\\/stopcarcinogensatwork.eu\\\/fi\\\/tutustu-ennaltaehkaisyn-perusstrategioihin\\\/t-tekniset-toimenpiteet\\\/#breadcrumb\",\"itemListElement\":[{\"@type\":\"ListItem\",\"position\":1,\"name\":\"Home\",\"item\":\"https:\\\/\\\/stopcarcinogensatwork.eu\\\/fi\\\/stop-carcinogens-at-work\\\/\"},{\"@type\":\"ListItem\",\"position\":2,\"name\":\"Tutustu ennaltaehk\u00e4isyn perusstrategioihin\",\"item\":\"https:\\\/\\\/stopcarcinogensatwork.eu\\\/fi\\\/tutustu-ennaltaehkaisyn-perusstrategioihin\\\/\"},{\"@type\":\"ListItem\",\"position\":3,\"name\":\"T &#8211; Tekniset toimenpiteet\"}]},{\"@type\":\"WebSite\",\"@id\":\"https:\\\/\\\/stopcarcinogensatwork.eu\\\/fi\\\/#website\",\"url\":\"https:\\\/\\\/stopcarcinogensatwork.eu\\\/fi\\\/\",\"name\":\"STOP Carcinogens at work\",\"description\":\"Every year, about 100.000 people die from cancer that was caused by exposure to carcinogens at work in Europe.\",\"publisher\":{\"@id\":\"https:\\\/\\\/stopcarcinogensatwork.eu\\\/fi\\\/#organization\"},\"alternateName\":\"Roadmap on Carcinogens\",\"potentialAction\":[{\"@type\":\"SearchAction\",\"target\":{\"@type\":\"EntryPoint\",\"urlTemplate\":\"https:\\\/\\\/stopcarcinogensatwork.eu\\\/fi\\\/?s={search_term_string}\"},\"query-input\":{\"@type\":\"PropertyValueSpecification\",\"valueRequired\":true,\"valueName\":\"search_term_string\"}}],\"inLanguage\":\"fi\"},{\"@type\":\"Organization\",\"@id\":\"https:\\\/\\\/stopcarcinogensatwork.eu\\\/fi\\\/#organization\",\"name\":\"TNO\",\"alternateName\":\"This is a European wide voluntary action scheme\",\"url\":\"https:\\\/\\\/stopcarcinogensatwork.eu\\\/fi\\\/\",\"logo\":{\"@type\":\"ImageObject\",\"inLanguage\":\"fi\",\"@id\":\"https:\\\/\\\/stopcarcinogensatwork.eu\\\/fi\\\/#\\\/schema\\\/logo\\\/image\\\/\",\"url\":\"https:\\\/\\\/stopcarcinogensatwork.eu\\\/wp-content\\\/uploads\\\/2024\\\/08\\\/cropped-FavLarge-1.png\",\"contentUrl\":\"https:\\\/\\\/stopcarcinogensatwork.eu\\\/wp-content\\\/uploads\\\/2024\\\/08\\\/cropped-FavLarge-1.png\",\"width\":512,\"height\":512,\"caption\":\"TNO\"},\"image\":{\"@id\":\"https:\\\/\\\/stopcarcinogensatwork.eu\\\/fi\\\/#\\\/schema\\\/logo\\\/image\\\/\"},\"publishingPrinciples\":\"https:\\\/\\\/stopcarcinogensatwork.eu\\\/homepage\\\/legal\\\/\",\"ownershipFundingInfo\":\"https:\\\/\\\/stopcarcinogensatwork.eu\\\/general\\\/about-us\\\/\"}]}<\/script>\n<!-- \/ Yoast SEO Premium plugin. -->","yoast_head_json":{"title":"T - Tekniset toimenpiteet - STOP carcinogens at work","description":"Every year, more than 100.000 people die in the EU from cancer caused by carcinogens at work. This must STOP!","robots":{"index":"index","follow":"follow","max-snippet":"max-snippet:-1","max-image-preview":"max-image-preview:large","max-video-preview":"max-video-preview:-1"},"canonical":"https:\/\/stopcarcinogensatwork.eu\/fi\/tutustu-ennaltaehkaisyn-perusstrategioihin\/t-tekniset-toimenpiteet\/","og_locale":"fi_FI","og_type":"article","og_title":"T - Tekniset toimenpiteet","og_description":"Every year, more than 100.000 people die in the EU from cancer caused by carcinogens at work. This must STOP!","og_url":"https:\/\/stopcarcinogensatwork.eu\/fi\/tutustu-ennaltaehkaisyn-perusstrategioihin\/t-tekniset-toimenpiteet\/","og_site_name":"STOP carcinogens at work","article_modified_time":"2026-02-26T09:32:11+00:00","twitter_card":"summary_large_image","twitter_misc":{"Arvioitu lukuaika":"2 minuuttia"},"schema":{"@context":"https:\/\/schema.org","@graph":[{"@type":"WebPage","@id":"https:\/\/stopcarcinogensatwork.eu\/fi\/tutustu-ennaltaehkaisyn-perusstrategioihin\/t-tekniset-toimenpiteet\/","url":"https:\/\/stopcarcinogensatwork.eu\/fi\/tutustu-ennaltaehkaisyn-perusstrategioihin\/t-tekniset-toimenpiteet\/","name":"T - Tekniset toimenpiteet - STOP carcinogens at work","isPartOf":{"@id":"https:\/\/stopcarcinogensatwork.eu\/fi\/#website"},"datePublished":"2024-02-17T16:45:26+00:00","dateModified":"2026-02-26T09:32:11+00:00","description":"Every year, more than 100.000 people die in the EU from cancer caused by carcinogens at work. This must STOP!","breadcrumb":{"@id":"https:\/\/stopcarcinogensatwork.eu\/fi\/tutustu-ennaltaehkaisyn-perusstrategioihin\/t-tekniset-toimenpiteet\/#breadcrumb"},"inLanguage":"fi","potentialAction":[{"@type":"ReadAction","target":["https:\/\/stopcarcinogensatwork.eu\/fi\/tutustu-ennaltaehkaisyn-perusstrategioihin\/t-tekniset-toimenpiteet\/"]}]},{"@type":"BreadcrumbList","@id":"https:\/\/stopcarcinogensatwork.eu\/fi\/tutustu-ennaltaehkaisyn-perusstrategioihin\/t-tekniset-toimenpiteet\/#breadcrumb","itemListElement":[{"@type":"ListItem","position":1,"name":"Home","item":"https:\/\/stopcarcinogensatwork.eu\/fi\/stop-carcinogens-at-work\/"},{"@type":"ListItem","position":2,"name":"Tutustu ennaltaehk\u00e4isyn perusstrategioihin","item":"https:\/\/stopcarcinogensatwork.eu\/fi\/tutustu-ennaltaehkaisyn-perusstrategioihin\/"},{"@type":"ListItem","position":3,"name":"T &#8211; Tekniset toimenpiteet"}]},{"@type":"WebSite","@id":"https:\/\/stopcarcinogensatwork.eu\/fi\/#website","url":"https:\/\/stopcarcinogensatwork.eu\/fi\/","name":"STOP Carcinogens at work","description":"Every year, about 100.000 people die from cancer that was caused by exposure to carcinogens at work in Europe.","publisher":{"@id":"https:\/\/stopcarcinogensatwork.eu\/fi\/#organization"},"alternateName":"Roadmap on Carcinogens","potentialAction":[{"@type":"SearchAction","target":{"@type":"EntryPoint","urlTemplate":"https:\/\/stopcarcinogensatwork.eu\/fi\/?s={search_term_string}"},"query-input":{"@type":"PropertyValueSpecification","valueRequired":true,"valueName":"search_term_string"}}],"inLanguage":"fi"},{"@type":"Organization","@id":"https:\/\/stopcarcinogensatwork.eu\/fi\/#organization","name":"TNO","alternateName":"This is a European wide voluntary action scheme","url":"https:\/\/stopcarcinogensatwork.eu\/fi\/","logo":{"@type":"ImageObject","inLanguage":"fi","@id":"https:\/\/stopcarcinogensatwork.eu\/fi\/#\/schema\/logo\/image\/","url":"https:\/\/stopcarcinogensatwork.eu\/wp-content\/uploads\/2024\/08\/cropped-FavLarge-1.png","contentUrl":"https:\/\/stopcarcinogensatwork.eu\/wp-content\/uploads\/2024\/08\/cropped-FavLarge-1.png","width":512,"height":512,"caption":"TNO"},"image":{"@id":"https:\/\/stopcarcinogensatwork.eu\/fi\/#\/schema\/logo\/image\/"},"publishingPrinciples":"https:\/\/stopcarcinogensatwork.eu\/homepage\/legal\/","ownershipFundingInfo":"https:\/\/stopcarcinogensatwork.eu\/general\/about-us\/"}]}},"_links":{"self":[{"href":"https:\/\/stopcarcinogensatwork.eu\/fi\/wp-json\/wp\/v2\/pages\/93452","targetHints":{"allow":["GET"]}}],"collection":[{"href":"https:\/\/stopcarcinogensatwork.eu\/fi\/wp-json\/wp\/v2\/pages"}],"about":[{"href":"https:\/\/stopcarcinogensatwork.eu\/fi\/wp-json\/wp\/v2\/types\/page"}],"author":[{"embeddable":true,"href":"https:\/\/stopcarcinogensatwork.eu\/fi\/wp-json\/wp\/v2\/users\/1"}],"replies":[{"embeddable":true,"href":"https:\/\/stopcarcinogensatwork.eu\/fi\/wp-json\/wp\/v2\/comments?post=93452"}],"version-history":[{"count":0,"href":"https:\/\/stopcarcinogensatwork.eu\/fi\/wp-json\/wp\/v2\/pages\/93452\/revisions"}],"up":[{"embeddable":true,"href":"https:\/\/stopcarcinogensatwork.eu\/fi\/wp-json\/wp\/v2\/pages\/93469"}],"wp:attachment":[{"href":"https:\/\/stopcarcinogensatwork.eu\/fi\/wp-json\/wp\/v2\/media?parent=93452"}],"curies":[{"name":"wp","href":"https:\/\/api.w.org\/{rel}","templated":true}]}}