{"id":93458,"date":"2024-03-06T10:59:51","date_gmt":"2024-03-06T10:59:51","guid":{"rendered":"https:\/\/stopcarcinogensatwork.eu\/p-henkilokohtaiset-suojausmenetelmat\/"},"modified":"2026-02-26T09:32:14","modified_gmt":"2026-02-26T09:32:14","slug":"p-henkilokohtaiset-suojausmenetelmat","status":"publish","type":"page","link":"https:\/\/stopcarcinogensatwork.eu\/fi\/tutustu-ennaltaehkaisyn-perusstrategioihin\/p-henkilokohtaiset-suojausmenetelmat\/","title":{"rendered":"P &#8211; Henkil\u00f6kohtaiset suojausmenetelm\u00e4t"},"content":{"rendered":"<blockquote><p>STOP noudattaa valvontahierarkiaa. Karsinogeenien osalta hierarkiassa voidaan siirty\u00e4 alemmas vain silloin, kun altistumista ei voida teknisten rajoitusten vuoksi kokonaan est\u00e4\u00e4. T\u00e4ss\u00e4 keskityt\u00e4\u00e4n P:hen, joka tarkoittaa henkil\u00f6kohtaisia suojausmenetelmi\u00e4. Ennen P:t\u00e4 on otettava huomioon S, T ja O. Huomaa my\u00f6s, ett\u00e4 toimenpiteiden yhdistelmi\u00e4 voidaan k\u00e4ytt\u00e4\u00e4.   <\/p><\/blockquote>\n<p>Joskus korvaaminen ei ole mahdollista, eiv\u00e4tk\u00e4 tekniset ja organisatoriset toimenpiteet riit\u00e4 altistumistasojen v\u00e4hent\u00e4miseen. Silloin on k\u00e4ytett\u00e4v\u00e4 henkil\u00f6kohtaisia suojausmenetelmi\u00e4. Henkil\u00f6kohtaiset suojausmenetelm\u00e4t auttavat pit\u00e4m\u00e4\u00e4n karsinogeenit poissa keuhkoista, iholta ja silmist\u00e4. Henkil\u00f6nsuojaimia voidaan k\u00e4ytt\u00e4\u00e4 vain hierarkiassa ylemp\u00e4n\u00e4 olevien toimenpiteiden lis\u00e4n\u00e4, ja niit\u00e4 voidaan pit\u00e4\u00e4 viimeisen\u00e4 keinona.   <\/p>\n<p>Henkil\u00f6kohtaisilla suojausmenetelmill\u00e4 tarkoitetaan kaikkia varusteita, jotka on suunniteltu ja valmistettu siten, ett\u00e4 henkil\u00f6 k\u00e4ytt\u00e4\u00e4 tai pit\u00e4\u00e4 niit\u00e4 hallussaan suojautuakseen yhdelt\u00e4 tai useammalta h\u00e4nen terveyteens\u00e4 tai turvallisuuteensa kohdistuvalta riskilt\u00e4.<\/p>\n<p>Mit\u00e4 on otettava huomioon henkil\u00f6nsuojaimia valittaessa:<\/p>\n<ul>\n<li>Ty\u00f6paikalla esiintyvien karsinogeenien vaaralliset ominaisuudet.<\/li>\n<li>K\u00e4ytt\u00f6turvallisuustiedotteissa olevat tiedot henkil\u00f6nsuojaimista<\/li>\n<li>Ty\u00f6paikan riskinarvioinnin tulokset<\/li>\n<li>Ty\u00f6ntekij\u00e4n yksil\u00f6lliset ominaisuudet, esim. ruumiin pituus, keng\u00e4nkoko.<\/li>\n<\/ul>\n<p>Ty\u00f6paikalla esiintyville karsinogeeneille sopivien henkil\u00f6nsuojainten k\u00e4ytt\u00f6 on v\u00e4ltt\u00e4m\u00e4t\u00f6nt\u00e4. Muista, ett\u00e4 usein tarvitaan useampi kuin yksi henkil\u00f6nsuojain. <\/p>\n<h2>Sopivan henkil\u00f6nsuojaimen valinta<\/h2>\n<h3>Perussuuntaviivat<\/h3>\n<p>Ty\u00f6nantajan on varmistettava, ett\u00e4 henkil\u00f6nsuojaimet ovat sopivia v\u00e4hent\u00e4m\u00e4\u00e4n ty\u00f6per\u00e4isi\u00e4 riskej\u00e4 ottaen huomioon altistumisen luonne, tiheys ja kesto. T\u00e4ll\u00f6in heid\u00e4n on otettava huomioon riitt\u00e4v\u00e4 suojaustekij\u00e4 ja muiden ty\u00f6per\u00e4isten riskien mahdollinen lis\u00e4\u00e4ntyminen. <\/p>\n<p>Henkil\u00f6nsuojainten on istuttava oikein k\u00e4ytt\u00e4j\u00e4lle, jotta ne olisivat tehokkaita (huomioi, ett\u00e4 kasvokarvat voivat heikent\u00e4\u00e4 asianmukaista istuvuutta ja toimintaa). Ergonomia ja ty\u00f6ntekij\u00e4n allergiat (esim. lateksi) on my\u00f6s otettava huomioon. Lis\u00e4ksi on pohdittava, miss\u00e4 olosuhteissa niit\u00e4 k\u00e4ytet\u00e4\u00e4n, jotta voidaan p\u00e4\u00e4tt\u00e4\u00e4 niiden mukaisesti.  <\/p>\n<p>Varmista, ett\u00e4 ty\u00f6ntekij\u00e4t ovat mukana valitsemassa sopivinta henkil\u00f6nsuojainta. Mukavat ja hyvin istuvat henkil\u00f6nsuojaimet helpottavat ty\u00f6ntekij\u00f6iden k\u00e4ytt\u00f6\u00e4. <\/p>\n<p>Henkil\u00f6nsuojaimissa on oltava CE-merkint\u00e4, joka osoittaa, ett\u00e4 ne ovat EU:n lains\u00e4\u00e4d\u00e4nn\u00f6n mukaisia.<\/p>\n<p>Ty\u00f6nantajien on varmistettava, ett\u00e4 ty\u00f6ntekij\u00e4t ovat tietoisia siit\u00e4, mit\u00e4 henkil\u00f6kohtaisia suojausmenetelmi\u00e4 heid\u00e4n on k\u00e4ytett\u00e4v\u00e4 kussakin ty\u00f6teht\u00e4v\u00e4ss\u00e4\u00e4n ja miten niit\u00e4 k\u00e4ytet\u00e4\u00e4n oikein.<\/p>\n<h3>Puhdistus, varastointi ja huolto<\/h3>\n<p>Ty\u00f6alueilla, joilla vaaditaan henkil\u00f6nsuojainten k\u00e4ytt\u00f6\u00e4, on varmistettava, ett\u00e4:<\/p>\n<ul>\n<li>Ty\u00f6- tai suojavaatteille ja katuvaatteille on erilliset s\u00e4ilytyspaikat.<\/li>\n<li>Suojavarusteet on tarkistettava ja puhdistettava jokaisen k\u00e4ytt\u00f6kerran j\u00e4lkeen, ja ne on s\u00e4ilytett\u00e4v\u00e4 asianmukaisesti hyvin m\u00e4\u00e4ritellyss\u00e4 paikassa.<\/li>\n<li>Vialliset laitteet korjataan tai vaihdetaan ennen niiden k\u00e4ytt\u00f6\u00e4.<\/li>\n<li>Jos henkil\u00f6nsuojaimia k\u00e4ytet\u00e4\u00e4n uudelleen, niiden on oltava helposti puhdistettavia ja\/tai desinfioitavia.<\/li>\n<\/ul>\n<p>Sis\u00e4isiss\u00e4 toimintalinjoissa olisi vahvistettava menettelyt, joita ty\u00f6ntekij\u00f6iden on noudatettava tarvitsemiensa suojavarusteiden osalta, eli miten suojavarusteita k\u00e4ytet\u00e4\u00e4n, puhdistetaan, huolletaan ja s\u00e4ilytet\u00e4\u00e4n oikein.<\/p>\n<h3>M\u00e4\u00e4rittele henkil\u00f6nsuojaimet<\/h3>\n<p>Ty\u00f6paikan riskinarvioinnin tuloksista ja ty\u00f6ntekij\u00f6iden ohjeista on k\u00e4yt\u00e4v\u00e4 selv\u00e4sti ilmi, mit\u00e4 henkil\u00f6nsuojaimia ty\u00f6ntekij\u00f6iden on k\u00e4ytett\u00e4v\u00e4 kussakin teht\u00e4v\u00e4ss\u00e4, mik\u00e4 tarkoittaa, ett\u00e4 kunkin henkil\u00f6nsuojaimen suojaustaso ja tekniset eritelm\u00e4t on ilmoitettava selv\u00e4sti. Ei riit\u00e4, ett\u00e4 ep\u00e4m\u00e4\u00e4r\u00e4isesti mainitaan, ett\u00e4 esimerkiksi k\u00e4sineit\u00e4 on k\u00e4ytett\u00e4v\u00e4 tietyss\u00e4 teht\u00e4v\u00e4ss\u00e4, vaan on mainittava, mink\u00e4 tyyppisi\u00e4 k\u00e4sineit\u00e4 on k\u00e4ytett\u00e4v\u00e4. <\/p>\n<h3>  K\u00e4yt\u00e4nn\u00f6n neuvoja<\/h3>\n<ul>\n<li>Varmista, ett\u00e4 kertak\u00e4ytt\u00f6isi\u00e4 henkil\u00f6nsuojaimia ei k\u00e4ytet\u00e4 uudelleen<\/li>\n<li>Pidet\u00e4\u00e4n erityyppiset henkil\u00f6nsuojaimet (k\u00e4sineet, naamarit jne.) minimiss\u00e4 vaatimustenmukaisuuden lis\u00e4\u00e4miseksi &#8211; voidaan k\u00e4ytt\u00e4\u00e4 v\u00e4rikoodij\u00e4rjestelm\u00e4\u00e4.<\/li>\n<li>Varmista, ett\u00e4 henkil\u00f6nsuojaimet sopivat kunnolla kunkin ty\u00f6ntekij\u00e4n kokoon &#8211; l\u00f6ys\u00e4t henkil\u00f6nsuojaimet saattavat lis\u00e4t\u00e4 altistumisen ja onnettomuuksien riski\u00e4, esimerkiksi jos koneessa on py\u00f6rivi\u00e4 osia.<\/li>\n<li>Ty\u00f6skentely henkil\u00f6nsuojainten (esim. hengityssuojainten) kanssa voi olla ty\u00f6ntekij\u00f6ille vaativaa ja stressaavaa &#8211; harkitse erilaisia ratkaisuja, kun valitset sopivia henkil\u00f6nsuojaimia (esim. koneellisen ilmanpuhdistimen k\u00e4ytt\u00f6 suodatinnaamarin sijasta).<\/li>\n<li>Henkil\u00f6nsuojainten materiaalikoostumus ja paino olisi my\u00f6s otettava huomioon valintaprosessissa (esim. suositaan luonnonkuituja, v\u00e4ltet\u00e4\u00e4n raskaita ty\u00f6kenki\u00e4).<\/li>\n<li>Kun poistat henkil\u00f6nsuojaimia, noudata asianmukaisia menettelyj\u00e4 kontaminaation est\u00e4miseksi &#8211; eli miten ne poistetaan oikein, miss\u00e4 j\u00e4rjestyksess\u00e4 ja miten ne s\u00e4ilytet\u00e4\u00e4n (esim. poista suojavaatetus ennen hengityssuojaimen poistamista, s\u00e4ilyt\u00e4 suojavaatetus vaatteiden yl\u00e4puolella ja siten, ett\u00e4 aukko on alasp\u00e4in).<\/li>\n<li>Yleisesti ottaen henkil\u00f6nsuojaimia ei pid\u00e4 vied\u00e4 kotiin &#8211; ole tietoinen siit\u00e4, ett\u00e4 saastuneet henkil\u00f6nsuojaimet (esim. vaatteet, saappaat) voivat mahdollisesti vahingoittaa perheenj\u00e4seni\u00e4si.<\/li>\n<li>Henkil\u00f6nsuojainten lopullisiin kustannuksiin sis\u00e4ltyy hankintahinnan lis\u00e4ksi my\u00f6s niiden vaihtokertojen m\u00e4\u00e4r\u00e4.<\/li>\n<li>Harkitse tarvittaessa puuvillak\u00e4sineiden k\u00e4ytt\u00e4mist\u00e4 suojak\u00e4sineiden alla transpiraation v\u00e4hent\u00e4miseksi.<\/li>\n<li>Ja muista, ett\u00e4 yksi koko ei sovi kaikille ty\u00f6ntekij\u00f6ille!<\/li>\n<\/ul>\n","protected":false},"excerpt":{"rendered":"<p>STOP noudattaa valvontahierarkiaa. Karsinogeenien osalta hierarkiassa voidaan siirty\u00e4 alemmas vain silloin, kun altistumista ei voida teknisten rajoitusten vuoksi kokonaan est\u00e4\u00e4. T\u00e4ss\u00e4 keskityt\u00e4\u00e4n P:hen, joka tarkoittaa henkil\u00f6kohtaisia suojausmenetelmi\u00e4. Ennen P:t\u00e4 on otettava huomioon S, T ja O. Huomaa my\u00f6s, ett\u00e4 toimenpiteiden yhdistelmi\u00e4 voidaan k\u00e4ytt\u00e4\u00e4. Joskus korvaaminen ei ole mahdollista, eiv\u00e4tk\u00e4 tekniset ja organisatoriset toimenpiteet riit\u00e4 altistumistasojen [&hellip;]<\/p>\n","protected":false},"author":1,"featured_media":0,"parent":93469,"menu_order":0,"comment_status":"closed","ping_status":"closed","template":"","meta":{"inline_featured_image":false,"footnotes":""},"class_list":["post-93458","page","type-page","status-publish","hentry"],"yoast_head":"<!-- This site is optimized with the Yoast SEO Premium plugin v27.0 (Yoast SEO v27.3) - https:\/\/yoast.com\/product\/yoast-seo-premium-wordpress\/ -->\n<title>P - Henkil\u00f6kohtaiset suojausmenetelm\u00e4t - STOP carcinogens at work<\/title>\n<meta name=\"description\" content=\"Every year, more than 100.000 people die in the EU from cancer caused by carcinogens at work. This must STOP!\" \/>\n<meta name=\"robots\" content=\"index, follow, max-snippet:-1, max-image-preview:large, max-video-preview:-1\" \/>\n<link rel=\"canonical\" href=\"https:\/\/stopcarcinogensatwork.eu\/fi\/tutustu-ennaltaehkaisyn-perusstrategioihin\/p-henkilokohtaiset-suojausmenetelmat\/\" \/>\n<meta property=\"og:locale\" content=\"fi_FI\" \/>\n<meta property=\"og:type\" content=\"article\" \/>\n<meta property=\"og:title\" content=\"P - Henkil\u00f6kohtaiset suojausmenetelm\u00e4t\" \/>\n<meta property=\"og:description\" content=\"Every year, more than 100.000 people die in the EU from cancer caused by carcinogens at work. This must STOP!\" \/>\n<meta property=\"og:url\" content=\"https:\/\/stopcarcinogensatwork.eu\/fi\/tutustu-ennaltaehkaisyn-perusstrategioihin\/p-henkilokohtaiset-suojausmenetelmat\/\" \/>\n<meta property=\"og:site_name\" content=\"STOP carcinogens at work\" \/>\n<meta property=\"article:modified_time\" content=\"2026-02-26T09:32:14+00:00\" \/>\n<meta name=\"twitter:card\" content=\"summary_large_image\" \/>\n<meta name=\"twitter:label1\" content=\"Arvioitu lukuaika\" \/>\n\t<meta name=\"twitter:data1\" content=\"4 minuuttia\" \/>\n<script type=\"application\/ld+json\" class=\"yoast-schema-graph\">{\"@context\":\"https:\\\/\\\/schema.org\",\"@graph\":[{\"@type\":\"WebPage\",\"@id\":\"https:\\\/\\\/stopcarcinogensatwork.eu\\\/fi\\\/tutustu-ennaltaehkaisyn-perusstrategioihin\\\/p-henkilokohtaiset-suojausmenetelmat\\\/\",\"url\":\"https:\\\/\\\/stopcarcinogensatwork.eu\\\/fi\\\/tutustu-ennaltaehkaisyn-perusstrategioihin\\\/p-henkilokohtaiset-suojausmenetelmat\\\/\",\"name\":\"P - Henkil\u00f6kohtaiset suojausmenetelm\u00e4t - STOP carcinogens at work\",\"isPartOf\":{\"@id\":\"https:\\\/\\\/stopcarcinogensatwork.eu\\\/fi\\\/#website\"},\"datePublished\":\"2024-03-06T10:59:51+00:00\",\"dateModified\":\"2026-02-26T09:32:14+00:00\",\"description\":\"Every year, more than 100.000 people die in the EU from cancer caused by carcinogens at work. This must STOP!\",\"breadcrumb\":{\"@id\":\"https:\\\/\\\/stopcarcinogensatwork.eu\\\/fi\\\/tutustu-ennaltaehkaisyn-perusstrategioihin\\\/p-henkilokohtaiset-suojausmenetelmat\\\/#breadcrumb\"},\"inLanguage\":\"fi\",\"potentialAction\":[{\"@type\":\"ReadAction\",\"target\":[\"https:\\\/\\\/stopcarcinogensatwork.eu\\\/fi\\\/tutustu-ennaltaehkaisyn-perusstrategioihin\\\/p-henkilokohtaiset-suojausmenetelmat\\\/\"]}]},{\"@type\":\"BreadcrumbList\",\"@id\":\"https:\\\/\\\/stopcarcinogensatwork.eu\\\/fi\\\/tutustu-ennaltaehkaisyn-perusstrategioihin\\\/p-henkilokohtaiset-suojausmenetelmat\\\/#breadcrumb\",\"itemListElement\":[{\"@type\":\"ListItem\",\"position\":1,\"name\":\"Home\",\"item\":\"https:\\\/\\\/stopcarcinogensatwork.eu\\\/fi\\\/stop-carcinogens-at-work\\\/\"},{\"@type\":\"ListItem\",\"position\":2,\"name\":\"Tutustu ennaltaehk\u00e4isyn perusstrategioihin\",\"item\":\"https:\\\/\\\/stopcarcinogensatwork.eu\\\/fi\\\/tutustu-ennaltaehkaisyn-perusstrategioihin\\\/\"},{\"@type\":\"ListItem\",\"position\":3,\"name\":\"P &#8211; Henkil\u00f6kohtaiset suojausmenetelm\u00e4t\"}]},{\"@type\":\"WebSite\",\"@id\":\"https:\\\/\\\/stopcarcinogensatwork.eu\\\/fi\\\/#website\",\"url\":\"https:\\\/\\\/stopcarcinogensatwork.eu\\\/fi\\\/\",\"name\":\"STOP Carcinogens at work\",\"description\":\"Every year, about 100.000 people die from cancer that was caused by exposure to carcinogens at work in Europe.\",\"publisher\":{\"@id\":\"https:\\\/\\\/stopcarcinogensatwork.eu\\\/fi\\\/#organization\"},\"alternateName\":\"Roadmap on Carcinogens\",\"potentialAction\":[{\"@type\":\"SearchAction\",\"target\":{\"@type\":\"EntryPoint\",\"urlTemplate\":\"https:\\\/\\\/stopcarcinogensatwork.eu\\\/fi\\\/?s={search_term_string}\"},\"query-input\":{\"@type\":\"PropertyValueSpecification\",\"valueRequired\":true,\"valueName\":\"search_term_string\"}}],\"inLanguage\":\"fi\"},{\"@type\":\"Organization\",\"@id\":\"https:\\\/\\\/stopcarcinogensatwork.eu\\\/fi\\\/#organization\",\"name\":\"TNO\",\"alternateName\":\"This is a European wide voluntary action scheme\",\"url\":\"https:\\\/\\\/stopcarcinogensatwork.eu\\\/fi\\\/\",\"logo\":{\"@type\":\"ImageObject\",\"inLanguage\":\"fi\",\"@id\":\"https:\\\/\\\/stopcarcinogensatwork.eu\\\/fi\\\/#\\\/schema\\\/logo\\\/image\\\/\",\"url\":\"https:\\\/\\\/stopcarcinogensatwork.eu\\\/wp-content\\\/uploads\\\/2024\\\/08\\\/cropped-FavLarge-1.png\",\"contentUrl\":\"https:\\\/\\\/stopcarcinogensatwork.eu\\\/wp-content\\\/uploads\\\/2024\\\/08\\\/cropped-FavLarge-1.png\",\"width\":512,\"height\":512,\"caption\":\"TNO\"},\"image\":{\"@id\":\"https:\\\/\\\/stopcarcinogensatwork.eu\\\/fi\\\/#\\\/schema\\\/logo\\\/image\\\/\"},\"publishingPrinciples\":\"https:\\\/\\\/stopcarcinogensatwork.eu\\\/homepage\\\/legal\\\/\",\"ownershipFundingInfo\":\"https:\\\/\\\/stopcarcinogensatwork.eu\\\/general\\\/about-us\\\/\"}]}<\/script>\n<!-- \/ Yoast SEO Premium plugin. -->","yoast_head_json":{"title":"P - Henkil\u00f6kohtaiset suojausmenetelm\u00e4t - STOP carcinogens at work","description":"Every year, more than 100.000 people die in the EU from cancer caused by carcinogens at work. This must STOP!","robots":{"index":"index","follow":"follow","max-snippet":"max-snippet:-1","max-image-preview":"max-image-preview:large","max-video-preview":"max-video-preview:-1"},"canonical":"https:\/\/stopcarcinogensatwork.eu\/fi\/tutustu-ennaltaehkaisyn-perusstrategioihin\/p-henkilokohtaiset-suojausmenetelmat\/","og_locale":"fi_FI","og_type":"article","og_title":"P - Henkil\u00f6kohtaiset suojausmenetelm\u00e4t","og_description":"Every year, more than 100.000 people die in the EU from cancer caused by carcinogens at work. This must STOP!","og_url":"https:\/\/stopcarcinogensatwork.eu\/fi\/tutustu-ennaltaehkaisyn-perusstrategioihin\/p-henkilokohtaiset-suojausmenetelmat\/","og_site_name":"STOP carcinogens at work","article_modified_time":"2026-02-26T09:32:14+00:00","twitter_card":"summary_large_image","twitter_misc":{"Arvioitu lukuaika":"4 minuuttia"},"schema":{"@context":"https:\/\/schema.org","@graph":[{"@type":"WebPage","@id":"https:\/\/stopcarcinogensatwork.eu\/fi\/tutustu-ennaltaehkaisyn-perusstrategioihin\/p-henkilokohtaiset-suojausmenetelmat\/","url":"https:\/\/stopcarcinogensatwork.eu\/fi\/tutustu-ennaltaehkaisyn-perusstrategioihin\/p-henkilokohtaiset-suojausmenetelmat\/","name":"P - Henkil\u00f6kohtaiset suojausmenetelm\u00e4t - STOP carcinogens at work","isPartOf":{"@id":"https:\/\/stopcarcinogensatwork.eu\/fi\/#website"},"datePublished":"2024-03-06T10:59:51+00:00","dateModified":"2026-02-26T09:32:14+00:00","description":"Every year, more than 100.000 people die in the EU from cancer caused by carcinogens at work. This must STOP!","breadcrumb":{"@id":"https:\/\/stopcarcinogensatwork.eu\/fi\/tutustu-ennaltaehkaisyn-perusstrategioihin\/p-henkilokohtaiset-suojausmenetelmat\/#breadcrumb"},"inLanguage":"fi","potentialAction":[{"@type":"ReadAction","target":["https:\/\/stopcarcinogensatwork.eu\/fi\/tutustu-ennaltaehkaisyn-perusstrategioihin\/p-henkilokohtaiset-suojausmenetelmat\/"]}]},{"@type":"BreadcrumbList","@id":"https:\/\/stopcarcinogensatwork.eu\/fi\/tutustu-ennaltaehkaisyn-perusstrategioihin\/p-henkilokohtaiset-suojausmenetelmat\/#breadcrumb","itemListElement":[{"@type":"ListItem","position":1,"name":"Home","item":"https:\/\/stopcarcinogensatwork.eu\/fi\/stop-carcinogens-at-work\/"},{"@type":"ListItem","position":2,"name":"Tutustu ennaltaehk\u00e4isyn perusstrategioihin","item":"https:\/\/stopcarcinogensatwork.eu\/fi\/tutustu-ennaltaehkaisyn-perusstrategioihin\/"},{"@type":"ListItem","position":3,"name":"P &#8211; Henkil\u00f6kohtaiset suojausmenetelm\u00e4t"}]},{"@type":"WebSite","@id":"https:\/\/stopcarcinogensatwork.eu\/fi\/#website","url":"https:\/\/stopcarcinogensatwork.eu\/fi\/","name":"STOP Carcinogens at work","description":"Every year, about 100.000 people die from cancer that was caused by exposure to carcinogens at work in Europe.","publisher":{"@id":"https:\/\/stopcarcinogensatwork.eu\/fi\/#organization"},"alternateName":"Roadmap on Carcinogens","potentialAction":[{"@type":"SearchAction","target":{"@type":"EntryPoint","urlTemplate":"https:\/\/stopcarcinogensatwork.eu\/fi\/?s={search_term_string}"},"query-input":{"@type":"PropertyValueSpecification","valueRequired":true,"valueName":"search_term_string"}}],"inLanguage":"fi"},{"@type":"Organization","@id":"https:\/\/stopcarcinogensatwork.eu\/fi\/#organization","name":"TNO","alternateName":"This is a European wide voluntary action scheme","url":"https:\/\/stopcarcinogensatwork.eu\/fi\/","logo":{"@type":"ImageObject","inLanguage":"fi","@id":"https:\/\/stopcarcinogensatwork.eu\/fi\/#\/schema\/logo\/image\/","url":"https:\/\/stopcarcinogensatwork.eu\/wp-content\/uploads\/2024\/08\/cropped-FavLarge-1.png","contentUrl":"https:\/\/stopcarcinogensatwork.eu\/wp-content\/uploads\/2024\/08\/cropped-FavLarge-1.png","width":512,"height":512,"caption":"TNO"},"image":{"@id":"https:\/\/stopcarcinogensatwork.eu\/fi\/#\/schema\/logo\/image\/"},"publishingPrinciples":"https:\/\/stopcarcinogensatwork.eu\/homepage\/legal\/","ownershipFundingInfo":"https:\/\/stopcarcinogensatwork.eu\/general\/about-us\/"}]}},"_links":{"self":[{"href":"https:\/\/stopcarcinogensatwork.eu\/fi\/wp-json\/wp\/v2\/pages\/93458","targetHints":{"allow":["GET"]}}],"collection":[{"href":"https:\/\/stopcarcinogensatwork.eu\/fi\/wp-json\/wp\/v2\/pages"}],"about":[{"href":"https:\/\/stopcarcinogensatwork.eu\/fi\/wp-json\/wp\/v2\/types\/page"}],"author":[{"embeddable":true,"href":"https:\/\/stopcarcinogensatwork.eu\/fi\/wp-json\/wp\/v2\/users\/1"}],"replies":[{"embeddable":true,"href":"https:\/\/stopcarcinogensatwork.eu\/fi\/wp-json\/wp\/v2\/comments?post=93458"}],"version-history":[{"count":0,"href":"https:\/\/stopcarcinogensatwork.eu\/fi\/wp-json\/wp\/v2\/pages\/93458\/revisions"}],"up":[{"embeddable":true,"href":"https:\/\/stopcarcinogensatwork.eu\/fi\/wp-json\/wp\/v2\/pages\/93469"}],"wp:attachment":[{"href":"https:\/\/stopcarcinogensatwork.eu\/fi\/wp-json\/wp\/v2\/media?parent=93458"}],"curies":[{"name":"wp","href":"https:\/\/api.w.org\/{rel}","templated":true}]}}