{"id":93460,"date":"2024-03-06T11:27:48","date_gmt":"2024-03-06T11:27:48","guid":{"rendered":"https:\/\/stopcarcinogensatwork.eu\/o-organisatoriset-toimenpiteet\/"},"modified":"2026-02-26T09:32:14","modified_gmt":"2026-02-26T09:32:14","slug":"o-organisatoriset-toimenpiteet","status":"publish","type":"page","link":"https:\/\/stopcarcinogensatwork.eu\/fi\/tutustu-ennaltaehkaisyn-perusstrategioihin\/o-organisatoriset-toimenpiteet\/","title":{"rendered":"O &#8211; Organisatoriset toimenpiteet"},"content":{"rendered":"<blockquote><p>STOP noudattaa valvontahierarkiaa. Karsinogeenien osalta hierarkiassa voidaan siirty\u00e4 alemmas vain silloin, kun altistumista ei voida teknisten rajoitusten vuoksi kokonaan est\u00e4\u00e4. T\u00e4ss\u00e4 keskityt\u00e4\u00e4n kolmanteen tasoon, O, joka koskee organisatorisia toimenpiteit\u00e4. Huomioikaa S ja T ennen O:ta. Huomioikaa my\u00f6s, ett\u00e4 toimenpiteiden yhdistelmi\u00e4 voidaan k\u00e4ytt\u00e4\u00e4.   <\/p><\/blockquote>\n<p>Organisatoriset toimenpiteet koostuvat organisatorisista menetelmist\u00e4 ja menettelyist\u00e4, sis\u00e4isist\u00e4 toimintaperiaatteista ja s\u00e4\u00e4nn\u00f6llisest\u00e4 valvonnasta, joka on otettu k\u00e4ytt\u00f6\u00f6n niiden t\u00e4yt\u00e4nt\u00f6\u00f6npanon varmistamiseksi, mukaan lukien huoltosuunnitelmat. Toteutettavissa organisatorisissa toimenpiteiss\u00e4 olisi otettava huomioon muun muassa ty\u00f6paikan erityispiirteet, ty\u00f6ntekij\u00e4n osaaminen, laitteet, teht\u00e4v\u00e4t ja ymp\u00e4rist\u00f6. <\/p>\n<p>Mit\u00e4 olisi otettava huomioon arvioitaessa toteutettavia toimenpiteit\u00e4:<\/p>\n<ul>\n<li>Kaikkien ty\u00f6skentely- ja sosiaalisten tilojen yksil\u00f6inti<\/li>\n<li>Harkitse altistumisen tyyppi ja taso kullakin ty\u00f6skentelyalueella.<\/li>\n<li>M\u00e4\u00e4rit\u00e4 ty\u00f6ntekij\u00e4t, joiden on p\u00e4\u00e4st\u00e4v\u00e4 kullekin ty\u00f6skentelyalueelle.<\/li>\n<li>Mieti, kuinka paljon aikaa yksitt\u00e4isen ty\u00f6ntekij\u00e4n on keskim\u00e4\u00e4rin k\u00e4ytett\u00e4v\u00e4 kuhunkin ty\u00f6alueeseen.<\/li>\n<li>Hankitaan kuvaus kustakin toimenpiteest\u00e4, sen soveltuvuudesta, tehokkuudesta ja tuloksellisuudesta ja tarkastellaan eri toimenpiteiden mahdollista yhteisvaikutusta riskien hallinnan parantamiseksi.<\/li>\n<li>Huoltovaatimukset<\/li>\n<\/ul>\n<h2>Joitakin harkittavia organisatorisia toimenpiteit\u00e4<\/h2>\n<h3>Riskialueille p\u00e4\u00e4syn rajoittaminen<\/h3>\n<p>Ty\u00f6nantajien on riskinarvioinnin tulokset huomioon ottaen rajoitettava p\u00e4\u00e4sy\u00e4 tietyille ty\u00f6alueille ja rajoitettava p\u00e4\u00e4sy tiukasti vain niihin ty\u00f6ntekij\u00f6ihin, joiden on oltava siell\u00e4. Ty\u00f6ntekij\u00f6iden p\u00e4\u00e4syn rajoittamiseksi voidaan asettaa fyysisi\u00e4 esteit\u00e4, esimerkiksi lupaa edellytt\u00e4vi\u00e4 ovia. T\u00e4llaiset alueet voidaan tunnistaa opasteilla.  <\/p>\n<p>Toinen t\u00e4rke\u00e4 n\u00e4k\u00f6kohta on rajoittaa ty\u00f6ntekij\u00f6iden kyseisell\u00e4 ty\u00f6skentelyalueella viett\u00e4m\u00e4\u00e4 aikaa. T\u00e4m\u00e4 voidaan tehd\u00e4 vaihtamalla teht\u00e4vi\u00e4, jotka ty\u00f6ntekij\u00e4n on suoritettava, tai rajoittamalla aikaa ty\u00f6vuoroa kohden. <\/p>\n<p>Kun suunnittelet pohjapiirustusta, varmista, ett\u00e4 otat huomioon kaikki alueet, esimerkiksi yhteisten tilojen (kuten ruokalan, kaappien tai lepotilojen) sijainnin suhteessa ty\u00f6skentelyalueisiin. Ty\u00f6alueet eiv\u00e4t saisi olla suoraan yhteydess\u00e4 sosiaalitiloihin. <\/p>\n<h3>Hygienia ja yksil\u00f6nsuojaus<\/h3>\n<p>Ty\u00f6skentelyalueilla, joilla on kontaminaatioriski, on toteutettava toimenpiteit\u00e4 sen varmistamiseksi, ett\u00e4:<\/p>\n<ul>\n<li>Kaikki ty\u00f6paikan kemikaalit on merkitty asianmukaisesti, ja ty\u00f6paikalla on asianmukaiset varoitus- ja turvallisuusmerkit ja -merkit.<\/li>\n<li>Ty\u00f6paikka pidet\u00e4\u00e4n siistin\u00e4 ja j\u00e4rjestyksess\u00e4<\/li>\n<li>Ty\u00f6ntekij\u00e4t eiv\u00e4t sy\u00f6, juo tai tupakoi<\/li>\n<li>Ty\u00f6ntekij\u00f6ill\u00e4 on asianmukaiset suojavaatteet tai muut asianmukaiset erityisvaatteet.<\/li>\n<li>Ty\u00f6- tai suojavaatteille ja katuvaatteille on erilliset s\u00e4ilytyspaikat.<\/li>\n<li>Ty\u00f6ntekij\u00f6ill\u00e4 on asianmukaiset ja riitt\u00e4v\u00e4t peseytymis- ja k\u00e4ym\u00e4l\u00e4tilat.<\/li>\n<li>Suojavarusteet s\u00e4ilytet\u00e4\u00e4n asianmukaisesti hyvin m\u00e4\u00e4ritellyss\u00e4 paikassa.<\/li>\n<li>Terveysvalvonta j\u00e4rjestet\u00e4\u00e4n ja sen tulokset otetaan huomioon.<\/li>\n<\/ul>\n<p>Sis\u00e4isiss\u00e4 toimintaperiaatteissa voidaan m\u00e4\u00e4ritell\u00e4 paikat, joissa ty\u00f6ntekij\u00e4t saavat sy\u00f6d\u00e4, juoda tai tupakoida. Lis\u00e4ksi n\u00e4iss\u00e4 toimintaperiaatteissa voidaan vahvistaa menettelyt, joita ty\u00f6ntekij\u00f6iden on noudatettava tarvittavien suojavarusteiden osalta, eli miten niit\u00e4 k\u00e4ytet\u00e4\u00e4n, puhdistetaan, huolletaan ja s\u00e4ilytet\u00e4\u00e4n oikein. <\/p>\n<p>Yksinkertaiset hygieniatoimenpiteet voidaan sis\u00e4llytt\u00e4\u00e4 muistuttamaan ty\u00f6ntekij\u00f6it\u00e4 niiden t\u00e4rkeydest\u00e4. Heid\u00e4n on esimerkiksi pest\u00e4v\u00e4 k\u00e4tens\u00e4 ennen ruokailua, puhdistettava jalkansa tiloihin ment\u00e4ess\u00e4 ja sielt\u00e4 poistuttaessa ja m\u00e4\u00e4ritelt\u00e4v\u00e4 reitit, joita pitkin ty\u00f6ntekij\u00f6iden on kuljettava p\u00e4\u00e4st\u00e4kseen joillekin saastuneille ty\u00f6alueille. <\/p>\n<h3>Tiedotus ja koulutus ty\u00f6ntekij\u00f6ille<\/h3>\n<p>Ty\u00f6nantajien on varmistettava, ett\u00e4 ty\u00f6ntekij\u00e4t ovat tietoisia riskinarvioinnin tuloksista, my\u00f6s k\u00e4ytetyist\u00e4 kemikaaleista, niiden vaarallisista ominaisuuksista ja siit\u00e4, miten k\u00e4ytt\u00f6turvallisuustiedotteita k\u00e4ytet\u00e4\u00e4n, eli ensiaputoimenpiteist\u00e4 tai altistumisen hallinnasta\/henkil\u00f6kohtaisista suojausmenetelmist\u00e4.<\/p>\n<p>Lis\u00e4ksi ty\u00f6ntekij\u00f6ille olisi annettava selke\u00e4t ohjeet k\u00e4yt\u00f6ss\u00e4 olevista toimenpiteist\u00e4, kuten teknisist\u00e4 toimenpiteist\u00e4, sis\u00e4isist\u00e4 toimintaperiaatteista tai turvallisuusty\u00f6menetelmist\u00e4, mahdollisuuksien mukaan kuvien, kaavioiden tai videoiden avulla.<\/p>\n<ul>\n<li>Ty\u00f6ntekij\u00f6iden ty\u00f6teht\u00e4v\u00e4t ja tiet\u00e4mystaso olisi otettava huomioon, ja tiedotuksen ja koulutuksen kielt\u00e4 ja sis\u00e4lt\u00f6\u00e4 olisi mukautettava vastaavasti.<\/li>\n<li>Ty\u00f6ntekij\u00f6ille olisi annettava s\u00e4\u00e4nn\u00f6llisesti tietoa ja koulutusta, ja niit\u00e4 on p\u00e4ivitett\u00e4v\u00e4 aina, kun olosuhteet muuttuvat.<\/li>\n<li>Tieto- ja koulutustarpeiden tyypist\u00e4 riippuen voit tarjota niit\u00e4 sis\u00e4isesti ja\/tai hankkia ulkopuolista asiantuntemusta.<\/li>\n<\/ul>\n","protected":false},"excerpt":{"rendered":"<p>STOP noudattaa valvontahierarkiaa. Karsinogeenien osalta hierarkiassa voidaan siirty\u00e4 alemmas vain silloin, kun altistumista ei voida teknisten rajoitusten vuoksi kokonaan est\u00e4\u00e4. T\u00e4ss\u00e4 keskityt\u00e4\u00e4n kolmanteen tasoon, O, joka koskee organisatorisia toimenpiteit\u00e4. Huomioikaa S ja T ennen O:ta. Huomioikaa my\u00f6s, ett\u00e4 toimenpiteiden yhdistelmi\u00e4 voidaan k\u00e4ytt\u00e4\u00e4. Organisatoriset toimenpiteet koostuvat organisatorisista menetelmist\u00e4 ja menettelyist\u00e4, sis\u00e4isist\u00e4 toimintaperiaatteista ja s\u00e4\u00e4nn\u00f6llisest\u00e4 valvonnasta, joka [&hellip;]<\/p>\n","protected":false},"author":1,"featured_media":0,"parent":93469,"menu_order":0,"comment_status":"closed","ping_status":"closed","template":"","meta":{"inline_featured_image":false,"footnotes":""},"class_list":["post-93460","page","type-page","status-publish","hentry"],"yoast_head":"<!-- This site is optimized with the Yoast SEO Premium plugin v27.0 (Yoast SEO v27.3) - https:\/\/yoast.com\/product\/yoast-seo-premium-wordpress\/ -->\n<title>O - Organisatoriset toimenpiteet - STOP carcinogens at work<\/title>\n<meta name=\"description\" content=\"Every year, more than 100.000 people die in the EU from cancer caused by carcinogens at work. This must STOP!\" \/>\n<meta name=\"robots\" content=\"index, follow, max-snippet:-1, max-image-preview:large, max-video-preview:-1\" \/>\n<link rel=\"canonical\" href=\"https:\/\/stopcarcinogensatwork.eu\/fi\/tutustu-ennaltaehkaisyn-perusstrategioihin\/o-organisatoriset-toimenpiteet\/\" \/>\n<meta property=\"og:locale\" content=\"fi_FI\" \/>\n<meta property=\"og:type\" content=\"article\" \/>\n<meta property=\"og:title\" content=\"O - Organisatoriset toimenpiteet\" \/>\n<meta property=\"og:description\" content=\"Every year, more than 100.000 people die in the EU from cancer caused by carcinogens at work. This must STOP!\" \/>\n<meta property=\"og:url\" content=\"https:\/\/stopcarcinogensatwork.eu\/fi\/tutustu-ennaltaehkaisyn-perusstrategioihin\/o-organisatoriset-toimenpiteet\/\" \/>\n<meta property=\"og:site_name\" content=\"STOP carcinogens at work\" \/>\n<meta property=\"article:modified_time\" content=\"2026-02-26T09:32:14+00:00\" \/>\n<meta name=\"twitter:card\" content=\"summary_large_image\" \/>\n<meta name=\"twitter:label1\" content=\"Arvioitu lukuaika\" \/>\n\t<meta name=\"twitter:data1\" content=\"3 minuuttia\" \/>\n<script type=\"application\/ld+json\" class=\"yoast-schema-graph\">{\"@context\":\"https:\\\/\\\/schema.org\",\"@graph\":[{\"@type\":\"WebPage\",\"@id\":\"https:\\\/\\\/stopcarcinogensatwork.eu\\\/fi\\\/tutustu-ennaltaehkaisyn-perusstrategioihin\\\/o-organisatoriset-toimenpiteet\\\/\",\"url\":\"https:\\\/\\\/stopcarcinogensatwork.eu\\\/fi\\\/tutustu-ennaltaehkaisyn-perusstrategioihin\\\/o-organisatoriset-toimenpiteet\\\/\",\"name\":\"O - Organisatoriset toimenpiteet - STOP carcinogens at work\",\"isPartOf\":{\"@id\":\"https:\\\/\\\/stopcarcinogensatwork.eu\\\/fi\\\/#website\"},\"datePublished\":\"2024-03-06T11:27:48+00:00\",\"dateModified\":\"2026-02-26T09:32:14+00:00\",\"description\":\"Every year, more than 100.000 people die in the EU from cancer caused by carcinogens at work. This must STOP!\",\"breadcrumb\":{\"@id\":\"https:\\\/\\\/stopcarcinogensatwork.eu\\\/fi\\\/tutustu-ennaltaehkaisyn-perusstrategioihin\\\/o-organisatoriset-toimenpiteet\\\/#breadcrumb\"},\"inLanguage\":\"fi\",\"potentialAction\":[{\"@type\":\"ReadAction\",\"target\":[\"https:\\\/\\\/stopcarcinogensatwork.eu\\\/fi\\\/tutustu-ennaltaehkaisyn-perusstrategioihin\\\/o-organisatoriset-toimenpiteet\\\/\"]}]},{\"@type\":\"BreadcrumbList\",\"@id\":\"https:\\\/\\\/stopcarcinogensatwork.eu\\\/fi\\\/tutustu-ennaltaehkaisyn-perusstrategioihin\\\/o-organisatoriset-toimenpiteet\\\/#breadcrumb\",\"itemListElement\":[{\"@type\":\"ListItem\",\"position\":1,\"name\":\"Home\",\"item\":\"https:\\\/\\\/stopcarcinogensatwork.eu\\\/fi\\\/stop-carcinogens-at-work\\\/\"},{\"@type\":\"ListItem\",\"position\":2,\"name\":\"Tutustu ennaltaehk\u00e4isyn perusstrategioihin\",\"item\":\"https:\\\/\\\/stopcarcinogensatwork.eu\\\/fi\\\/tutustu-ennaltaehkaisyn-perusstrategioihin\\\/\"},{\"@type\":\"ListItem\",\"position\":3,\"name\":\"O &#8211; Organisatoriset toimenpiteet\"}]},{\"@type\":\"WebSite\",\"@id\":\"https:\\\/\\\/stopcarcinogensatwork.eu\\\/fi\\\/#website\",\"url\":\"https:\\\/\\\/stopcarcinogensatwork.eu\\\/fi\\\/\",\"name\":\"STOP Carcinogens at work\",\"description\":\"Every year, about 100.000 people die from cancer that was caused by exposure to carcinogens at work in Europe.\",\"publisher\":{\"@id\":\"https:\\\/\\\/stopcarcinogensatwork.eu\\\/fi\\\/#organization\"},\"alternateName\":\"Roadmap on Carcinogens\",\"potentialAction\":[{\"@type\":\"SearchAction\",\"target\":{\"@type\":\"EntryPoint\",\"urlTemplate\":\"https:\\\/\\\/stopcarcinogensatwork.eu\\\/fi\\\/?s={search_term_string}\"},\"query-input\":{\"@type\":\"PropertyValueSpecification\",\"valueRequired\":true,\"valueName\":\"search_term_string\"}}],\"inLanguage\":\"fi\"},{\"@type\":\"Organization\",\"@id\":\"https:\\\/\\\/stopcarcinogensatwork.eu\\\/fi\\\/#organization\",\"name\":\"TNO\",\"alternateName\":\"This is a European wide voluntary action scheme\",\"url\":\"https:\\\/\\\/stopcarcinogensatwork.eu\\\/fi\\\/\",\"logo\":{\"@type\":\"ImageObject\",\"inLanguage\":\"fi\",\"@id\":\"https:\\\/\\\/stopcarcinogensatwork.eu\\\/fi\\\/#\\\/schema\\\/logo\\\/image\\\/\",\"url\":\"https:\\\/\\\/stopcarcinogensatwork.eu\\\/wp-content\\\/uploads\\\/2024\\\/08\\\/cropped-FavLarge-1.png\",\"contentUrl\":\"https:\\\/\\\/stopcarcinogensatwork.eu\\\/wp-content\\\/uploads\\\/2024\\\/08\\\/cropped-FavLarge-1.png\",\"width\":512,\"height\":512,\"caption\":\"TNO\"},\"image\":{\"@id\":\"https:\\\/\\\/stopcarcinogensatwork.eu\\\/fi\\\/#\\\/schema\\\/logo\\\/image\\\/\"},\"publishingPrinciples\":\"https:\\\/\\\/stopcarcinogensatwork.eu\\\/homepage\\\/legal\\\/\",\"ownershipFundingInfo\":\"https:\\\/\\\/stopcarcinogensatwork.eu\\\/general\\\/about-us\\\/\"}]}<\/script>\n<!-- \/ Yoast SEO Premium plugin. -->","yoast_head_json":{"title":"O - Organisatoriset toimenpiteet - STOP carcinogens at work","description":"Every year, more than 100.000 people die in the EU from cancer caused by carcinogens at work. This must STOP!","robots":{"index":"index","follow":"follow","max-snippet":"max-snippet:-1","max-image-preview":"max-image-preview:large","max-video-preview":"max-video-preview:-1"},"canonical":"https:\/\/stopcarcinogensatwork.eu\/fi\/tutustu-ennaltaehkaisyn-perusstrategioihin\/o-organisatoriset-toimenpiteet\/","og_locale":"fi_FI","og_type":"article","og_title":"O - Organisatoriset toimenpiteet","og_description":"Every year, more than 100.000 people die in the EU from cancer caused by carcinogens at work. This must STOP!","og_url":"https:\/\/stopcarcinogensatwork.eu\/fi\/tutustu-ennaltaehkaisyn-perusstrategioihin\/o-organisatoriset-toimenpiteet\/","og_site_name":"STOP carcinogens at work","article_modified_time":"2026-02-26T09:32:14+00:00","twitter_card":"summary_large_image","twitter_misc":{"Arvioitu lukuaika":"3 minuuttia"},"schema":{"@context":"https:\/\/schema.org","@graph":[{"@type":"WebPage","@id":"https:\/\/stopcarcinogensatwork.eu\/fi\/tutustu-ennaltaehkaisyn-perusstrategioihin\/o-organisatoriset-toimenpiteet\/","url":"https:\/\/stopcarcinogensatwork.eu\/fi\/tutustu-ennaltaehkaisyn-perusstrategioihin\/o-organisatoriset-toimenpiteet\/","name":"O - Organisatoriset toimenpiteet - STOP carcinogens at work","isPartOf":{"@id":"https:\/\/stopcarcinogensatwork.eu\/fi\/#website"},"datePublished":"2024-03-06T11:27:48+00:00","dateModified":"2026-02-26T09:32:14+00:00","description":"Every year, more than 100.000 people die in the EU from cancer caused by carcinogens at work. This must STOP!","breadcrumb":{"@id":"https:\/\/stopcarcinogensatwork.eu\/fi\/tutustu-ennaltaehkaisyn-perusstrategioihin\/o-organisatoriset-toimenpiteet\/#breadcrumb"},"inLanguage":"fi","potentialAction":[{"@type":"ReadAction","target":["https:\/\/stopcarcinogensatwork.eu\/fi\/tutustu-ennaltaehkaisyn-perusstrategioihin\/o-organisatoriset-toimenpiteet\/"]}]},{"@type":"BreadcrumbList","@id":"https:\/\/stopcarcinogensatwork.eu\/fi\/tutustu-ennaltaehkaisyn-perusstrategioihin\/o-organisatoriset-toimenpiteet\/#breadcrumb","itemListElement":[{"@type":"ListItem","position":1,"name":"Home","item":"https:\/\/stopcarcinogensatwork.eu\/fi\/stop-carcinogens-at-work\/"},{"@type":"ListItem","position":2,"name":"Tutustu ennaltaehk\u00e4isyn perusstrategioihin","item":"https:\/\/stopcarcinogensatwork.eu\/fi\/tutustu-ennaltaehkaisyn-perusstrategioihin\/"},{"@type":"ListItem","position":3,"name":"O &#8211; Organisatoriset toimenpiteet"}]},{"@type":"WebSite","@id":"https:\/\/stopcarcinogensatwork.eu\/fi\/#website","url":"https:\/\/stopcarcinogensatwork.eu\/fi\/","name":"STOP Carcinogens at work","description":"Every year, about 100.000 people die from cancer that was caused by exposure to carcinogens at work in Europe.","publisher":{"@id":"https:\/\/stopcarcinogensatwork.eu\/fi\/#organization"},"alternateName":"Roadmap on Carcinogens","potentialAction":[{"@type":"SearchAction","target":{"@type":"EntryPoint","urlTemplate":"https:\/\/stopcarcinogensatwork.eu\/fi\/?s={search_term_string}"},"query-input":{"@type":"PropertyValueSpecification","valueRequired":true,"valueName":"search_term_string"}}],"inLanguage":"fi"},{"@type":"Organization","@id":"https:\/\/stopcarcinogensatwork.eu\/fi\/#organization","name":"TNO","alternateName":"This is a European wide voluntary action scheme","url":"https:\/\/stopcarcinogensatwork.eu\/fi\/","logo":{"@type":"ImageObject","inLanguage":"fi","@id":"https:\/\/stopcarcinogensatwork.eu\/fi\/#\/schema\/logo\/image\/","url":"https:\/\/stopcarcinogensatwork.eu\/wp-content\/uploads\/2024\/08\/cropped-FavLarge-1.png","contentUrl":"https:\/\/stopcarcinogensatwork.eu\/wp-content\/uploads\/2024\/08\/cropped-FavLarge-1.png","width":512,"height":512,"caption":"TNO"},"image":{"@id":"https:\/\/stopcarcinogensatwork.eu\/fi\/#\/schema\/logo\/image\/"},"publishingPrinciples":"https:\/\/stopcarcinogensatwork.eu\/homepage\/legal\/","ownershipFundingInfo":"https:\/\/stopcarcinogensatwork.eu\/general\/about-us\/"}]}},"_links":{"self":[{"href":"https:\/\/stopcarcinogensatwork.eu\/fi\/wp-json\/wp\/v2\/pages\/93460","targetHints":{"allow":["GET"]}}],"collection":[{"href":"https:\/\/stopcarcinogensatwork.eu\/fi\/wp-json\/wp\/v2\/pages"}],"about":[{"href":"https:\/\/stopcarcinogensatwork.eu\/fi\/wp-json\/wp\/v2\/types\/page"}],"author":[{"embeddable":true,"href":"https:\/\/stopcarcinogensatwork.eu\/fi\/wp-json\/wp\/v2\/users\/1"}],"replies":[{"embeddable":true,"href":"https:\/\/stopcarcinogensatwork.eu\/fi\/wp-json\/wp\/v2\/comments?post=93460"}],"version-history":[{"count":0,"href":"https:\/\/stopcarcinogensatwork.eu\/fi\/wp-json\/wp\/v2\/pages\/93460\/revisions"}],"up":[{"embeddable":true,"href":"https:\/\/stopcarcinogensatwork.eu\/fi\/wp-json\/wp\/v2\/pages\/93469"}],"wp:attachment":[{"href":"https:\/\/stopcarcinogensatwork.eu\/fi\/wp-json\/wp\/v2\/media?parent=93460"}],"curies":[{"name":"wp","href":"https:\/\/api.w.org\/{rel}","templated":true}]}}