{"id":93469,"date":"2024-01-31T15:46:56","date_gmt":"2024-01-31T15:46:56","guid":{"rendered":"https:\/\/stopcarcinogensatwork.eu\/tutustu-ennaltaehkaisyn-perusstrategioihin\/"},"modified":"2026-02-26T09:32:09","modified_gmt":"2026-02-26T09:32:09","slug":"tutustu-ennaltaehkaisyn-perusstrategioihin","status":"publish","type":"page","link":"https:\/\/stopcarcinogensatwork.eu\/fi\/tutustu-ennaltaehkaisyn-perusstrategioihin\/","title":{"rendered":"Tutustu ennaltaehk\u00e4isyn perusstrategioihin"},"content":{"rendered":"<blockquote><p>Kun ty\u00f6paikalla on karsinogeenej\u00e4, ty\u00f6nantajien on teht\u00e4v\u00e4 kaikki voitava est\u00e4\u00e4kseen ty\u00f6ntekij\u00f6it\u00e4 joutumasta kosketuksiin niiden kanssa. Edist\u00e4 ty\u00f6terveys- ja turvallisuuskulttuuria ty\u00f6paikallasi! <\/p><\/blockquote>\n<h1>Yleinen l\u00e4hestymistapa karsinogeenien riskinhallintaan<\/h1>\n<p class=\"p2\"><i>CMR-direktiivin 2 artiklan a alakohdassa olevan karsinogeenin m\u00e4\u00e4ritelm\u00e4n mukaisesti.  <\/i><\/p>\n<p>Karsinogeeneille altistumisen torjunnan ensimm\u00e4isten vaiheiden tulisi aina sis\u00e4lt\u00e4\u00e4:<\/p>\n<ul>\n<li>Muista, ett\u00e4 ty\u00f6n organisointia ja turvallisuusvaatimuksia koskevien v\u00e4himm\u00e4isvaatimusten on oltava aina voimassa. Ne eiv\u00e4t kuitenkaan v\u00e4ltt\u00e4m\u00e4tt\u00e4 ole riitt\u00e4vi\u00e4, ja lis\u00e4toimenpiteet saattavat olla tarpeen. <\/li>\n<li>Luettelo kaikista k\u00e4ytetyist\u00e4 karsinogeeneist\u00e4 ja niiden m\u00e4\u00e4rist\u00e4.<\/li>\n<li>Ker\u00e4\u00e4 niiden k\u00e4ytt\u00f6turvallisuustiedotteet<\/li>\n<li>Kuvailkaa teht\u00e4v\u00e4t, joissa niit\u00e4 k\u00e4ytet\u00e4\u00e4n, ja ottakaa huomioon kaikki prosessissa syntyv\u00e4t karsinogeenit.<\/li>\n<li>Tunnistetaan ty\u00f6ntekij\u00e4t, jotka mahdollisesti altistuvat altistumiselle ja kuinka kauan.<\/li>\n<li>Ota kaikki edell\u00e4 mainitut seikat huomioon ty\u00f6paikan riskinarviointia laatiessasi.<\/li>\n<\/ul>\n<p>Kun annat ohjeita ty\u00f6ntekij\u00f6ille, muista:<\/p>\n<ul>\n<li>K\u00e4yt\u00e4 aina yksinkertaista ja selke\u00e4\u00e4 kielt\u00e4, lyhyit\u00e4 ja suoraan asiaan menevi\u00e4 lauseita.<\/li>\n<li>Pyrkimys selke\u00e4\u00e4n ulkoasuun kirjallisissa ohjeissa<\/li>\n<li>Sis\u00e4llyt\u00e4 mahdollisuuksien mukaan kuvia\/kaavioita<\/li>\n<\/ul>\n<h2><strong>S.T.O.P.-periaate: mit\u00e4 sinun on otettava huomioon<\/strong><\/h2>\n<p>STOP-periaatteessa kuvataan suojatoimenpiteiden t\u00e4rkeysj\u00e4rjestys. Ty\u00f6nantajan on noudatettava t\u00e4t\u00e4 t\u00e4rkeysj\u00e4rjestyst\u00e4 suojatoimenpiteit\u00e4 m\u00e4\u00e4ritt\u00e4ess\u00e4\u00e4n ja soveltaessaan. Yksitt\u00e4iset kirjaimet S-T-O-P tarkoittavat erityyppisi\u00e4 suojatoimenpiteit\u00e4:  <\/p>\n<p><strong>S &#8230; Korvaaminen &#8211;<\/strong> vaarallisten aineiden <strong>korvaaminen<\/strong> v\u00e4hemm\u00e4n vaarallisilla aineilla tai prosesseilla. Korvaaminen on aina ensimm\u00e4inen harkittava toimenpide. <\/p>\n<p><a href=\"https:\/\/stopcarcinogensatwork.eu\/fi\/tutustu-ennaltaehkaisyn-perusstrategioihin\/s-korvaaminen\/\">Lis\u00e4tietoja <strong>korvaamisesta<\/strong><\/a><\/p>\n<p><strong>T &#8230; Tekniset toimenpiteet &#8211;<\/strong> suljetuista <strong>j\u00e4rjestelmist\u00e4<\/strong> tehokkaaseen ilmanpoistoon, monet tekniikat auttavat v\u00e4hent\u00e4m\u00e4\u00e4n altistumista karsinogeeneille huomattavasti.<\/p>\n<p><a href=\"https:\/\/stopcarcinogensatwork.eu\/fi\/tutustu-ennaltaehkaisyn-perusstrategioihin\/t-tekniset-toimenpiteet\/\">Lis\u00e4tietoja <strong>teknisist\u00e4 toimenpiteist\u00e4<\/strong><\/a><\/p>\n<p><strong>O &#8230; Organisatoriset toimenpiteet &#8211; voivat koostua<\/strong> sis\u00e4isist\u00e4 politiikoista ja\/tai organisatorisista menetelmist\u00e4. N\u00e4it\u00e4 toimenpiteit\u00e4 tulisi k\u00e4ytt\u00e4\u00e4 vain lis\u00e4suojan tarjoamiseksi. Niit\u00e4 olisi harkittava my\u00f6s h\u00e4t\u00e4tilanteita varten ja niiden ty\u00f6ntekij\u00f6iden osalta, jotka tekev\u00e4t s\u00e4\u00e4nn\u00f6llisi\u00e4 siivous- ja huoltot\u00f6it\u00e4.  <\/p>\n<p><a href=\"https:\/\/stopcarcinogensatwork.eu\/fi\/tutustu-ennaltaehkaisyn-perusstrategioihin\/o-organisatoriset-toimenpiteet\/\">Lis\u00e4tietoja <strong>organisatorisista toimenpiteist\u00e4<\/strong><\/a><\/p>\n<p><strong>P &#8230; Henkil\u00f6kohtaiset suojausmenetelm\u00e4t &#8211; joskus<\/strong> korvaaminen ei ole mahdollista, eiv\u00e4tk\u00e4 tekniset ja organisatoriset toimenpiteet riit\u00e4. Silloin on k\u00e4ytett\u00e4v\u00e4 henkil\u00f6kohtaisia suojausmenetelmi\u00e4. <\/p>\n<p><a href=\"https:\/\/stopcarcinogensatwork.eu\/fi\/tutustu-ennaltaehkaisyn-perusstrategioihin\/p-henkilokohtaiset-suojausmenetelmat\/\">Lis\u00e4tietoja <strong>henkil\u00f6kohtaisista suojausmenetelmist\u00e4<\/strong><\/a><\/p>\n","protected":false},"excerpt":{"rendered":"<p>Kun ty\u00f6paikalla on karsinogeenej\u00e4, ty\u00f6nantajien on teht\u00e4v\u00e4 kaikki voitava est\u00e4\u00e4kseen ty\u00f6ntekij\u00f6it\u00e4 joutumasta kosketuksiin niiden kanssa. Edist\u00e4 ty\u00f6terveys- ja turvallisuuskulttuuria ty\u00f6paikallasi! Yleinen l\u00e4hestymistapa karsinogeenien riskinhallintaan CMR-direktiivin 2 artiklan a alakohdassa olevan karsinogeenin m\u00e4\u00e4ritelm\u00e4n mukaisesti. Karsinogeeneille altistumisen torjunnan ensimm\u00e4isten vaiheiden tulisi aina sis\u00e4lt\u00e4\u00e4: Muista, ett\u00e4 ty\u00f6n organisointia ja turvallisuusvaatimuksia koskevien v\u00e4himm\u00e4isvaatimusten on oltava aina voimassa. Ne eiv\u00e4t [&hellip;]<\/p>\n","protected":false},"author":1,"featured_media":93474,"parent":0,"menu_order":0,"comment_status":"closed","ping_status":"closed","template":"","meta":{"inline_featured_image":false,"footnotes":""},"class_list":["post-93469","page","type-page","status-publish","hentry"],"yoast_head":"<!-- This site is optimized with the Yoast SEO Premium plugin v27.0 (Yoast SEO v27.3) - https:\/\/yoast.com\/product\/yoast-seo-premium-wordpress\/ -->\n<title>STOP Karsinogeenit ty\u00f6paikalla: Essential Steps for Workplace Safety - STOP carcinogens at work%<\/title>\n<meta name=\"description\" content=\"STOP-periaatteessa kuvataan suojatoimenpiteiden t\u00e4rkeysj\u00e4rjestys suojatoimenpiteit\u00e4 m\u00e4\u00e4ritett\u00e4ess\u00e4 ja sovellettaessa.\" \/>\n<meta name=\"robots\" content=\"index, follow, max-snippet:-1, max-image-preview:large, max-video-preview:-1\" \/>\n<link rel=\"canonical\" href=\"https:\/\/stopcarcinogensatwork.eu\/fi\/tutustu-ennaltaehkaisyn-perusstrategioihin\/\" \/>\n<meta property=\"og:locale\" content=\"fi_FI\" \/>\n<meta property=\"og:type\" content=\"article\" \/>\n<meta property=\"og:title\" content=\"Tutustu ennaltaehk\u00e4isyn perusstrategioihin\" \/>\n<meta property=\"og:description\" content=\"STOP-periaatteessa kuvataan suojatoimenpiteiden t\u00e4rkeysj\u00e4rjestys suojatoimenpiteit\u00e4 m\u00e4\u00e4ritett\u00e4ess\u00e4 ja sovellettaessa.\" \/>\n<meta property=\"og:url\" content=\"https:\/\/stopcarcinogensatwork.eu\/fi\/tutustu-ennaltaehkaisyn-perusstrategioihin\/\" \/>\n<meta property=\"og:site_name\" content=\"STOP carcinogens at work\" \/>\n<meta property=\"article:modified_time\" content=\"2026-02-26T09:32:09+00:00\" \/>\n<meta property=\"og:image\" content=\"https:\/\/stopcarcinogensatwork.eu\/wp-content\/uploads\/2024\/08\/Stop-Carcinogens-at-Work-icon-1-scaled.png\" \/>\n\t<meta property=\"og:image:width\" content=\"2560\" \/>\n\t<meta property=\"og:image:height\" content=\"2141\" \/>\n\t<meta property=\"og:image:type\" content=\"image\/png\" \/>\n<meta name=\"twitter:card\" content=\"summary_large_image\" \/>\n<meta name=\"twitter:label1\" content=\"Arvioitu lukuaika\" \/>\n\t<meta name=\"twitter:data1\" content=\"2 minuuttia\" \/>\n<script type=\"application\/ld+json\" class=\"yoast-schema-graph\">{\"@context\":\"https:\\\/\\\/schema.org\",\"@graph\":[{\"@type\":\"WebPage\",\"@id\":\"https:\\\/\\\/stopcarcinogensatwork.eu\\\/fi\\\/tutustu-ennaltaehkaisyn-perusstrategioihin\\\/\",\"url\":\"https:\\\/\\\/stopcarcinogensatwork.eu\\\/fi\\\/tutustu-ennaltaehkaisyn-perusstrategioihin\\\/\",\"name\":\"STOP Karsinogeenit ty\u00f6paikalla: Essential Steps for Workplace Safety - STOP carcinogens at work%\",\"isPartOf\":{\"@id\":\"https:\\\/\\\/stopcarcinogensatwork.eu\\\/fi\\\/#website\"},\"primaryImageOfPage\":{\"@id\":\"https:\\\/\\\/stopcarcinogensatwork.eu\\\/fi\\\/tutustu-ennaltaehkaisyn-perusstrategioihin\\\/#primaryimage\"},\"image\":{\"@id\":\"https:\\\/\\\/stopcarcinogensatwork.eu\\\/fi\\\/tutustu-ennaltaehkaisyn-perusstrategioihin\\\/#primaryimage\"},\"thumbnailUrl\":\"https:\\\/\\\/stopcarcinogensatwork.eu\\\/wp-content\\\/uploads\\\/2024\\\/08\\\/Stop-Carcinogens-at-Work-icon-1-scaled.png\",\"datePublished\":\"2024-01-31T15:46:56+00:00\",\"dateModified\":\"2026-02-26T09:32:09+00:00\",\"description\":\"STOP-periaatteessa kuvataan suojatoimenpiteiden t\u00e4rkeysj\u00e4rjestys suojatoimenpiteit\u00e4 m\u00e4\u00e4ritett\u00e4ess\u00e4 ja sovellettaessa.\",\"breadcrumb\":{\"@id\":\"https:\\\/\\\/stopcarcinogensatwork.eu\\\/fi\\\/tutustu-ennaltaehkaisyn-perusstrategioihin\\\/#breadcrumb\"},\"inLanguage\":\"fi\",\"potentialAction\":[{\"@type\":\"ReadAction\",\"target\":[\"https:\\\/\\\/stopcarcinogensatwork.eu\\\/fi\\\/tutustu-ennaltaehkaisyn-perusstrategioihin\\\/\"]}]},{\"@type\":\"ImageObject\",\"inLanguage\":\"fi\",\"@id\":\"https:\\\/\\\/stopcarcinogensatwork.eu\\\/fi\\\/tutustu-ennaltaehkaisyn-perusstrategioihin\\\/#primaryimage\",\"url\":\"https:\\\/\\\/stopcarcinogensatwork.eu\\\/wp-content\\\/uploads\\\/2024\\\/08\\\/Stop-Carcinogens-at-Work-icon-1-scaled.png\",\"contentUrl\":\"https:\\\/\\\/stopcarcinogensatwork.eu\\\/wp-content\\\/uploads\\\/2024\\\/08\\\/Stop-Carcinogens-at-Work-icon-1-scaled.png\",\"width\":2560,\"height\":2141},{\"@type\":\"BreadcrumbList\",\"@id\":\"https:\\\/\\\/stopcarcinogensatwork.eu\\\/fi\\\/tutustu-ennaltaehkaisyn-perusstrategioihin\\\/#breadcrumb\",\"itemListElement\":[{\"@type\":\"ListItem\",\"position\":1,\"name\":\"Home\",\"item\":\"https:\\\/\\\/stopcarcinogensatwork.eu\\\/fi\\\/stop-carcinogens-at-work\\\/\"},{\"@type\":\"ListItem\",\"position\":2,\"name\":\"Tutustu ennaltaehk\u00e4isyn perusstrategioihin\"}]},{\"@type\":\"WebSite\",\"@id\":\"https:\\\/\\\/stopcarcinogensatwork.eu\\\/fi\\\/#website\",\"url\":\"https:\\\/\\\/stopcarcinogensatwork.eu\\\/fi\\\/\",\"name\":\"STOP Carcinogens at work\",\"description\":\"Every year, about 100.000 people die from cancer that was caused by exposure to carcinogens at work in Europe.\",\"publisher\":{\"@id\":\"https:\\\/\\\/stopcarcinogensatwork.eu\\\/fi\\\/#organization\"},\"alternateName\":\"Roadmap on Carcinogens\",\"potentialAction\":[{\"@type\":\"SearchAction\",\"target\":{\"@type\":\"EntryPoint\",\"urlTemplate\":\"https:\\\/\\\/stopcarcinogensatwork.eu\\\/fi\\\/?s={search_term_string}\"},\"query-input\":{\"@type\":\"PropertyValueSpecification\",\"valueRequired\":true,\"valueName\":\"search_term_string\"}}],\"inLanguage\":\"fi\"},{\"@type\":\"Organization\",\"@id\":\"https:\\\/\\\/stopcarcinogensatwork.eu\\\/fi\\\/#organization\",\"name\":\"TNO\",\"alternateName\":\"This is a European wide voluntary action scheme\",\"url\":\"https:\\\/\\\/stopcarcinogensatwork.eu\\\/fi\\\/\",\"logo\":{\"@type\":\"ImageObject\",\"inLanguage\":\"fi\",\"@id\":\"https:\\\/\\\/stopcarcinogensatwork.eu\\\/fi\\\/#\\\/schema\\\/logo\\\/image\\\/\",\"url\":\"https:\\\/\\\/stopcarcinogensatwork.eu\\\/wp-content\\\/uploads\\\/2024\\\/08\\\/cropped-FavLarge-1.png\",\"contentUrl\":\"https:\\\/\\\/stopcarcinogensatwork.eu\\\/wp-content\\\/uploads\\\/2024\\\/08\\\/cropped-FavLarge-1.png\",\"width\":512,\"height\":512,\"caption\":\"TNO\"},\"image\":{\"@id\":\"https:\\\/\\\/stopcarcinogensatwork.eu\\\/fi\\\/#\\\/schema\\\/logo\\\/image\\\/\"},\"publishingPrinciples\":\"https:\\\/\\\/stopcarcinogensatwork.eu\\\/homepage\\\/legal\\\/\",\"ownershipFundingInfo\":\"https:\\\/\\\/stopcarcinogensatwork.eu\\\/general\\\/about-us\\\/\"}]}<\/script>\n<!-- \/ Yoast SEO Premium plugin. -->","yoast_head_json":{"title":"STOP Karsinogeenit ty\u00f6paikalla: Essential Steps for Workplace Safety - STOP carcinogens at work%","description":"STOP-periaatteessa kuvataan suojatoimenpiteiden t\u00e4rkeysj\u00e4rjestys suojatoimenpiteit\u00e4 m\u00e4\u00e4ritett\u00e4ess\u00e4 ja sovellettaessa.","robots":{"index":"index","follow":"follow","max-snippet":"max-snippet:-1","max-image-preview":"max-image-preview:large","max-video-preview":"max-video-preview:-1"},"canonical":"https:\/\/stopcarcinogensatwork.eu\/fi\/tutustu-ennaltaehkaisyn-perusstrategioihin\/","og_locale":"fi_FI","og_type":"article","og_title":"Tutustu ennaltaehk\u00e4isyn perusstrategioihin","og_description":"STOP-periaatteessa kuvataan suojatoimenpiteiden t\u00e4rkeysj\u00e4rjestys suojatoimenpiteit\u00e4 m\u00e4\u00e4ritett\u00e4ess\u00e4 ja sovellettaessa.","og_url":"https:\/\/stopcarcinogensatwork.eu\/fi\/tutustu-ennaltaehkaisyn-perusstrategioihin\/","og_site_name":"STOP carcinogens at work","article_modified_time":"2026-02-26T09:32:09+00:00","og_image":[{"width":2560,"height":2141,"url":"https:\/\/stopcarcinogensatwork.eu\/wp-content\/uploads\/2024\/08\/Stop-Carcinogens-at-Work-icon-1-scaled.png","type":"image\/png"}],"twitter_card":"summary_large_image","twitter_misc":{"Arvioitu lukuaika":"2 minuuttia"},"schema":{"@context":"https:\/\/schema.org","@graph":[{"@type":"WebPage","@id":"https:\/\/stopcarcinogensatwork.eu\/fi\/tutustu-ennaltaehkaisyn-perusstrategioihin\/","url":"https:\/\/stopcarcinogensatwork.eu\/fi\/tutustu-ennaltaehkaisyn-perusstrategioihin\/","name":"STOP Karsinogeenit ty\u00f6paikalla: Essential Steps for Workplace Safety - STOP carcinogens at work%","isPartOf":{"@id":"https:\/\/stopcarcinogensatwork.eu\/fi\/#website"},"primaryImageOfPage":{"@id":"https:\/\/stopcarcinogensatwork.eu\/fi\/tutustu-ennaltaehkaisyn-perusstrategioihin\/#primaryimage"},"image":{"@id":"https:\/\/stopcarcinogensatwork.eu\/fi\/tutustu-ennaltaehkaisyn-perusstrategioihin\/#primaryimage"},"thumbnailUrl":"https:\/\/stopcarcinogensatwork.eu\/wp-content\/uploads\/2024\/08\/Stop-Carcinogens-at-Work-icon-1-scaled.png","datePublished":"2024-01-31T15:46:56+00:00","dateModified":"2026-02-26T09:32:09+00:00","description":"STOP-periaatteessa kuvataan suojatoimenpiteiden t\u00e4rkeysj\u00e4rjestys suojatoimenpiteit\u00e4 m\u00e4\u00e4ritett\u00e4ess\u00e4 ja sovellettaessa.","breadcrumb":{"@id":"https:\/\/stopcarcinogensatwork.eu\/fi\/tutustu-ennaltaehkaisyn-perusstrategioihin\/#breadcrumb"},"inLanguage":"fi","potentialAction":[{"@type":"ReadAction","target":["https:\/\/stopcarcinogensatwork.eu\/fi\/tutustu-ennaltaehkaisyn-perusstrategioihin\/"]}]},{"@type":"ImageObject","inLanguage":"fi","@id":"https:\/\/stopcarcinogensatwork.eu\/fi\/tutustu-ennaltaehkaisyn-perusstrategioihin\/#primaryimage","url":"https:\/\/stopcarcinogensatwork.eu\/wp-content\/uploads\/2024\/08\/Stop-Carcinogens-at-Work-icon-1-scaled.png","contentUrl":"https:\/\/stopcarcinogensatwork.eu\/wp-content\/uploads\/2024\/08\/Stop-Carcinogens-at-Work-icon-1-scaled.png","width":2560,"height":2141},{"@type":"BreadcrumbList","@id":"https:\/\/stopcarcinogensatwork.eu\/fi\/tutustu-ennaltaehkaisyn-perusstrategioihin\/#breadcrumb","itemListElement":[{"@type":"ListItem","position":1,"name":"Home","item":"https:\/\/stopcarcinogensatwork.eu\/fi\/stop-carcinogens-at-work\/"},{"@type":"ListItem","position":2,"name":"Tutustu ennaltaehk\u00e4isyn perusstrategioihin"}]},{"@type":"WebSite","@id":"https:\/\/stopcarcinogensatwork.eu\/fi\/#website","url":"https:\/\/stopcarcinogensatwork.eu\/fi\/","name":"STOP Carcinogens at work","description":"Every year, about 100.000 people die from cancer that was caused by exposure to carcinogens at work in Europe.","publisher":{"@id":"https:\/\/stopcarcinogensatwork.eu\/fi\/#organization"},"alternateName":"Roadmap on Carcinogens","potentialAction":[{"@type":"SearchAction","target":{"@type":"EntryPoint","urlTemplate":"https:\/\/stopcarcinogensatwork.eu\/fi\/?s={search_term_string}"},"query-input":{"@type":"PropertyValueSpecification","valueRequired":true,"valueName":"search_term_string"}}],"inLanguage":"fi"},{"@type":"Organization","@id":"https:\/\/stopcarcinogensatwork.eu\/fi\/#organization","name":"TNO","alternateName":"This is a European wide voluntary action scheme","url":"https:\/\/stopcarcinogensatwork.eu\/fi\/","logo":{"@type":"ImageObject","inLanguage":"fi","@id":"https:\/\/stopcarcinogensatwork.eu\/fi\/#\/schema\/logo\/image\/","url":"https:\/\/stopcarcinogensatwork.eu\/wp-content\/uploads\/2024\/08\/cropped-FavLarge-1.png","contentUrl":"https:\/\/stopcarcinogensatwork.eu\/wp-content\/uploads\/2024\/08\/cropped-FavLarge-1.png","width":512,"height":512,"caption":"TNO"},"image":{"@id":"https:\/\/stopcarcinogensatwork.eu\/fi\/#\/schema\/logo\/image\/"},"publishingPrinciples":"https:\/\/stopcarcinogensatwork.eu\/homepage\/legal\/","ownershipFundingInfo":"https:\/\/stopcarcinogensatwork.eu\/general\/about-us\/"}]}},"_links":{"self":[{"href":"https:\/\/stopcarcinogensatwork.eu\/fi\/wp-json\/wp\/v2\/pages\/93469","targetHints":{"allow":["GET"]}}],"collection":[{"href":"https:\/\/stopcarcinogensatwork.eu\/fi\/wp-json\/wp\/v2\/pages"}],"about":[{"href":"https:\/\/stopcarcinogensatwork.eu\/fi\/wp-json\/wp\/v2\/types\/page"}],"author":[{"embeddable":true,"href":"https:\/\/stopcarcinogensatwork.eu\/fi\/wp-json\/wp\/v2\/users\/1"}],"replies":[{"embeddable":true,"href":"https:\/\/stopcarcinogensatwork.eu\/fi\/wp-json\/wp\/v2\/comments?post=93469"}],"version-history":[{"count":0,"href":"https:\/\/stopcarcinogensatwork.eu\/fi\/wp-json\/wp\/v2\/pages\/93469\/revisions"}],"wp:featuredmedia":[{"embeddable":true,"href":"https:\/\/stopcarcinogensatwork.eu\/fi\/wp-json\/wp\/v2\/media\/93474"}],"wp:attachment":[{"href":"https:\/\/stopcarcinogensatwork.eu\/fi\/wp-json\/wp\/v2\/media?parent=93469"}],"curies":[{"name":"wp","href":"https:\/\/api.w.org\/{rel}","templated":true}]}}