{"id":93479,"date":"2024-04-12T09:14:49","date_gmt":"2024-04-12T09:14:49","guid":{"rendered":"https:\/\/stopcarcinogensatwork.eu\/stop-carcinogens-at-work\/oikeudet-ja-velvollisuudet\/"},"modified":"2026-02-26T09:32:35","modified_gmt":"2026-02-26T09:32:35","slug":"oikeudet-ja-velvollisuudet","status":"publish","type":"page","link":"https:\/\/stopcarcinogensatwork.eu\/fi\/stop-carcinogens-at-work\/oikeudet-ja-velvollisuudet\/","title":{"rendered":"Oikeudet ja velvollisuudet"},"content":{"rendered":"<blockquote><p>Karsinogeenien kanssa ty\u00f6skennelless\u00e4 sek\u00e4 ty\u00f6nantajilla ett\u00e4 ty\u00f6ntekij\u00f6ill\u00e4 on oikeuksia ja velvollisuuksia. Hyvinvointisi taataan tietyill\u00e4 ty\u00f6nantajan velvollisuuksilla, joista s\u00e4\u00e4det\u00e4\u00e4n karsinogeenej\u00e4, perim\u00e4n muutoksia ja lis\u00e4\u00e4ntymiselle vaarallisia aineita koskevassa direktiiviss\u00e4 (CMRD). On kuitenkin my\u00f6s t\u00e4rke\u00e4\u00e4, ett\u00e4 toimit ty\u00f6paikan ohjeiden mukaisesti.  <\/p><\/blockquote>\n<p><a href=\"https:\/\/osha.europa.eu\/nl\/legislation\/directive\/directive-200437ec-carcinogens-or-mutagens-work\">Lue lis\u00e4\u00e4 CMRD:st\u00e4 t\u00e4\u00e4lt\u00e4  <\/a><\/p>\n<h2>Ty\u00f6ntekij\u00f6iden oikeudet ja velvollisuudet<\/h2>\n<blockquote><p>Jokaisen ty\u00f6nantajan on teht\u00e4v\u00e4 riskinarviointi. T\u00e4ss\u00e4 riskinarvioinnissa tunnistetaan kaikki mahdolliset terveysriskit ja toteutetaan toimenpiteet n\u00e4iden riskien ehk\u00e4isemiseksi. T\u00e4h\u00e4n kuuluvat vaaralliset aineet, mutta my\u00f6s henkiset riskit ja fyysiset riskit.  <\/p><\/blockquote>\n<h3>Ohjeet ja koulutus<\/h3>\n<p>Sinun on saatava ohjeet ja koulutus ennen teht\u00e4v\u00e4n aloittamista. Ty\u00f6ntekij\u00f6iden on osallistuttava n\u00e4ihin koulutuksiin ja noudatettava ohjeita. Koulutuksen toistaminen ja toimintaohjeiden mukauttaminen auttavat pysym\u00e4\u00e4n valppaana teht\u00e4vist\u00e4 aiheutuvien riskien kanssa.  <\/p>\n<h3>L\u00e4\u00e4ketieteellinen seuranta ja dokumentointi<\/h3>\n<p>Kun ty\u00f6skentelet karsinogeenin parissa, ty\u00f6nantajan on tarjottava l\u00e4\u00e4ketieteellist\u00e4 valvontaa. Sen tarkoituksena on tiedottaa sinulle ty\u00f6teht\u00e4viisi liittyvist\u00e4 mahdollisista terveysriskeist\u00e4. Ty\u00f6n tyypist\u00e4 ja altistumisriskeist\u00e4 riippuen l\u00e4\u00e4ketieteellinen valvonta voi koostua kyselytutkimukseen perustuvista tarkastuksista tai s\u00e4\u00e4nn\u00f6llisist\u00e4 l\u00e4\u00e4k\u00e4rintarkastuksista. Jos sinulla on joskus ty\u00f6st\u00e4 johtuvia terveysongelmia jopa yrityksen vaihdon tai el\u00e4kkeelle siirtymisen j\u00e4lkeen, karsinogeenej\u00e4 sis\u00e4lt\u00e4vi\u00e4 teht\u00e4vi\u00e4 koskeva dokumentointivelvollisuus varmistaa, ett\u00e4 saat tunnustuksen ammattitaudista.   <\/p>\n<h3>Yhteisty\u00f6<\/h3>\n<p>Muista, ett\u00e4 yhteisty\u00f6 ty\u00f6nantajasi kanssa on my\u00f6s sinun velvollisuutesi. Ty\u00f6paikan ja henkil\u00f6kohtaiset hygieniam\u00e4\u00e4r\u00e4ykset (esimerkiksi \u00e4l\u00e4 kanna ty\u00f6vaatteita kotiin) ovat yksi keskeinen tekij\u00e4 oman ja perheesi terveyden varmistamiseksi, ja niit\u00e4 on noudatettava aina. <\/p>\n<p><a href=\"https:\/\/stopcarcinogensatwork.eu\/fi\/tutustu-ennaltaehkaisyn-perusstrategioihin\/\">Lue lis\u00e4\u00e4 ennaltaehk\u00e4isystrategioista<\/a><\/p>\n<h2>Ty\u00f6nantajien velvollisuudet<\/h2>\n<blockquote><p>Ty\u00f6ntekij\u00f6iden hyvinvoinnin varmistaminen taataan tietyill\u00e4 velvollisuuksilla, joista s\u00e4\u00e4det\u00e4\u00e4n karsinogeenej\u00e4, perim\u00e4n muutoksia ja lis\u00e4\u00e4ntymiselle vaarallisia aineita koskevassa direktiiviss\u00e4 (CMRD). Lue siit\u00e4 lis\u00e4\u00e4 t\u00e4\u00e4lt\u00e4. Vaarallisten aineiden tutkiminen ja oikeiden toimenpiteiden toteuttaminen ei ole aivan helppoa ja saattaa vaatia paljon asiantuntemusta. Siksi voi olla hy\u00f6dyllist\u00e4 pyyt\u00e4\u00e4 apua ty\u00f6terveysl\u00e4\u00e4k\u00e4rilt\u00e4: aineisiin erikoistuneelta terveys- ja turvallisuusasiantuntijalta.   <\/p><\/blockquote>\n<p>Huomaa, ett\u00e4 kansalliset vaatimukset voivat poiketa direktiivist\u00e4. Jos n\u00e4in on, ota yhteytt\u00e4 kansallisiin viranomaisiin vaarallisia aineita koskevista viranomaisvaatimuksista. <\/p>\n<p>Karsinogeenej\u00e4 sis\u00e4lt\u00e4vien teht\u00e4vien dokumentointi on pakollista. <a href=\"https:\/\/stopcarcinogensatwork.eu\/fi\/karsinogeeneille-altistuneita-tyontekijoita-koskevat-rekisterit\/\">T\u00e4h\u00e4n luetteloon on koottu esimerkkej\u00e4 kansallisista ratkaisuista dokumentoinnin tueksi.<\/a><\/p>\n<p>Sis\u00e4llysluettelo<\/p>\n<p><a href=\"#top\"> <\/a><\/p>\n","protected":false},"excerpt":{"rendered":"<p>Karsinogeenien kanssa ty\u00f6skennelless\u00e4 sek\u00e4 ty\u00f6nantajilla ett\u00e4 ty\u00f6ntekij\u00f6ill\u00e4 on oikeuksia ja velvollisuuksia. Hyvinvointisi taataan tietyill\u00e4 ty\u00f6nantajan velvollisuuksilla, joista s\u00e4\u00e4det\u00e4\u00e4n karsinogeenej\u00e4, perim\u00e4n muutoksia ja lis\u00e4\u00e4ntymiselle vaarallisia aineita koskevassa direktiiviss\u00e4 (CMRD). On kuitenkin my\u00f6s t\u00e4rke\u00e4\u00e4, ett\u00e4 toimit ty\u00f6paikan ohjeiden mukaisesti. Lue lis\u00e4\u00e4 CMRD:st\u00e4 t\u00e4\u00e4lt\u00e4 Ty\u00f6ntekij\u00f6iden oikeudet ja velvollisuudet Jokaisen ty\u00f6nantajan on teht\u00e4v\u00e4 riskinarviointi. T\u00e4ss\u00e4 riskinarvioinnissa tunnistetaan kaikki mahdolliset [&hellip;]<\/p>\n","protected":false},"author":1,"featured_media":0,"parent":82309,"menu_order":0,"comment_status":"closed","ping_status":"closed","template":"","meta":{"inline_featured_image":false,"footnotes":""},"class_list":["post-93479","page","type-page","status-publish","hentry"],"yoast_head":"<!-- This site is optimized with the Yoast SEO Premium plugin v27.0 (Yoast SEO v27.4) - https:\/\/yoast.com\/product\/yoast-seo-premium-wordpress\/ -->\n<title>Oikeudet ja velvollisuudet - STOP carcinogens at work<\/title>\n<meta name=\"description\" content=\"Tutustu oikeuksiisi ja velvollisuuksiisi ty\u00f6skennelless\u00e4si karsinogeenien parissa, mukaan lukien riskinarvioinnit, koulutus ja l\u00e4\u00e4ketieteellist\u00e4 seurantaa koskevat vaatimukset.\" \/>\n<meta name=\"robots\" content=\"index, follow, max-snippet:-1, max-image-preview:large, max-video-preview:-1\" \/>\n<link rel=\"canonical\" href=\"https:\/\/stopcarcinogensatwork.eu\/fi\/stop-carcinogens-at-work\/oikeudet-ja-velvollisuudet\/\" \/>\n<meta property=\"og:locale\" content=\"fi_FI\" \/>\n<meta property=\"og:type\" content=\"article\" \/>\n<meta property=\"og:title\" content=\"Oikeudet ja velvollisuudet\" \/>\n<meta property=\"og:description\" content=\"Tutustu oikeuksiisi ja velvollisuuksiisi ty\u00f6skennelless\u00e4si karsinogeenien parissa, mukaan lukien riskinarvioinnit, koulutus ja l\u00e4\u00e4ketieteellist\u00e4 seurantaa koskevat vaatimukset.\" \/>\n<meta property=\"og:url\" content=\"https:\/\/stopcarcinogensatwork.eu\/fi\/stop-carcinogens-at-work\/oikeudet-ja-velvollisuudet\/\" \/>\n<meta property=\"og:site_name\" content=\"STOP carcinogens at work\" \/>\n<meta property=\"article:modified_time\" content=\"2026-02-26T09:32:35+00:00\" \/>\n<meta name=\"twitter:card\" content=\"summary_large_image\" \/>\n<meta name=\"twitter:label1\" content=\"Arvioitu lukuaika\" \/>\n\t<meta name=\"twitter:data1\" content=\"2 minuuttia\" \/>\n<script type=\"application\/ld+json\" class=\"yoast-schema-graph\">{\"@context\":\"https:\\\/\\\/schema.org\",\"@graph\":[{\"@type\":\"WebPage\",\"@id\":\"https:\\\/\\\/stopcarcinogensatwork.eu\\\/fi\\\/stop-carcinogens-at-work\\\/oikeudet-ja-velvollisuudet\\\/\",\"url\":\"https:\\\/\\\/stopcarcinogensatwork.eu\\\/fi\\\/stop-carcinogens-at-work\\\/oikeudet-ja-velvollisuudet\\\/\",\"name\":\"Oikeudet ja velvollisuudet - STOP carcinogens at work\",\"isPartOf\":{\"@id\":\"https:\\\/\\\/stopcarcinogensatwork.eu\\\/fi\\\/#website\"},\"datePublished\":\"2024-04-12T09:14:49+00:00\",\"dateModified\":\"2026-02-26T09:32:35+00:00\",\"description\":\"Tutustu oikeuksiisi ja velvollisuuksiisi ty\u00f6skennelless\u00e4si karsinogeenien parissa, mukaan lukien riskinarvioinnit, koulutus ja l\u00e4\u00e4ketieteellist\u00e4 seurantaa koskevat vaatimukset.\",\"breadcrumb\":{\"@id\":\"https:\\\/\\\/stopcarcinogensatwork.eu\\\/fi\\\/stop-carcinogens-at-work\\\/oikeudet-ja-velvollisuudet\\\/#breadcrumb\"},\"inLanguage\":\"fi\",\"potentialAction\":[{\"@type\":\"ReadAction\",\"target\":[\"https:\\\/\\\/stopcarcinogensatwork.eu\\\/fi\\\/stop-carcinogens-at-work\\\/oikeudet-ja-velvollisuudet\\\/\"]}]},{\"@type\":\"BreadcrumbList\",\"@id\":\"https:\\\/\\\/stopcarcinogensatwork.eu\\\/fi\\\/stop-carcinogens-at-work\\\/oikeudet-ja-velvollisuudet\\\/#breadcrumb\",\"itemListElement\":[{\"@type\":\"ListItem\",\"position\":1,\"name\":\"Home\",\"item\":\"https:\\\/\\\/stopcarcinogensatwork.eu\\\/fi\\\/stop-carcinogens-at-work\\\/\"},{\"@type\":\"ListItem\",\"position\":2,\"name\":\"STOP Carcinogens at work\",\"item\":\"https:\\\/\\\/stopcarcinogensatwork.eu\\\/fi\\\/stop-carcinogens-at-work\\\/\"},{\"@type\":\"ListItem\",\"position\":3,\"name\":\"Oikeudet ja velvollisuudet\"}]},{\"@type\":\"WebSite\",\"@id\":\"https:\\\/\\\/stopcarcinogensatwork.eu\\\/fi\\\/#website\",\"url\":\"https:\\\/\\\/stopcarcinogensatwork.eu\\\/fi\\\/\",\"name\":\"STOP Carcinogens at work\",\"description\":\"Every year, about 100.000 people die from cancer that was caused by exposure to carcinogens at work in Europe.\",\"publisher\":{\"@id\":\"https:\\\/\\\/stopcarcinogensatwork.eu\\\/fi\\\/#organization\"},\"alternateName\":\"Roadmap on Carcinogens\",\"potentialAction\":[{\"@type\":\"SearchAction\",\"target\":{\"@type\":\"EntryPoint\",\"urlTemplate\":\"https:\\\/\\\/stopcarcinogensatwork.eu\\\/fi\\\/?s={search_term_string}\"},\"query-input\":{\"@type\":\"PropertyValueSpecification\",\"valueRequired\":true,\"valueName\":\"search_term_string\"}}],\"inLanguage\":\"fi\"},{\"@type\":\"Organization\",\"@id\":\"https:\\\/\\\/stopcarcinogensatwork.eu\\\/fi\\\/#organization\",\"name\":\"TNO\",\"alternateName\":\"This is a European wide voluntary action scheme\",\"url\":\"https:\\\/\\\/stopcarcinogensatwork.eu\\\/fi\\\/\",\"logo\":{\"@type\":\"ImageObject\",\"inLanguage\":\"fi\",\"@id\":\"https:\\\/\\\/stopcarcinogensatwork.eu\\\/fi\\\/#\\\/schema\\\/logo\\\/image\\\/\",\"url\":\"https:\\\/\\\/stopcarcinogensatwork.eu\\\/wp-content\\\/uploads\\\/2024\\\/08\\\/cropped-FavLarge-1.png\",\"contentUrl\":\"https:\\\/\\\/stopcarcinogensatwork.eu\\\/wp-content\\\/uploads\\\/2024\\\/08\\\/cropped-FavLarge-1.png\",\"width\":512,\"height\":512,\"caption\":\"TNO\"},\"image\":{\"@id\":\"https:\\\/\\\/stopcarcinogensatwork.eu\\\/fi\\\/#\\\/schema\\\/logo\\\/image\\\/\"},\"publishingPrinciples\":\"https:\\\/\\\/stopcarcinogensatwork.eu\\\/homepage\\\/legal\\\/\",\"ownershipFundingInfo\":\"https:\\\/\\\/stopcarcinogensatwork.eu\\\/general\\\/about-us\\\/\"}]}<\/script>\n<!-- \/ Yoast SEO Premium plugin. -->","yoast_head_json":{"title":"Oikeudet ja velvollisuudet - STOP carcinogens at work","description":"Tutustu oikeuksiisi ja velvollisuuksiisi ty\u00f6skennelless\u00e4si karsinogeenien parissa, mukaan lukien riskinarvioinnit, koulutus ja l\u00e4\u00e4ketieteellist\u00e4 seurantaa koskevat vaatimukset.","robots":{"index":"index","follow":"follow","max-snippet":"max-snippet:-1","max-image-preview":"max-image-preview:large","max-video-preview":"max-video-preview:-1"},"canonical":"https:\/\/stopcarcinogensatwork.eu\/fi\/stop-carcinogens-at-work\/oikeudet-ja-velvollisuudet\/","og_locale":"fi_FI","og_type":"article","og_title":"Oikeudet ja velvollisuudet","og_description":"Tutustu oikeuksiisi ja velvollisuuksiisi ty\u00f6skennelless\u00e4si karsinogeenien parissa, mukaan lukien riskinarvioinnit, koulutus ja l\u00e4\u00e4ketieteellist\u00e4 seurantaa koskevat vaatimukset.","og_url":"https:\/\/stopcarcinogensatwork.eu\/fi\/stop-carcinogens-at-work\/oikeudet-ja-velvollisuudet\/","og_site_name":"STOP carcinogens at work","article_modified_time":"2026-02-26T09:32:35+00:00","twitter_card":"summary_large_image","twitter_misc":{"Arvioitu lukuaika":"2 minuuttia"},"schema":{"@context":"https:\/\/schema.org","@graph":[{"@type":"WebPage","@id":"https:\/\/stopcarcinogensatwork.eu\/fi\/stop-carcinogens-at-work\/oikeudet-ja-velvollisuudet\/","url":"https:\/\/stopcarcinogensatwork.eu\/fi\/stop-carcinogens-at-work\/oikeudet-ja-velvollisuudet\/","name":"Oikeudet ja velvollisuudet - STOP carcinogens at work","isPartOf":{"@id":"https:\/\/stopcarcinogensatwork.eu\/fi\/#website"},"datePublished":"2024-04-12T09:14:49+00:00","dateModified":"2026-02-26T09:32:35+00:00","description":"Tutustu oikeuksiisi ja velvollisuuksiisi ty\u00f6skennelless\u00e4si karsinogeenien parissa, mukaan lukien riskinarvioinnit, koulutus ja l\u00e4\u00e4ketieteellist\u00e4 seurantaa koskevat vaatimukset.","breadcrumb":{"@id":"https:\/\/stopcarcinogensatwork.eu\/fi\/stop-carcinogens-at-work\/oikeudet-ja-velvollisuudet\/#breadcrumb"},"inLanguage":"fi","potentialAction":[{"@type":"ReadAction","target":["https:\/\/stopcarcinogensatwork.eu\/fi\/stop-carcinogens-at-work\/oikeudet-ja-velvollisuudet\/"]}]},{"@type":"BreadcrumbList","@id":"https:\/\/stopcarcinogensatwork.eu\/fi\/stop-carcinogens-at-work\/oikeudet-ja-velvollisuudet\/#breadcrumb","itemListElement":[{"@type":"ListItem","position":1,"name":"Home","item":"https:\/\/stopcarcinogensatwork.eu\/fi\/stop-carcinogens-at-work\/"},{"@type":"ListItem","position":2,"name":"STOP Carcinogens at work","item":"https:\/\/stopcarcinogensatwork.eu\/fi\/stop-carcinogens-at-work\/"},{"@type":"ListItem","position":3,"name":"Oikeudet ja velvollisuudet"}]},{"@type":"WebSite","@id":"https:\/\/stopcarcinogensatwork.eu\/fi\/#website","url":"https:\/\/stopcarcinogensatwork.eu\/fi\/","name":"STOP Carcinogens at work","description":"Every year, about 100.000 people die from cancer that was caused by exposure to carcinogens at work in Europe.","publisher":{"@id":"https:\/\/stopcarcinogensatwork.eu\/fi\/#organization"},"alternateName":"Roadmap on Carcinogens","potentialAction":[{"@type":"SearchAction","target":{"@type":"EntryPoint","urlTemplate":"https:\/\/stopcarcinogensatwork.eu\/fi\/?s={search_term_string}"},"query-input":{"@type":"PropertyValueSpecification","valueRequired":true,"valueName":"search_term_string"}}],"inLanguage":"fi"},{"@type":"Organization","@id":"https:\/\/stopcarcinogensatwork.eu\/fi\/#organization","name":"TNO","alternateName":"This is a European wide voluntary action scheme","url":"https:\/\/stopcarcinogensatwork.eu\/fi\/","logo":{"@type":"ImageObject","inLanguage":"fi","@id":"https:\/\/stopcarcinogensatwork.eu\/fi\/#\/schema\/logo\/image\/","url":"https:\/\/stopcarcinogensatwork.eu\/wp-content\/uploads\/2024\/08\/cropped-FavLarge-1.png","contentUrl":"https:\/\/stopcarcinogensatwork.eu\/wp-content\/uploads\/2024\/08\/cropped-FavLarge-1.png","width":512,"height":512,"caption":"TNO"},"image":{"@id":"https:\/\/stopcarcinogensatwork.eu\/fi\/#\/schema\/logo\/image\/"},"publishingPrinciples":"https:\/\/stopcarcinogensatwork.eu\/homepage\/legal\/","ownershipFundingInfo":"https:\/\/stopcarcinogensatwork.eu\/general\/about-us\/"}]}},"_links":{"self":[{"href":"https:\/\/stopcarcinogensatwork.eu\/fi\/wp-json\/wp\/v2\/pages\/93479","targetHints":{"allow":["GET"]}}],"collection":[{"href":"https:\/\/stopcarcinogensatwork.eu\/fi\/wp-json\/wp\/v2\/pages"}],"about":[{"href":"https:\/\/stopcarcinogensatwork.eu\/fi\/wp-json\/wp\/v2\/types\/page"}],"author":[{"embeddable":true,"href":"https:\/\/stopcarcinogensatwork.eu\/fi\/wp-json\/wp\/v2\/users\/1"}],"replies":[{"embeddable":true,"href":"https:\/\/stopcarcinogensatwork.eu\/fi\/wp-json\/wp\/v2\/comments?post=93479"}],"version-history":[{"count":0,"href":"https:\/\/stopcarcinogensatwork.eu\/fi\/wp-json\/wp\/v2\/pages\/93479\/revisions"}],"up":[{"embeddable":true,"href":"https:\/\/stopcarcinogensatwork.eu\/fi\/wp-json\/wp\/v2\/pages\/82309"}],"wp:attachment":[{"href":"https:\/\/stopcarcinogensatwork.eu\/fi\/wp-json\/wp\/v2\/media?parent=93479"}],"curies":[{"name":"wp","href":"https:\/\/api.w.org\/{rel}","templated":true}]}}