{"id":93494,"date":"2024-04-25T14:29:54","date_gmt":"2024-04-25T14:29:54","guid":{"rendered":"https:\/\/stopcarcinogensatwork.eu\/stop-carcinogens-at-work\/vastuuvapauslauseke-ja-tietosuoja\/"},"modified":"2026-02-26T09:32:38","modified_gmt":"2026-02-26T09:32:38","slug":"vastuuvapauslauseke-ja-tietosuoja","status":"publish","type":"page","link":"https:\/\/stopcarcinogensatwork.eu\/fi\/stop-carcinogens-at-work\/vastuuvapauslauseke-ja-tietosuoja\/","title":{"rendered":"Vastuuvapauslauseke ja tietosuoja"},"content":{"rendered":"<h3>Ev\u00e4steet ja tietosuoja<\/h3>\n<p>Perustelemme oikeutettua etuamme ymm\u00e4rt\u00e4\u00e4 ja parantaa sivuston suorituskyky\u00e4 ja k\u00e4ytett\u00e4vyytt\u00e4. Koska tiedot ovat t\u00e4ysin anonymisoituja ja niit\u00e4 k\u00e4ytet\u00e4\u00e4n vain yhteenvetomuodossa, emme aseta ponnahdusikkunaa ev\u00e4steiden suostumusbanneria varten. Voit aina vahvistaa ev\u00e4steiden k\u00e4yt\u00f6n osoitteessa: <a href=\"https:\/\/2gdpr.com\" target=\"_blank\" rel=\"noopener\">https:\/\/2gdpr.com<\/a>. N\u00e4m\u00e4 ovat k\u00e4ytt\u00e4m\u00e4mme ev\u00e4steet:   <\/p>\n<h4>1. V\u00e4ltt\u00e4m\u00e4tt\u00f6m\u00e4t ev\u00e4steet<\/h4>\n<p>N\u00e4m\u00e4 ev\u00e4steet ovat v\u00e4ltt\u00e4m\u00e4tt\u00f6mi\u00e4 sivustomme perustoiminnalle. Ne mahdollistavat perustoiminnot, kuten sivun navigoinnin, kielivalinnan ja p\u00e4\u00e4syn suojatuille alueille. Ilman niit\u00e4 sivusto ei voi toimia kunnolla.  <\/p>\n<ul>\n<li>Ev\u00e4steen nimi: wp-wpml_current_language\n<ul>\n<li>Palveluntarjoaja: t\u00e4m\u00e4 verkkosivusto<\/li>\n<li>Tarkoitus: Muistaa nykyisen kielivalintasi<\/li>\n<li>Kesto: istunto<\/li>\n<\/ul>\n<\/li>\n<\/ul>\n<h4>2. Analytiikan ev\u00e4steet<\/h4>\n<p>K\u00e4yt\u00e4mme Google Analyticsia ker\u00e4t\u00e4ksemme anonyymej\u00e4, koottuja tilastoja siit\u00e4, miten k\u00e4vij\u00e4t k\u00e4ytt\u00e4v\u00e4t sivustoamme (esimerkiksi: sivulataukset, istunnon kesto, suosituimmat vieraillut sivut). Olemme ottaneet k\u00e4ytt\u00f6\u00f6n IP-anonymisoinnin, joten t\u00e4ydellist\u00e4 IP-osoitetta ei koskaan tallenneta. <\/p>\n<ul>\n<li>Ev\u00e4steen nimi: _ga_*\n<ul>\n<li>Palveluntarjoaja: google-analytics.com<\/li>\n<li>Tarkoitus: Laskee sivulataukset ja erottaa yksil\u00f6lliset k\u00e4vij\u00e4t.<\/li>\n<li>Kesto: 1 vuosi 1 kuukausi 4 p\u00e4iv\u00e4\u00e4<\/li>\n<\/ul>\n<\/li>\n<li>Ev\u00e4steen nimi: _ga\n<ul>\n<li>Palveluntarjoaja: t\u00e4m\u00e4 verkkosivusto<\/li>\n<li>Tarkoitus: Laskee k\u00e4vij\u00e4- ja istuntotiedot sivuston analytiikkaa varten.<\/li>\n<li>Kesto: 1 vuosi 1 kuukausi 4 p\u00e4iv\u00e4\u00e4<\/li>\n<\/ul>\n<\/li>\n<\/ul>\n<h4><b>Ev\u00e4steiden hallitseminen tai poistaminen<\/b><\/h4>\n<ol>\n<li><strong>Selaimen asetukset:<\/strong> Useimmissa selaimissa voit kielt\u00e4yty\u00e4 ev\u00e4steiden k\u00e4yt\u00f6st\u00e4 tai poistaa ne &#8221;Asetukset&#8221;- tai &#8221;Preferences&#8221;-valikoiden kautta.<\/li>\n<li><strong>Google Analyticsin k\u00e4yt\u00f6n est\u00e4minen: Voit <\/strong>my\u00f6s asentaa Googlen virallisen selainlis\u00e4osan, jolla voit est\u00e4\u00e4 Analyticsin k\u00e4yt\u00f6n kokonaan: https:\/\/tools.google.com\/dlpage\/gaoptout.<\/li>\n<\/ol>\n<p class=\"p3\">Jos poistat n\u00e4m\u00e4 ev\u00e4steet k\u00e4yt\u00f6st\u00e4,<strong> sivuston <\/strong>osat<strong> eiv\u00e4t ehk\u00e4 toimi tarkoitetulla tavalla <\/strong>, emmek\u00e4 voi n\u00e4hd\u00e4, miten olet l\u00f6yt\u00e4nyt tai k\u00e4ytt\u00e4nyt sis\u00e4lt\u00f6\u00e4mme.<\/p>\n<h3>Vastuuvapauslauseke<\/h3>\n<h4>T\u00e4ll\u00e4 verkkosivustolla annetut tiedot<\/h4>\n<p>Roadmap on Carcinogensin kuusi alullepanijaa yll\u00e4pit\u00e4v\u00e4t t\u00e4t\u00e4 verkkosivustoa, jotta yleis\u00f6ll\u00e4 olisi paremmat mahdollisuudet saada tietoa toimintasuunnitelmasta, jolla pyrit\u00e4\u00e4n ehk\u00e4isem\u00e4\u00e4n ja k\u00e4sittelem\u00e4\u00e4n ty\u00f6per\u00e4isest\u00e4 altistumisesta karsinogeeneille aiheutuvia riskej\u00e4. Tavoitteenamme on pit\u00e4\u00e4 tiedot ajantasaisina ja t\u00e4sm\u00e4llisin\u00e4. Jos saamme tiet\u00e4\u00e4 virheist\u00e4, pyrimme korjaamaan ne. Aloitteentekij\u00e4t eiv\u00e4t kuitenkaan ota mink\u00e4\u00e4nlaista vastuuta t\u00e4ll\u00e4 sivustolla olevista tiedoista.   <\/p>\n<p>N\u00e4m\u00e4 tiedot ovat:<\/p>\n<ul>\n<li>on yleisluonteinen, eik\u00e4 sen tarkoituksena ole k\u00e4sitell\u00e4 mink\u00e4\u00e4n yksitt\u00e4isen henkil\u00f6n tai yhteis\u00f6n erityisolosuhteita;<\/li>\n<li>eiv\u00e4t v\u00e4ltt\u00e4m\u00e4tt\u00e4 ole kattavia, t\u00e4ydellisi\u00e4, tarkkoja tai ajantasaisia;<\/li>\n<li>osittain kolmansilta osapuolilta, joista aloitteentekij\u00e4t eiv\u00e4t ole vastuussa;<\/li>\n<li>joskus linkkej\u00e4 ulkopuolisille sivustoille, joita aloittajat eiv\u00e4t voi valvoa ja joista aloittajat eiv\u00e4t ota vastuuta;<\/li>\n<li>ei ole ammatillista tai oikeudellista neuvontaa (jos tarvitset erityisneuvontaa, ota aina yhteytt\u00e4 asianmukaisesti p\u00e4tev\u00e4\u00e4n ammattihenkil\u00f6\u00f6n).<\/li>\n<\/ul>\n<p>Tavoitteenamme on minimoida teknisten virheiden aiheuttamat h\u00e4iri\u00f6t. Jotkin sivustollamme olevat tiedot on kuitenkin saatettu luoda tai j\u00e4sent\u00e4\u00e4 tiedostoissa tai formaateissa, jotka eiv\u00e4t ole virheett\u00f6mi\u00e4, emmek\u00e4 voi taata, ett\u00e4 t\u00e4llaiset ongelmat eiv\u00e4t keskeyt\u00e4 tai muuten vaikuta palveluumme. Aloitteentekij\u00e4t eiv\u00e4t ota vastuuta t\u00e4llaisista ongelmista, jotka johtuvat t\u00e4m\u00e4n sivuston tai linkitettyjen ulkopuolisten sivustojen k\u00e4yt\u00f6st\u00e4.  <\/p>\n<h4>K\u00e4yt\u00e4mme teko\u00e4lyll\u00e4 toimivaa k\u00e4\u00e4nn\u00f6sty\u00f6kalua verkkosivustollamme.<\/h4>\n<p>K\u00e4yt\u00e4mme verkkosivuillamme teko\u00e4ly\u00e4 k\u00e4ytt\u00e4v\u00e4\u00e4 k\u00e4\u00e4nn\u00f6sty\u00f6kalua, jonka \u00e4idinkieliset puhujat tarkistavat ja korjaavat mahdolliset ep\u00e4tarkkuudet. T\u00e4m\u00e4 l\u00e4hestymistapa takaa sek\u00e4 tehokkuuden ett\u00e4 laadun, sill\u00e4 teko\u00e4lyj\u00e4rjestelm\u00e4 kehittyy jatkuvasti ajan my\u00f6t\u00e4. Uskomme, ett\u00e4 t\u00e4m\u00e4 menetelm\u00e4 tarjoaa tehokkaimman ja kustannustehokkaimman tavan tehd\u00e4 verkkosivuistamme monikieliset, mik\u00e4 auttaa meit\u00e4 tavoittamaan laajemman yksityishenkil\u00f6iden ja organisaatioiden yleis\u00f6n. Jos sinulla on palautetta tai ehdotuksia k\u00e4\u00e4nn\u00f6sprosessistamme, otamme mielell\u00e4mme yhteytt\u00e4. Jaa ajatuksesi kanssamme s\u00e4hk\u00f6postitse.    <\/p>\n<h3>Tekij\u00e4noikeus<\/h3>\n<p>J\u00e4ljent\u00e4minen on sallittua, jos l\u00e4hde mainitaan, ellei toisin mainita.<\/p>\n<p>Jos teksti- ja multimediatietojen (\u00e4\u00e4net, kuvat, ohjelmistot jne.) j\u00e4ljent\u00e4miseen tai k\u00e4ytt\u00f6\u00f6n on saatava ennakkolupa, t\u00e4llaisella luvalla kumotaan edell\u00e4 mainittu yleinen lupa ja siin\u00e4 ilmoitetaan selv\u00e4sti mahdolliset k\u00e4ytt\u00f6rajoitukset.<\/p>\n","protected":false},"excerpt":{"rendered":"<p>Ev\u00e4steet ja tietosuoja Perustelemme oikeutettua etuamme ymm\u00e4rt\u00e4\u00e4 ja parantaa sivuston suorituskyky\u00e4 ja k\u00e4ytett\u00e4vyytt\u00e4. Koska tiedot ovat t\u00e4ysin anonymisoituja ja niit\u00e4 k\u00e4ytet\u00e4\u00e4n vain yhteenvetomuodossa, emme aseta ponnahdusikkunaa ev\u00e4steiden suostumusbanneria varten. Voit aina vahvistaa ev\u00e4steiden k\u00e4yt\u00f6n osoitteessa: https:\/\/2gdpr.com. N\u00e4m\u00e4 ovat k\u00e4ytt\u00e4m\u00e4mme ev\u00e4steet: 1. V\u00e4ltt\u00e4m\u00e4tt\u00f6m\u00e4t ev\u00e4steet N\u00e4m\u00e4 ev\u00e4steet ovat v\u00e4ltt\u00e4m\u00e4tt\u00f6mi\u00e4 sivustomme perustoiminnalle. Ne mahdollistavat perustoiminnot, kuten sivun navigoinnin, [&hellip;]<\/p>\n","protected":false},"author":1,"featured_media":0,"parent":82309,"menu_order":0,"comment_status":"closed","ping_status":"closed","template":"","meta":{"inline_featured_image":false,"footnotes":""},"class_list":["post-93494","page","type-page","status-publish","hentry"],"yoast_head":"<!-- This site is optimized with the Yoast SEO Premium plugin v27.0 (Yoast SEO v27.3) - https:\/\/yoast.com\/product\/yoast-seo-premium-wordpress\/ -->\n<title>Vastuuvapauslauseke ja tietosuoja - STOP carcinogens at work<\/title>\n<meta name=\"description\" content=\"Every year, more than 100.000 people die in the EU from cancer caused by carcinogens at work. This must STOP!\" \/>\n<meta name=\"robots\" content=\"noindex, nofollow\" \/>\n<meta property=\"og:locale\" content=\"fi_FI\" \/>\n<meta property=\"og:type\" content=\"article\" \/>\n<meta property=\"og:title\" content=\"Vastuuvapauslauseke ja tietosuoja\" \/>\n<meta property=\"og:description\" content=\"Every year, more than 100.000 people die in the EU from cancer caused by carcinogens at work. This must STOP!\" \/>\n<meta property=\"og:url\" content=\"https:\/\/stopcarcinogensatwork.eu\/fi\/stop-carcinogens-at-work\/vastuuvapauslauseke-ja-tietosuoja\/\" \/>\n<meta property=\"og:site_name\" content=\"STOP carcinogens at work\" \/>\n<meta property=\"article:modified_time\" content=\"2026-02-26T09:32:38+00:00\" \/>\n<meta name=\"twitter:card\" content=\"summary_large_image\" \/>\n<meta name=\"twitter:label1\" content=\"Arvioitu lukuaika\" \/>\n\t<meta name=\"twitter:data1\" content=\"3 minuuttia\" \/>\n<script type=\"application\/ld+json\" class=\"yoast-schema-graph\">{\"@context\":\"https:\\\/\\\/schema.org\",\"@graph\":[{\"@type\":\"WebPage\",\"@id\":\"https:\\\/\\\/stopcarcinogensatwork.eu\\\/fi\\\/stop-carcinogens-at-work\\\/vastuuvapauslauseke-ja-tietosuoja\\\/\",\"url\":\"https:\\\/\\\/stopcarcinogensatwork.eu\\\/fi\\\/stop-carcinogens-at-work\\\/vastuuvapauslauseke-ja-tietosuoja\\\/\",\"name\":\"Vastuuvapauslauseke ja tietosuoja - STOP carcinogens at work\",\"isPartOf\":{\"@id\":\"https:\\\/\\\/stopcarcinogensatwork.eu\\\/fi\\\/#website\"},\"datePublished\":\"2024-04-25T14:29:54+00:00\",\"dateModified\":\"2026-02-26T09:32:38+00:00\",\"description\":\"Every year, more than 100.000 people die in the EU from cancer caused by carcinogens at work. This must STOP!\",\"breadcrumb\":{\"@id\":\"https:\\\/\\\/stopcarcinogensatwork.eu\\\/fi\\\/stop-carcinogens-at-work\\\/vastuuvapauslauseke-ja-tietosuoja\\\/#breadcrumb\"},\"inLanguage\":\"fi\",\"potentialAction\":[{\"@type\":\"ReadAction\",\"target\":[\"https:\\\/\\\/stopcarcinogensatwork.eu\\\/fi\\\/stop-carcinogens-at-work\\\/vastuuvapauslauseke-ja-tietosuoja\\\/\"]}]},{\"@type\":\"BreadcrumbList\",\"@id\":\"https:\\\/\\\/stopcarcinogensatwork.eu\\\/fi\\\/stop-carcinogens-at-work\\\/vastuuvapauslauseke-ja-tietosuoja\\\/#breadcrumb\",\"itemListElement\":[{\"@type\":\"ListItem\",\"position\":1,\"name\":\"Home\",\"item\":\"https:\\\/\\\/stopcarcinogensatwork.eu\\\/fi\\\/stop-carcinogens-at-work\\\/\"},{\"@type\":\"ListItem\",\"position\":2,\"name\":\"STOP Carcinogens at work\",\"item\":\"https:\\\/\\\/stopcarcinogensatwork.eu\\\/fi\\\/stop-carcinogens-at-work\\\/\"},{\"@type\":\"ListItem\",\"position\":3,\"name\":\"Vastuuvapauslauseke ja tietosuoja\"}]},{\"@type\":\"WebSite\",\"@id\":\"https:\\\/\\\/stopcarcinogensatwork.eu\\\/fi\\\/#website\",\"url\":\"https:\\\/\\\/stopcarcinogensatwork.eu\\\/fi\\\/\",\"name\":\"STOP Carcinogens at work\",\"description\":\"Every year, about 100.000 people die from cancer that was caused by exposure to carcinogens at work in Europe.\",\"publisher\":{\"@id\":\"https:\\\/\\\/stopcarcinogensatwork.eu\\\/fi\\\/#organization\"},\"alternateName\":\"Roadmap on Carcinogens\",\"potentialAction\":[{\"@type\":\"SearchAction\",\"target\":{\"@type\":\"EntryPoint\",\"urlTemplate\":\"https:\\\/\\\/stopcarcinogensatwork.eu\\\/fi\\\/?s={search_term_string}\"},\"query-input\":{\"@type\":\"PropertyValueSpecification\",\"valueRequired\":true,\"valueName\":\"search_term_string\"}}],\"inLanguage\":\"fi\"},{\"@type\":\"Organization\",\"@id\":\"https:\\\/\\\/stopcarcinogensatwork.eu\\\/fi\\\/#organization\",\"name\":\"TNO\",\"alternateName\":\"This is a European wide voluntary action scheme\",\"url\":\"https:\\\/\\\/stopcarcinogensatwork.eu\\\/fi\\\/\",\"logo\":{\"@type\":\"ImageObject\",\"inLanguage\":\"fi\",\"@id\":\"https:\\\/\\\/stopcarcinogensatwork.eu\\\/fi\\\/#\\\/schema\\\/logo\\\/image\\\/\",\"url\":\"https:\\\/\\\/stopcarcinogensatwork.eu\\\/wp-content\\\/uploads\\\/2024\\\/08\\\/cropped-FavLarge-1.png\",\"contentUrl\":\"https:\\\/\\\/stopcarcinogensatwork.eu\\\/wp-content\\\/uploads\\\/2024\\\/08\\\/cropped-FavLarge-1.png\",\"width\":512,\"height\":512,\"caption\":\"TNO\"},\"image\":{\"@id\":\"https:\\\/\\\/stopcarcinogensatwork.eu\\\/fi\\\/#\\\/schema\\\/logo\\\/image\\\/\"},\"publishingPrinciples\":\"https:\\\/\\\/stopcarcinogensatwork.eu\\\/homepage\\\/legal\\\/\",\"ownershipFundingInfo\":\"https:\\\/\\\/stopcarcinogensatwork.eu\\\/general\\\/about-us\\\/\"}]}<\/script>\n<!-- \/ Yoast SEO Premium plugin. -->","yoast_head_json":{"title":"Vastuuvapauslauseke ja tietosuoja - STOP carcinogens at work","description":"Every year, more than 100.000 people die in the EU from cancer caused by carcinogens at work. This must STOP!","robots":{"index":"noindex","follow":"nofollow"},"og_locale":"fi_FI","og_type":"article","og_title":"Vastuuvapauslauseke ja tietosuoja","og_description":"Every year, more than 100.000 people die in the EU from cancer caused by carcinogens at work. This must STOP!","og_url":"https:\/\/stopcarcinogensatwork.eu\/fi\/stop-carcinogens-at-work\/vastuuvapauslauseke-ja-tietosuoja\/","og_site_name":"STOP carcinogens at work","article_modified_time":"2026-02-26T09:32:38+00:00","twitter_card":"summary_large_image","twitter_misc":{"Arvioitu lukuaika":"3 minuuttia"},"schema":{"@context":"https:\/\/schema.org","@graph":[{"@type":"WebPage","@id":"https:\/\/stopcarcinogensatwork.eu\/fi\/stop-carcinogens-at-work\/vastuuvapauslauseke-ja-tietosuoja\/","url":"https:\/\/stopcarcinogensatwork.eu\/fi\/stop-carcinogens-at-work\/vastuuvapauslauseke-ja-tietosuoja\/","name":"Vastuuvapauslauseke ja tietosuoja - STOP carcinogens at work","isPartOf":{"@id":"https:\/\/stopcarcinogensatwork.eu\/fi\/#website"},"datePublished":"2024-04-25T14:29:54+00:00","dateModified":"2026-02-26T09:32:38+00:00","description":"Every year, more than 100.000 people die in the EU from cancer caused by carcinogens at work. This must STOP!","breadcrumb":{"@id":"https:\/\/stopcarcinogensatwork.eu\/fi\/stop-carcinogens-at-work\/vastuuvapauslauseke-ja-tietosuoja\/#breadcrumb"},"inLanguage":"fi","potentialAction":[{"@type":"ReadAction","target":["https:\/\/stopcarcinogensatwork.eu\/fi\/stop-carcinogens-at-work\/vastuuvapauslauseke-ja-tietosuoja\/"]}]},{"@type":"BreadcrumbList","@id":"https:\/\/stopcarcinogensatwork.eu\/fi\/stop-carcinogens-at-work\/vastuuvapauslauseke-ja-tietosuoja\/#breadcrumb","itemListElement":[{"@type":"ListItem","position":1,"name":"Home","item":"https:\/\/stopcarcinogensatwork.eu\/fi\/stop-carcinogens-at-work\/"},{"@type":"ListItem","position":2,"name":"STOP Carcinogens at work","item":"https:\/\/stopcarcinogensatwork.eu\/fi\/stop-carcinogens-at-work\/"},{"@type":"ListItem","position":3,"name":"Vastuuvapauslauseke ja tietosuoja"}]},{"@type":"WebSite","@id":"https:\/\/stopcarcinogensatwork.eu\/fi\/#website","url":"https:\/\/stopcarcinogensatwork.eu\/fi\/","name":"STOP Carcinogens at work","description":"Every year, about 100.000 people die from cancer that was caused by exposure to carcinogens at work in Europe.","publisher":{"@id":"https:\/\/stopcarcinogensatwork.eu\/fi\/#organization"},"alternateName":"Roadmap on Carcinogens","potentialAction":[{"@type":"SearchAction","target":{"@type":"EntryPoint","urlTemplate":"https:\/\/stopcarcinogensatwork.eu\/fi\/?s={search_term_string}"},"query-input":{"@type":"PropertyValueSpecification","valueRequired":true,"valueName":"search_term_string"}}],"inLanguage":"fi"},{"@type":"Organization","@id":"https:\/\/stopcarcinogensatwork.eu\/fi\/#organization","name":"TNO","alternateName":"This is a European wide voluntary action scheme","url":"https:\/\/stopcarcinogensatwork.eu\/fi\/","logo":{"@type":"ImageObject","inLanguage":"fi","@id":"https:\/\/stopcarcinogensatwork.eu\/fi\/#\/schema\/logo\/image\/","url":"https:\/\/stopcarcinogensatwork.eu\/wp-content\/uploads\/2024\/08\/cropped-FavLarge-1.png","contentUrl":"https:\/\/stopcarcinogensatwork.eu\/wp-content\/uploads\/2024\/08\/cropped-FavLarge-1.png","width":512,"height":512,"caption":"TNO"},"image":{"@id":"https:\/\/stopcarcinogensatwork.eu\/fi\/#\/schema\/logo\/image\/"},"publishingPrinciples":"https:\/\/stopcarcinogensatwork.eu\/homepage\/legal\/","ownershipFundingInfo":"https:\/\/stopcarcinogensatwork.eu\/general\/about-us\/"}]}},"_links":{"self":[{"href":"https:\/\/stopcarcinogensatwork.eu\/fi\/wp-json\/wp\/v2\/pages\/93494","targetHints":{"allow":["GET"]}}],"collection":[{"href":"https:\/\/stopcarcinogensatwork.eu\/fi\/wp-json\/wp\/v2\/pages"}],"about":[{"href":"https:\/\/stopcarcinogensatwork.eu\/fi\/wp-json\/wp\/v2\/types\/page"}],"author":[{"embeddable":true,"href":"https:\/\/stopcarcinogensatwork.eu\/fi\/wp-json\/wp\/v2\/users\/1"}],"replies":[{"embeddable":true,"href":"https:\/\/stopcarcinogensatwork.eu\/fi\/wp-json\/wp\/v2\/comments?post=93494"}],"version-history":[{"count":0,"href":"https:\/\/stopcarcinogensatwork.eu\/fi\/wp-json\/wp\/v2\/pages\/93494\/revisions"}],"up":[{"embeddable":true,"href":"https:\/\/stopcarcinogensatwork.eu\/fi\/wp-json\/wp\/v2\/pages\/82309"}],"wp:attachment":[{"href":"https:\/\/stopcarcinogensatwork.eu\/fi\/wp-json\/wp\/v2\/media?parent=93494"}],"curies":[{"name":"wp","href":"https:\/\/api.w.org\/{rel}","templated":true}]}}