{"id":93496,"date":"2024-08-31T07:07:44","date_gmt":"2024-08-31T07:07:44","guid":{"rendered":"https:\/\/stopcarcinogensatwork.eu\/yleista\/syopaa-aiheuttavia-aineita-koskevasta-etenemissuunnitelmasta\/haasteet\/"},"modified":"2026-02-26T09:32:39","modified_gmt":"2026-02-26T09:32:39","slug":"haasteet","status":"publish","type":"page","link":"https:\/\/stopcarcinogensatwork.eu\/fi\/yleista\/syopaa-aiheuttavia-aineita-koskevasta-etenemissuunnitelmasta\/haasteet\/","title":{"rendered":"Haasteet"},"content":{"rendered":"<p><img fetchpriority=\"high\" decoding=\"async\" class=\"alignnone wp-image-20623 size-full\" src=\"https:\/\/stopcarcinogensatwork.eu\/wp-content\/uploads\/2024\/08\/Pillars.png\" alt=\"\" width=\"1384\" height=\"736\" srcset=\"https:\/\/stopcarcinogensatwork.eu\/wp-content\/uploads\/2024\/08\/Pillars.png 1384w, https:\/\/stopcarcinogensatwork.eu\/wp-content\/uploads\/2024\/08\/Pillars-300x160.png 300w, https:\/\/stopcarcinogensatwork.eu\/wp-content\/uploads\/2024\/08\/Pillars-768x408.png 768w\" sizes=\"(max-width: 1384px) 100vw, 1384px\" \/><\/p>\n<blockquote><p>Vuodesta 2021 alkaen Roadmap on Carcinogensissa on k\u00e4ynnistetty kaksitoista haastetta, joiden avulla pyrit\u00e4\u00e4n lis\u00e4\u00e4m\u00e4\u00e4n vaikutusta ja ehk\u00e4isem\u00e4\u00e4n ty\u00f6ntekij\u00f6iden altistumista karsinogeeneille (lue koko<a href=\"https:\/\/stopcarcinogensatwork.eu\/wp-content\/uploads\/2024\/09\/200903_RoC2.0_Strategy.pdf\" target=\"_blank\" rel=\"noopener\">strategia t\u00e4\u00e4lt\u00e4).<\/a><\/p><\/blockquote>\n<p>Etenemissuunnitelmassa on vuosiksi 2020-2024 asetettu seuraavat nelj\u00e4 tavoitetta:<\/p>\n<ul>\n<li><strong>Pilari 1:<\/strong> Yritysten ja ty\u00f6ntekij\u00f6iden tietoisuuden <strong>lis\u00e4\u00e4minen<\/strong> Euroopassa karsinogeeneille altistumisen riskeist\u00e4 ja ennaltaehk\u00e4isevien toimien tarpeesta.<\/li>\n<li><strong>Pilari 2: Autetaan<\/strong> yrityksi\u00e4 ja ty\u00f6ntekij\u00f6it\u00e4 ehk\u00e4isem\u00e4\u00e4n altistumista karsinogeeneille ty\u00f6paikoilla ja minimoimaan sen vaikutukset ty\u00f6voimaan.<\/li>\n<li><strong>Pilari 3:<\/strong> Teollisuuden ja alojen <strong>sitouttaminen<\/strong> ja asianomaisten osapuolten osallistumisen lis\u00e4\u00e4minen, jotta voimme moninkertaistaa ponnistuksemme koko Euroopassa.<\/li>\n<li><strong>Pilari 4: Kohdistetaan<\/strong> innovaatioita, joilla kurotaan umpeen tutkimustulosten ja yritysten tarpeiden v\u00e4linen kuilu.<\/li>\n<\/ul>\n<p>N\u00e4m\u00e4 pilarit on jaettu 12 haasteeseen. N\u00e4iden haasteiden toteuttaminen edist\u00e4\u00e4 tavoitteiden saavuttamista. Jokaisen haasteen toteuttaa etenemissuunnitelman kumppaneiden tiimi.  <\/p>\n<h3>Haaste 1.1 &#8211; Paremmat tiedot<\/h3>\n<p>Karsinogeeneille altistumista koskevat paremmat ja yksityiskohtaisemmat tiedot ovat v\u00e4ltt\u00e4m\u00e4tt\u00f6mi\u00e4, jotta voidaan lis\u00e4t\u00e4 tietoisuutta toiminnan tarpeesta ja seurata &#8211; erityisesti pitk\u00e4ll\u00e4 aikav\u00e4lill\u00e4 &#8211; pystymmek\u00f6 v\u00e4hent\u00e4m\u00e4\u00e4n karsinogeenien k\u00e4ytt\u00f6\u00e4 ty\u00f6paikoilla.<\/p>\n<p><strong>Tulokset:<\/strong><\/p>\n<ul>\n<li><a href=\"https:\/\/stopcarcinogensatwork.eu\/wp-content\/uploads\/2024\/08\/Ch1.1_Conclusion_Report_20230125.pdf\" target=\"_blank\" rel=\"noopener\">Yksityiskohtainen raportti on saatavilla (pdf).<\/a><\/li>\n<li><a href=\"https:\/\/stopcarcinogensatwork.eu\/fi\/tyoperaiselle-karsinogeenille-altistumista-koskevat-mittaustietokannat\/\" target=\"_blank\" rel=\"noopener\">Yleiskatsaus altistumisen mittaustietokantoihin on <strong>saatavilla t\u00e4ll\u00e4 verkkosivustolla.<\/strong><\/a><\/li>\n<li><a href=\"https:\/\/stopcarcinogensatwork.eu\/fi\/karsinogeeneille-altistuneita-tyontekijoita-koskevat-rekisterit\/\" target=\"_blank\" rel=\"noopener\">Karsinogeeneille altistuvia ty\u00f6ntekij\u00f6it\u00e4 koskevat rekisterit ovat <strong>saatavilla t\u00e4ll\u00e4 verkkosivustolla.<\/strong><\/a><\/li>\n<li><a href=\"https:\/\/stopcarcinogensatwork.eu\/wp-content\/uploads\/2024\/08\/Ch1.1_joint_research_projects_v2.1.pdf\" target=\"_blank\" rel=\"noopener\">Yhteiset tutkimushankkeet, jotka tuottavat tietoa ammatillisesta karsinogeenisen altistuksen vuoksi aiheutuvasta sy\u00f6p\u00e4vaarasta (pdf)<\/a><\/li>\n<\/ul>\n<h3>Haaste 1.2 &#8211; Koulutus on avainasemassa<\/h3>\n<p>Mottoon &#8221;You can&#8217;t teach an old dog new tricks&#8221; uskollisena on tarpeen aloittaa tiedotustoimet peruskouluissa ja sis\u00e4llytt\u00e4\u00e4 ne paremmin ammatilliseen koulutukseen.<\/p>\n<p><strong>Tulokset:<\/strong><\/p>\n<ul>\n<li>Peruskoulun opettajille on pian saatavilla koulutusmateriaalia.<\/li>\n<li>Pelillist\u00e4misv\u00e4line on kehitetty ja se on <a href=\"https:\/\/stopcarcinogensatwork.eu\/fi\/good-practice\/karsinogeenien-aiheuttamien-riskien-hallinta-tyopaikalla-koulutuksen-avulla\/\" target=\"_blank\" rel=\"noopener\"><strong>tehty <\/strong><strong>saatavilla t\u00e4m\u00e4n verkkosivuston kautta.<\/strong><\/a><\/li>\n<\/ul>\n<h3>Haaste 2.1 &#8211; Korvausstrategiat<\/h3>\n<p>Sy\u00f6p\u00e4\u00e4 aiheuttaville tekij\u00f6ille altistumisen ehk\u00e4isemiseksi ty\u00f6ss\u00e4 toteutettavien toimenpiteiden hierarkian k\u00e4rjess\u00e4 on korvaaminen turvallisemmilla vaihtoehdoilla, ja korvaamista ja innovointia koskevien esimerkkien ker\u00e4\u00e4minen auttaa yrityksi\u00e4 etsim\u00e4\u00e4n onnistunutta korvaamissuunnitelmaa.<\/p>\n<ul>\n<li>REACH-j\u00e4rjestelm\u00e4n lupahakemusten vaihtoehtojen kattavat tiivistelm\u00e4t ovat saatavilla t\u00e4ll\u00e4 verkkosivustolla kunkin faktan kohdalla.<\/li>\n<li><a href=\"https:\/\/stopcarcinogensatwork.eu\/fi\/yleista\/syopaa-aiheuttavia-aineita-koskevasta-etenemissuunnitelmasta\/haasteet\/mahdolliset-vaihtoehdot-kromille\/\" target=\"_blank\" rel=\"noopener\">Mahdollisia vaihtoehtoja kromitrioksidille yleisess\u00e4 teollisuudessa k\u00e4ytett\u00e4v\u00e4n\u00e4 pinnoitusaineena l\u00f6ytyy t\u00e4\u00e4lt\u00e4.<\/a><\/li>\n<\/ul>\n<h3>Haaste 2.2 &#8211; Ohjeet riskienhallintaan<\/h3>\n<p>Haasteen tavoitteena oli antaa ohjeita riskinhallintaan ja lis\u00e4t\u00e4 tietoisuutta STOP-periaatteen mukaisista riskien v\u00e4hent\u00e4misstrategioista. J\u00e4lkimm\u00e4ist\u00e4 koskevien esitteiden laatimisen lis\u00e4ksi haastajaryhm\u00e4 seuloi monia teht\u00e4v\u00e4kohtaisia valvontaohjeita ker\u00e4t\u00e4kseen yleisi\u00e4 piirteit\u00e4 mallia varten. T\u00e4m\u00e4 tukee turvallisuusohjeiden laatimista ja auttaa viestim\u00e4\u00e4n karsinogeenien riskinhallinnan kannalta t\u00e4rkeimmist\u00e4 n\u00e4k\u00f6kohdista. <a href=\"https:\/\/stopcarcinogensatwork.eu\/fi\/tutustu-ennaltaehkaisyn-perusstrategioihin\/\" target=\"_blank\" rel=\"noopener\">S &#8211; T &#8211; O &#8211; P -lehtisten sis\u00e4lt\u00f6 l\u00f6ytyy verkkosivuilta<\/a>.<br \/>\nHaasteesta saadaan pian lis\u00e4\u00e4 tuloksia:  <\/p>\n<ul>\n<li><a href=\"https:\/\/stopcarcinogensatwork.eu\/fi\/tutustu-ennaltaehkaisyn-perusstrategioihin\/\" target=\"_blank\" rel=\"noopener\">Ladattavat S &#8211; T &#8211; O &#8211; P -esitteet<\/a>.<\/li>\n<li>Alusta, jonka avulla laitokset voivat luoda<a href=\"https:\/\/stopcarcinogensatwork.eu\/fi\/yleista\/tee-yhteistyota-kanssamme\/\" target=\"_blank\" rel=\"noopener\"> yhteiskuntavastuukirjoja haastety\u00f6ryhm\u00e4n kehitt\u00e4m\u00e4n mallin pohjalta.<\/a> Ty\u00f6nantajille tarkoitetut CGS:t jaetaan verkkosivustolla. <\/li>\n<li><a href=\"https:\/\/stopcarcinogensatwork.eu\/wp-content\/uploads\/2025\/05\/Ch22_Conclusion_Report_20250521.pdf\" target=\"_blank\" rel=\"noopener\">Haasteet 2.2 -raportti<\/a><\/li>\n<\/ul>\n<h3>Haaste 2.3 &#8211; Rahoitus yrityksille<\/h3>\n<p>Tiedet\u00e4\u00e4n, ett\u00e4 eri organisaatioilla, kuten j\u00e4senvaltioilla, toimialoilla tai alakohtaisilla j\u00e4rjest\u00f6ill\u00e4, kansallisilla sosiaaliturva- ja vakuutusaloitteilla ja muilla, on jo k\u00e4yt\u00f6ss\u00e4 rahastoja tai erityisi\u00e4 verotustoimenpiteit\u00e4, joilla kannustetaan yrityksi\u00e4 investoimaan ty\u00f6turvallisuuteen ja ty\u00f6terveyteen.<\/p>\n<ul>\n<li><a href=\"https:\/\/stopcarcinogensatwork.eu\/wp-content\/uploads\/2025\/05\/Final-report-RoC-Ch2.3andCh3.1-BusinessEurope.pdf\">Haasteet 2.3 ja 3.1 -raportti<\/a><\/li>\n<\/ul>\n<h3>Haaste 3.1 &#8211; Toimialojen ja sektoreiden osallistaminen<\/h3>\n<p>Mit\u00e4 useammat eri toimialojen ja sektoreiden v\u00e4liset organisaatiot saadaan mukaan Roadmap on Carcinogensiin, sit\u00e4 enemm\u00e4n yritykset hy\u00f6tyv\u00e4t kartoitetuista ja selostetuista ratkaisuista.<\/p>\n<ul>\n<li><a href=\"https:\/\/stopcarcinogensatwork.eu\/wp-content\/uploads\/2025\/05\/Final-report-RoC-Ch2.3andCh3.1-BusinessEurope.pdf\">Haasteet 2.3 ja 3.1 -raportti<\/a><\/li>\n<\/ul>\n<h3>Haaste 3.2 &#8211; Ammatillista ennaltaehk\u00e4isy\u00e4 harjoittavien j\u00e4rjest\u00f6jen osallistuminen toimintaan<\/h3>\n<p>Sidosryhmien, kuten ty\u00f6el\u00e4m\u00e4n ennaltaehk\u00e4isyj\u00e4rjest\u00f6jen, mukaan ottaminen on toinen yritysten tukemiseen t\u00e4ht\u00e4\u00e4v\u00e4 tekij\u00e4, sill\u00e4 se tarjoaa v\u00e4lineit\u00e4, joiden avulla ne voivat itse arvioida, noudattavatko ne lakis\u00e4\u00e4teisi\u00e4 s\u00e4\u00e4nn\u00f6ksi\u00e4, ja ottaa k\u00e4ytt\u00f6\u00f6n asianmukaisia riskinhallintatoimenpiteit\u00e4.<\/p>\n<ul>\n<li><a href=\"https:\/\/stopcarcinogensatwork.eu\/wp-content\/uploads\/2025\/05\/PDF250528_Ch3.2_Conclusion_Report.pdf\" target=\"_blank\" rel=\"noopener\">Yhteenvetoraportti hankkeesta l\u00f6ytyy t\u00e4\u00e4lt\u00e4.<\/a><\/li>\n<li><a href=\"https:\/\/stopcarcinogensatwork.eu\/fi\/etsi-ammatteja\/\" target=\"_blank\" rel=\"noopener\"><strong>T\u00e4m\u00e4 on t\u00e4rke\u00e4 integraatio verkkosivustolla.<\/strong>  Tarkista, onko ammatissasi karsinogeenia, t\u00e4\u00e4lt\u00e4<\/a><\/li>\n<\/ul>\n<h3>Haaste 3.3 &#8211; Yhteisty\u00f6 tarkastusviranomaisten kanssa<\/h3>\n<p>Valvonta on t\u00e4rke\u00e4 keino varmistaa s\u00e4\u00e4nt\u00f6jen noudattaminen. Miten valvontaelimet ja etenemissuunnitelma voivat olla yhteydess\u00e4 toisiinsa? <\/p>\n<ul>\n<li><a href=\"https:\/\/stopcarcinogensatwork.eu\/fi\/yleista\/tee-yhteistyota-kanssamme\/\" target=\"_blank\" rel=\"noopener\">Integroitu t\u00e4ll\u00e4 verkkosivustolla<\/a><\/li>\n<\/ul>\n<h3>Haaste 3.4 &#8211; Ty\u00f6ntekij\u00f6iden vaikutusmahdollisuuksien lis\u00e4\u00e4minen<\/h3>\n<p>Ty\u00f6ntekij\u00f6iden on oltava tietoisia oikeuksistaan ja velvollisuuksistaan, jotta he voivat osallistua ty\u00f6nantajan suorittamaan riskinarviointiin ja toteuttaa asianmukaiset ehk\u00e4isytoimenpiteet karsinogeeneille altistumisen poistamiseksi tai v\u00e4hent\u00e4miseksi.<\/p>\n<ul>\n<li>Ilmoitetaan my\u00f6hemmin<\/li>\n<\/ul>\n<h3>Haaste 4.1 &#8211; Kuilun umpeen kurominen<\/h3>\n<p>Ty\u00f6paikkojen todellisiin tarpeisiin kohdennetut innovaatiot ovat olennaisen t\u00e4rkeit\u00e4, jotta voidaan ehk\u00e4ist\u00e4 altistumista karsinogeeneille tai materiaaleille koko niiden elinkaaren ajan &#8211; t\u00e4m\u00e4n tiedon on oltava yleisesti ymm\u00e4rrett\u00e4v\u00e4\u00e4.<\/p>\n<p><a href=\"https:\/\/stopcarcinogensatwork.eu\/wp-content\/uploads\/2024\/08\/Ch4.1_Preparatory_Report_211216-NEW.pdf\" target=\"_blank\" rel=\"noopener\">&#8211; Saatavilla on yksityiskohtainen raportti, johon sis\u00e4ltyy OnePager-sarja, jossa esitet\u00e4\u00e4n yhteenveto mahdollisista yhteyksist\u00e4 tutkimusyhteis\u00f6\u00f6n.<\/a><\/p>\n<h3>Haaste 4.2 &#8211; Prosessissa syntyv\u00e4t karsinogeenit<\/h3>\n<p>Prosessissa syntyv\u00e4t karsinogeenit syntyv\u00e4t ty\u00f6prosessin sivutuotteena. Niihin on kiinnitett\u00e4v\u00e4 erityist\u00e4 huomiota, koska niiss\u00e4 ei ole merkint\u00f6j\u00e4 eik\u00e4 niit\u00e4 v\u00e4ltt\u00e4m\u00e4tt\u00e4 mainita k\u00e4ytt\u00f6turvallisuustiedotteissa. <\/p>\n<ul>\n<li><a href=\"https:\/\/stopcarcinogensatwork.eu\/wp-content\/uploads\/2024\/08\/Silica-Dust-in-Construction.pdf\" target=\"_blank\" rel=\"noopener\">It\u00e4vallan piidioksidip\u00f6ly\u00e4 koskevasta tarkastuskampanjasta on saatavilla yksityiskohtainen raportti.<\/a><\/li>\n<li><a href=\"https:\/\/stopcarcinogensatwork.eu\/wp-content\/uploads\/2024\/08\/Mineral-Dusts-in-Mining.pdf\" target=\"_blank\" rel=\"noopener\">Kaivostoiminnan mineraalip\u00f6ly\u00e4 koskeva raportti on saatavilla<\/a><\/li>\n<li><a href=\"https:\/\/stopcarcinogensatwork.eu\/wp-content\/uploads\/2024\/09\/TNO2023_R10498_RoC_Challenge_4.2-1.pdf\" target=\"_blank\" rel=\"noopener\">Prosessissa syntyvi\u00e4 aineita koskeva raportti on saatavilla<\/a><\/li>\n<li>Tietosivut <a href=\"https:\/\/stopcarcinogensatwork.eu\/fi\/fact\/kuluminen-prosessi\/\" target=\"_blank\" rel=\"noopener\">hankauksesta ja<\/a> <a href=\"https:\/\/stopcarcinogensatwork.eu\/fi\/fact\/palaminen-prosessi\/\" target=\"_blank\" rel=\"noopener\">palamisesta ovat<\/a> saatavilla t\u00e4ll\u00e4 verkkosivustolla.<\/li>\n<\/ul>\n<h3>Haaste 4.3 &#8211; Turvalliset ty\u00f6menetelm\u00e4t<\/h3>\n<p>Turvalliset ty\u00f6menetelm\u00e4t voivat olla hyv\u00e4ksyttyj\u00e4 vaihtoehtoja samaa toimintaa harjoittaville yritysryhmille sen sijaan, ett\u00e4 tehd\u00e4\u00e4n mittauksia ja verrataan raja-arvoihin kunkin yrityksen, kunkin toiminnan ja kunkin aineen osalta.<\/p>\n<ul>\n<li><a href=\"https:\/\/stopcarcinogensatwork.eu\/wp-content\/uploads\/2024\/08\/TNO2023-R10499_RoC-Ch4.3_TNO-Report-general-challenge-report_getekend.pdf\" target=\"_blank\" rel=\"noopener\">Yksityiskohtainen raportti l\u00f6ytyy t\u00e4\u00e4lt\u00e4<\/a><\/li>\n<\/ul>\n<h3>ROC2.0:n loppuraportti<\/h3>\n<p>Yhteenveto Roadmap on Carcinogensin toisen etenemissuunnitelman (RoC2.0) kaikista toimista ja saavutuksista on nyt julkaistu.<a href=\"https:\/\/stopcarcinogensatwork.eu\/wp-content\/uploads\/2025\/10\/250922_RoC2.0_wrap_up_FINAL.pdf\">  t\u00e4ss\u00e4 raportissa.<\/a><\/p>\n","protected":false},"excerpt":{"rendered":"<p>Vuodesta 2021 alkaen Roadmap on Carcinogensissa on k\u00e4ynnistetty kaksitoista haastetta, joiden avulla pyrit\u00e4\u00e4n lis\u00e4\u00e4m\u00e4\u00e4n vaikutusta ja ehk\u00e4isem\u00e4\u00e4n ty\u00f6ntekij\u00f6iden altistumista karsinogeeneille (lue kokostrategia t\u00e4\u00e4lt\u00e4). Etenemissuunnitelmassa on vuosiksi 2020-2024 asetettu seuraavat nelj\u00e4 tavoitetta: Pilari 1: Yritysten ja ty\u00f6ntekij\u00f6iden tietoisuuden lis\u00e4\u00e4minen Euroopassa karsinogeeneille altistumisen riskeist\u00e4 ja ennaltaehk\u00e4isevien toimien tarpeesta. Pilari 2: Autetaan yrityksi\u00e4 ja ty\u00f6ntekij\u00f6it\u00e4 ehk\u00e4isem\u00e4\u00e4n altistumista karsinogeeneille [&hellip;]<\/p>\n","protected":false},"author":1,"featured_media":0,"parent":93448,"menu_order":0,"comment_status":"closed","ping_status":"closed","template":"","meta":{"inline_featured_image":false,"footnotes":""},"class_list":["post-93496","page","type-page","status-publish","hentry"],"yoast_head":"<!-- This site is optimized with the Yoast SEO Premium plugin v27.0 (Yoast SEO v27.3) - https:\/\/yoast.com\/product\/yoast-seo-premium-wordpress\/ -->\n<title>Haasteet - STOP carcinogens at work<\/title>\n<meta name=\"description\" content=\"Every year, more than 100.000 people die in the EU from cancer caused by carcinogens at work. This must STOP!\" \/>\n<meta name=\"robots\" content=\"index, follow, max-snippet:-1, max-image-preview:large, max-video-preview:-1\" \/>\n<link rel=\"canonical\" href=\"https:\/\/stopcarcinogensatwork.eu\/fi\/yleista\/syopaa-aiheuttavia-aineita-koskevasta-etenemissuunnitelmasta\/haasteet\/\" \/>\n<meta property=\"og:locale\" content=\"fi_FI\" \/>\n<meta property=\"og:type\" content=\"article\" \/>\n<meta property=\"og:title\" content=\"Haasteet\" \/>\n<meta property=\"og:description\" content=\"Every year, more than 100.000 people die in the EU from cancer caused by carcinogens at work. This must STOP!\" \/>\n<meta property=\"og:url\" content=\"https:\/\/stopcarcinogensatwork.eu\/fi\/yleista\/syopaa-aiheuttavia-aineita-koskevasta-etenemissuunnitelmasta\/haasteet\/\" \/>\n<meta property=\"og:site_name\" content=\"STOP carcinogens at work\" \/>\n<meta property=\"article:modified_time\" content=\"2026-02-26T09:32:39+00:00\" \/>\n<meta property=\"og:image\" content=\"https:\/\/stopcarcinogensatwork.eu\/wp-content\/uploads\/2024\/08\/Pillars.png\" \/>\n<meta name=\"twitter:card\" content=\"summary_large_image\" \/>\n<meta name=\"twitter:label1\" content=\"Arvioitu lukuaika\" \/>\n\t<meta name=\"twitter:data1\" content=\"4 minuuttia\" \/>\n<script type=\"application\/ld+json\" class=\"yoast-schema-graph\">{\"@context\":\"https:\\\/\\\/schema.org\",\"@graph\":[{\"@type\":\"WebPage\",\"@id\":\"https:\\\/\\\/stopcarcinogensatwork.eu\\\/fi\\\/yleista\\\/syopaa-aiheuttavia-aineita-koskevasta-etenemissuunnitelmasta\\\/haasteet\\\/\",\"url\":\"https:\\\/\\\/stopcarcinogensatwork.eu\\\/fi\\\/yleista\\\/syopaa-aiheuttavia-aineita-koskevasta-etenemissuunnitelmasta\\\/haasteet\\\/\",\"name\":\"Haasteet - STOP carcinogens at work\",\"isPartOf\":{\"@id\":\"https:\\\/\\\/stopcarcinogensatwork.eu\\\/fi\\\/#website\"},\"primaryImageOfPage\":{\"@id\":\"https:\\\/\\\/stopcarcinogensatwork.eu\\\/fi\\\/yleista\\\/syopaa-aiheuttavia-aineita-koskevasta-etenemissuunnitelmasta\\\/haasteet\\\/#primaryimage\"},\"image\":{\"@id\":\"https:\\\/\\\/stopcarcinogensatwork.eu\\\/fi\\\/yleista\\\/syopaa-aiheuttavia-aineita-koskevasta-etenemissuunnitelmasta\\\/haasteet\\\/#primaryimage\"},\"thumbnailUrl\":\"https:\\\/\\\/stopcarcinogensatwork.eu\\\/wp-content\\\/uploads\\\/2024\\\/08\\\/Pillars.png\",\"datePublished\":\"2024-08-31T07:07:44+00:00\",\"dateModified\":\"2026-02-26T09:32:39+00:00\",\"description\":\"Every year, more than 100.000 people die in the EU from cancer caused by carcinogens at work. This must STOP!\",\"breadcrumb\":{\"@id\":\"https:\\\/\\\/stopcarcinogensatwork.eu\\\/fi\\\/yleista\\\/syopaa-aiheuttavia-aineita-koskevasta-etenemissuunnitelmasta\\\/haasteet\\\/#breadcrumb\"},\"inLanguage\":\"fi\",\"potentialAction\":[{\"@type\":\"ReadAction\",\"target\":[\"https:\\\/\\\/stopcarcinogensatwork.eu\\\/fi\\\/yleista\\\/syopaa-aiheuttavia-aineita-koskevasta-etenemissuunnitelmasta\\\/haasteet\\\/\"]}]},{\"@type\":\"ImageObject\",\"inLanguage\":\"fi\",\"@id\":\"https:\\\/\\\/stopcarcinogensatwork.eu\\\/fi\\\/yleista\\\/syopaa-aiheuttavia-aineita-koskevasta-etenemissuunnitelmasta\\\/haasteet\\\/#primaryimage\",\"url\":\"https:\\\/\\\/stopcarcinogensatwork.eu\\\/wp-content\\\/uploads\\\/2024\\\/08\\\/Pillars.png\",\"contentUrl\":\"https:\\\/\\\/stopcarcinogensatwork.eu\\\/wp-content\\\/uploads\\\/2024\\\/08\\\/Pillars.png\"},{\"@type\":\"BreadcrumbList\",\"@id\":\"https:\\\/\\\/stopcarcinogensatwork.eu\\\/fi\\\/yleista\\\/syopaa-aiheuttavia-aineita-koskevasta-etenemissuunnitelmasta\\\/haasteet\\\/#breadcrumb\",\"itemListElement\":[{\"@type\":\"ListItem\",\"position\":1,\"name\":\"Home\",\"item\":\"https:\\\/\\\/stopcarcinogensatwork.eu\\\/fi\\\/stop-carcinogens-at-work\\\/\"},{\"@type\":\"ListItem\",\"position\":2,\"name\":\"Yleist\u00e4\",\"item\":\"https:\\\/\\\/stopcarcinogensatwork.eu\\\/fi\\\/yleista\\\/\"},{\"@type\":\"ListItem\",\"position\":3,\"name\":\"Sy\u00f6p\u00e4\u00e4 aiheuttavia aineita koskevasta toimintaohjelmasta\",\"item\":\"https:\\\/\\\/stopcarcinogensatwork.eu\\\/fi\\\/yleista\\\/syopaa-aiheuttavia-aineita-koskevasta-etenemissuunnitelmasta\\\/\"},{\"@type\":\"ListItem\",\"position\":4,\"name\":\"Haasteet\"}]},{\"@type\":\"WebSite\",\"@id\":\"https:\\\/\\\/stopcarcinogensatwork.eu\\\/fi\\\/#website\",\"url\":\"https:\\\/\\\/stopcarcinogensatwork.eu\\\/fi\\\/\",\"name\":\"STOP Carcinogens at work\",\"description\":\"Every year, about 100.000 people die from cancer that was caused by exposure to carcinogens at work in Europe.\",\"publisher\":{\"@id\":\"https:\\\/\\\/stopcarcinogensatwork.eu\\\/fi\\\/#organization\"},\"alternateName\":\"Roadmap on Carcinogens\",\"potentialAction\":[{\"@type\":\"SearchAction\",\"target\":{\"@type\":\"EntryPoint\",\"urlTemplate\":\"https:\\\/\\\/stopcarcinogensatwork.eu\\\/fi\\\/?s={search_term_string}\"},\"query-input\":{\"@type\":\"PropertyValueSpecification\",\"valueRequired\":true,\"valueName\":\"search_term_string\"}}],\"inLanguage\":\"fi\"},{\"@type\":\"Organization\",\"@id\":\"https:\\\/\\\/stopcarcinogensatwork.eu\\\/fi\\\/#organization\",\"name\":\"TNO\",\"alternateName\":\"This is a European wide voluntary action scheme\",\"url\":\"https:\\\/\\\/stopcarcinogensatwork.eu\\\/fi\\\/\",\"logo\":{\"@type\":\"ImageObject\",\"inLanguage\":\"fi\",\"@id\":\"https:\\\/\\\/stopcarcinogensatwork.eu\\\/fi\\\/#\\\/schema\\\/logo\\\/image\\\/\",\"url\":\"https:\\\/\\\/stopcarcinogensatwork.eu\\\/wp-content\\\/uploads\\\/2024\\\/08\\\/cropped-FavLarge-1.png\",\"contentUrl\":\"https:\\\/\\\/stopcarcinogensatwork.eu\\\/wp-content\\\/uploads\\\/2024\\\/08\\\/cropped-FavLarge-1.png\",\"width\":512,\"height\":512,\"caption\":\"TNO\"},\"image\":{\"@id\":\"https:\\\/\\\/stopcarcinogensatwork.eu\\\/fi\\\/#\\\/schema\\\/logo\\\/image\\\/\"},\"publishingPrinciples\":\"https:\\\/\\\/stopcarcinogensatwork.eu\\\/homepage\\\/legal\\\/\",\"ownershipFundingInfo\":\"https:\\\/\\\/stopcarcinogensatwork.eu\\\/general\\\/about-us\\\/\"}]}<\/script>\n<!-- \/ Yoast SEO Premium plugin. -->","yoast_head_json":{"title":"Haasteet - STOP carcinogens at work","description":"Every year, more than 100.000 people die in the EU from cancer caused by carcinogens at work. This must STOP!","robots":{"index":"index","follow":"follow","max-snippet":"max-snippet:-1","max-image-preview":"max-image-preview:large","max-video-preview":"max-video-preview:-1"},"canonical":"https:\/\/stopcarcinogensatwork.eu\/fi\/yleista\/syopaa-aiheuttavia-aineita-koskevasta-etenemissuunnitelmasta\/haasteet\/","og_locale":"fi_FI","og_type":"article","og_title":"Haasteet","og_description":"Every year, more than 100.000 people die in the EU from cancer caused by carcinogens at work. This must STOP!","og_url":"https:\/\/stopcarcinogensatwork.eu\/fi\/yleista\/syopaa-aiheuttavia-aineita-koskevasta-etenemissuunnitelmasta\/haasteet\/","og_site_name":"STOP carcinogens at work","article_modified_time":"2026-02-26T09:32:39+00:00","og_image":[{"url":"https:\/\/stopcarcinogensatwork.eu\/wp-content\/uploads\/2024\/08\/Pillars.png","type":"","width":"","height":""}],"twitter_card":"summary_large_image","twitter_misc":{"Arvioitu lukuaika":"4 minuuttia"},"schema":{"@context":"https:\/\/schema.org","@graph":[{"@type":"WebPage","@id":"https:\/\/stopcarcinogensatwork.eu\/fi\/yleista\/syopaa-aiheuttavia-aineita-koskevasta-etenemissuunnitelmasta\/haasteet\/","url":"https:\/\/stopcarcinogensatwork.eu\/fi\/yleista\/syopaa-aiheuttavia-aineita-koskevasta-etenemissuunnitelmasta\/haasteet\/","name":"Haasteet - STOP carcinogens at work","isPartOf":{"@id":"https:\/\/stopcarcinogensatwork.eu\/fi\/#website"},"primaryImageOfPage":{"@id":"https:\/\/stopcarcinogensatwork.eu\/fi\/yleista\/syopaa-aiheuttavia-aineita-koskevasta-etenemissuunnitelmasta\/haasteet\/#primaryimage"},"image":{"@id":"https:\/\/stopcarcinogensatwork.eu\/fi\/yleista\/syopaa-aiheuttavia-aineita-koskevasta-etenemissuunnitelmasta\/haasteet\/#primaryimage"},"thumbnailUrl":"https:\/\/stopcarcinogensatwork.eu\/wp-content\/uploads\/2024\/08\/Pillars.png","datePublished":"2024-08-31T07:07:44+00:00","dateModified":"2026-02-26T09:32:39+00:00","description":"Every year, more than 100.000 people die in the EU from cancer caused by carcinogens at work. This must STOP!","breadcrumb":{"@id":"https:\/\/stopcarcinogensatwork.eu\/fi\/yleista\/syopaa-aiheuttavia-aineita-koskevasta-etenemissuunnitelmasta\/haasteet\/#breadcrumb"},"inLanguage":"fi","potentialAction":[{"@type":"ReadAction","target":["https:\/\/stopcarcinogensatwork.eu\/fi\/yleista\/syopaa-aiheuttavia-aineita-koskevasta-etenemissuunnitelmasta\/haasteet\/"]}]},{"@type":"ImageObject","inLanguage":"fi","@id":"https:\/\/stopcarcinogensatwork.eu\/fi\/yleista\/syopaa-aiheuttavia-aineita-koskevasta-etenemissuunnitelmasta\/haasteet\/#primaryimage","url":"https:\/\/stopcarcinogensatwork.eu\/wp-content\/uploads\/2024\/08\/Pillars.png","contentUrl":"https:\/\/stopcarcinogensatwork.eu\/wp-content\/uploads\/2024\/08\/Pillars.png"},{"@type":"BreadcrumbList","@id":"https:\/\/stopcarcinogensatwork.eu\/fi\/yleista\/syopaa-aiheuttavia-aineita-koskevasta-etenemissuunnitelmasta\/haasteet\/#breadcrumb","itemListElement":[{"@type":"ListItem","position":1,"name":"Home","item":"https:\/\/stopcarcinogensatwork.eu\/fi\/stop-carcinogens-at-work\/"},{"@type":"ListItem","position":2,"name":"Yleist\u00e4","item":"https:\/\/stopcarcinogensatwork.eu\/fi\/yleista\/"},{"@type":"ListItem","position":3,"name":"Sy\u00f6p\u00e4\u00e4 aiheuttavia aineita koskevasta toimintaohjelmasta","item":"https:\/\/stopcarcinogensatwork.eu\/fi\/yleista\/syopaa-aiheuttavia-aineita-koskevasta-etenemissuunnitelmasta\/"},{"@type":"ListItem","position":4,"name":"Haasteet"}]},{"@type":"WebSite","@id":"https:\/\/stopcarcinogensatwork.eu\/fi\/#website","url":"https:\/\/stopcarcinogensatwork.eu\/fi\/","name":"STOP Carcinogens at work","description":"Every year, about 100.000 people die from cancer that was caused by exposure to carcinogens at work in Europe.","publisher":{"@id":"https:\/\/stopcarcinogensatwork.eu\/fi\/#organization"},"alternateName":"Roadmap on Carcinogens","potentialAction":[{"@type":"SearchAction","target":{"@type":"EntryPoint","urlTemplate":"https:\/\/stopcarcinogensatwork.eu\/fi\/?s={search_term_string}"},"query-input":{"@type":"PropertyValueSpecification","valueRequired":true,"valueName":"search_term_string"}}],"inLanguage":"fi"},{"@type":"Organization","@id":"https:\/\/stopcarcinogensatwork.eu\/fi\/#organization","name":"TNO","alternateName":"This is a European wide voluntary action scheme","url":"https:\/\/stopcarcinogensatwork.eu\/fi\/","logo":{"@type":"ImageObject","inLanguage":"fi","@id":"https:\/\/stopcarcinogensatwork.eu\/fi\/#\/schema\/logo\/image\/","url":"https:\/\/stopcarcinogensatwork.eu\/wp-content\/uploads\/2024\/08\/cropped-FavLarge-1.png","contentUrl":"https:\/\/stopcarcinogensatwork.eu\/wp-content\/uploads\/2024\/08\/cropped-FavLarge-1.png","width":512,"height":512,"caption":"TNO"},"image":{"@id":"https:\/\/stopcarcinogensatwork.eu\/fi\/#\/schema\/logo\/image\/"},"publishingPrinciples":"https:\/\/stopcarcinogensatwork.eu\/homepage\/legal\/","ownershipFundingInfo":"https:\/\/stopcarcinogensatwork.eu\/general\/about-us\/"}]}},"_links":{"self":[{"href":"https:\/\/stopcarcinogensatwork.eu\/fi\/wp-json\/wp\/v2\/pages\/93496","targetHints":{"allow":["GET"]}}],"collection":[{"href":"https:\/\/stopcarcinogensatwork.eu\/fi\/wp-json\/wp\/v2\/pages"}],"about":[{"href":"https:\/\/stopcarcinogensatwork.eu\/fi\/wp-json\/wp\/v2\/types\/page"}],"author":[{"embeddable":true,"href":"https:\/\/stopcarcinogensatwork.eu\/fi\/wp-json\/wp\/v2\/users\/1"}],"replies":[{"embeddable":true,"href":"https:\/\/stopcarcinogensatwork.eu\/fi\/wp-json\/wp\/v2\/comments?post=93496"}],"version-history":[{"count":0,"href":"https:\/\/stopcarcinogensatwork.eu\/fi\/wp-json\/wp\/v2\/pages\/93496\/revisions"}],"up":[{"embeddable":true,"href":"https:\/\/stopcarcinogensatwork.eu\/fi\/wp-json\/wp\/v2\/pages\/93448"}],"wp:attachment":[{"href":"https:\/\/stopcarcinogensatwork.eu\/fi\/wp-json\/wp\/v2\/media?parent=93496"}],"curies":[{"name":"wp","href":"https:\/\/api.w.org\/{rel}","templated":true}]}}