{"id":93521,"date":"2025-03-20T11:23:06","date_gmt":"2025-03-20T11:23:06","guid":{"rendered":"https:\/\/stopcarcinogensatwork.eu\/register-institute\/"},"modified":"2026-01-23T12:42:10","modified_gmt":"2026-01-23T12:42:10","slug":"register-institute","status":"publish","type":"page","link":"https:\/\/stopcarcinogensatwork.eu\/fi\/register-institute\/","title":{"rendered":"Register Institute"},"content":{"rendered":"\t\t<div data-elementor-type=\"wp-page\" data-elementor-id=\"93521\" class=\"elementor elementor-93521 elementor-50236\" data-elementor-post-type=\"page\">\n\t\t\t\t<div class=\"elementor-element elementor-element-5b5f85a e-flex e-con-boxed e-con e-parent\" data-id=\"5b5f85a\" data-element_type=\"container\" data-e-type=\"container\">\n\t\t\t\t\t<div class=\"e-con-inner\">\n\t\t<div class=\"elementor-element elementor-element-c4c4770 e-con-full e-flex e-con e-child\" data-id=\"c4c4770\" data-element_type=\"container\" data-e-type=\"container\">\n\t\t\t\t<div class=\"elementor-element elementor-element-118c9f1 elementor-widget elementor-widget-text-editor\" data-id=\"118c9f1\" data-element_type=\"widget\" data-e-type=\"widget\" data-widget_type=\"text-editor.default\">\n\t\t\t\t\t\t\t\t\t<h2>Rekister\u00f6idy CGS-yhti\u00f6ksi.<\/h2>\n<p><strong>Huomaathan, ett\u00e4 tiimimme on tarkistettava hakemuksesi.<\/strong><\/p>\n<p>Pyyd\u00e4mme toimialaj\u00e4rjest\u00f6j\u00e4, tutkimuslaitoksia ja viranomaisia, joilla on asiantuntemusta karsinogeeneihin liittyvien riskien tunnistamisesta ja ehk\u00e4isemisest\u00e4, osallistumaan ty\u00f6nantajille suunnattujen turvallisuusohjeiden (Control Guidance Sheets, CGS) laatimiseen. N\u00e4m\u00e4 CGS-ohjeet ovat korvaamaton apuv\u00e4line, joka auttaa ty\u00f6nantajia toteuttamaan asianmukaisia ehk\u00e4isevi\u00e4 toimenpiteit\u00e4 ty\u00f6paikoilla, joilla esiintyy karsinogeenej\u00e4. &nbsp;<\/p><p>Pyyd\u00e4mme sinua osallistumaan asiantuntemuksellasi n\u00e4iden turvallisuusohjeiden muokkaamiseen ty\u00f6kaluksi, joka vaikuttaa merkitt\u00e4v\u00e4sti ty\u00f6turvallisuuteen ja edist\u00e4\u00e4 ty\u00f6ntekij\u00f6iden terveytt\u00e4 ja hyvinvointia pitk\u00e4ll\u00e4 aikav\u00e4lill\u00e4 eri toimialoilla!<\/p>\t\t\t\t\t\t\t\t<\/div>\n\t\t\t\t<\/div>\n\t\t<div class=\"elementor-element elementor-element-0274a9a e-con-full e-flex e-con e-child\" data-id=\"0274a9a\" data-element_type=\"container\" data-e-type=\"container\" data-settings=\"{&quot;background_background&quot;:&quot;classic&quot;}\">\n\t\t\t\t<div class=\"elementor-element elementor-element-2360195 elementor-widget elementor-widget-text-editor\" data-id=\"2360195\" data-element_type=\"widget\" data-e-type=\"widget\" data-widget_type=\"text-editor.default\">\n\t\t\t\t\t\t\t\t\t<p>Onko sinulla tili? Siirry kirjautum <a href=\"https:\/\/stopcarcinogensatwork.eu\/fi\/kirjaudu-sisaan\/\">issiv<\/a>ulle <\/p>\t\t\t\t\t\t\t\t<\/div>\n\t\t\t\t<div class=\"elementor-element elementor-element-5b5c709 elementor-widget__width-inherit elementor-widget elementor-widget-jet-form-builder-form\" data-id=\"5b5c709\" data-element_type=\"widget\" data-e-type=\"widget\" data-widget_type=\"jet-form-builder-form.default\">\n\t\t\t\t<div class=\"elementor-widget-container\">\n\t\t\t\t\t<link rel='stylesheet' id='wp-block-library-css' href='https:\/\/stopcarcinogensatwork.eu\/wp-includes\/css\/dist\/block-library\/style.min.css?ver=6.9.4' type='text\/css' media='all' \/>\n<style id=\"jet-form-builder-50238-inline-css\"><\/style><form  class=\"jet-form-builder layout-column submit-type-reload\" action=\"https:\/\/stopcarcinogensatwork.eu\/fi\/wp-json\/wp\/v2\/pages\/93521\/?0JWBdW=y7XM7jk3Sc&amp;method=reload\" method=\"POST\" data-form-id=\"50238\" data-layout=\"column\" enctype=\"multipart\/form-data\" novalidate=\"null\" ssr_validation_method=\"rest\"><input type=\"hidden\" id=\"_wpnonce\" name=\"_wpnonce\" value=\"6628864bb4\" \/><input type=\"hidden\" name=\"_wp_http_referer\" value=\"\/fi\/wp-json\/wp\/v2\/pages\/93521\" \/>\r\n<input type=\"hidden\" name=\"_jfb_current_render_states[]\" value=\"DEFAULT.STATE\" data-jfb-sync \/><input type=\"hidden\" class=\"jet-form-builder__field hidden-field\" name=\"_jet_engine_booking_form_id\" data-field-name=\"_jet_engine_booking_form_id\" value=\"50238\">\n<input type=\"hidden\" class=\"jet-form-builder__field hidden-field\" name=\"_jet_engine_refer\" data-field-name=\"_jet_engine_refer\" value=\"https:\/\/stopcarcinogensatwork.eu\/fi\/wp-json\/wp\/v2\/pages\/93521\/\">\n<input type=\"hidden\" class=\"jet-form-builder__field hidden-field\" name=\"__queried_post_id\" data-field-name=\"__queried_post_id\" value=\"93521\">\n\n<div class=\"wp-block-columns is-layout-flex wp-container-core-columns-is-layout-9d6595d7 wp-block-columns-is-layout-flex\">\n<div class=\"wp-block-column is-vertically-aligned-center is-layout-flow wp-block-column-is-layout-flow\"><div  class=\"jet-form-builder-row field-type-text-field\" >\n<div class=\"jet-form-builder__label\">\r\n<div class=\"jet-form-builder__label-text\">Name <span class=\"jet-form-builder__required\">*<\/span><\/div><\/div><div class=\"jet-form-builder__field-wrap\">\n\t\t\t\t<input required=\"required\" name=\"name\" id=\"name\" type=\"text\" data-field-name=\"name\" class=\"jet-form-builder__field text-field\" data-jfb-sync=\"null\" autocomplete=\"off_5tEqH2aI\">\n\t\t\t\t\t<\/div>\n<\/div>\n\n<div  class=\"jet-form-builder-row field-type-text-field\" >\n<div class=\"jet-form-builder__label\">\r\n<div class=\"jet-form-builder__label-text\">E-mail <span class=\"jet-form-builder__required\">*<\/span><\/div><\/div><div class=\"jet-form-builder__field-wrap\">\n\t\t\t\t<input required=\"required\" name=\"e-mail\" id=\"e-mail\" type=\"email\" data-field-name=\"e-mail\" class=\"jet-form-builder__field text-field\" data-jfb-sync=\"null\" autocomplete=\"off_HAtowm0D\">\n\t\t\t\t\t<\/div>\n<\/div>\n\n<div  class=\"jet-form-builder-row field-type-text-field\" >\n<div class=\"jet-form-builder__label\">\r\n<div class=\"jet-form-builder__label-text\">Company name<\/div><\/div><div class=\"jet-form-builder__field-wrap\">\n\t\t\t\t<input name=\"compnay_name\" id=\"compnay_name\" type=\"text\" data-field-name=\"compnay_name\" class=\"jet-form-builder__field text-field\" data-jfb-sync=\"null\" autocomplete=\"off_hIUKFnyl\">\n\t\t\t\t\t<\/div>\n<\/div>\n\n<div  class=\"jet-form-builder-row field-type-text-field\" >\n<div class=\"jet-form-builder__label\">\r\n<div class=\"jet-form-builder__label-text\">Company website<\/div><\/div><div class=\"jet-form-builder__field-wrap\">\n\t\t\t\t<input name=\"compnay_website\" id=\"compnay_website\" type=\"text\" data-field-name=\"compnay_website\" class=\"jet-form-builder__field text-field\" data-jfb-sync=\"null\" autocomplete=\"off_MCNv3SUt\">\n\t\t\t\t\t<\/div>\n<\/div>\n\n<div  data-validation-type=\"advanced\" data-validation-rules=\"[{&quot;__visible&quot;:true,&quot;message&quot;:&quot;Make sure that the password has at least one lowercase, one uppercase, one\\ndigit and at least 8 characters!&quot;,&quot;type&quot;:&quot;regexp&quot;,&quot;value&quot;:&quot;^(?=.*[a-z])(?=.*[A-Z])(?=.*[0-9])(?=.{8,})&quot;}]\" class=\"jet-form-builder-row field-type-text-field\" >\n<div class=\"jet-form-builder__label\">\r\n<div class=\"jet-form-builder__label-text\">Password <span class=\"jet-form-builder__required\">*<\/span><\/div><\/div><div class=\"jet-form-builder__field-wrap has-eye-icon\">\n\t\t\t\t<input required=\"required\" name=\"password\" id=\"password\" type=\"password\" data-field-name=\"password\" class=\"jet-form-builder__field text-field\" data-jfb-sync=\"null\" autocomplete=\"off_oh3iUvgQ\">\n\t\t\t\t\t<span\n\t\t\t\t\tclass=\"jfb-eye-icon seen\"\n\t\t\t\t\trole=\"button\"\n\t\t\t\t\ttabindex=\"0\"\n\t\t\t\t\tstyle=\"\"\n\t\t\t>\n\t\t\t\t<svg class=\"seen-icon\" viewBox=\"0 0 24 24\" xmlns=\"http:\/\/www.w3.org\/2000\/svg\" width=\"24\" height=\"24\" aria-hidden=\"true\" focusable=\"false\" fill=\"currentColor\"><path d=\"M3.99961 13C4.67043 13.3354 4.6703 13.3357 4.67017 13.3359L4.67298 13.3305C4.67621 13.3242 4.68184 13.3135 4.68988 13.2985C4.70595 13.2686 4.7316 13.2218 4.76695 13.1608C4.8377 13.0385 4.94692 12.8592 5.09541 12.6419C5.39312 12.2062 5.84436 11.624 6.45435 11.0431C7.67308 9.88241 9.49719 8.75 11.9996 8.75C14.502 8.75 16.3261 9.88241 17.5449 11.0431C18.1549 11.624 18.6061 12.2062 18.9038 12.6419C19.0523 12.8592 19.1615 13.0385 19.2323 13.1608C19.2676 13.2218 19.2933 13.2686 19.3093 13.2985C19.3174 13.3135 19.323 13.3242 19.3262 13.3305L19.3291 13.3359C19.3289 13.3357 19.3288 13.3354 19.9996 13C20.6704 12.6646 20.6703 12.6643 20.6701 12.664L20.6697 12.6632L20.6688 12.6614L20.6662 12.6563L20.6583 12.6408C20.6517 12.6282 20.6427 12.6108 20.631 12.5892C20.6078 12.5459 20.5744 12.4852 20.5306 12.4096C20.4432 12.2584 20.3141 12.0471 20.1423 11.7956C19.7994 11.2938 19.2819 10.626 18.5794 9.9569C17.1731 8.61759 14.9972 7.25 11.9996 7.25C9.00203 7.25 6.82614 8.61759 5.41987 9.9569C4.71736 10.626 4.19984 11.2938 3.85694 11.7956C3.68511 12.0471 3.55605 12.2584 3.4686 12.4096C3.42484 12.4852 3.39142 12.5459 3.36818 12.5892C3.35656 12.6108 3.34748 12.6282 3.34092 12.6408L3.33297 12.6563L3.33041 12.6614L3.32948 12.6632L3.32911 12.664C3.32894 12.6643 3.32879 12.6646 3.99961 13ZM11.9996 16C13.9326 16 15.4996 14.433 15.4996 12.5C15.4996 10.567 13.9326 9 11.9996 9C10.0666 9 8.49961 10.567 8.49961 12.5C8.49961 14.433 10.0666 16 11.9996 16Z\"><\/path><\/svg>\t\t\t\t<svg class=\"unseen-icon\" viewBox=\"0 0 24 24\" xmlns=\"http:\/\/www.w3.org\/2000\/svg\" width=\"24\" height=\"24\" aria-hidden=\"true\" focusable=\"false\" fill=\"currentColor\"><path d=\"M4.67 10.664s-2.09 1.11-2.917 1.582l.494.87 1.608-.914.002.002c.343.502.86 1.17 1.563 1.84.348.33.742.663 1.185.976L5.57 16.744l.858.515 1.02-1.701a9.1 9.1 0 0 0 4.051 1.18V19h1v-2.263a9.1 9.1 0 0 0 4.05-1.18l1.021 1.7.858-.514-1.034-1.723c.442-.313.837-.646 1.184-.977.703-.669 1.22-1.337 1.563-1.839l.002-.003 1.61.914.493-.87c-1.75-.994-2.918-1.58-2.918-1.58l-.003.005a8.29 8.29 0 0 1-.422.689 10.097 10.097 0 0 1-1.36 1.598c-1.218 1.16-3.042 2.293-5.544 2.293-2.503 0-4.327-1.132-5.546-2.293a10.099 10.099 0 0 1-1.359-1.599 8.267 8.267 0 0 1-.422-.689l-.003-.005Z\"><\/path><\/svg>\t\t\t<\/span>\n\t\t\t\t\t<\/div>\n<\/div>\n\n<div  class=\"jet-form-builder-row field-type-text-field\" >\n<div class=\"jet-form-builder__label\">\r\n<div class=\"jet-form-builder__label-text\">Confirm Password <span class=\"jet-form-builder__required\">*<\/span><\/div><\/div><div class=\"jet-form-builder__field-wrap has-eye-icon\">\n\t\t\t\t<input required=\"required\" name=\"confirm-password\" id=\"confirm-password\" type=\"password\" data-field-name=\"confirm-password\" class=\"jet-form-builder__field text-field\" data-jfb-sync=\"null\" autocomplete=\"off_vtpQRbNe\">\n\t\t\t\t\t<span\n\t\t\t\t\tclass=\"jfb-eye-icon seen\"\n\t\t\t\t\trole=\"button\"\n\t\t\t\t\ttabindex=\"0\"\n\t\t\t\t\tstyle=\"\"\n\t\t\t>\n\t\t\t\t<svg class=\"seen-icon\" viewBox=\"0 0 24 24\" xmlns=\"http:\/\/www.w3.org\/2000\/svg\" width=\"24\" height=\"24\" aria-hidden=\"true\" focusable=\"false\" fill=\"currentColor\"><path d=\"M3.99961 13C4.67043 13.3354 4.6703 13.3357 4.67017 13.3359L4.67298 13.3305C4.67621 13.3242 4.68184 13.3135 4.68988 13.2985C4.70595 13.2686 4.7316 13.2218 4.76695 13.1608C4.8377 13.0385 4.94692 12.8592 5.09541 12.6419C5.39312 12.2062 5.84436 11.624 6.45435 11.0431C7.67308 9.88241 9.49719 8.75 11.9996 8.75C14.502 8.75 16.3261 9.88241 17.5449 11.0431C18.1549 11.624 18.6061 12.2062 18.9038 12.6419C19.0523 12.8592 19.1615 13.0385 19.2323 13.1608C19.2676 13.2218 19.2933 13.2686 19.3093 13.2985C19.3174 13.3135 19.323 13.3242 19.3262 13.3305L19.3291 13.3359C19.3289 13.3357 19.3288 13.3354 19.9996 13C20.6704 12.6646 20.6703 12.6643 20.6701 12.664L20.6697 12.6632L20.6688 12.6614L20.6662 12.6563L20.6583 12.6408C20.6517 12.6282 20.6427 12.6108 20.631 12.5892C20.6078 12.5459 20.5744 12.4852 20.5306 12.4096C20.4432 12.2584 20.3141 12.0471 20.1423 11.7956C19.7994 11.2938 19.2819 10.626 18.5794 9.9569C17.1731 8.61759 14.9972 7.25 11.9996 7.25C9.00203 7.25 6.82614 8.61759 5.41987 9.9569C4.71736 10.626 4.19984 11.2938 3.85694 11.7956C3.68511 12.0471 3.55605 12.2584 3.4686 12.4096C3.42484 12.4852 3.39142 12.5459 3.36818 12.5892C3.35656 12.6108 3.34748 12.6282 3.34092 12.6408L3.33297 12.6563L3.33041 12.6614L3.32948 12.6632L3.32911 12.664C3.32894 12.6643 3.32879 12.6646 3.99961 13ZM11.9996 16C13.9326 16 15.4996 14.433 15.4996 12.5C15.4996 10.567 13.9326 9 11.9996 9C10.0666 9 8.49961 10.567 8.49961 12.5C8.49961 14.433 10.0666 16 11.9996 16Z\"><\/path><\/svg>\t\t\t\t<svg class=\"unseen-icon\" viewBox=\"0 0 24 24\" xmlns=\"http:\/\/www.w3.org\/2000\/svg\" width=\"24\" height=\"24\" aria-hidden=\"true\" focusable=\"false\" fill=\"currentColor\"><path d=\"M4.67 10.664s-2.09 1.11-2.917 1.582l.494.87 1.608-.914.002.002c.343.502.86 1.17 1.563 1.84.348.33.742.663 1.185.976L5.57 16.744l.858.515 1.02-1.701a9.1 9.1 0 0 0 4.051 1.18V19h1v-2.263a9.1 9.1 0 0 0 4.05-1.18l1.021 1.7.858-.514-1.034-1.723c.442-.313.837-.646 1.184-.977.703-.669 1.22-1.337 1.563-1.839l.002-.003 1.61.914.493-.87c-1.75-.994-2.918-1.58-2.918-1.58l-.003.005a8.29 8.29 0 0 1-.422.689 10.097 10.097 0 0 1-1.36 1.598c-1.218 1.16-3.042 2.293-5.544 2.293-2.503 0-4.327-1.132-5.546-2.293a10.099 10.099 0 0 1-1.359-1.599 8.267 8.267 0 0 1-.422-.689l-.003-.005Z\"><\/path><\/svg>\t\t\t<\/span>\n\t\t\t\t\t<\/div>\n<\/div>\n\n<input type=\"hidden\" class=\"captcha-token\" name=\"_captcha_token\" value=\"\"\/><div class=\"jfb-visually-hidden\" tabindex=\"-1\"><div class=\"jet-form-builder__field-wrap\">\n\t\t\t\t<input name=\"email\" id=\"email\" type=\"email\" data-field-name=\"email\" class=\"jet-form-builder__field text-field\" data-jfb-sync=\"null\" autocomplete=\"off_9UjVHGla\">\n\t\t\t\t\t<\/div><\/div><div  class=\"jet-form-builder-row field-type-submit-field\" >\n\t<div data-type=\"submit\" class=\"jet-form-builder__action-button-wrapper jet-form-builder__submit-wrap\">\n\t<button class=\"jet-form-builder__action-button jet-form-builder__submit submit-type-reload\" type=\"submit\">Sign Up<\/button>\n\t<\/div>\n\t\n<\/div><\/div>\n<\/div>\n\n\n\n<p><\/p>\n\t<div class=\"jet-form-builder-messages-wrap\" data-form-id=\"50238\"><\/div>\n<\/form>\n\t\t\t\t<\/div>\n\t\t\t\t<\/div>\n\t\t\t\t<\/div>\n\t\t\t\t\t<\/div>\n\t\t\t\t<\/div>\n\t\t\t\t<\/div>\n\t\t","protected":false},"excerpt":{"rendered":"<p>Rekister\u00f6idy CGS-yhti\u00f6ksi. Huomaathan, ett\u00e4 tiimimme on tarkistettava hakemuksesi. Pyyd\u00e4mme toimialaj\u00e4rjest\u00f6j\u00e4, tutkimuslaitoksia ja viranomaisia, joilla on asiantuntemusta karsinogeeneihin liittyvien riskien tunnistamisesta ja ehk\u00e4isemisest\u00e4, osallistumaan ty\u00f6nantajille suunnattujen turvallisuusohjeiden (Control Guidance Sheets, CGS) laatimiseen. N\u00e4m\u00e4 CGS-ohjeet ovat korvaamaton apuv\u00e4line, joka auttaa ty\u00f6nantajia toteuttamaan asianmukaisia ehk\u00e4isevi\u00e4 toimenpiteit\u00e4 ty\u00f6paikoilla, joilla esiintyy karsinogeenej\u00e4. &nbsp; Pyyd\u00e4mme sinua osallistumaan asiantuntemuksellasi n\u00e4iden turvallisuusohjeiden muokkaamiseen [&hellip;]<\/p>\n","protected":false},"author":5,"featured_media":0,"parent":0,"menu_order":0,"comment_status":"closed","ping_status":"closed","template":"","meta":{"inline_featured_image":false,"footnotes":""},"class_list":["post-93521","page","type-page","status-publish","hentry"],"yoast_head":"<!-- This site is optimized with the Yoast SEO Premium plugin v27.0 (Yoast SEO v27.3) - https:\/\/yoast.com\/product\/yoast-seo-premium-wordpress\/ -->\n<title>Register Institute - STOP carcinogens at work<\/title>\n<meta name=\"description\" content=\"Every year, more than 100.000 people die in the EU from cancer caused by carcinogens at work. This must STOP!\" \/>\n<meta name=\"robots\" content=\"noindex, nofollow\" \/>\n<meta property=\"og:locale\" content=\"fi_FI\" \/>\n<meta property=\"og:type\" content=\"article\" \/>\n<meta property=\"og:title\" content=\"Register Institute\" \/>\n<meta property=\"og:description\" content=\"Every year, more than 100.000 people die in the EU from cancer caused by carcinogens at work. This must STOP!\" \/>\n<meta property=\"og:url\" content=\"https:\/\/stopcarcinogensatwork.eu\/fi\/register-institute\/\" \/>\n<meta property=\"og:site_name\" content=\"STOP carcinogens at work\" \/>\n<meta property=\"article:modified_time\" content=\"2026-01-23T12:42:10+00:00\" \/>\n<meta name=\"twitter:card\" content=\"summary_large_image\" \/>\n<meta name=\"twitter:label1\" content=\"Arvioitu lukuaika\" \/>\n\t<meta name=\"twitter:data1\" content=\"1 minuutti\" \/>\n<script type=\"application\/ld+json\" class=\"yoast-schema-graph\">{\"@context\":\"https:\\\/\\\/schema.org\",\"@graph\":[{\"@type\":\"WebPage\",\"@id\":\"https:\\\/\\\/stopcarcinogensatwork.eu\\\/fi\\\/register-institute\\\/\",\"url\":\"https:\\\/\\\/stopcarcinogensatwork.eu\\\/fi\\\/register-institute\\\/\",\"name\":\"Register Institute - STOP carcinogens at work\",\"isPartOf\":{\"@id\":\"https:\\\/\\\/stopcarcinogensatwork.eu\\\/fi\\\/#website\"},\"datePublished\":\"2025-03-20T11:23:06+00:00\",\"dateModified\":\"2026-01-23T12:42:10+00:00\",\"description\":\"Every year, more than 100.000 people die in the EU from cancer caused by carcinogens at work. This must STOP!\",\"breadcrumb\":{\"@id\":\"https:\\\/\\\/stopcarcinogensatwork.eu\\\/fi\\\/register-institute\\\/#breadcrumb\"},\"inLanguage\":\"fi\",\"potentialAction\":[{\"@type\":\"ReadAction\",\"target\":[\"https:\\\/\\\/stopcarcinogensatwork.eu\\\/fi\\\/register-institute\\\/\"]}]},{\"@type\":\"BreadcrumbList\",\"@id\":\"https:\\\/\\\/stopcarcinogensatwork.eu\\\/fi\\\/register-institute\\\/#breadcrumb\",\"itemListElement\":[{\"@type\":\"ListItem\",\"position\":1,\"name\":\"Home\",\"item\":\"https:\\\/\\\/stopcarcinogensatwork.eu\\\/fi\\\/stop-carcinogens-at-work\\\/\"},{\"@type\":\"ListItem\",\"position\":2,\"name\":\"Register Institute\"}]},{\"@type\":\"WebSite\",\"@id\":\"https:\\\/\\\/stopcarcinogensatwork.eu\\\/fi\\\/#website\",\"url\":\"https:\\\/\\\/stopcarcinogensatwork.eu\\\/fi\\\/\",\"name\":\"STOP Carcinogens at work\",\"description\":\"Every year, about 100.000 people die from cancer that was caused by exposure to carcinogens at work in Europe.\",\"publisher\":{\"@id\":\"https:\\\/\\\/stopcarcinogensatwork.eu\\\/fi\\\/#organization\"},\"alternateName\":\"Roadmap on Carcinogens\",\"potentialAction\":[{\"@type\":\"SearchAction\",\"target\":{\"@type\":\"EntryPoint\",\"urlTemplate\":\"https:\\\/\\\/stopcarcinogensatwork.eu\\\/fi\\\/?s={search_term_string}\"},\"query-input\":{\"@type\":\"PropertyValueSpecification\",\"valueRequired\":true,\"valueName\":\"search_term_string\"}}],\"inLanguage\":\"fi\"},{\"@type\":\"Organization\",\"@id\":\"https:\\\/\\\/stopcarcinogensatwork.eu\\\/fi\\\/#organization\",\"name\":\"TNO\",\"alternateName\":\"This is a European wide voluntary action scheme\",\"url\":\"https:\\\/\\\/stopcarcinogensatwork.eu\\\/fi\\\/\",\"logo\":{\"@type\":\"ImageObject\",\"inLanguage\":\"fi\",\"@id\":\"https:\\\/\\\/stopcarcinogensatwork.eu\\\/fi\\\/#\\\/schema\\\/logo\\\/image\\\/\",\"url\":\"https:\\\/\\\/stopcarcinogensatwork.eu\\\/wp-content\\\/uploads\\\/2024\\\/08\\\/cropped-FavLarge-1.png\",\"contentUrl\":\"https:\\\/\\\/stopcarcinogensatwork.eu\\\/wp-content\\\/uploads\\\/2024\\\/08\\\/cropped-FavLarge-1.png\",\"width\":512,\"height\":512,\"caption\":\"TNO\"},\"image\":{\"@id\":\"https:\\\/\\\/stopcarcinogensatwork.eu\\\/fi\\\/#\\\/schema\\\/logo\\\/image\\\/\"},\"publishingPrinciples\":\"https:\\\/\\\/stopcarcinogensatwork.eu\\\/homepage\\\/legal\\\/\",\"ownershipFundingInfo\":\"https:\\\/\\\/stopcarcinogensatwork.eu\\\/general\\\/about-us\\\/\"}]}<\/script>\n<!-- \/ Yoast SEO Premium plugin. -->","yoast_head_json":{"title":"Register Institute - STOP carcinogens at work","description":"Every year, more than 100.000 people die in the EU from cancer caused by carcinogens at work. This must STOP!","robots":{"index":"noindex","follow":"nofollow"},"og_locale":"fi_FI","og_type":"article","og_title":"Register Institute","og_description":"Every year, more than 100.000 people die in the EU from cancer caused by carcinogens at work. This must STOP!","og_url":"https:\/\/stopcarcinogensatwork.eu\/fi\/register-institute\/","og_site_name":"STOP carcinogens at work","article_modified_time":"2026-01-23T12:42:10+00:00","twitter_card":"summary_large_image","twitter_misc":{"Arvioitu lukuaika":"1 minuutti"},"schema":{"@context":"https:\/\/schema.org","@graph":[{"@type":"WebPage","@id":"https:\/\/stopcarcinogensatwork.eu\/fi\/register-institute\/","url":"https:\/\/stopcarcinogensatwork.eu\/fi\/register-institute\/","name":"Register Institute - STOP carcinogens at work","isPartOf":{"@id":"https:\/\/stopcarcinogensatwork.eu\/fi\/#website"},"datePublished":"2025-03-20T11:23:06+00:00","dateModified":"2026-01-23T12:42:10+00:00","description":"Every year, more than 100.000 people die in the EU from cancer caused by carcinogens at work. This must STOP!","breadcrumb":{"@id":"https:\/\/stopcarcinogensatwork.eu\/fi\/register-institute\/#breadcrumb"},"inLanguage":"fi","potentialAction":[{"@type":"ReadAction","target":["https:\/\/stopcarcinogensatwork.eu\/fi\/register-institute\/"]}]},{"@type":"BreadcrumbList","@id":"https:\/\/stopcarcinogensatwork.eu\/fi\/register-institute\/#breadcrumb","itemListElement":[{"@type":"ListItem","position":1,"name":"Home","item":"https:\/\/stopcarcinogensatwork.eu\/fi\/stop-carcinogens-at-work\/"},{"@type":"ListItem","position":2,"name":"Register Institute"}]},{"@type":"WebSite","@id":"https:\/\/stopcarcinogensatwork.eu\/fi\/#website","url":"https:\/\/stopcarcinogensatwork.eu\/fi\/","name":"STOP Carcinogens at work","description":"Every year, about 100.000 people die from cancer that was caused by exposure to carcinogens at work in Europe.","publisher":{"@id":"https:\/\/stopcarcinogensatwork.eu\/fi\/#organization"},"alternateName":"Roadmap on Carcinogens","potentialAction":[{"@type":"SearchAction","target":{"@type":"EntryPoint","urlTemplate":"https:\/\/stopcarcinogensatwork.eu\/fi\/?s={search_term_string}"},"query-input":{"@type":"PropertyValueSpecification","valueRequired":true,"valueName":"search_term_string"}}],"inLanguage":"fi"},{"@type":"Organization","@id":"https:\/\/stopcarcinogensatwork.eu\/fi\/#organization","name":"TNO","alternateName":"This is a European wide voluntary action scheme","url":"https:\/\/stopcarcinogensatwork.eu\/fi\/","logo":{"@type":"ImageObject","inLanguage":"fi","@id":"https:\/\/stopcarcinogensatwork.eu\/fi\/#\/schema\/logo\/image\/","url":"https:\/\/stopcarcinogensatwork.eu\/wp-content\/uploads\/2024\/08\/cropped-FavLarge-1.png","contentUrl":"https:\/\/stopcarcinogensatwork.eu\/wp-content\/uploads\/2024\/08\/cropped-FavLarge-1.png","width":512,"height":512,"caption":"TNO"},"image":{"@id":"https:\/\/stopcarcinogensatwork.eu\/fi\/#\/schema\/logo\/image\/"},"publishingPrinciples":"https:\/\/stopcarcinogensatwork.eu\/homepage\/legal\/","ownershipFundingInfo":"https:\/\/stopcarcinogensatwork.eu\/general\/about-us\/"}]}},"_links":{"self":[{"href":"https:\/\/stopcarcinogensatwork.eu\/fi\/wp-json\/wp\/v2\/pages\/93521","targetHints":{"allow":["GET"]}}],"collection":[{"href":"https:\/\/stopcarcinogensatwork.eu\/fi\/wp-json\/wp\/v2\/pages"}],"about":[{"href":"https:\/\/stopcarcinogensatwork.eu\/fi\/wp-json\/wp\/v2\/types\/page"}],"author":[{"embeddable":true,"href":"https:\/\/stopcarcinogensatwork.eu\/fi\/wp-json\/wp\/v2\/users\/5"}],"replies":[{"embeddable":true,"href":"https:\/\/stopcarcinogensatwork.eu\/fi\/wp-json\/wp\/v2\/comments?post=93521"}],"version-history":[{"count":0,"href":"https:\/\/stopcarcinogensatwork.eu\/fi\/wp-json\/wp\/v2\/pages\/93521\/revisions"}],"wp:attachment":[{"href":"https:\/\/stopcarcinogensatwork.eu\/fi\/wp-json\/wp\/v2\/media?parent=93521"}],"curies":[{"name":"wp","href":"https:\/\/api.w.org\/{rel}","templated":true}]}}