{"id":93530,"date":"2025-09-01T11:06:42","date_gmt":"2025-09-01T11:06:42","guid":{"rendered":"https:\/\/stopcarcinogensatwork.eu\/yleista\/koulutus-syopaa-aiheuttavista-aineista-tyossa\/"},"modified":"2026-02-26T09:32:59","modified_gmt":"2026-02-26T09:32:59","slug":"koulutus-syopaa-aiheuttavista-aineista-tyossa","status":"publish","type":"page","link":"https:\/\/stopcarcinogensatwork.eu\/fi\/yleista\/koulutus-syopaa-aiheuttavista-aineista-tyossa\/","title":{"rendered":"Koulutus sy\u00f6p\u00e4\u00e4 aiheuttavista aineista ty\u00f6ss\u00e4"},"content":{"rendered":"<blockquote><p>On t\u00e4rke\u00e4\u00e4 opettaa lapsille ja opiskelijoille sy\u00f6p\u00e4\u00e4 aiheuttavista aineista jo varhaisessa i\u00e4ss\u00e4, jo peruskoulussa ja ammatillisessa koulutuksessa. T\u00e4st\u00e4 syyst\u00e4 on kehitetty koulutusohjelmia. <\/p><\/blockquote>\n<h2>Karsinogeenej\u00e4 koskevat oppitunnit<\/h2>\n<p>Karsinogeenej\u00e4 aiheuttavia oppituntisuunnitelmat on laatinut Slovenian kansallinen koulutusinstituutti ja Slovenian ty\u00f6-, perhe-, sosiaali- ja tasa-arvoministeri\u00f6. Ne perustuvat Slovenian lakeihin ja kokemuksiin, ja niit\u00e4 testattiin useissa Slovenian peruskouluissa vuosina 2023-2024. EU:n j\u00e4senvaltiot voivat k\u00e4\u00e4nt\u00e4\u00e4 ja mukauttaa n\u00e4m\u00e4 oppituntisuunnitelmat omiin tarpeisiinsa. Opettajat voivat my\u00f6s k\u00e4ytt\u00e4\u00e4 interaktiivista peli\u00e4 (ks. alla) yl\u00e4koululaisille suunnatuilla oppitunneilla.   <\/p>\n<p>N\u00e4ill\u00e4 tunneilla opiskelijat oppivat:<\/p>\n<ul>\n<li>miten tunnistaa vaarallisten aineiden kuvamerkit<\/li>\n<li>miten valita sopivia menetelmi\u00e4 suojautuakseen vaarallisilta aineilta ja miten n\u00e4it\u00e4 aineita k\u00e4sitell\u00e4\u00e4n turvallisesti.<\/li>\n<li>CMR-aineiden pitk\u00e4aikaisvaikutuksista ja niiden ehk\u00e4isemisest\u00e4.<\/li>\n<li>k\u00e4ytt\u00f6turvallisuustiedotteesta, joka toimii ik\u00e4\u00e4n kuin vaarallisten aineiden &#8221;henkil\u00f6korttina&#8221;.<\/li>\n<li>ty\u00f6per\u00e4isest\u00e4 sy\u00f6v\u00e4st\u00e4, siit\u00e4, mitk\u00e4 tekij\u00e4t voivat aiheuttaa sit\u00e4 ja mill\u00e4 toimenpiteill\u00e4 voidaan v\u00e4hent\u00e4\u00e4 altistumista mahdollisesti sy\u00f6p\u00e4\u00e4 aiheuttaville aineille.<\/li>\n<\/ul>\n<p><a href=\"https:\/\/stopcarcinogensatwork.eu\/educational\/lesson-proposal-on-carcinogens-for-students-aged-11-years-minimum-and-over\/\">Karsinogeenej\u00e4 koskeva oppitunti-ehdotus 11-14-vuotiaille oppilaille.<\/a><br \/>\n<a href=\"https:\/\/stopcarcinogensatwork.eu\/educational\/9th-grade-of-primary-school-14-years\/\">Karsinogeenej\u00e4 koskeva oppitunti-ehdotus v\u00e4hint\u00e4\u00e4n 14-vuotiaille opiskelijoille.<\/a><\/p>\n<h2><strong>Interaktiivinen peli<\/strong><strong><br \/>\n<\/strong><\/h2>\n<p>Jotta oppilaat ymm\u00e4rt\u00e4isiv\u00e4t, miten karsinogeenien aiheuttamia riskej\u00e4 voidaan hallita ty\u00f6paikalla, on luotu interaktiivinen peli.<\/p>\n<p>Peliss\u00e4 pelaat ennaltaehk\u00e4isyneuvojana. Sinun on tunnistettava sy\u00f6p\u00e4\u00e4 aiheuttaviin aineisiin liittyv\u00e4t vaaratilanteet eri ty\u00f6paikoilla (rakentamisessa, sairaalassa ja tehtaassa) ja annettava neuvoja ty\u00f6nantajalle. Yksi keskeinen oppimiskohde on <a href=\"https:\/\/stopcarcinogensatwork.eu\/fi\/tutustu-ennaltaehkaisyn-perusstrategioihin\/\">STOP-periaate.<\/a> T\u00e4m\u00e4 periaate osoittaa vaarallisille aineille altistumisen ehk\u00e4isemiseksi tarvittavien toimenpiteiden j\u00e4rjestyksen.   <\/p>\n<p>Opettajille on saatavilla koulutuspaketti, jonka avulla he voivat sis\u00e4llytt\u00e4\u00e4 pelin oppitunteihinsa. Siin\u00e4 selitet\u00e4\u00e4n useita k\u00e4sitteit\u00e4, jotka esiintyv\u00e4t my\u00f6s peliss\u00e4. <\/p>\n<p>Peli on saatavilla englanniksi, hollanniksi ja ranskaksi.<\/p>\n<p><a href=\"https:\/\/stopcarcinogensatwork.eu\/fi\/good-practice\/karsinogeenien-aiheuttamien-riskien-hallinta-tyopaikalla-koulutuksen-avulla\/\">Vuorovaikutteiseen peliin<\/a><\/p>\n","protected":false},"excerpt":{"rendered":"<p>On t\u00e4rke\u00e4\u00e4 opettaa lapsille ja opiskelijoille sy\u00f6p\u00e4\u00e4 aiheuttavista aineista jo varhaisessa i\u00e4ss\u00e4, jo peruskoulussa ja ammatillisessa koulutuksessa. T\u00e4st\u00e4 syyst\u00e4 on kehitetty koulutusohjelmia. Karsinogeenej\u00e4 koskevat oppitunnit Karsinogeenej\u00e4 aiheuttavia oppituntisuunnitelmat on laatinut Slovenian kansallinen koulutusinstituutti ja Slovenian ty\u00f6-, perhe-, sosiaali- ja tasa-arvoministeri\u00f6. Ne perustuvat Slovenian lakeihin ja kokemuksiin, ja niit\u00e4 testattiin useissa Slovenian peruskouluissa vuosina 2023-2024. EU:n [&hellip;]<\/p>\n","protected":false},"author":1,"featured_media":0,"parent":93480,"menu_order":0,"comment_status":"closed","ping_status":"closed","template":"","meta":{"inline_featured_image":false,"footnotes":""},"class_list":["post-93530","page","type-page","status-publish","hentry"],"yoast_head":"<!-- This site is optimized with the Yoast SEO Premium plugin v27.0 (Yoast SEO v27.3) - https:\/\/yoast.com\/product\/yoast-seo-premium-wordpress\/ -->\n<title>Koulutus sy\u00f6p\u00e4\u00e4 aiheuttavista aineista ty\u00f6ss\u00e4 - STOP carcinogens at work<\/title>\n<meta name=\"description\" content=\"On t\u00e4rke\u00e4\u00e4 opettaa lapsille ja opiskelijoille sy\u00f6p\u00e4\u00e4 aiheuttavista aineista jo varhaisessa i\u00e4ss\u00e4, peruskoulussa ja ammatillisessa koulutuksessa.\" \/>\n<meta name=\"robots\" content=\"index, follow, max-snippet:-1, max-image-preview:large, max-video-preview:-1\" \/>\n<link rel=\"canonical\" href=\"https:\/\/stopcarcinogensatwork.eu\/fi\/yleista\/koulutus-syopaa-aiheuttavista-aineista-tyossa\/\" \/>\n<meta property=\"og:locale\" content=\"fi_FI\" \/>\n<meta property=\"og:type\" content=\"article\" \/>\n<meta property=\"og:title\" content=\"Koulutus sy\u00f6p\u00e4\u00e4 aiheuttavista aineista ty\u00f6ss\u00e4\" \/>\n<meta property=\"og:description\" content=\"On t\u00e4rke\u00e4\u00e4 opettaa lapsille ja opiskelijoille sy\u00f6p\u00e4\u00e4 aiheuttavista aineista jo varhaisessa i\u00e4ss\u00e4, peruskoulussa ja ammatillisessa koulutuksessa.\" \/>\n<meta property=\"og:url\" content=\"https:\/\/stopcarcinogensatwork.eu\/fi\/yleista\/koulutus-syopaa-aiheuttavista-aineista-tyossa\/\" \/>\n<meta property=\"og:site_name\" content=\"STOP carcinogens at work\" \/>\n<meta property=\"article:modified_time\" content=\"2026-02-26T09:32:59+00:00\" \/>\n<meta name=\"twitter:card\" content=\"summary_large_image\" \/>\n<meta name=\"twitter:label1\" content=\"Arvioitu lukuaika\" \/>\n\t<meta name=\"twitter:data1\" content=\"1 minuutti\" \/>\n<script type=\"application\/ld+json\" class=\"yoast-schema-graph\">{\"@context\":\"https:\\\/\\\/schema.org\",\"@graph\":[{\"@type\":\"WebPage\",\"@id\":\"https:\\\/\\\/stopcarcinogensatwork.eu\\\/fi\\\/yleista\\\/koulutus-syopaa-aiheuttavista-aineista-tyossa\\\/\",\"url\":\"https:\\\/\\\/stopcarcinogensatwork.eu\\\/fi\\\/yleista\\\/koulutus-syopaa-aiheuttavista-aineista-tyossa\\\/\",\"name\":\"Koulutus sy\u00f6p\u00e4\u00e4 aiheuttavista aineista ty\u00f6ss\u00e4 - STOP carcinogens at work\",\"isPartOf\":{\"@id\":\"https:\\\/\\\/stopcarcinogensatwork.eu\\\/fi\\\/#website\"},\"datePublished\":\"2025-09-01T11:06:42+00:00\",\"dateModified\":\"2026-02-26T09:32:59+00:00\",\"description\":\"On t\u00e4rke\u00e4\u00e4 opettaa lapsille ja opiskelijoille sy\u00f6p\u00e4\u00e4 aiheuttavista aineista jo varhaisessa i\u00e4ss\u00e4, peruskoulussa ja ammatillisessa koulutuksessa.\",\"breadcrumb\":{\"@id\":\"https:\\\/\\\/stopcarcinogensatwork.eu\\\/fi\\\/yleista\\\/koulutus-syopaa-aiheuttavista-aineista-tyossa\\\/#breadcrumb\"},\"inLanguage\":\"fi\",\"potentialAction\":[{\"@type\":\"ReadAction\",\"target\":[\"https:\\\/\\\/stopcarcinogensatwork.eu\\\/fi\\\/yleista\\\/koulutus-syopaa-aiheuttavista-aineista-tyossa\\\/\"]}]},{\"@type\":\"BreadcrumbList\",\"@id\":\"https:\\\/\\\/stopcarcinogensatwork.eu\\\/fi\\\/yleista\\\/koulutus-syopaa-aiheuttavista-aineista-tyossa\\\/#breadcrumb\",\"itemListElement\":[{\"@type\":\"ListItem\",\"position\":1,\"name\":\"Home\",\"item\":\"https:\\\/\\\/stopcarcinogensatwork.eu\\\/fi\\\/stop-carcinogens-at-work\\\/\"},{\"@type\":\"ListItem\",\"position\":2,\"name\":\"Yleist\u00e4\",\"item\":\"https:\\\/\\\/stopcarcinogensatwork.eu\\\/fi\\\/yleista\\\/\"},{\"@type\":\"ListItem\",\"position\":3,\"name\":\"Koulutus sy\u00f6p\u00e4\u00e4 aiheuttavista aineista ty\u00f6ss\u00e4\"}]},{\"@type\":\"WebSite\",\"@id\":\"https:\\\/\\\/stopcarcinogensatwork.eu\\\/fi\\\/#website\",\"url\":\"https:\\\/\\\/stopcarcinogensatwork.eu\\\/fi\\\/\",\"name\":\"STOP Carcinogens at work\",\"description\":\"Every year, about 100.000 people die from cancer that was caused by exposure to carcinogens at work in Europe.\",\"publisher\":{\"@id\":\"https:\\\/\\\/stopcarcinogensatwork.eu\\\/fi\\\/#organization\"},\"alternateName\":\"Roadmap on Carcinogens\",\"potentialAction\":[{\"@type\":\"SearchAction\",\"target\":{\"@type\":\"EntryPoint\",\"urlTemplate\":\"https:\\\/\\\/stopcarcinogensatwork.eu\\\/fi\\\/?s={search_term_string}\"},\"query-input\":{\"@type\":\"PropertyValueSpecification\",\"valueRequired\":true,\"valueName\":\"search_term_string\"}}],\"inLanguage\":\"fi\"},{\"@type\":\"Organization\",\"@id\":\"https:\\\/\\\/stopcarcinogensatwork.eu\\\/fi\\\/#organization\",\"name\":\"TNO\",\"alternateName\":\"This is a European wide voluntary action scheme\",\"url\":\"https:\\\/\\\/stopcarcinogensatwork.eu\\\/fi\\\/\",\"logo\":{\"@type\":\"ImageObject\",\"inLanguage\":\"fi\",\"@id\":\"https:\\\/\\\/stopcarcinogensatwork.eu\\\/fi\\\/#\\\/schema\\\/logo\\\/image\\\/\",\"url\":\"https:\\\/\\\/stopcarcinogensatwork.eu\\\/wp-content\\\/uploads\\\/2024\\\/08\\\/cropped-FavLarge-1.png\",\"contentUrl\":\"https:\\\/\\\/stopcarcinogensatwork.eu\\\/wp-content\\\/uploads\\\/2024\\\/08\\\/cropped-FavLarge-1.png\",\"width\":512,\"height\":512,\"caption\":\"TNO\"},\"image\":{\"@id\":\"https:\\\/\\\/stopcarcinogensatwork.eu\\\/fi\\\/#\\\/schema\\\/logo\\\/image\\\/\"},\"publishingPrinciples\":\"https:\\\/\\\/stopcarcinogensatwork.eu\\\/homepage\\\/legal\\\/\",\"ownershipFundingInfo\":\"https:\\\/\\\/stopcarcinogensatwork.eu\\\/general\\\/about-us\\\/\"}]}<\/script>\n<!-- \/ Yoast SEO Premium plugin. -->","yoast_head_json":{"title":"Koulutus sy\u00f6p\u00e4\u00e4 aiheuttavista aineista ty\u00f6ss\u00e4 - STOP carcinogens at work","description":"On t\u00e4rke\u00e4\u00e4 opettaa lapsille ja opiskelijoille sy\u00f6p\u00e4\u00e4 aiheuttavista aineista jo varhaisessa i\u00e4ss\u00e4, peruskoulussa ja ammatillisessa koulutuksessa.","robots":{"index":"index","follow":"follow","max-snippet":"max-snippet:-1","max-image-preview":"max-image-preview:large","max-video-preview":"max-video-preview:-1"},"canonical":"https:\/\/stopcarcinogensatwork.eu\/fi\/yleista\/koulutus-syopaa-aiheuttavista-aineista-tyossa\/","og_locale":"fi_FI","og_type":"article","og_title":"Koulutus sy\u00f6p\u00e4\u00e4 aiheuttavista aineista ty\u00f6ss\u00e4","og_description":"On t\u00e4rke\u00e4\u00e4 opettaa lapsille ja opiskelijoille sy\u00f6p\u00e4\u00e4 aiheuttavista aineista jo varhaisessa i\u00e4ss\u00e4, peruskoulussa ja ammatillisessa koulutuksessa.","og_url":"https:\/\/stopcarcinogensatwork.eu\/fi\/yleista\/koulutus-syopaa-aiheuttavista-aineista-tyossa\/","og_site_name":"STOP carcinogens at work","article_modified_time":"2026-02-26T09:32:59+00:00","twitter_card":"summary_large_image","twitter_misc":{"Arvioitu lukuaika":"1 minuutti"},"schema":{"@context":"https:\/\/schema.org","@graph":[{"@type":"WebPage","@id":"https:\/\/stopcarcinogensatwork.eu\/fi\/yleista\/koulutus-syopaa-aiheuttavista-aineista-tyossa\/","url":"https:\/\/stopcarcinogensatwork.eu\/fi\/yleista\/koulutus-syopaa-aiheuttavista-aineista-tyossa\/","name":"Koulutus sy\u00f6p\u00e4\u00e4 aiheuttavista aineista ty\u00f6ss\u00e4 - STOP carcinogens at work","isPartOf":{"@id":"https:\/\/stopcarcinogensatwork.eu\/fi\/#website"},"datePublished":"2025-09-01T11:06:42+00:00","dateModified":"2026-02-26T09:32:59+00:00","description":"On t\u00e4rke\u00e4\u00e4 opettaa lapsille ja opiskelijoille sy\u00f6p\u00e4\u00e4 aiheuttavista aineista jo varhaisessa i\u00e4ss\u00e4, peruskoulussa ja ammatillisessa koulutuksessa.","breadcrumb":{"@id":"https:\/\/stopcarcinogensatwork.eu\/fi\/yleista\/koulutus-syopaa-aiheuttavista-aineista-tyossa\/#breadcrumb"},"inLanguage":"fi","potentialAction":[{"@type":"ReadAction","target":["https:\/\/stopcarcinogensatwork.eu\/fi\/yleista\/koulutus-syopaa-aiheuttavista-aineista-tyossa\/"]}]},{"@type":"BreadcrumbList","@id":"https:\/\/stopcarcinogensatwork.eu\/fi\/yleista\/koulutus-syopaa-aiheuttavista-aineista-tyossa\/#breadcrumb","itemListElement":[{"@type":"ListItem","position":1,"name":"Home","item":"https:\/\/stopcarcinogensatwork.eu\/fi\/stop-carcinogens-at-work\/"},{"@type":"ListItem","position":2,"name":"Yleist\u00e4","item":"https:\/\/stopcarcinogensatwork.eu\/fi\/yleista\/"},{"@type":"ListItem","position":3,"name":"Koulutus sy\u00f6p\u00e4\u00e4 aiheuttavista aineista ty\u00f6ss\u00e4"}]},{"@type":"WebSite","@id":"https:\/\/stopcarcinogensatwork.eu\/fi\/#website","url":"https:\/\/stopcarcinogensatwork.eu\/fi\/","name":"STOP Carcinogens at work","description":"Every year, about 100.000 people die from cancer that was caused by exposure to carcinogens at work in Europe.","publisher":{"@id":"https:\/\/stopcarcinogensatwork.eu\/fi\/#organization"},"alternateName":"Roadmap on Carcinogens","potentialAction":[{"@type":"SearchAction","target":{"@type":"EntryPoint","urlTemplate":"https:\/\/stopcarcinogensatwork.eu\/fi\/?s={search_term_string}"},"query-input":{"@type":"PropertyValueSpecification","valueRequired":true,"valueName":"search_term_string"}}],"inLanguage":"fi"},{"@type":"Organization","@id":"https:\/\/stopcarcinogensatwork.eu\/fi\/#organization","name":"TNO","alternateName":"This is a European wide voluntary action scheme","url":"https:\/\/stopcarcinogensatwork.eu\/fi\/","logo":{"@type":"ImageObject","inLanguage":"fi","@id":"https:\/\/stopcarcinogensatwork.eu\/fi\/#\/schema\/logo\/image\/","url":"https:\/\/stopcarcinogensatwork.eu\/wp-content\/uploads\/2024\/08\/cropped-FavLarge-1.png","contentUrl":"https:\/\/stopcarcinogensatwork.eu\/wp-content\/uploads\/2024\/08\/cropped-FavLarge-1.png","width":512,"height":512,"caption":"TNO"},"image":{"@id":"https:\/\/stopcarcinogensatwork.eu\/fi\/#\/schema\/logo\/image\/"},"publishingPrinciples":"https:\/\/stopcarcinogensatwork.eu\/homepage\/legal\/","ownershipFundingInfo":"https:\/\/stopcarcinogensatwork.eu\/general\/about-us\/"}]}},"_links":{"self":[{"href":"https:\/\/stopcarcinogensatwork.eu\/fi\/wp-json\/wp\/v2\/pages\/93530","targetHints":{"allow":["GET"]}}],"collection":[{"href":"https:\/\/stopcarcinogensatwork.eu\/fi\/wp-json\/wp\/v2\/pages"}],"about":[{"href":"https:\/\/stopcarcinogensatwork.eu\/fi\/wp-json\/wp\/v2\/types\/page"}],"author":[{"embeddable":true,"href":"https:\/\/stopcarcinogensatwork.eu\/fi\/wp-json\/wp\/v2\/users\/1"}],"replies":[{"embeddable":true,"href":"https:\/\/stopcarcinogensatwork.eu\/fi\/wp-json\/wp\/v2\/comments?post=93530"}],"version-history":[{"count":0,"href":"https:\/\/stopcarcinogensatwork.eu\/fi\/wp-json\/wp\/v2\/pages\/93530\/revisions"}],"up":[{"embeddable":true,"href":"https:\/\/stopcarcinogensatwork.eu\/fi\/wp-json\/wp\/v2\/pages\/93480"}],"wp:attachment":[{"href":"https:\/\/stopcarcinogensatwork.eu\/fi\/wp-json\/wp\/v2\/media?parent=93530"}],"curies":[{"name":"wp","href":"https:\/\/api.w.org\/{rel}","templated":true}]}}