{"id":93531,"date":"2024-12-30T09:48:30","date_gmt":"2024-12-30T09:48:30","guid":{"rendered":"https:\/\/stopcarcinogensatwork.eu\/yleista\/syopaa-aiheuttavia-aineita-koskevasta-etenemissuunnitelmasta\/haasteet\/mahdolliset-vaihtoehdot-kromille\/"},"modified":"2026-02-26T09:32:41","modified_gmt":"2026-02-26T09:32:41","slug":"mahdolliset-vaihtoehdot-kromille","status":"publish","type":"page","link":"https:\/\/stopcarcinogensatwork.eu\/fi\/yleista\/syopaa-aiheuttavia-aineita-koskevasta-etenemissuunnitelmasta\/haasteet\/mahdolliset-vaihtoehdot-kromille\/","title":{"rendered":"Mahdolliset vaihtoehdot kromille"},"content":{"rendered":"<ol>\n<li><a href=\"https:\/\/stopcarcinogensatwork.eu\/fi\/good-practice\/kromitrioksidin-korvaaminen-muovialustan-syovyttamisella-galvanoinnin-esikasittelyssa\/\" target=\"_blank\" rel=\"noopener\">Kromitrioksidin korvaaminen muovialustan sy\u00f6vytt\u00e4misell\u00e4 galvanoinnin esik\u00e4sittelyss\u00e4<\/a><\/li>\n<li><a href=\"https:\/\/stopcarcinogensatwork.eu\/fi\/good-practice\/mahdolliset-vaihtoehdot-kromitrioksidille-saniteettimateriaalien-pinnoitusaineeksi\/\" target=\"_blank\" rel=\"noopener\">Mahdolliset vaihtoehdot kromitrioksidille saniteettimateriaalien pinnoitusaineeksi<\/a><\/li>\n<li><a href=\"https:\/\/stopcarcinogensatwork.eu\/fi\/good-practice\/natriumdikromaatin-korvaaminen-elektrolyyttisen-tinapellin-passivoinnissa-etp\/\" target=\"_blank\" rel=\"noopener\">Natriumdikromaatin korvaaminen elektrolyyttisen tinapellin passivoinnissa (ETP)<\/a><\/li>\n<li><a href=\"https:\/\/stopcarcinogensatwork.eu\/fi\/good-practice\/natriumkromaatin-korvaaminen-hiiliteraksen-korroosionestoaineena-kaasun-absorptiolaitteiden-suljetussa-piirissa\/\" target=\"_blank\" rel=\"noopener\">Natriumkromaatin korvaaminen hiiliter\u00e4ksen korroosionestoaineena kaasun absorptiolaitteiden suljetussa piiriss\u00e4<\/a><\/li>\n<li><a href=\"https:\/\/stopcarcinogensatwork.eu\/fi\/good-practice\/kromivitrioksidin-korvaaminen-pintakasittelyssa-ilmailu-ja-avaruusteollisuudessa-kaytettavalla-kromilla\/\" target=\"_blank\" rel=\"noopener\">Kromi(VI)trioksidin korvaaminen pintak\u00e4sittelyss\u00e4 ilmailu- ja avaruusteollisuudessa k\u00e4ytett\u00e4v\u00e4ll\u00e4 kromilla<\/a><\/li>\n<li><a href=\"https:\/\/stopcarcinogensatwork.eu\/fi\/good-practice\/hammaslaaketieteellisten-instrumenttien-kromitrioksidipohjaisen-toiminnallisen-kromipinnoituksen-korvaaminen-hammashoidossa-kaytettavilla-instrumenteilla\/\" target=\"_blank\" rel=\"noopener\">Hammasl\u00e4\u00e4ketieteellisten instrumenttien kromitrioksidipohjaisen toiminnallisen kromipinnoituksen korvaaminen hammashoidossa k\u00e4ytett\u00e4v\u00e4ll\u00e4 kromilla<\/a><\/li>\n<li><a href=\"https:\/\/stopcarcinogensatwork.eu\/fi\/good-practice\/kromivitrioksidin-korvaaminen-teraksen-elektrolyyttisella-kromipinnoitteella-eccs\/\" target=\"_blank\" rel=\"noopener\">Kromi(VI)trioksidin korvaaminen ter\u00e4ksen elektrolyyttisell\u00e4 kromipinnoitteella (ECCS)<\/a><\/li>\n<li><a href=\"https:\/\/stopcarcinogensatwork.eu\/fi\/good-practice\/kromivi-trioksidin-korvaaminen-elektrolyyttisen-tinapellin-passivoinnissa-etp\/\" target=\"_blank\" rel=\"noopener\">Kromi(VI)-trioksidin korvaaminen elektrolyyttisen tinapellin passivoinnissa (ETP)<\/a><\/li>\n<li><a href=\"https:\/\/stopcarcinogensatwork.eu\/fi\/good-practice\/kromitrioksidin-korvaaminen-muovialustan-syovyttamisella-galvanoinnin-esikasittelyssa\/\" target=\"_blank\" rel=\"noopener\">Kromitrioksidin korvaaminen muovialustan sy\u00f6vytt\u00e4misell\u00e4 galvanoinnin esik\u00e4sittelyss\u00e4<\/a><\/li>\n<li><a href=\"https:\/\/stopcarcinogensatwork.eu\/fi\/good-practice\/trikloorieteenin-korvaaminen-alcantara-materiaalin-tuotannossa\/\" target=\"_blank\" rel=\"noopener\">Trikloorieteenin korvaaminen Alcantara-materiaalin tuotannossa<\/a><\/li>\n<li><a href=\"https:\/\/stopcarcinogensatwork.eu\/fi\/good-practice\/mahdolliset-vaihtoehdot-kromitrioksidille-yleisessa-teollisuudessa-kaytettavana-pinnoitusaineena\/\" target=\"_blank\" rel=\"noopener\">Mahdolliset vaihtoehdot kromitrioksidille yleisess\u00e4 teollisuudessa k\u00e4ytett\u00e4v\u00e4n\u00e4 pinnoitusaineena<\/a><\/li>\n<li><a href=\"https:\/\/stopcarcinogensatwork.eu\/fi\/good-practice\/22-dikloori-44-metyleenidianiliinin-moca-korvaaminen-polyuretaanien-valmistuksessa\/\" target=\"_blank\" rel=\"noopener\">2,2&#8242;-dikloori-4,4&#8242;-metyleenidianiliinin (MOCA) korvaaminen polyuretaanien valmistuksessa<\/a><\/li>\n<li><a href=\"https:\/\/stopcarcinogensatwork.eu\/fi\/good-practice\/mahdolliset-vaihtoehdot-kromitrioksidille-yleisessa-teollisuudessa-kaytettavana-pinnoitusaineena\/\" target=\"_blank\" rel=\"noopener\">Mahdolliset vaihtoehdot kromitrioksidille yleisess\u00e4 teollisuudessa k\u00e4ytett\u00e4v\u00e4n\u00e4 pinnoitusaineena<\/a><\/li>\n<\/ol>\n","protected":false},"excerpt":{"rendered":"<p>Kromitrioksidin korvaaminen muovialustan sy\u00f6vytt\u00e4misell\u00e4 galvanoinnin esik\u00e4sittelyss\u00e4 Mahdolliset vaihtoehdot kromitrioksidille saniteettimateriaalien pinnoitusaineeksi Natriumdikromaatin korvaaminen elektrolyyttisen tinapellin passivoinnissa (ETP) Natriumkromaatin korvaaminen hiiliter\u00e4ksen korroosionestoaineena kaasun absorptiolaitteiden suljetussa piiriss\u00e4 Kromi(VI)trioksidin korvaaminen pintak\u00e4sittelyss\u00e4 ilmailu- ja avaruusteollisuudessa k\u00e4ytett\u00e4v\u00e4ll\u00e4 kromilla Hammasl\u00e4\u00e4ketieteellisten instrumenttien kromitrioksidipohjaisen toiminnallisen kromipinnoituksen korvaaminen hammashoidossa k\u00e4ytett\u00e4v\u00e4ll\u00e4 kromilla Kromi(VI)trioksidin korvaaminen ter\u00e4ksen elektrolyyttisell\u00e4 kromipinnoitteella (ECCS) Kromi(VI)-trioksidin korvaaminen elektrolyyttisen tinapellin passivoinnissa (ETP) Kromitrioksidin [&hellip;]<\/p>\n","protected":false},"author":1,"featured_media":0,"parent":93496,"menu_order":0,"comment_status":"closed","ping_status":"closed","template":"","meta":{"inline_featured_image":false,"footnotes":""},"class_list":["post-93531","page","type-page","status-publish","hentry"],"yoast_head":"<!-- This site is optimized with the Yoast SEO Premium plugin v27.0 (Yoast SEO v27.3) - https:\/\/yoast.com\/product\/yoast-seo-premium-wordpress\/ -->\n<title>Mahdolliset vaihtoehdot kromille - STOP carcinogens at work<\/title>\n<meta name=\"description\" content=\"Every year, more than 100.000 people die in the EU from cancer caused by carcinogens at work. This must STOP!\" \/>\n<meta name=\"robots\" content=\"index, follow, max-snippet:-1, max-image-preview:large, max-video-preview:-1\" \/>\n<link rel=\"canonical\" href=\"https:\/\/stopcarcinogensatwork.eu\/fi\/yleista\/syopaa-aiheuttavia-aineita-koskevasta-etenemissuunnitelmasta\/haasteet\/mahdolliset-vaihtoehdot-kromille\/\" \/>\n<meta property=\"og:locale\" content=\"fi_FI\" \/>\n<meta property=\"og:type\" content=\"article\" \/>\n<meta property=\"og:title\" content=\"Mahdolliset vaihtoehdot kromille\" \/>\n<meta property=\"og:description\" content=\"Every year, more than 100.000 people die in the EU from cancer caused by carcinogens at work. This must STOP!\" \/>\n<meta property=\"og:url\" content=\"https:\/\/stopcarcinogensatwork.eu\/fi\/yleista\/syopaa-aiheuttavia-aineita-koskevasta-etenemissuunnitelmasta\/haasteet\/mahdolliset-vaihtoehdot-kromille\/\" \/>\n<meta property=\"og:site_name\" content=\"STOP carcinogens at work\" \/>\n<meta property=\"article:modified_time\" content=\"2026-02-26T09:32:41+00:00\" \/>\n<meta name=\"twitter:card\" content=\"summary_large_image\" \/>\n<meta name=\"twitter:label1\" content=\"Arvioitu lukuaika\" \/>\n\t<meta name=\"twitter:data1\" content=\"1 minuutti\" \/>\n<script type=\"application\/ld+json\" class=\"yoast-schema-graph\">{\"@context\":\"https:\\\/\\\/schema.org\",\"@graph\":[{\"@type\":\"WebPage\",\"@id\":\"https:\\\/\\\/stopcarcinogensatwork.eu\\\/fi\\\/yleista\\\/syopaa-aiheuttavia-aineita-koskevasta-etenemissuunnitelmasta\\\/haasteet\\\/mahdolliset-vaihtoehdot-kromille\\\/\",\"url\":\"https:\\\/\\\/stopcarcinogensatwork.eu\\\/fi\\\/yleista\\\/syopaa-aiheuttavia-aineita-koskevasta-etenemissuunnitelmasta\\\/haasteet\\\/mahdolliset-vaihtoehdot-kromille\\\/\",\"name\":\"Mahdolliset vaihtoehdot kromille - STOP carcinogens at work\",\"isPartOf\":{\"@id\":\"https:\\\/\\\/stopcarcinogensatwork.eu\\\/fi\\\/#website\"},\"datePublished\":\"2024-12-30T09:48:30+00:00\",\"dateModified\":\"2026-02-26T09:32:41+00:00\",\"description\":\"Every year, more than 100.000 people die in the EU from cancer caused by carcinogens at work. This must STOP!\",\"breadcrumb\":{\"@id\":\"https:\\\/\\\/stopcarcinogensatwork.eu\\\/fi\\\/yleista\\\/syopaa-aiheuttavia-aineita-koskevasta-etenemissuunnitelmasta\\\/haasteet\\\/mahdolliset-vaihtoehdot-kromille\\\/#breadcrumb\"},\"inLanguage\":\"fi\",\"potentialAction\":[{\"@type\":\"ReadAction\",\"target\":[\"https:\\\/\\\/stopcarcinogensatwork.eu\\\/fi\\\/yleista\\\/syopaa-aiheuttavia-aineita-koskevasta-etenemissuunnitelmasta\\\/haasteet\\\/mahdolliset-vaihtoehdot-kromille\\\/\"]}]},{\"@type\":\"BreadcrumbList\",\"@id\":\"https:\\\/\\\/stopcarcinogensatwork.eu\\\/fi\\\/yleista\\\/syopaa-aiheuttavia-aineita-koskevasta-etenemissuunnitelmasta\\\/haasteet\\\/mahdolliset-vaihtoehdot-kromille\\\/#breadcrumb\",\"itemListElement\":[{\"@type\":\"ListItem\",\"position\":1,\"name\":\"Home\",\"item\":\"https:\\\/\\\/stopcarcinogensatwork.eu\\\/fi\\\/stop-carcinogens-at-work\\\/\"},{\"@type\":\"ListItem\",\"position\":2,\"name\":\"Yleist\u00e4\",\"item\":\"https:\\\/\\\/stopcarcinogensatwork.eu\\\/fi\\\/yleista\\\/\"},{\"@type\":\"ListItem\",\"position\":3,\"name\":\"Sy\u00f6p\u00e4\u00e4 aiheuttavia aineita koskevasta toimintaohjelmasta\",\"item\":\"https:\\\/\\\/stopcarcinogensatwork.eu\\\/fi\\\/yleista\\\/syopaa-aiheuttavia-aineita-koskevasta-etenemissuunnitelmasta\\\/\"},{\"@type\":\"ListItem\",\"position\":4,\"name\":\"Haasteet\",\"item\":\"https:\\\/\\\/stopcarcinogensatwork.eu\\\/fi\\\/yleista\\\/syopaa-aiheuttavia-aineita-koskevasta-etenemissuunnitelmasta\\\/haasteet\\\/\"},{\"@type\":\"ListItem\",\"position\":5,\"name\":\"Mahdolliset vaihtoehdot kromille\"}]},{\"@type\":\"WebSite\",\"@id\":\"https:\\\/\\\/stopcarcinogensatwork.eu\\\/fi\\\/#website\",\"url\":\"https:\\\/\\\/stopcarcinogensatwork.eu\\\/fi\\\/\",\"name\":\"STOP Carcinogens at work\",\"description\":\"Every year, about 100.000 people die from cancer that was caused by exposure to carcinogens at work in Europe.\",\"publisher\":{\"@id\":\"https:\\\/\\\/stopcarcinogensatwork.eu\\\/fi\\\/#organization\"},\"alternateName\":\"Roadmap on Carcinogens\",\"potentialAction\":[{\"@type\":\"SearchAction\",\"target\":{\"@type\":\"EntryPoint\",\"urlTemplate\":\"https:\\\/\\\/stopcarcinogensatwork.eu\\\/fi\\\/?s={search_term_string}\"},\"query-input\":{\"@type\":\"PropertyValueSpecification\",\"valueRequired\":true,\"valueName\":\"search_term_string\"}}],\"inLanguage\":\"fi\"},{\"@type\":\"Organization\",\"@id\":\"https:\\\/\\\/stopcarcinogensatwork.eu\\\/fi\\\/#organization\",\"name\":\"TNO\",\"alternateName\":\"This is a European wide voluntary action scheme\",\"url\":\"https:\\\/\\\/stopcarcinogensatwork.eu\\\/fi\\\/\",\"logo\":{\"@type\":\"ImageObject\",\"inLanguage\":\"fi\",\"@id\":\"https:\\\/\\\/stopcarcinogensatwork.eu\\\/fi\\\/#\\\/schema\\\/logo\\\/image\\\/\",\"url\":\"https:\\\/\\\/stopcarcinogensatwork.eu\\\/wp-content\\\/uploads\\\/2024\\\/08\\\/cropped-FavLarge-1.png\",\"contentUrl\":\"https:\\\/\\\/stopcarcinogensatwork.eu\\\/wp-content\\\/uploads\\\/2024\\\/08\\\/cropped-FavLarge-1.png\",\"width\":512,\"height\":512,\"caption\":\"TNO\"},\"image\":{\"@id\":\"https:\\\/\\\/stopcarcinogensatwork.eu\\\/fi\\\/#\\\/schema\\\/logo\\\/image\\\/\"},\"publishingPrinciples\":\"https:\\\/\\\/stopcarcinogensatwork.eu\\\/homepage\\\/legal\\\/\",\"ownershipFundingInfo\":\"https:\\\/\\\/stopcarcinogensatwork.eu\\\/general\\\/about-us\\\/\"}]}<\/script>\n<!-- \/ Yoast SEO Premium plugin. -->","yoast_head_json":{"title":"Mahdolliset vaihtoehdot kromille - STOP carcinogens at work","description":"Every year, more than 100.000 people die in the EU from cancer caused by carcinogens at work. This must STOP!","robots":{"index":"index","follow":"follow","max-snippet":"max-snippet:-1","max-image-preview":"max-image-preview:large","max-video-preview":"max-video-preview:-1"},"canonical":"https:\/\/stopcarcinogensatwork.eu\/fi\/yleista\/syopaa-aiheuttavia-aineita-koskevasta-etenemissuunnitelmasta\/haasteet\/mahdolliset-vaihtoehdot-kromille\/","og_locale":"fi_FI","og_type":"article","og_title":"Mahdolliset vaihtoehdot kromille","og_description":"Every year, more than 100.000 people die in the EU from cancer caused by carcinogens at work. This must STOP!","og_url":"https:\/\/stopcarcinogensatwork.eu\/fi\/yleista\/syopaa-aiheuttavia-aineita-koskevasta-etenemissuunnitelmasta\/haasteet\/mahdolliset-vaihtoehdot-kromille\/","og_site_name":"STOP carcinogens at work","article_modified_time":"2026-02-26T09:32:41+00:00","twitter_card":"summary_large_image","twitter_misc":{"Arvioitu lukuaika":"1 minuutti"},"schema":{"@context":"https:\/\/schema.org","@graph":[{"@type":"WebPage","@id":"https:\/\/stopcarcinogensatwork.eu\/fi\/yleista\/syopaa-aiheuttavia-aineita-koskevasta-etenemissuunnitelmasta\/haasteet\/mahdolliset-vaihtoehdot-kromille\/","url":"https:\/\/stopcarcinogensatwork.eu\/fi\/yleista\/syopaa-aiheuttavia-aineita-koskevasta-etenemissuunnitelmasta\/haasteet\/mahdolliset-vaihtoehdot-kromille\/","name":"Mahdolliset vaihtoehdot kromille - STOP carcinogens at work","isPartOf":{"@id":"https:\/\/stopcarcinogensatwork.eu\/fi\/#website"},"datePublished":"2024-12-30T09:48:30+00:00","dateModified":"2026-02-26T09:32:41+00:00","description":"Every year, more than 100.000 people die in the EU from cancer caused by carcinogens at work. This must STOP!","breadcrumb":{"@id":"https:\/\/stopcarcinogensatwork.eu\/fi\/yleista\/syopaa-aiheuttavia-aineita-koskevasta-etenemissuunnitelmasta\/haasteet\/mahdolliset-vaihtoehdot-kromille\/#breadcrumb"},"inLanguage":"fi","potentialAction":[{"@type":"ReadAction","target":["https:\/\/stopcarcinogensatwork.eu\/fi\/yleista\/syopaa-aiheuttavia-aineita-koskevasta-etenemissuunnitelmasta\/haasteet\/mahdolliset-vaihtoehdot-kromille\/"]}]},{"@type":"BreadcrumbList","@id":"https:\/\/stopcarcinogensatwork.eu\/fi\/yleista\/syopaa-aiheuttavia-aineita-koskevasta-etenemissuunnitelmasta\/haasteet\/mahdolliset-vaihtoehdot-kromille\/#breadcrumb","itemListElement":[{"@type":"ListItem","position":1,"name":"Home","item":"https:\/\/stopcarcinogensatwork.eu\/fi\/stop-carcinogens-at-work\/"},{"@type":"ListItem","position":2,"name":"Yleist\u00e4","item":"https:\/\/stopcarcinogensatwork.eu\/fi\/yleista\/"},{"@type":"ListItem","position":3,"name":"Sy\u00f6p\u00e4\u00e4 aiheuttavia aineita koskevasta toimintaohjelmasta","item":"https:\/\/stopcarcinogensatwork.eu\/fi\/yleista\/syopaa-aiheuttavia-aineita-koskevasta-etenemissuunnitelmasta\/"},{"@type":"ListItem","position":4,"name":"Haasteet","item":"https:\/\/stopcarcinogensatwork.eu\/fi\/yleista\/syopaa-aiheuttavia-aineita-koskevasta-etenemissuunnitelmasta\/haasteet\/"},{"@type":"ListItem","position":5,"name":"Mahdolliset vaihtoehdot kromille"}]},{"@type":"WebSite","@id":"https:\/\/stopcarcinogensatwork.eu\/fi\/#website","url":"https:\/\/stopcarcinogensatwork.eu\/fi\/","name":"STOP Carcinogens at work","description":"Every year, about 100.000 people die from cancer that was caused by exposure to carcinogens at work in Europe.","publisher":{"@id":"https:\/\/stopcarcinogensatwork.eu\/fi\/#organization"},"alternateName":"Roadmap on Carcinogens","potentialAction":[{"@type":"SearchAction","target":{"@type":"EntryPoint","urlTemplate":"https:\/\/stopcarcinogensatwork.eu\/fi\/?s={search_term_string}"},"query-input":{"@type":"PropertyValueSpecification","valueRequired":true,"valueName":"search_term_string"}}],"inLanguage":"fi"},{"@type":"Organization","@id":"https:\/\/stopcarcinogensatwork.eu\/fi\/#organization","name":"TNO","alternateName":"This is a European wide voluntary action scheme","url":"https:\/\/stopcarcinogensatwork.eu\/fi\/","logo":{"@type":"ImageObject","inLanguage":"fi","@id":"https:\/\/stopcarcinogensatwork.eu\/fi\/#\/schema\/logo\/image\/","url":"https:\/\/stopcarcinogensatwork.eu\/wp-content\/uploads\/2024\/08\/cropped-FavLarge-1.png","contentUrl":"https:\/\/stopcarcinogensatwork.eu\/wp-content\/uploads\/2024\/08\/cropped-FavLarge-1.png","width":512,"height":512,"caption":"TNO"},"image":{"@id":"https:\/\/stopcarcinogensatwork.eu\/fi\/#\/schema\/logo\/image\/"},"publishingPrinciples":"https:\/\/stopcarcinogensatwork.eu\/homepage\/legal\/","ownershipFundingInfo":"https:\/\/stopcarcinogensatwork.eu\/general\/about-us\/"}]}},"_links":{"self":[{"href":"https:\/\/stopcarcinogensatwork.eu\/fi\/wp-json\/wp\/v2\/pages\/93531","targetHints":{"allow":["GET"]}}],"collection":[{"href":"https:\/\/stopcarcinogensatwork.eu\/fi\/wp-json\/wp\/v2\/pages"}],"about":[{"href":"https:\/\/stopcarcinogensatwork.eu\/fi\/wp-json\/wp\/v2\/types\/page"}],"author":[{"embeddable":true,"href":"https:\/\/stopcarcinogensatwork.eu\/fi\/wp-json\/wp\/v2\/users\/1"}],"replies":[{"embeddable":true,"href":"https:\/\/stopcarcinogensatwork.eu\/fi\/wp-json\/wp\/v2\/comments?post=93531"}],"version-history":[{"count":0,"href":"https:\/\/stopcarcinogensatwork.eu\/fi\/wp-json\/wp\/v2\/pages\/93531\/revisions"}],"up":[{"embeddable":true,"href":"https:\/\/stopcarcinogensatwork.eu\/fi\/wp-json\/wp\/v2\/pages\/93496"}],"wp:attachment":[{"href":"https:\/\/stopcarcinogensatwork.eu\/fi\/wp-json\/wp\/v2\/media?parent=93531"}],"curies":[{"name":"wp","href":"https:\/\/api.w.org\/{rel}","templated":true}]}}