{"id":42321,"date":"2024-12-30T09:48:30","date_gmt":"2024-12-30T09:48:30","guid":{"rendered":"https:\/\/stopcarcinogensatwork.eu\/alternatives-possibles-au-chrome\/"},"modified":"2025-01-21T14:44:09","modified_gmt":"2025-01-21T14:44:09","slug":"alternatives-possibles-au-chrome","status":"publish","type":"page","link":"https:\/\/stopcarcinogensatwork.eu\/fr\/general\/a-propos-de-la-roadmap-on-carcinogens\/defis\/alternatives-possibles-au-chrome\/","title":{"rendered":"Alternatives possibles au chrome"},"content":{"rendered":"<ol>\n<li><a href=\"https:\/\/stopcarcinogensatwork.eu\/fr\/good-practice\/remplacement-du-trioxyde-de-chrome-pour-le-decapage-des-substrats-plastiques-dans-le-pretraitement-de-la-galvanoplastie\/\" target=\"_blank\" rel=\"noopener\">Remplacement du trioxyde de chrome pour le d\u00e9capage des substrats plastiques dans le pr\u00e9traitement de la galvanoplastie<\/a><\/li>\n<li><a href=\"https:\/\/stopcarcinogensatwork.eu\/fr\/good-practice\/alternatives-possibles-au-trioxyde-de-chrome-en-tant-quagent-de-placage-pour-les-materiaux-sanitaires\/\" target=\"_blank\" rel=\"noopener\">Alternatives possibles au trioxyde de chrome en tant qu&rsquo;agent de placage pour les mat\u00e9riaux sanitaires<\/a><\/li>\n<li><a href=\"https:\/\/stopcarcinogensatwork.eu\/fr\/good-practice\/substitution-du-dichromate-de-sodium-pour-la-passivation-du-fer-blanc-electrolytique-etp\/\" target=\"_blank\" rel=\"noopener\">Substitution du dichromate de sodium pour la passivation du fer-blanc \u00e9lectrolytique (ETP)<\/a><\/li>\n<li><a href=\"https:\/\/stopcarcinogensatwork.eu\/fr\/good-practice\/substitution-du-chromate-de-sodium-comme-agent-anticorrosion-de-lacier-au-carbone-dans-le-circuit-ferme-des-appareils-dabsorption-de-gaz\/\" target=\"_blank\" rel=\"noopener\">Substitution du chromate de sodium comme agent anticorrosion de l&rsquo;acier au carbone dans le circuit ferm\u00e9 des appareils d&rsquo;absorption de gaz<\/a><\/li>\n<li><a href=\"https:\/\/stopcarcinogensatwork.eu\/fr\/good-practice\/substitution-du-trioxyde-de-chrome-vi-pour-les-traitements-de-surface-dans-lindustrie-aeronautique-et-aerospatiale\/\" target=\"_blank\" rel=\"noopener\">Substitution du trioxyde de chrome (VI) pour les traitements de surface dans l&rsquo;industrie a\u00e9ronautique et a\u00e9rospatiale<\/a><\/li>\n<li><a href=\"https:\/\/stopcarcinogensatwork.eu\/fr\/good-practice\/remplacement-du-chromage-fonctionnel-des-instruments-dentaires-a-base-de-trioxyde-de-chrome-pour-le-traitement-dentaire\/\" target=\"_blank\" rel=\"noopener\">Remplacement du chromage fonctionnel des instruments dentaires \u00e0 base de trioxyde de chrome pour le traitement dentaire<\/a><\/li>\n<li><a href=\"https:\/\/stopcarcinogensatwork.eu\/fr\/good-practice\/substitution-du-trioxyde-de-chrome-vi-au-revetement-electrolytique-de-chrome-de-lacier-eccs\/\" target=\"_blank\" rel=\"noopener\">Substitution du trioxyde de chrome (VI) au rev\u00eatement \u00e9lectrolytique de chrome de l&rsquo;acier (ECCS)<\/a><\/li>\n<li><a href=\"https:\/\/stopcarcinogensatwork.eu\/fr\/good-practice\/substitution-du-trioxyde-de-chrome-vi-pour-la-passivation-du-fer-blanc-electrolytique-etp\/\" target=\"_blank\" rel=\"noopener\">Substitution du trioxyde de chrome (VI) pour la passivation du fer-blanc \u00e9lectrolytique (ETP)<\/a><\/li>\n<li><a href=\"https:\/\/stopcarcinogensatwork.eu\/fr\/good-practice\/remplacement-du-trioxyde-de-chrome-pour-le-decapage-des-substrats-plastiques-dans-le-pretraitement-de-la-galvanoplastie\/\" target=\"_blank\" rel=\"noopener\">Remplacement du trioxyde de chrome pour le d\u00e9capage des substrats plastiques dans le pr\u00e9traitement de la galvanoplastie<\/a><\/li>\n<li><a href=\"https:\/\/stopcarcinogensatwork.eu\/fr\/good-practice\/remplacement-du-trichlorethylene-dans-la-production-du-materiau-alcantara\/\" target=\"_blank\" rel=\"noopener\">Remplacement du trichlor\u00e9thyl\u00e8ne dans la production du mat\u00e9riau Alcantara<\/a><\/li>\n<li><a href=\"https:\/\/stopcarcinogensatwork.eu\/fr\/good-practice\/alternatives-possibles-au-trioxyde-de-chrome-en-tant-quagent-de-placage-utilise-dans-lindustrie-manufacturiere-generale\/\" target=\"_blank\" rel=\"noopener\">Alternatives possibles au trioxyde de chrome en tant qu&rsquo;agent de placage utilis\u00e9 dans l&rsquo;industrie manufacturi\u00e8re g\u00e9n\u00e9rale<\/a><\/li>\n<li><a href=\"https:\/\/stopcarcinogensatwork.eu\/fr\/good-practice\/remplacement-de-la-22-dichloro-44-methylenedianiline-moca-dans-la-fabrication-de-polyurethanes\/\" target=\"_blank\" rel=\"noopener\">Remplacement de la 2,2&prime;-dichloro-4,4&prime;-m\u00e9thyl\u00e8nedianiline (MOCA) dans la fabrication de polyur\u00e9thanes<\/a><\/li>\n<li><a href=\"https:\/\/stopcarcinogensatwork.eu\/fr\/good-practice\/alternatives-possibles-au-trioxyde-de-chrome-en-tant-quagent-de-placage-utilise-dans-lindustrie-manufacturiere-generale\/\" target=\"_blank\" rel=\"noopener\">Alternatives possibles au trioxyde de chrome en tant qu&rsquo;agent de placage utilis\u00e9 dans l&rsquo;industrie manufacturi\u00e8re g\u00e9n\u00e9rale<\/a><\/li>\n<\/ol>\n","protected":false},"excerpt":{"rendered":"<p>Remplacement du trioxyde de chrome pour le d\u00e9capage des substrats plastiques dans le pr\u00e9traitement de la galvanoplastie Alternatives possibles au trioxyde de chrome en tant qu&rsquo;agent de placage pour les mat\u00e9riaux sanitaires Substitution du dichromate de sodium pour la passivation du fer-blanc \u00e9lectrolytique (ETP) Substitution du chromate de sodium comme agent anticorrosion de l&rsquo;acier au [&hellip;]<\/p>\n","protected":false},"author":1,"featured_media":0,"parent":42338,"menu_order":0,"comment_status":"closed","ping_status":"closed","template":"","meta":{"inline_featured_image":false,"footnotes":""},"class_list":["post-42321","page","type-page","status-publish","hentry"],"yoast_head":"<!-- This site is optimized with the Yoast SEO Premium plugin v27.4 (Yoast SEO v27.5) - https:\/\/yoast.com\/product\/yoast-seo-premium-wordpress\/ -->\n<title>Alternatives possibles au chrome - STOP carcinogens at work<\/title>\n<meta name=\"description\" content=\"Every year, more than 100.000 people die in the EU from cancer caused by carcinogens at work. This must STOP!\" \/>\n<meta name=\"robots\" content=\"index, follow, max-snippet:-1, max-image-preview:large, max-video-preview:-1\" \/>\n<link rel=\"canonical\" href=\"https:\/\/stopcarcinogensatwork.eu\/fr\/general\/a-propos-de-la-roadmap-on-carcinogens\/defis\/alternatives-possibles-au-chrome\/\" \/>\n<meta property=\"og:locale\" content=\"fr_FR\" \/>\n<meta property=\"og:type\" content=\"article\" \/>\n<meta property=\"og:title\" content=\"Alternatives possibles au chrome\" \/>\n<meta property=\"og:description\" content=\"Every year, more than 100.000 people die in the EU from cancer caused by carcinogens at work. This must STOP!\" \/>\n<meta property=\"og:url\" content=\"https:\/\/stopcarcinogensatwork.eu\/fr\/general\/a-propos-de-la-roadmap-on-carcinogens\/defis\/alternatives-possibles-au-chrome\/\" \/>\n<meta property=\"og:site_name\" content=\"STOP carcinogens at work\" \/>\n<meta property=\"article:modified_time\" content=\"2025-01-21T14:44:09+00:00\" \/>\n<meta name=\"twitter:card\" content=\"summary_large_image\" \/>\n<meta name=\"twitter:label1\" content=\"Dur\u00e9e de lecture estim\u00e9e\" \/>\n\t<meta name=\"twitter:data1\" content=\"1 minute\" \/>\n<script type=\"application\/ld+json\" class=\"yoast-schema-graph\">{\"@context\":\"https:\\\/\\\/schema.org\",\"@graph\":[{\"@type\":\"WebPage\",\"@id\":\"https:\\\/\\\/stopcarcinogensatwork.eu\\\/fr\\\/general\\\/a-propos-de-la-roadmap-on-carcinogens\\\/defis\\\/alternatives-possibles-au-chrome\\\/\",\"url\":\"https:\\\/\\\/stopcarcinogensatwork.eu\\\/fr\\\/general\\\/a-propos-de-la-roadmap-on-carcinogens\\\/defis\\\/alternatives-possibles-au-chrome\\\/\",\"name\":\"Alternatives possibles au chrome - STOP carcinogens at work\",\"isPartOf\":{\"@id\":\"https:\\\/\\\/stopcarcinogensatwork.eu\\\/fr\\\/#website\"},\"datePublished\":\"2024-12-30T09:48:30+00:00\",\"dateModified\":\"2025-01-21T14:44:09+00:00\",\"description\":\"Every year, more than 100.000 people die in the EU from cancer caused by carcinogens at work. This must STOP!\",\"breadcrumb\":{\"@id\":\"https:\\\/\\\/stopcarcinogensatwork.eu\\\/fr\\\/general\\\/a-propos-de-la-roadmap-on-carcinogens\\\/defis\\\/alternatives-possibles-au-chrome\\\/#breadcrumb\"},\"inLanguage\":\"fr-FR\",\"potentialAction\":[{\"@type\":\"ReadAction\",\"target\":[\"https:\\\/\\\/stopcarcinogensatwork.eu\\\/fr\\\/general\\\/a-propos-de-la-roadmap-on-carcinogens\\\/defis\\\/alternatives-possibles-au-chrome\\\/\"]}]},{\"@type\":\"BreadcrumbList\",\"@id\":\"https:\\\/\\\/stopcarcinogensatwork.eu\\\/fr\\\/general\\\/a-propos-de-la-roadmap-on-carcinogens\\\/defis\\\/alternatives-possibles-au-chrome\\\/#breadcrumb\",\"itemListElement\":[{\"@type\":\"ListItem\",\"position\":1,\"name\":\"Home\",\"item\":\"https:\\\/\\\/stopcarcinogensatwork.eu\\\/fr\\\/page-daccueil\\\/\"},{\"@type\":\"ListItem\",\"position\":2,\"name\":\"G\u00e9n\u00e9ral\",\"item\":\"https:\\\/\\\/stopcarcinogensatwork.eu\\\/fr\\\/general\\\/\"},{\"@type\":\"ListItem\",\"position\":3,\"name\":\"\u00c0 propos de la Roadmap sur les canc\u00e9rog\u00e8nes\",\"item\":\"https:\\\/\\\/stopcarcinogensatwork.eu\\\/fr\\\/general\\\/a-propos-de-la-roadmap-on-carcinogens\\\/\"},{\"@type\":\"ListItem\",\"position\":4,\"name\":\"D\u00e9fis\",\"item\":\"https:\\\/\\\/stopcarcinogensatwork.eu\\\/fr\\\/general\\\/a-propos-de-la-roadmap-on-carcinogens\\\/defis\\\/\"},{\"@type\":\"ListItem\",\"position\":5,\"name\":\"Alternatives possibles au chrome\"}]},{\"@type\":\"WebSite\",\"@id\":\"https:\\\/\\\/stopcarcinogensatwork.eu\\\/fr\\\/#website\",\"url\":\"https:\\\/\\\/stopcarcinogensatwork.eu\\\/fr\\\/\",\"name\":\"STOP Carcinogens at work\",\"description\":\"Every year, about 100.000 people die from cancer that was caused by exposure to carcinogens at work in Europe.\",\"publisher\":{\"@id\":\"https:\\\/\\\/stopcarcinogensatwork.eu\\\/fr\\\/#organization\"},\"alternateName\":\"Roadmap on Carcinogens\",\"potentialAction\":[{\"@type\":\"SearchAction\",\"target\":{\"@type\":\"EntryPoint\",\"urlTemplate\":\"https:\\\/\\\/stopcarcinogensatwork.eu\\\/fr\\\/?s={search_term_string}\"},\"query-input\":{\"@type\":\"PropertyValueSpecification\",\"valueRequired\":true,\"valueName\":\"search_term_string\"}}],\"inLanguage\":\"fr-FR\"},{\"@type\":\"Organization\",\"@id\":\"https:\\\/\\\/stopcarcinogensatwork.eu\\\/fr\\\/#organization\",\"name\":\"TNO\",\"alternateName\":\"This is a European wide voluntary action scheme\",\"url\":\"https:\\\/\\\/stopcarcinogensatwork.eu\\\/fr\\\/\",\"logo\":{\"@type\":\"ImageObject\",\"inLanguage\":\"fr-FR\",\"@id\":\"https:\\\/\\\/stopcarcinogensatwork.eu\\\/fr\\\/#\\\/schema\\\/logo\\\/image\\\/\",\"url\":\"https:\\\/\\\/stopcarcinogensatwork.eu\\\/wp-content\\\/uploads\\\/2024\\\/08\\\/cropped-FavLarge-1.png\",\"contentUrl\":\"https:\\\/\\\/stopcarcinogensatwork.eu\\\/wp-content\\\/uploads\\\/2024\\\/08\\\/cropped-FavLarge-1.png\",\"width\":512,\"height\":512,\"caption\":\"TNO\"},\"image\":{\"@id\":\"https:\\\/\\\/stopcarcinogensatwork.eu\\\/fr\\\/#\\\/schema\\\/logo\\\/image\\\/\"},\"publishingPrinciples\":\"https:\\\/\\\/stopcarcinogensatwork.eu\\\/homepage\\\/legal\\\/\",\"ownershipFundingInfo\":\"https:\\\/\\\/stopcarcinogensatwork.eu\\\/general\\\/about-us\\\/\"}]}<\/script>\n<!-- \/ Yoast SEO Premium plugin. -->","yoast_head_json":{"title":"Alternatives possibles au chrome - STOP carcinogens at work","description":"Every year, more than 100.000 people die in the EU from cancer caused by carcinogens at work. This must STOP!","robots":{"index":"index","follow":"follow","max-snippet":"max-snippet:-1","max-image-preview":"max-image-preview:large","max-video-preview":"max-video-preview:-1"},"canonical":"https:\/\/stopcarcinogensatwork.eu\/fr\/general\/a-propos-de-la-roadmap-on-carcinogens\/defis\/alternatives-possibles-au-chrome\/","og_locale":"fr_FR","og_type":"article","og_title":"Alternatives possibles au chrome","og_description":"Every year, more than 100.000 people die in the EU from cancer caused by carcinogens at work. This must STOP!","og_url":"https:\/\/stopcarcinogensatwork.eu\/fr\/general\/a-propos-de-la-roadmap-on-carcinogens\/defis\/alternatives-possibles-au-chrome\/","og_site_name":"STOP carcinogens at work","article_modified_time":"2025-01-21T14:44:09+00:00","twitter_card":"summary_large_image","twitter_misc":{"Dur\u00e9e de lecture estim\u00e9e":"1 minute"},"schema":{"@context":"https:\/\/schema.org","@graph":[{"@type":"WebPage","@id":"https:\/\/stopcarcinogensatwork.eu\/fr\/general\/a-propos-de-la-roadmap-on-carcinogens\/defis\/alternatives-possibles-au-chrome\/","url":"https:\/\/stopcarcinogensatwork.eu\/fr\/general\/a-propos-de-la-roadmap-on-carcinogens\/defis\/alternatives-possibles-au-chrome\/","name":"Alternatives possibles au chrome - STOP carcinogens at work","isPartOf":{"@id":"https:\/\/stopcarcinogensatwork.eu\/fr\/#website"},"datePublished":"2024-12-30T09:48:30+00:00","dateModified":"2025-01-21T14:44:09+00:00","description":"Every year, more than 100.000 people die in the EU from cancer caused by carcinogens at work. This must STOP!","breadcrumb":{"@id":"https:\/\/stopcarcinogensatwork.eu\/fr\/general\/a-propos-de-la-roadmap-on-carcinogens\/defis\/alternatives-possibles-au-chrome\/#breadcrumb"},"inLanguage":"fr-FR","potentialAction":[{"@type":"ReadAction","target":["https:\/\/stopcarcinogensatwork.eu\/fr\/general\/a-propos-de-la-roadmap-on-carcinogens\/defis\/alternatives-possibles-au-chrome\/"]}]},{"@type":"BreadcrumbList","@id":"https:\/\/stopcarcinogensatwork.eu\/fr\/general\/a-propos-de-la-roadmap-on-carcinogens\/defis\/alternatives-possibles-au-chrome\/#breadcrumb","itemListElement":[{"@type":"ListItem","position":1,"name":"Home","item":"https:\/\/stopcarcinogensatwork.eu\/fr\/page-daccueil\/"},{"@type":"ListItem","position":2,"name":"G\u00e9n\u00e9ral","item":"https:\/\/stopcarcinogensatwork.eu\/fr\/general\/"},{"@type":"ListItem","position":3,"name":"\u00c0 propos de la Roadmap sur les canc\u00e9rog\u00e8nes","item":"https:\/\/stopcarcinogensatwork.eu\/fr\/general\/a-propos-de-la-roadmap-on-carcinogens\/"},{"@type":"ListItem","position":4,"name":"D\u00e9fis","item":"https:\/\/stopcarcinogensatwork.eu\/fr\/general\/a-propos-de-la-roadmap-on-carcinogens\/defis\/"},{"@type":"ListItem","position":5,"name":"Alternatives possibles au chrome"}]},{"@type":"WebSite","@id":"https:\/\/stopcarcinogensatwork.eu\/fr\/#website","url":"https:\/\/stopcarcinogensatwork.eu\/fr\/","name":"STOP Carcinogens at work","description":"Every year, about 100.000 people die from cancer that was caused by exposure to carcinogens at work in Europe.","publisher":{"@id":"https:\/\/stopcarcinogensatwork.eu\/fr\/#organization"},"alternateName":"Roadmap on Carcinogens","potentialAction":[{"@type":"SearchAction","target":{"@type":"EntryPoint","urlTemplate":"https:\/\/stopcarcinogensatwork.eu\/fr\/?s={search_term_string}"},"query-input":{"@type":"PropertyValueSpecification","valueRequired":true,"valueName":"search_term_string"}}],"inLanguage":"fr-FR"},{"@type":"Organization","@id":"https:\/\/stopcarcinogensatwork.eu\/fr\/#organization","name":"TNO","alternateName":"This is a European wide voluntary action scheme","url":"https:\/\/stopcarcinogensatwork.eu\/fr\/","logo":{"@type":"ImageObject","inLanguage":"fr-FR","@id":"https:\/\/stopcarcinogensatwork.eu\/fr\/#\/schema\/logo\/image\/","url":"https:\/\/stopcarcinogensatwork.eu\/wp-content\/uploads\/2024\/08\/cropped-FavLarge-1.png","contentUrl":"https:\/\/stopcarcinogensatwork.eu\/wp-content\/uploads\/2024\/08\/cropped-FavLarge-1.png","width":512,"height":512,"caption":"TNO"},"image":{"@id":"https:\/\/stopcarcinogensatwork.eu\/fr\/#\/schema\/logo\/image\/"},"publishingPrinciples":"https:\/\/stopcarcinogensatwork.eu\/homepage\/legal\/","ownershipFundingInfo":"https:\/\/stopcarcinogensatwork.eu\/general\/about-us\/"}]}},"_links":{"self":[{"href":"https:\/\/stopcarcinogensatwork.eu\/fr\/wp-json\/wp\/v2\/pages\/42321","targetHints":{"allow":["GET"]}}],"collection":[{"href":"https:\/\/stopcarcinogensatwork.eu\/fr\/wp-json\/wp\/v2\/pages"}],"about":[{"href":"https:\/\/stopcarcinogensatwork.eu\/fr\/wp-json\/wp\/v2\/types\/page"}],"author":[{"embeddable":true,"href":"https:\/\/stopcarcinogensatwork.eu\/fr\/wp-json\/wp\/v2\/users\/1"}],"replies":[{"embeddable":true,"href":"https:\/\/stopcarcinogensatwork.eu\/fr\/wp-json\/wp\/v2\/comments?post=42321"}],"version-history":[{"count":0,"href":"https:\/\/stopcarcinogensatwork.eu\/fr\/wp-json\/wp\/v2\/pages\/42321\/revisions"}],"up":[{"embeddable":true,"href":"https:\/\/stopcarcinogensatwork.eu\/fr\/wp-json\/wp\/v2\/pages\/42338"}],"wp:attachment":[{"href":"https:\/\/stopcarcinogensatwork.eu\/fr\/wp-json\/wp\/v2\/media?parent=42321"}],"curies":[{"name":"wp","href":"https:\/\/api.w.org\/{rel}","templated":true}]}}