{"id":42338,"date":"2024-08-31T07:07:44","date_gmt":"2024-08-31T07:07:44","guid":{"rendered":"https:\/\/stopcarcinogensatwork.eu\/defis\/"},"modified":"2025-10-21T10:19:04","modified_gmt":"2025-10-21T10:19:04","slug":"defis","status":"publish","type":"page","link":"https:\/\/stopcarcinogensatwork.eu\/fr\/general\/a-propos-de-la-roadmap-on-carcinogens\/defis\/","title":{"rendered":"D\u00e9fis"},"content":{"rendered":"<p><img fetchpriority=\"high\" decoding=\"async\" class=\"alignnone wp-image-20623 size-full\" src=\"https:\/\/stopcarcinogensatwork.eu\/wp-content\/uploads\/2024\/08\/Pillars.png\" alt=\"\" width=\"1384\" height=\"736\" srcset=\"https:\/\/stopcarcinogensatwork.eu\/wp-content\/uploads\/2024\/08\/Pillars.png 1384w, https:\/\/stopcarcinogensatwork.eu\/wp-content\/uploads\/2024\/08\/Pillars-300x160.png 300w, https:\/\/stopcarcinogensatwork.eu\/wp-content\/uploads\/2024\/08\/Pillars-768x408.png 768w\" sizes=\"(max-width: 1384px) 100vw, 1384px\" \/><\/p>\n<blockquote><p>\u00c0 partir de 2021, la Roadmap on Carcinogens a commenc\u00e9 \u00e0 lancer douze d\u00e9fis pour gagner en impact, afin d&rsquo;aider \u00e0 pr\u00e9venir l&rsquo;exposition des travailleurs aux canc\u00e9rog\u00e8nes (<a href=\"https:\/\/stopcarcinogensatwork.eu\/wp-content\/uploads\/2024\/09\/200903_RoC2.0_Strategy.pdf\" target=\"_blank\" rel=\"noopener\">lire la strat\u00e9gie compl\u00e8te ici<\/a>).<\/p><\/blockquote>\n<p>Pour la p\u00e9riode 2020-2024, la Roadmap a \u00e9tabli les quatre objectifs suivants :<\/p>\n<ul>\n<li><strong>Pilier 1 :<\/strong> Sensibiliser, par le biais de l&rsquo;Europe, les entreprises et les travailleurs aux risques d&rsquo;exposition aux substances canc\u00e9rog\u00e8nes et \u00e0 la n\u00e9cessit\u00e9 d&rsquo;actions pr\u00e9ventives.<\/li>\n<li><strong>Pilier 2 :<\/strong> Aider les entreprises et les travailleurs \u00e0 pr\u00e9venir l&rsquo;exposition aux canc\u00e9rog\u00e8nes sur le lieu de travail et \u00e0 en minimiser les effets sur la main-d&rsquo;\u0153uvre.<\/li>\n<li><strong>Pilier 3 :<\/strong> Engager l&rsquo;industrie et les secteurs et accro\u00eetre la participation des parties concern\u00e9es afin de multiplier nos efforts dans toute l&rsquo;Europe.<\/li>\n<li><strong>Pilier 4 :<\/strong> cibler l&rsquo;innovation pour combler le foss\u00e9 entre les r\u00e9sultats de la recherche et les besoins des entreprises.<\/li>\n<\/ul>\n<p>Ces piliers ont \u00e9t\u00e9 divis\u00e9s en 12 d\u00e9fis. L&rsquo;ex\u00e9cution de ces d\u00e9fis contribuera \u00e0 la r\u00e9alisation de ces objectifs. Chaque d\u00e9fi est g\u00e9r\u00e9 par une \u00e9quipe des partenaires de la feuille de route.  <\/p>\n<h3>D\u00e9fi 1.1 - De meilleures donn\u00e9es<\/h3>\n<p>Des donn\u00e9es de meilleure qualit\u00e9 et plus d\u00e9taill\u00e9es sur l&rsquo;exposition aux canc\u00e9rog\u00e8nes sont essentielles pour sensibiliser \u00e0 la n\u00e9cessit\u00e9 d&rsquo;agir et pour contr\u00f4ler - en particulier \u00e0 long terme - si nous sommes en mesure de constater une diminution de l&rsquo;utilisation des agents canc\u00e9rog\u00e8nes dans les ateliers.<\/p>\n<p><strong>R\u00e9sultats :<\/strong><\/p>\n<ul>\n<li><a href=\"https:\/\/stopcarcinogensatwork.eu\/wp-content\/uploads\/2024\/08\/Ch1.1_Conclusion_Report_20230125.pdf\" target=\"_blank\" rel=\"noopener\">Un rapport d\u00e9taill\u00e9 est disponible (pdf).<\/a><\/li>\n<li><a href=\"https:\/\/stopcarcinogensatwork.eu\/fr\/bases-de-donnees-de-mesures-sur-lexposition-professionnelle-carcinogen\/\" target=\"_blank\" rel=\"noopener\">Une vue d&rsquo;ensemble des bases de donn\u00e9es de mesure de l&rsquo;exposition est <strong>disponible sur ce site web.<\/strong><\/a><\/li>\n<li><a href=\"https:\/\/stopcarcinogensatwork.eu\/fr\/registres-des-travailleurs-exposes-a-des-agents-cancerigenes\/\" target=\"_blank\" rel=\"noopener\">Une vue d&rsquo;ensemble des registres sur les travailleurs expos\u00e9s \u00e0 des canc\u00e9rog\u00e8nes est <strong>disponible sur ce site web.<\/strong><\/a><\/li>\n<li><a href=\"https:\/\/stopcarcinogensatwork.eu\/wp-content\/uploads\/2024\/08\/Ch1.1_joint_research_projects_v2.1.pdf\" target=\"_blank\" rel=\"noopener\">Projets de recherche conjoints fournissant des donn\u00e9es sur l&rsquo;exposition aux canc\u00e9rog\u00e8nes professionnels (pdf)<\/a><\/li>\n<\/ul>\n<h3>D\u00e9fi 1.2 - L&rsquo;Enseignement est essentiel<\/h3>\n<p>Conform\u00e9ment \u00e0 la devise \u00ab\u00a0On ne peut pas apprendre de nouveaux tours \u00e0 un vieux chien\u00a0\u00bb, il est n\u00e9cessaire de commencer par des activit\u00e9s de sensibilisation dans les \u00e9coles primaires et de mieux les int\u00e9grer dans la formation professionnelle.<\/p>\n<p><strong>R\u00e9sultats :<\/strong><\/p>\n<ul>\n<li>Une s\u00e9rie de pr\u00e9sentations \u00e9ducatives destin\u00e9es aux enseignants du primaire sera bient\u00f4t disponible.<\/li>\n<li>Un outil de gamification a \u00e9t\u00e9 d\u00e9velopp\u00e9 et est <a href=\"https:\/\/stopcarcinogensatwork.eu\/de\/good-practice\/umgang-mit-den-risiken-von-karzinogenen-am-arbeitsplatz-durch-ein-lernspiel\/\" target=\"_blank\" rel=\"noopener\"><strong>est <\/strong><strong>disponible sur ce site.<\/strong><\/a><\/li>\n<\/ul>\n<h3>D\u00e9fi 2.1 - Strat\u00e9gies de substitution<\/h3>\n<p>La substitution par des alternatives plus s\u00fbres est au sommet de la hi\u00e9rarchie des mesures visant \u00e0 pr\u00e9venir l&rsquo;exposition aux agents canc\u00e9rig\u00e8nes sur le lieu de travail. La collecte d&rsquo;exemples de substitution et d&rsquo;innovation aidera les entreprises dans leur recherche d&rsquo;un plan de substitution r\u00e9ussi.<\/p>\n<ul>\n<li>Des r\u00e9sum\u00e9s d\u00e9taill\u00e9s des alternatives issues des demandes d&rsquo;autorisation REACH sont disponibles sur ce site web pour chaque fait.<\/li>\n<li><a href=\"https:\/\/stopcarcinogensatwork.eu\/fr\/general\/a-propos-de-la-roadmap-on-carcinogens\/defis\/alternatives-possibles-au-chrome\/\" target=\"_blank\" rel=\"noopener\">Vous trouverez ici des alternatives possibles au trioxyde de chrome en tant qu&rsquo;agent de placage pour une utilisation dans l&rsquo;industrie manufacturi\u00e8re g\u00e9n\u00e9rale.<\/a><\/li>\n<\/ul>\n<h3>D\u00e9fi 2.2 - Orientations pour la gestion des risques<\/h3>\n<p>L&rsquo;objectif de ce d\u00e9fi \u00e9tait de fournir des conseils sur la gestion des risques et de sensibiliser aux strat\u00e9gies de r\u00e9duction des risques selon le principe STOP. En plus de cr\u00e9er des brochures sur ce dernier point, l&rsquo;\u00e9quipe du d\u00e9fi a pass\u00e9 au crible de nombreuses fiches d&rsquo;orientation de contr\u00f4le sp\u00e9cifiques \u00e0 une t\u00e2che afin de rassembler les caract\u00e9ristiques g\u00e9n\u00e9rales d&rsquo;un mod\u00e8le. Celui-ci facilite la cr\u00e9ation de fiches d&rsquo;aide \u00e0 la pr\u00e9vention et aide \u00e0 communiquer les aspects les plus importants de la gestion des risques li\u00e9s aux canc\u00e9rog\u00e8nes. <a href=\"https:\/\/stopcarcinogensatwork.eu\/fr\/decouvrez-les-strategies-de-prevention-de-base\/\" target=\"_blank\" rel=\"noopener\">Le contenu des fiches S - T - O - P est disponible sur le site web.<\/a><br \/>\nD&rsquo;autres r\u00e9sultats de ce d\u00e9fi seront bient\u00f4t disponibles :  <\/p>\n<ul>\n<li><a href=\"https:\/\/stopcarcinogensatwork.eu\/fr\/decouvrez-les-strategies-de-prevention-de-base\/\" target=\"_blank\" rel=\"noopener\">D\u00e9pliants S - T - O - P t\u00e9l\u00e9chargeables<\/a>.<\/li>\n<li>Une plateforme que les institutions peuvent utiliser pour g\u00e9n\u00e9rer des<a href=\"https:\/\/stopcarcinogensatwork.eu\/fr\/general\/collaborations\/\" target=\"_blank\" rel=\"noopener\"> BESC bas\u00e9es sur le mod\u00e8le d\u00e9velopp\u00e9 par l&rsquo;\u00e9quipe du d\u00e9fi.<\/a> Les BESC r\u00e9sultantes pour les employeurs seront partag\u00e9es sur le site web. <\/li>\n<li><a href=\"https:\/\/stopcarcinogensatwork.eu\/wp-content\/uploads\/2025\/05\/Ch22_Conclusion_Report_20250521.pdf\" target=\"_blank\" rel=\"noopener\">Rapport sur les d\u00e9fis 2.2<\/a><\/li>\n<\/ul>\n<h3>D\u00e9fi 2.3 - Fonds pour les entreprises<\/h3>\n<p>On sait que diff\u00e9rentes organisations, comme les \u00c9tats membres, les industries ou les organisations sectorielles, les initiatives nationales en mati\u00e8re de s\u00e9curit\u00e9 sociale et d&rsquo;assurance et d&rsquo;autres, disposent d\u00e9j\u00e0 de fonds ou de mesures fiscales sp\u00e9cifiques qui incitent les entreprises \u00e0 investir dans la s\u00e9curit\u00e9 et la sant\u00e9 au travail.<\/p>\n<ul>\n<li><a href=\"https:\/\/stopcarcinogensatwork.eu\/wp-content\/uploads\/2025\/05\/Final-report-RoC-Ch2.3andCh3.1-BusinessEurope.pdf\">Rapport sur les d\u00e9fis 2.3 et 3.1<\/a><\/li>\n<\/ul>\n<h3>D\u00e9fi 3.1 - Engager les industries et les secteurs<\/h3>\n<p>Plus les organisations interprofessionnelles et sectorielles seront nombreuses \u00e0 se joindre \u00e0 la Roadmap on Carcinogens, plus les entreprises b\u00e9n\u00e9ficieront des solutions pr\u00e9sent\u00e9es et expliqu\u00e9es.<\/p>\n<ul>\n<li><a href=\"https:\/\/stopcarcinogensatwork.eu\/wp-content\/uploads\/2025\/05\/Final-report-RoC-Ch2.3andCh3.1-BusinessEurope.pdf\">Rapport sur les d\u00e9fis 2.3 et 3.1<\/a><\/li>\n<\/ul>\n<h3>D\u00e9fi 3.2 - Impliquer les organismes de pr\u00e9vention professionnelle<\/h3>\n<p>L&rsquo;implication des parties prenantes telles que les organismes de pr\u00e9vention professionnelle est un autre \u00e9l\u00e9ment contribuant \u00e0 soutenir les entreprises, en leur fournissant des outils leur permettant d&rsquo;auto-\u00e9valuer leur conformit\u00e9 aux dispositions l\u00e9gales et d&rsquo;introduire des mesures ad\u00e9quates de gestion des risques.<\/p>\n<ul>\n<li><a href=\"https:\/\/stopcarcinogensatwork.eu\/wp-content\/uploads\/2025\/05\/PDF250528_Ch3.2_Conclusion_Report.pdf\" target=\"_blank\" rel=\"noopener\">Un rapport de synth\u00e8se sur le projet est disponible ici<\/a><\/li>\n<li><a href=\"https:\/\/stopcarcinogensatwork.eu\/fr\/recherche-de-professions\/\" target=\"_blank\" rel=\"noopener\"><strong>Il s&rsquo;agit d&rsquo;une int\u00e9gration importante sur le site web.<\/strong>  V\u00e9rifiez la pr\u00e9sence d&rsquo;un canc\u00e9rog\u00e8ne dans votre profession ici<\/a><\/li>\n<\/ul>\n<h3>D\u00e9fi 3.3 - Coop\u00e9ration avec les services d&rsquo;inspection<\/h3>\n<p>Le contr\u00f4le est un outil important pour garantir la conformit\u00e9. Comment les organismes de contr\u00f4le et la feuille de route peuvent-ils s&rsquo;engager mutuellement ? <\/p>\n<ul>\n<li><a href=\"https:\/\/stopcarcinogensatwork.eu\/fr\/general\/collaborations\/\" target=\"_blank\" rel=\"noopener\">Int\u00e9gr\u00e9 sur ce site<\/a><\/li>\n<\/ul>\n<h3>D\u00e9fi 3.4 - Responsabiliser les travailleurs<\/h3>\n<p>Les travailleurs doivent \u00eatre conscients de leurs droits et obligations afin de contribuer \u00e0 l&rsquo;\u00e9valuation des risques par l&#8217;employeur et de mettre en place les mesures de pr\u00e9vention ad\u00e9quates pour \u00e9liminer ou r\u00e9duire l&rsquo;exposition aux canc\u00e9rog\u00e8nes.<\/p>\n<ul>\n<li>A annoncer<\/li>\n<\/ul>\n<h3>D\u00e9fi 4.1 - Combler le foss\u00e9<\/h3>\n<p>L&rsquo;innovation cibl\u00e9e pour r\u00e9pondre aux besoins r\u00e9els du lieu de travail est essentielle pour pr\u00e9venir l&rsquo;exposition aux canc\u00e9rog\u00e8nes tout au long du cycle de vie des substances ou des mat\u00e9riaux - cette connaissance doit \u00eatre comprise de tous.<\/p>\n<p>- <a href=\"https:\/\/stopcarcinogensatwork.eu\/wp-content\/uploads\/2024\/08\/Ch4.1_Preparatory_Report_211216-NEW.pdf\" target=\"_blank\" rel=\"noopener\">Un rapport d\u00e9taill\u00e9 est disponible, y compris une s\u00e9rie de OnePagers r\u00e9sumant les liens potentiels avec la communaut\u00e9 des chercheurs.<\/a><\/p>\n<h3>D\u00e9fi 4.2 - Canc\u00e9rog\u00e8nes g\u00e9n\u00e9r\u00e9s par les proc\u00e9d\u00e9s de fabrication<\/h3>\n<p>Les canc\u00e9rog\u00e8nes g\u00e9n\u00e9r\u00e9s par un processus sont des sous-produits d&rsquo;un processus de travail. Ils doivent faire l&rsquo;objet d&rsquo;une attention particuli\u00e8re parce qu&rsquo;ils ne sont pas \u00e9tiquet\u00e9s et que les fiches de donn\u00e9es de s\u00e9curit\u00e9 peuvent ne pas y faire r\u00e9f\u00e9rence. <\/p>\n<ul>\n<li><a href=\"https:\/\/stopcarcinogensatwork.eu\/wp-content\/uploads\/2024\/08\/Silica-Dust-in-Construction.pdf\" target=\"_blank\" rel=\"noopener\">Un rapport d\u00e9taill\u00e9 sur la campagne d&rsquo;inspection autrichienne sur la poussi\u00e8re de silice est disponible.<\/a><\/li>\n<li><a href=\"https:\/\/stopcarcinogensatwork.eu\/wp-content\/uploads\/2024\/08\/Mineral-Dusts-in-Mining.pdf\" target=\"_blank\" rel=\"noopener\">Un rapport sur les poussi\u00e8res min\u00e9rales dans l&rsquo;industrie mini\u00e8re est disponible<\/a><\/li>\n<li><a href=\"https:\/\/stopcarcinogensatwork.eu\/wp-content\/uploads\/2024\/09\/TNO2023_R10498_RoC_Challenge_4.2-1.pdf\" target=\"_blank\" rel=\"noopener\">Un rapport sur les substances g\u00e9n\u00e9r\u00e9es par le processus est disponible<\/a><\/li>\n<li>Des fiches d&rsquo;information sur l&rsquo;<a href=\"https:\/\/stopcarcinogensatwork.eu\/de\/fact\/abrasion-verfahren\/\" target=\"_blank\" rel=\"noopener\">abrasion<\/a> et la <a href=\"https:\/\/stopcarcinogensatwork.eu\/de\/fact\/verbrennung-prozess\/\" target=\"_blank\" rel=\"noopener\">combustion<\/a> sont disponibles sur ce site web.<\/li>\n<\/ul>\n<h3>D\u00e9fi 4.3 - Proc\u00e9dures de travail s\u00fbres<\/h3>\n<p>Des \u00ab\u00a0proc\u00e9dures de travail s\u00fbres\u00a0\u00bb peuvent \u00eatre mises en place en tant qu&rsquo;alternatives accept\u00e9es pour des groupes d&rsquo;entreprises exer\u00e7ant la m\u00eame activit\u00e9, au lieu d&rsquo;effectuer des mesures et de les comparer aux valeurs limites pour chaque entreprise, pour chaque activit\u00e9, pour chaque substance.<\/p>\n<ul>\n<li><a href=\"https:\/\/stopcarcinogensatwork.eu\/wp-content\/uploads\/2024\/08\/TNO2023-R10499_RoC-Ch4.3_TNO-Report-general-challenge-report_getekend.pdf\" target=\"_blank\" rel=\"noopener\">Un rapport d\u00e9taill\u00e9 est disponible ici<\/a><\/li>\n<\/ul>\n<h3>Le rapport final de ROC2.0<\/h3>\n<p>Un r\u00e9sum\u00e9 de toutes les activit\u00e9s et r\u00e9alisations de la deuxi\u00e8me Roadmap on Carc\u00e9rog\u00e8nes (RoC2.0) est maintenant publi\u00e9.<a href=\"https:\/\/stopcarcinogensatwork.eu\/wp-content\/uploads\/2025\/10\/250922_RoC2.0_wrap_up_FINAL.pdf\">  dans ce rapport.<\/a><\/p>\n","protected":false},"excerpt":{"rendered":"<p>\u00c0 partir de 2021, la Roadmap on Carcinogens a commenc\u00e9 \u00e0 lancer douze d\u00e9fis pour gagner en impact, afin d&rsquo;aider \u00e0 pr\u00e9venir l&rsquo;exposition des travailleurs aux canc\u00e9rog\u00e8nes (lire la strat\u00e9gie compl\u00e8te ici). Pour la p\u00e9riode 2020-2024, la Roadmap a \u00e9tabli les quatre objectifs suivants : Pilier 1 : Sensibiliser, par le biais de l&rsquo;Europe, les [&hellip;]<\/p>\n","protected":false},"author":1,"featured_media":0,"parent":55413,"menu_order":0,"comment_status":"closed","ping_status":"closed","template":"","meta":{"inline_featured_image":false,"footnotes":""},"class_list":["post-42338","page","type-page","status-publish","hentry"],"yoast_head":"<!-- This site is optimized with the Yoast SEO Premium plugin v27.4 (Yoast SEO v27.5) - https:\/\/yoast.com\/product\/yoast-seo-premium-wordpress\/ -->\n<title>D\u00e9fis - STOP carcinogens at work<\/title>\n<meta name=\"description\" content=\"Every year, more than 100.000 people die in the EU from cancer caused by carcinogens at work. This must STOP!\" \/>\n<meta name=\"robots\" content=\"index, follow, max-snippet:-1, max-image-preview:large, max-video-preview:-1\" \/>\n<link rel=\"canonical\" href=\"https:\/\/stopcarcinogensatwork.eu\/fr\/general\/a-propos-de-la-roadmap-on-carcinogens\/defis\/\" \/>\n<meta property=\"og:locale\" content=\"fr_FR\" \/>\n<meta property=\"og:type\" content=\"article\" \/>\n<meta property=\"og:title\" content=\"D\u00e9fis\" \/>\n<meta property=\"og:description\" content=\"Every year, more than 100.000 people die in the EU from cancer caused by carcinogens at work. This must STOP!\" \/>\n<meta property=\"og:url\" content=\"https:\/\/stopcarcinogensatwork.eu\/fr\/general\/a-propos-de-la-roadmap-on-carcinogens\/defis\/\" \/>\n<meta property=\"og:site_name\" content=\"STOP carcinogens at work\" \/>\n<meta property=\"article:modified_time\" content=\"2025-10-21T10:19:04+00:00\" \/>\n<meta property=\"og:image\" content=\"https:\/\/stopcarcinogensatwork.eu\/wp-content\/uploads\/2024\/08\/Pillars.png\" \/>\n<meta name=\"twitter:card\" content=\"summary_large_image\" \/>\n<meta name=\"twitter:label1\" content=\"Dur\u00e9e de lecture estim\u00e9e\" \/>\n\t<meta name=\"twitter:data1\" content=\"6 minutes\" \/>\n<script type=\"application\/ld+json\" class=\"yoast-schema-graph\">{\"@context\":\"https:\\\/\\\/schema.org\",\"@graph\":[{\"@type\":\"WebPage\",\"@id\":\"https:\\\/\\\/stopcarcinogensatwork.eu\\\/fr\\\/general\\\/a-propos-de-la-roadmap-on-carcinogens\\\/defis\\\/\",\"url\":\"https:\\\/\\\/stopcarcinogensatwork.eu\\\/fr\\\/general\\\/a-propos-de-la-roadmap-on-carcinogens\\\/defis\\\/\",\"name\":\"D\u00e9fis - STOP carcinogens at work\",\"isPartOf\":{\"@id\":\"https:\\\/\\\/stopcarcinogensatwork.eu\\\/fr\\\/#website\"},\"primaryImageOfPage\":{\"@id\":\"https:\\\/\\\/stopcarcinogensatwork.eu\\\/fr\\\/general\\\/a-propos-de-la-roadmap-on-carcinogens\\\/defis\\\/#primaryimage\"},\"image\":{\"@id\":\"https:\\\/\\\/stopcarcinogensatwork.eu\\\/fr\\\/general\\\/a-propos-de-la-roadmap-on-carcinogens\\\/defis\\\/#primaryimage\"},\"thumbnailUrl\":\"https:\\\/\\\/stopcarcinogensatwork.eu\\\/wp-content\\\/uploads\\\/2024\\\/08\\\/Pillars.png\",\"datePublished\":\"2024-08-31T07:07:44+00:00\",\"dateModified\":\"2025-10-21T10:19:04+00:00\",\"description\":\"Every year, more than 100.000 people die in the EU from cancer caused by carcinogens at work. This must STOP!\",\"breadcrumb\":{\"@id\":\"https:\\\/\\\/stopcarcinogensatwork.eu\\\/fr\\\/general\\\/a-propos-de-la-roadmap-on-carcinogens\\\/defis\\\/#breadcrumb\"},\"inLanguage\":\"fr-FR\",\"potentialAction\":[{\"@type\":\"ReadAction\",\"target\":[\"https:\\\/\\\/stopcarcinogensatwork.eu\\\/fr\\\/general\\\/a-propos-de-la-roadmap-on-carcinogens\\\/defis\\\/\"]}]},{\"@type\":\"ImageObject\",\"inLanguage\":\"fr-FR\",\"@id\":\"https:\\\/\\\/stopcarcinogensatwork.eu\\\/fr\\\/general\\\/a-propos-de-la-roadmap-on-carcinogens\\\/defis\\\/#primaryimage\",\"url\":\"https:\\\/\\\/stopcarcinogensatwork.eu\\\/wp-content\\\/uploads\\\/2024\\\/08\\\/Pillars.png\",\"contentUrl\":\"https:\\\/\\\/stopcarcinogensatwork.eu\\\/wp-content\\\/uploads\\\/2024\\\/08\\\/Pillars.png\"},{\"@type\":\"BreadcrumbList\",\"@id\":\"https:\\\/\\\/stopcarcinogensatwork.eu\\\/fr\\\/general\\\/a-propos-de-la-roadmap-on-carcinogens\\\/defis\\\/#breadcrumb\",\"itemListElement\":[{\"@type\":\"ListItem\",\"position\":1,\"name\":\"Home\",\"item\":\"https:\\\/\\\/stopcarcinogensatwork.eu\\\/fr\\\/page-daccueil\\\/\"},{\"@type\":\"ListItem\",\"position\":2,\"name\":\"G\u00e9n\u00e9ral\",\"item\":\"https:\\\/\\\/stopcarcinogensatwork.eu\\\/fr\\\/general\\\/\"},{\"@type\":\"ListItem\",\"position\":3,\"name\":\"\u00c0 propos de la Roadmap sur les canc\u00e9rog\u00e8nes\",\"item\":\"https:\\\/\\\/stopcarcinogensatwork.eu\\\/fr\\\/general\\\/a-propos-de-la-roadmap-on-carcinogens\\\/\"},{\"@type\":\"ListItem\",\"position\":4,\"name\":\"D\u00e9fis\"}]},{\"@type\":\"WebSite\",\"@id\":\"https:\\\/\\\/stopcarcinogensatwork.eu\\\/fr\\\/#website\",\"url\":\"https:\\\/\\\/stopcarcinogensatwork.eu\\\/fr\\\/\",\"name\":\"STOP Carcinogens at work\",\"description\":\"Every year, about 100.000 people die from cancer that was caused by exposure to carcinogens at work in Europe.\",\"publisher\":{\"@id\":\"https:\\\/\\\/stopcarcinogensatwork.eu\\\/fr\\\/#organization\"},\"alternateName\":\"Roadmap on Carcinogens\",\"potentialAction\":[{\"@type\":\"SearchAction\",\"target\":{\"@type\":\"EntryPoint\",\"urlTemplate\":\"https:\\\/\\\/stopcarcinogensatwork.eu\\\/fr\\\/?s={search_term_string}\"},\"query-input\":{\"@type\":\"PropertyValueSpecification\",\"valueRequired\":true,\"valueName\":\"search_term_string\"}}],\"inLanguage\":\"fr-FR\"},{\"@type\":\"Organization\",\"@id\":\"https:\\\/\\\/stopcarcinogensatwork.eu\\\/fr\\\/#organization\",\"name\":\"TNO\",\"alternateName\":\"This is a European wide voluntary action scheme\",\"url\":\"https:\\\/\\\/stopcarcinogensatwork.eu\\\/fr\\\/\",\"logo\":{\"@type\":\"ImageObject\",\"inLanguage\":\"fr-FR\",\"@id\":\"https:\\\/\\\/stopcarcinogensatwork.eu\\\/fr\\\/#\\\/schema\\\/logo\\\/image\\\/\",\"url\":\"https:\\\/\\\/stopcarcinogensatwork.eu\\\/wp-content\\\/uploads\\\/2024\\\/08\\\/cropped-FavLarge-1.png\",\"contentUrl\":\"https:\\\/\\\/stopcarcinogensatwork.eu\\\/wp-content\\\/uploads\\\/2024\\\/08\\\/cropped-FavLarge-1.png\",\"width\":512,\"height\":512,\"caption\":\"TNO\"},\"image\":{\"@id\":\"https:\\\/\\\/stopcarcinogensatwork.eu\\\/fr\\\/#\\\/schema\\\/logo\\\/image\\\/\"},\"publishingPrinciples\":\"https:\\\/\\\/stopcarcinogensatwork.eu\\\/homepage\\\/legal\\\/\",\"ownershipFundingInfo\":\"https:\\\/\\\/stopcarcinogensatwork.eu\\\/general\\\/about-us\\\/\"}]}<\/script>\n<!-- \/ Yoast SEO Premium plugin. -->","yoast_head_json":{"title":"D\u00e9fis - STOP carcinogens at work","description":"Every year, more than 100.000 people die in the EU from cancer caused by carcinogens at work. This must STOP!","robots":{"index":"index","follow":"follow","max-snippet":"max-snippet:-1","max-image-preview":"max-image-preview:large","max-video-preview":"max-video-preview:-1"},"canonical":"https:\/\/stopcarcinogensatwork.eu\/fr\/general\/a-propos-de-la-roadmap-on-carcinogens\/defis\/","og_locale":"fr_FR","og_type":"article","og_title":"D\u00e9fis","og_description":"Every year, more than 100.000 people die in the EU from cancer caused by carcinogens at work. This must STOP!","og_url":"https:\/\/stopcarcinogensatwork.eu\/fr\/general\/a-propos-de-la-roadmap-on-carcinogens\/defis\/","og_site_name":"STOP carcinogens at work","article_modified_time":"2025-10-21T10:19:04+00:00","og_image":[{"url":"https:\/\/stopcarcinogensatwork.eu\/wp-content\/uploads\/2024\/08\/Pillars.png","type":"","width":"","height":""}],"twitter_card":"summary_large_image","twitter_misc":{"Dur\u00e9e de lecture estim\u00e9e":"6 minutes"},"schema":{"@context":"https:\/\/schema.org","@graph":[{"@type":"WebPage","@id":"https:\/\/stopcarcinogensatwork.eu\/fr\/general\/a-propos-de-la-roadmap-on-carcinogens\/defis\/","url":"https:\/\/stopcarcinogensatwork.eu\/fr\/general\/a-propos-de-la-roadmap-on-carcinogens\/defis\/","name":"D\u00e9fis - STOP carcinogens at work","isPartOf":{"@id":"https:\/\/stopcarcinogensatwork.eu\/fr\/#website"},"primaryImageOfPage":{"@id":"https:\/\/stopcarcinogensatwork.eu\/fr\/general\/a-propos-de-la-roadmap-on-carcinogens\/defis\/#primaryimage"},"image":{"@id":"https:\/\/stopcarcinogensatwork.eu\/fr\/general\/a-propos-de-la-roadmap-on-carcinogens\/defis\/#primaryimage"},"thumbnailUrl":"https:\/\/stopcarcinogensatwork.eu\/wp-content\/uploads\/2024\/08\/Pillars.png","datePublished":"2024-08-31T07:07:44+00:00","dateModified":"2025-10-21T10:19:04+00:00","description":"Every year, more than 100.000 people die in the EU from cancer caused by carcinogens at work. This must STOP!","breadcrumb":{"@id":"https:\/\/stopcarcinogensatwork.eu\/fr\/general\/a-propos-de-la-roadmap-on-carcinogens\/defis\/#breadcrumb"},"inLanguage":"fr-FR","potentialAction":[{"@type":"ReadAction","target":["https:\/\/stopcarcinogensatwork.eu\/fr\/general\/a-propos-de-la-roadmap-on-carcinogens\/defis\/"]}]},{"@type":"ImageObject","inLanguage":"fr-FR","@id":"https:\/\/stopcarcinogensatwork.eu\/fr\/general\/a-propos-de-la-roadmap-on-carcinogens\/defis\/#primaryimage","url":"https:\/\/stopcarcinogensatwork.eu\/wp-content\/uploads\/2024\/08\/Pillars.png","contentUrl":"https:\/\/stopcarcinogensatwork.eu\/wp-content\/uploads\/2024\/08\/Pillars.png"},{"@type":"BreadcrumbList","@id":"https:\/\/stopcarcinogensatwork.eu\/fr\/general\/a-propos-de-la-roadmap-on-carcinogens\/defis\/#breadcrumb","itemListElement":[{"@type":"ListItem","position":1,"name":"Home","item":"https:\/\/stopcarcinogensatwork.eu\/fr\/page-daccueil\/"},{"@type":"ListItem","position":2,"name":"G\u00e9n\u00e9ral","item":"https:\/\/stopcarcinogensatwork.eu\/fr\/general\/"},{"@type":"ListItem","position":3,"name":"\u00c0 propos de la Roadmap sur les canc\u00e9rog\u00e8nes","item":"https:\/\/stopcarcinogensatwork.eu\/fr\/general\/a-propos-de-la-roadmap-on-carcinogens\/"},{"@type":"ListItem","position":4,"name":"D\u00e9fis"}]},{"@type":"WebSite","@id":"https:\/\/stopcarcinogensatwork.eu\/fr\/#website","url":"https:\/\/stopcarcinogensatwork.eu\/fr\/","name":"STOP Carcinogens at work","description":"Every year, about 100.000 people die from cancer that was caused by exposure to carcinogens at work in Europe.","publisher":{"@id":"https:\/\/stopcarcinogensatwork.eu\/fr\/#organization"},"alternateName":"Roadmap on Carcinogens","potentialAction":[{"@type":"SearchAction","target":{"@type":"EntryPoint","urlTemplate":"https:\/\/stopcarcinogensatwork.eu\/fr\/?s={search_term_string}"},"query-input":{"@type":"PropertyValueSpecification","valueRequired":true,"valueName":"search_term_string"}}],"inLanguage":"fr-FR"},{"@type":"Organization","@id":"https:\/\/stopcarcinogensatwork.eu\/fr\/#organization","name":"TNO","alternateName":"This is a European wide voluntary action scheme","url":"https:\/\/stopcarcinogensatwork.eu\/fr\/","logo":{"@type":"ImageObject","inLanguage":"fr-FR","@id":"https:\/\/stopcarcinogensatwork.eu\/fr\/#\/schema\/logo\/image\/","url":"https:\/\/stopcarcinogensatwork.eu\/wp-content\/uploads\/2024\/08\/cropped-FavLarge-1.png","contentUrl":"https:\/\/stopcarcinogensatwork.eu\/wp-content\/uploads\/2024\/08\/cropped-FavLarge-1.png","width":512,"height":512,"caption":"TNO"},"image":{"@id":"https:\/\/stopcarcinogensatwork.eu\/fr\/#\/schema\/logo\/image\/"},"publishingPrinciples":"https:\/\/stopcarcinogensatwork.eu\/homepage\/legal\/","ownershipFundingInfo":"https:\/\/stopcarcinogensatwork.eu\/general\/about-us\/"}]}},"_links":{"self":[{"href":"https:\/\/stopcarcinogensatwork.eu\/fr\/wp-json\/wp\/v2\/pages\/42338","targetHints":{"allow":["GET"]}}],"collection":[{"href":"https:\/\/stopcarcinogensatwork.eu\/fr\/wp-json\/wp\/v2\/pages"}],"about":[{"href":"https:\/\/stopcarcinogensatwork.eu\/fr\/wp-json\/wp\/v2\/types\/page"}],"author":[{"embeddable":true,"href":"https:\/\/stopcarcinogensatwork.eu\/fr\/wp-json\/wp\/v2\/users\/1"}],"replies":[{"embeddable":true,"href":"https:\/\/stopcarcinogensatwork.eu\/fr\/wp-json\/wp\/v2\/comments?post=42338"}],"version-history":[{"count":0,"href":"https:\/\/stopcarcinogensatwork.eu\/fr\/wp-json\/wp\/v2\/pages\/42338\/revisions"}],"up":[{"embeddable":true,"href":"https:\/\/stopcarcinogensatwork.eu\/fr\/wp-json\/wp\/v2\/pages\/55413"}],"wp:attachment":[{"href":"https:\/\/stopcarcinogensatwork.eu\/fr\/wp-json\/wp\/v2\/media?parent=42338"}],"curies":[{"name":"wp","href":"https:\/\/api.w.org\/{rel}","templated":true}]}}