{"id":42340,"date":"2024-04-25T14:29:54","date_gmt":"2024-04-25T14:29:54","guid":{"rendered":"https:\/\/stopcarcinogensatwork.eu\/juridique\/"},"modified":"2025-05-19T10:33:52","modified_gmt":"2025-05-19T10:33:52","slug":"juridique","status":"publish","type":"page","link":"https:\/\/stopcarcinogensatwork.eu\/fr\/page-daccueil\/juridique\/","title":{"rendered":"Clause de non-responsabilit\u00e9 et protection de la vie priv\u00e9e"},"content":{"rendered":"<h3>Cookies et vie priv\u00e9e<\/h3>\n<p>Nous nous appuyons sur notre int\u00e9r\u00eat l\u00e9gitime \u00e0 comprendre et \u00e0 am\u00e9liorer les performances et la convivialit\u00e9 du site. \u00c9tant donn\u00e9 que les donn\u00e9es sont enti\u00e8rement anonymes et ne sont utilis\u00e9es que sous forme agr\u00e9g\u00e9e, nous n&rsquo;affichons pas de banni\u00e8re de consentement pour les cookies. Vous pouvez toujours confirmer l&rsquo;utilisation des cookies sur <a href=\"https:\/\/2gdpr.com\" target=\"_blank\" rel=\"noopener\">: https:\/\/2gdpr.com.<\/a> Voici les cookies que nous utilisons :   <\/p>\n<h4>1. Cookies n\u00e9cessaires<\/h4>\n<p>Ces cookies sont essentiels au fonctionnement de base de notre site. Ils permettent des fonctionnalit\u00e9s de base telles que la navigation sur les pages, le choix de la langue et l&rsquo;acc\u00e8s \u00e0 des zones s\u00e9curis\u00e9es. Sans eux, le site ne peut pas fonctionner correctement.  <\/p>\n<ul>\n<li>Nom du cookie : wp-wpml_current_language\n<ul>\n<li>Fournisseur : ce site web<\/li>\n<li>Objectif : Se souvient de votre choix de langue actuel<\/li>\n<li>Dur\u00e9e : session<\/li>\n<\/ul>\n<\/li>\n<\/ul>\n<h4>2. Cookies analytiques<\/h4>\n<p>Nous utilisons Google Analytics pour collecter des statistiques anonymes et agr\u00e9g\u00e9es sur l&rsquo;utilisation de notre site par les visiteurs (par exemple : pages vues, dur\u00e9e de la session, pages les plus visit\u00e9es). Nous avons activ\u00e9 l&rsquo;anonymisation de l&rsquo;adresse IP, de sorte qu&rsquo;aucune adresse IP compl\u00e8te n&rsquo;est jamais enregistr\u00e9e. <\/p>\n<ul>\n<li>Nom du cookie : _ga_*\n<ul>\n<li>Fournisseur : google-analytics.com<\/li>\n<li>Objectif : compter les pages vues et distinguer les visiteurs uniques.<\/li>\n<li>Dur\u00e9e du projet : 1 an 1 mois 4 jours<\/li>\n<\/ul>\n<\/li>\n<li>Nom du cookie : _ga\n<ul>\n<li>Fournisseur : ce site web<\/li>\n<li>Objectif : Calculer les donn\u00e9es relatives aux visiteurs et aux sessions pour l&rsquo;analyse du site.<\/li>\n<li>Dur\u00e9e du projet : 1 an 1 mois 4 jours<\/li>\n<\/ul>\n<\/li>\n<\/ul>\n<h4><b>Comment contr\u00f4ler ou supprimer les cookies<\/b><\/h4>\n<ol>\n<li><strong>Param\u00e8tres du navigateur :<\/strong> La plupart des navigateurs vous permettent de refuser ou de supprimer les cookies via leurs menus \u00ab\u00a0Pr\u00e9f\u00e9rences\u00a0\u00bb ou \u00ab\u00a0Param\u00e8tres\u00a0\u00bb.<\/li>\n<li><strong>D\u00e9sactivation de Google Analytics : <\/strong>vous pouvez \u00e9galement installer le module compl\u00e9mentaire de navigateur officiel de Google pour bloquer compl\u00e8tement Analytics : https:\/\/tools.google.com\/dlpage\/gaoptout<\/li>\n<\/ol>\n<p class=\"p3\">Si vous d\u00e9sactivez ces cookies, certaines parties du<strong> site risquent de ne pas fonctionner <\/strong>comme pr\u00e9vu et nous ne pourrons pas savoir comment vous avez trouv\u00e9 ou utilis\u00e9 notre contenu.<\/p>\n<h3>Clause de non-responsabilit\u00e9<\/h3>\n<h4>Les informations fournies sur ce site web<\/h4>\n<p>Les six initiateurs de la Roadmap on carcinogens g\u00e8rent ce site web afin d&rsquo;am\u00e9liorer l&rsquo;acc\u00e8s du public aux informations relatives au programme d&rsquo;action visant \u00e0 pr\u00e9venir et \u00e0 traiter les risques li\u00e9s \u00e0 l&rsquo;exposition professionnelle aux canc\u00e9rog\u00e8nes. Notre objectif est de faire en sorte que ces informations soient \u00e0 jour et exactes. Si des erreurs sont port\u00e9es \u00e0 notre attention, nous nous efforcerons de les corriger. Toutefois, les initiateurs n&rsquo;acceptent aucune responsabilit\u00e9 en ce qui concerne les informations contenues dans ce site.   <\/p>\n<p>Ces informations sont :<\/p>\n<ul>\n<li>est de nature g\u00e9n\u00e9rale et n&rsquo;est pas destin\u00e9e \u00e0 traiter les circonstances sp\u00e9cifiques d&rsquo;une personne ou d&rsquo;une entit\u00e9 particuli\u00e8re ;<\/li>\n<li>ne sont pas n\u00e9cessairement exhaustives, compl\u00e8tes, exactes ou \u00e0 jour ;<\/li>\n<li>en partie provenant de tiers pour lesquels les initiateurs n&rsquo;assument aucune responsabilit\u00e9 ;<\/li>\n<li>parfois li\u00e9s \u00e0 des sites externes sur lesquels les initiateurs n&rsquo;ont aucun contr\u00f4le et pour lesquels les initiateurs n&rsquo;assument aucune responsabilit\u00e9 ;<\/li>\n<li>n&rsquo;est pas un avis professionnel ou juridique (si vous avez besoin d&rsquo;un avis sp\u00e9cifique, vous devez toujours consulter un professionnel d\u00fbment qualifi\u00e9).<\/li>\n<\/ul>\n<p>Notre objectif est de minimiser les perturbations caus\u00e9es par des erreurs techniques. Toutefois, certaines donn\u00e9es ou informations figurant sur notre site peuvent avoir \u00e9t\u00e9 cr\u00e9\u00e9es ou structur\u00e9es dans des fichiers ou des formats qui ne sont pas exempts d&rsquo;erreurs et nous ne pouvons pas garantir que notre service ne sera pas interrompu ou autrement affect\u00e9 par de tels probl\u00e8mes. Les initiateurs n&rsquo;acceptent aucune responsabilit\u00e9 en ce qui concerne de tels probl\u00e8mes r\u00e9sultant de l&rsquo;utilisation de ce site ou de tout autre site externe li\u00e9.  <\/p>\n<h4>Nous utilisons un outil de traduction aliment\u00e9 par l&rsquo;IA pour notre site web.<\/h4>\n<p>Nous utilisons un outil de traduction aliment\u00e9 par l&rsquo;IA pour notre site web, avec des locuteurs natifs qui r\u00e9visent et corrigent toute inexactitude. Cette approche garantit \u00e0 la fois l&rsquo;efficacit\u00e9 et la qualit\u00e9, car le syst\u00e8me d&rsquo;IA s&rsquo;am\u00e9liore continuellement au fil du temps. Nous pensons que cette m\u00e9thode constitue le moyen le plus efficace et le plus rentable de rendre notre site web accessible dans plusieurs langues, ce qui nous permet d&rsquo;atteindre un plus grand nombre de personnes et d&rsquo;organisations. Si vous avez des commentaires ou des suggestions concernant notre processus de traduction, n&rsquo;h\u00e9sitez pas \u00e0 nous en faire part. N&rsquo;h\u00e9sitez pas \u00e0 nous faire part de vos r\u00e9flexions par courrier \u00e9lectronique.    <\/p>\n<h3>Droit d&rsquo;auteur<\/h3>\n<p>La reproduction est autoris\u00e9e, moyennant mention de la source, sauf indication contraire.<\/p>\n<p>Lorsqu&rsquo;une autorisation pr\u00e9alable doit \u00eatre obtenue pour la reproduction ou l&rsquo;utilisation d&rsquo;informations textuelles et multim\u00e9dias (sons, images, logiciels, etc.), cette autorisation annulera l&rsquo;autorisation g\u00e9n\u00e9rale susmentionn\u00e9e et indiquera clairement les \u00e9ventuelles restrictions d&rsquo;utilisation.<\/p>\n","protected":false},"excerpt":{"rendered":"<p>Cookies et vie priv\u00e9e Nous nous appuyons sur notre int\u00e9r\u00eat l\u00e9gitime \u00e0 comprendre et \u00e0 am\u00e9liorer les performances et la convivialit\u00e9 du site. \u00c9tant donn\u00e9 que les donn\u00e9es sont enti\u00e8rement anonymes et ne sont utilis\u00e9es que sous forme agr\u00e9g\u00e9e, nous n&rsquo;affichons pas de banni\u00e8re de consentement pour les cookies. Vous pouvez toujours confirmer l&rsquo;utilisation des [&hellip;]<\/p>\n","protected":false},"author":1,"featured_media":0,"parent":42521,"menu_order":0,"comment_status":"closed","ping_status":"closed","template":"","meta":{"inline_featured_image":false,"footnotes":""},"class_list":["post-42340","page","type-page","status-publish","hentry"],"yoast_head":"<!-- This site is optimized with the Yoast SEO Premium plugin v27.0 (Yoast SEO v27.3) - https:\/\/yoast.com\/product\/yoast-seo-premium-wordpress\/ -->\n<title>Clause de non-responsabilit\u00e9 et protection de la vie priv\u00e9e - STOP carcinogens at work<\/title>\n<meta name=\"description\" content=\"Every year, more than 100.000 people die in the EU from cancer caused by carcinogens at work. This must STOP!\" \/>\n<meta name=\"robots\" content=\"noindex, nofollow\" \/>\n<meta property=\"og:locale\" content=\"fr_FR\" \/>\n<meta property=\"og:type\" content=\"article\" \/>\n<meta property=\"og:title\" content=\"Clause de non-responsabilit\u00e9 et protection de la vie priv\u00e9e\" \/>\n<meta property=\"og:description\" content=\"Every year, more than 100.000 people die in the EU from cancer caused by carcinogens at work. This must STOP!\" \/>\n<meta property=\"og:url\" content=\"https:\/\/stopcarcinogensatwork.eu\/fr\/page-daccueil\/juridique\/\" \/>\n<meta property=\"og:site_name\" content=\"STOP carcinogens at work\" \/>\n<meta property=\"article:modified_time\" content=\"2025-05-19T10:33:52+00:00\" \/>\n<meta name=\"twitter:card\" content=\"summary_large_image\" \/>\n<meta name=\"twitter:label1\" content=\"Dur\u00e9e de lecture estim\u00e9e\" \/>\n\t<meta name=\"twitter:data1\" content=\"4 minutes\" \/>\n<script type=\"application\/ld+json\" class=\"yoast-schema-graph\">{\"@context\":\"https:\\\/\\\/schema.org\",\"@graph\":[{\"@type\":\"WebPage\",\"@id\":\"https:\\\/\\\/stopcarcinogensatwork.eu\\\/fr\\\/page-daccueil\\\/juridique\\\/\",\"url\":\"https:\\\/\\\/stopcarcinogensatwork.eu\\\/fr\\\/page-daccueil\\\/juridique\\\/\",\"name\":\"Clause de non-responsabilit\u00e9 et protection de la vie priv\u00e9e - STOP carcinogens at work\",\"isPartOf\":{\"@id\":\"https:\\\/\\\/stopcarcinogensatwork.eu\\\/fr\\\/#website\"},\"datePublished\":\"2024-04-25T14:29:54+00:00\",\"dateModified\":\"2025-05-19T10:33:52+00:00\",\"description\":\"Every year, more than 100.000 people die in the EU from cancer caused by carcinogens at work. This must STOP!\",\"breadcrumb\":{\"@id\":\"https:\\\/\\\/stopcarcinogensatwork.eu\\\/fr\\\/page-daccueil\\\/juridique\\\/#breadcrumb\"},\"inLanguage\":\"fr-FR\",\"potentialAction\":[{\"@type\":\"ReadAction\",\"target\":[\"https:\\\/\\\/stopcarcinogensatwork.eu\\\/fr\\\/page-daccueil\\\/juridique\\\/\"]}]},{\"@type\":\"BreadcrumbList\",\"@id\":\"https:\\\/\\\/stopcarcinogensatwork.eu\\\/fr\\\/page-daccueil\\\/juridique\\\/#breadcrumb\",\"itemListElement\":[{\"@type\":\"ListItem\",\"position\":1,\"name\":\"Home\",\"item\":\"https:\\\/\\\/stopcarcinogensatwork.eu\\\/fr\\\/page-daccueil\\\/\"},{\"@type\":\"ListItem\",\"position\":2,\"name\":\"STOP Carcinogens at work\",\"item\":\"https:\\\/\\\/stopcarcinogensatwork.eu\\\/fr\\\/page-daccueil\\\/\"},{\"@type\":\"ListItem\",\"position\":3,\"name\":\"Clause de non-responsabilit\u00e9 et protection de la vie priv\u00e9e\"}]},{\"@type\":\"WebSite\",\"@id\":\"https:\\\/\\\/stopcarcinogensatwork.eu\\\/fr\\\/#website\",\"url\":\"https:\\\/\\\/stopcarcinogensatwork.eu\\\/fr\\\/\",\"name\":\"STOP Carcinogens at work\",\"description\":\"Every year, about 100.000 people die from cancer that was caused by exposure to carcinogens at work in Europe.\",\"publisher\":{\"@id\":\"https:\\\/\\\/stopcarcinogensatwork.eu\\\/fr\\\/#organization\"},\"alternateName\":\"Roadmap on Carcinogens\",\"potentialAction\":[{\"@type\":\"SearchAction\",\"target\":{\"@type\":\"EntryPoint\",\"urlTemplate\":\"https:\\\/\\\/stopcarcinogensatwork.eu\\\/fr\\\/?s={search_term_string}\"},\"query-input\":{\"@type\":\"PropertyValueSpecification\",\"valueRequired\":true,\"valueName\":\"search_term_string\"}}],\"inLanguage\":\"fr-FR\"},{\"@type\":\"Organization\",\"@id\":\"https:\\\/\\\/stopcarcinogensatwork.eu\\\/fr\\\/#organization\",\"name\":\"TNO\",\"alternateName\":\"This is a European wide voluntary action scheme\",\"url\":\"https:\\\/\\\/stopcarcinogensatwork.eu\\\/fr\\\/\",\"logo\":{\"@type\":\"ImageObject\",\"inLanguage\":\"fr-FR\",\"@id\":\"https:\\\/\\\/stopcarcinogensatwork.eu\\\/fr\\\/#\\\/schema\\\/logo\\\/image\\\/\",\"url\":\"https:\\\/\\\/stopcarcinogensatwork.eu\\\/wp-content\\\/uploads\\\/2024\\\/08\\\/cropped-FavLarge-1.png\",\"contentUrl\":\"https:\\\/\\\/stopcarcinogensatwork.eu\\\/wp-content\\\/uploads\\\/2024\\\/08\\\/cropped-FavLarge-1.png\",\"width\":512,\"height\":512,\"caption\":\"TNO\"},\"image\":{\"@id\":\"https:\\\/\\\/stopcarcinogensatwork.eu\\\/fr\\\/#\\\/schema\\\/logo\\\/image\\\/\"},\"publishingPrinciples\":\"https:\\\/\\\/stopcarcinogensatwork.eu\\\/homepage\\\/legal\\\/\",\"ownershipFundingInfo\":\"https:\\\/\\\/stopcarcinogensatwork.eu\\\/general\\\/about-us\\\/\"}]}<\/script>\n<!-- \/ Yoast SEO Premium plugin. -->","yoast_head_json":{"title":"Clause de non-responsabilit\u00e9 et protection de la vie priv\u00e9e - STOP carcinogens at work","description":"Every year, more than 100.000 people die in the EU from cancer caused by carcinogens at work. This must STOP!","robots":{"index":"noindex","follow":"nofollow"},"og_locale":"fr_FR","og_type":"article","og_title":"Clause de non-responsabilit\u00e9 et protection de la vie priv\u00e9e","og_description":"Every year, more than 100.000 people die in the EU from cancer caused by carcinogens at work. This must STOP!","og_url":"https:\/\/stopcarcinogensatwork.eu\/fr\/page-daccueil\/juridique\/","og_site_name":"STOP carcinogens at work","article_modified_time":"2025-05-19T10:33:52+00:00","twitter_card":"summary_large_image","twitter_misc":{"Dur\u00e9e de lecture estim\u00e9e":"4 minutes"},"schema":{"@context":"https:\/\/schema.org","@graph":[{"@type":"WebPage","@id":"https:\/\/stopcarcinogensatwork.eu\/fr\/page-daccueil\/juridique\/","url":"https:\/\/stopcarcinogensatwork.eu\/fr\/page-daccueil\/juridique\/","name":"Clause de non-responsabilit\u00e9 et protection de la vie priv\u00e9e - STOP carcinogens at work","isPartOf":{"@id":"https:\/\/stopcarcinogensatwork.eu\/fr\/#website"},"datePublished":"2024-04-25T14:29:54+00:00","dateModified":"2025-05-19T10:33:52+00:00","description":"Every year, more than 100.000 people die in the EU from cancer caused by carcinogens at work. This must STOP!","breadcrumb":{"@id":"https:\/\/stopcarcinogensatwork.eu\/fr\/page-daccueil\/juridique\/#breadcrumb"},"inLanguage":"fr-FR","potentialAction":[{"@type":"ReadAction","target":["https:\/\/stopcarcinogensatwork.eu\/fr\/page-daccueil\/juridique\/"]}]},{"@type":"BreadcrumbList","@id":"https:\/\/stopcarcinogensatwork.eu\/fr\/page-daccueil\/juridique\/#breadcrumb","itemListElement":[{"@type":"ListItem","position":1,"name":"Home","item":"https:\/\/stopcarcinogensatwork.eu\/fr\/page-daccueil\/"},{"@type":"ListItem","position":2,"name":"STOP Carcinogens at work","item":"https:\/\/stopcarcinogensatwork.eu\/fr\/page-daccueil\/"},{"@type":"ListItem","position":3,"name":"Clause de non-responsabilit\u00e9 et protection de la vie priv\u00e9e"}]},{"@type":"WebSite","@id":"https:\/\/stopcarcinogensatwork.eu\/fr\/#website","url":"https:\/\/stopcarcinogensatwork.eu\/fr\/","name":"STOP Carcinogens at work","description":"Every year, about 100.000 people die from cancer that was caused by exposure to carcinogens at work in Europe.","publisher":{"@id":"https:\/\/stopcarcinogensatwork.eu\/fr\/#organization"},"alternateName":"Roadmap on Carcinogens","potentialAction":[{"@type":"SearchAction","target":{"@type":"EntryPoint","urlTemplate":"https:\/\/stopcarcinogensatwork.eu\/fr\/?s={search_term_string}"},"query-input":{"@type":"PropertyValueSpecification","valueRequired":true,"valueName":"search_term_string"}}],"inLanguage":"fr-FR"},{"@type":"Organization","@id":"https:\/\/stopcarcinogensatwork.eu\/fr\/#organization","name":"TNO","alternateName":"This is a European wide voluntary action scheme","url":"https:\/\/stopcarcinogensatwork.eu\/fr\/","logo":{"@type":"ImageObject","inLanguage":"fr-FR","@id":"https:\/\/stopcarcinogensatwork.eu\/fr\/#\/schema\/logo\/image\/","url":"https:\/\/stopcarcinogensatwork.eu\/wp-content\/uploads\/2024\/08\/cropped-FavLarge-1.png","contentUrl":"https:\/\/stopcarcinogensatwork.eu\/wp-content\/uploads\/2024\/08\/cropped-FavLarge-1.png","width":512,"height":512,"caption":"TNO"},"image":{"@id":"https:\/\/stopcarcinogensatwork.eu\/fr\/#\/schema\/logo\/image\/"},"publishingPrinciples":"https:\/\/stopcarcinogensatwork.eu\/homepage\/legal\/","ownershipFundingInfo":"https:\/\/stopcarcinogensatwork.eu\/general\/about-us\/"}]}},"_links":{"self":[{"href":"https:\/\/stopcarcinogensatwork.eu\/fr\/wp-json\/wp\/v2\/pages\/42340","targetHints":{"allow":["GET"]}}],"collection":[{"href":"https:\/\/stopcarcinogensatwork.eu\/fr\/wp-json\/wp\/v2\/pages"}],"about":[{"href":"https:\/\/stopcarcinogensatwork.eu\/fr\/wp-json\/wp\/v2\/types\/page"}],"author":[{"embeddable":true,"href":"https:\/\/stopcarcinogensatwork.eu\/fr\/wp-json\/wp\/v2\/users\/1"}],"replies":[{"embeddable":true,"href":"https:\/\/stopcarcinogensatwork.eu\/fr\/wp-json\/wp\/v2\/comments?post=42340"}],"version-history":[{"count":0,"href":"https:\/\/stopcarcinogensatwork.eu\/fr\/wp-json\/wp\/v2\/pages\/42340\/revisions"}],"up":[{"embeddable":true,"href":"https:\/\/stopcarcinogensatwork.eu\/fr\/wp-json\/wp\/v2\/pages\/42521"}],"wp:attachment":[{"href":"https:\/\/stopcarcinogensatwork.eu\/fr\/wp-json\/wp\/v2\/media?parent=42340"}],"curies":[{"name":"wp","href":"https:\/\/api.w.org\/{rel}","templated":true}]}}