{"id":42400,"date":"2024-01-31T15:46:56","date_gmt":"2024-01-31T15:46:56","guid":{"rendered":"https:\/\/stopcarcinogensatwork.eu\/decouvrez-les-strategies-de-prevention-de-base\/"},"modified":"2025-05-30T13:41:37","modified_gmt":"2025-05-30T13:41:37","slug":"decouvrez-les-strategies-de-prevention-de-base","status":"publish","type":"page","link":"https:\/\/stopcarcinogensatwork.eu\/fr\/decouvrez-les-strategies-de-prevention-de-base\/","title":{"rendered":"Apprendre les strat\u00e9gies de pr\u00e9vention de base"},"content":{"rendered":"<blockquote><p>Lorsque des canc\u00e9rog\u00e8nes sont pr\u00e9sents sur le lieu de travail, les employeurs doivent faire tout ce qui est en leur pouvoir pour emp\u00eacher les travailleurs d&rsquo;entrer en contact avec eux. Encouragez une culture de la sant\u00e9 et de la s\u00e9curit\u00e9 sur votre lieu de travail ! <\/p><\/blockquote>\n<h1>Approche g\u00e9n\u00e9rale de la gestion des risques li\u00e9s aux canc\u00e9rog\u00e8nes<\/h1>\n<p class=\"p2\"><i>Conform\u00e9ment \u00e0 la d\u00e9finition du terme \u00ab\u00a0canc\u00e9rog\u00e8ne\u00a0\u00bb \u00e0 l&rsquo;article 2 a) de la directive CMR.  <\/i><\/p>\n<p>Les premi\u00e8res mesures \u00e0 prendre pour lutter contre l&rsquo;exposition aux canc\u00e9rog\u00e8nes sur le lieu de travail devraient toujours \u00eatre les suivantes :<\/p>\n<ul>\n<li>N&rsquo;oubliez pas que des normes minimales en mati\u00e8re d&rsquo;organisation du travail et de s\u00e9curit\u00e9 doivent \u00eatre mises en place \u00e0 tout moment. Toutefois, il se peut que ces normes ne soient pas suffisantes et que d&rsquo;autres mesures soient n\u00e9cessaires. <\/li>\n<li>Liste de tous les canc\u00e9rog\u00e8nes utilis\u00e9s et de leurs quantit\u00e9s<\/li>\n<li>Rassembler leurs fiches de donn\u00e9es de s\u00e9curit\u00e9<\/li>\n<li>D\u00e9crivez les t\u00e2ches dans lesquelles ils sont utilis\u00e9s, en veillant \u00e0 prendre en compte tous les canc\u00e9rog\u00e8nes potentiels g\u00e9n\u00e9r\u00e9s par le processus.<\/li>\n<li>Identifier les travailleurs susceptibles d&rsquo;\u00eatre expos\u00e9s et pendant combien de temps.<\/li>\n<li>Tenez compte de tous les \u00e9l\u00e9ments ci-dessus lors de la pr\u00e9paration de l&rsquo;\u00e9valuation des risques sur le lieu de travail.<\/li>\n<\/ul>\n<p>Lorsque vous donnez des instructions \u00e0 vos travailleurs, n&rsquo;oubliez pas de le faire :<\/p>\n<ul>\n<li>Utilisez toujours un langage simple et clair, des phrases courtes et directes.<\/li>\n<li>Les instructions \u00e9crites doivent \u00eatre r\u00e9dig\u00e9es de fa\u00e7on claire et nette<\/li>\n<li>Inclure des illustrations\/sch\u00e9mas lorsque c&rsquo;est possible<\/li>\n<\/ul>\n<h2><strong>Principe S.T.O.P. : ce qu&rsquo;il faut prendre en compte<\/strong><\/h2>\n<p>Le principe STOP d\u00e9crit l&rsquo;ordre de priorit\u00e9 des mesures de protection. L&#8217;employeur doit respecter cet ordre de priorit\u00e9 lors de la d\u00e9termination et de l&rsquo;application des mesures de protection. Les diff\u00e9rentes lettres S-T-O-P correspondent \u00e0 diff\u00e9rents types de mesures de protection :  <\/p>\n<p><strong>S &#8230; Substitution<\/strong> - remplacer les substances dangereuses par des substances ou des proc\u00e9d\u00e9s moins dangereux. La substitution est toujours la premi\u00e8re mesure \u00e0 envisager. <\/p>\n<p><a href=\"https:\/\/stopcarcinogensatwork.eu\/fr\/decouvrez-les-strategies-de-prevention-de-base\/s-substitution\/\">En savoir plus sur la <strong>substitution<\/strong><\/a><\/p>\n<p><strong>T &#8230; Mesures techniques<\/strong> - des syst\u00e8mes ferm\u00e9s \u00e0 l&rsquo;aspiration efficace de l&rsquo;air, de nombreuses techniques permettent de r\u00e9duire consid\u00e9rablement l&rsquo;exposition aux canc\u00e9rog\u00e8nes.<\/p>\n<p><a href=\"https:\/\/stopcarcinogensatwork.eu\/fr\/decouvrez-les-strategies-de-prevention-de-base\/t-mesures-techniques\/\">En savoir plus sur les <strong>mesures techniques<\/strong><\/a><\/p>\n<p><strong>O &#8230; Mesures organisationnelles<\/strong> - peuvent consister en des politiques internes et\/ou des m\u00e9thodes organisationnelles. Ces mesures ne doivent \u00eatre utilis\u00e9es que pour assurer une protection suppl\u00e9mentaire. Elles doivent \u00e9galement \u00eatre envisag\u00e9es en cas d&rsquo;urgence et pour les travailleurs qui effectuent des travaux r\u00e9guliers de nettoyage et d&rsquo;entretien.  <\/p>\n<p><a href=\"https:\/\/stopcarcinogensatwork.eu\/fr\/decouvrez-les-strategies-de-prevention-de-base\/o-mesures-organisationnelles\/\">En savoir plus sur les <strong>mesures organisationnelles<\/strong><\/a><\/p>\n<p><strong>P &#8230; Protection individuelle<\/strong> - parfois, la substitution n&rsquo;est pas possible et les mesures techniques et organisationnelles ne suffisent pas. Vous devez alors recourir \u00e0 la protection individuelle. <\/p>\n<p><a href=\"https:\/\/stopcarcinogensatwork.eu\/fr\/decouvrez-les-strategies-de-prevention-de-base\/p-protection-des-personnes\/\">En savoir plus sur la <strong>protection individuelle<\/strong><\/a><\/p>\n","protected":false},"excerpt":{"rendered":"<p>Lorsque des canc\u00e9rog\u00e8nes sont pr\u00e9sents sur le lieu de travail, les employeurs doivent faire tout ce qui est en leur pouvoir pour emp\u00eacher les travailleurs d&rsquo;entrer en contact avec eux. Encouragez une culture de la sant\u00e9 et de la s\u00e9curit\u00e9 sur votre lieu de travail ! Approche g\u00e9n\u00e9rale de la gestion des risques li\u00e9s aux [&hellip;]<\/p>\n","protected":false},"author":1,"featured_media":18735,"parent":0,"menu_order":0,"comment_status":"closed","ping_status":"closed","template":"","meta":{"inline_featured_image":false,"footnotes":""},"class_list":["post-42400","page","type-page","status-publish","hentry"],"yoast_head":"<!-- This site is optimized with the Yoast SEO Premium plugin v27.0 (Yoast SEO v27.4) - https:\/\/yoast.com\/product\/yoast-seo-premium-wordpress\/ -->\n<title>STOP Carcinogens at work : Les \u00e9tapes essentielles de la s\u00e9curit\u00e9 sur le lieu de travail - STOP carcinogens at work<\/title>\n<meta name=\"description\" content=\"Le principe STOP d\u00e9crit l&#039;ordre de priorit\u00e9 des mesures de protection lors de la d\u00e9termination et de l&#039;application des mesures de protection.\" \/>\n<meta name=\"robots\" content=\"index, follow, max-snippet:-1, max-image-preview:large, max-video-preview:-1\" \/>\n<link rel=\"canonical\" href=\"https:\/\/stopcarcinogensatwork.eu\/fr\/decouvrez-les-strategies-de-prevention-de-base\/\" \/>\n<meta property=\"og:locale\" content=\"fr_FR\" \/>\n<meta property=\"og:type\" content=\"article\" \/>\n<meta property=\"og:title\" content=\"Apprendre les strat\u00e9gies de pr\u00e9vention de base\" \/>\n<meta property=\"og:description\" content=\"Le principe STOP d\u00e9crit l&#039;ordre de priorit\u00e9 des mesures de protection lors de la d\u00e9termination et de l&#039;application des mesures de protection.\" \/>\n<meta property=\"og:url\" content=\"https:\/\/stopcarcinogensatwork.eu\/fr\/decouvrez-les-strategies-de-prevention-de-base\/\" \/>\n<meta property=\"og:site_name\" content=\"STOP carcinogens at work\" \/>\n<meta property=\"article:modified_time\" content=\"2025-05-30T13:41:37+00:00\" \/>\n<meta property=\"og:image\" content=\"https:\/\/stopcarcinogensatwork.eu\/wp-content\/uploads\/2024\/08\/Stop-Carcinogens-at-Work-icon-1-scaled.png\" \/>\n\t<meta property=\"og:image:width\" content=\"3000\" \/>\n\t<meta property=\"og:image:height\" content=\"2509\" \/>\n\t<meta property=\"og:image:type\" content=\"image\/png\" \/>\n<meta name=\"twitter:card\" content=\"summary_large_image\" \/>\n<meta name=\"twitter:label1\" content=\"Dur\u00e9e de lecture estim\u00e9e\" \/>\n\t<meta name=\"twitter:data1\" content=\"2 minutes\" \/>\n<script type=\"application\/ld+json\" class=\"yoast-schema-graph\">{\"@context\":\"https:\\\/\\\/schema.org\",\"@graph\":[{\"@type\":\"WebPage\",\"@id\":\"https:\\\/\\\/stopcarcinogensatwork.eu\\\/fr\\\/decouvrez-les-strategies-de-prevention-de-base\\\/\",\"url\":\"https:\\\/\\\/stopcarcinogensatwork.eu\\\/fr\\\/decouvrez-les-strategies-de-prevention-de-base\\\/\",\"name\":\"STOP Carcinogens at work : Les \u00e9tapes essentielles de la s\u00e9curit\u00e9 sur le lieu de travail - STOP carcinogens at work\",\"isPartOf\":{\"@id\":\"https:\\\/\\\/stopcarcinogensatwork.eu\\\/fr\\\/#website\"},\"primaryImageOfPage\":{\"@id\":\"https:\\\/\\\/stopcarcinogensatwork.eu\\\/fr\\\/decouvrez-les-strategies-de-prevention-de-base\\\/#primaryimage\"},\"image\":{\"@id\":\"https:\\\/\\\/stopcarcinogensatwork.eu\\\/fr\\\/decouvrez-les-strategies-de-prevention-de-base\\\/#primaryimage\"},\"thumbnailUrl\":\"https:\\\/\\\/stopcarcinogensatwork.eu\\\/wp-content\\\/uploads\\\/2024\\\/08\\\/Stop-Carcinogens-at-Work-icon-1-scaled.png\",\"datePublished\":\"2024-01-31T15:46:56+00:00\",\"dateModified\":\"2025-05-30T13:41:37+00:00\",\"description\":\"Le principe STOP d\u00e9crit l'ordre de priorit\u00e9 des mesures de protection lors de la d\u00e9termination et de l'application des mesures de protection.\",\"breadcrumb\":{\"@id\":\"https:\\\/\\\/stopcarcinogensatwork.eu\\\/fr\\\/decouvrez-les-strategies-de-prevention-de-base\\\/#breadcrumb\"},\"inLanguage\":\"fr-FR\",\"potentialAction\":[{\"@type\":\"ReadAction\",\"target\":[\"https:\\\/\\\/stopcarcinogensatwork.eu\\\/fr\\\/decouvrez-les-strategies-de-prevention-de-base\\\/\"]}]},{\"@type\":\"ImageObject\",\"inLanguage\":\"fr-FR\",\"@id\":\"https:\\\/\\\/stopcarcinogensatwork.eu\\\/fr\\\/decouvrez-les-strategies-de-prevention-de-base\\\/#primaryimage\",\"url\":\"https:\\\/\\\/stopcarcinogensatwork.eu\\\/wp-content\\\/uploads\\\/2024\\\/08\\\/Stop-Carcinogens-at-Work-icon-1-scaled.png\",\"contentUrl\":\"https:\\\/\\\/stopcarcinogensatwork.eu\\\/wp-content\\\/uploads\\\/2024\\\/08\\\/Stop-Carcinogens-at-Work-icon-1-scaled.png\",\"width\":3000,\"height\":2509},{\"@type\":\"BreadcrumbList\",\"@id\":\"https:\\\/\\\/stopcarcinogensatwork.eu\\\/fr\\\/decouvrez-les-strategies-de-prevention-de-base\\\/#breadcrumb\",\"itemListElement\":[{\"@type\":\"ListItem\",\"position\":1,\"name\":\"Home\",\"item\":\"https:\\\/\\\/stopcarcinogensatwork.eu\\\/fr\\\/page-daccueil\\\/\"},{\"@type\":\"ListItem\",\"position\":2,\"name\":\"Apprendre les strat\u00e9gies de pr\u00e9vention de base\"}]},{\"@type\":\"WebSite\",\"@id\":\"https:\\\/\\\/stopcarcinogensatwork.eu\\\/fr\\\/#website\",\"url\":\"https:\\\/\\\/stopcarcinogensatwork.eu\\\/fr\\\/\",\"name\":\"STOP Carcinogens at work\",\"description\":\"Every year, about 100.000 people die from cancer that was caused by exposure to carcinogens at work in Europe.\",\"publisher\":{\"@id\":\"https:\\\/\\\/stopcarcinogensatwork.eu\\\/fr\\\/#organization\"},\"alternateName\":\"Roadmap on Carcinogens\",\"potentialAction\":[{\"@type\":\"SearchAction\",\"target\":{\"@type\":\"EntryPoint\",\"urlTemplate\":\"https:\\\/\\\/stopcarcinogensatwork.eu\\\/fr\\\/?s={search_term_string}\"},\"query-input\":{\"@type\":\"PropertyValueSpecification\",\"valueRequired\":true,\"valueName\":\"search_term_string\"}}],\"inLanguage\":\"fr-FR\"},{\"@type\":\"Organization\",\"@id\":\"https:\\\/\\\/stopcarcinogensatwork.eu\\\/fr\\\/#organization\",\"name\":\"TNO\",\"alternateName\":\"This is a European wide voluntary action scheme\",\"url\":\"https:\\\/\\\/stopcarcinogensatwork.eu\\\/fr\\\/\",\"logo\":{\"@type\":\"ImageObject\",\"inLanguage\":\"fr-FR\",\"@id\":\"https:\\\/\\\/stopcarcinogensatwork.eu\\\/fr\\\/#\\\/schema\\\/logo\\\/image\\\/\",\"url\":\"https:\\\/\\\/stopcarcinogensatwork.eu\\\/wp-content\\\/uploads\\\/2024\\\/08\\\/cropped-FavLarge-1.png\",\"contentUrl\":\"https:\\\/\\\/stopcarcinogensatwork.eu\\\/wp-content\\\/uploads\\\/2024\\\/08\\\/cropped-FavLarge-1.png\",\"width\":512,\"height\":512,\"caption\":\"TNO\"},\"image\":{\"@id\":\"https:\\\/\\\/stopcarcinogensatwork.eu\\\/fr\\\/#\\\/schema\\\/logo\\\/image\\\/\"},\"publishingPrinciples\":\"https:\\\/\\\/stopcarcinogensatwork.eu\\\/homepage\\\/legal\\\/\",\"ownershipFundingInfo\":\"https:\\\/\\\/stopcarcinogensatwork.eu\\\/general\\\/about-us\\\/\"}]}<\/script>\n<!-- \/ Yoast SEO Premium plugin. -->","yoast_head_json":{"title":"STOP Carcinogens at work : Les \u00e9tapes essentielles de la s\u00e9curit\u00e9 sur le lieu de travail - STOP carcinogens at work","description":"Le principe STOP d\u00e9crit l'ordre de priorit\u00e9 des mesures de protection lors de la d\u00e9termination et de l'application des mesures de protection.","robots":{"index":"index","follow":"follow","max-snippet":"max-snippet:-1","max-image-preview":"max-image-preview:large","max-video-preview":"max-video-preview:-1"},"canonical":"https:\/\/stopcarcinogensatwork.eu\/fr\/decouvrez-les-strategies-de-prevention-de-base\/","og_locale":"fr_FR","og_type":"article","og_title":"Apprendre les strat\u00e9gies de pr\u00e9vention de base","og_description":"Le principe STOP d\u00e9crit l'ordre de priorit\u00e9 des mesures de protection lors de la d\u00e9termination et de l'application des mesures de protection.","og_url":"https:\/\/stopcarcinogensatwork.eu\/fr\/decouvrez-les-strategies-de-prevention-de-base\/","og_site_name":"STOP carcinogens at work","article_modified_time":"2025-05-30T13:41:37+00:00","og_image":[{"width":3000,"height":2509,"url":"https:\/\/stopcarcinogensatwork.eu\/wp-content\/uploads\/2024\/08\/Stop-Carcinogens-at-Work-icon-1-scaled.png","type":"image\/png"}],"twitter_card":"summary_large_image","twitter_misc":{"Dur\u00e9e de lecture estim\u00e9e":"2 minutes"},"schema":{"@context":"https:\/\/schema.org","@graph":[{"@type":"WebPage","@id":"https:\/\/stopcarcinogensatwork.eu\/fr\/decouvrez-les-strategies-de-prevention-de-base\/","url":"https:\/\/stopcarcinogensatwork.eu\/fr\/decouvrez-les-strategies-de-prevention-de-base\/","name":"STOP Carcinogens at work : Les \u00e9tapes essentielles de la s\u00e9curit\u00e9 sur le lieu de travail - STOP carcinogens at work","isPartOf":{"@id":"https:\/\/stopcarcinogensatwork.eu\/fr\/#website"},"primaryImageOfPage":{"@id":"https:\/\/stopcarcinogensatwork.eu\/fr\/decouvrez-les-strategies-de-prevention-de-base\/#primaryimage"},"image":{"@id":"https:\/\/stopcarcinogensatwork.eu\/fr\/decouvrez-les-strategies-de-prevention-de-base\/#primaryimage"},"thumbnailUrl":"https:\/\/stopcarcinogensatwork.eu\/wp-content\/uploads\/2024\/08\/Stop-Carcinogens-at-Work-icon-1-scaled.png","datePublished":"2024-01-31T15:46:56+00:00","dateModified":"2025-05-30T13:41:37+00:00","description":"Le principe STOP d\u00e9crit l'ordre de priorit\u00e9 des mesures de protection lors de la d\u00e9termination et de l'application des mesures de protection.","breadcrumb":{"@id":"https:\/\/stopcarcinogensatwork.eu\/fr\/decouvrez-les-strategies-de-prevention-de-base\/#breadcrumb"},"inLanguage":"fr-FR","potentialAction":[{"@type":"ReadAction","target":["https:\/\/stopcarcinogensatwork.eu\/fr\/decouvrez-les-strategies-de-prevention-de-base\/"]}]},{"@type":"ImageObject","inLanguage":"fr-FR","@id":"https:\/\/stopcarcinogensatwork.eu\/fr\/decouvrez-les-strategies-de-prevention-de-base\/#primaryimage","url":"https:\/\/stopcarcinogensatwork.eu\/wp-content\/uploads\/2024\/08\/Stop-Carcinogens-at-Work-icon-1-scaled.png","contentUrl":"https:\/\/stopcarcinogensatwork.eu\/wp-content\/uploads\/2024\/08\/Stop-Carcinogens-at-Work-icon-1-scaled.png","width":3000,"height":2509},{"@type":"BreadcrumbList","@id":"https:\/\/stopcarcinogensatwork.eu\/fr\/decouvrez-les-strategies-de-prevention-de-base\/#breadcrumb","itemListElement":[{"@type":"ListItem","position":1,"name":"Home","item":"https:\/\/stopcarcinogensatwork.eu\/fr\/page-daccueil\/"},{"@type":"ListItem","position":2,"name":"Apprendre les strat\u00e9gies de pr\u00e9vention de base"}]},{"@type":"WebSite","@id":"https:\/\/stopcarcinogensatwork.eu\/fr\/#website","url":"https:\/\/stopcarcinogensatwork.eu\/fr\/","name":"STOP Carcinogens at work","description":"Every year, about 100.000 people die from cancer that was caused by exposure to carcinogens at work in Europe.","publisher":{"@id":"https:\/\/stopcarcinogensatwork.eu\/fr\/#organization"},"alternateName":"Roadmap on Carcinogens","potentialAction":[{"@type":"SearchAction","target":{"@type":"EntryPoint","urlTemplate":"https:\/\/stopcarcinogensatwork.eu\/fr\/?s={search_term_string}"},"query-input":{"@type":"PropertyValueSpecification","valueRequired":true,"valueName":"search_term_string"}}],"inLanguage":"fr-FR"},{"@type":"Organization","@id":"https:\/\/stopcarcinogensatwork.eu\/fr\/#organization","name":"TNO","alternateName":"This is a European wide voluntary action scheme","url":"https:\/\/stopcarcinogensatwork.eu\/fr\/","logo":{"@type":"ImageObject","inLanguage":"fr-FR","@id":"https:\/\/stopcarcinogensatwork.eu\/fr\/#\/schema\/logo\/image\/","url":"https:\/\/stopcarcinogensatwork.eu\/wp-content\/uploads\/2024\/08\/cropped-FavLarge-1.png","contentUrl":"https:\/\/stopcarcinogensatwork.eu\/wp-content\/uploads\/2024\/08\/cropped-FavLarge-1.png","width":512,"height":512,"caption":"TNO"},"image":{"@id":"https:\/\/stopcarcinogensatwork.eu\/fr\/#\/schema\/logo\/image\/"},"publishingPrinciples":"https:\/\/stopcarcinogensatwork.eu\/homepage\/legal\/","ownershipFundingInfo":"https:\/\/stopcarcinogensatwork.eu\/general\/about-us\/"}]}},"_links":{"self":[{"href":"https:\/\/stopcarcinogensatwork.eu\/fr\/wp-json\/wp\/v2\/pages\/42400","targetHints":{"allow":["GET"]}}],"collection":[{"href":"https:\/\/stopcarcinogensatwork.eu\/fr\/wp-json\/wp\/v2\/pages"}],"about":[{"href":"https:\/\/stopcarcinogensatwork.eu\/fr\/wp-json\/wp\/v2\/types\/page"}],"author":[{"embeddable":true,"href":"https:\/\/stopcarcinogensatwork.eu\/fr\/wp-json\/wp\/v2\/users\/1"}],"replies":[{"embeddable":true,"href":"https:\/\/stopcarcinogensatwork.eu\/fr\/wp-json\/wp\/v2\/comments?post=42400"}],"version-history":[{"count":0,"href":"https:\/\/stopcarcinogensatwork.eu\/fr\/wp-json\/wp\/v2\/pages\/42400\/revisions"}],"wp:featuredmedia":[{"embeddable":true,"href":"https:\/\/stopcarcinogensatwork.eu\/fr\/wp-json\/wp\/v2\/media\/18735"}],"wp:attachment":[{"href":"https:\/\/stopcarcinogensatwork.eu\/fr\/wp-json\/wp\/v2\/media?parent=42400"}],"curies":[{"name":"wp","href":"https:\/\/api.w.org\/{rel}","templated":true}]}}