{"id":45408,"date":"2024-02-27T15:15:29","date_gmt":"2024-02-27T15:15:29","guid":{"rendered":"https:\/\/stopcarcinogensatwork.eu\/general\/collaborations\/"},"modified":"2025-12-10T11:53:40","modified_gmt":"2025-12-10T11:53:40","slug":"collaborations","status":"publish","type":"page","link":"https:\/\/stopcarcinogensatwork.eu\/fr\/general\/collaborations\/","title":{"rendered":"Collaborez avec nous"},"content":{"rendered":"\t\t<div data-elementor-type=\"wp-page\" data-elementor-id=\"45408\" class=\"elementor elementor-45408 elementor-7358\" data-elementor-post-type=\"page\">\n\t\t\t\t<div class=\"elementor-element elementor-element-4bc4f45a e-flex e-con-boxed e-con e-parent\" data-id=\"4bc4f45a\" data-element_type=\"container\" data-e-type=\"container\">\n\t\t\t\t\t<div class=\"e-con-inner\">\n\t\t\t\t<div class=\"elementor-element elementor-element-656752e2 elementor-widget elementor-widget-text-editor\" data-id=\"656752e2\" data-element_type=\"widget\" data-e-type=\"widget\" data-widget_type=\"text-editor.default\">\n\t\t\t\t\t\t\t\t\t<h2>Travaillons ensemble pour rendre les lieux de travail plus s\u00fbrs - par la connaissance, la pratique et l&rsquo;\u00e9ducation<\/h2><blockquote><p>Chaque ann\u00e9e, des dizaines de milliers de personnes en Europe meurent de maladies caus\u00e9es par leur travail. Dans de nombreux cas, c&rsquo;est le cancer qui est en cause, caus\u00e9 par l&rsquo;exposition \u00e0 des substances canc\u00e9rog\u00e8nes sur le lieu de travail. Ces risques sont souvent invisibles, mais ils ne sont pas in\u00e9vitables. Pour changer cela, nous avons besoin les uns des autres.   <\/p><p>Outre les employeurs et les travailleurs, nous invitons un r\u00e9seau plus large de professionnels \u00e0 se joindre \u00e0 nous : <strong><a href=\"#inspectorate\">inspections du travail<\/a>, <a href=\"#research\">chercheurs<\/a>, syndicats, organisations d&rsquo;experts, <a href=\"#educational\">\u00e9tablissements d&rsquo;enseignement et formateurs<\/a>.<\/strong> En travaillant ensemble, nous rendons les connaissances visibles, d\u00e9veloppons de nouveaux outils et apprenons de nos pratiques respectives.<\/p><\/blockquote>\t\t\t\t\t\t\t\t<\/div>\n\t\t\t\t\t<\/div>\n\t\t\t\t<\/div>\n\t\t<div class=\"elementor-element elementor-element-01c544b e-flex e-con-boxed e-con e-parent\" data-id=\"01c544b\" data-element_type=\"container\" data-e-type=\"container\" id=\"inspectorate\">\n\t\t\t\t\t<div class=\"e-con-inner\">\n\t\t\t\t<div class=\"elementor-element elementor-element-c2c232c elementor-widget elementor-widget-text-editor\" data-id=\"c2c232c\" data-element_type=\"widget\" data-e-type=\"widget\" data-widget_type=\"text-editor.default\">\n\t\t\t\t\t\t\t\t\t<h3>Inspections<\/h3><p>Les inspections du travail sont riches d&rsquo;une exp\u00e9rience concr\u00e8te. En partageant des cas d&rsquo;inspection, nous pouvons aider d&rsquo;autres inspecteurs \u00e0 tirer des enseignements de la pratique et aider les entreprises \u00e0 comprendre ce qui fonctionne et ce qui ne fonctionne pas. Nous invitons les inspecteurs du travail \u00e0  <\/p><p>- Partager des cas d&rsquo;inspection qui d\u00e9montrent l&rsquo;\u00e9valuation des risques et les mesures de contr\u00f4le<br>- Soutenir l&rsquo;apprentissage mutuel entre les services d&rsquo;inspection en Europe<br>- Aider les entreprises \u00e0 mieux comprendre le processus d&rsquo;inspection<\/p><p><strong>Vous souhaitez apporter votre contribution ? <a href=\"https:\/\/stopcarcinogensatwork.eu\/register\/\">Demandez un compte<\/a> via notre page d&rsquo;inscription pour les inspections.<\/strong> Vous avez d\u00e9j\u00e0 un compte ? <a href=\"https:\/\/stopcarcinogensatwork.eu\/fr\/connexion\/\">Connectez-vous ici.<\/a><br>Vous souhaitez consulter les cas d&rsquo;inspection publi\u00e9s ? <a href=\"https:\/\/stopcarcinogensatwork.eu\/fr\/recherche-dinspections\/\">Cliquez ici<\/a><\/p>\t\t\t\t\t\t\t\t<\/div>\n\t\t\t\t\t<\/div>\n\t\t\t\t<\/div>\n\t\t<div class=\"elementor-element elementor-element-06edf1b e-flex e-con-boxed e-con e-parent\" data-id=\"06edf1b\" data-element_type=\"container\" data-e-type=\"container\" id=\"research\">\n\t\t\t\t\t<div class=\"e-con-inner\">\n\t\t\t\t<div class=\"elementor-element elementor-element-cfc6497 elementor-widget elementor-widget-text-editor\" data-id=\"cfc6497\" data-element_type=\"widget\" data-e-type=\"widget\" data-widget_type=\"text-editor.default\">\n\t\t\t\t\t\t\t\t\t<h3>Pour les institutions de recherche et de connaissance<\/h3><p>La recherche, l&rsquo;expertise technique et les pratiques fond\u00e9es sur des donn\u00e9es probantes sont essentielles pour r\u00e9duire l&rsquo;exposition professionnelle aux canc\u00e9rog\u00e8nes. Nous invitons les institutions \u00e0 : <\/p><ul><li>Partager les bonnes pratiques : exemples concrets de substitution ou de contr\u00f4le r\u00e9ussis<\/li><li>\u00c9laborer ou affiner les Fiches d&rsquo;aide \u00e0 la pr\u00e9vention (FAP) : des conseils \u00e9tape par \u00e9tape pour g\u00e9rer l&rsquo;exposition.<\/li><li>Soutenir la sensibilisation et la politique \u00e0 l&rsquo;aide de connaissances scientifiques, de donn\u00e9es et d&rsquo;outils \u00e9ducatifs<\/li><\/ul><p>Ensemble, nous construisons une base de connaissances partag\u00e9e que d&rsquo;autres peuvent utiliser pour am\u00e9liorer leurs propres strat\u00e9gies. <strong><a href=\"https:\/\/stopcarcinogensatwork.eu\/institute-for-cgs\/\">Demandez un compte<\/a> via notre page d&rsquo;inscription.<\/strong><\/p>\t\t\t\t\t\t\t\t<\/div>\n\t\t\t\t\t<\/div>\n\t\t\t\t<\/div>\n\t\t<div class=\"elementor-element elementor-element-8326d9a e-flex e-con-boxed e-con e-parent\" data-id=\"8326d9a\" data-element_type=\"container\" data-e-type=\"container\" id=\"educational\">\n\t\t\t\t\t<div class=\"e-con-inner\">\n\t\t\t\t<div class=\"elementor-element elementor-element-b40aa3d elementor-widget elementor-widget-text-editor\" data-id=\"b40aa3d\" data-element_type=\"widget\" data-e-type=\"widget\" data-widget_type=\"text-editor.default\">\n\t\t\t\t\t\t\t\t\t<h3>Pour les \u00e9tablissements d&rsquo;enseignement et les formateurs<\/h3><p>De la formation professionnelle \u00e0 l&rsquo;universit\u00e9 : les \u00e9tudiants d&rsquo;aujourd&rsquo;hui sont la main-d&rsquo;\u0153uvre de demain. Un enseignement pr\u00e9coce sur les canc\u00e9rog\u00e8nes contribue \u00e0 une prise de conscience \u00e0 long terme et \u00e0 des choix plus sains. Nous invitons les \u00e9ducateurs et les formateurs \u00e0 :  <\/p><ul><li>Partager des supports de cours ou des projets de sensibilisation \u00e0 utiliser dans les \u00e9coles, les coll\u00e8ges ou les centres de formation.<\/li><li>Co-cr\u00e9er des contenus \u00e9ducatifs adapt\u00e9s \u00e0 diff\u00e9rents groupes d&rsquo;\u00e2ge et secteurs<\/li><li>Inspirer les \u00e9tudiants \u00e0 reconna\u00eetre et \u00e0 r\u00e9duire les risques sur leur futur lieu de travail<\/li><\/ul><p><a href=\"https:\/\/stopcarcinogensatwork.eu\/general\/educational-institutions-and-trainers\/\">Veuillez consulter la section Enseignement de notre site web.<\/a><\/p>\t\t\t\t\t\t\t\t<\/div>\n\t\t\t\t\t<\/div>\n\t\t\t\t<\/div>\n\t\t\t\t<\/div>\n\t\t","protected":false},"excerpt":{"rendered":"<p>Travaillons ensemble pour rendre les lieux de travail plus s\u00fbrs - par la connaissance, la pratique et l&rsquo;\u00e9ducation Chaque ann\u00e9e, des dizaines de milliers de personnes en Europe meurent de maladies caus\u00e9es par leur travail. Dans de nombreux cas, c&rsquo;est le cancer qui est en cause, caus\u00e9 par l&rsquo;exposition \u00e0 des substances canc\u00e9rog\u00e8nes sur le [&hellip;]<\/p>\n","protected":false},"author":1,"featured_media":0,"parent":42343,"menu_order":0,"comment_status":"closed","ping_status":"closed","template":"","meta":{"inline_featured_image":false,"footnotes":""},"class_list":["post-45408","page","type-page","status-publish","hentry"],"yoast_head":"<!-- This site is optimized with the Yoast SEO Premium plugin v27.0 (Yoast SEO v27.3) - https:\/\/yoast.com\/product\/yoast-seo-premium-wordpress\/ -->\n<title>Collaborez avec nous - STOP carcinogens at work<\/title>\n<meta name=\"description\" content=\"Every year, more than 100.000 people die in the EU from cancer caused by carcinogens at work. This must STOP!\" \/>\n<meta name=\"robots\" content=\"noindex, nofollow\" \/>\n<meta property=\"og:locale\" content=\"fr_FR\" \/>\n<meta property=\"og:type\" content=\"article\" \/>\n<meta property=\"og:title\" content=\"Collaborez avec nous\" \/>\n<meta property=\"og:description\" content=\"Every year, more than 100.000 people die in the EU from cancer caused by carcinogens at work. This must STOP!\" \/>\n<meta property=\"og:url\" content=\"https:\/\/stopcarcinogensatwork.eu\/fr\/general\/collaborations\/\" \/>\n<meta property=\"og:site_name\" content=\"STOP carcinogens at work\" \/>\n<meta property=\"article:modified_time\" content=\"2025-12-10T11:53:40+00:00\" \/>\n<meta name=\"twitter:card\" content=\"summary_large_image\" \/>\n<meta name=\"twitter:label1\" content=\"Dur\u00e9e de lecture estim\u00e9e\" \/>\n\t<meta name=\"twitter:data1\" content=\"2 minutes\" \/>\n<script type=\"application\/ld+json\" class=\"yoast-schema-graph\">{\"@context\":\"https:\\\/\\\/schema.org\",\"@graph\":[{\"@type\":\"WebPage\",\"@id\":\"https:\\\/\\\/stopcarcinogensatwork.eu\\\/fr\\\/general\\\/collaborations\\\/\",\"url\":\"https:\\\/\\\/stopcarcinogensatwork.eu\\\/fr\\\/general\\\/collaborations\\\/\",\"name\":\"Collaborez avec nous - STOP carcinogens at work\",\"isPartOf\":{\"@id\":\"https:\\\/\\\/stopcarcinogensatwork.eu\\\/fr\\\/#website\"},\"datePublished\":\"2024-02-27T15:15:29+00:00\",\"dateModified\":\"2025-12-10T11:53:40+00:00\",\"description\":\"Every year, more than 100.000 people die in the EU from cancer caused by carcinogens at work. This must STOP!\",\"breadcrumb\":{\"@id\":\"https:\\\/\\\/stopcarcinogensatwork.eu\\\/fr\\\/general\\\/collaborations\\\/#breadcrumb\"},\"inLanguage\":\"fr-FR\",\"potentialAction\":[{\"@type\":\"ReadAction\",\"target\":[\"https:\\\/\\\/stopcarcinogensatwork.eu\\\/fr\\\/general\\\/collaborations\\\/\"]}]},{\"@type\":\"BreadcrumbList\",\"@id\":\"https:\\\/\\\/stopcarcinogensatwork.eu\\\/fr\\\/general\\\/collaborations\\\/#breadcrumb\",\"itemListElement\":[{\"@type\":\"ListItem\",\"position\":1,\"name\":\"Home\",\"item\":\"https:\\\/\\\/stopcarcinogensatwork.eu\\\/fr\\\/page-daccueil\\\/\"},{\"@type\":\"ListItem\",\"position\":2,\"name\":\"G\u00e9n\u00e9ral\",\"item\":\"https:\\\/\\\/stopcarcinogensatwork.eu\\\/fr\\\/general\\\/\"},{\"@type\":\"ListItem\",\"position\":3,\"name\":\"Collaborez avec nous\"}]},{\"@type\":\"WebSite\",\"@id\":\"https:\\\/\\\/stopcarcinogensatwork.eu\\\/fr\\\/#website\",\"url\":\"https:\\\/\\\/stopcarcinogensatwork.eu\\\/fr\\\/\",\"name\":\"STOP Carcinogens at work\",\"description\":\"Every year, about 100.000 people die from cancer that was caused by exposure to carcinogens at work in Europe.\",\"publisher\":{\"@id\":\"https:\\\/\\\/stopcarcinogensatwork.eu\\\/fr\\\/#organization\"},\"alternateName\":\"Roadmap on Carcinogens\",\"potentialAction\":[{\"@type\":\"SearchAction\",\"target\":{\"@type\":\"EntryPoint\",\"urlTemplate\":\"https:\\\/\\\/stopcarcinogensatwork.eu\\\/fr\\\/?s={search_term_string}\"},\"query-input\":{\"@type\":\"PropertyValueSpecification\",\"valueRequired\":true,\"valueName\":\"search_term_string\"}}],\"inLanguage\":\"fr-FR\"},{\"@type\":\"Organization\",\"@id\":\"https:\\\/\\\/stopcarcinogensatwork.eu\\\/fr\\\/#organization\",\"name\":\"TNO\",\"alternateName\":\"This is a European wide voluntary action scheme\",\"url\":\"https:\\\/\\\/stopcarcinogensatwork.eu\\\/fr\\\/\",\"logo\":{\"@type\":\"ImageObject\",\"inLanguage\":\"fr-FR\",\"@id\":\"https:\\\/\\\/stopcarcinogensatwork.eu\\\/fr\\\/#\\\/schema\\\/logo\\\/image\\\/\",\"url\":\"https:\\\/\\\/stopcarcinogensatwork.eu\\\/wp-content\\\/uploads\\\/2024\\\/08\\\/cropped-FavLarge-1.png\",\"contentUrl\":\"https:\\\/\\\/stopcarcinogensatwork.eu\\\/wp-content\\\/uploads\\\/2024\\\/08\\\/cropped-FavLarge-1.png\",\"width\":512,\"height\":512,\"caption\":\"TNO\"},\"image\":{\"@id\":\"https:\\\/\\\/stopcarcinogensatwork.eu\\\/fr\\\/#\\\/schema\\\/logo\\\/image\\\/\"},\"publishingPrinciples\":\"https:\\\/\\\/stopcarcinogensatwork.eu\\\/homepage\\\/legal\\\/\",\"ownershipFundingInfo\":\"https:\\\/\\\/stopcarcinogensatwork.eu\\\/general\\\/about-us\\\/\"}]}<\/script>\n<!-- \/ Yoast SEO Premium plugin. -->","yoast_head_json":{"title":"Collaborez avec nous - STOP carcinogens at work","description":"Every year, more than 100.000 people die in the EU from cancer caused by carcinogens at work. This must STOP!","robots":{"index":"noindex","follow":"nofollow"},"og_locale":"fr_FR","og_type":"article","og_title":"Collaborez avec nous","og_description":"Every year, more than 100.000 people die in the EU from cancer caused by carcinogens at work. This must STOP!","og_url":"https:\/\/stopcarcinogensatwork.eu\/fr\/general\/collaborations\/","og_site_name":"STOP carcinogens at work","article_modified_time":"2025-12-10T11:53:40+00:00","twitter_card":"summary_large_image","twitter_misc":{"Dur\u00e9e de lecture estim\u00e9e":"2 minutes"},"schema":{"@context":"https:\/\/schema.org","@graph":[{"@type":"WebPage","@id":"https:\/\/stopcarcinogensatwork.eu\/fr\/general\/collaborations\/","url":"https:\/\/stopcarcinogensatwork.eu\/fr\/general\/collaborations\/","name":"Collaborez avec nous - STOP carcinogens at work","isPartOf":{"@id":"https:\/\/stopcarcinogensatwork.eu\/fr\/#website"},"datePublished":"2024-02-27T15:15:29+00:00","dateModified":"2025-12-10T11:53:40+00:00","description":"Every year, more than 100.000 people die in the EU from cancer caused by carcinogens at work. This must STOP!","breadcrumb":{"@id":"https:\/\/stopcarcinogensatwork.eu\/fr\/general\/collaborations\/#breadcrumb"},"inLanguage":"fr-FR","potentialAction":[{"@type":"ReadAction","target":["https:\/\/stopcarcinogensatwork.eu\/fr\/general\/collaborations\/"]}]},{"@type":"BreadcrumbList","@id":"https:\/\/stopcarcinogensatwork.eu\/fr\/general\/collaborations\/#breadcrumb","itemListElement":[{"@type":"ListItem","position":1,"name":"Home","item":"https:\/\/stopcarcinogensatwork.eu\/fr\/page-daccueil\/"},{"@type":"ListItem","position":2,"name":"G\u00e9n\u00e9ral","item":"https:\/\/stopcarcinogensatwork.eu\/fr\/general\/"},{"@type":"ListItem","position":3,"name":"Collaborez avec nous"}]},{"@type":"WebSite","@id":"https:\/\/stopcarcinogensatwork.eu\/fr\/#website","url":"https:\/\/stopcarcinogensatwork.eu\/fr\/","name":"STOP Carcinogens at work","description":"Every year, about 100.000 people die from cancer that was caused by exposure to carcinogens at work in Europe.","publisher":{"@id":"https:\/\/stopcarcinogensatwork.eu\/fr\/#organization"},"alternateName":"Roadmap on Carcinogens","potentialAction":[{"@type":"SearchAction","target":{"@type":"EntryPoint","urlTemplate":"https:\/\/stopcarcinogensatwork.eu\/fr\/?s={search_term_string}"},"query-input":{"@type":"PropertyValueSpecification","valueRequired":true,"valueName":"search_term_string"}}],"inLanguage":"fr-FR"},{"@type":"Organization","@id":"https:\/\/stopcarcinogensatwork.eu\/fr\/#organization","name":"TNO","alternateName":"This is a European wide voluntary action scheme","url":"https:\/\/stopcarcinogensatwork.eu\/fr\/","logo":{"@type":"ImageObject","inLanguage":"fr-FR","@id":"https:\/\/stopcarcinogensatwork.eu\/fr\/#\/schema\/logo\/image\/","url":"https:\/\/stopcarcinogensatwork.eu\/wp-content\/uploads\/2024\/08\/cropped-FavLarge-1.png","contentUrl":"https:\/\/stopcarcinogensatwork.eu\/wp-content\/uploads\/2024\/08\/cropped-FavLarge-1.png","width":512,"height":512,"caption":"TNO"},"image":{"@id":"https:\/\/stopcarcinogensatwork.eu\/fr\/#\/schema\/logo\/image\/"},"publishingPrinciples":"https:\/\/stopcarcinogensatwork.eu\/homepage\/legal\/","ownershipFundingInfo":"https:\/\/stopcarcinogensatwork.eu\/general\/about-us\/"}]}},"_links":{"self":[{"href":"https:\/\/stopcarcinogensatwork.eu\/fr\/wp-json\/wp\/v2\/pages\/45408","targetHints":{"allow":["GET"]}}],"collection":[{"href":"https:\/\/stopcarcinogensatwork.eu\/fr\/wp-json\/wp\/v2\/pages"}],"about":[{"href":"https:\/\/stopcarcinogensatwork.eu\/fr\/wp-json\/wp\/v2\/types\/page"}],"author":[{"embeddable":true,"href":"https:\/\/stopcarcinogensatwork.eu\/fr\/wp-json\/wp\/v2\/users\/1"}],"replies":[{"embeddable":true,"href":"https:\/\/stopcarcinogensatwork.eu\/fr\/wp-json\/wp\/v2\/comments?post=45408"}],"version-history":[{"count":0,"href":"https:\/\/stopcarcinogensatwork.eu\/fr\/wp-json\/wp\/v2\/pages\/45408\/revisions"}],"up":[{"embeddable":true,"href":"https:\/\/stopcarcinogensatwork.eu\/fr\/wp-json\/wp\/v2\/pages\/42343"}],"wp:attachment":[{"href":"https:\/\/stopcarcinogensatwork.eu\/fr\/wp-json\/wp\/v2\/media?parent=45408"}],"curies":[{"name":"wp","href":"https:\/\/api.w.org\/{rel}","templated":true}]}}