{"id":55413,"date":"2024-02-05T13:42:42","date_gmt":"2024-02-05T13:42:42","guid":{"rendered":"https:\/\/stopcarcinogensatwork.eu\/general\/a-propos-de-la-roadmap-on-carcinogens\/"},"modified":"2025-11-27T13:57:40","modified_gmt":"2025-11-27T13:57:40","slug":"a-propos-de-la-roadmap-on-carcinogens","status":"publish","type":"page","link":"https:\/\/stopcarcinogensatwork.eu\/fr\/general\/a-propos-de-la-roadmap-on-carcinogens\/","title":{"rendered":"\u00c0 propos de la Roadmap sur les canc\u00e9rog\u00e8nes"},"content":{"rendered":"<blockquote><p>Ce site web est une initiative de la Roadmap on Carcinogens : Un programme d&rsquo;action volontaire \u00e0 l&rsquo;\u00e9chelle europ\u00e9enne pour lutter contre le cancer en lien avec le travail. Les partenaires suivants<a href=\"https:\/\/stopcarcinogensatwork.eu\/fr\/lancement-de-roadmap-on-carcinogens-3-0\/\">(se sont engag\u00e9s<\/a>) \u00e0 \u00eatre actifs et \u00e0 prendre la t\u00eate de ce programme visant \u00e0 pr\u00e9venir l&rsquo;exposition aux canc\u00e9rog\u00e8nes sur le lieu de travail : <\/p>\n<p><img fetchpriority=\"high\" decoding=\"async\" class=\"alignnone size-full wp-image-92758\" src=\"https:\/\/stopcarcinogensatwork.eu\/wp-content\/uploads\/2025\/11\/partners.jpg\" alt=\"\" width=\"2560\" height=\"967\" srcset=\"https:\/\/stopcarcinogensatwork.eu\/wp-content\/uploads\/2025\/11\/partners.jpg 2560w, https:\/\/stopcarcinogensatwork.eu\/wp-content\/uploads\/2025\/11\/partners-300x113.jpg 300w, https:\/\/stopcarcinogensatwork.eu\/wp-content\/uploads\/2025\/11\/partners-768x290.jpg 768w, https:\/\/stopcarcinogensatwork.eu\/wp-content\/uploads\/2025\/11\/partners-1536x580.jpg 1536w, https:\/\/stopcarcinogensatwork.eu\/wp-content\/uploads\/2025\/11\/partners-2048x774.jpg 2048w\" sizes=\"(max-width: 2560px) 100vw, 2560px\" \/><\/p><\/blockquote>\n<ul>\n<li><a href=\"https:\/\/www.bma.gv.at\/en.html\" target=\"_blank\" rel=\"noopener\">Autriche : Minist\u00e8re f\u00e9d\u00e9ral du travail, des affaires sociales, de la sant\u00e9, des soins et de la protection des consommateurs<\/a><\/li>\n<li><a href=\"https:\/\/employment.belgium.be\/en\/themes\" target=\"_blank\" rel=\"noopener\">Belgique : Service public f\u00e9d\u00e9ral Emploi, Travail et Concertation sociale<\/a><\/li>\n<li><a href=\"https:\/\/stm.fi\/en\/frontpage\" target=\"_blank\" rel=\"noopener\">Finlande : Minist\u00e8re des affaires sociales et de la sant\u00e9<\/a><\/li>\n<li><a href=\"https:\/\/travail-emploi.gouv.fr\/\" target=\"_blank\" rel=\"noopener\">France : Minist\u00e8re du travail, de la sant\u00e9 et des solidarit\u00e9s<\/a><\/li>\n<li><a href=\"https:\/\/www.bmas.de\/EN\/Home\/home.html\" target=\"_blank\" rel=\"noopener\">Allemagne : Minist\u00e8re f\u00e9d\u00e9ral du travail et des affaires sociales<\/a><\/li>\n<li><a href=\"http:\/\/hsa.ie\/\" target=\"_blank\" rel=\"noopener\">Irlande : Autorit\u00e9 de sant\u00e9 et de s\u00e9curit\u00e9<\/a><\/li>\n<li><a href=\"https:\/\/www.government.nl\/ministries\/ministry-of-social-affairs-and-employment\" target=\"_blank\" rel=\"noopener\">Pays-Bas : Minist\u00e8re des affaires sociales et de l&#8217;emploi<\/a><\/li>\n<li><a href=\"https:\/\/stami.no\/en\/\" target=\"_blank\" rel=\"noopener\">Norv\u00e8ge : Institut national norv\u00e9gien de la sant\u00e9 au travail (STAMI)<\/a><\/li>\n<li><a href=\"https:\/\/portal.act.gov.pt\/Pages\/Home.aspx\" target=\"_blank\" rel=\"noopener\">Portugal : Autorit\u00e9 pour les conditions de travail<\/a><\/li>\n<li><a href=\"https:\/\/www.gov.si\/en\/state-authorities\/ministries\/ministry-of-labour-family-social-affairs-and-equal-opportunities\/\" target=\"_blank\" rel=\"noopener\">Slov\u00e9nie : Minist\u00e8re du travail, de la famille, des affaires sociales et de l&rsquo;\u00e9galit\u00e9 des chances<\/a><\/li>\n<li><a href=\"https:\/\/www.mites.gob.es\/en\/\" target=\"_blank\" rel=\"noopener\">Espagne : Minist\u00e8re espagnol du travail et de l&rsquo;\u00e9conomie sociale<\/a><\/li>\n<li><a href=\"https:\/\/www.businesseurope.eu\/\" target=\"_blank\" rel=\"noopener\">BusinessEurope (employeurs europ\u00e9ens)<\/a><\/li>\n<li><a href=\"https:\/\/www.etuc.org\/\" target=\"_blank\" rel=\"noopener\">Conf\u00e9d\u00e9ration europ\u00e9enne des syndicats - CES (travailleurs europ\u00e9ens)<\/a><\/li>\n<li><a href=\"https:\/\/osha.europa.eu\/en\/themes\/dangerous-substances\/roadmap-to-carcinogens\" target=\"_blank\" rel=\"noopener\">Agence europ\u00e9enne pour la s\u00e9curit\u00e9 et la sant\u00e9 au travail - EU-OSHA<\/a><\/li>\n<li><a href=\"https:\/\/echa.europa.eu\/\" target=\"_blank\" rel=\"noopener\">Agence europ\u00e9enne des produits chimiques - ECHA<\/a><\/li>\n<li><a href=\"https:\/\/ec.europa.eu\/info\/departments\/employment-social-affairs-and-inclusion_en\" target=\"_blank\" rel=\"noopener\">Commission europ\u00e9enne<\/a><\/li>\n<\/ul>\n<p>&nbsp;<\/p>\n<p>En outre, de nombreux amis (entreprises et organisations) soutiennent d\u00e9j\u00e0 le site Roadmap on Carcinogens en diffusant notre message. Devenez un ami en vous <a href=\"https:\/\/laposta.nl\/f\/ss69p5fpqabo\" target=\"_blank\" rel=\"noopener\">inscrivant \u00e0 la lettre d&rsquo;information<\/a>. <\/p>\n<h2>L&rsquo;importance de notre voyage<\/h2>\n<p>Chaque ann\u00e9e, dans l&rsquo;Union europ\u00e9enne, environ 120 000 personnes se voient diagnostiquer un cancer suite \u00e0 une exposition \u00e0 des agents canc\u00e9rog\u00e8nes sur leur lieu de travail. Et environ 100 000 personnes meurent d&rsquo;un cancer en lien avec le travail. Il est important de comprendre que tout cela n&rsquo;est pas n\u00e9cessaire ! Cela vient de notre fa\u00e7on de travailler, des choix que nous faisons. La bonne nouvelle, c&rsquo;est que nous pouvons faire quelque chose. Le mot cl\u00e9 est la pr\u00e9vention, en s&rsquo;assurant que nous ne sommes pas expos\u00e9s \u00e0 des canc\u00e9rog\u00e8nes.     <\/p>\n<p>La Roadmap on Carcinogens a pour but d&rsquo;aider les entreprises et les travailleurs europ\u00e9ens \u00e0 agir :<\/p>\n<ul>\n<li><strong>Sensibilisation :<\/strong> informer les entreprises et les travailleurs des risques d&rsquo;exposition aux substances canc\u00e9rog\u00e8nes et de la n\u00e9cessit\u00e9 d&rsquo;actions pr\u00e9ventives, et pr\u00e9senter les faits.<\/li>\n<li><strong>Fournir de l&rsquo;aide :<\/strong> offrir des solutions et des outils aux entreprises et aux travailleurs pour \u00e9viter l&rsquo;exposition aux canc\u00e9rog\u00e8nes sur le lieu de travail et minimiser ses effets sur la main-d&rsquo;\u0153uvre.<\/li>\n<\/ul>\n<h2>La feuille de route actuelle pr\u00e9voit des activit\u00e9s jusqu&rsquo;\u00e0 la fin de 2027.<\/h2>\n<p>Au cours de la deuxi\u00e8me phase de la feuille de route (2020-2024), nous avons relev\u00e9 12 d\u00e9fis. Les r\u00e9sultats ont \u00e9t\u00e9 ou seront int\u00e9gr\u00e9s dans le site web.   <strong><a href=\"https:\/\/stopcarcinogensatwork.eu\/fr\/general\/a-propos-de-la-roadmap-on-carcinogens\/defis\/\">Vous trouverez plus d&rsquo;informations sur ces projets ici.<\/a><\/strong><\/p>\n<p>Vous pouvez \u00e9galement consulter notre nouvelle strat\u00e9gie pour la <a href=\"https:\/\/stopcarcinogensatwork.eu\/wp-content\/uploads\/2025\/05\/RoC3.0_Strategy_final.pdf\">RdC3.0 pour la p\u00e9riode 2025-2027 ici.<\/a><\/p>\n<h2>Nous utilisons un outil de traduction aliment\u00e9 par l&rsquo;IA pour notre site web.<\/h2>\n<p>Nous utilisons un outil de traduction aliment\u00e9 par l&rsquo;IA pour notre site web, avec des locuteurs natifs qui r\u00e9visent et corrigent toute inexactitude. Cette approche garantit \u00e0 la fois l&rsquo;efficacit\u00e9 et la qualit\u00e9, car le syst\u00e8me d&rsquo;IA s&rsquo;am\u00e9liore continuellement au fil du temps. Nous pensons que cette m\u00e9thode constitue le moyen le plus efficace et le plus rentable de rendre notre site web accessible dans plusieurs langues, ce qui nous permet d&rsquo;atteindre un plus grand nombre de personnes et d&rsquo;organisations. Si vous avez des commentaires ou des suggestions concernant notre processus de traduction, n&rsquo;h\u00e9sitez pas \u00e0 nous en faire part. N&rsquo;h\u00e9sitez pas \u00e0 nous faire part de vos r\u00e9flexions par courrier \u00e9lectronique.    <\/p>\n<h2>Questions et remarques<\/h2>\n<p>Pour plus d&rsquo;informations ou si vous avez des questions, contactez-nous \u00e0 l&rsquo;adresse suivante :  <a href=\"mailto:info@stopcarcinogensatwork.eu\">info@stopcarcinogensatwork.eu<\/a><\/p>\n<p>&nbsp;<\/p>\n","protected":false},"excerpt":{"rendered":"<p>Ce site web est une initiative de la Roadmap on Carcinogens : Un programme d&rsquo;action volontaire \u00e0 l&rsquo;\u00e9chelle europ\u00e9enne pour lutter contre le cancer en lien avec le travail. Les partenaires suivants(se sont engag\u00e9s) \u00e0 \u00eatre actifs et \u00e0 prendre la t\u00eate de ce programme visant \u00e0 pr\u00e9venir l&rsquo;exposition aux canc\u00e9rog\u00e8nes sur le lieu de [&hellip;]<\/p>\n","protected":false},"author":1,"featured_media":0,"parent":42343,"menu_order":0,"comment_status":"closed","ping_status":"closed","template":"","meta":{"inline_featured_image":false,"footnotes":""},"class_list":["post-55413","page","type-page","status-publish","hentry"],"yoast_head":"<!-- This site is optimized with the Yoast SEO Premium plugin v27.4 (Yoast SEO v27.4) - https:\/\/yoast.com\/product\/yoast-seo-premium-wordpress\/ -->\n<title>\u00c0 propos de la Roadmap sur les canc\u00e9rog\u00e8nes - STOP carcinogens at work<\/title>\n<meta name=\"description\" content=\"Ce site web est un programme d&#039;action volontaire de l&#039;UE visant \u00e0 pr\u00e9venir l&#039;exposition des travailleurs \u00e0 des canc\u00e9rog\u00e8nes sur le lieu de travail.\" \/>\n<meta name=\"robots\" content=\"index, follow, max-snippet:-1, max-image-preview:large, max-video-preview:-1\" \/>\n<link rel=\"canonical\" href=\"https:\/\/stopcarcinogensatwork.eu\/fr\/general\/a-propos-de-la-roadmap-on-carcinogens\/\" \/>\n<meta property=\"og:locale\" content=\"fr_FR\" \/>\n<meta property=\"og:type\" content=\"article\" \/>\n<meta property=\"og:title\" content=\"\u00c0 propos de la Roadmap sur les canc\u00e9rog\u00e8nes\" \/>\n<meta property=\"og:description\" content=\"Ce site web est un programme d&#039;action volontaire de l&#039;UE visant \u00e0 pr\u00e9venir l&#039;exposition des travailleurs \u00e0 des canc\u00e9rog\u00e8nes sur le lieu de travail.\" \/>\n<meta property=\"og:url\" content=\"https:\/\/stopcarcinogensatwork.eu\/fr\/general\/a-propos-de-la-roadmap-on-carcinogens\/\" \/>\n<meta property=\"og:site_name\" content=\"STOP carcinogens at work\" \/>\n<meta property=\"article:modified_time\" content=\"2025-11-27T13:57:40+00:00\" \/>\n<meta property=\"og:image\" content=\"https:\/\/stopcarcinogensatwork.eu\/wp-content\/uploads\/2025\/11\/partners.jpg\" \/>\n\t<meta property=\"og:image:width\" content=\"2560\" \/>\n\t<meta property=\"og:image:height\" content=\"967\" \/>\n\t<meta property=\"og:image:type\" content=\"image\/jpeg\" \/>\n<meta name=\"twitter:card\" content=\"summary_large_image\" \/>\n<meta name=\"twitter:label1\" content=\"Dur\u00e9e de lecture estim\u00e9e\" \/>\n\t<meta name=\"twitter:data1\" content=\"3 minutes\" \/>\n<script type=\"application\/ld+json\" class=\"yoast-schema-graph\">{\"@context\":\"https:\\\/\\\/schema.org\",\"@graph\":[{\"@type\":\"WebPage\",\"@id\":\"https:\\\/\\\/stopcarcinogensatwork.eu\\\/fr\\\/general\\\/a-propos-de-la-roadmap-on-carcinogens\\\/\",\"url\":\"https:\\\/\\\/stopcarcinogensatwork.eu\\\/fr\\\/general\\\/a-propos-de-la-roadmap-on-carcinogens\\\/\",\"name\":\"\u00c0 propos de la Roadmap sur les canc\u00e9rog\u00e8nes - STOP carcinogens at work\",\"isPartOf\":{\"@id\":\"https:\\\/\\\/stopcarcinogensatwork.eu\\\/fr\\\/#website\"},\"primaryImageOfPage\":{\"@id\":\"https:\\\/\\\/stopcarcinogensatwork.eu\\\/fr\\\/general\\\/a-propos-de-la-roadmap-on-carcinogens\\\/#primaryimage\"},\"image\":{\"@id\":\"https:\\\/\\\/stopcarcinogensatwork.eu\\\/fr\\\/general\\\/a-propos-de-la-roadmap-on-carcinogens\\\/#primaryimage\"},\"thumbnailUrl\":\"https:\\\/\\\/stopcarcinogensatwork.eu\\\/wp-content\\\/uploads\\\/2025\\\/11\\\/partners.jpg\",\"datePublished\":\"2024-02-05T13:42:42+00:00\",\"dateModified\":\"2025-11-27T13:57:40+00:00\",\"description\":\"Ce site web est un programme d'action volontaire de l'UE visant \u00e0 pr\u00e9venir l'exposition des travailleurs \u00e0 des canc\u00e9rog\u00e8nes sur le lieu de travail.\",\"breadcrumb\":{\"@id\":\"https:\\\/\\\/stopcarcinogensatwork.eu\\\/fr\\\/general\\\/a-propos-de-la-roadmap-on-carcinogens\\\/#breadcrumb\"},\"inLanguage\":\"fr-FR\",\"potentialAction\":[{\"@type\":\"ReadAction\",\"target\":[\"https:\\\/\\\/stopcarcinogensatwork.eu\\\/fr\\\/general\\\/a-propos-de-la-roadmap-on-carcinogens\\\/\"]}]},{\"@type\":\"ImageObject\",\"inLanguage\":\"fr-FR\",\"@id\":\"https:\\\/\\\/stopcarcinogensatwork.eu\\\/fr\\\/general\\\/a-propos-de-la-roadmap-on-carcinogens\\\/#primaryimage\",\"url\":\"https:\\\/\\\/stopcarcinogensatwork.eu\\\/wp-content\\\/uploads\\\/2025\\\/11\\\/partners.jpg\",\"contentUrl\":\"https:\\\/\\\/stopcarcinogensatwork.eu\\\/wp-content\\\/uploads\\\/2025\\\/11\\\/partners.jpg\"},{\"@type\":\"BreadcrumbList\",\"@id\":\"https:\\\/\\\/stopcarcinogensatwork.eu\\\/fr\\\/general\\\/a-propos-de-la-roadmap-on-carcinogens\\\/#breadcrumb\",\"itemListElement\":[{\"@type\":\"ListItem\",\"position\":1,\"name\":\"Home\",\"item\":\"https:\\\/\\\/stopcarcinogensatwork.eu\\\/fr\\\/page-daccueil\\\/\"},{\"@type\":\"ListItem\",\"position\":2,\"name\":\"G\u00e9n\u00e9ral\",\"item\":\"https:\\\/\\\/stopcarcinogensatwork.eu\\\/fr\\\/general\\\/\"},{\"@type\":\"ListItem\",\"position\":3,\"name\":\"\u00c0 propos de la Roadmap sur les canc\u00e9rog\u00e8nes\"}]},{\"@type\":\"WebSite\",\"@id\":\"https:\\\/\\\/stopcarcinogensatwork.eu\\\/fr\\\/#website\",\"url\":\"https:\\\/\\\/stopcarcinogensatwork.eu\\\/fr\\\/\",\"name\":\"STOP Carcinogens at work\",\"description\":\"Every year, about 100.000 people die from cancer that was caused by exposure to carcinogens at work in Europe.\",\"publisher\":{\"@id\":\"https:\\\/\\\/stopcarcinogensatwork.eu\\\/fr\\\/#organization\"},\"alternateName\":\"Roadmap on Carcinogens\",\"potentialAction\":[{\"@type\":\"SearchAction\",\"target\":{\"@type\":\"EntryPoint\",\"urlTemplate\":\"https:\\\/\\\/stopcarcinogensatwork.eu\\\/fr\\\/?s={search_term_string}\"},\"query-input\":{\"@type\":\"PropertyValueSpecification\",\"valueRequired\":true,\"valueName\":\"search_term_string\"}}],\"inLanguage\":\"fr-FR\"},{\"@type\":\"Organization\",\"@id\":\"https:\\\/\\\/stopcarcinogensatwork.eu\\\/fr\\\/#organization\",\"name\":\"TNO\",\"alternateName\":\"This is a European wide voluntary action scheme\",\"url\":\"https:\\\/\\\/stopcarcinogensatwork.eu\\\/fr\\\/\",\"logo\":{\"@type\":\"ImageObject\",\"inLanguage\":\"fr-FR\",\"@id\":\"https:\\\/\\\/stopcarcinogensatwork.eu\\\/fr\\\/#\\\/schema\\\/logo\\\/image\\\/\",\"url\":\"https:\\\/\\\/stopcarcinogensatwork.eu\\\/wp-content\\\/uploads\\\/2024\\\/08\\\/cropped-FavLarge-1.png\",\"contentUrl\":\"https:\\\/\\\/stopcarcinogensatwork.eu\\\/wp-content\\\/uploads\\\/2024\\\/08\\\/cropped-FavLarge-1.png\",\"width\":512,\"height\":512,\"caption\":\"TNO\"},\"image\":{\"@id\":\"https:\\\/\\\/stopcarcinogensatwork.eu\\\/fr\\\/#\\\/schema\\\/logo\\\/image\\\/\"},\"publishingPrinciples\":\"https:\\\/\\\/stopcarcinogensatwork.eu\\\/homepage\\\/legal\\\/\",\"ownershipFundingInfo\":\"https:\\\/\\\/stopcarcinogensatwork.eu\\\/general\\\/about-us\\\/\"}]}<\/script>\n<!-- \/ Yoast SEO Premium plugin. -->","yoast_head_json":{"title":"\u00c0 propos de la Roadmap sur les canc\u00e9rog\u00e8nes - STOP carcinogens at work","description":"Ce site web est un programme d'action volontaire de l'UE visant \u00e0 pr\u00e9venir l'exposition des travailleurs \u00e0 des canc\u00e9rog\u00e8nes sur le lieu de travail.","robots":{"index":"index","follow":"follow","max-snippet":"max-snippet:-1","max-image-preview":"max-image-preview:large","max-video-preview":"max-video-preview:-1"},"canonical":"https:\/\/stopcarcinogensatwork.eu\/fr\/general\/a-propos-de-la-roadmap-on-carcinogens\/","og_locale":"fr_FR","og_type":"article","og_title":"\u00c0 propos de la Roadmap sur les canc\u00e9rog\u00e8nes","og_description":"Ce site web est un programme d'action volontaire de l'UE visant \u00e0 pr\u00e9venir l'exposition des travailleurs \u00e0 des canc\u00e9rog\u00e8nes sur le lieu de travail.","og_url":"https:\/\/stopcarcinogensatwork.eu\/fr\/general\/a-propos-de-la-roadmap-on-carcinogens\/","og_site_name":"STOP carcinogens at work","article_modified_time":"2025-11-27T13:57:40+00:00","og_image":[{"width":2560,"height":967,"url":"https:\/\/stopcarcinogensatwork.eu\/wp-content\/uploads\/2025\/11\/partners.jpg","type":"image\/jpeg"}],"twitter_card":"summary_large_image","twitter_misc":{"Dur\u00e9e de lecture estim\u00e9e":"3 minutes"},"schema":{"@context":"https:\/\/schema.org","@graph":[{"@type":"WebPage","@id":"https:\/\/stopcarcinogensatwork.eu\/fr\/general\/a-propos-de-la-roadmap-on-carcinogens\/","url":"https:\/\/stopcarcinogensatwork.eu\/fr\/general\/a-propos-de-la-roadmap-on-carcinogens\/","name":"\u00c0 propos de la Roadmap sur les canc\u00e9rog\u00e8nes - STOP carcinogens at work","isPartOf":{"@id":"https:\/\/stopcarcinogensatwork.eu\/fr\/#website"},"primaryImageOfPage":{"@id":"https:\/\/stopcarcinogensatwork.eu\/fr\/general\/a-propos-de-la-roadmap-on-carcinogens\/#primaryimage"},"image":{"@id":"https:\/\/stopcarcinogensatwork.eu\/fr\/general\/a-propos-de-la-roadmap-on-carcinogens\/#primaryimage"},"thumbnailUrl":"https:\/\/stopcarcinogensatwork.eu\/wp-content\/uploads\/2025\/11\/partners.jpg","datePublished":"2024-02-05T13:42:42+00:00","dateModified":"2025-11-27T13:57:40+00:00","description":"Ce site web est un programme d'action volontaire de l'UE visant \u00e0 pr\u00e9venir l'exposition des travailleurs \u00e0 des canc\u00e9rog\u00e8nes sur le lieu de travail.","breadcrumb":{"@id":"https:\/\/stopcarcinogensatwork.eu\/fr\/general\/a-propos-de-la-roadmap-on-carcinogens\/#breadcrumb"},"inLanguage":"fr-FR","potentialAction":[{"@type":"ReadAction","target":["https:\/\/stopcarcinogensatwork.eu\/fr\/general\/a-propos-de-la-roadmap-on-carcinogens\/"]}]},{"@type":"ImageObject","inLanguage":"fr-FR","@id":"https:\/\/stopcarcinogensatwork.eu\/fr\/general\/a-propos-de-la-roadmap-on-carcinogens\/#primaryimage","url":"https:\/\/stopcarcinogensatwork.eu\/wp-content\/uploads\/2025\/11\/partners.jpg","contentUrl":"https:\/\/stopcarcinogensatwork.eu\/wp-content\/uploads\/2025\/11\/partners.jpg"},{"@type":"BreadcrumbList","@id":"https:\/\/stopcarcinogensatwork.eu\/fr\/general\/a-propos-de-la-roadmap-on-carcinogens\/#breadcrumb","itemListElement":[{"@type":"ListItem","position":1,"name":"Home","item":"https:\/\/stopcarcinogensatwork.eu\/fr\/page-daccueil\/"},{"@type":"ListItem","position":2,"name":"G\u00e9n\u00e9ral","item":"https:\/\/stopcarcinogensatwork.eu\/fr\/general\/"},{"@type":"ListItem","position":3,"name":"\u00c0 propos de la Roadmap sur les canc\u00e9rog\u00e8nes"}]},{"@type":"WebSite","@id":"https:\/\/stopcarcinogensatwork.eu\/fr\/#website","url":"https:\/\/stopcarcinogensatwork.eu\/fr\/","name":"STOP Carcinogens at work","description":"Every year, about 100.000 people die from cancer that was caused by exposure to carcinogens at work in Europe.","publisher":{"@id":"https:\/\/stopcarcinogensatwork.eu\/fr\/#organization"},"alternateName":"Roadmap on Carcinogens","potentialAction":[{"@type":"SearchAction","target":{"@type":"EntryPoint","urlTemplate":"https:\/\/stopcarcinogensatwork.eu\/fr\/?s={search_term_string}"},"query-input":{"@type":"PropertyValueSpecification","valueRequired":true,"valueName":"search_term_string"}}],"inLanguage":"fr-FR"},{"@type":"Organization","@id":"https:\/\/stopcarcinogensatwork.eu\/fr\/#organization","name":"TNO","alternateName":"This is a European wide voluntary action scheme","url":"https:\/\/stopcarcinogensatwork.eu\/fr\/","logo":{"@type":"ImageObject","inLanguage":"fr-FR","@id":"https:\/\/stopcarcinogensatwork.eu\/fr\/#\/schema\/logo\/image\/","url":"https:\/\/stopcarcinogensatwork.eu\/wp-content\/uploads\/2024\/08\/cropped-FavLarge-1.png","contentUrl":"https:\/\/stopcarcinogensatwork.eu\/wp-content\/uploads\/2024\/08\/cropped-FavLarge-1.png","width":512,"height":512,"caption":"TNO"},"image":{"@id":"https:\/\/stopcarcinogensatwork.eu\/fr\/#\/schema\/logo\/image\/"},"publishingPrinciples":"https:\/\/stopcarcinogensatwork.eu\/homepage\/legal\/","ownershipFundingInfo":"https:\/\/stopcarcinogensatwork.eu\/general\/about-us\/"}]}},"_links":{"self":[{"href":"https:\/\/stopcarcinogensatwork.eu\/fr\/wp-json\/wp\/v2\/pages\/55413","targetHints":{"allow":["GET"]}}],"collection":[{"href":"https:\/\/stopcarcinogensatwork.eu\/fr\/wp-json\/wp\/v2\/pages"}],"about":[{"href":"https:\/\/stopcarcinogensatwork.eu\/fr\/wp-json\/wp\/v2\/types\/page"}],"author":[{"embeddable":true,"href":"https:\/\/stopcarcinogensatwork.eu\/fr\/wp-json\/wp\/v2\/users\/1"}],"replies":[{"embeddable":true,"href":"https:\/\/stopcarcinogensatwork.eu\/fr\/wp-json\/wp\/v2\/comments?post=55413"}],"version-history":[{"count":0,"href":"https:\/\/stopcarcinogensatwork.eu\/fr\/wp-json\/wp\/v2\/pages\/55413\/revisions"}],"up":[{"embeddable":true,"href":"https:\/\/stopcarcinogensatwork.eu\/fr\/wp-json\/wp\/v2\/pages\/42343"}],"wp:attachment":[{"href":"https:\/\/stopcarcinogensatwork.eu\/fr\/wp-json\/wp\/v2\/media?parent=55413"}],"curies":[{"name":"wp","href":"https:\/\/api.w.org\/{rel}","templated":true}]}}