{"id":76577,"date":"2024-02-05T13:42:42","date_gmt":"2024-02-05T13:42:42","guid":{"rendered":"https:\/\/stopcarcinogensatwork.eu\/o-planu-rada-za-karcinogene-tvari\/"},"modified":"2025-11-27T13:57:48","modified_gmt":"2025-11-27T13:57:48","slug":"o-planu-rada-za-karcinogene-tvari","status":"publish","type":"page","link":"https:\/\/stopcarcinogensatwork.eu\/hr\/general\/o-planu-rada-za-karcinogene-tvari\/","title":{"rendered":"O planu rada za karcinogene tvari"},"content":{"rendered":"<blockquote><p>Ova web stranica je inicijativa iz programa Putokaz za karcinogene: Europski dobrovoljni akcijski program za borbu protiv raka povezanog s radom. Sljede\u0107i partneri ( <a href=\"https:\/\/stopcarcinogensatwork.eu\/hr\/pokretanje-plana-za-karcinogene-3-0\/\">obvezali su se<\/a> ) biti aktivni i preuzimaju vodstvo u ovom programu za sprje\u010davanje izlo\u017eenosti karcinogenima na radnom mjestu: <\/p>\n<p><img fetchpriority=\"high\" decoding=\"async\" class=\"alignnone size-full wp-image-92758\" src=\"https:\/\/stopcarcinogensatwork.eu\/wp-content\/uploads\/2025\/11\/partners.jpg\" alt=\"\" width=\"2560\" height=\"967\" srcset=\"https:\/\/stopcarcinogensatwork.eu\/wp-content\/uploads\/2025\/11\/partners.jpg 2560w, https:\/\/stopcarcinogensatwork.eu\/wp-content\/uploads\/2025\/11\/partners-300x113.jpg 300w, https:\/\/stopcarcinogensatwork.eu\/wp-content\/uploads\/2025\/11\/partners-768x290.jpg 768w, https:\/\/stopcarcinogensatwork.eu\/wp-content\/uploads\/2025\/11\/partners-1536x580.jpg 1536w, https:\/\/stopcarcinogensatwork.eu\/wp-content\/uploads\/2025\/11\/partners-2048x774.jpg 2048w\" sizes=\"(max-width: 2560px) 100vw, 2560px\" \/><\/p><\/blockquote>\n<ul>\n<li><a href=\"https:\/\/www.bma.gv.at\/en.html\" target=\"_blank\" rel=\"noopener\">Austrija: Savezno ministarstvo rada, socijalnih poslova, zdravstva, skrbi i za\u0161tite potro\u0161a\u010da<\/a><\/li>\n<li><a href=\"https:\/\/employment.belgium.be\/en\/themes\" target=\"_blank\" rel=\"noopener\">Belgija: Savezna javna slu\u017eba Zapo\u0161ljavanje, rad i socijalni dijalog<\/a><\/li>\n<li><a href=\"https:\/\/stm.fi\/en\/frontpage\" target=\"_blank\" rel=\"noopener\">Finska: Ministarstvo socijalnih poslova i zdravstva<\/a><\/li>\n<li><a href=\"https:\/\/travail-emploi.gouv.fr\/\" target=\"_blank\" rel=\"noopener\">Francuska: Ministarstvo rada, zdravstva i solidarnosti<\/a><\/li>\n<li><a href=\"https:\/\/www.bmas.de\/EN\/Home\/home.html\" target=\"_blank\" rel=\"noopener\">Njema\u010dka: Savezno ministarstvo rada i socijalnih poslova<\/a><\/li>\n<li><a href=\"http:\/\/hsa.ie\/\" target=\"_blank\" rel=\"noopener\">Irska: Uprava za zdravlje i sigurnost<\/a><\/li>\n<li><a href=\"https:\/\/www.government.nl\/ministries\/ministry-of-social-affairs-and-employment\" target=\"_blank\" rel=\"noopener\">Nizozemska: Ministarstvo socijalnih poslova i zapo\u0161ljavanja<\/a><\/li>\n<li><a href=\"https:\/\/stami.no\/en\/\" target=\"_blank\" rel=\"noopener\">Norve\u0161ka: Norve\u0161ki nacionalni institut za medicinu rada (STAMI)<\/a><\/li>\n<li><a href=\"https:\/\/portal.act.gov.pt\/Pages\/Home.aspx\" target=\"_blank\" rel=\"noopener\">Portugal: Tijelo za radne uvjete<\/a><\/li>\n<li><a href=\"https:\/\/www.gov.si\/en\/state-authorities\/ministries\/ministry-of-labour-family-social-affairs-and-equal-opportunities\/\" target=\"_blank\" rel=\"noopener\">Slovenija: Ministarstvo rada, obiteljskih, socijalnih poslova i jednakih mogu\u0107nosti<\/a><\/li>\n<li><a href=\"https:\/\/www.mites.gob.es\/en\/\" target=\"_blank\" rel=\"noopener\">\u0160panjolska: \u0160panjolsko ministarstvo rada i socijalnog gospodarstva<\/a><\/li>\n<li><a href=\"https:\/\/www.businesseurope.eu\/\" target=\"_blank\" rel=\"noopener\">BusinessEurope (europski poslodavci)<\/a><\/li>\n<li><a href=\"https:\/\/www.etuc.org\/\" target=\"_blank\" rel=\"noopener\">Europska konfederacija sindikata \u2013 ETUC (europski radnici)<\/a><\/li>\n<li><a href=\"https:\/\/osha.europa.eu\/en\/themes\/dangerous-substances\/roadmap-to-carcinogens\" target=\"_blank\" rel=\"noopener\">Europska agencija za sigurnost i zdravlje na radu \u2013 EU-OSHA<\/a><\/li>\n<li><a href=\"https:\/\/echa.europa.eu\/\" target=\"_blank\" rel=\"noopener\">Europska agencija za kemikalije \u2013 ECHA<\/a><\/li>\n<li><a href=\"https:\/\/ec.europa.eu\/info\/departments\/employment-social-affairs-and-inclusion_en\" target=\"_blank\" rel=\"noopener\">Europska komisija<\/a><\/li>\n<\/ul>\n<p>&nbsp;<\/p>\n<p>Osim toga, mnogi prijatelji (tvrtke i organizacije) ve\u0107 podr\u017eavaju Plan za borbu protiv karcinogena dijeljenjem na\u0161e poruke. Postanite prijatelj <a href=\"https:\/\/laposta.nl\/f\/ss69p5fpqabo\" target=\"_blank\" rel=\"noopener\">prijavom na newsletter<\/a> . <\/p>\n<h2>Va\u017enost na\u0161eg putovanja<\/h2>\n<p>Svake godine oko 120 000 ljudi u EU oboli od raka zbog izlo\u017eenosti kancerogenim tvarima na radu. Otprilike 100 000 ljudi umre zbog raka povezanog s radom. Va\u017eno je shvatiti da to nije potrebno! To dolazi od na\u010dina na koji radimo, od izbora koje donosimo. Dakle, dobra je vijest da mo\u017eemo ne\u0161to u\u010diniti po tom pitanju. Prevencija je ovdje klju\u010dna rije\u010d, osiguravanje da nismo izlo\u017eeni kancerogenima.     <\/p>\n<p>Plan rada za karcinogene tvari ima za cilj pomo\u0107i europskim poduze\u0107ima i radnicima da poduzmu sljede\u0107e mjere:<\/p>\n<ul>\n<li><strong>Podizanje svijesti:<\/strong> informiranje poduze\u0107a i radnika o rizicima izlo\u017eenosti kancerogenim tvarima i potrebi za preventivnim djelovanjem te predstavljanje \u010dinjenica.<\/li>\n<li><strong>Pru\u017eanje pomo\u0107i:<\/strong> ponuda rje\u0161enja i alata za tvrtke i radnike kako bi se izbjegla izlo\u017eenost karcinogenima na radnom mjestu i smanjio njezin utjecaj na radnu snagu.<\/li>\n<\/ul>\n<h2>Trenutni planovi puta predvi\u0111aju aktivnosti do kraja 2027. godine.<\/h2>\n<p>Tijekom druge faze Plana od 2020. do 2024. godine, izvr\u0161ili smo 12 izazova. Rezultati su ili \u0107e biti integrirani na web stranicu.   <strong><a href=\"https:\/\/stopcarcinogensatwork.eu\/hr\/general\/o-planu-rada-za-karcinogene-tvari\/izazovi\/\">Vi\u0161e informacija o ovim projektima mo\u017eete prona\u0107i ovdje.<\/a><\/strong><\/p>\n<p>Sada <a href=\"https:\/\/stopcarcinogensatwork.eu\/wp-content\/uploads\/2025\/05\/RoC3.0_Strategy_final.pdf\">ovdje mo\u017eete pogledati i na\u0161u novu strategiju za RoC3.0 za razdoblje 2025.-2027.<\/a><\/p>\n<h2>Za na\u0161u web stranicu koristimo alat za prevo\u0111enje pokretan umjetnom inteligencijom<\/h2>\n<p>Za na\u0161u web stranicu koristimo alat za prevo\u0111enje pokretan umjetnom inteligencijom, a izvorni govornici pregledavaju i ispravljaju sve neto\u010dnosti. Ovaj pristup osigurava i u\u010dinkovitost i kvalitetu, jer se sustav umjetne inteligencije kontinuirano pobolj\u0161ava tijekom vremena. Vjerujemo da ova metoda nudi naju\u010dinkovitiji i najisplativiji na\u010din da na\u0161a web stranica bude dostupna na vi\u0161e jezika, poma\u017eu\u0107i nam da dosegnemo \u0161iru publiku pojedinaca i organizacija. Ako imate bilo kakve povratne informacije ili prijedloge u vezi s na\u0161im procesom prevo\u0111enja, voljeli bismo \u010duti od vas. Podijelite svoje mi\u0161ljenje s nama putem e-po\u0161te.    <\/p>\n<h2>Pitanja i primjedbe<\/h2>\n<p>Za dodatne informacije ili ako imate bilo kakvih pitanja, kontaktirajte nas na:  <a href=\"mailto:info@stopcarcinogensatwork.eu\">info@stopcarcinogensatwork.eu<\/a><\/p>\n<p>&nbsp;<\/p>\n","protected":false},"excerpt":{"rendered":"<p>Ova web stranica je inicijativa iz programa Putokaz za karcinogene: Europski dobrovoljni akcijski program za borbu protiv raka povezanog s radom. Sljede\u0107i partneri ( obvezali su se ) biti aktivni i preuzimaju vodstvo u ovom programu za sprje\u010davanje izlo\u017eenosti karcinogenima na radnom mjestu: Austrija: Savezno ministarstvo rada, socijalnih poslova, zdravstva, skrbi i za\u0161tite potro\u0161a\u010da Belgija: [&hellip;]<\/p>\n","protected":false},"author":1,"featured_media":0,"parent":83770,"menu_order":0,"comment_status":"closed","ping_status":"closed","template":"","meta":{"inline_featured_image":false,"footnotes":""},"class_list":["post-76577","page","type-page","status-publish","hentry"],"yoast_head":"<!-- This site is optimized with the Yoast SEO Premium plugin v27.0 (Yoast SEO v27.4) - https:\/\/yoast.com\/product\/yoast-seo-premium-wordpress\/ -->\n<title>O planu rada za karcinogene tvari - STOP carcinogens at work<\/title>\n<meta name=\"description\" content=\"Ova web stranica je dobrovoljni akcijski program EU-a za sprje\u010davanje izlo\u017eenosti radnika karcinogenima na radnom mjestu.\" \/>\n<meta name=\"robots\" content=\"index, follow, max-snippet:-1, max-image-preview:large, max-video-preview:-1\" \/>\n<link rel=\"canonical\" href=\"https:\/\/stopcarcinogensatwork.eu\/hr\/general\/o-planu-rada-za-karcinogene-tvari\/\" \/>\n<meta property=\"og:locale\" content=\"hr_HR\" \/>\n<meta property=\"og:type\" content=\"article\" \/>\n<meta property=\"og:title\" content=\"O planu rada za karcinogene tvari\" \/>\n<meta property=\"og:description\" content=\"Ova web stranica je dobrovoljni akcijski program EU-a za sprje\u010davanje izlo\u017eenosti radnika karcinogenima na radnom mjestu.\" \/>\n<meta property=\"og:url\" content=\"https:\/\/stopcarcinogensatwork.eu\/hr\/general\/o-planu-rada-za-karcinogene-tvari\/\" \/>\n<meta property=\"og:site_name\" content=\"STOP carcinogens at work\" \/>\n<meta property=\"article:modified_time\" content=\"2025-11-27T13:57:48+00:00\" \/>\n<meta property=\"og:image\" content=\"https:\/\/stopcarcinogensatwork.eu\/wp-content\/uploads\/2025\/11\/partners.jpg\" \/>\n\t<meta property=\"og:image:width\" content=\"2560\" \/>\n\t<meta property=\"og:image:height\" content=\"967\" \/>\n\t<meta property=\"og:image:type\" content=\"image\/jpeg\" \/>\n<meta name=\"twitter:card\" content=\"summary_large_image\" \/>\n<meta name=\"twitter:label1\" content=\"Procijenjeno vrijeme \u010ditanja\" \/>\n\t<meta name=\"twitter:data1\" content=\"3 minute\" \/>\n<script type=\"application\/ld+json\" class=\"yoast-schema-graph\">{\"@context\":\"https:\\\/\\\/schema.org\",\"@graph\":[{\"@type\":\"WebPage\",\"@id\":\"https:\\\/\\\/stopcarcinogensatwork.eu\\\/hr\\\/general\\\/o-planu-rada-za-karcinogene-tvari\\\/\",\"url\":\"https:\\\/\\\/stopcarcinogensatwork.eu\\\/hr\\\/general\\\/o-planu-rada-za-karcinogene-tvari\\\/\",\"name\":\"O planu rada za karcinogene tvari - STOP carcinogens at work\",\"isPartOf\":{\"@id\":\"https:\\\/\\\/stopcarcinogensatwork.eu\\\/hr\\\/#website\"},\"primaryImageOfPage\":{\"@id\":\"https:\\\/\\\/stopcarcinogensatwork.eu\\\/hr\\\/general\\\/o-planu-rada-za-karcinogene-tvari\\\/#primaryimage\"},\"image\":{\"@id\":\"https:\\\/\\\/stopcarcinogensatwork.eu\\\/hr\\\/general\\\/o-planu-rada-za-karcinogene-tvari\\\/#primaryimage\"},\"thumbnailUrl\":\"https:\\\/\\\/stopcarcinogensatwork.eu\\\/wp-content\\\/uploads\\\/2025\\\/11\\\/partners.jpg\",\"datePublished\":\"2024-02-05T13:42:42+00:00\",\"dateModified\":\"2025-11-27T13:57:48+00:00\",\"description\":\"Ova web stranica je dobrovoljni akcijski program EU-a za sprje\u010davanje izlo\u017eenosti radnika karcinogenima na radnom mjestu.\",\"breadcrumb\":{\"@id\":\"https:\\\/\\\/stopcarcinogensatwork.eu\\\/hr\\\/general\\\/o-planu-rada-za-karcinogene-tvari\\\/#breadcrumb\"},\"inLanguage\":\"hr\",\"potentialAction\":[{\"@type\":\"ReadAction\",\"target\":[\"https:\\\/\\\/stopcarcinogensatwork.eu\\\/hr\\\/general\\\/o-planu-rada-za-karcinogene-tvari\\\/\"]}]},{\"@type\":\"ImageObject\",\"inLanguage\":\"hr\",\"@id\":\"https:\\\/\\\/stopcarcinogensatwork.eu\\\/hr\\\/general\\\/o-planu-rada-za-karcinogene-tvari\\\/#primaryimage\",\"url\":\"https:\\\/\\\/stopcarcinogensatwork.eu\\\/wp-content\\\/uploads\\\/2025\\\/11\\\/partners.jpg\",\"contentUrl\":\"https:\\\/\\\/stopcarcinogensatwork.eu\\\/wp-content\\\/uploads\\\/2025\\\/11\\\/partners.jpg\"},{\"@type\":\"BreadcrumbList\",\"@id\":\"https:\\\/\\\/stopcarcinogensatwork.eu\\\/hr\\\/general\\\/o-planu-rada-za-karcinogene-tvari\\\/#breadcrumb\",\"itemListElement\":[{\"@type\":\"ListItem\",\"position\":1,\"name\":\"Home\",\"item\":\"https:\\\/\\\/stopcarcinogensatwork.eu\\\/hr\\\/stop-karcinogenima-na-poslu\\\/\"},{\"@type\":\"ListItem\",\"position\":2,\"name\":\"General\",\"item\":\"https:\\\/\\\/stopcarcinogensatwork.eu\\\/hr\\\/general\\\/\"},{\"@type\":\"ListItem\",\"position\":3,\"name\":\"O planu rada za karcinogene tvari\"}]},{\"@type\":\"WebSite\",\"@id\":\"https:\\\/\\\/stopcarcinogensatwork.eu\\\/hr\\\/#website\",\"url\":\"https:\\\/\\\/stopcarcinogensatwork.eu\\\/hr\\\/\",\"name\":\"STOP Carcinogens at work\",\"description\":\"Every year, about 100.000 people die from cancer that was caused by exposure to carcinogens at work in Europe.\",\"publisher\":{\"@id\":\"https:\\\/\\\/stopcarcinogensatwork.eu\\\/hr\\\/#organization\"},\"alternateName\":\"Roadmap on Carcinogens\",\"potentialAction\":[{\"@type\":\"SearchAction\",\"target\":{\"@type\":\"EntryPoint\",\"urlTemplate\":\"https:\\\/\\\/stopcarcinogensatwork.eu\\\/hr\\\/?s={search_term_string}\"},\"query-input\":{\"@type\":\"PropertyValueSpecification\",\"valueRequired\":true,\"valueName\":\"search_term_string\"}}],\"inLanguage\":\"hr\"},{\"@type\":\"Organization\",\"@id\":\"https:\\\/\\\/stopcarcinogensatwork.eu\\\/hr\\\/#organization\",\"name\":\"TNO\",\"alternateName\":\"This is a European wide voluntary action scheme\",\"url\":\"https:\\\/\\\/stopcarcinogensatwork.eu\\\/hr\\\/\",\"logo\":{\"@type\":\"ImageObject\",\"inLanguage\":\"hr\",\"@id\":\"https:\\\/\\\/stopcarcinogensatwork.eu\\\/hr\\\/#\\\/schema\\\/logo\\\/image\\\/\",\"url\":\"https:\\\/\\\/stopcarcinogensatwork.eu\\\/wp-content\\\/uploads\\\/2024\\\/08\\\/cropped-FavLarge-1.png\",\"contentUrl\":\"https:\\\/\\\/stopcarcinogensatwork.eu\\\/wp-content\\\/uploads\\\/2024\\\/08\\\/cropped-FavLarge-1.png\",\"width\":512,\"height\":512,\"caption\":\"TNO\"},\"image\":{\"@id\":\"https:\\\/\\\/stopcarcinogensatwork.eu\\\/hr\\\/#\\\/schema\\\/logo\\\/image\\\/\"},\"publishingPrinciples\":\"https:\\\/\\\/stopcarcinogensatwork.eu\\\/homepage\\\/legal\\\/\",\"ownershipFundingInfo\":\"https:\\\/\\\/stopcarcinogensatwork.eu\\\/general\\\/about-us\\\/\"}]}<\/script>\n<!-- \/ Yoast SEO Premium plugin. -->","yoast_head_json":{"title":"O planu rada za karcinogene tvari - STOP carcinogens at work","description":"Ova web stranica je dobrovoljni akcijski program EU-a za sprje\u010davanje izlo\u017eenosti radnika karcinogenima na radnom mjestu.","robots":{"index":"index","follow":"follow","max-snippet":"max-snippet:-1","max-image-preview":"max-image-preview:large","max-video-preview":"max-video-preview:-1"},"canonical":"https:\/\/stopcarcinogensatwork.eu\/hr\/general\/o-planu-rada-za-karcinogene-tvari\/","og_locale":"hr_HR","og_type":"article","og_title":"O planu rada za karcinogene tvari","og_description":"Ova web stranica je dobrovoljni akcijski program EU-a za sprje\u010davanje izlo\u017eenosti radnika karcinogenima na radnom mjestu.","og_url":"https:\/\/stopcarcinogensatwork.eu\/hr\/general\/o-planu-rada-za-karcinogene-tvari\/","og_site_name":"STOP carcinogens at work","article_modified_time":"2025-11-27T13:57:48+00:00","og_image":[{"width":2560,"height":967,"url":"https:\/\/stopcarcinogensatwork.eu\/wp-content\/uploads\/2025\/11\/partners.jpg","type":"image\/jpeg"}],"twitter_card":"summary_large_image","twitter_misc":{"Procijenjeno vrijeme \u010ditanja":"3 minute"},"schema":{"@context":"https:\/\/schema.org","@graph":[{"@type":"WebPage","@id":"https:\/\/stopcarcinogensatwork.eu\/hr\/general\/o-planu-rada-za-karcinogene-tvari\/","url":"https:\/\/stopcarcinogensatwork.eu\/hr\/general\/o-planu-rada-za-karcinogene-tvari\/","name":"O planu rada za karcinogene tvari - STOP carcinogens at work","isPartOf":{"@id":"https:\/\/stopcarcinogensatwork.eu\/hr\/#website"},"primaryImageOfPage":{"@id":"https:\/\/stopcarcinogensatwork.eu\/hr\/general\/o-planu-rada-za-karcinogene-tvari\/#primaryimage"},"image":{"@id":"https:\/\/stopcarcinogensatwork.eu\/hr\/general\/o-planu-rada-za-karcinogene-tvari\/#primaryimage"},"thumbnailUrl":"https:\/\/stopcarcinogensatwork.eu\/wp-content\/uploads\/2025\/11\/partners.jpg","datePublished":"2024-02-05T13:42:42+00:00","dateModified":"2025-11-27T13:57:48+00:00","description":"Ova web stranica je dobrovoljni akcijski program EU-a za sprje\u010davanje izlo\u017eenosti radnika karcinogenima na radnom mjestu.","breadcrumb":{"@id":"https:\/\/stopcarcinogensatwork.eu\/hr\/general\/o-planu-rada-za-karcinogene-tvari\/#breadcrumb"},"inLanguage":"hr","potentialAction":[{"@type":"ReadAction","target":["https:\/\/stopcarcinogensatwork.eu\/hr\/general\/o-planu-rada-za-karcinogene-tvari\/"]}]},{"@type":"ImageObject","inLanguage":"hr","@id":"https:\/\/stopcarcinogensatwork.eu\/hr\/general\/o-planu-rada-za-karcinogene-tvari\/#primaryimage","url":"https:\/\/stopcarcinogensatwork.eu\/wp-content\/uploads\/2025\/11\/partners.jpg","contentUrl":"https:\/\/stopcarcinogensatwork.eu\/wp-content\/uploads\/2025\/11\/partners.jpg"},{"@type":"BreadcrumbList","@id":"https:\/\/stopcarcinogensatwork.eu\/hr\/general\/o-planu-rada-za-karcinogene-tvari\/#breadcrumb","itemListElement":[{"@type":"ListItem","position":1,"name":"Home","item":"https:\/\/stopcarcinogensatwork.eu\/hr\/stop-karcinogenima-na-poslu\/"},{"@type":"ListItem","position":2,"name":"General","item":"https:\/\/stopcarcinogensatwork.eu\/hr\/general\/"},{"@type":"ListItem","position":3,"name":"O planu rada za karcinogene tvari"}]},{"@type":"WebSite","@id":"https:\/\/stopcarcinogensatwork.eu\/hr\/#website","url":"https:\/\/stopcarcinogensatwork.eu\/hr\/","name":"STOP Carcinogens at work","description":"Every year, about 100.000 people die from cancer that was caused by exposure to carcinogens at work in Europe.","publisher":{"@id":"https:\/\/stopcarcinogensatwork.eu\/hr\/#organization"},"alternateName":"Roadmap on Carcinogens","potentialAction":[{"@type":"SearchAction","target":{"@type":"EntryPoint","urlTemplate":"https:\/\/stopcarcinogensatwork.eu\/hr\/?s={search_term_string}"},"query-input":{"@type":"PropertyValueSpecification","valueRequired":true,"valueName":"search_term_string"}}],"inLanguage":"hr"},{"@type":"Organization","@id":"https:\/\/stopcarcinogensatwork.eu\/hr\/#organization","name":"TNO","alternateName":"This is a European wide voluntary action scheme","url":"https:\/\/stopcarcinogensatwork.eu\/hr\/","logo":{"@type":"ImageObject","inLanguage":"hr","@id":"https:\/\/stopcarcinogensatwork.eu\/hr\/#\/schema\/logo\/image\/","url":"https:\/\/stopcarcinogensatwork.eu\/wp-content\/uploads\/2024\/08\/cropped-FavLarge-1.png","contentUrl":"https:\/\/stopcarcinogensatwork.eu\/wp-content\/uploads\/2024\/08\/cropped-FavLarge-1.png","width":512,"height":512,"caption":"TNO"},"image":{"@id":"https:\/\/stopcarcinogensatwork.eu\/hr\/#\/schema\/logo\/image\/"},"publishingPrinciples":"https:\/\/stopcarcinogensatwork.eu\/homepage\/legal\/","ownershipFundingInfo":"https:\/\/stopcarcinogensatwork.eu\/general\/about-us\/"}]}},"_links":{"self":[{"href":"https:\/\/stopcarcinogensatwork.eu\/hr\/wp-json\/wp\/v2\/pages\/76577","targetHints":{"allow":["GET"]}}],"collection":[{"href":"https:\/\/stopcarcinogensatwork.eu\/hr\/wp-json\/wp\/v2\/pages"}],"about":[{"href":"https:\/\/stopcarcinogensatwork.eu\/hr\/wp-json\/wp\/v2\/types\/page"}],"author":[{"embeddable":true,"href":"https:\/\/stopcarcinogensatwork.eu\/hr\/wp-json\/wp\/v2\/users\/1"}],"replies":[{"embeddable":true,"href":"https:\/\/stopcarcinogensatwork.eu\/hr\/wp-json\/wp\/v2\/comments?post=76577"}],"version-history":[{"count":0,"href":"https:\/\/stopcarcinogensatwork.eu\/hr\/wp-json\/wp\/v2\/pages\/76577\/revisions"}],"up":[{"embeddable":true,"href":"https:\/\/stopcarcinogensatwork.eu\/hr\/wp-json\/wp\/v2\/pages\/83770"}],"wp:attachment":[{"href":"https:\/\/stopcarcinogensatwork.eu\/hr\/wp-json\/wp\/v2\/media?parent=76577"}],"curies":[{"name":"wp","href":"https:\/\/api.w.org\/{rel}","templated":true}]}}