{"id":78456,"date":"2024-02-27T15:15:29","date_gmt":"2024-02-27T15:15:29","guid":{"rendered":"https:\/\/stopcarcinogensatwork.eu\/suradujte-s-nama\/"},"modified":"2025-12-10T11:53:35","modified_gmt":"2025-12-10T11:53:35","slug":"suradujte-s-nama","status":"publish","type":"page","link":"https:\/\/stopcarcinogensatwork.eu\/hr\/general\/suradujte-s-nama\/","title":{"rendered":"Sura\u0111ujte s nama"},"content":{"rendered":"\t\t<div data-elementor-type=\"wp-page\" data-elementor-id=\"78456\" class=\"elementor elementor-78456 elementor-7358\" data-elementor-post-type=\"page\">\n\t\t\t\t<div class=\"elementor-element elementor-element-4bc4f45a e-flex e-con-boxed e-con e-parent\" data-id=\"4bc4f45a\" data-element_type=\"container\" data-e-type=\"container\">\n\t\t\t\t\t<div class=\"e-con-inner\">\n\t\t\t\t<div class=\"elementor-element elementor-element-656752e2 elementor-widget elementor-widget-text-editor\" data-id=\"656752e2\" data-element_type=\"widget\" data-e-type=\"widget\" data-widget_type=\"text-editor.default\">\n\t\t\t\t\t\t\t\t\t<h2>Sura\u0111ujmo kako bismo radna mjesta u\u010dinili sigurnijima \u2013 kroz znanje, praksu i obrazovanje<\/h2><blockquote><p>Svake godine deseci tisu\u0107a ljudi diljem Europe umiru od bolesti uzrokovanih njihovim poslom. U mnogim slu\u010dajevima krivac je rak &#8211; uzrokovan izlo\u017eeno\u0161\u0107u kancerogenim tvarima na radnom mjestu. Ti su rizici \u010desto nevidljivi, ali nisu neizbje\u017eni. Da bismo to promijenili, potrebni smo jedni drugima.   <\/p><p>Osim poslodavaca i radnika, pozivamo \u0161iru mre\u017eu stru\u010dnjaka da nam se pridru\u017ee: <strong><a href=\"#inspectorate\">inspektorate rada<\/a> , <a href=\"#research\">istra\u017eiva\u010de<\/a> , sindikate, stru\u010dne organizacije, <a href=\"#educational\">obrazovne institucije i trenere<\/a> .<\/strong> Zajedni\u010dkim radom \u010dinimo znanje vidljivim, razvijamo nove alate i u\u010dimo iz me\u0111usobnih praksi.<\/p><\/blockquote>\t\t\t\t\t\t\t\t<\/div>\n\t\t\t\t\t<\/div>\n\t\t\t\t<\/div>\n\t\t<div class=\"elementor-element elementor-element-01c544b e-flex e-con-boxed e-con e-parent\" data-id=\"01c544b\" data-element_type=\"container\" data-e-type=\"container\" id=\"inspectorate\">\n\t\t\t\t\t<div class=\"e-con-inner\">\n\t\t\t\t<div class=\"elementor-element elementor-element-c2c232c elementor-widget elementor-widget-text-editor\" data-id=\"c2c232c\" data-element_type=\"widget\" data-e-type=\"widget\" data-widget_type=\"text-editor.default\">\n\t\t\t\t\t\t\t\t\t<h3>Inspektorati<\/h3><p>Inspektori rada imaju bogato iskustvo iz stvarnog svijeta. Dijeljenjem slu\u010dajeva inspekcije mo\u017eemo pomo\u0107i drugim inspektorima da u\u010de iz prakse i pomo\u0107i tvrtkama da shvate \u0161to funkcionira, a \u0161to ne. Pozivamo inspekcije rada da:  <\/p><p>\u2022 Podijelite slu\u010dajeve inspekcije koji pokazuju procjenu rizika i kontrolne mjere<br> \u2022 Podr\u017eavati me\u0111usobno u\u010denje me\u0111u inspektoratima u Europi<br> \u2022 Pomo\u0107i tvrtkama da steknu uvid u proces inspekcije<\/p><p><strong>\u017delite li doprinijeti? <a href=\"https:\/\/stopcarcinogensatwork.eu\/register\/\">Zatra\u017eite ra\u010dun<\/a> putem na\u0161e stranice za registraciju inspektorata.<\/strong> Ve\u0107 imate ra\u010dun? <a href=\"https:\/\/stopcarcinogensatwork.eu\/hr\/prijava\/\">Prijavite se ovdje.<\/a><br> \u017delite li pregledati objavljene slu\u010dajeve inspekcije? <a href=\"https:\/\/stopcarcinogensatwork.eu\/hr\/pregledi-pretrazivanja\/\">Kliknite ovdje<\/a><\/p>\t\t\t\t\t\t\t\t<\/div>\n\t\t\t\t\t<\/div>\n\t\t\t\t<\/div>\n\t\t<div class=\"elementor-element elementor-element-06edf1b e-flex e-con-boxed e-con e-parent\" data-id=\"06edf1b\" data-element_type=\"container\" data-e-type=\"container\" id=\"research\">\n\t\t\t\t\t<div class=\"e-con-inner\">\n\t\t\t\t<div class=\"elementor-element elementor-element-cfc6497 elementor-widget elementor-widget-text-editor\" data-id=\"cfc6497\" data-element_type=\"widget\" data-e-type=\"widget\" data-widget_type=\"text-editor.default\">\n\t\t\t\t\t\t\t\t\t<h3>Za istra\u017eiva\u010dke i znanstvene institucije<\/h3><p>Istra\u017eivanje, tehni\u010dka stru\u010dnost i praksa utemeljena na dokazima klju\u010dni su za smanjenje izlo\u017eenosti karcinogenima na radnom mjestu. Pozivamo institucije da: <\/p><ul><li>Podijelite dobre prakse: primjeri uspje\u0161ne zamjene ili kontrole iz stvarnog \u017eivota<\/li><li>Razvoj ili pobolj\u0161anje Kontrolnih smjernica (CGS): detaljne upute za upravljanje izlo\u017eeno\u0161\u0107u<\/li><li>Podr\u017eite svijest i politiku znanstvenim uvidima, podacima i obrazovnim alatima<\/li><\/ul><p>Zajedno gradimo zajedni\u010dku bazu znanja koju drugi mogu koristiti za pobolj\u0161anje vlastitih strategija. <strong><a href=\"https:\/\/stopcarcinogensatwork.eu\/institute-for-cgs\/\">Zatra\u017eite ra\u010dun<\/a> putem na\u0161e stranice za registraciju.<\/strong><\/p>\t\t\t\t\t\t\t\t<\/div>\n\t\t\t\t\t<\/div>\n\t\t\t\t<\/div>\n\t\t<div class=\"elementor-element elementor-element-8326d9a e-flex e-con-boxed e-con e-parent\" data-id=\"8326d9a\" data-element_type=\"container\" data-e-type=\"container\" id=\"educational\">\n\t\t\t\t\t<div class=\"e-con-inner\">\n\t\t\t\t<div class=\"elementor-element elementor-element-b40aa3d elementor-widget elementor-widget-text-editor\" data-id=\"b40aa3d\" data-element_type=\"widget\" data-e-type=\"widget\" data-widget_type=\"text-editor.default\">\n\t\t\t\t\t\t\t\t\t<h3>Za obrazovne ustanove i trenere<\/h3><p>Od strukovnog obrazovanja do sveu\u010dili\u0161ta: dana\u0161nji studenti su sutra\u0161nja radna snaga. Rano obrazovanje o karcinogenima poma\u017ee u stvaranju dugoro\u010dne svijesti i zdravijih izbora. Pozivamo edukatore i trenere da:  <\/p><ul><li>Podijelite nastavne materijale ili projekte osvje\u0161\u0107ivanja za kori\u0161tenje u \u0161kolama, fakultetima ili centrima za obuku<\/li><li>Zajedni\u010dki stvarati obrazovni sadr\u017eaj prilago\u0111en razli\u010ditim dobnim skupinama i sektorima<\/li><li>Potaknite u\u010denike da prepoznaju i smanje rizike na budu\u0107im radnim mjestima<\/li><\/ul><p><a href=\"https:\/\/stopcarcinogensatwork.eu\/general\/educational-institutions-and-trainers\/\">Molimo vas da posjetite na\u0161 obrazovni odjeljak na na\u0161oj web stranici.<\/a><\/p>\t\t\t\t\t\t\t\t<\/div>\n\t\t\t\t\t<\/div>\n\t\t\t\t<\/div>\n\t\t\t\t<\/div>\n\t\t","protected":false},"excerpt":{"rendered":"<p>Sura\u0111ujmo kako bismo radna mjesta u\u010dinili sigurnijima \u2013 kroz znanje, praksu i obrazovanje Svake godine deseci tisu\u0107a ljudi diljem Europe umiru od bolesti uzrokovanih njihovim poslom. U mnogim slu\u010dajevima krivac je rak &#8211; uzrokovan izlo\u017eeno\u0161\u0107u kancerogenim tvarima na radnom mjestu. Ti su rizici \u010desto nevidljivi, ali nisu neizbje\u017eni. Da bismo to promijenili, potrebni smo jedni [&hellip;]<\/p>\n","protected":false},"author":1,"featured_media":0,"parent":83770,"menu_order":0,"comment_status":"closed","ping_status":"closed","template":"","meta":{"inline_featured_image":false,"footnotes":""},"class_list":["post-78456","page","type-page","status-publish","hentry"],"yoast_head":"<!-- This site is optimized with the Yoast SEO Premium plugin v27.0 (Yoast SEO v27.4) - https:\/\/yoast.com\/product\/yoast-seo-premium-wordpress\/ -->\n<title>Sura\u0111ujte s nama - STOP carcinogens at work<\/title>\n<meta name=\"description\" content=\"Every year, more than 100.000 people die in the EU from cancer caused by carcinogens at work. This must STOP!\" \/>\n<meta name=\"robots\" content=\"noindex, nofollow\" \/>\n<meta property=\"og:locale\" content=\"hr_HR\" \/>\n<meta property=\"og:type\" content=\"article\" \/>\n<meta property=\"og:title\" content=\"Sura\u0111ujte s nama\" \/>\n<meta property=\"og:description\" content=\"Every year, more than 100.000 people die in the EU from cancer caused by carcinogens at work. This must STOP!\" \/>\n<meta property=\"og:url\" content=\"https:\/\/stopcarcinogensatwork.eu\/hr\/general\/suradujte-s-nama\/\" \/>\n<meta property=\"og:site_name\" content=\"STOP carcinogens at work\" \/>\n<meta property=\"article:modified_time\" content=\"2025-12-10T11:53:35+00:00\" \/>\n<meta name=\"twitter:card\" content=\"summary_large_image\" \/>\n<meta name=\"twitter:label1\" content=\"Procijenjeno vrijeme \u010ditanja\" \/>\n\t<meta name=\"twitter:data1\" content=\"2 minute\" \/>\n<script type=\"application\/ld+json\" class=\"yoast-schema-graph\">{\"@context\":\"https:\\\/\\\/schema.org\",\"@graph\":[{\"@type\":\"WebPage\",\"@id\":\"https:\\\/\\\/stopcarcinogensatwork.eu\\\/hr\\\/general\\\/suradujte-s-nama\\\/\",\"url\":\"https:\\\/\\\/stopcarcinogensatwork.eu\\\/hr\\\/general\\\/suradujte-s-nama\\\/\",\"name\":\"Sura\u0111ujte s nama - STOP carcinogens at work\",\"isPartOf\":{\"@id\":\"https:\\\/\\\/stopcarcinogensatwork.eu\\\/hr\\\/#website\"},\"datePublished\":\"2024-02-27T15:15:29+00:00\",\"dateModified\":\"2025-12-10T11:53:35+00:00\",\"description\":\"Every year, more than 100.000 people die in the EU from cancer caused by carcinogens at work. This must STOP!\",\"breadcrumb\":{\"@id\":\"https:\\\/\\\/stopcarcinogensatwork.eu\\\/hr\\\/general\\\/suradujte-s-nama\\\/#breadcrumb\"},\"inLanguage\":\"hr\",\"potentialAction\":[{\"@type\":\"ReadAction\",\"target\":[\"https:\\\/\\\/stopcarcinogensatwork.eu\\\/hr\\\/general\\\/suradujte-s-nama\\\/\"]}]},{\"@type\":\"BreadcrumbList\",\"@id\":\"https:\\\/\\\/stopcarcinogensatwork.eu\\\/hr\\\/general\\\/suradujte-s-nama\\\/#breadcrumb\",\"itemListElement\":[{\"@type\":\"ListItem\",\"position\":1,\"name\":\"Home\",\"item\":\"https:\\\/\\\/stopcarcinogensatwork.eu\\\/hr\\\/stop-karcinogenima-na-poslu\\\/\"},{\"@type\":\"ListItem\",\"position\":2,\"name\":\"General\",\"item\":\"https:\\\/\\\/stopcarcinogensatwork.eu\\\/hr\\\/general\\\/\"},{\"@type\":\"ListItem\",\"position\":3,\"name\":\"Sura\u0111ujte s nama\"}]},{\"@type\":\"WebSite\",\"@id\":\"https:\\\/\\\/stopcarcinogensatwork.eu\\\/hr\\\/#website\",\"url\":\"https:\\\/\\\/stopcarcinogensatwork.eu\\\/hr\\\/\",\"name\":\"STOP Carcinogens at work\",\"description\":\"Every year, about 100.000 people die from cancer that was caused by exposure to carcinogens at work in Europe.\",\"publisher\":{\"@id\":\"https:\\\/\\\/stopcarcinogensatwork.eu\\\/hr\\\/#organization\"},\"alternateName\":\"Roadmap on Carcinogens\",\"potentialAction\":[{\"@type\":\"SearchAction\",\"target\":{\"@type\":\"EntryPoint\",\"urlTemplate\":\"https:\\\/\\\/stopcarcinogensatwork.eu\\\/hr\\\/?s={search_term_string}\"},\"query-input\":{\"@type\":\"PropertyValueSpecification\",\"valueRequired\":true,\"valueName\":\"search_term_string\"}}],\"inLanguage\":\"hr\"},{\"@type\":\"Organization\",\"@id\":\"https:\\\/\\\/stopcarcinogensatwork.eu\\\/hr\\\/#organization\",\"name\":\"TNO\",\"alternateName\":\"This is a European wide voluntary action scheme\",\"url\":\"https:\\\/\\\/stopcarcinogensatwork.eu\\\/hr\\\/\",\"logo\":{\"@type\":\"ImageObject\",\"inLanguage\":\"hr\",\"@id\":\"https:\\\/\\\/stopcarcinogensatwork.eu\\\/hr\\\/#\\\/schema\\\/logo\\\/image\\\/\",\"url\":\"https:\\\/\\\/stopcarcinogensatwork.eu\\\/wp-content\\\/uploads\\\/2024\\\/08\\\/cropped-FavLarge-1.png\",\"contentUrl\":\"https:\\\/\\\/stopcarcinogensatwork.eu\\\/wp-content\\\/uploads\\\/2024\\\/08\\\/cropped-FavLarge-1.png\",\"width\":512,\"height\":512,\"caption\":\"TNO\"},\"image\":{\"@id\":\"https:\\\/\\\/stopcarcinogensatwork.eu\\\/hr\\\/#\\\/schema\\\/logo\\\/image\\\/\"},\"publishingPrinciples\":\"https:\\\/\\\/stopcarcinogensatwork.eu\\\/homepage\\\/legal\\\/\",\"ownershipFundingInfo\":\"https:\\\/\\\/stopcarcinogensatwork.eu\\\/general\\\/about-us\\\/\"}]}<\/script>\n<!-- \/ Yoast SEO Premium plugin. -->","yoast_head_json":{"title":"Sura\u0111ujte s nama - STOP carcinogens at work","description":"Every year, more than 100.000 people die in the EU from cancer caused by carcinogens at work. This must STOP!","robots":{"index":"noindex","follow":"nofollow"},"og_locale":"hr_HR","og_type":"article","og_title":"Sura\u0111ujte s nama","og_description":"Every year, more than 100.000 people die in the EU from cancer caused by carcinogens at work. This must STOP!","og_url":"https:\/\/stopcarcinogensatwork.eu\/hr\/general\/suradujte-s-nama\/","og_site_name":"STOP carcinogens at work","article_modified_time":"2025-12-10T11:53:35+00:00","twitter_card":"summary_large_image","twitter_misc":{"Procijenjeno vrijeme \u010ditanja":"2 minute"},"schema":{"@context":"https:\/\/schema.org","@graph":[{"@type":"WebPage","@id":"https:\/\/stopcarcinogensatwork.eu\/hr\/general\/suradujte-s-nama\/","url":"https:\/\/stopcarcinogensatwork.eu\/hr\/general\/suradujte-s-nama\/","name":"Sura\u0111ujte s nama - STOP carcinogens at work","isPartOf":{"@id":"https:\/\/stopcarcinogensatwork.eu\/hr\/#website"},"datePublished":"2024-02-27T15:15:29+00:00","dateModified":"2025-12-10T11:53:35+00:00","description":"Every year, more than 100.000 people die in the EU from cancer caused by carcinogens at work. This must STOP!","breadcrumb":{"@id":"https:\/\/stopcarcinogensatwork.eu\/hr\/general\/suradujte-s-nama\/#breadcrumb"},"inLanguage":"hr","potentialAction":[{"@type":"ReadAction","target":["https:\/\/stopcarcinogensatwork.eu\/hr\/general\/suradujte-s-nama\/"]}]},{"@type":"BreadcrumbList","@id":"https:\/\/stopcarcinogensatwork.eu\/hr\/general\/suradujte-s-nama\/#breadcrumb","itemListElement":[{"@type":"ListItem","position":1,"name":"Home","item":"https:\/\/stopcarcinogensatwork.eu\/hr\/stop-karcinogenima-na-poslu\/"},{"@type":"ListItem","position":2,"name":"General","item":"https:\/\/stopcarcinogensatwork.eu\/hr\/general\/"},{"@type":"ListItem","position":3,"name":"Sura\u0111ujte s nama"}]},{"@type":"WebSite","@id":"https:\/\/stopcarcinogensatwork.eu\/hr\/#website","url":"https:\/\/stopcarcinogensatwork.eu\/hr\/","name":"STOP Carcinogens at work","description":"Every year, about 100.000 people die from cancer that was caused by exposure to carcinogens at work in Europe.","publisher":{"@id":"https:\/\/stopcarcinogensatwork.eu\/hr\/#organization"},"alternateName":"Roadmap on Carcinogens","potentialAction":[{"@type":"SearchAction","target":{"@type":"EntryPoint","urlTemplate":"https:\/\/stopcarcinogensatwork.eu\/hr\/?s={search_term_string}"},"query-input":{"@type":"PropertyValueSpecification","valueRequired":true,"valueName":"search_term_string"}}],"inLanguage":"hr"},{"@type":"Organization","@id":"https:\/\/stopcarcinogensatwork.eu\/hr\/#organization","name":"TNO","alternateName":"This is a European wide voluntary action scheme","url":"https:\/\/stopcarcinogensatwork.eu\/hr\/","logo":{"@type":"ImageObject","inLanguage":"hr","@id":"https:\/\/stopcarcinogensatwork.eu\/hr\/#\/schema\/logo\/image\/","url":"https:\/\/stopcarcinogensatwork.eu\/wp-content\/uploads\/2024\/08\/cropped-FavLarge-1.png","contentUrl":"https:\/\/stopcarcinogensatwork.eu\/wp-content\/uploads\/2024\/08\/cropped-FavLarge-1.png","width":512,"height":512,"caption":"TNO"},"image":{"@id":"https:\/\/stopcarcinogensatwork.eu\/hr\/#\/schema\/logo\/image\/"},"publishingPrinciples":"https:\/\/stopcarcinogensatwork.eu\/homepage\/legal\/","ownershipFundingInfo":"https:\/\/stopcarcinogensatwork.eu\/general\/about-us\/"}]}},"_links":{"self":[{"href":"https:\/\/stopcarcinogensatwork.eu\/hr\/wp-json\/wp\/v2\/pages\/78456","targetHints":{"allow":["GET"]}}],"collection":[{"href":"https:\/\/stopcarcinogensatwork.eu\/hr\/wp-json\/wp\/v2\/pages"}],"about":[{"href":"https:\/\/stopcarcinogensatwork.eu\/hr\/wp-json\/wp\/v2\/types\/page"}],"author":[{"embeddable":true,"href":"https:\/\/stopcarcinogensatwork.eu\/hr\/wp-json\/wp\/v2\/users\/1"}],"replies":[{"embeddable":true,"href":"https:\/\/stopcarcinogensatwork.eu\/hr\/wp-json\/wp\/v2\/comments?post=78456"}],"version-history":[{"count":0,"href":"https:\/\/stopcarcinogensatwork.eu\/hr\/wp-json\/wp\/v2\/pages\/78456\/revisions"}],"up":[{"embeddable":true,"href":"https:\/\/stopcarcinogensatwork.eu\/hr\/wp-json\/wp\/v2\/pages\/83770"}],"wp:attachment":[{"href":"https:\/\/stopcarcinogensatwork.eu\/hr\/wp-json\/wp\/v2\/media?parent=78456"}],"curies":[{"name":"wp","href":"https:\/\/api.w.org\/{rel}","templated":true}]}}